{"id":10322,"date":"2015-09-02T09:21:37","date_gmt":"2015-09-02T07:21:37","guid":{"rendered":"http:\/\/elektrosystemy.pl\/?page_id=10322"},"modified":"2016-08-02T19:50:26","modified_gmt":"2016-08-02T17:50:26","slug":"sierpien-2015","status":"publish","type":"page","link":"https:\/\/elektrosystemy.pl\/?page_id=10322","title":{"rendered":"Sierpie\u0144 2015"},"content":{"rendered":"<p><span style=\"font-size: 12pt;\"><a href=\"http:\/\/elektrosystemy.pl\/wp-content\/uploads\/2020\/05\/28\/szkic-do-nowego-wydania\/ES_08_2015_spis.jpg\"><img loading=\"lazy\" class=\"alignnone wp-image-9973\" src=\"http:\/\/elektrosystemy.pl\/wp-content\/uploads\/2020\/05\/28\/szkic-do-nowego-wydania\/ES_08_2015_spis.jpg\" alt=\"\" width=\"750\" height=\"569\" srcset=\"https:\/\/elektrosystemy.pl\/wp-content\/uploads\/2020\/05\/28\/szkic-do-nowego-wydania\/ES_08_2015_spis.jpg 2457w, https:\/\/elektrosystemy.pl\/wp-content\/uploads\/2020\/05\/28\/szkic-do-nowego-wydania\/ES_08_2015_spis-600x455.jpg 600w, https:\/\/elektrosystemy.pl\/wp-content\/uploads\/2020\/05\/28\/szkic-do-nowego-wydania\/ES_08_2015_spis-300x228.jpg 300w, https:\/\/elektrosystemy.pl\/wp-content\/uploads\/2020\/05\/28\/szkic-do-nowego-wydania\/ES_08_2015_spis-1024x777.jpg 1024w\" sizes=\"(max-width: 750px) 100vw, 750px\" \/><\/a><a href=\"http:\/\/www.wp.elektrosystemy.pl\/wp-content\/uploads\/2015\/01\/08\/copy-of-marzec-2014\/ES_02_2014.jpg\"><br \/>\n<\/a><\/span><\/p>\n<p><span style=\"font-size: 12pt;\"><a href=\"http:\/\/elektrosystemy.pl\/wp-content\/uploads\/2020\/05\/28\/szkic-do-nowego-wydania\/OkladkaES_08_2015.jpg\"><img loading=\"lazy\" class=\"alignleft wp-image-9974 size-medium\" src=\"http:\/\/elektrosystemy.pl\/wp-content\/uploads\/2020\/05\/28\/szkic-do-nowego-wydania\/OkladkaES_08_2015-209x300.jpg\" alt=\"\" width=\"209\" height=\"300\" srcset=\"https:\/\/elektrosystemy.pl\/wp-content\/uploads\/2020\/05\/28\/szkic-do-nowego-wydania\/OkladkaES_08_2015-209x300.jpg 209w, https:\/\/elektrosystemy.pl\/wp-content\/uploads\/2020\/05\/28\/szkic-do-nowego-wydania\/OkladkaES_08_2015.jpg 500w\" sizes=\"(max-width: 209px) 100vw, 209px\" \/><\/a><\/span><span style=\"color: #ffffff; font-size: 12pt; background-color: #ff0000;\"><strong>\u00a0AKTUALNO\u015aCI <\/strong><\/span><br \/>\n<span style=\"font-size: 12pt;\"> <b>12<\/b>\u00a0<strong>Indeks koniunktury ELEKTROSYSTEM\u00d3W<\/strong><\/span><br \/>\n<span style=\"font-size: 12pt;\">Koniunktura w bran\u017cy nadal pnie si\u0119 w g\u00f3r\u0119<\/span><br \/>\n<span style=\"font-size: 12pt;\"> <b>14<\/b>\u00a0<strong>Gie\u0142dowy Indeks ELEKTROSYSTEM\u00d3W<\/strong><\/span><br \/>\n<span style=\"font-size: 12pt;\">Wzrosty mimo du\u017cej korekty w o\u015bwietleniu<\/span><br \/>\n<span style=\"font-size: 12pt;\"> <b>16<\/b>\u00a0Produkcja wybranych artyku\u0142\u00f3w elektrotechnicznych \u2013 V\u00a02015<\/span><br \/>\n<span style=\"font-size: 12pt;\"> <strong>17<\/strong>\u00a0BMO podpisa\u0142o du\u017cy kontrakt z Dong Energy<\/span><br \/>\n<span style=\"font-size: 12pt;\"><b>18<\/b>\u00a0Grodno z\u0142o\u017cy\u0142o prospekt do KNF\u00a0<\/span><br \/>\n<span style=\"font-size: 12pt;\"><b>19<\/b>\u00a0NFO\u015aiGW wprowadza zmiany w programie Prosumen<\/span><br \/>\n<span style=\"font-size: 12pt;\"> <b>20<\/b>\u00a0PKP przechodzi na o\u015bwietlenie LED<\/span><br \/>\n<span style=\"font-size: 12pt;\"> <strong>21\u00a0<\/strong>UOKiK bierze pod lup\u0119 LED-y<\/span><br \/>\n<span style=\"font-size: 12pt;\"> <strong>21\u00a0<\/strong>NKT Cables rozpoczyna dostawy za 86 mln euro<\/span><br \/>\n<span style=\"font-size: 12pt;\"> <strong>22\u00a0<\/strong>Osram otwiera w Polsce Centrum Us\u0142ug Wsp\u00f3lnych<\/span><br \/>\n<span style=\"font-size: 12pt;\"> <strong>22\u00a0<\/strong>ABB zasili lini\u0119 tramwajow\u0105 w \u0141odzi<\/span><br \/>\n<span style=\"font-size: 12pt;\"> <strong>23\u00a0<\/strong>Rafako rozpocz\u0119\u0142o produkcj\u0119 kot\u0142a dla bloku w Jaworznie<\/span><br \/>\n<span style=\"font-size: 12pt;\"><strong>23\u00a0<\/strong>Columbus Energy chce wej\u015b\u0107 w produkcj\u0119 paneli PV<\/span><br \/>\n<span style=\"font-size: 12pt;\"><strong>24\u00a0<\/strong>Turbina lotnicza GE zapewnia energi\u0119 szpitalowi<\/span><br \/>\n<span style=\"font-size: 12pt;\"><strong>24\u00a0<\/strong>Mitsubishi opracuje nowy magazyn energii<\/span><br \/>\n<span style=\"font-size: 12pt;\"><strong>25\u00a0<\/strong>Miasta premiuj\u0105 w\u0142a\u015bcicieli elektrycznych samochod\u00f3w<\/span><br \/>\n<span style=\"font-size: 12pt;\"><strong>25\u00a0<\/strong>Fortum podpisa\u0142o umowy za 300 mln z\u0142<\/span><br \/>\n<span style=\"font-size: 12pt;\"><strong>26\u00a0<\/strong>Carrefour wprowadza proekologiczne rozwi\u0105zania<\/span><br \/>\n<span style=\"font-size: 12pt;\"><strong>26\u00a0<\/strong>Siemens finalizuje przej\u0119cie Dresser-Rand<\/span><\/p>\n<p><span style=\"font-size: 12pt;\"><strong><span style=\"color: #ffffff; background-color: #45aec5;\">\u00a0AUTOMATYKA\u00a0<\/span><br \/>\n<\/strong><b>28<\/b>\u00a0System I\/O Axioline F w energetyce<\/span><\/p>\n<p><span style=\"font-size: 12pt;\"><strong><span style=\"color: #ffffff; background-color: #c74a46;\">\u00a0KABLE I PRZEWODY\u00a0<\/span><br \/>\n<\/strong><strong>31<\/strong>\u00a0Kable SN Tubular z oferty Electros Cable<br \/>\n<strong>34<\/strong>\u00a0Przewody nkt instal Plus YDYp<br \/>\n<strong>36<\/strong>\u00a0Produkty Lapp Kabel w maszynach do produkcji wafli<br \/>\n<\/span><\/p>\n<p><span style=\"font-size: 12pt;\"><strong style=\"font-size: 12pt;\"><span style=\"color: #ffffff; background-color: #00a2a4;\">\u00a0OSPRZ\u0118T\u00a0INSTALACYJNY\u00a0<\/span><br \/>\n<\/strong><b style=\"font-size: 12pt;\">38<\/b>\u00a0Rozdzielnice modu\u0142owe serii KLV i IKA firmy Eaton<\/span><br \/>\n<span style=\"font-size: 12pt;\"><b style=\"font-size: 12pt;\">40<\/b>\u00a0Opaski zaciskowe Ty-Rap firmy Thomas &amp; Betts<br \/>\n<b style=\"font-size: 12pt;\">42<\/b>\u00a0Puszki pod\u0142ogowe systemu EmiterNet<br \/>\n<\/span><\/p>\n<p><span style=\"font-size: 12pt;\"><strong style=\"font-size: 12pt;\"><span style=\"color: #ffffff; background-color: #c71882;\">\u00a0NAP\u0118DY I STEROWANIE\u00a0<\/span><br \/>\n<\/strong><b style=\"font-size: 12pt;\">44<\/b>\u00a0Bezstopniowy nap\u0119d pomp firmy Eaton<br \/>\n<\/span><br \/>\n<span style=\"font-size: 12pt;\"><strong style=\"font-size: 12pt;\"><span style=\"background-color: #fcd800;\"><strong>\u00a0<span style=\"color: #ffffff;\">TECHNIKA \u015aWIETLNA<\/span>\u00a0<\/strong><\/span><br \/>\n<\/strong><b>46<\/b>\u00a0Lumax HiRack \u2013 liniowe oprawy High Bay do magazyn\u00f3w<br \/>\n<b>50<\/b>\u00a0AR111 \u2013 ledowe \u017ar\u00f3d\u0142a Verbatim dla sklep\u00f3w i hoteli<br \/>\n<b>52<\/b>\u00a0Oprawa Lumiqs z nowym oprogramowaniem<br \/>\n<\/span><br \/>\n<span style=\"font-size: 12pt;\"><strong style=\"font-size: 12pt;\"><span style=\"background-color: #a54686;\"><strong>\u00a0<span style=\"color: #ffffff;\">ROZDZIA\u0141 ENERGII<\/span>\u00a0<\/strong><\/span><br \/>\n<\/strong><b>54<\/b>\u00a0Simaris design i Simaris project \u2013 projektowanie rozdzielnic<\/span><\/p>\n<p><span style=\"font-size: 12pt;\"><strong style=\"font-size: 12pt;\"><span style=\"background-color: #e7c68c;\"><strong>\u00a0<span style=\"color: #ffffff;\">INTELIGENTNY BUDYNEK<\/span>\u00a0<\/strong><\/span><br \/>\n<\/strong><b>58<\/b>\u00a0Bezprzewodowy system sterowania Exta Free firmy Zamel<br \/>\n<\/span><br \/>\n<span style=\"color: #ffffff; font-size: 12pt; background-color: #ec775c;\"><strong>\u00a0OCHRONA PRZECIWPRZEPI\u0118CIOWA\u00a0<\/strong><\/span><br \/>\n<span style=\"font-size: 12pt;\"><b>60<\/b>\u00a0Ograniczniki przepi\u0119\u0107 i bloki dystrybucyjne firmy Noark Electric\u00a0<\/span><\/p>\n<p><span style=\"font-size: 12pt;\"><strong><span style=\"color: #ffffff; background-color: #b191af;\">\u00a0PRZETARGI I INWESTYCJE\u00a0<\/span><br \/>\n<\/strong><b>65<\/b>\u00a0Planowane inwestycje<\/span><br \/>\n<span style=\"font-size: 12pt;\"><b>70<\/b>\u00a0Oferty, zlecenia os\u00f3b i firm prywatnych<\/span><br \/>\n<span style=\"font-size: 12pt;\"><b>72<\/b>\u00a0Przetargi w bran\u017cy elektrotechnicznej i energetycznej<\/span><\/p>\n<p><span style=\"font-size: 12pt;\"><strong><span style=\"background-color: #ff0000; color: #ffffff;\">\u00a0WYDARZENIA\u00a0<em><br \/>\n<\/em><\/span><b>80<\/b>\u00a0<\/strong>Relacje z targ\u00f3w, wydarze\u00f1, spotka\u0144\u00a0bran\u017cowych<strong><br \/>\n<\/strong><\/span><\/p>\n<h4><span style=\"font-size: 12pt;\"><strong>Dodatek:\u00a0&#8220;KABLE I PRZEWODY&#8221;<\/strong><\/span><\/h4>\n<p><span style=\"font-size: 12pt;\"><a href=\"http:\/\/elektrosystemy.pl\/wp-content\/uploads\/2020\/05\/28\/szkic-do-nowego-wydania\/Okladka_KiP_08_2015.jpg\"><img loading=\"lazy\" class=\" wp-image-9976 size-medium alignleft\" src=\"http:\/\/elektrosystemy.pl\/wp-content\/uploads\/2020\/05\/28\/szkic-do-nowego-wydania\/Okladka_KiP_08_2015-198x300.jpg\" alt=\"\" width=\"198\" height=\"300\" srcset=\"https:\/\/elektrosystemy.pl\/wp-content\/uploads\/2020\/05\/28\/szkic-do-nowego-wydania\/Okladka_KiP_08_2015-198x300.jpg 198w, https:\/\/elektrosystemy.pl\/wp-content\/uploads\/2020\/05\/28\/szkic-do-nowego-wydania\/Okladka_KiP_08_2015.jpg 500w\" sizes=\"(max-width: 198px) 100vw, 198px\" \/><\/a><strong style=\"font-size: 12pt;\">\u00a04<\/strong> Popyt na kable i przewody systematycznie ro\u015bnie<\/span><br \/>\n<span style=\"font-size: 12pt;\"><b>24<\/b> Przewody i kable sterownicze<\/span><br \/>\n<span style=\"font-size: 12pt;\"> <b>28<\/b>\u00a0Przewody i kable elektroenergetyczne do 1 kV<\/span><br \/>\n<span style=\"font-size: 12pt;\"><b>34<\/b>\u00a0Przewody elektroenergetyczne \u2013 przegl\u0105d oferty rynkowej<\/span><br \/>\n<span style=\"font-size: 12pt;\"><b>43<\/b>\u00a0Oznakowanie przewod\u00f3w i urz\u0105dze\u0144<\/span><\/p>\n<p>&nbsp;<\/p>\n","protected":false},"excerpt":{"rendered":"<p>\u00a0AKTUALNO\u015aCI 12\u00a0Indeks koniunktury ELEKTROSYSTEM\u00d3W Koniunktura w bran\u017cy nadal pnie si\u0119 w g\u00f3r\u0119 14\u00a0Gie\u0142dowy Indeks ELEKTROSYSTEM\u00d3W Wzrosty mimo du\u017cej korekty w o\u015bwietleniu 16\u00a0Produkcja wybranych artyku\u0142\u00f3w elektrotechnicznych \u2013 V\u00a02015 17\u00a0BMO podpisa\u0142o du\u017cy kontrakt z Dong Energy 18\u00a0Grodno z\u0142o\u017cy\u0142o prospekt do KNF\u00a0 19\u00a0NFO\u015aiGW wprowadza zmiany w programie Prosumen 20\u00a0PKP przechodzi na o\u015bwietlenie LED 21\u00a0UOKiK bierze pod lup\u0119 LED-y&hellip;<\/p>\n","protected":false},"author":2,"featured_media":0,"parent":4204,"menu_order":8,"comment_status":"closed","ping_status":"closed","template":"","meta":[],"_links":{"self":[{"href":"https:\/\/elektrosystemy.pl\/index.php?rest_route=\/wp\/v2\/pages\/10322"}],"collection":[{"href":"https:\/\/elektrosystemy.pl\/index.php?rest_route=\/wp\/v2\/pages"}],"about":[{"href":"https:\/\/elektrosystemy.pl\/index.php?rest_route=\/wp\/v2\/types\/page"}],"author":[{"embeddable":true,"href":"https:\/\/elektrosystemy.pl\/index.php?rest_route=\/wp\/v2\/users\/2"}],"replies":[{"embeddable":true,"href":"https:\/\/elektrosystemy.pl\/index.php?rest_route=%2Fwp%2Fv2%2Fcomments&post=10322"}],"version-history":[{"count":1,"href":"https:\/\/elektrosystemy.pl\/index.php?rest_route=\/wp\/v2\/pages\/10322\/revisions"}],"predecessor-version":[{"id":10323,"href":"https:\/\/elektrosystemy.pl\/index.php?rest_route=\/wp\/v2\/pages\/10322\/revisions\/10323"}],"up":[{"embeddable":true,"href":"https:\/\/elektrosystemy.pl\/index.php?rest_route=\/wp\/v2\/pages\/4204"}],"wp:attachment":[{"href":"https:\/\/elektrosystemy.pl\/index.php?rest_route=%2Fwp%2Fv2%2Fmedia&parent=10322"}],"curies":[{"name":"wp","href":"https:\/\/api.w.org\/{rel}","templated":true}]}}