{"id":10768,"date":"2015-09-30T14:12:49","date_gmt":"2015-09-30T12:12:49","guid":{"rendered":"http:\/\/elektrosystemy.pl\/?page_id=10768"},"modified":"2016-08-02T19:48:58","modified_gmt":"2016-08-02T17:48:58","slug":"wrzesien-2015","status":"publish","type":"page","link":"https:\/\/elektrosystemy.pl\/?page_id=10768","title":{"rendered":"Wrzesie\u0144 2015"},"content":{"rendered":"<p><span style=\"font-size: 12pt;\"><a href=\"http:\/\/elektrosystemy.pl\/wp-content\/uploads\/2015\/06\/01\/najnowsze-wydanie-luty-2015\/ES_09_2015_spis.jpg\"><img loading=\"lazy\" class=\"aligncenter wp-image-10326\" src=\"http:\/\/elektrosystemy.pl\/wp-content\/uploads\/2015\/06\/01\/najnowsze-wydanie-luty-2015\/ES_09_2015_spis.jpg\" alt=\"\" width=\"750\" height=\"569\" srcset=\"https:\/\/elektrosystemy.pl\/wp-content\/uploads\/2015\/06\/01\/najnowsze-wydanie-luty-2015\/ES_09_2015_spis.jpg 2457w, https:\/\/elektrosystemy.pl\/wp-content\/uploads\/2015\/06\/01\/najnowsze-wydanie-luty-2015\/ES_09_2015_spis-600x455.jpg 600w, https:\/\/elektrosystemy.pl\/wp-content\/uploads\/2015\/06\/01\/najnowsze-wydanie-luty-2015\/ES_09_2015_spis-300x228.jpg 300w, https:\/\/elektrosystemy.pl\/wp-content\/uploads\/2015\/06\/01\/najnowsze-wydanie-luty-2015\/ES_09_2015_spis-1024x777.jpg 1024w\" sizes=\"(max-width: 750px) 100vw, 750px\" \/><\/a><a href=\"http:\/\/www.wp.elektrosystemy.pl\/wp-content\/uploads\/2015\/01\/08\/copy-of-marzec-2014\/ES_02_2014.jpg\"><br \/>\n<\/a><\/span><\/p>\n<p><span style=\"font-size: 12pt;\"><a href=\"http:\/\/elektrosystemy.pl\/wp-content\/uploads\/aktualnosci\/2015\/08\/24\/apator-obniza-prognoze-zysku-netto\/Okladka_ES_09_2015.jpg\"><img loading=\"lazy\" class=\"wp-image-10256 size-medium alignleft\" src=\"http:\/\/elektrosystemy.pl\/wp-content\/uploads\/aktualnosci\/2015\/08\/24\/apator-obniza-prognoze-zysku-netto\/Okladka_ES_09_2015-208x300.jpg\" alt=\"\" width=\"208\" height=\"300\" srcset=\"https:\/\/elektrosystemy.pl\/wp-content\/uploads\/aktualnosci\/2015\/08\/24\/apator-obniza-prognoze-zysku-netto\/Okladka_ES_09_2015-208x300.jpg 208w, https:\/\/elektrosystemy.pl\/wp-content\/uploads\/aktualnosci\/2015\/08\/24\/apator-obniza-prognoze-zysku-netto\/Okladka_ES_09_2015.jpg 600w\" sizes=\"(max-width: 208px) 100vw, 208px\" \/><\/a><\/span><span style=\"color: #ffffff; font-size: 12pt; background-color: #ff0000;\"><strong>\u00a0AKTUALNO\u015aCI <\/strong><\/span><br \/>\n<span style=\"font-size: 12pt;\"><b>22<\/b>\u00a0<strong>Indeks koniunktury ELEKTROSYSTEM\u00d3W<\/strong><\/span><br \/>\n<span style=\"font-size: 12pt;\">Trend wzrostowy zachowany mimo wakacji<\/span><br \/>\n<span style=\"font-size: 12pt;\"><b>24<\/b>\u00a0<strong>Gie\u0142dowy Indeks ELEKTROSYSTEM\u00d3W<\/strong><\/span><br \/>\n<span style=\"font-size: 12pt;\">Produkcja poci\u0105gn\u0119\u0142a bran\u017c\u0119 na gie\u0142dzie w d\u00f3\u0142<\/span><br \/>\n<span style=\"font-size: 12pt;\"><b>26<\/b>\u00a0Produkcja wybranych artyku\u0142\u00f3w elektrotechnicznych \u2013 VI 2015<\/span><br \/>\n<span style=\"font-size: 12pt;\"><strong>28<\/strong>\u00a0Apator obni\u017ca prognoz\u0119 zysku netto<\/span><br \/>\n<span style=\"font-size: 12pt;\"><b>29<\/b>\u00a0Saule otrzyma 25,5 mln z\u0142 na ogniwa PV z perowskit\u00f3w\u00a0<\/span><br \/>\n<span style=\"font-size: 12pt;\"><b>30<\/b>\u00a0Radpol nie zrealizuje planu 300 mln z\u0142 obrot\u00f3w<\/span><br \/>\n<span style=\"font-size: 12pt;\"><b>32<\/b>\u00a0UPS-y dla przemys\u0142u czeka wolny wzrost<\/span><br \/>\n<span style=\"font-size: 12pt;\"><strong>34\u00a0<\/strong>Przemys\u0142 korzysta z nowych rozwi\u0105za\u0144 IT<\/span><br \/>\n<span style=\"font-size: 12pt;\"><strong>35\u00a0<\/strong>Grodno notuje rekordow\u0105 sprzeda\u017c<\/span><br \/>\n<span style=\"font-size: 12pt;\"><strong>36\u00a0<\/strong>Grupy energetyczne wchodz\u0105 w fotowoltaik\u0119<\/span><br \/>\n<span style=\"font-size: 12pt;\"><strong>37\u00a0<\/strong>Nowa strona internetowa Magazynu Elektrosystemy<\/span><br \/>\n<span style=\"font-size: 12pt;\"><strong>38\u00a0<\/strong>Polskie firmy coraz lepiej radz\u0105 sobie za granic\u0105<\/span><br \/>\n<span style=\"font-size: 12pt;\"><strong>42\u00a0<\/strong>Siemens dostarczy\u0142 wszystkie przesuwniki na SE Miku\u0142owa&#8230;<\/span><br \/>\n<span style=\"font-size: 12pt;\"><strong>42\u00a0<\/strong>&#8230; i wykona system sterowania blok\u00f3w Opole II<\/span><br \/>\n<span style=\"font-size: 12pt;\"><strong>43\u00a0<\/strong>Columbus Energy prognozuje 145 mln z\u0142 obrot\u00f3w w 2016 r.<\/span><br \/>\n<span style=\"font-size: 12pt;\"><strong>43\u00a0<\/strong>Alumast planuje dostarcza\u0107 s\u0142upy na Kub\u0119<\/span><br \/>\n<span style=\"font-size: 12pt;\"><strong>44\u00a0<\/strong>Marksl\u00f6jd podnosi efektywno\u015b\u0107 dzi\u0119ki ERP<\/span><br \/>\n<span style=\"font-size: 12pt;\"><strong>44\u00a0<\/strong>CVC za 1,4 mld z\u0142 kupi\u0142 PKP Energetyka\u00a0<\/span><br \/>\n<span style=\"font-size: 12pt;\"><strong>45\u00a0<\/strong>Imtech sk\u0142ada wniosek o upad\u0142o\u015b\u0107<br \/>\n<strong>45\u00a0<\/strong>GE uruchomi\u0142o elektrowni\u0119 hybrydow\u0105<br \/>\n<strong>46\u00a0<\/strong>ABB dostarcza inwertery na stadion \u201eLa Catedral\u201d<br \/>\n<strong>46\u00a0<\/strong>TME nawi\u0105zuje wsp\u00f3\u0142prac\u0119 z kolejnymi dystrybutorami<br \/>\n<\/span><\/p>\n<p><span style=\"font-size: 12pt;\"><strong><span style=\"color: #ffffff; background-color: #45aec5;\">\u00a0AUTOMATYKA\u00a0<\/span><br \/>\n<\/strong><b>48<\/b>\u00a0Aparatura sterownicza i kontrolna \u2013 Sirius Act firmy Siemens<br \/>\n<b>53<\/b>\u00a0Zawiasy z wbudowanym \u0142\u0105cznikiem bezpiecze\u0144stwa<br \/>\n<b>54<\/b>\u00a0Dob\u00f3r przeka\u017anik\u00f3w \u2013 rozwi\u0105zania firmy Relpol Cz\u0119\u015b\u0107 2 \u2013 cewki<br \/>\n<b>58<\/b>\u00a0Kontrola bezpiecze\u0144stwa z nowymi modu\u0142ami zasilania systemu I\/O u-remote<br \/>\n<\/span><\/p>\n<p><span style=\"font-size: 12pt;\"><strong style=\"font-size: 12pt;\"><span style=\"color: #ffffff; background-color: #00a2a4;\">\u00a0OSPRZ\u0118T\u00a0INSTALACYJNY\u00a0<\/span><br \/>\n<\/strong><b style=\"font-size: 12pt;\">60<\/b>\u00a0Ta\u015bmy elektryczne firmy 3M<\/span><br \/>\n<span style=\"font-size: 12pt;\"><b style=\"font-size: 12pt;\">62<\/b>\u00a0Obudowy instalacyjne i akcesoria Noark Electric<br \/>\n<b style=\"font-size: 12pt;\">65<\/b>\u00a0Z\u0142\u0105cza \u0142\u0105czeniowe i terminale krosowe push-in o strukturze plastra miodu<br \/>\n<b style=\"font-size: 12pt;\">68<\/b>\u00a0Szczelne puszki Kopos Kolin<br \/>\n<b style=\"font-size: 12pt;\">70<\/b>\u00a0Osprz\u0119t \u0142\u0105czeniowy firmy Elektro<br \/>\n<\/span><\/p>\n<p><span style=\"font-size: 12pt;\"><strong style=\"font-size: 12pt;\"><span style=\"color: #ffffff; background-color: #f47a63;\">\u00a0OCHRONA PRZECIWPRZEPI\u0118CIOWA\u00a0<\/span><br \/>\n<\/strong><b style=\"font-size: 12pt;\">74<\/b>\u00a0Kompleksowa ochrona przeciwprzepi\u0119ciowa \u2013 ograniczniki firmy Saltek<br \/>\n<\/span><\/p>\n<p><span style=\"font-size: 12pt;\"><strong style=\"font-size: 12pt;\"><span style=\"color: #ffffff; background-color: #caa082;\">\u00a0APARATY \u0141\u0104CZENIOWE\u00a0<\/span><br \/>\n<\/strong><b style=\"font-size: 12pt;\">78<\/b>\u00a0\u0141\u0105czniki kra\u0144cowe LK i krzywkowe SK10G firmy Spamel<br \/>\n<\/span><\/p>\n<p><span style=\"font-size: 12pt;\"><strong style=\"font-size: 12pt;\"><span style=\"color: #ffffff; background-color: #c71882;\">\u00a0NAP\u0118DY I STEROWANIE\u00a0<\/span><br \/>\n<\/strong><b style=\"font-size: 12pt;\">80<\/b>\u00a0DE1 \u2013 rozrusznik silnikowy z regulacj\u0105 pr\u0119dko\u015bci firmy Eaton<br \/>\n<b style=\"font-size: 12pt;\">84<\/b>\u00a0Inklinometr KINAXN702 dla elektrowni s\u0142onecznych<br \/>\n<\/span><\/p>\n<p><span style=\"font-size: 12pt;\"><strong style=\"font-size: 12pt;\"><span style=\"background-color: #cc6a2d;\"><strong>\u00a0<span style=\"color: #ffffff;\">MIERNICTWO<\/span>\u00a0<\/strong><\/span><br \/>\n<\/strong><b>86<\/b>\u00a0Tablicowe mierniki cyfrowe Promet z serii NEF30-MC<\/span><\/p>\n<p><span style=\"font-size: 12pt;\"><strong style=\"font-size: 12pt;\"><span style=\"background-color: #a54686;\"><strong>\u00a0<span style=\"color: #ffffff;\">ROZDZIA\u0141 ENERGII<\/span>\u00a0<\/strong><\/span><br \/>\n<\/strong><b>88<\/b>\u00a0Rozdzielnice Sivacon S8 odporne na \u0142uk elektryczny<br \/>\n<b>94<\/b>\u00a0Wy\u0142\u0105czniki mocy EntelliGuard T firmy GE<br \/>\n<b>98<\/b>\u00a0Rozdzielnice ABB MNS z wy\u0142\u0105cznikami Emax2<br \/>\n<\/span><\/p>\n<p><span style=\"font-size: 12pt;\"><strong style=\"font-size: 12pt;\"><span style=\"background-color: #fcd800;\"><strong>\u00a0<span style=\"color: #ffffff;\">TECHNIKA \u015aWIETLNA<\/span>\u00a0<\/strong><\/span><br \/>\n<\/strong><b>102<\/b>\u00a0Oprawy LED Lumax do o\u015bwietlenia biur<br \/>\n<b>106<\/b>\u00a0EXL210LED \u2013 oprawa przeciwwybuchowa LED z certyfikatem ATEX<br \/>\n<b>108<\/b> Dualne czujniki obecno\u015bci firmy Zublin Elektro<br \/>\n<\/span><\/p>\n<p><span style=\"font-size: 12pt;\"><strong><span style=\"color: #ffffff; background-color: #c74a46;\">\u00a0KABLE I PRZEWODY\u00a0<\/span><br \/>\n<\/strong><strong>110<\/strong>\u00a0Kable i przewody Bitner w przemy\u015ble papierniczym<br \/>\n<strong>114<\/strong>\u00a0Elektryczne systemy antyoblodzeniowe Matec<br \/>\n<strong>118<\/strong>\u00a0Przewody i kable elektroenergetyczne firmy Top Cable<br \/>\n<\/span><\/p>\n<p><span style=\"font-size: 12pt;\"><strong style=\"font-size: 12pt;\"><span style=\"background-color: #007dc5;\"><strong>\u00a0<span style=\"color: #ffffff;\">ZASILANIE<\/span>\u00a0<\/strong><\/span><br \/>\n<\/strong><b>124<\/b>\u00a0Zasilacz UPS Eaton 93PS<br \/>\n<b>126<\/b>\u00a0Akumulatory Europower dla system\u00f3w fotowoltaicznych<br \/>\n<b>128<\/b>\u00a0Automatyczne prze\u0142\u0105czniki uk\u0142ad\u00f3w SZR firmy Lovato Electric<\/span><span style=\"font-size: 12pt;\"><br \/>\n<\/span><\/p>\n<p><span style=\"color: #ffffff; font-size: 12pt; background-color: #de6328;\"><strong>\u00a0ENERGETYKA\u00a0<\/strong><\/span><br \/>\n<span style=\"font-size: 12pt;\"><b>132<\/b>\u00a0Napowietrzny wy\u0142\u0105cznik SN typu KTW27 firmy Tavrida Electric\u00a0<\/span><\/p>\n<p><span style=\"color: #ffffff; font-size: 12pt; background-color: #00aeef;\"><strong>\u00a0SYSTEMY OCHRONY\u00a0<\/strong><\/span><br \/>\n<span style=\"font-size: 12pt;\"><b>132<\/b>\u00a0Napowietrzny wy\u0142\u0105cznik SN typu KTW27 firmy Tavrida Electric\u00a0<\/span><\/p>\n<p><span style=\"font-size: 12pt;\"><strong><span style=\"color: #ffffff; background-color: #b191af;\">\u00a0PRZETARGI I INWESTYCJE\u00a0<\/span><br \/>\n<\/strong><b>146<\/b>\u00a0Planowane inwestycje<\/span><br \/>\n<span style=\"font-size: 12pt;\"><b>150<\/b>\u00a0Oferty, zlecenia os\u00f3b i firm prywatnych<\/span><br \/>\n<span style=\"font-size: 12pt;\"><b>152<\/b>\u00a0Przetargi w bran\u017cy elektrotechnicznej i energetycznej<\/span><\/p>\n<p><span style=\"font-size: 12pt;\"><strong><span style=\"background-color: #ff0000; color: #ffffff;\">\u00a0WYDARZENIA\u00a0<em><br \/>\n<\/em><\/span><b>161<\/b>\u00a0<\/strong>Relacje z targ\u00f3w, wydarze\u00f1, spotka\u0144\u00a0bran\u017cowych<strong><br \/>\n<\/strong><\/span><\/p>\n<h4><\/h4>\n","protected":false},"excerpt":{"rendered":"<p>\u00a0AKTUALNO\u015aCI 22\u00a0Indeks koniunktury ELEKTROSYSTEM\u00d3W Trend wzrostowy zachowany mimo wakacji 24\u00a0Gie\u0142dowy Indeks ELEKTROSYSTEM\u00d3W Produkcja poci\u0105gn\u0119\u0142a bran\u017c\u0119 na gie\u0142dzie w d\u00f3\u0142 26\u00a0Produkcja wybranych artyku\u0142\u00f3w elektrotechnicznych \u2013 VI 2015 28\u00a0Apator obni\u017ca prognoz\u0119 zysku netto 29\u00a0Saule otrzyma 25,5 mln z\u0142 na ogniwa PV z perowskit\u00f3w\u00a0 30\u00a0Radpol nie zrealizuje planu 300 mln z\u0142 obrot\u00f3w 32\u00a0UPS-y dla przemys\u0142u czeka wolny wzrost&hellip;<\/p>\n","protected":false},"author":2,"featured_media":0,"parent":4204,"menu_order":9,"comment_status":"closed","ping_status":"closed","template":"","meta":[],"_links":{"self":[{"href":"https:\/\/elektrosystemy.pl\/index.php?rest_route=\/wp\/v2\/pages\/10768"}],"collection":[{"href":"https:\/\/elektrosystemy.pl\/index.php?rest_route=\/wp\/v2\/pages"}],"about":[{"href":"https:\/\/elektrosystemy.pl\/index.php?rest_route=\/wp\/v2\/types\/page"}],"author":[{"embeddable":true,"href":"https:\/\/elektrosystemy.pl\/index.php?rest_route=\/wp\/v2\/users\/2"}],"replies":[{"embeddable":true,"href":"https:\/\/elektrosystemy.pl\/index.php?rest_route=%2Fwp%2Fv2%2Fcomments&post=10768"}],"version-history":[{"count":1,"href":"https:\/\/elektrosystemy.pl\/index.php?rest_route=\/wp\/v2\/pages\/10768\/revisions"}],"predecessor-version":[{"id":10769,"href":"https:\/\/elektrosystemy.pl\/index.php?rest_route=\/wp\/v2\/pages\/10768\/revisions\/10769"}],"up":[{"embeddable":true,"href":"https:\/\/elektrosystemy.pl\/index.php?rest_route=\/wp\/v2\/pages\/4204"}],"wp:attachment":[{"href":"https:\/\/elektrosystemy.pl\/index.php?rest_route=%2Fwp%2Fv2%2Fmedia&parent=10768"}],"curies":[{"name":"wp","href":"https:\/\/api.w.org\/{rel}","templated":true}]}}