{"id":12700,"date":"2015-11-26T12:11:16","date_gmt":"2015-11-26T11:11:16","guid":{"rendered":"http:\/\/elektrosystemy.pl\/?page_id=12700"},"modified":"2016-08-02T19:50:02","modified_gmt":"2016-08-02T17:50:02","slug":"listopad-2015","status":"publish","type":"page","link":"https:\/\/elektrosystemy.pl\/?page_id=12700","title":{"rendered":"Listopad 2015"},"content":{"rendered":"<p><span style=\"font-size: 12pt;\"><a href=\"http:\/\/elektrosystemy.pl\/wp-content\/uploads\/2015\/06\/01\/najnowsze-wydanie-luty-2015\/ES_11_2015_spis.jpg\"><img loading=\"lazy\" class=\"alignleft wp-image-11324\" src=\"http:\/\/elektrosystemy.pl\/wp-content\/uploads\/2015\/06\/01\/najnowsze-wydanie-luty-2015\/ES_11_2015_spis.jpg\" alt=\"\" width=\"750\" height=\"569\" srcset=\"https:\/\/elektrosystemy.pl\/wp-content\/uploads\/2015\/06\/01\/najnowsze-wydanie-luty-2015\/ES_11_2015_spis.jpg 2457w, https:\/\/elektrosystemy.pl\/wp-content\/uploads\/2015\/06\/01\/najnowsze-wydanie-luty-2015\/ES_11_2015_spis-600x455.jpg 600w, https:\/\/elektrosystemy.pl\/wp-content\/uploads\/2015\/06\/01\/najnowsze-wydanie-luty-2015\/ES_11_2015_spis-300x228.jpg 300w, https:\/\/elektrosystemy.pl\/wp-content\/uploads\/2015\/06\/01\/najnowsze-wydanie-luty-2015\/ES_11_2015_spis-1024x777.jpg 1024w\" sizes=\"(max-width: 750px) 100vw, 750px\" \/><\/a><br \/>\n<\/span><br \/>\n<span style=\"font-size: 12pt;\"> <a href=\"http:\/\/elektrosystemy.pl\/wp-content\/uploads\/2015\/06\/01\/najnowsze-wydanie-luty-2015\/Okladki_ES_11_2015.jpg\"><img loading=\"lazy\" class=\"alignleft wp-image-11325 size-medium\" src=\"http:\/\/elektrosystemy.pl\/wp-content\/uploads\/2015\/06\/01\/najnowsze-wydanie-luty-2015\/Okladki_ES_11_2015-207x300.jpg\" alt=\"\" width=\"207\" height=\"300\" srcset=\"https:\/\/elektrosystemy.pl\/wp-content\/uploads\/2015\/06\/01\/najnowsze-wydanie-luty-2015\/Okladki_ES_11_2015-207x300.jpg 207w, https:\/\/elektrosystemy.pl\/wp-content\/uploads\/2015\/06\/01\/najnowsze-wydanie-luty-2015\/Okladki_ES_11_2015.jpg 500w\" sizes=\"(max-width: 207px) 100vw, 207px\" \/><\/a><span style=\"color: #ffffff; background-color: #ff0000;\"><strong>\u00a0AKTUALNO\u015aCI <\/strong><\/span><\/span><br \/>\n<span style=\"font-size: 12pt;\"><strong>14<\/strong>\u00a0<strong>Indeks koniunktury ELEKTROSYSTEM\u00d3W<\/strong><\/span><br \/>\n<span style=\"font-size: 12pt;\">Dystrybucja zn\u00f3w ro\u015bnie szybciej ni\u017c ca\u0142a bran\u017ca<\/span><br \/>\n<b>16<\/b><span style=\"font-size: 12pt;\">\u00a0<strong>Gie\u0142dowy Indeks ELEKTROSYSTEM\u00d3W<\/strong><br \/>\n<span style=\"font-size: 12pt;\">Gie\u0142dowe sp\u00f3\u0142ki odrabiaj\u0105 straty<\/span><\/span><br \/>\n<span style=\"font-size: 12pt;\"><strong>18<\/strong>\u00a0Produkcja wybranych\u00a0artyku\u0142\u00f3w<br \/>\nelektrotechnicznych \u2013 VIII 2015<\/span><br \/>\n<span style=\"font-size: 12pt;\"><b>19<\/b>\u00a0Grodno zadebiutowa\u0142o na rynku g\u0142\u00f3wnym GPW<\/span><br \/>\n<span style=\"font-size: 12pt;\"><b>20<\/b>\u00a0Mitsubischi Electric kupuje 49% udzia\u0142\u00f3w w Medcomie<\/span><br \/>\n<span style=\"font-size: 12pt;\"><strong>21<\/strong>\u00a0Helukabel rozbudowuje centrum logistyczne<\/span><br \/>\n<span style=\"font-size: 12pt;\"><strong>22<\/strong>\u00a0Z\u00fcblin liczy na dynamiczny wzrost z nowym w\u0142a\u015bcicielem<\/span><br \/>\n<span style=\"font-size: 12pt;\"><strong>22<\/strong>\u00a0Elektrotim przejmuje Eltrako<\/span><br \/>\n<span style=\"font-size: 12pt;\"><strong>23<\/strong>\u00a0Novavis nawi\u0105za\u0142 wsp\u00f3\u0142prac\u0119 z Storion Energy<\/span><br \/>\n<span style=\"font-size: 12pt;\"><strong>24<\/strong>\u00a0Rynek robot\u00f3w dynamicznie ro\u015bnie<\/span><br \/>\n<span style=\"font-size: 12pt;\"><strong>25<\/strong>\u00a0Kolej nap\u0119dza sprzeda\u017c Vigo System<\/span><br \/>\n<span style=\"font-size: 12pt;\"><strong>26<\/strong>\u00a0Elektro Omega zwi\u0119ksza liczb\u0119 cz\u0142onk\u00f3w<\/span><br \/>\n<span style=\"font-size: 12pt;\"><strong>27<\/strong>\u00a0Apator przej\u0105\u0142 kolejne sp\u00f3\u0142ki&#8230;<\/span><br \/>\n<span style=\"font-size: 12pt;\"><strong>27<\/strong>\u00a0&#8230; i opracowa\u0142 dla PGE inteligentny system Meteus<br \/>\n<strong>28<\/strong>\u00a0AAT Holding zadebiutowa\u0142 na GPW<br \/>\n<strong>28<\/strong> TME uruchamia dwie nowe uk\u0142adnice paletowe<br \/>\n<strong>29<\/strong>\u00a0Siltec zosta\u0142 dystrybutorem system\u00f3w UPS od ABB<br \/>\n<strong>29<\/strong>\u00a0RWE wchodzi na rynek IoT<br \/>\n<strong>30<\/strong>\u00a0KGHM \u017c\u0105da od PBG 1,1 mld z\u0142<br \/>\n<strong>30<\/strong>\u00a0Kolejny odcinek mostu Polska \u2013 Litwa otwarty<br \/>\n<\/span><\/p>\n<p><span style=\"color: #ffffff; font-size: 12pt; background-color: #00939b;\"><strong>\u00a0OSPRZ\u0118T INSTALACYJNY\u00a0<\/strong><\/span><br \/>\n<span style=\"font-size: 12pt;\"><b>32<\/b>\u00a0Marking System \u2013 system oznacze\u0144 firmy Phoenix Contact<br \/>\n<b>35<\/b>\u00a0Ko\u0144c\u00f3wki i \u0142\u0105czniki firmy Ergom do kabli skompresowanych<br \/>\n<\/span><br \/>\n<span style=\"font-size: 12pt;\"><strong style=\"font-size: 12pt;\"><span style=\"color: #ffffff; background-color: #caa082;\">\u00a0APARATY ZABEZPIECZAJ\u0104CE <\/span><\/strong><br \/>\n<b style=\"font-size: 12pt;\">42<\/b>\u00a0Bezpieczniki i podstawy firmy Eaton do ochrony instalacji PV<\/span><\/p>\n<p><span style=\"color: #ffffff; font-size: 12pt; background-color: #c50073;\"><strong>\u00a0NAP\u0118DY I STEROWANIE\u00a0<\/strong><\/span><span style=\"font-size: 12pt;\"><b style=\"font-size: 12pt;\"><br \/>\n45<\/b>\u00a0Przemiennik cz\u0119stotliwo\u015bci i500 firmy Lenze<br \/>\n<\/span><br \/>\n<span style=\"font-size: 12pt;\"><strong style=\"font-size: 12pt;\"><span style=\"color: #ffffff; background-color: #a54686;\">\u00a0ROZDZIA\u0141 ENERGII\u00a0<\/span><br \/>\n<\/strong><b style=\"font-size: 12pt;\">48<\/b> Rozdzielnice systemowe QuiXtra firmy GE<\/span><br \/>\n<span style=\"font-size: 12pt;\"> <b style=\"font-size: 12pt;\">90<\/b> Modu\u0142owe roz\u0142\u0105czniki izolacyjne LAS 16A \u2013 125 A<\/span><\/p>\n<p><span style=\"font-size: 12pt;\"><strong style=\"font-size: 12pt;\"><span style=\"color: #ffffff; background-color: #fcd800;\">\u00a0TECHNIKA \u015aWIETLNA<br \/>\n<\/span><\/strong><span style=\"font-size: 12pt;\"><b>52<\/b>\u00a0Proszkowe pow\u0142oki ochronne s\u0142up\u00f3w o\u015bwietleniowych<br \/>\n<b>55<\/b> Oprawy Street OC Lumax w o\u015bwietleniu drogowym<br \/>\n<\/span><\/span><\/p>\n<p><span style=\"font-size: 12pt;\"><strong><span style=\"color: #ffffff; background-color: #cc3333;\">\u00a0KABLE I PRZEWODY <\/span><br \/>\n<\/strong><b>58<\/b>\u00a0Produkty Lapp Kabel do instalacji fotowoltaicznych<br \/>\n<b>60<\/b>\u00a0Trio Kabel firmy nkt cables dla sieci SN<br \/>\n<\/span><\/p>\n<p><span style=\"color: #ffffff; font-size: 12pt; background-color: #cc6a2d;\"><strong>\u00a0MIERNICTWO\u00a0<\/strong><\/span><br \/>\n<span style=\"font-size: 12pt;\"><b>62<\/b>\u00a0Przek\u0142adniki CT niskiego napi\u0119cia firmy ABB<\/span><\/p>\n<p><span style=\"font-size: 12pt;\"><strong><span style=\"color: #ffffff; background-color: #b191af;\">\u00a0PRZETARGI I INWESTYCJE\u00a0<\/span><br \/>\n<\/strong><b>67\u00a0<\/b>Planowane inwestycje<\/span><br \/>\n<span style=\"font-size: 12pt;\"><b>72<\/b>\u00a0Oferty, zlecenia os\u00f3b i firm prywatnych<\/span><br \/>\n<span style=\"font-size: 12pt;\"><b>74<\/b>\u00a0Przetargi w bran\u017cy elektrotechnicznej i energetyczne<\/span><\/p>\n<p><span style=\"font-size: 12pt;\"><strong><span style=\"color: #ffffff; background-color: #cc071e;\">\u00a0WYDARZENIA\u00a0<\/span><br \/>\n<\/strong><b>83<\/b>\u00a0Relacje z targ\u00f3w, wydarze\u0144, spotka\u0144 bran\u017cowych<\/span><\/p>\n<p><span style=\"font-size: 12pt;\"><b><\/b><strong><br \/>\nDodatek:\u00a0&#8220;HURTOWNIE\u00a0ELEKTROTECHNICZNE&#8221;<\/strong><\/span><\/p>\n<p><span style=\"font-size: 12pt;\"><a href=\"http:\/\/elektrosystemy.pl\/wp-content\/uploads\/2015\/06\/01\/najnowsze-wydanie-luty-2015\/Okladki_HE_11_2015.jpg\"><img loading=\"lazy\" class=\"alignleft wp-image-11326 size-medium\" src=\"http:\/\/elektrosystemy.pl\/wp-content\/uploads\/2015\/06\/01\/najnowsze-wydanie-luty-2015\/Okladki_HE_11_2015-200x300.jpg\" alt=\"\" width=\"200\" height=\"300\" srcset=\"https:\/\/elektrosystemy.pl\/wp-content\/uploads\/2015\/06\/01\/najnowsze-wydanie-luty-2015\/Okladki_HE_11_2015-200x300.jpg 200w, https:\/\/elektrosystemy.pl\/wp-content\/uploads\/2015\/06\/01\/najnowsze-wydanie-luty-2015\/Okladki_HE_11_2015.jpg 500w\" sizes=\"(max-width: 200px) 100vw, 200px\" \/><\/a><\/span><\/p>\n<p class=\"line220\"><span style=\"font-size: 12pt;\"><strong style=\"font-size: 12pt;\"> 4 <\/strong>Rynek hurtowni ro\u015bnie coraz szybciej<strong style=\"font-size: 12pt;\"><br \/>\n18\u00a0<\/strong>Procesy logistyczne w hurtowniach elektrotechnicznych<strong style=\"font-size: 12pt;\"><br \/>\n22<\/strong> Mobilne aplikacje zakupowe hurtowni elektrotechnicznych<strong style=\"font-size: 12pt;\"><br \/>\n<\/strong><strong style=\"font-size: 12pt;\"><br \/>\n<\/strong><\/span><\/p>\n","protected":false},"excerpt":{"rendered":"<p>\u00a0AKTUALNO\u015aCI 14\u00a0Indeks koniunktury ELEKTROSYSTEM\u00d3W Dystrybucja zn\u00f3w ro\u015bnie szybciej ni\u017c ca\u0142a bran\u017ca 16\u00a0Gie\u0142dowy Indeks ELEKTROSYSTEM\u00d3W Gie\u0142dowe sp\u00f3\u0142ki odrabiaj\u0105 straty 18\u00a0Produkcja wybranych\u00a0artyku\u0142\u00f3w elektrotechnicznych \u2013 VIII 2015 19\u00a0Grodno zadebiutowa\u0142o na rynku g\u0142\u00f3wnym GPW 20\u00a0Mitsubischi Electric kupuje 49% udzia\u0142\u00f3w w Medcomie 21\u00a0Helukabel rozbudowuje centrum logistyczne 22\u00a0Z\u00fcblin liczy na dynamiczny wzrost z nowym w\u0142a\u015bcicielem 22\u00a0Elektrotim przejmuje Eltrako 23\u00a0Novavis nawi\u0105za\u0142 wsp\u00f3\u0142prac\u0119&hellip;<\/p>\n","protected":false},"author":2,"featured_media":0,"parent":4204,"menu_order":11,"comment_status":"closed","ping_status":"closed","template":"","meta":[],"_links":{"self":[{"href":"https:\/\/elektrosystemy.pl\/index.php?rest_route=\/wp\/v2\/pages\/12700"}],"collection":[{"href":"https:\/\/elektrosystemy.pl\/index.php?rest_route=\/wp\/v2\/pages"}],"about":[{"href":"https:\/\/elektrosystemy.pl\/index.php?rest_route=\/wp\/v2\/types\/page"}],"author":[{"embeddable":true,"href":"https:\/\/elektrosystemy.pl\/index.php?rest_route=\/wp\/v2\/users\/2"}],"replies":[{"embeddable":true,"href":"https:\/\/elektrosystemy.pl\/index.php?rest_route=%2Fwp%2Fv2%2Fcomments&post=12700"}],"version-history":[{"count":1,"href":"https:\/\/elektrosystemy.pl\/index.php?rest_route=\/wp\/v2\/pages\/12700\/revisions"}],"predecessor-version":[{"id":12702,"href":"https:\/\/elektrosystemy.pl\/index.php?rest_route=\/wp\/v2\/pages\/12700\/revisions\/12702"}],"up":[{"embeddable":true,"href":"https:\/\/elektrosystemy.pl\/index.php?rest_route=\/wp\/v2\/pages\/4204"}],"wp:attachment":[{"href":"https:\/\/elektrosystemy.pl\/index.php?rest_route=%2Fwp%2Fv2%2Fmedia&parent=12700"}],"curies":[{"name":"wp","href":"https:\/\/api.w.org\/{rel}","templated":true}]}}