{"id":13254,"date":"2015-12-29T10:37:42","date_gmt":"2015-12-29T09:37:42","guid":{"rendered":"http:\/\/elektrosystemy.pl\/?page_id=13254"},"modified":"2016-08-02T19:48:31","modified_gmt":"2016-08-02T17:48:31","slug":"grudzien-2015","status":"publish","type":"page","link":"https:\/\/elektrosystemy.pl\/?page_id=13254","title":{"rendered":"Grudzie\u0144 2015"},"content":{"rendered":"<p><span style=\"font-size: 12pt;\"><a href=\"http:\/\/elektrosystemy.pl\/wp-content\/uploads\/2015\/11\/26\/grudzien-2015\/ES_12_2015_spis_tr.jpg\"><img loading=\"lazy\" class=\"alignnone wp-image-12691 size-full\" src=\"http:\/\/elektrosystemy.pl\/wp-content\/uploads\/2015\/11\/26\/grudzien-2015\/ES_12_2015_spis_tr.jpg\" alt=\"\" width=\"2457\" height=\"1770\" srcset=\"https:\/\/elektrosystemy.pl\/wp-content\/uploads\/2015\/11\/26\/grudzien-2015\/ES_12_2015_spis_tr.jpg 2457w, https:\/\/elektrosystemy.pl\/wp-content\/uploads\/2015\/11\/26\/grudzien-2015\/ES_12_2015_spis_tr-600x432.jpg 600w, https:\/\/elektrosystemy.pl\/wp-content\/uploads\/2015\/11\/26\/grudzien-2015\/ES_12_2015_spis_tr-300x216.jpg 300w, https:\/\/elektrosystemy.pl\/wp-content\/uploads\/2015\/11\/26\/grudzien-2015\/ES_12_2015_spis_tr-1024x738.jpg 1024w\" sizes=\"(max-width: 2457px) 100vw, 2457px\" \/><\/a><a href=\"http:\/\/www.wp.elektrosystemy.pl\/wp-content\/uploads\/2015\/01\/08\/copy-of-marzec-2014\/ES_02_2014.jpg\"><br \/>\n<\/a><\/span><\/p>\n<p><span style=\"font-size: 12pt;\"><a href=\"http:\/\/elektrosystemy.pl\/wp-content\/uploads\/2015\/11\/26\/grudzien-2015\/ES_12_2015.jpg\"><img loading=\"lazy\" class=\"alignleft wp-image-12692 size-medium\" src=\"http:\/\/elektrosystemy.pl\/wp-content\/uploads\/2015\/11\/26\/grudzien-2015\/ES_12_2015-210x300.jpg\" alt=\"\" width=\"210\" height=\"300\" srcset=\"https:\/\/elektrosystemy.pl\/wp-content\/uploads\/2015\/11\/26\/grudzien-2015\/ES_12_2015-210x300.jpg 210w, https:\/\/elektrosystemy.pl\/wp-content\/uploads\/2015\/11\/26\/grudzien-2015\/ES_12_2015.jpg 600w\" sizes=\"(max-width: 210px) 100vw, 210px\" \/><\/a><span style=\"color: #ffffff; background-color: #ff0000;\"><strong>\u00a0AKTUALNO\u015aCI <\/strong><\/span><\/span><br \/>\n<span style=\"font-size: 12pt;\"> <b>12<\/b>\u00a0<strong>Indeks koniunktury ELEKTROSYSTEM\u00d3W<\/strong><\/span><br \/>\n<span style=\"font-size: 12pt;\"> Bran\u017ca elektrotechniczna wci\u0105\u017c mocno ro\u015bnie<\/span><br \/>\n<span style=\"font-size: 12pt;\"> <b>14<\/b>\u00a0<strong>Gie\u0142dowy Indeks ELEKTROSYSTEM\u00d3W<\/strong><\/span><br \/>\n<span style=\"font-size: 12pt;\"> Du\u017cy spadek gie\u0142dowych producent\u00f3w<\/span><br \/>\n<span style=\"font-size: 12pt;\"> <b>16<\/b>\u00a0Produkcja wybranych artyku\u0142\u00f3w elektrotechnicznych \u2013 IX\u00a02015<\/span><br \/>\n<span style=\"font-size: 12pt;\"> <strong>17<\/strong> A-T, Kaczmarek Electric i TIM powo\u0142uj\u0105 Grup\u0119 TAK<\/span><br \/>\n<span style=\"font-size: 12pt;\"> <b>18<\/b> Relpol znacz\u0105co zwi\u0119ksza eksport na rynek niemiecki<\/span><br \/>\n<span style=\"font-size: 12pt;\"> <b>19<\/b> Apanet ro\u015bnie skokowo i liczy na podb\u00f3j Ameryki<\/span><br \/>\n<span style=\"font-size: 12pt;\"> <b>20<\/b> Coface: lepsze perspektywy dla rynku PV w Europie<\/span><br \/>\n<span style=\"font-size: 12pt;\"> <strong>21 <\/strong>Valmont Polska usprawnia produkcj\u0119 <\/span><br \/>\n<span style=\"font-size: 12pt;\"> <strong>22 <\/strong>Hummel rozszerza ofert\u0119 po przej\u0119ciu firmy Jaeger<\/span><br \/>\n<span style=\"font-size: 12pt;\"> <strong>23 <\/strong>Siemens podpisa\u0142 umow\u0119 z w\u0142adzami P\u0142ocka<\/span><br \/>\n<span style=\"font-size: 12pt;\"> <strong>23 <\/strong>Wago Elwag zainwestuje 40 mln z\u0142 <\/span><br \/>\n<span style=\"font-size: 12pt;\"> <strong>24 <\/strong>Emiter i Zeversolar nawi\u0105zuj\u0105 wsp\u00f3\u0142prac\u0119 <\/span><br \/>\n<span style=\"font-size: 12pt;\"> <strong>24 <\/strong>Budowa elektrowni PV o mocy 100 MW coraz bli\u017cej<\/span><br \/>\n<span style=\"font-size: 12pt;\"> <strong>25 <\/strong>Przychody Alumastu dynamicznie rosn\u0105<\/span><br \/>\n<span style=\"font-size: 12pt;\"> <strong>25 <\/strong>Grupa Radpol notuje du\u017cy spadek zysku netto<\/span><br \/>\n<span style=\"font-size: 12pt;\"> <strong>26 <\/strong>Ericsson wspiera wdra\u017canie smart licznik\u00f3w w Salzburgu<\/span><br \/>\n<span style=\"font-size: 12pt;\"> <strong>26 <\/strong>Semicoin i ITR uczestnicz\u0105 w projekcie Horizon 2020<\/span><\/p>\n<p><span style=\"font-size: 12pt;\"><strong><span style=\"color: #ffffff; background-color: #45aec5;\">\u00a0AUTOMATYKA\u00a0<\/span><br \/>\n<\/strong><b>28<\/b>\u00a0System I\/O Axioline F w energetyce<\/span><\/p>\n<p><span style=\"font-size: 12pt;\"><strong style=\"font-size: 12pt;\"><span style=\"background-color: #007dc5;\"><strong>\u00a0<span style=\"color: #ffffff;\">ZASILANIE<\/span>\u00a0<\/strong><\/span><br \/>\n<\/strong><b>56<\/b> Stabilizatory napi\u0119cia sieciowego firmy Delta Elektrik<\/span><br \/>\n<span style=\"font-size: 12pt;\"> <b>58<\/b> Zasilacz UPS Eaton 93PS<\/span><br \/>\n<span style=\"font-size: 12pt;\"> <b>60<\/b> Zasilacz UPS Modulys Green Power 2.0 od 25 do 600 kW<\/span><br \/>\n<span style=\"font-size: 12pt;\"> <b>62<\/b> Bezwentylatorowe zasilacze HEP do pracy w ci\u0119\u017ckich warunkach<\/span><\/p>\n<p><span style=\"font-size: 12pt;\"><strong style=\"font-size: 12pt;\"><span style=\"background-color: #fcd800;\"><strong>\u00a0<span style=\"color: #ffffff;\">TECHNIKA \u015aWIETLNA<\/span>\u00a0<\/strong><\/span><br \/>\n<\/strong><b>64<\/b> Oprawy specjalne High Bay Led marki Lumax<\/span><br \/>\n<span style=\"font-size: 12pt;\"> <b>68<\/b> \u017bar\u00f3wka ledowa Mirageball Classic A firmy Verbatim<\/span><\/p>\n<p><span style=\"font-size: 12pt;\"><strong><span style=\"color: #ffffff; background-color: #c74a46;\">\u00a0KABLE I PRZEWODY\u00a0<\/span><br \/>\n<\/strong><strong>70<\/strong> Produkty Lapp Kabel w bolidzie solarnym na WSC 2015<\/span><\/p>\n<p><span style=\"font-size: 12pt;\"><strong style=\"font-size: 12pt;\"><span style=\"background-color: #a54686;\"><strong>\u00a0<span style=\"color: #ffffff;\">ROZDZIA\u0141 ENERGII<\/span>\u00a0<\/strong><\/span><br \/>\n<\/strong><b>72<\/b> Kompaktowy wy\u0142\u0105cznik pr\u00f3\u017cniowy SN Sion 3AE5 firmy Siemens<\/span><\/p>\n<p><span style=\"font-size: 12pt;\"><strong style=\"font-size: 12pt;\"><span style=\"color: #ffffff; background-color: #8db8b4;\">\u00a0NORMY I PRZEPISY\u00a0<\/span><br \/>\n<\/strong><b style=\"font-size: 12pt;\">74<\/b> Deklaracja Zgodno\u015bci WE i oznakowanie CE w elektrotechnice<\/span><br \/>\n<b style=\"font-size: 12pt;\"><\/b><\/p>\n<p><span style=\"font-size: 12pt;\"><strong><span style=\"color: #ffffff; background-color: #b191af;\">\u00a0PRZETARGI I INWESTYCJE\u00a0<\/span><br \/>\n<\/strong><b>79<\/b>\u00a0Planowane inwestycje<\/span><br \/>\n<span style=\"font-size: 12pt;\"><b>82<\/b>\u00a0Oferty, zlecenia os\u00f3b i firm prywatnych<\/span><br \/>\n<span style=\"font-size: 12pt;\"><b>84<\/b>\u00a0Przetargi w bran\u017cy elektrotechnicznej i energetycznej<\/span><\/p>\n<p><span style=\"font-size: 12pt;\"><strong><span style=\"background-color: #ff0000; color: #ffffff;\">\u00a0WYDARZENIA\u00a0<em><br \/>\n<\/em><\/span><b>93<\/b>\u00a0<\/strong>Relacje z targ\u00f3w, wydarze\u0144, spotka\u0144\u00a0bran\u017cowych<strong><br \/>\n<\/strong><\/span><\/p>\n<h4><span style=\"font-size: 12pt;\"><strong>Dodatek:\u00a0&#8220;ZASILANIE&#8221;<\/strong><\/span><\/h4>\n<p><span style=\"font-size: 12pt;\"><a href=\"http:\/\/elektrosystemy.pl\/wp-content\/uploads\/2015\/11\/26\/grudzien-2015\/Dod_12_2015.jpg\"><img loading=\"lazy\" class=\"alignleft wp-image-12704\" src=\"http:\/\/elektrosystemy.pl\/wp-content\/uploads\/2015\/11\/26\/grudzien-2015\/Dod_12_2015-200x300.jpg\" alt=\"\" width=\"198\" height=\"297\" srcset=\"https:\/\/elektrosystemy.pl\/wp-content\/uploads\/2015\/11\/26\/grudzien-2015\/Dod_12_2015-200x300.jpg 200w, https:\/\/elektrosystemy.pl\/wp-content\/uploads\/2015\/11\/26\/grudzien-2015\/Dod_12_2015.jpg 600w\" sizes=\"(max-width: 198px) 100vw, 198px\" \/><\/a><strong style=\"font-size: 12pt;\">\u00a04<\/strong> Rynek zasilania rozwija si\u0119 stabilnie<\/span><br \/>\n<span style=\"font-size: 12pt;\"><b>16<\/b> Zasilacze UPS<br \/>\n<\/span><strong>20<\/strong> <span style=\"font-size: 12pt;\">Zasilacze UPS\u2013 przegl\u0105d oferty rynkowej<\/span><br \/>\n<span style=\"font-size: 12pt;\"><b>32<\/b> Inwertery w instalacjach fotowoltaicznych (PV)<br \/>\n<strong>34<\/strong>\u00a0Falowniki PV \u2013 oferta rynkowa<br \/>\n<strong>38<\/strong>\u00a0Zespo\u0142y pr\u0105dotw\u00f3rcze \u2013 oferta rynkowa\u00a0<\/span><\/p>\n<p>&nbsp;<\/p>\n","protected":false},"excerpt":{"rendered":"<p>\u00a0AKTUALNO\u015aCI 12\u00a0Indeks koniunktury ELEKTROSYSTEM\u00d3W Bran\u017ca elektrotechniczna wci\u0105\u017c mocno ro\u015bnie 14\u00a0Gie\u0142dowy Indeks ELEKTROSYSTEM\u00d3W Du\u017cy spadek gie\u0142dowych producent\u00f3w 16\u00a0Produkcja wybranych artyku\u0142\u00f3w elektrotechnicznych \u2013 IX\u00a02015 17 A-T, Kaczmarek Electric i TIM powo\u0142uj\u0105 Grup\u0119 TAK 18 Relpol znacz\u0105co zwi\u0119ksza eksport na rynek niemiecki 19 Apanet ro\u015bnie skokowo i liczy na podb\u00f3j Ameryki 20 Coface: lepsze perspektywy dla rynku PV&hellip;<\/p>\n","protected":false},"author":2,"featured_media":0,"parent":4204,"menu_order":12,"comment_status":"closed","ping_status":"closed","template":"","meta":[],"_links":{"self":[{"href":"https:\/\/elektrosystemy.pl\/index.php?rest_route=\/wp\/v2\/pages\/13254"}],"collection":[{"href":"https:\/\/elektrosystemy.pl\/index.php?rest_route=\/wp\/v2\/pages"}],"about":[{"href":"https:\/\/elektrosystemy.pl\/index.php?rest_route=\/wp\/v2\/types\/page"}],"author":[{"embeddable":true,"href":"https:\/\/elektrosystemy.pl\/index.php?rest_route=\/wp\/v2\/users\/2"}],"replies":[{"embeddable":true,"href":"https:\/\/elektrosystemy.pl\/index.php?rest_route=%2Fwp%2Fv2%2Fcomments&post=13254"}],"version-history":[{"count":1,"href":"https:\/\/elektrosystemy.pl\/index.php?rest_route=\/wp\/v2\/pages\/13254\/revisions"}],"predecessor-version":[{"id":13255,"href":"https:\/\/elektrosystemy.pl\/index.php?rest_route=\/wp\/v2\/pages\/13254\/revisions\/13255"}],"up":[{"embeddable":true,"href":"https:\/\/elektrosystemy.pl\/index.php?rest_route=\/wp\/v2\/pages\/4204"}],"wp:attachment":[{"href":"https:\/\/elektrosystemy.pl\/index.php?rest_route=%2Fwp%2Fv2%2Fmedia&parent=13254"}],"curies":[{"name":"wp","href":"https:\/\/api.w.org\/{rel}","templated":true}]}}