{"id":15581,"date":"2016-02-01T11:02:11","date_gmt":"2016-02-01T10:02:11","guid":{"rendered":"http:\/\/elektrosystemy.pl\/?page_id=15581"},"modified":"2019-04-13T21:32:26","modified_gmt":"2019-04-13T19:32:26","slug":"archiwum-2016","status":"publish","type":"page","link":"https:\/\/elektrosystemy.pl\/?page_id=15581","title":{"rendered":"Archiwum 2016"},"content":{"rendered":"<h2 style=\"text-align: center;\"><strong>GRUDZIE\u0143 2016<\/strong><\/h2>\n<p style=\"text-align: left;\"><a href=\"http:\/\/elektrosystemy.pl\/?page_id=21217\"><img loading=\"lazy\" class=\"aligncenter wp-image-21219\" src=\"http:\/\/elektrosystemy.pl\/wp-content\/uploads\/2016\/02\/01\/archiwum-2016\/Okladki_ES_12_2016.jpg\" width=\"700\" height=\"506\" srcset=\"https:\/\/elektrosystemy.pl\/wp-content\/uploads\/2016\/02\/01\/archiwum-2016\/Okladki_ES_12_2016.jpg 1000w, https:\/\/elektrosystemy.pl\/wp-content\/uploads\/2016\/02\/01\/archiwum-2016\/Okladki_ES_12_2016-600x434.jpg 600w, https:\/\/elektrosystemy.pl\/wp-content\/uploads\/2016\/02\/01\/archiwum-2016\/Okladki_ES_12_2016-300x217.jpg 300w, https:\/\/elektrosystemy.pl\/wp-content\/uploads\/2016\/02\/01\/archiwum-2016\/Okladki_ES_12_2016-768x555.jpg 768w\" sizes=\"(max-width: 700px) 100vw, 700px\" \/><\/a><\/p>\n<h2 style=\"text-align: center;\"><strong>LISTOPAD 2016<\/strong><\/h2>\n<p style=\"text-align: left;\"><a href=\" http:\/\/elektrosystemy.pl\/?page_id=20265\"><img loading=\"lazy\" class=\"aligncenter wp-image-20604\" src=\"http:\/\/elektrosystemy.pl\/wp-content\/uploads\/2016\/02\/01\/archiwum-2016\/Okladki_ES_11_2016.jpg\" width=\"700\" height=\"506\" srcset=\"https:\/\/elektrosystemy.pl\/wp-content\/uploads\/2016\/02\/01\/archiwum-2016\/Okladki_ES_11_2016.jpg 1000w, https:\/\/elektrosystemy.pl\/wp-content\/uploads\/2016\/02\/01\/archiwum-2016\/Okladki_ES_11_2016-600x434.jpg 600w, https:\/\/elektrosystemy.pl\/wp-content\/uploads\/2016\/02\/01\/archiwum-2016\/Okladki_ES_11_2016-300x217.jpg 300w, https:\/\/elektrosystemy.pl\/wp-content\/uploads\/2016\/02\/01\/archiwum-2016\/Okladki_ES_11_2016-768x555.jpg 768w\" sizes=\"(max-width: 700px) 100vw, 700px\" \/><\/a><\/p>\n<h2 style=\"text-align: center;\"><strong>PA\u0179DZIERNIK 2016<\/strong><\/h2>\n<p style=\"text-align: left;\"><a href=\"http:\/\/elektrosystemy.pl\/?page_id=20176\"><img loading=\"lazy\" class=\"aligncenter wp-image-20175\" src=\"http:\/\/elektrosystemy.pl\/wp-content\/uploads\/2016\/02\/01\/archiwum-2016\/Okladki_ES_10_2016.jpg\" width=\"700\" height=\"506\" srcset=\"https:\/\/elektrosystemy.pl\/wp-content\/uploads\/2016\/02\/01\/archiwum-2016\/Okladki_ES_10_2016.jpg 1000w, https:\/\/elektrosystemy.pl\/wp-content\/uploads\/2016\/02\/01\/archiwum-2016\/Okladki_ES_10_2016-600x434.jpg 600w, https:\/\/elektrosystemy.pl\/wp-content\/uploads\/2016\/02\/01\/archiwum-2016\/Okladki_ES_10_2016-300x217.jpg 300w, https:\/\/elektrosystemy.pl\/wp-content\/uploads\/2016\/02\/01\/archiwum-2016\/Okladki_ES_10_2016-768x555.jpg 768w\" sizes=\"(max-width: 700px) 100vw, 700px\" \/><\/a><\/p>\n<h2 style=\"text-align: center;\"><strong>WRZESIE\u0143\u00a02016<\/strong><\/h2>\n<p style=\"text-align: left;\"><a href=\"http:\/\/elektrosystemy.pl\/?page_id=19836\"><img loading=\"lazy\" class=\"aligncenter wp-image-19840\" src=\"http:\/\/elektrosystemy.pl\/wp-content\/uploads\/2016\/02\/01\/archiwum-2016\/Okladki_ES_09_2016.jpg\" width=\"700\" height=\"506\" srcset=\"https:\/\/elektrosystemy.pl\/wp-content\/uploads\/2016\/02\/01\/archiwum-2016\/Okladki_ES_09_2016.jpg 1000w, https:\/\/elektrosystemy.pl\/wp-content\/uploads\/2016\/02\/01\/archiwum-2016\/Okladki_ES_09_2016-600x434.jpg 600w, https:\/\/elektrosystemy.pl\/wp-content\/uploads\/2016\/02\/01\/archiwum-2016\/Okladki_ES_09_2016-300x217.jpg 300w, https:\/\/elektrosystemy.pl\/wp-content\/uploads\/2016\/02\/01\/archiwum-2016\/Okladki_ES_09_2016-768x555.jpg 768w\" sizes=\"(max-width: 700px) 100vw, 700px\" \/><\/a><\/p>\n<h2 style=\"text-align: center;\"><strong>SIERPIE\u0143 2016<\/strong><\/h2>\n<p style=\"text-align: left;\"><a href=\"http:\/\/elektrosystemy.pl\/?page_id=18725\"><img loading=\"lazy\" class=\"aligncenter wp-image-19046\" src=\"http:\/\/elektrosystemy.pl\/wp-content\/uploads\/2016\/02\/01\/archiwum-2016\/Okladki_ES_08_2015.jpg\" width=\"700\" height=\"506\" srcset=\"https:\/\/elektrosystemy.pl\/wp-content\/uploads\/2016\/02\/01\/archiwum-2016\/Okladki_ES_08_2015.jpg 1000w, https:\/\/elektrosystemy.pl\/wp-content\/uploads\/2016\/02\/01\/archiwum-2016\/Okladki_ES_08_2015-600x434.jpg 600w, https:\/\/elektrosystemy.pl\/wp-content\/uploads\/2016\/02\/01\/archiwum-2016\/Okladki_ES_08_2015-300x217.jpg 300w, https:\/\/elektrosystemy.pl\/wp-content\/uploads\/2016\/02\/01\/archiwum-2016\/Okladki_ES_08_2015-768x555.jpg 768w\" sizes=\"(max-width: 700px) 100vw, 700px\" \/><\/a><\/p>\n<h2 style=\"text-align: center;\"><strong>LIPIEC\u00a02016<\/strong><\/h2>\n<p style=\"text-align: left;\"><a href=\"http:\/\/elektrosystemy.pl\/?page_id=18744\"><img loading=\"lazy\" class=\"aligncenter wp-image-18238\" src=\"http:\/\/elektrosystemy.pl\/wp-content\/uploads\/2016\/02\/01\/archiwum-2016\/Okladki_ES_07_2016.jpg\" width=\"700\" height=\"506\" srcset=\"https:\/\/elektrosystemy.pl\/wp-content\/uploads\/2016\/02\/01\/archiwum-2016\/Okladki_ES_07_2016.jpg 1000w, https:\/\/elektrosystemy.pl\/wp-content\/uploads\/2016\/02\/01\/archiwum-2016\/Okladki_ES_07_2016-600x434.jpg 600w, https:\/\/elektrosystemy.pl\/wp-content\/uploads\/2016\/02\/01\/archiwum-2016\/Okladki_ES_07_2016-300x217.jpg 300w, https:\/\/elektrosystemy.pl\/wp-content\/uploads\/2016\/02\/01\/archiwum-2016\/Okladki_ES_07_2016-768x555.jpg 768w\" sizes=\"(max-width: 700px) 100vw, 700px\" \/><\/a><\/p>\n<h2 style=\"text-align: center;\"><strong>CZERWIEC 2016<\/strong><\/h2>\n<p style=\"text-align: left;\"><a href=\"http:\/\/elektrosystemy.pl\/?page_id=18236 \"><img loading=\"lazy\" class=\"aligncenter wp-image-18239\" src=\"http:\/\/elektrosystemy.pl\/wp-content\/uploads\/2016\/02\/01\/archiwum-2016\/Okladki_ES_06_2016.jpg\" width=\"700\" height=\"506\" srcset=\"https:\/\/elektrosystemy.pl\/wp-content\/uploads\/2016\/02\/01\/archiwum-2016\/Okladki_ES_06_2016.jpg 1000w, https:\/\/elektrosystemy.pl\/wp-content\/uploads\/2016\/02\/01\/archiwum-2016\/Okladki_ES_06_2016-600x434.jpg 600w, https:\/\/elektrosystemy.pl\/wp-content\/uploads\/2016\/02\/01\/archiwum-2016\/Okladki_ES_06_2016-300x217.jpg 300w, https:\/\/elektrosystemy.pl\/wp-content\/uploads\/2016\/02\/01\/archiwum-2016\/Okladki_ES_06_2016-768x555.jpg 768w\" sizes=\"(max-width: 700px) 100vw, 700px\" \/><\/a><\/p>\n<h2 style=\"text-align: center;\"><strong>MAJ\u00a02016<\/strong><\/h2>\n<p style=\"text-align: left;\"><a href=\"http:\/\/elektrosystemy.pl\/?page_id=17628\"><img loading=\"lazy\" class=\"aligncenter wp-image-17630\" src=\"http:\/\/elektrosystemy.pl\/wp-content\/uploads\/2016\/02\/01\/archiwum-2016\/Okladki_ES_05_2016.jpg\" width=\"700\" height=\"338\" srcset=\"https:\/\/elektrosystemy.pl\/wp-content\/uploads\/2016\/02\/01\/archiwum-2016\/Okladki_ES_05_2016.jpg 1024w, https:\/\/elektrosystemy.pl\/wp-content\/uploads\/2016\/02\/01\/archiwum-2016\/Okladki_ES_05_2016-600x289.jpg 600w, https:\/\/elektrosystemy.pl\/wp-content\/uploads\/2016\/02\/01\/archiwum-2016\/Okladki_ES_05_2016-300x145.jpg 300w, https:\/\/elektrosystemy.pl\/wp-content\/uploads\/2016\/02\/01\/archiwum-2016\/Okladki_ES_05_2016-768x371.jpg 768w\" sizes=\"(max-width: 700px) 100vw, 700px\" \/><\/a><\/p>\n<h2 style=\"text-align: center;\"><strong>KWIECIE\u0143 2016<\/strong><\/h2>\n<p style=\"text-align: left;\"><a href=\"http:\/\/elektrosystemy.pl\/?page_id=17048&amp;preview=true \"><img loading=\"lazy\" class=\"aligncenter wp-image-17050\" src=\"http:\/\/elektrosystemy.pl\/wp-content\/uploads\/2016\/02\/01\/archiwum-2016\/Okladki_ES_04_2016.jpg\" alt=\"\" width=\"700\" height=\"338\" srcset=\"https:\/\/elektrosystemy.pl\/wp-content\/uploads\/2016\/02\/01\/archiwum-2016\/Okladki_ES_04_2016.jpg 1024w, https:\/\/elektrosystemy.pl\/wp-content\/uploads\/2016\/02\/01\/archiwum-2016\/Okladki_ES_04_2016-600x289.jpg 600w, https:\/\/elektrosystemy.pl\/wp-content\/uploads\/2016\/02\/01\/archiwum-2016\/Okladki_ES_04_2016-300x145.jpg 300w, https:\/\/elektrosystemy.pl\/wp-content\/uploads\/2016\/02\/01\/archiwum-2016\/Okladki_ES_04_2016-768x371.jpg 768w\" sizes=\"(max-width: 700px) 100vw, 700px\" \/><\/a><\/p>\n<h2 style=\"text-align: center;\"><strong>MARZEC 2016<\/strong><\/h2>\n<p style=\"text-align: left;\"><a href=\"http:\/\/elektrosystemy.pl\/?page_id=16653\"><img loading=\"lazy\" class=\"aligncenter wp-image-16655\" src=\"http:\/\/elektrosystemy.pl\/wp-content\/uploads\/2016\/02\/01\/archiwum-2016\/Okladki_ES_03_2016.jpg\" alt=\"\" width=\"700\" height=\"506\" srcset=\"https:\/\/elektrosystemy.pl\/wp-content\/uploads\/2016\/02\/01\/archiwum-2016\/Okladki_ES_03_2016.jpg 1000w, https:\/\/elektrosystemy.pl\/wp-content\/uploads\/2016\/02\/01\/archiwum-2016\/Okladki_ES_03_2016-600x434.jpg 600w, https:\/\/elektrosystemy.pl\/wp-content\/uploads\/2016\/02\/01\/archiwum-2016\/Okladki_ES_03_2016-300x217.jpg 300w, https:\/\/elektrosystemy.pl\/wp-content\/uploads\/2016\/02\/01\/archiwum-2016\/Okladki_ES_03_2016-768x555.jpg 768w\" sizes=\"(max-width: 700px) 100vw, 700px\" \/><\/a><\/p>\n<h2 style=\"text-align: center;\"><strong>LUTY 2016<\/strong><\/h2>\n<p style=\"text-align: left;\"><a href=\"http:\/\/elektrosystemy.pl\/?page_id=16099\"><img loading=\"lazy\" class=\"aligncenter wp-image-16150\" src=\"http:\/\/elektrosystemy.pl\/wp-content\/uploads\/2016\/02\/01\/archiwum-2016\/Okladki_ES_02_2016.jpg\" alt=\"\" width=\"700\" height=\"506\" srcset=\"https:\/\/elektrosystemy.pl\/wp-content\/uploads\/2016\/02\/01\/archiwum-2016\/Okladki_ES_02_2016.jpg 1000w, https:\/\/elektrosystemy.pl\/wp-content\/uploads\/2016\/02\/01\/archiwum-2016\/Okladki_ES_02_2016-600x434.jpg 600w, https:\/\/elektrosystemy.pl\/wp-content\/uploads\/2016\/02\/01\/archiwum-2016\/Okladki_ES_02_2016-300x217.jpg 300w\" sizes=\"(max-width: 700px) 100vw, 700px\" \/><\/a><\/p>\n<h2 style=\"text-align: center;\"><strong>STYCZE\u0143 2016<\/strong><\/h2>\n<p style=\"text-align: left;\"><a href=\"http:\/\/elektrosystemy.pl\/?page_id=15579\"><img loading=\"lazy\" class=\"aligncenter wp-image-15592\" src=\"http:\/\/elektrosystemy.pl\/wp-content\/uploads\/2016\/02\/01\/archiwum-2016\/Okladki_ES_01_2016.jpg\" alt=\"\" width=\"700\" height=\"506\" srcset=\"https:\/\/elektrosystemy.pl\/wp-content\/uploads\/2016\/02\/01\/archiwum-2016\/Okladki_ES_01_2016.jpg 1000w, https:\/\/elektrosystemy.pl\/wp-content\/uploads\/2016\/02\/01\/archiwum-2016\/Okladki_ES_01_2016-600x434.jpg 600w, https:\/\/elektrosystemy.pl\/wp-content\/uploads\/2016\/02\/01\/archiwum-2016\/Okladki_ES_01_2016-300x217.jpg 300w\" sizes=\"(max-width: 700px) 100vw, 700px\" \/><\/a><\/p>\n","protected":false},"excerpt":{"rendered":"<p>GRUDZIE\u0143 2016 LISTOPAD 2016 PA\u0179DZIERNIK 2016 WRZESIE\u0143\u00a02016 SIERPIE\u0143 2016 LIPIEC\u00a02016 CZERWIEC 2016 MAJ\u00a02016 KWIECIE\u0143 2016 MARZEC 2016 LUTY 2016 STYCZE\u0143 2016&hellip;<\/p>\n","protected":false},"author":2,"featured_media":0,"parent":2251,"menu_order":2016,"comment_status":"closed","ping_status":"closed","template":"","meta":[],"_links":{"self":[{"href":"https:\/\/elektrosystemy.pl\/index.php?rest_route=\/wp\/v2\/pages\/15581"}],"collection":[{"href":"https:\/\/elektrosystemy.pl\/index.php?rest_route=\/wp\/v2\/pages"}],"about":[{"href":"https:\/\/elektrosystemy.pl\/index.php?rest_route=\/wp\/v2\/types\/page"}],"author":[{"embeddable":true,"href":"https:\/\/elektrosystemy.pl\/index.php?rest_route=\/wp\/v2\/users\/2"}],"replies":[{"embeddable":true,"href":"https:\/\/elektrosystemy.pl\/index.php?rest_route=%2Fwp%2Fv2%2Fcomments&post=15581"}],"version-history":[{"count":18,"href":"https:\/\/elektrosystemy.pl\/index.php?rest_route=\/wp\/v2\/pages\/15581\/revisions"}],"predecessor-version":[{"id":21220,"href":"https:\/\/elektrosystemy.pl\/index.php?rest_route=\/wp\/v2\/pages\/15581\/revisions\/21220"}],"up":[{"embeddable":true,"href":"https:\/\/elektrosystemy.pl\/index.php?rest_route=\/wp\/v2\/pages\/2251"}],"wp:attachment":[{"href":"https:\/\/elektrosystemy.pl\/index.php?rest_route=%2Fwp%2Fv2%2Fmedia&parent=15581"}],"curies":[{"name":"wp","href":"https:\/\/api.w.org\/{rel}","templated":true}]}}