{"id":16099,"date":"2016-02-25T13:38:10","date_gmt":"2016-02-25T12:38:10","guid":{"rendered":"http:\/\/elektrosystemy.pl\/?page_id=16099"},"modified":"2016-05-05T07:46:56","modified_gmt":"2016-05-05T05:46:56","slug":"luty-2016","status":"publish","type":"page","link":"https:\/\/elektrosystemy.pl\/?page_id=16099","title":{"rendered":"Luty 2016"},"content":{"rendered":"<p><span style=\"font-size: 12pt;\"><a href=\"http:\/\/elektrosystemy.pl\/wp-content\/uploads\/2016\/02\/01\/copy-of-najnowsze-wydanie-luty-2016\/ES_2016_02_spis.jpg\"><img loading=\"lazy\" class=\"aligncenter wp-image-15602\" src=\"http:\/\/elektrosystemy.pl\/wp-content\/uploads\/2016\/02\/01\/copy-of-najnowsze-wydanie-luty-2016\/ES_2016_02_spis.jpg\" alt=\"\" width=\"750\" height=\"545\" srcset=\"https:\/\/elektrosystemy.pl\/wp-content\/uploads\/2016\/02\/01\/copy-of-najnowsze-wydanie-luty-2016\/ES_2016_02_spis.jpg 2475w, https:\/\/elektrosystemy.pl\/wp-content\/uploads\/2016\/02\/01\/copy-of-najnowsze-wydanie-luty-2016\/ES_2016_02_spis-600x436.jpg 600w, https:\/\/elektrosystemy.pl\/wp-content\/uploads\/2016\/02\/01\/copy-of-najnowsze-wydanie-luty-2016\/ES_2016_02_spis-300x218.jpg 300w, https:\/\/elektrosystemy.pl\/wp-content\/uploads\/2016\/02\/01\/copy-of-najnowsze-wydanie-luty-2016\/ES_2016_02_spis-1024x744.jpg 1024w\" sizes=\"(max-width: 750px) 100vw, 750px\" \/><\/a><\/span><\/p>\n<p><span style=\"font-size: 12pt;\"><a href=\"http:\/\/elektrosystemy.pl\/wp-content\/uploads\/2016\/02\/01\/copy-of-najnowsze-wydanie-luty-2016\/Okladka_ES_02_2016.jpg\"><img loading=\"lazy\" class=\"wp-image-15663 size-medium alignleft\" src=\"http:\/\/elektrosystemy.pl\/wp-content\/uploads\/2016\/02\/01\/copy-of-najnowsze-wydanie-luty-2016\/Okladka_ES_02_2016-207x300.jpg\" alt=\"\" width=\"207\" height=\"300\" \/><\/a><span style=\"color: #ffffff; background-color: #ff0000;\"><strong>\u00a0AKTUALNO\u015aCI <\/strong><\/span><\/span><br \/>\n<span style=\"font-size: 12pt;\"> <b>12<\/b>\u00a0<strong>Indeks koniunktury ELEKTROSYSTEM\u00d3W<\/strong><\/span><br \/>\n<span style=\"font-size: 12pt;\">Ko\u0144c\u00f3wka roku na niewielkim plusie<\/span><br \/>\n<span style=\"font-size: 12pt;\"> <b>14<\/b>\u00a0<strong>Gie\u0142dowy Indeks ELEKTROSYSTEM\u00d3W<\/strong><\/span><br \/>\n<span style=\"font-size: 12pt;\">Gie\u0142da: wyhamowanie spadkowego trendu<\/span><br \/>\n<span style=\"font-size: 12pt;\"> <b>16<\/b>\u00a0Produkcja wybranych artyku\u0142\u00f3w<br \/>\nelektrotechnicznych \u2013 XI 2015<\/span><br \/>\n<span style=\"font-size: 12pt;\"> <strong>17<\/strong> Rexel wycofuje si\u0119 z polskiego rynku<\/span><br \/>\n<span style=\"font-size: 12pt;\"> <b>18<\/b> El-Plus, Elektro-Holding i Elmega tworz\u0105 jedn\u0105 grup\u0119<\/span><br \/>\n<span style=\"font-size: 12pt;\"> <b>19<\/b> Grupa Kesko kupuje Onninena za 369 mln euro<\/span><br \/>\n<span style=\"font-size: 12pt;\"> <b>20<\/b> ZREW Transformatory ma nowego w\u0142a\u015bciciela<\/span><br \/>\n<span style=\"font-size: 12pt;\"> <strong>21 <\/strong>Apanet wchodzi w nowe segmenty rynku\u00a0<\/span><br \/>\n<span style=\"font-size: 12pt;\"> <strong>22\u00a0<\/strong>Danfoss Poland przej\u0105\u0142 Vacon<\/span><br \/>\n<span style=\"font-size: 12pt;\"> <strong>23\u00a0<\/strong>Fortum chce kupi\u0107 gie\u0142dow\u0105 Grup\u0119 Duon<\/span><br \/>\n<span style=\"font-size: 12pt;\"> <strong>24\u00a0<\/strong>Energoaparatura dostaje kolejne zlecenia od Tauronu \u00a0<\/span><br \/>\n<span style=\"font-size: 12pt;\"> <strong>24\u00a0<\/strong>Ampli powalczy przed s\u0105dem o 4 mln z\u0142 nale\u017cno\u015bci od B&amp;K\u00a0<\/span><br \/>\n<span style=\"font-size: 12pt;\"> <strong>25\u00a0<\/strong>Astat zaprasza na konferencj\u0119 Jako\u015b\u0107 Energii Elektrycznej<\/span><br \/>\n<span style=\"font-size: 12pt;\"> <strong>25\u00a0<\/strong>TME otwiera biuro w Holandii<\/span><br \/>\n<span style=\"font-size: 12pt;\"> <strong>26\u00a0<\/strong>K-T-P zwi\u0119ksza zaplecze produkcyjne w Bia\u0142ogardzie<br \/>\n<strong>26\u00a0<\/strong>Grodno przejmuje sp\u00f3\u0142k\u0119 Centropol<br \/>\n<strong>27\u00a0<\/strong>Gamesa sprzeda\u0142a farm\u0119 wiatrow\u0105 w Polsce<br \/>\n<strong>27\u00a0<\/strong>Expopower rozszerza formu\u0142\u0119 o nowe wydarzenia<br \/>\n<strong>28\u00a0<\/strong>Atende przejmuje Energy Data Lab<br \/>\n<strong>28\u00a0<\/strong>Targi Dom Inteligentny 2016 odb\u0119d\u0105 si\u0119 w Krakowie<\/span><br \/>\n<span style=\"font-size: 12pt;\"><br \/>\n<\/span><span style=\"font-size: 12pt;\"><strong><span style=\"color: #ffffff; background-color: #45aec5;\">\u00a0AUTOMATYKA\u00a0<\/span><br \/>\n<\/strong><b>30<\/b>\u00a0PMSXpro \u2013 rozproszony system sterowania Mitsubishi Electric<br \/>\n<\/span><\/p>\n<p><span style=\"font-size: 12pt;\"><strong style=\"font-size: 12pt;\"><span style=\"background-color: #00a2a4;\"><strong>\u00a0<span style=\"color: #ffffff;\">OSPRZ\u0118T INSTALACYJNY\u00a0<\/span><br \/>\n<\/strong><\/span><\/strong><\/span><span style=\"font-size: 12pt;\"><b>33<\/b>\u00a0Z\u0142\u0105cza \u015brubowe do 36 kV firmy Nexans dla turbin wiatrowych<\/span><br \/>\n<span style=\"font-size: 12pt;\"><b>36<\/b>\u00a0Systemy prowadzenia kabli firmy Kopos<br \/>\n<\/span><span style=\"font-size: 12pt;\"><b>38<\/b>\u00a0Klimatyzatory Rittal Blue e+ nagrodzone w Niemczech<\/span><\/p>\n<p><span style=\"font-size: 12pt;\"><strong style=\"font-size: 12pt;\"><span style=\"background-color: #c74a46;\"><strong>\u00a0<span style=\"color: #ffffff;\">KABLE I PRZEWODY<\/span>\u00a0<\/strong><\/span><br \/>\n<\/strong><b>40<\/b>\u00a0Nowo\u015bci Lapp Kabel dla automatyki<br \/>\n<b>42<\/b>\u00a0Poszerzona oferta okablowania firmy Astat<br \/>\n<b>44<\/b>\u00a0Kable Helukabel w wyposa\u017ceniu lotnisk<br \/>\n<\/span><\/p>\n<p><span style=\"font-size: 12pt;\"><strong><span style=\"color: #ffffff; background-color: #caa082;\">\u00a0APARATY ZABEZPIECZAJ\u0104CE\u00a0<\/span><br \/>\n<\/strong><strong>46<\/strong>\u00a0Wy\u0142\u0105czniki r\u00f3\u017cnicowopr\u0105dowe Noark Electric<br \/>\n<strong>50<\/strong>\u00a0Ogranicznik mocy umownej \u2013 Etimat T<br \/>\n<\/span><\/p>\n<p><span style=\"font-size: 12pt;\"><strong><span style=\"color: #ffffff; background-color: #b191af;\">\u00a0PRZETARGI I INWESTYCJE\u00a0<\/span><\/strong><\/span><br \/>\n<span style=\"font-size: 12pt;\"> <b>57<\/b>\u00a0Planowane inwestycje<\/span><br \/>\n<span style=\"font-size: 12pt;\"> <b>62<\/b>\u00a0Oferty, zlecenia os\u00f3b i firm prywatnych<\/span><br \/>\n<span style=\"font-size: 12pt;\"> <b>64<\/b>\u00a0Przetargi w bran\u017cy elektrotechnicznej i energetycznej<\/span><\/p>\n<p><span style=\"font-size: 12pt;\"><strong><span style=\"background-color: #ff0000; color: #ffffff;\"><span style=\"font-size: 12pt;\">\u00a0WYDARZENIA\u00a0<\/span><em><br \/>\n<\/em><\/span><b>74<\/b>\u00a0<\/strong>Relacje z targ\u00f3w, wydarze\u0144, spotka\u0144\u00a0bran\u017cowych<strong><br \/>\n<\/strong><\/span><\/p>\n<h4><span style=\"font-size: 12pt;\"><strong>Dodatek:\u00a0&#8220;KABLE I PRZEWODY&#8221;<\/strong><\/span><\/h4>\n<p><span style=\"font-size: 12pt;\"><a href=\"http:\/\/elektrosystemy.pl\/wp-content\/uploads\/2016\/02\/01\/copy-of-najnowsze-wydanie-luty-2016\/Okladka_dod_KABLE_02_2016.jpg\"><img loading=\"lazy\" class=\"alignleft wp-image-15664\" src=\"http:\/\/elektrosystemy.pl\/wp-content\/uploads\/2016\/02\/01\/copy-of-najnowsze-wydanie-luty-2016\/Okladka_dod_KABLE_02_2016.jpg\" alt=\"\" width=\"198\" height=\"297\" srcset=\"https:\/\/elektrosystemy.pl\/wp-content\/uploads\/2016\/02\/01\/copy-of-najnowsze-wydanie-luty-2016\/Okladka_dod_KABLE_02_2016.jpg 500w, https:\/\/elektrosystemy.pl\/wp-content\/uploads\/2016\/02\/01\/copy-of-najnowsze-wydanie-luty-2016\/Okladka_dod_KABLE_02_2016-200x300.jpg 200w\" sizes=\"(max-width: 198px) 100vw, 198px\" \/><\/a><strong style=\"font-size: 12pt;\">\u00a04<\/strong> Bran\u017ca kablowa w Polsce zamkn\u0119\u0142a 2015 rok wzrostami<\/span><br \/>\n<span style=\"font-size: 12pt;\"><b>24<\/b>\u00a0Systemy prowadzenia przewod\u00f3w i kabli<br \/>\n<\/span><strong>30<\/strong> <span style=\"font-size: 12pt;\">Narz\u0119dzia do obr\u00f3bki kabli i przewod\u00f3w<\/span><br \/>\n<span style=\"font-size: 12pt;\"><b>32<\/b>\u00a0Narz\u0119dzia do obr\u00f3bki przewod\u00f3w i kabli<br \/>\n\u2013 oferta rynkowa<br \/>\n<strong>34<\/strong>\u00a0Przewody telekomunikacyjne<br \/>\ni do transmisji sygna\u0142\u00f3w<br \/>\n<strong>38<\/strong>\u00a0Przewody i kable sterownicze<br \/>\n\u2013 przegl\u0105d oferty rynkowej\u00a0<\/span><\/p>\n<p>&nbsp;<\/p>\n","protected":false},"excerpt":{"rendered":"<p>\u00a0AKTUALNO\u015aCI 12\u00a0Indeks koniunktury ELEKTROSYSTEM\u00d3W Ko\u0144c\u00f3wka roku na niewielkim plusie 14\u00a0Gie\u0142dowy Indeks ELEKTROSYSTEM\u00d3W Gie\u0142da: wyhamowanie spadkowego trendu 16\u00a0Produkcja wybranych artyku\u0142\u00f3w elektrotechnicznych \u2013 XI 2015 17 Rexel wycofuje si\u0119 z polskiego rynku 18 El-Plus, Elektro-Holding i Elmega tworz\u0105 jedn\u0105 grup\u0119 19 Grupa Kesko kupuje Onninena za 369 mln euro 20 ZREW Transformatory ma nowego w\u0142a\u015bciciela 21 Apanet&hellip;<\/p>\n","protected":false},"author":4,"featured_media":0,"parent":15581,"menu_order":2,"comment_status":"closed","ping_status":"closed","template":"","meta":[],"_links":{"self":[{"href":"https:\/\/elektrosystemy.pl\/index.php?rest_route=\/wp\/v2\/pages\/16099"}],"collection":[{"href":"https:\/\/elektrosystemy.pl\/index.php?rest_route=\/wp\/v2\/pages"}],"about":[{"href":"https:\/\/elektrosystemy.pl\/index.php?rest_route=\/wp\/v2\/types\/page"}],"author":[{"embeddable":true,"href":"https:\/\/elektrosystemy.pl\/index.php?rest_route=\/wp\/v2\/users\/4"}],"replies":[{"embeddable":true,"href":"https:\/\/elektrosystemy.pl\/index.php?rest_route=%2Fwp%2Fv2%2Fcomments&post=16099"}],"version-history":[{"count":1,"href":"https:\/\/elektrosystemy.pl\/index.php?rest_route=\/wp\/v2\/pages\/16099\/revisions"}],"predecessor-version":[{"id":16100,"href":"https:\/\/elektrosystemy.pl\/index.php?rest_route=\/wp\/v2\/pages\/16099\/revisions\/16100"}],"up":[{"embeddable":true,"href":"https:\/\/elektrosystemy.pl\/index.php?rest_route=\/wp\/v2\/pages\/15581"}],"wp:attachment":[{"href":"https:\/\/elektrosystemy.pl\/index.php?rest_route=%2Fwp%2Fv2%2Fmedia&parent=16099"}],"curies":[{"name":"wp","href":"https:\/\/api.w.org\/{rel}","templated":true}]}}