{"id":16182,"date":"2016-03-01T11:58:12","date_gmt":"2016-03-01T10:58:12","guid":{"rendered":"http:\/\/elektrosystemy.pl\/?page_id=16182"},"modified":"2016-03-14T14:23:27","modified_gmt":"2016-03-14T13:23:27","slug":"elektroprodukt-2015-roku-zwyciezcy-trzynastej-edycji-plebiscytu","status":"publish","type":"page","link":"https:\/\/elektrosystemy.pl\/?page_id=16182","title":{"rendered":"<b>ELEKTROPRODUKT 2015 ROKU<\/b>"},"content":{"rendered":"<p style=\"text-align: left;\"><span style=\"font-size: 12pt;\"><strong>Po raz trzynasty Czytelnicy magazynu Elektrosystemy wybrali najlepsze wyroby elektrotechniczne roku. Tym razem w 12 kategoriach rywalizowa\u0142o 136 produkt\u00f3w. Do redakcji nap\u0142yn\u0119\u0142o \u0142\u0105cznie 21 085 g\u0142os\u00f3w na 3 670 kartach konkursowych.<\/strong><\/span><\/p>\n<hr id=\"system-readmore\" \/>\n<p style=\"text-align: left;\"><span class=\"wf_caption\" style=\"display: inline-table;\"><a href=\"http:\/\/elektrosystemy.pl\/wp-content\/uploads\/2016\/03\/01\/elektroprodukt-2015-roku-zwyciezcy-trzynastej-edycji-plebiscytu\/AM_2015.jpg\"><img loading=\"lazy\" class=\"aligncenter wp-image-16184\" src=\"http:\/\/elektrosystemy.pl\/wp-content\/uploads\/2016\/03\/01\/elektroprodukt-2015-roku-zwyciezcy-trzynastej-edycji-plebiscytu\/AM_2015.jpg\" alt=\"\" width=\"650\" height=\"234\" srcset=\"https:\/\/elektrosystemy.pl\/wp-content\/uploads\/2016\/03\/01\/elektroprodukt-2015-roku-zwyciezcy-trzynastej-edycji-plebiscytu\/AM_2015.jpg 750w, https:\/\/elektrosystemy.pl\/wp-content\/uploads\/2016\/03\/01\/elektroprodukt-2015-roku-zwyciezcy-trzynastej-edycji-plebiscytu\/AM_2015-600x216.jpg 600w, https:\/\/elektrosystemy.pl\/wp-content\/uploads\/2016\/03\/01\/elektroprodukt-2015-roku-zwyciezcy-trzynastej-edycji-plebiscytu\/AM_2015-300x108.jpg 300w\" sizes=\"(max-width: 650px) 100vw, 650px\" \/><\/a><span style=\"max-width: 650px; text-align: center; background-color: #eeeeee; display: block;\">w kategorii APARATURA MODU\u0141OWA zwyci\u0119\u017cy\u0142y<br \/>\n<a href=\"http:\/\/elektroprodukt.com.pl\/#2\" target=\"_blank\">Cyfrowy wy\u0142\u0105cznik kombinowany FRBdM<\/a> firmy <strong>Eaton Electric<\/strong><\/span><\/span><\/p>\n<p style=\"text-align: left;\"><span class=\"wf_caption\" style=\"display: inline-table;\"><span style=\"max-width: 650px; text-align: center; background-color: #eeeeee; display: block;\"><a href=\"http:\/\/elektrosystemy.pl\/wp-content\/uploads\/2016\/03\/01\/elektroprodukt-2015-roku-zwyciezcy-trzynastej-edycji-plebiscytu\/AU_2015.jpg\"><img loading=\"lazy\" class=\"aligncenter wp-image-16185\" src=\"http:\/\/elektrosystemy.pl\/wp-content\/uploads\/2016\/03\/01\/elektroprodukt-2015-roku-zwyciezcy-trzynastej-edycji-plebiscytu\/AU_2015.jpg\" alt=\"\" width=\"650\" height=\"234\" srcset=\"https:\/\/elektrosystemy.pl\/wp-content\/uploads\/2016\/03\/01\/elektroprodukt-2015-roku-zwyciezcy-trzynastej-edycji-plebiscytu\/AU_2015.jpg 750w, https:\/\/elektrosystemy.pl\/wp-content\/uploads\/2016\/03\/01\/elektroprodukt-2015-roku-zwyciezcy-trzynastej-edycji-plebiscytu\/AU_2015-600x216.jpg 600w, https:\/\/elektrosystemy.pl\/wp-content\/uploads\/2016\/03\/01\/elektroprodukt-2015-roku-zwyciezcy-trzynastej-edycji-plebiscytu\/AU_2015-300x108.jpg 300w\" sizes=\"(max-width: 650px) 100vw, 650px\" \/><\/a><span style=\"max-width: 650px; text-align: center; background-color: #eeeeee; display: block;\">w kategorii AUTOMATYKA zwyci\u0119\u017cy\u0142 <a href=\"http:\/\/elektroprodukt.com.pl\/#6\" target=\"_blank\">Modu\u0142 elektroniczny KKIT do stycznik\u00f3w CK<\/a><br \/>\nfirmy<strong> GE Power Controls<\/strong><\/span><\/span><\/span><\/p>\n<p><span class=\"wf_caption\" style=\"display: inline-table;\"><a href=\"http:\/\/elektrosystemy.pl\/wp-content\/uploads\/2016\/03\/01\/elektroprodukt-2015-roku-zwyciezcy-trzynastej-edycji-plebiscytu\/IB_2015.jpg\"><img loading=\"lazy\" class=\"aligncenter wp-image-16186\" src=\"http:\/\/elektrosystemy.pl\/wp-content\/uploads\/2016\/03\/01\/elektroprodukt-2015-roku-zwyciezcy-trzynastej-edycji-plebiscytu\/IB_2015.jpg\" alt=\"\" width=\"650\" height=\"234\" srcset=\"https:\/\/elektrosystemy.pl\/wp-content\/uploads\/2016\/03\/01\/elektroprodukt-2015-roku-zwyciezcy-trzynastej-edycji-plebiscytu\/IB_2015.jpg 750w, https:\/\/elektrosystemy.pl\/wp-content\/uploads\/2016\/03\/01\/elektroprodukt-2015-roku-zwyciezcy-trzynastej-edycji-plebiscytu\/IB_2015-600x216.jpg 600w, https:\/\/elektrosystemy.pl\/wp-content\/uploads\/2016\/03\/01\/elektroprodukt-2015-roku-zwyciezcy-trzynastej-edycji-plebiscytu\/IB_2015-300x108.jpg 300w\" sizes=\"(max-width: 650px) 100vw, 650px\" \/><\/a><span style=\"max-width: 650px; text-align: center; background-color: #eeeeee; display: block;\">w kategorii INTELIGENTNY BUDYNEK zwyci\u0119\u017cy\u0142a\u00a0<a href=\"http:\/\/elektroprodukt.com.pl\/#8\" target=\"_blank\">Jednostka centralna Teletask Picos TDS10009<\/a> firmy <strong>Emiter<\/strong><\/span><\/span><\/p>\n<p><span class=\"wf_caption\" style=\"display: inline-table;\"><a href=\"http:\/\/elektrosystemy.pl\/wp-content\/uploads\/2016\/03\/01\/elektroprodukt-2015-roku-zwyciezcy-trzynastej-edycji-plebiscytu\/KP_2015.jpg\"><img loading=\"lazy\" class=\"aligncenter wp-image-16187\" src=\"http:\/\/elektrosystemy.pl\/wp-content\/uploads\/2016\/03\/01\/elektroprodukt-2015-roku-zwyciezcy-trzynastej-edycji-plebiscytu\/KP_2015.jpg\" alt=\"\" width=\"650\" height=\"234\" srcset=\"https:\/\/elektrosystemy.pl\/wp-content\/uploads\/2016\/03\/01\/elektroprodukt-2015-roku-zwyciezcy-trzynastej-edycji-plebiscytu\/KP_2015.jpg 750w, https:\/\/elektrosystemy.pl\/wp-content\/uploads\/2016\/03\/01\/elektroprodukt-2015-roku-zwyciezcy-trzynastej-edycji-plebiscytu\/KP_2015-600x216.jpg 600w, https:\/\/elektrosystemy.pl\/wp-content\/uploads\/2016\/03\/01\/elektroprodukt-2015-roku-zwyciezcy-trzynastej-edycji-plebiscytu\/KP_2015-300x108.jpg 300w\" sizes=\"(max-width: 650px) 100vw, 650px\" \/><\/a><span style=\"max-width: 650px; text-align: center; background-color: #eeeeee; display: block;\">w kategorii KABLE I PRZEWODY zwyci\u0119\u017cy\u0142y\u00a0<a href=\"http:\/\/elektroprodukt.com.pl\/#10\" target=\"_blank\">Kable BiTSAT 757<\/a> firmy <strong>Bitner<\/strong><\/span><\/span><\/p>\n<p><span class=\"wf_caption\" style=\"display: inline-table;\"><a href=\"http:\/\/elektrosystemy.pl\/wp-content\/uploads\/2016\/03\/01\/elektroprodukt-2015-roku-zwyciezcy-trzynastej-edycji-plebiscytu\/MR_2015.jpg\"><img loading=\"lazy\" class=\"aligncenter wp-image-16188\" src=\"http:\/\/elektrosystemy.pl\/wp-content\/uploads\/2016\/03\/01\/elektroprodukt-2015-roku-zwyciezcy-trzynastej-edycji-plebiscytu\/MR_2015.jpg\" alt=\"\" width=\"650\" height=\"234\" srcset=\"https:\/\/elektrosystemy.pl\/wp-content\/uploads\/2016\/03\/01\/elektroprodukt-2015-roku-zwyciezcy-trzynastej-edycji-plebiscytu\/MR_2015.jpg 750w, https:\/\/elektrosystemy.pl\/wp-content\/uploads\/2016\/03\/01\/elektroprodukt-2015-roku-zwyciezcy-trzynastej-edycji-plebiscytu\/MR_2015-600x216.jpg 600w, https:\/\/elektrosystemy.pl\/wp-content\/uploads\/2016\/03\/01\/elektroprodukt-2015-roku-zwyciezcy-trzynastej-edycji-plebiscytu\/MR_2015-300x108.jpg 300w\" sizes=\"(max-width: 650px) 100vw, 650px\" \/><\/a><span style=\"max-width: 650px; text-align: center; background-color: #eeeeee; display: block;\">w kategorii MIERNICTWO zwyci\u0119\u017cy\u0142y\u00a0<a href=\"http:\/\/elektroprodukt.com.pl\/#15\" target=\"_blank\">Cyfrowe mierniki modu\u0142owe DMG100, DMG110<\/a><br \/>\nfirmy<strong> Lovato Electric<\/strong><\/span><\/span><\/p>\n<p><span class=\"wf_caption\" style=\"display: inline-table;\"><a href=\"http:\/\/elektrosystemy.pl\/wp-content\/uploads\/2016\/03\/01\/elektroprodukt-2015-roku-zwyciezcy-trzynastej-edycji-plebiscytu\/NS_2015.jpg\"><img loading=\"lazy\" class=\"aligncenter wp-image-16189\" src=\"http:\/\/elektrosystemy.pl\/wp-content\/uploads\/2016\/03\/01\/elektroprodukt-2015-roku-zwyciezcy-trzynastej-edycji-plebiscytu\/NS_2015.jpg\" alt=\"\" width=\"650\" height=\"234\" srcset=\"https:\/\/elektrosystemy.pl\/wp-content\/uploads\/2016\/03\/01\/elektroprodukt-2015-roku-zwyciezcy-trzynastej-edycji-plebiscytu\/NS_2015.jpg 750w, https:\/\/elektrosystemy.pl\/wp-content\/uploads\/2016\/03\/01\/elektroprodukt-2015-roku-zwyciezcy-trzynastej-edycji-plebiscytu\/NS_2015-600x216.jpg 600w, https:\/\/elektrosystemy.pl\/wp-content\/uploads\/2016\/03\/01\/elektroprodukt-2015-roku-zwyciezcy-trzynastej-edycji-plebiscytu\/NS_2015-300x108.jpg 300w\" sizes=\"(max-width: 650px) 100vw, 650px\" \/><\/a><span style=\"max-width: 650px; text-align: center; background-color: #eeeeee; display: block;\">w kategorii NAP\u0118DY I STEROWANIE zwyci\u0119\u017cy\u0142y\u00a0<a href=\"http:\/\/elektroprodukt.com.pl\/#17\" target=\"_blank\">Softstarty PSTX <\/a> firmy\u00a0<strong>ABB<\/strong><\/span><\/span><\/p>\n<p style=\"text-align: justify;\">\u00a0<span class=\"wf_caption\" style=\"display: inline-table;\"><a href=\"http:\/\/elektrosystemy.pl\/wp-content\/uploads\/2016\/03\/01\/elektroprodukt-2015-roku-zwyciezcy-trzynastej-edycji-plebiscytu\/OI_2015.jpg\"><img loading=\"lazy\" class=\"aligncenter wp-image-16190\" src=\"http:\/\/elektrosystemy.pl\/wp-content\/uploads\/2016\/03\/01\/elektroprodukt-2015-roku-zwyciezcy-trzynastej-edycji-plebiscytu\/OI_2015.jpg\" alt=\"\" width=\"650\" height=\"234\" srcset=\"https:\/\/elektrosystemy.pl\/wp-content\/uploads\/2016\/03\/01\/elektroprodukt-2015-roku-zwyciezcy-trzynastej-edycji-plebiscytu\/OI_2015.jpg 750w, https:\/\/elektrosystemy.pl\/wp-content\/uploads\/2016\/03\/01\/elektroprodukt-2015-roku-zwyciezcy-trzynastej-edycji-plebiscytu\/OI_2015-600x216.jpg 600w, https:\/\/elektrosystemy.pl\/wp-content\/uploads\/2016\/03\/01\/elektroprodukt-2015-roku-zwyciezcy-trzynastej-edycji-plebiscytu\/OI_2015-300x108.jpg 300w\" sizes=\"(max-width: 650px) 100vw, 650px\" \/><\/a><span style=\"max-width: 650px; text-align: center; background-color: #eeeeee; display: block;\">w kategorii OSPRZ\u0118T INSTALACYJNY zwyci\u0119\u017cy\u0142a\u00a0<a href=\"http:\/\/elektroprodukt.com.pl\/#22\" target=\"_blank\">Seria osprz\u0119tu Merten<\/a><br \/>\nfirmy <strong>Schneider Electric<\/strong><\/span><\/span><\/p>\n<p style=\"text-align: justify;\">\u00a0<span class=\"wf_caption\" style=\"display: inline-table;\"><a href=\"http:\/\/elektrosystemy.pl\/wp-content\/uploads\/2016\/03\/01\/elektroprodukt-2015-roku-zwyciezcy-trzynastej-edycji-plebiscytu\/OP_2015.jpg\"><img loading=\"lazy\" class=\"aligncenter wp-image-16191\" src=\"http:\/\/elektrosystemy.pl\/wp-content\/uploads\/2016\/03\/01\/elektroprodukt-2015-roku-zwyciezcy-trzynastej-edycji-plebiscytu\/OP_2015.jpg\" alt=\"\" width=\"650\" height=\"234\" srcset=\"https:\/\/elektrosystemy.pl\/wp-content\/uploads\/2016\/03\/01\/elektroprodukt-2015-roku-zwyciezcy-trzynastej-edycji-plebiscytu\/OP_2015.jpg 750w, https:\/\/elektrosystemy.pl\/wp-content\/uploads\/2016\/03\/01\/elektroprodukt-2015-roku-zwyciezcy-trzynastej-edycji-plebiscytu\/OP_2015-600x216.jpg 600w, https:\/\/elektrosystemy.pl\/wp-content\/uploads\/2016\/03\/01\/elektroprodukt-2015-roku-zwyciezcy-trzynastej-edycji-plebiscytu\/OP_2015-300x108.jpg 300w\" sizes=\"(max-width: 650px) 100vw, 650px\" \/><\/a><span style=\"max-width: 650px; text-align: center; background-color: #eeeeee; display: block;\">w kategorii OCHRONA PRZECIWPRZEPI\u0118CIOWA I ODGROMOWA zwyci\u0119\u017cy\u0142<br \/>\n<a href=\"http:\/\/elektroprodukt.com.pl\/#25\" target=\"_blank\">FLT-SEC-Hybryd <\/a>firmy <strong>Phoenix Contact<\/strong><\/span><\/span><\/p>\n<p style=\"text-align: justify;\"><span class=\"wf_caption\" style=\"display: inline-table;\"><em><a href=\"http:\/\/elektrosystemy.pl\/wp-content\/uploads\/2016\/03\/01\/elektroprodukt-2015-roku-zwyciezcy-trzynastej-edycji-plebiscytu\/RE_2015.jpg\"><img loading=\"lazy\" class=\"aligncenter wp-image-16192\" src=\"http:\/\/elektrosystemy.pl\/wp-content\/uploads\/2016\/03\/01\/elektroprodukt-2015-roku-zwyciezcy-trzynastej-edycji-plebiscytu\/RE_2015.jpg\" alt=\"\" width=\"650\" height=\"234\" srcset=\"https:\/\/elektrosystemy.pl\/wp-content\/uploads\/2016\/03\/01\/elektroprodukt-2015-roku-zwyciezcy-trzynastej-edycji-plebiscytu\/RE_2015.jpg 750w, https:\/\/elektrosystemy.pl\/wp-content\/uploads\/2016\/03\/01\/elektroprodukt-2015-roku-zwyciezcy-trzynastej-edycji-plebiscytu\/RE_2015-600x216.jpg 600w, https:\/\/elektrosystemy.pl\/wp-content\/uploads\/2016\/03\/01\/elektroprodukt-2015-roku-zwyciezcy-trzynastej-edycji-plebiscytu\/RE_2015-300x108.jpg 300w\" sizes=\"(max-width: 650px) 100vw, 650px\" \/><\/a><\/em><\/span> <span style=\"max-width: 650px; text-align: center; background-color: #eeeeee; display: block;\">w kategorii ROZDZIA\u0141 ENERGII zwyci\u0119\u017cy\u0142\u00a0<a href=\"http:\/\/elektroprodukt.com.pl\/#28\" target=\"_blank\">Wy\u0142\u0105cznik kompaktowy Sentron 3VA1<\/a> firmy <strong>Siemens<\/strong><\/span><\/p>\n<p style=\"text-align: justify;\"><span class=\"wf_caption\" style=\"display: inline-table;\"><em><a href=\"http:\/\/elektrosystemy.pl\/wp-content\/uploads\/2016\/03\/01\/elektroprodukt-2015-roku-zwyciezcy-trzynastej-edycji-plebiscytu\/SO_2015.jpg\"><img loading=\"lazy\" class=\"aligncenter wp-image-16193\" src=\"http:\/\/elektrosystemy.pl\/wp-content\/uploads\/2016\/03\/01\/elektroprodukt-2015-roku-zwyciezcy-trzynastej-edycji-plebiscytu\/SO_2015.jpg\" alt=\"\" width=\"650\" height=\"234\" srcset=\"https:\/\/elektrosystemy.pl\/wp-content\/uploads\/2016\/03\/01\/elektroprodukt-2015-roku-zwyciezcy-trzynastej-edycji-plebiscytu\/SO_2015.jpg 750w, https:\/\/elektrosystemy.pl\/wp-content\/uploads\/2016\/03\/01\/elektroprodukt-2015-roku-zwyciezcy-trzynastej-edycji-plebiscytu\/SO_2015-600x216.jpg 600w, https:\/\/elektrosystemy.pl\/wp-content\/uploads\/2016\/03\/01\/elektroprodukt-2015-roku-zwyciezcy-trzynastej-edycji-plebiscytu\/SO_2015-300x108.jpg 300w\" sizes=\"(max-width: 650px) 100vw, 650px\" \/><\/a><\/em><\/span> <span style=\"max-width: 650px; text-align: center; background-color: #eeeeee; display: block;\">w kategorii SYSTEMY OCHRONY zwyci\u0119\u017cy\u0142<br \/>\n<a href=\"http:\/\/elektroprodukt.com.pl\/#29\" target=\"_blank\">Wideomonitor MK-08F<\/a> firmy <strong>F&amp;F<\/strong><\/span><\/p>\n<p style=\"text-align: justify;\"><span class=\"wf_caption\" style=\"display: inline-table;\"><em><a href=\"http:\/\/elektrosystemy.pl\/wp-content\/uploads\/2016\/03\/01\/elektroprodukt-2015-roku-zwyciezcy-trzynastej-edycji-plebiscytu\/TS_2015.jpg\"><img loading=\"lazy\" class=\"aligncenter wp-image-16194\" src=\"http:\/\/elektrosystemy.pl\/wp-content\/uploads\/2016\/03\/01\/elektroprodukt-2015-roku-zwyciezcy-trzynastej-edycji-plebiscytu\/TS_2015.jpg\" alt=\"\" width=\"650\" height=\"234\" srcset=\"https:\/\/elektrosystemy.pl\/wp-content\/uploads\/2016\/03\/01\/elektroprodukt-2015-roku-zwyciezcy-trzynastej-edycji-plebiscytu\/TS_2015.jpg 750w, https:\/\/elektrosystemy.pl\/wp-content\/uploads\/2016\/03\/01\/elektroprodukt-2015-roku-zwyciezcy-trzynastej-edycji-plebiscytu\/TS_2015-600x216.jpg 600w, https:\/\/elektrosystemy.pl\/wp-content\/uploads\/2016\/03\/01\/elektroprodukt-2015-roku-zwyciezcy-trzynastej-edycji-plebiscytu\/TS_2015-300x108.jpg 300w\" sizes=\"(max-width: 650px) 100vw, 650px\" \/><\/a><\/em><\/span> <span style=\"max-width: 650px; text-align: center; background-color: #eeeeee; display: block;\">w kategorii TECHNIKA \u015aWIETLNA zwyci\u0119\u017cy\u0142\u00a0<a href=\"http:\/\/elektroprodukt.com.pl\/#32\" target=\"_blank\">Zegar astronomiczny Astroclock-2<\/a><br \/>\nfirmy <strong>ETI Polam<\/strong><br \/>\n<\/span><\/p>\n<p style=\"text-align: justify;\"><span class=\"wf_caption\" style=\"display: inline-table;\"><em><a href=\"http:\/\/elektrosystemy.pl\/wp-content\/uploads\/2016\/03\/01\/elektroprodukt-2015-roku-zwyciezcy-trzynastej-edycji-plebiscytu\/ZS_2015.jpg\"><img loading=\"lazy\" class=\"aligncenter wp-image-16196\" src=\"http:\/\/elektrosystemy.pl\/wp-content\/uploads\/2016\/03\/01\/elektroprodukt-2015-roku-zwyciezcy-trzynastej-edycji-plebiscytu\/ZS_2015.jpg\" alt=\"\" width=\"650\" height=\"234\" srcset=\"https:\/\/elektrosystemy.pl\/wp-content\/uploads\/2016\/03\/01\/elektroprodukt-2015-roku-zwyciezcy-trzynastej-edycji-plebiscytu\/ZS_2015.jpg 750w, https:\/\/elektrosystemy.pl\/wp-content\/uploads\/2016\/03\/01\/elektroprodukt-2015-roku-zwyciezcy-trzynastej-edycji-plebiscytu\/ZS_2015-600x216.jpg 600w, https:\/\/elektrosystemy.pl\/wp-content\/uploads\/2016\/03\/01\/elektroprodukt-2015-roku-zwyciezcy-trzynastej-edycji-plebiscytu\/ZS_2015-300x108.jpg 300w\" sizes=\"(max-width: 650px) 100vw, 650px\" \/><\/a><\/em><\/span> <span style=\"max-width: 650px; text-align: center; background-color: #eeeeee; display: block;\">w kategorii ZASILANIE zwyci\u0119\u017cy\u0142 <a href=\"http:\/\/elektroprodukt.com.pl\/#36\" target=\"_blank\">UPS Powerline Green 33<\/a> firmy <strong>Ever<\/strong><\/span><\/p>\n<p style=\"text-align: justify;\"><span style=\"font-size: 8pt;\"><em>Marzec 2016<\/em><\/span><\/p>\n","protected":false},"excerpt":{"rendered":"<p>Po raz trzynasty Czytelnicy magazynu Elektrosystemy wybrali najlepsze wyroby elektrotechniczne roku. Tym razem w 12 kategoriach rywalizowa\u0142o 136 produkt\u00f3w. Do redakcji nap\u0142yn\u0119\u0142o \u0142\u0105cznie 21 085 g\u0142os\u00f3w na 3 670 kartach konkursowych. w kategorii APARATURA MODU\u0141OWA zwyci\u0119\u017cy\u0142y Cyfrowy wy\u0142\u0105cznik kombinowany FRBdM firmy Eaton Electric w kategorii AUTOMATYKA zwyci\u0119\u017cy\u0142 Modu\u0142 elektroniczny KKIT do stycznik\u00f3w CK firmy GE&hellip;<\/p>\n","protected":false},"author":2,"featured_media":0,"parent":0,"menu_order":0,"comment_status":"closed","ping_status":"open","template":"","meta":[],"_links":{"self":[{"href":"https:\/\/elektrosystemy.pl\/index.php?rest_route=\/wp\/v2\/pages\/16182"}],"collection":[{"href":"https:\/\/elektrosystemy.pl\/index.php?rest_route=\/wp\/v2\/pages"}],"about":[{"href":"https:\/\/elektrosystemy.pl\/index.php?rest_route=\/wp\/v2\/types\/page"}],"author":[{"embeddable":true,"href":"https:\/\/elektrosystemy.pl\/index.php?rest_route=\/wp\/v2\/users\/2"}],"replies":[{"embeddable":true,"href":"https:\/\/elektrosystemy.pl\/index.php?rest_route=%2Fwp%2Fv2%2Fcomments&post=16182"}],"version-history":[{"count":14,"href":"https:\/\/elektrosystemy.pl\/index.php?rest_route=\/wp\/v2\/pages\/16182\/revisions"}],"predecessor-version":[{"id":16367,"href":"https:\/\/elektrosystemy.pl\/index.php?rest_route=\/wp\/v2\/pages\/16182\/revisions\/16367"}],"wp:attachment":[{"href":"https:\/\/elektrosystemy.pl\/index.php?rest_route=%2Fwp%2Fv2%2Fmedia&parent=16182"}],"curies":[{"name":"wp","href":"https:\/\/api.w.org\/{rel}","templated":true}]}}