{"id":17048,"date":"2016-04-28T11:29:31","date_gmt":"2016-04-28T09:29:31","guid":{"rendered":"http:\/\/elektrosystemy.pl\/?page_id=17048"},"modified":"2016-05-05T07:47:32","modified_gmt":"2016-05-05T05:47:32","slug":"kwiecien-2016","status":"publish","type":"page","link":"https:\/\/elektrosystemy.pl\/?page_id=17048","title":{"rendered":"KWIECIE\u0143 2016"},"content":{"rendered":"<p><span style=\"font-size: 12pt;\"><img loading=\"lazy\" class=\"aligncenter wp-image-16724 size-full\" src=\"http:\/\/elektrosystemy.pl\/wp-content\/uploads\/2016\/02\/01\/najnowsze-wydanie-luty-2015\/ES_04_2016_spis.jpg\" alt=\"\" width=\"1024\" height=\"739\" srcset=\"https:\/\/elektrosystemy.pl\/wp-content\/uploads\/2016\/02\/01\/najnowsze-wydanie-luty-2015\/ES_04_2016_spis.jpg 1024w, https:\/\/elektrosystemy.pl\/wp-content\/uploads\/2016\/02\/01\/najnowsze-wydanie-luty-2015\/ES_04_2016_spis-600x433.jpg 600w, https:\/\/elektrosystemy.pl\/wp-content\/uploads\/2016\/02\/01\/najnowsze-wydanie-luty-2015\/ES_04_2016_spis-300x217.jpg 300w, https:\/\/elektrosystemy.pl\/wp-content\/uploads\/2016\/02\/01\/najnowsze-wydanie-luty-2015\/ES_04_2016_spis-768x554.jpg 768w\" sizes=\"(max-width: 1024px) 100vw, 1024px\" \/><\/span><\/p>\n<p><span style=\"font-size: 12pt;\"><a href=\"http:\/\/elektrosystemy.pl\/wp-content\/uploads\/2016\/02\/01\/najnowsze-wydanie-luty-2015\/OkladkaES_04_2016-1.jpg\"><img loading=\"lazy\" class=\"alignleft wp-image-16731 size-medium\" src=\"http:\/\/elektrosystemy.pl\/wp-content\/uploads\/2016\/02\/01\/najnowsze-wydanie-luty-2015\/OkladkaES_04_2016-1-208x300.jpg\" alt=\"\" width=\"208\" height=\"300\" srcset=\"https:\/\/elektrosystemy.pl\/wp-content\/uploads\/2016\/02\/01\/najnowsze-wydanie-luty-2015\/OkladkaES_04_2016-1-208x300.jpg 208w, https:\/\/elektrosystemy.pl\/wp-content\/uploads\/2016\/02\/01\/najnowsze-wydanie-luty-2015\/OkladkaES_04_2016-1.jpg 500w\" sizes=\"(max-width: 208px) 100vw, 208px\" \/><\/a><span style=\"color: #ffffff; background-color: #ff0000;\"><strong>\u00a0AKTUALNO\u015aCI <\/strong><\/span><\/span><br \/>\n<span style=\"font-size: 12pt;\"><b>12<\/b>\u00a0<strong>Indeks koniunktury ELEKTROSYSTEM\u00d3W<\/strong><\/span><br \/>\n<span style=\"font-size: 12pt;\">Bran\u017ca odrabia cz\u0119\u015b\u0107 strat po styczniowych spadkach<\/span><br \/>\n<span style=\"font-size: 12pt;\"><b>14<\/b>\u00a0<strong>Gie\u0142dowy Indeks ELEKTROSYSTEM\u00d3W<\/strong><\/span><br \/>\n<span style=\"font-size: 12pt;\">Mocne zwy\u017cki elektrotechniki na gie\u0142dzie<\/span><br \/>\n<span style=\"font-size: 12pt;\"><strong>16<\/strong>\u00a0Produkcja wybranych artyku\u0142\u00f3w<br \/>\nelektrotechnicznych \u2013 I 2016<\/span><br \/>\n<span style=\"font-size: 12pt;\"><strong>17<\/strong> ABB uruchamia now\u0105 lini\u0119 do produkcji silnik\u00f3w<\/span><br \/>\n<span style=\"font-size: 12pt;\"><strong>18<\/strong> Kaczmarek Electric\u00a0poprawi\u0142 sprzeda\u017c o 37%<\/span><br \/>\n<span style=\"font-size: 12pt;\"><strong>19<\/strong> ML System otwiera zak\u0142ad paneli PV<\/span><br \/>\n<span style=\"font-size: 12pt;\"><strong>20<\/strong> Relpol znacz\u0105co poprawi\u0142 rentowno\u015b\u0107<\/span><br \/>\n<span style=\"font-size: 12pt;\"><strong>21<\/strong> Saule prezentuje perowskitowy zasilacz PV\u00a0<\/span><br \/>\n<span style=\"font-size: 12pt;\"><strong>22<\/strong> ZPUE zasila lotnisko w Pyrzowicach<\/span><br \/>\n<span style=\"font-size: 12pt;\"><strong>22<\/strong>\u00a0Ampli rozwija ofert\u0119 o\u015bwietlenia LED<\/span><br \/>\n<span style=\"font-size: 12pt;\"><strong>23<\/strong> Grupa Elektrotim notuje rekordowe wyniki\u00a0<\/span><br \/>\n<span style=\"font-size: 12pt;\"><strong>23<\/strong>\u00a0UKE: 40% wyrob\u00f3w LED z nieprawid\u0142owo\u015bciami<\/span><br \/>\n<span style=\"font-size: 12pt;\"><strong>24<\/strong> Elektrobudowa mia\u0142a 50 mln z\u0142 zysku netto<\/span><br \/>\n<span style=\"font-size: 12pt;\"><strong>24<\/strong>\u00a0Pentair otwiera kolejn\u0105\u00a0hal\u0119 produkcyjn\u0105 w WSSE<\/span><br \/>\n<span style=\"font-size: 12pt;\"><strong>25<\/strong> Uniwersalna infrastruktura \u0142adowania e-autobus\u00f3w<\/span><br \/>\n<span style=\"font-size: 12pt;\"><strong>25<\/strong> Phoenix Contact zaprasza na konferencj\u0119 Industry 4.0<\/span><br \/>\n<span style=\"font-size: 12pt;\"><strong>26<\/strong> Fortum sfinalizowa\u0142o przej\u0119cie Grupy Duon<br \/>\n<\/span><strong>26<\/strong> Ju\u017c w kwietniu odb\u0119d\u0105 si\u0119 Targi Dom Inteligentny<\/p>\n<p><span style=\"font-size: 12pt;\"><strong style=\"font-size: 12pt;\"><span style=\"background-color: #00a2a4;\"><strong>\u00a0<span style=\"color: #ffffff;\">OSPRZ\u0118T INSTALACYJNY\u00a0<\/span><br \/>\n<\/strong><\/span><\/strong><b>28<\/b> Aplikacja Rittal do doboru chiller\u00f3w<\/span><\/p>\n<p><span style=\"font-size: 12pt;\"><strong style=\"font-size: 12pt;\"><span style=\"color: #ffffff; background-color: #f47a63;\">\u00a0OCHRONA PRZECIWPRZEPI\u0118CIOWA\u00a0<\/span><br \/>\n<\/strong><b style=\"font-size: 12pt;\">30<\/b> Technologia ABB QuickSafe \u2013 ochrona przed przepi\u0119ciami<br \/>\n<b style=\"font-size: 12pt;\">32<\/b> Ograniczniki przepi\u0119\u0107 Etitec S B firmy ETI Polam<br \/>\n<b style=\"font-size: 12pt;\">36<\/b> Ogranicznik DEHNvenCI z wbudowanym bezpiecznikiem<br \/>\n<b style=\"font-size: 12pt;\">40<\/b> Ograniczniki przepi\u0119\u0107 OBO Bettermann dla automatyki<br \/>\n<b style=\"font-size: 12pt;\">42<\/b> Ochrona odgromowa \u2013 wsparcie techniczne firmy Elko-Bis<br \/>\n<\/span><br \/>\n<span style=\"font-size: 12pt;\"><strong style=\"font-size: 12pt;\"><span style=\"color: #ffffff; background-color: #c71882;\">\u00a0ROZDZIA\u0141\u00a0ENERGII\u00a0<\/span><br \/>\n<\/strong><b style=\"font-size: 12pt;\">46<\/b> System Eaton Diagnose \u2013 diagnostyka rozdzielnic<\/span><\/p>\n<p><span style=\"font-size: 12pt;\"><strong style=\"font-size: 12pt;\"><span style=\"background-color: #c74a46;\"><strong>\u00a0<span style=\"color: #ffffff;\">KABLE I PRZEWODY<\/span>\u00a0<\/strong><\/span><br \/>\n<\/strong><b>49<\/b> Przewody nkt instal lumen do instalacji o\u015bwietleniowych<\/span><br \/>\n<b>50<\/b><span style=\"font-size: 12pt;\"> Przewody Lapp Kabel w modernizacji radioteleskopu s\u0142onecznego<br \/>\n<\/span><br \/>\n<span style=\"font-size: 12pt;\"><strong><span style=\"color: #ffffff; background-color: #004a7f;\">\u00a0NARZ\u0118DZIA\u00a0<\/span><br \/>\n<\/strong><b>52<\/b> Nowo\u015bci Klauke na Light &amp; Building 2016<\/span><\/p>\n<p><span style=\"font-size: 12pt;\"><strong><span style=\"color: #ffffff; background-color: #ebce93;\">\u00a0INTELIGENTNY BUDYNEK\u00a0<\/span><br \/>\n<\/strong><b>54<\/b>\u00a0System automatyki by-Me firmy Vimar<\/span><\/p>\n<p><span style=\"font-size: 12pt;\"><strong><span style=\"color: #ffffff; background-color: #b191af;\">\u00a0PRZETARGI I INWESTYCJE\u00a0<\/span><\/strong><\/span><br \/>\n<span style=\"font-size: 12pt;\"> <b>59<\/b>\u00a0Planowane inwestycje<\/span><br \/>\n<span style=\"font-size: 12pt;\"> <b>64<\/b>\u00a0Oferty, zlecenia os\u00f3b i firm prywatnych<\/span><br \/>\n<span style=\"font-size: 12pt;\"> <b>66<\/b>\u00a0Przetargi w bran\u017cy elektrotechnicznej i energetycznej<br \/>\n<\/span><br \/>\n<span style=\"font-size: 12pt;\"><strong><span style=\"background-color: #ff0000; color: #ffffff;\"><span style=\"font-size: 12pt;\">\u00a0WYDARZENIA\u00a0<\/span><em><br \/>\n<\/em><\/span><b>75<\/b>\u00a0<\/strong>Relacje z targ\u00f3w, wydarze\u0144, spotka\u0144\u00a0bran\u017cowych<strong><br \/>\n<\/strong><\/span><\/p>\n<h4><span style=\"font-size: 12pt;\"><strong>Dodatek:\u00a0&#8220;INTELIGENTNY BUDYNEK&#8221;<\/strong><\/span><\/h4>\n<p><span style=\"font-size: 12pt;\"><a href=\"http:\/\/elektrosystemy.pl\/wp-content\/uploads\/2016\/02\/01\/najnowsze-wydanie-luty-2015\/Okladka_IB_04_2016.jpg\"><img loading=\"lazy\" class=\"alignleft wp-image-16726 size-medium\" src=\"http:\/\/elektrosystemy.pl\/wp-content\/uploads\/2016\/02\/01\/najnowsze-wydanie-luty-2015\/Okladka_IB_04_2016-199x300.jpg\" alt=\"\" width=\"199\" height=\"300\" srcset=\"https:\/\/elektrosystemy.pl\/wp-content\/uploads\/2016\/02\/01\/najnowsze-wydanie-luty-2015\/Okladka_IB_04_2016-199x300.jpg 199w, https:\/\/elektrosystemy.pl\/wp-content\/uploads\/2016\/02\/01\/najnowsze-wydanie-luty-2015\/Okladka_IB_04_2016.jpg 500w\" sizes=\"(max-width: 199px) 100vw, 199px\" \/><\/a><strong style=\"font-size: 12pt;\">\u00a04<\/strong> Rynek IB pozostaje perspektywiczny<\/span><br \/>\n<span style=\"font-size: 12pt;\"><b>14<\/b> System sterowania LOOX firmy BNT<\/span><br \/>\n<span style=\"font-size: 12pt;\"><strong>16<\/strong> Bezprzewodowy system automatyki Eltako<\/span><br \/>\n<span style=\"font-size: 12pt;\"><b>18<\/b> Mo\u017cliwo\u015bci system\u00f3w inteligentnego budynku \u2013 przegl\u0105d oferty rynko\u00adwej\u00a0<\/span><br \/>\n<span style=\"font-size: 12pt;\"><strong>20<\/strong> Wizualizacje i interfejsy w inteligentnym domu<\/span><\/p>\n<h4><span style=\"font-size: 12pt;\"><strong>Dodatek:\u00a0&#8220;OCHRONA PRZECIWPRZEPI\u0118CIOWA I ODGROMOWA&#8221;<\/strong><\/span><\/h4>\n<p><span style=\"font-size: 12pt;\"><a href=\"http:\/\/elektrosystemy.pl\/wp-content\/uploads\/2016\/04\/04\/Okladka_Ochrona_pp_04_2016.jpg\"><img loading=\"lazy\" class=\"alignleft wp-image-16728 size-medium\" src=\"http:\/\/elektrosystemy.pl\/wp-content\/uploads\/2016\/04\/04\/Okladka_Ochrona_pp_04_2016-200x300.jpg\" alt=\"\" width=\"200\" height=\"300\" srcset=\"https:\/\/elektrosystemy.pl\/wp-content\/uploads\/2016\/04\/04\/Okladka_Ochrona_pp_04_2016-200x300.jpg 200w, https:\/\/elektrosystemy.pl\/wp-content\/uploads\/2016\/04\/04\/Okladka_Ochrona_pp_04_2016.jpg 500w\" sizes=\"(max-width: 200px) 100vw, 200px\" \/><\/a><strong style=\"font-size: 12pt;\">\u00a04<\/strong> Rynek ro\u015bnie mimo\u00a0du\u017cej konkurencji<\/span><br \/>\n<span style=\"font-size: 12pt;\"><b>14<\/b> Ochrona odgromowa\u00a0\u2013 wybrane zagadnienia<br \/>\n<\/span><span style=\"font-size: 12pt;\"><strong>24<\/strong> Ograniczniki przepi\u0119\u0107 nn \u2013 przegl\u0105d oferty rynkowej<\/span><br \/>\n<span style=\"font-size: 12pt;\"><b>34<\/b> Ograniczniki przepi\u0119\u0107 niskiego napi\u0119cia\u00a0<\/span><br \/>\n<span style=\"font-size: 12pt;\"><strong>38<\/strong> Ochrona odgromowa\u00a0i przeciwprzepi\u0119ciowa<br \/>\nsystem\u00f3w fotowoltaicznych<\/span><\/p>\n","protected":false},"excerpt":{"rendered":"<p>\u00a0AKTUALNO\u015aCI 12\u00a0Indeks koniunktury ELEKTROSYSTEM\u00d3W Bran\u017ca odrabia cz\u0119\u015b\u0107 strat po styczniowych spadkach 14\u00a0Gie\u0142dowy Indeks ELEKTROSYSTEM\u00d3W Mocne zwy\u017cki elektrotechniki na gie\u0142dzie 16\u00a0Produkcja wybranych artyku\u0142\u00f3w elektrotechnicznych \u2013 I 2016 17 ABB uruchamia now\u0105 lini\u0119 do produkcji silnik\u00f3w 18 Kaczmarek Electric\u00a0poprawi\u0142 sprzeda\u017c o 37% 19 ML System otwiera zak\u0142ad paneli PV 20 Relpol znacz\u0105co poprawi\u0142 rentowno\u015b\u0107 21 Saule prezentuje&hellip;<\/p>\n","protected":false},"author":2,"featured_media":0,"parent":15581,"menu_order":4,"comment_status":"closed","ping_status":"closed","template":"","meta":[],"_links":{"self":[{"href":"https:\/\/elektrosystemy.pl\/index.php?rest_route=\/wp\/v2\/pages\/17048"}],"collection":[{"href":"https:\/\/elektrosystemy.pl\/index.php?rest_route=\/wp\/v2\/pages"}],"about":[{"href":"https:\/\/elektrosystemy.pl\/index.php?rest_route=\/wp\/v2\/types\/page"}],"author":[{"embeddable":true,"href":"https:\/\/elektrosystemy.pl\/index.php?rest_route=\/wp\/v2\/users\/2"}],"replies":[{"embeddable":true,"href":"https:\/\/elektrosystemy.pl\/index.php?rest_route=%2Fwp%2Fv2%2Fcomments&post=17048"}],"version-history":[{"count":1,"href":"https:\/\/elektrosystemy.pl\/index.php?rest_route=\/wp\/v2\/pages\/17048\/revisions"}],"predecessor-version":[{"id":17049,"href":"https:\/\/elektrosystemy.pl\/index.php?rest_route=\/wp\/v2\/pages\/17048\/revisions\/17049"}],"up":[{"embeddable":true,"href":"https:\/\/elektrosystemy.pl\/index.php?rest_route=\/wp\/v2\/pages\/15581"}],"wp:attachment":[{"href":"https:\/\/elektrosystemy.pl\/index.php?rest_route=%2Fwp%2Fv2%2Fmedia&parent=17048"}],"curies":[{"name":"wp","href":"https:\/\/api.w.org\/{rel}","templated":true}]}}