{"id":17628,"date":"2016-06-01T12:51:20","date_gmt":"2016-06-01T10:51:20","guid":{"rendered":"http:\/\/elektrosystemy.pl\/?page_id=17628"},"modified":"2016-08-02T19:37:18","modified_gmt":"2016-08-02T17:37:18","slug":"maj-2016","status":"publish","type":"page","link":"https:\/\/elektrosystemy.pl\/?page_id=17628","title":{"rendered":"MAJ 2016"},"content":{"rendered":"<p><span style=\"font-size: 12pt;\"><a href=\"http:\/\/elektrosystemy.pl\/wp-content\/uploads\/2016\/02\/01\/najnowsze-wydanie-luty-2015\/ES_05_2016_spis.jpg\"><img loading=\"lazy\" class=\"aligncenter wp-image-17052 size-full\" src=\"http:\/\/elektrosystemy.pl\/wp-content\/uploads\/2016\/02\/01\/najnowsze-wydanie-luty-2015\/ES_05_2016_spis.jpg\" width=\"1024\" height=\"739\" srcset=\"https:\/\/elektrosystemy.pl\/wp-content\/uploads\/2016\/02\/01\/najnowsze-wydanie-luty-2015\/ES_05_2016_spis.jpg 1024w, https:\/\/elektrosystemy.pl\/wp-content\/uploads\/2016\/02\/01\/najnowsze-wydanie-luty-2015\/ES_05_2016_spis-600x433.jpg 600w, https:\/\/elektrosystemy.pl\/wp-content\/uploads\/2016\/02\/01\/najnowsze-wydanie-luty-2015\/ES_05_2016_spis-300x217.jpg 300w, https:\/\/elektrosystemy.pl\/wp-content\/uploads\/2016\/02\/01\/najnowsze-wydanie-luty-2015\/ES_05_2016_spis-768x554.jpg 768w\" sizes=\"(max-width: 1024px) 100vw, 1024px\" \/><\/a><\/span><\/p>\n<p><span style=\"font-size: 12pt;\"><a href=\"http:\/\/elektrosystemy.pl\/wp-content\/uploads\/2016\/02\/01\/najnowsze-wydanie-luty-2015\/OkladkaES_05_2016.jpg\"><img loading=\"lazy\" class=\"alignleft wp-image-17053 size-medium\" src=\"http:\/\/elektrosystemy.pl\/wp-content\/uploads\/2016\/02\/01\/najnowsze-wydanie-luty-2015\/OkladkaES_05_2016-209x300.jpg\" alt=\"\" width=\"209\" height=\"300\" srcset=\"https:\/\/elektrosystemy.pl\/wp-content\/uploads\/2016\/02\/01\/najnowsze-wydanie-luty-2015\/OkladkaES_05_2016-209x300.jpg 209w, https:\/\/elektrosystemy.pl\/wp-content\/uploads\/2016\/02\/01\/najnowsze-wydanie-luty-2015\/OkladkaES_05_2016.jpg 500w\" sizes=\"(max-width: 209px) 100vw, 209px\" \/><\/a><span style=\"color: #ffffff; background-color: #ff0000;\"><strong>\u00a0AKTUALNO\u015aCI <\/strong><\/span><\/span><br \/>\n<span style=\"font-size: 12pt;\"><b>14<\/b>\u00a0<strong>Indeks koniunktury ELEKTROSYSTEM\u00d3W<\/strong><\/span><br \/>\n<span style=\"font-size: 12pt;\">Zr\u00f3\u017cnicowane nastroje\u00a0w bran\u017cy w marcu<\/span><br \/>\n<span style=\"font-size: 12pt;\"><b>16<\/b>\u00a0<strong>Gie\u0142dowy Indeks ELEKTROSYSTEM\u00d3W<\/strong><\/span><br \/>\n<span style=\"font-size: 12pt;\">Bran\u017ca na gie\u0142dzie kontynuuje wzrosty<\/span><br \/>\n<span style=\"font-size: 12pt;\"><strong>18<\/strong>\u00a0Produkcja wybranych artyku\u0142\u00f3w<br \/>\nelektrotechnicznych \u2013 II\u00a02016<\/span><br \/>\n<span style=\"font-size: 12pt;\"><strong>19<\/strong>\u00a0S\u0105d og\u0142osi\u0142 upad\u0142o\u015b\u0107\u00a0likwidacyjn\u0105 Elgo<\/span><br \/>\n<span style=\"font-size: 12pt;\"><strong>20<\/strong> Elko-Bis wdro\u017cy system ERP\u00a0i rozwija park maszynowy<\/span><br \/>\n<span style=\"font-size: 12pt;\"><strong>22<\/strong> ZPUE zapowiada\u00a0kontynuacj\u0119 wzrost\u00f3w<\/span><br \/>\n<span style=\"font-size: 12pt;\"><strong>24<\/strong> Produkcja lamp LED wynios\u0142a 1,7 mln sztuk<\/span><br \/>\n<span style=\"font-size: 12pt;\"><strong>26<\/strong>\u00a0Philips prezentuje\u00a0system Indoor Positioning\u00a0<\/span><br \/>\n<span style=\"font-size: 12pt;\"><strong>28<\/strong>\u00a0Lumel dzieli si\u0119\u00a0na dwie sp\u00f3\u0142ki<\/span><br \/>\n<span style=\"font-size: 12pt;\"><strong>28<\/strong>\u00a0TME otwiera biuro we W\u0142oszech<\/span><br \/>\n<span style=\"font-size: 12pt;\"><strong>30<\/strong> Siemens otwiera now\u0105 siedzib\u0119 biura w Katowicach\u00a0<\/span><br \/>\n<span style=\"font-size: 12pt;\"><strong>30<\/strong>\u00a0Vigo System zbuduje zak\u0142ad za 55 mln z\u0142<\/span><br \/>\n<span style=\"font-size: 12pt;\"><strong>32<\/strong>\u00a0GE wykona instalacje\u00a0IOS i SCR za 215 mln z\u0142<\/span><br \/>\n<span style=\"font-size: 12pt;\"><strong>32<\/strong>\u00a0ABB dostarczy roboty do produkcji Mercedesa<br \/>\n<\/span><\/p>\n<p><span style=\"font-size: 12pt;\"><strong style=\"font-size: 12pt;\"><span style=\"background-color: #8bc751;\"><strong>\u00a0<span style=\"color: #ffffff;\">WYWIAD\u00a0<\/span><br \/>\n<\/strong><\/span><\/strong><b>34<\/b>\u00a0Rozmowa z Cezarym Kaczmarkiem<br \/>\ni Urszul\u0105 Kaczmarek, w\u0142a\u015bcicielami<br \/>\nfirmy Kaczmarek Electric<\/span><\/p>\n<p><span style=\"font-size: 12pt;\"><strong style=\"font-size: 12pt;\"><span style=\"background-color: #00a2a4;\"><strong>\u00a0<span style=\"color: #ffffff;\">OSPRZ\u0118T INSTALACYJNY\u00a0<\/span><br \/>\n<\/strong><\/span><\/strong><b>38<\/b> Oznaczniki ProSleeve\u00a0firmy Partex<br \/>\n<\/span><span style=\"font-size: 12pt;\"><b>40<\/b> Pier\u015bcienie dystansowe do puszek Simet\u00a0Multiwall i Multibox2<\/span><\/p>\n<p><span style=\"font-size: 12pt;\"><strong style=\"font-size: 12pt;\"><span style=\"color: #ffffff; background-color: #caa082;\">\u00a0APARATURA MODU\u0141OWA\u00a0<\/span><br \/>\n<\/strong><b style=\"font-size: 12pt;\">42<\/b>\u00a0Aparatura modu\u0142owa i obudowy instalacyjne\u00a0firmy Noark Electric<br \/>\n<\/span><br \/>\n<span style=\"font-size: 12pt;\"><strong style=\"font-size: 12pt;\"><span style=\"color: #ffffff; background-color: #c71882;\">\u00a0ROZDZIA\u0141\u00a0ENERGII\u00a0<\/span><br \/>\n<\/strong><b style=\"font-size: 12pt;\">47<\/b>\u00a0Inteligentne technologie w stacjach trafo ZPUE\u00a0<\/span><\/p>\n<p><span style=\"font-size: 12pt;\"><strong style=\"font-size: 12pt;\"><span style=\"color: #ffffff; background-color: #45aec5;\">\u00a0AUTOMATYKA\u00a0<\/span><br \/>\n<\/strong><b style=\"font-size: 12pt;\">50<\/b>\u00a0Rozwi\u0105zania Rittal na targach w Hanowerze 2016\u00a0<\/span><\/p>\n<p><span style=\"font-size: 12pt;\"><strong style=\"font-size: 12pt;\"><span style=\"color: #ffffff; background-color: #ea802c;\">\u00a0APARATURA \u0141\u0104CZENIOWA\u00a0<\/span><br \/>\n<\/strong><b style=\"font-size: 12pt;\">52<\/b> \u0141\u0105czniki kra\u0144cowe typu AP1V\u2026J02\u00a0firmy SE Pok\u00f3j\u00a0<\/span><\/p>\n<p><span style=\"font-size: 12pt;\"><strong style=\"font-size: 12pt;\"><span style=\"color: #ffffff; background-color: #caa082;\">\u00a0APARATY ZABEZPIECZAJ\u0104CE\u00a0<\/span><br \/>\n<\/strong><b style=\"font-size: 12pt;\">54<\/b>\u00a0Wk\u0142adki bezpiecznikowe\u00a0Eaton Bussmann Series\u00a0<\/span><\/p>\n<p><span style=\"font-size: 12pt;\"><strong style=\"font-size: 12pt;\"><span style=\"background-color: #c74a46;\"><strong>\u00a0<span style=\"color: #ffffff;\">KABLE I PRZEWODY<\/span>\u00a0<\/strong><\/span><br \/>\n<\/strong><b>58<\/b> Remont barki \u017b-2107 Irena z u\u017cyciem rozwi\u0105za\u0144 firmy Lapp Kabel\u00a0<\/span><br \/>\n<b>60<\/b><span style=\"font-size: 12pt;\"> Bezpiecze\u0144stwo i ochrona przewod\u00f3w w przemy\u015ble i automatyce \u2013 oferta Aste<br \/>\n<\/span><br \/>\n<span style=\"font-size: 12pt;\"><strong><span style=\"color: #ffffff; background-color: #f47a63;\">\u00a0OCHRONA PRZECIWPRZEPI\u0118CIOWA I ODGROMOWA\u00a0<\/span><br \/>\n<\/strong><b>64<\/b> Technologia po\u0142\u0105cze\u0144 egzotermicznych <\/span><br \/>\n<b>68<\/b> Ochrona urz\u0105dze\u0144 ko\u0144cowych poprzez w\u0142a\u015bciw\u0105 koordynacj\u0119 ogranicznik\u00f3w przepi\u0119\u0107<br \/>\n<b>73<\/b> Ochrona maszyn przed przepi\u0119ciami \u2013 oferta Phoenix Contact<\/p>\n<p><span style=\"font-size: 12pt;\"><strong><span style=\"color: #ffffff; background-color: #cc6a2d;\"> MIERNICTWO\u00a0<\/span><br \/>\n<\/strong><b>76<\/b>\u00a0Przyrz\u0105dy Fluke do pomiaru jako\u015bci energii elektrycznej <\/span><\/p>\n<p><span style=\"font-size: 12pt;\"><strong><span style=\"color: #ffffff; background-color: #fad500;\">\u00a0TECHNIKA \u015aWIETLNA\u00a0<\/span><br \/>\n<\/strong><b>80<\/b>\u00a0Technologia Phaser dla bran\u017cy rozrywkowej<\/span><\/p>\n<p><span style=\"font-size: 12pt;\"><strong><span style=\"color: #ffffff; background-color: #007dc5;\">\u00a0ZASILANIE AWARYJNE\u00a0<\/span><br \/>\n<\/strong><b>82<\/b>\u00a0Zasilacz UPS Delta Ultron serii HPH<\/span><\/p>\n<p><span style=\"font-size: 12pt;\"><strong><span style=\"color: #ffffff; background-color: #007dc5;\">\u00a0ZASILANIE\u00a0<\/span><br \/>\n<\/strong><b>84<\/b>\u00a0SKompensacja mocy biernej \u2013 rozwi\u0105zania firmy Astat<\/span><\/p>\n<p><span style=\"font-size: 12pt;\"><strong><span style=\"color: #ffffff; background-color: #ebce93;\">\u00a0INTELIGENTNY BUDYNEK\u00a0<\/span><br \/>\n<\/strong><b>86<\/b>\u00a0Nowo\u015bci w ofercie automatyki budynkowej Exta firmy Zamel<\/span><\/p>\n<p><span style=\"font-size: 12pt;\"><strong><span style=\"color: #ffffff; background-color: #b191af;\">\u00a0PRZETARGI I INWESTYCJE\u00a0<\/span><\/strong><\/span><br \/>\n<span style=\"font-size: 12pt;\"> <b>91<\/b>\u00a0Planowane inwestycje<\/span><br \/>\n<span style=\"font-size: 12pt;\"> <b>96<\/b>\u00a0Przetargi w bran\u017cy elektrotechnicznej i energetycznej<br \/>\n<\/span><br \/>\n<span style=\"font-size: 12pt;\"><strong><span style=\"background-color: #ff0000; color: #ffffff;\"><span style=\"font-size: 12pt;\">\u00a0WYDARZENIA\u00a0<\/span><em><br \/>\n<\/em><\/span><b>105<\/b>\u00a0<\/strong>Relacje z targ\u00f3w, wydarze\u0144, spotka\u0144\u00a0bran\u017cowych<strong><br \/>\n<\/strong><\/span><\/p>\n<h4><span style=\"font-size: 12pt;\"><strong>Dodatek:\u00a0&#8220;HURTOWNIE ELEKTROTECHNICZNE&#8221;<\/strong><\/span><\/h4>\n<p><span style=\"font-size: 12pt;\"><a href=\"http:\/\/elektrosystemy.pl\/wp-content\/uploads\/2016\/02\/01\/najnowsze-wydanie-luty-2015\/Okladka_hurtownie_05_2016.jpg\"><img loading=\"lazy\" class=\"alignleft wp-image-17054 size-medium\" src=\"http:\/\/elektrosystemy.pl\/wp-content\/uploads\/2016\/02\/01\/najnowsze-wydanie-luty-2015\/Okladka_hurtownie_05_2016-200x300.jpg\" alt=\"\" width=\"200\" height=\"300\" srcset=\"https:\/\/elektrosystemy.pl\/wp-content\/uploads\/2016\/02\/01\/najnowsze-wydanie-luty-2015\/Okladka_hurtownie_05_2016-200x300.jpg 200w, https:\/\/elektrosystemy.pl\/wp-content\/uploads\/2016\/02\/01\/najnowsze-wydanie-luty-2015\/Okladka_hurtownie_05_2016.jpg 500w\" sizes=\"(max-width: 200px) 100vw, 200px\" \/><\/a><strong style=\"font-size: 12pt;\">\u00a04<\/strong> Rynek hurtowni ro\u015bnie i mocniej si\u0119 konsoliduje<\/span><br \/>\n<span style=\"font-size: 12pt;\"><b>18<\/b> Wsp\u00f3\u0142praca hurtowni\u00a0elektrotechnicznych z klientami<\/span><\/p>\n<h4><span style=\"font-size: 12pt;\"><strong>Dodatek:\u00a0&#8220;FIRMY ELEKTROINSTALACYJNE&#8221;<\/strong><\/span><\/h4>\n<p><span style=\"font-size: 12pt;\"><a href=\"http:\/\/elektrosystemy.pl\/wp-content\/uploads\/2016\/02\/01\/najnowsze-wydanie-luty-2015\/Okladka_FE_05_2016.jpg\"><img loading=\"lazy\" class=\"alignleft wp-image-17055 size-medium\" src=\"http:\/\/elektrosystemy.pl\/wp-content\/uploads\/2016\/02\/01\/najnowsze-wydanie-luty-2015\/Okladka_FE_05_2016-200x300.jpg\" alt=\"\" width=\"200\" height=\"300\" srcset=\"https:\/\/elektrosystemy.pl\/wp-content\/uploads\/2016\/02\/01\/najnowsze-wydanie-luty-2015\/Okladka_FE_05_2016-200x300.jpg 200w, https:\/\/elektrosystemy.pl\/wp-content\/uploads\/2016\/02\/01\/najnowsze-wydanie-luty-2015\/Okladka_FE_05_2016.jpg 500w\" sizes=\"(max-width: 200px) 100vw, 200px\" \/><\/a><strong style=\"font-size: 12pt;\">\u00a04<\/strong> Firmy elektroinstalacyjne\u00a0poprawi\u0142y rentowno\u015b\u0107<\/span><br \/>\n<span style=\"font-size: 12pt;\"><b>18<\/b>\u00a0Poznali\u015bmy zwyci\u0119zc\u00f3w IX edycji konkursu Elektryzuj\u0105ca Pasja<br \/>\n<\/span><span style=\"font-size: 12pt;\"><strong>22<\/strong> Wy\u0142\u0105czniki kompaktowe \u2013 mocy<\/span><\/p>\n","protected":false},"excerpt":{"rendered":"<p>\u00a0AKTUALNO\u015aCI 14\u00a0Indeks koniunktury ELEKTROSYSTEM\u00d3W Zr\u00f3\u017cnicowane nastroje\u00a0w bran\u017cy w marcu 16\u00a0Gie\u0142dowy Indeks ELEKTROSYSTEM\u00d3W Bran\u017ca na gie\u0142dzie kontynuuje wzrosty 18\u00a0Produkcja wybranych artyku\u0142\u00f3w elektrotechnicznych \u2013 II\u00a02016 19\u00a0S\u0105d og\u0142osi\u0142 upad\u0142o\u015b\u0107\u00a0likwidacyjn\u0105 Elgo 20 Elko-Bis wdro\u017cy system ERP\u00a0i rozwija park maszynowy 22 ZPUE zapowiada\u00a0kontynuacj\u0119 wzrost\u00f3w 24 Produkcja lamp LED wynios\u0142a 1,7 mln sztuk 26\u00a0Philips prezentuje\u00a0system Indoor Positioning\u00a0 28\u00a0Lumel dzieli si\u0119\u00a0na dwie&hellip;<\/p>\n","protected":false},"author":2,"featured_media":0,"parent":15581,"menu_order":5,"comment_status":"closed","ping_status":"closed","template":"","meta":[],"_links":{"self":[{"href":"https:\/\/elektrosystemy.pl\/index.php?rest_route=\/wp\/v2\/pages\/17628"}],"collection":[{"href":"https:\/\/elektrosystemy.pl\/index.php?rest_route=\/wp\/v2\/pages"}],"about":[{"href":"https:\/\/elektrosystemy.pl\/index.php?rest_route=\/wp\/v2\/types\/page"}],"author":[{"embeddable":true,"href":"https:\/\/elektrosystemy.pl\/index.php?rest_route=\/wp\/v2\/users\/2"}],"replies":[{"embeddable":true,"href":"https:\/\/elektrosystemy.pl\/index.php?rest_route=%2Fwp%2Fv2%2Fcomments&post=17628"}],"version-history":[{"count":1,"href":"https:\/\/elektrosystemy.pl\/index.php?rest_route=\/wp\/v2\/pages\/17628\/revisions"}],"predecessor-version":[{"id":17629,"href":"https:\/\/elektrosystemy.pl\/index.php?rest_route=\/wp\/v2\/pages\/17628\/revisions\/17629"}],"up":[{"embeddable":true,"href":"https:\/\/elektrosystemy.pl\/index.php?rest_route=\/wp\/v2\/pages\/15581"}],"wp:attachment":[{"href":"https:\/\/elektrosystemy.pl\/index.php?rest_route=%2Fwp%2Fv2%2Fmedia&parent=17628"}],"curies":[{"name":"wp","href":"https:\/\/api.w.org\/{rel}","templated":true}]}}