{"id":18236,"date":"2016-07-04T11:05:34","date_gmt":"2016-07-04T09:05:34","guid":{"rendered":"http:\/\/elektrosystemy.pl\/?page_id=18236"},"modified":"2016-08-02T19:36:53","modified_gmt":"2016-08-02T17:36:53","slug":"czerwiec-2016","status":"publish","type":"page","link":"https:\/\/elektrosystemy.pl\/?page_id=18236","title":{"rendered":"CZERWIEC 2016"},"content":{"rendered":"<p><span style=\"font-size: 12pt;\"><a href=\"http:\/\/elektrosystemy.pl\/wp-content\/uploads\/2016\/02\/01\/najnowsze-wydanie-luty-2015\/ES_06_2016_spis.jpg\"><img loading=\"lazy\" class=\"alignleft wp-image-17639 size-full\" src=\"http:\/\/elektrosystemy.pl\/wp-content\/uploads\/2016\/02\/01\/najnowsze-wydanie-luty-2015\/ES_06_2016_spis.jpg\" width=\"1024\" height=\"739\" srcset=\"https:\/\/elektrosystemy.pl\/wp-content\/uploads\/2016\/02\/01\/najnowsze-wydanie-luty-2015\/ES_06_2016_spis.jpg 1024w, https:\/\/elektrosystemy.pl\/wp-content\/uploads\/2016\/02\/01\/najnowsze-wydanie-luty-2015\/ES_06_2016_spis-600x433.jpg 600w, https:\/\/elektrosystemy.pl\/wp-content\/uploads\/2016\/02\/01\/najnowsze-wydanie-luty-2015\/ES_06_2016_spis-300x217.jpg 300w, https:\/\/elektrosystemy.pl\/wp-content\/uploads\/2016\/02\/01\/najnowsze-wydanie-luty-2015\/ES_06_2016_spis-768x554.jpg 768w\" sizes=\"(max-width: 1024px) 100vw, 1024px\" \/><\/a><\/span><\/p>\n<p><span style=\"font-size: 12pt;\"><a href=\"http:\/\/elektrosystemy.pl\/wp-content\/uploads\/2016\/02\/01\/najnowsze-wydanie-luty-2015\/OkladkaES_06_2016.jpg\"><img loading=\"lazy\" class=\"wp-image-17635 size-medium alignleft\" src=\"http:\/\/elektrosystemy.pl\/wp-content\/uploads\/2016\/02\/01\/najnowsze-wydanie-luty-2015\/OkladkaES_06_2016-208x300.jpg\" width=\"208\" height=\"300\" srcset=\"https:\/\/elektrosystemy.pl\/wp-content\/uploads\/2016\/02\/01\/najnowsze-wydanie-luty-2015\/OkladkaES_06_2016-208x300.jpg 208w, https:\/\/elektrosystemy.pl\/wp-content\/uploads\/2016\/02\/01\/najnowsze-wydanie-luty-2015\/OkladkaES_06_2016.jpg 500w\" sizes=\"(max-width: 208px) 100vw, 208px\" \/><\/a><span style=\"color: #ffffff; background-color: #ff0000;\"><strong>\u00a0AKTUALNO\u015aCI <\/strong><\/span><\/span><br \/>\n<span style=\"font-size: 12pt;\"><b>14<\/b>\u00a0<strong>Indeks koniunktury ELEKTROSYSTEM\u00d3W<\/strong><\/span><br \/>\n<span style=\"font-size: 12pt;\">Bran\u017ca w kwietniu\u00a0zanotowa\u0142a spadki<\/span><br \/>\n<span style=\"font-size: 12pt;\"><b>16<\/b>\u00a0<strong>Gie\u0142dowy Indeks ELEKTROSYSTEM\u00d3W<\/strong><\/span><br \/>\n<span style=\"font-size: 12pt;\">Niewielkie wzrosty\u00a0bran\u017cy na gie\u0142dzie<\/span><br \/>\n<span style=\"font-size: 12pt;\"><strong>18<\/strong>\u00a0Produkcja wybranych artyku\u0142\u00f3w<br \/>\nelektrotechnicznych \u2013 III 2016<\/span><br \/>\n<span style=\"font-size: 12pt;\"><strong>20<\/strong> W\u00fcrth sfinalizowa\u0142 przej\u0119cie Elektroskandii<\/span><br \/>\n<span style=\"font-size: 12pt;\"><strong>21<\/strong>\u00a0Yaskawa otwiera\u00a0biuro w Polsce<\/span><br \/>\n<span style=\"font-size: 12pt;\"><strong>22<\/strong>\u00a0Tele-Fonika pozyska\u0142a\u00a0istotne zam\u00f3wienie w Peru<\/span><br \/>\n<span style=\"font-size: 12pt;\"><strong>23<\/strong> Trina Solar interesuje si\u0119\u00a0wynalazkiem polskiej sp\u00f3\u0142ki\u00a0<\/span><br \/>\n<span style=\"font-size: 12pt;\"><strong>24<\/strong> Siemens zawi\u0105zuje sojusze z Airbus i Panasonic<\/span><br \/>\n<span style=\"font-size: 12pt;\"><strong>25<\/strong>\u00a0Astat spotka si\u0119 w Chorzowie\u00a0z in\u017cynierami i automatykami<\/span><br \/>\n<span style=\"font-size: 12pt;\"><strong>25<\/strong> Doktorvolt zwi\u0119ksza powierzchni\u0119 magazynow\u0105\u00a0<\/span><br \/>\n<span style=\"font-size: 12pt;\"><strong>26<\/strong> W listopadzie energetycy\u00a0kolejny raz odwiedz\u0105 Lublin<\/span><br \/>\n<span style=\"font-size: 12pt;\"><strong>26<\/strong> Legrand zwi\u0119ksza sprzeda\u017c\u00a0i umacnia pozycj\u0119 w USA<\/span><br \/>\n<span style=\"font-size: 12pt;\"><strong>28<\/strong> Gmina Otmuch\u00f3w stawia na fotowoltaik\u0119<br \/>\n<strong>28<\/strong> Ensto przejmuje Tridelta Parafoundres<br \/>\n<strong>29<\/strong> GE wyremontuje turbin\u0119\u00a0w papierni Mondi \u015awiecie<br \/>\n<strong>29<\/strong> Relpol notuje rekordowe przychody<br \/>\n<strong>30<\/strong>\u00a0Sprzeda\u017c robot\u00f3w na \u015bwiecie wzros\u0142a o 8%<br \/>\n<strong>30<\/strong> GDE 2016 odb\u0119d\u0105 si\u0119 w dniach 27-29 pa\u017adziernika<br \/>\n<\/span><\/p>\n<p><span style=\"font-size: 12pt;\"><strong style=\"font-size: 12pt;\"><span style=\"color: #ffffff; background-color: #45aec5;\">\u00a0AUTOMATYKA\u00a0<\/span><br \/>\n<\/strong><b style=\"font-size: 12pt;\">32<\/b>\u00a0System odczytu kod\u00f3w firmy Cognex dla bran\u017cy oponiarskiej\u00a0<\/span><\/p>\n<p><span style=\"font-size: 12pt;\"><strong style=\"font-size: 12pt;\"><span style=\"background-color: #00a2a4;\"><strong>\u00a0<span style=\"color: #ffffff;\">OSPRZ\u0118T INSTALACYJNY\u00a0<\/span><br \/>\n<\/strong><\/span><\/strong><b>34<\/b>\u00a0Obudowy metalowe firmy Noark Electric<br \/>\n<\/span><span style=\"font-size: 12pt;\"><b>37<\/b>\u00a0Mocne i szczelne\u00a0szafki ARCA firmy Fibox<\/span><\/p>\n<p><span style=\"font-size: 12pt;\"><strong style=\"font-size: 12pt;\"><span style=\"color: #ffffff; background-color: #cc6a2d;\">\u00a0MIERNICTWO\u00a0<\/span><br \/>\n<\/strong><b style=\"font-size: 12pt;\">40<\/b>\u00a0Fluke 279 FC \u2013 kamera termowizyjna\u00a0i multimetr w jednym<br \/>\n<b style=\"font-size: 12pt;\">42<\/b>\u00a0Analizator jako\u015bci energii Kyoritsu KEW 6315<br \/>\n<b style=\"font-size: 12pt;\">44<\/b>\u00a0Multimetry\u00a0Gossen Metrawatt\u00a0z oferty Astat<br \/>\n<\/span><br \/>\n<span style=\"font-size: 12pt;\"><strong style=\"font-size: 12pt;\"><span style=\"color: #ffffff; background-color: #fad500;\">\u00a0TECHNIKA \u015aWIETLNA\u00a0<\/span><br \/>\n<\/strong><b style=\"font-size: 12pt;\">47<\/b>\u00a0Portal LEDukacja.pl\u00a0firmy Osram\u00a0<\/span><\/p>\n<p><span style=\"font-size: 12pt;\"><strong style=\"font-size: 12pt;\"><span style=\"color: #ffffff; background-color: #c74a46;\">\u00a0KABLE I PRZEWODY\u00a0<\/span><br \/>\n<\/strong><b style=\"font-size: 12pt;\">50<\/b>\u00a0Przewody Lapp Kabel do aplikacji ruchomych\u00a0<\/span><\/p>\n<p><span style=\"font-size: 12pt;\"><strong style=\"font-size: 12pt;\"><span style=\"color: #ffffff; background-color: #007dc5;\">\u00a0ZASILANIE AWARYJNE\u00a0<\/span><br \/>\n<\/strong><b style=\"font-size: 12pt;\">54<\/b>\u00a0UPS-y o budowie modu\u0142owej\u00a0\u2013 oferta firmy Fast Group \u00a0<\/span><\/p>\n<p><span style=\"font-size: 12pt;\"><strong style=\"font-size: 12pt;\"><span style=\"color: #ffffff; background-color: #c71882;\">\u00a0ROZDZIA\u0141\u00a0ENERGII\u00a0<\/span><br \/>\n<\/strong><b style=\"font-size: 12pt;\">58<\/b> Oprogramowanie SwitchBoard Configurator\u00a0firmy Eaton<br \/>\n<b style=\"font-size: 12pt;\">60<\/b>\u00a0Oprogramowanie projektowe Simaris design 9.0 firmy Siemens<br \/>\n<b style=\"font-size: 12pt;\">64<\/b>\u00a0IAutomatyzacja sieci napowietrznych SN\u00a0\u2013 modu\u0142 automatyki FDIR<br \/>\n<\/span><\/p>\n<p><span style=\"font-size: 12pt;\"><strong><span style=\"color: #ffffff; background-color: #b191af;\">\u00a0PRZETARGI I INWESTYCJE\u00a0<\/span><\/strong><\/span><br \/>\n<span style=\"font-size: 12pt;\"><b>70<\/b>\u00a0Planowane inwestycje<\/span><br \/>\n<span style=\"font-size: 12pt;\"><b>76<\/b>\u00a0Przetargi w bran\u017cy elektrotechnicznej i energetycznej<br \/>\n<\/span><br \/>\n<span style=\"font-size: 12pt;\"><strong><span style=\"background-color: #ff0000; color: #ffffff;\"><span style=\"font-size: 12pt;\">\u00a0WYDARZENIA\u00a0<\/span><em><br \/>\n<\/em><\/span><b>85<\/b>\u00a0<\/strong>Relacje z targ\u00f3w, wydarze\u0144, spotka\u0144\u00a0bran\u017cowych<strong><br \/>\n<\/strong><\/span><\/p>\n<h4><span style=\"font-size: 12pt;\"><strong>Dodatek:\u00a0&#8220;MIERNICTWO&#8221;<\/strong><\/span><\/h4>\n<p><span style=\"font-size: 12pt;\"><a href=\"http:\/\/elektrosystemy.pl\/wp-content\/uploads\/2016\/02\/01\/najnowsze-wydanie-luty-2015\/okl_dod_miernictwo_06_2016.jpg\"><img loading=\"lazy\" class=\"alignleft wp-image-17636 size-medium\" src=\"http:\/\/elektrosystemy.pl\/wp-content\/uploads\/2016\/02\/01\/najnowsze-wydanie-luty-2015\/okl_dod_miernictwo_06_2016-199x300.jpg\" width=\"199\" height=\"300\" srcset=\"https:\/\/elektrosystemy.pl\/wp-content\/uploads\/2016\/02\/01\/najnowsze-wydanie-luty-2015\/okl_dod_miernictwo_06_2016-199x300.jpg 199w, https:\/\/elektrosystemy.pl\/wp-content\/uploads\/2016\/02\/01\/najnowsze-wydanie-luty-2015\/okl_dod_miernictwo_06_2016.jpg 500w\" sizes=\"(max-width: 199px) 100vw, 199px\" \/><\/a><strong style=\"font-size: 12pt;\">\u00a04<\/strong> Przemys\u0142 nap\u0119dza\u00a0bran\u017c\u0119 miernictwa<\/span><br \/>\n<span style=\"font-size: 12pt;\"><b>11<\/b>\u00a0Multimetr cyfrowy\u00a0Fluke 289<br \/>\n<b>16<\/b> Termowizja czyli termografia<br \/>\n<b>20<\/b>\u00a0Luksomierze<br \/>\n<b>24<\/b>\u00a0Multimetry cyfrowe \u2013 wielofunkcyjne \u00a0przyrz\u0105dy pomiarowe<br \/>\n<b>28<\/b>\u00a0Multimetry cyfrowe \u2013 oferta rynkowa<\/span><\/p>\n<p>&nbsp;<\/p>\n<h4><\/h4>\n","protected":false},"excerpt":{"rendered":"<p>\u00a0AKTUALNO\u015aCI 14\u00a0Indeks koniunktury ELEKTROSYSTEM\u00d3W Bran\u017ca w kwietniu\u00a0zanotowa\u0142a spadki 16\u00a0Gie\u0142dowy Indeks ELEKTROSYSTEM\u00d3W Niewielkie wzrosty\u00a0bran\u017cy na gie\u0142dzie 18\u00a0Produkcja wybranych artyku\u0142\u00f3w elektrotechnicznych \u2013 III 2016 20 W\u00fcrth sfinalizowa\u0142 przej\u0119cie Elektroskandii 21\u00a0Yaskawa otwiera\u00a0biuro w Polsce 22\u00a0Tele-Fonika pozyska\u0142a\u00a0istotne zam\u00f3wienie w Peru 23 Trina Solar interesuje si\u0119\u00a0wynalazkiem polskiej sp\u00f3\u0142ki\u00a0 24 Siemens zawi\u0105zuje sojusze z Airbus i Panasonic 25\u00a0Astat spotka si\u0119 w&hellip;<\/p>\n","protected":false},"author":2,"featured_media":0,"parent":15581,"menu_order":6,"comment_status":"closed","ping_status":"closed","template":"","meta":[],"_links":{"self":[{"href":"https:\/\/elektrosystemy.pl\/index.php?rest_route=\/wp\/v2\/pages\/18236"}],"collection":[{"href":"https:\/\/elektrosystemy.pl\/index.php?rest_route=\/wp\/v2\/pages"}],"about":[{"href":"https:\/\/elektrosystemy.pl\/index.php?rest_route=\/wp\/v2\/types\/page"}],"author":[{"embeddable":true,"href":"https:\/\/elektrosystemy.pl\/index.php?rest_route=\/wp\/v2\/users\/2"}],"replies":[{"embeddable":true,"href":"https:\/\/elektrosystemy.pl\/index.php?rest_route=%2Fwp%2Fv2%2Fcomments&post=18236"}],"version-history":[{"count":1,"href":"https:\/\/elektrosystemy.pl\/index.php?rest_route=\/wp\/v2\/pages\/18236\/revisions"}],"predecessor-version":[{"id":18237,"href":"https:\/\/elektrosystemy.pl\/index.php?rest_route=\/wp\/v2\/pages\/18236\/revisions\/18237"}],"up":[{"embeddable":true,"href":"https:\/\/elektrosystemy.pl\/index.php?rest_route=\/wp\/v2\/pages\/15581"}],"wp:attachment":[{"href":"https:\/\/elektrosystemy.pl\/index.php?rest_route=%2Fwp%2Fv2%2Fmedia&parent=18236"}],"curies":[{"name":"wp","href":"https:\/\/api.w.org\/{rel}","templated":true}]}}