{"id":18744,"date":"2016-08-09T10:41:51","date_gmt":"2016-08-09T08:41:51","guid":{"rendered":"http:\/\/elektrosystemy.pl\/?page_id=18744"},"modified":"2019-04-13T20:21:28","modified_gmt":"2019-04-13T18:21:28","slug":"lipiec-2016","status":"publish","type":"page","link":"https:\/\/elektrosystemy.pl\/?page_id=18744","title":{"rendered":"LIPIEC 2016"},"content":{"rendered":"<p><span style=\"font-size: 12pt;\"><a href=\"http:\/\/elektrosystemy.pl\/wp-content\/uploads\/2016\/02\/01\/najnowsze-wydanie-luty-2015\/Spis_ES_07_2016.jpg\"><img loading=\"lazy\" class=\"aligncenter wp-image-18242 size-full\" src=\"http:\/\/elektrosystemy.pl\/wp-content\/uploads\/2016\/02\/01\/najnowsze-wydanie-luty-2015\/Spis_ES_07_2016.jpg\" width=\"2547\" height=\"1835\" srcset=\"https:\/\/elektrosystemy.pl\/wp-content\/uploads\/2016\/02\/01\/najnowsze-wydanie-luty-2015\/Spis_ES_07_2016.jpg 2547w, https:\/\/elektrosystemy.pl\/wp-content\/uploads\/2016\/02\/01\/najnowsze-wydanie-luty-2015\/Spis_ES_07_2016-600x432.jpg 600w, https:\/\/elektrosystemy.pl\/wp-content\/uploads\/2016\/02\/01\/najnowsze-wydanie-luty-2015\/Spis_ES_07_2016-300x216.jpg 300w, https:\/\/elektrosystemy.pl\/wp-content\/uploads\/2016\/02\/01\/najnowsze-wydanie-luty-2015\/Spis_ES_07_2016-768x553.jpg 768w, https:\/\/elektrosystemy.pl\/wp-content\/uploads\/2016\/02\/01\/najnowsze-wydanie-luty-2015\/Spis_ES_07_2016-1024x738.jpg 1024w\" sizes=\"(max-width: 2547px) 100vw, 2547px\" \/><\/a><\/span><\/p>\n<p><span style=\"font-size: 12pt;\"><a href=\"http:\/\/elektrosystemy.pl\/wp-content\/uploads\/2016\/02\/01\/najnowsze-wydanie-luty-2015\/okladka_ES_07_2016.png\"><img loading=\"lazy\" class=\"alignleft wp-image-18243 size-medium\" src=\"http:\/\/elektrosystemy.pl\/wp-content\/uploads\/2016\/02\/01\/najnowsze-wydanie-luty-2015\/okladka_ES_07_2016-207x300.png\" width=\"207\" height=\"300\" srcset=\"https:\/\/elektrosystemy.pl\/wp-content\/uploads\/2016\/02\/01\/najnowsze-wydanie-luty-2015\/okladka_ES_07_2016-207x300.png 207w, https:\/\/elektrosystemy.pl\/wp-content\/uploads\/2016\/02\/01\/najnowsze-wydanie-luty-2015\/okladka_ES_07_2016.png 500w\" sizes=\"(max-width: 207px) 100vw, 207px\" \/><\/a><span style=\"color: #ffffff; background-color: #ff0000;\"><strong>\u00a0AKTUALNO\u015aCI <\/strong><\/span><\/span><br \/>\n<span style=\"font-size: 12pt;\"><b>12<\/b>\u00a0<strong>Indeks koniunktury ELEKTROSYSTEM\u00d3W<\/strong><\/span><br \/>\n<span style=\"font-size: 12pt;\">Kontynuacja trendu spadkowego w maju<\/span><br \/>\n<span style=\"font-size: 12pt;\"><b>14<\/b>\u00a0<strong>Gie\u0142dowy Indeks ELEKTROSYSTEM\u00d3W<\/strong><\/span><br \/>\n<span style=\"font-size: 12pt;\">Du\u017ce spadki\u00a0na warszawskim parkiecie<\/span><br \/>\n<span style=\"font-size: 12pt;\"><strong>16<\/strong>\u00a0Produkcja wybranych artyku\u0142\u00f3w<br \/>\nelektrotechnicznych \u2013 IV\u00a02016<\/span><br \/>\n<span style=\"font-size: 12pt;\"><strong>17<\/strong> Kaczmarek Electric\u00a0intensywnie si\u0119 rozrasta<\/span><br \/>\n<span style=\"font-size: 12pt;\"><strong>18<\/strong> Datalogic otwiera biuro w Polsce<\/span><br \/>\n<span style=\"font-size: 12pt;\"><strong>19<\/strong> Columbus Energy planuje 82 mln z\u0142 zysku w 2020 r.<\/span><br \/>\n<span style=\"font-size: 12pt;\"><strong>20<\/strong>\u00a0Geotrans przejmuje Kompani\u0119 Elektryczn\u0105 \u00a0<\/span><br \/>\n<span style=\"font-size: 12pt;\"><strong>21<\/strong>\u00a0Ro\u015bnie popularno\u015b\u0107 ETIM w Polsce i Europie<\/span><br \/>\n<span style=\"font-size: 12pt;\"><strong>22<\/strong> Phoenix Contact rozbuduje zak\u0142ad w Nowym Tomy\u015blu<\/span><br \/>\n<span style=\"font-size: 12pt;\"><strong>22<\/strong>\u00a0Fibrain postawi fabryk\u0119 za 60 mln z\u0142\u00a0<\/span><br \/>\n<span style=\"font-size: 12pt;\"><strong>23<\/strong> Energetab odb\u0119dzie si\u0119 w dniach 13-15 wrze\u015bnia<\/span><br \/>\n<span style=\"font-size: 12pt;\"><strong>23<\/strong> Eltel otwiera CUW w Gda\u0144sku<\/span><br \/>\n<span style=\"font-size: 12pt;\"><strong>24<\/strong> Osram utworzy\u0142 now\u0105 sp\u00f3\u0142k\u0119 w Polsce<br \/>\n<strong>24<\/strong>\u00a0Eltron autoryzowanym dystrybutorem Kradex<br \/>\n<strong>25<\/strong> Pod W\u0142odaw\u0105 uruchomiono instalacje PV o mocy 2 MW<br \/>\n<strong>25<\/strong>\u00a0Trakcja PRKiI pozyskuje\u00a0kontrakty w energetyce<br \/>\n<strong>26<\/strong> Astor dostarczy roboty dla Seco\/Warwick<br \/>\n<strong>26<\/strong> DM PKO BP: Elektrobudowa zmniejszy skal\u0119 dzia\u0142alno\u015bci<br \/>\n<\/span><span style=\"font-size: 12pt;\"><strong>27<\/strong> Miloo-Electronics patentuje tr\u00f3jfazowy zasilacz LED<br \/>\n<strong>27<\/strong> Elektromonta\u017c Gda\u0144sk wykona prace dla Lotosu<br \/>\n<\/span><span style=\"font-size: 12pt;\"><strong>28<\/strong> Midea sk\u0142ada ofert\u0119\u00a0producentowi robot\u00f3w Kuka<br \/>\n<strong>28<\/strong> ABB zasila najd\u0142u\u017cszy i najg\u0142\u0119bszy tunel \u015bwiata<br \/>\n<\/span><\/p>\n<p><span style=\"font-size: 12pt;\"><strong style=\"font-size: 12pt;\"><span style=\"color: #ffffff; background-color: #ed1c24;\">\u00a0ELEKTROPRODUKT 2016\u00a0<\/span><br \/>\n<\/strong><b style=\"font-size: 12pt;\">30<\/b>\u00a0ELEKTROPRODUKT 2016 roku:<br \/>\nlista zg\u0142oszonych produkt\u00f3w\u00a0<\/span><\/p>\n<p><span style=\"font-size: 12pt;\"><strong style=\"font-size: 12pt;\"><span style=\"background-color: #00a2a4;\"><strong>\u00a0<span style=\"color: #ffffff;\">OSPRZ\u0118T INSTALACYJNY\u00a0<\/span><br \/>\n<\/strong><\/span><\/strong><b>46<\/b>\u00a0Uniwersalny system opisowy Weidm\u00fcller MultiMark<br \/>\n<\/span><span style=\"font-size: 12pt;\"><b>49<\/b> Puszki elektroinstalacyjne\u00a0Kopos<br \/>\n<b>52<\/b> Modu\u0142owy osprz\u0119t\u00a0firmy Vimar<br \/>\n<\/span><\/p>\n<p><span style=\"font-size: 12pt;\"><strong style=\"font-size: 12pt;\"><span style=\"color: #ffffff; background-color: #c71882;\">\u00a0ROZDZIA\u0141\u00a0ENERGII\u00a0<\/span><br \/>\n<\/strong><b style=\"font-size: 12pt;\">54<\/b>\u00a0Rozdzielnice budowlane TD\u00a0i przed\u0142u\u017cacze firmy Doktorvolt<br \/>\n<\/span><\/p>\n<p><span style=\"font-size: 12pt;\"><strong style=\"font-size: 12pt;\"><span style=\"color: #ffffff; background-color: #c74a46;\">\u00a0KABLE I PRZEWODY\u00a0<\/span><br \/>\n<\/strong><b style=\"font-size: 12pt;\">56<\/b>\u00a0Odporne produkty Lapp Kabel na targach w Hanowerze <\/span><\/p>\n<p><span style=\"font-size: 12pt;\"><strong style=\"font-size: 12pt;\"><span style=\"color: #ffffff; background-color: #fad500;\">\u00a0TECHNIKA \u015aWIETLNA\u00a0<\/span><br \/>\n<\/strong><b style=\"font-size: 12pt;\">58<\/b>\u00a0Trwa\u0142o\u015b\u0107 \u017ar\u00f3de\u0142 \u015bwiat\u0142a LED<br \/>\n<b style=\"font-size: 12pt;\">60<\/b>\u00a0O\u015bwietlenie Osram\u00a0na stadionach Euro 2016<br \/>\n<\/span><\/p>\n<p><span style=\"font-size: 12pt;\"><strong style=\"font-size: 12pt;\"><span style=\"color: #ffffff; background-color: #cc6a2d;\">\u00a0MIERNICTWO\u00a0<\/span><br \/>\n<\/strong><b style=\"font-size: 12pt;\">62<\/b>\u00a0Testery instalacji Fluke nowej serii 1660 \u00a0<\/span><\/p>\n<p><strong><span style=\"color: #ffffff; background-color: #b191af;\">\u00a0PRZETARGI I INWESTYCJE\u00a0<\/span><\/strong><\/p>\n<p><span style=\"font-size: 12pt;\"><b>70<\/b>\u00a0Planowane inwestycje<\/span><br \/>\n<span style=\"font-size: 12pt;\"><b>76<\/b>\u00a0Przetargi w bran\u017cy elektrotechnicznej i energetycznej<br \/>\n<\/span><br \/>\n<span style=\"font-size: 12pt;\"><strong><span style=\"background-color: #ff0000; color: #ffffff;\"><span style=\"font-size: 12pt;\">\u00a0WYDARZENIA\u00a0<\/span><em><br \/>\n<\/em><\/span><b>82<\/b>\u00a0<\/strong>Relacje z targ\u00f3w, wydarze\u0144, spotka\u0144\u00a0bran\u017cowych<strong><br \/>\n<\/strong><\/span><\/p>\n<h4><span style=\"font-size: 12pt;\"><strong>Dodatek:\u00a0&#8220;OSPRZ\u0118T INSTALACYJNY&#8221;<\/strong><\/span><\/h4>\n<p><span style=\"font-size: 12pt;\"><a href=\"http:\/\/elektrosystemy.pl\/wp-content\/uploads\/2016\/02\/01\/najnowsze-wydanie-luty-2015\/Okladka_OSPRZET_07_2016.jpg\"><img loading=\"lazy\" class=\"alignleft wp-image-18256 size-medium\" src=\"http:\/\/elektrosystemy.pl\/wp-content\/uploads\/2016\/02\/01\/najnowsze-wydanie-luty-2015\/Okladka_OSPRZET_07_2016-200x300.jpg\" width=\"200\" height=\"300\" srcset=\"https:\/\/elektrosystemy.pl\/wp-content\/uploads\/2016\/02\/01\/najnowsze-wydanie-luty-2015\/Okladka_OSPRZET_07_2016-200x300.jpg 200w, https:\/\/elektrosystemy.pl\/wp-content\/uploads\/2016\/02\/01\/najnowsze-wydanie-luty-2015\/Okladka_OSPRZET_07_2016.jpg 500w\" sizes=\"(max-width: 200px) 100vw, 200px\" \/><\/a><strong style=\"font-size: 12pt;\">\u00a04<\/strong> Wzrost rynku osprz\u0119tu mo\u017ce by\u0107 wolniejszy<\/span><br \/>\n<span style=\"font-size: 12pt;\"><b>11<\/b> Rozdzielnie Economic Box\u00a0firmy Elektro-Plast Nasielsk<br \/>\n<b>14<\/b>\u00a0Urz\u0105dzenia do produkcji oznacznik\u00f3w<br \/>\n<b>16<\/b>\u00a0Urz\u0105dzenia do produkcji oznacznik\u00f3w i etykiet \u2013 przegl\u0105d oferty rynkowej<br \/>\n<b>18<\/b>\u00a0Puszki rozga\u0142\u0119\u017ane i osprz\u0119towe\u00a0elektroinstalacyjne<br \/>\n<b>20<\/b>\u00a0Puszki elektroinstalacyjne do instalacji przemys\u0142owych \u2013 oferta rynkowa<\/span><\/p>\n<p>&nbsp;<\/p>\n<h4><\/h4>\n","protected":false},"excerpt":{"rendered":"<p>\u00a0AKTUALNO\u015aCI 12\u00a0Indeks koniunktury ELEKTROSYSTEM\u00d3W Kontynuacja trendu spadkowego w maju 14\u00a0Gie\u0142dowy Indeks ELEKTROSYSTEM\u00d3W Du\u017ce spadki\u00a0na warszawskim parkiecie 16\u00a0Produkcja wybranych artyku\u0142\u00f3w elektrotechnicznych \u2013 IV\u00a02016 17 Kaczmarek Electric\u00a0intensywnie si\u0119 rozrasta 18 Datalogic otwiera biuro w Polsce 19 Columbus Energy planuje 82 mln z\u0142 zysku w 2020 r. 20\u00a0Geotrans przejmuje Kompani\u0119 Elektryczn\u0105 \u00a0 21\u00a0Ro\u015bnie popularno\u015b\u0107 ETIM w Polsce i&hellip;<\/p>\n","protected":false},"author":3,"featured_media":0,"parent":15581,"menu_order":7,"comment_status":"closed","ping_status":"closed","template":"","meta":[],"_links":{"self":[{"href":"https:\/\/elektrosystemy.pl\/index.php?rest_route=\/wp\/v2\/pages\/18744"}],"collection":[{"href":"https:\/\/elektrosystemy.pl\/index.php?rest_route=\/wp\/v2\/pages"}],"about":[{"href":"https:\/\/elektrosystemy.pl\/index.php?rest_route=\/wp\/v2\/types\/page"}],"author":[{"embeddable":true,"href":"https:\/\/elektrosystemy.pl\/index.php?rest_route=\/wp\/v2\/users\/3"}],"replies":[{"embeddable":true,"href":"https:\/\/elektrosystemy.pl\/index.php?rest_route=%2Fwp%2Fv2%2Fcomments&post=18744"}],"version-history":[{"count":1,"href":"https:\/\/elektrosystemy.pl\/index.php?rest_route=\/wp\/v2\/pages\/18744\/revisions"}],"predecessor-version":[{"id":18819,"href":"https:\/\/elektrosystemy.pl\/index.php?rest_route=\/wp\/v2\/pages\/18744\/revisions\/18819"}],"up":[{"embeddable":true,"href":"https:\/\/elektrosystemy.pl\/index.php?rest_route=\/wp\/v2\/pages\/15581"}],"wp:attachment":[{"href":"https:\/\/elektrosystemy.pl\/index.php?rest_route=%2Fwp%2Fv2%2Fmedia&parent=18744"}],"curies":[{"name":"wp","href":"https:\/\/api.w.org\/{rel}","templated":true}]}}