{"id":19836,"date":"2016-10-07T12:22:14","date_gmt":"2016-10-07T10:22:14","guid":{"rendered":"http:\/\/elektrosystemy.pl\/?page_id=19836"},"modified":"2019-04-13T20:19:11","modified_gmt":"2019-04-13T18:19:11","slug":"wrzesien-2016","status":"publish","type":"page","link":"https:\/\/elektrosystemy.pl\/?page_id=19836","title":{"rendered":"WRZESIE\u0143 2016"},"content":{"rendered":"<p><span style=\"font-size: 12pt;\"><a href=\"http:\/\/elektrosystemy.pl\/wp-content\/uploads\/2016\/02\/01\/najnowsze-wydanie-luty-2015\/ES_09_2016_spis.jpg\"><img loading=\"lazy\" class=\"aligncenter wp-image-19070 size-full\" src=\"http:\/\/elektrosystemy.pl\/wp-content\/uploads\/2016\/02\/01\/najnowsze-wydanie-luty-2015\/ES_09_2016_spis.jpg\" width=\"1024\" height=\"739\" srcset=\"https:\/\/elektrosystemy.pl\/wp-content\/uploads\/2016\/02\/01\/najnowsze-wydanie-luty-2015\/ES_09_2016_spis.jpg 1024w, https:\/\/elektrosystemy.pl\/wp-content\/uploads\/2016\/02\/01\/najnowsze-wydanie-luty-2015\/ES_09_2016_spis-600x433.jpg 600w, https:\/\/elektrosystemy.pl\/wp-content\/uploads\/2016\/02\/01\/najnowsze-wydanie-luty-2015\/ES_09_2016_spis-300x217.jpg 300w, https:\/\/elektrosystemy.pl\/wp-content\/uploads\/2016\/02\/01\/najnowsze-wydanie-luty-2015\/ES_09_2016_spis-768x554.jpg 768w\" sizes=\"(max-width: 1024px) 100vw, 1024px\" \/><\/a><\/span><\/p>\n<p><span style=\"font-size: 12pt;\"><a href=\"http:\/\/elektrosystemy.pl\/wp-content\/uploads\/2016\/02\/01\/najnowsze-wydanie-luty-2015\/OkladkaES_09_2016.jpg\"><img loading=\"lazy\" class=\"alignleft wp-image-19075 size-medium\" src=\"http:\/\/elektrosystemy.pl\/wp-content\/uploads\/2016\/02\/01\/najnowsze-wydanie-luty-2015\/OkladkaES_09_2016-211x300.jpg\" width=\"211\" height=\"300\" srcset=\"https:\/\/elektrosystemy.pl\/wp-content\/uploads\/2016\/02\/01\/najnowsze-wydanie-luty-2015\/OkladkaES_09_2016-211x300.jpg 211w, https:\/\/elektrosystemy.pl\/wp-content\/uploads\/2016\/02\/01\/najnowsze-wydanie-luty-2015\/OkladkaES_09_2016-600x854.jpg 600w, https:\/\/elektrosystemy.pl\/wp-content\/uploads\/2016\/02\/01\/najnowsze-wydanie-luty-2015\/OkladkaES_09_2016-719x1024.jpg 719w, https:\/\/elektrosystemy.pl\/wp-content\/uploads\/2016\/02\/01\/najnowsze-wydanie-luty-2015\/OkladkaES_09_2016.jpg 750w\" sizes=\"(max-width: 211px) 100vw, 211px\" \/><\/a><span style=\"color: #ffffff; background-color: #ff0000;\"><strong>\u00a0AKTUALNO\u015aCI <\/strong><\/span><\/span><br \/>\n<span style=\"font-size: 12pt;\"><b>22<\/b>\u00a0<strong>Indeks koniunktury ELEKTROSYSTEM\u00d3W<\/strong><\/span><br \/>\n<span style=\"font-size: 12pt;\">Du\u017ce spadki koniunktury w lipcu<\/span><br \/>\n<span style=\"font-size: 12pt;\"><b>24<\/b>\u00a0<strong>Gie\u0142dowy Indeks ELEKTROSYSTEM\u00d3W<\/strong><\/span><br \/>\n<span style=\"font-size: 12pt;\">Indeks gie\u0142dowych sp\u00f3\u0142ek kontynuuje odrabianie strat<\/span><br \/>\n<span style=\"font-size: 12pt;\"><strong>26<\/strong>\u00a0Produkcja wybranych artyku\u0142\u00f3w<br \/>\nelektrotechnicznych \u2013 VI 2016<\/span><br \/>\n<span style=\"font-size: 12pt;\"><strong>28<\/strong>\u00a0Elektro-Plast Nasielsk zwi\u0119ksza moce produkcyjne<\/span><br \/>\n<span style=\"font-size: 12pt;\"><strong>29<\/strong> Aplisens mocno ro\u015bnie w eksporcie<\/span><br \/>\n<span style=\"font-size: 12pt;\"><strong>30<\/strong>\u00a0Kaczmarek Electric rozwija sie\u0107 i usprawnia logistyk\u0119<\/span><br \/>\n<span style=\"font-size: 12pt;\"><strong>32<\/strong>\u00a0Ergom rozwija produkcj\u0119 i usprawnia system ERP \u00a0<\/span><br \/>\n<span style=\"font-size: 12pt;\"><strong>34<\/strong> Dolno\u015bl\u0105skie sp\u00f3\u0142dzielnie stawiaj\u0105 na pr\u0105d ze s\u0142o\u0144ca<\/span><br \/>\n<span style=\"font-size: 12pt;\"><strong>35<\/strong> Bosch pracuje nad systemem czujnik\u00f3w dla Przemys\u0142u 4.0<\/span><br \/>\n<span style=\"font-size: 12pt;\"><strong>36<\/strong>\u00a0Pa\u0144stwo \u015arodka inwestuje w Europie\u00a0<\/span><br \/>\n<span style=\"font-size: 12pt;\"><strong>37<\/strong> PSE zaprasza na konferencj\u0119 do Bielska<\/span><br \/>\n<span style=\"font-size: 12pt;\"><strong>38<\/strong>\u00a0Bran\u017ca nie m\u00f3wi jednym g\u0142osem nt. skutk\u00f3w Brexitu<\/span><br \/>\n<span style=\"font-size: 12pt;\"><strong>41<\/strong>\u00a0ABB dostarczy transformatory dla PSE<br \/>\n<strong>41<\/strong> Elektromont rezygnuje z nierentownych kontrakt\u00f3w<br \/>\n<strong>42<\/strong> Apanet liczy na popraw\u0119 w drugiej po\u0142owie roku<br \/>\n<strong>42<\/strong> Rusza instalacja AMI w \u0141odzi i na Podlasiu<br \/>\n<\/span><span style=\"font-size: 12pt;\"><strong>43<\/strong>\u00a0Osram: nowe standardy wsp\u00f3\u0142pracy z klientami<br \/>\n<\/span><span style=\"font-size: 12pt;\"><strong>43<\/strong>\u00a0W pierwszym p\u00f3\u0142roczu przyby\u0142o 1,3 GW w OZE<br \/>\n<strong>44<\/strong>\u00a0Polenergia zbuduje na morzu farm\u0119 wiatrow\u0105 za 10 mld z\u0142<br \/>\n<strong>44<\/strong>\u00a0Vigo System ma rekordowe zam\u00f3wienie od Emersona<br \/>\n<strong>46<\/strong> Weidm\u00fcller przejmuje sp\u00f3\u0142k\u0119 od Bosch Rexroth<br \/>\n<strong>46<\/strong>\u00a0Energa o\u015bwietli Kaszuby lampami LED<br \/>\n<\/span><\/p>\n<p><strong style=\"font-size: 12pt;\"><span style=\"color: #ffffff; background-color: #45aec5;\">\u00a0AUTOMATYKA\u00a0<\/span><br \/>\n<\/strong><b style=\"font-size: 12pt;\">48<\/b>\u00a0Technika przeka\u017anikowa firmy Relpol<br \/>\n<b style=\"font-size: 12pt;\">50<\/b> EKS \u2013 bezpieczny system wyboru trybu pracy maszyny<br \/>\n<b style=\"font-size: 12pt;\">54<\/b> Prze\u0142\u0105czniki z kluczem RFID z serii Sirius ACT firmy Siemens<\/p>\n<p><strong style=\"font-size: 12pt;\"><span style=\"color: #ffffff; background-color: #00a2a4;\">\u00a0OSPRZ\u0118T INSTALACYJNY\u00a0<\/span><br \/>\n<\/strong><b style=\"font-size: 12pt;\">58<\/b> Szafy przemys\u0142owe Proline<br \/>\n<b style=\"font-size: 12pt;\">60<\/b> Rozdzielnice MSF teletechniczne zgodne z rozporz\u0105dzeniem<br \/>\n<b style=\"font-size: 12pt;\">64<\/b> Poszerzona oferta obud\u00f3w stalowych Ergom<br \/>\n<b style=\"font-size: 12pt;\">66<\/b>\u00a0Z\u0142\u0105czki szeregowe Klippon Connect<\/p>\n<p><span style=\"font-size: 12pt;\"><strong style=\"font-size: 12pt;\"><span style=\"color: #ffffff; background-color: #c71882;\">\u00a0ROZDZIA\u0141\u00a0ENERGII\u00a0<\/span><br \/>\n<\/strong><b style=\"font-size: 12pt;\">70<\/b> Czy szynoprzewody maj\u0105 sens?<br \/>\n<b style=\"font-size: 12pt;\">74<\/b> Stacje transformatorowe ZPUE dla fotowoltaiki<br \/>\n<b style=\"font-size: 12pt;\">77<\/b>\u00a0Nowy wymiennik ciep\u0142a powietrze \/ woda firmy Rittal<br \/>\n<b style=\"font-size: 12pt;\">78<\/b> Dane z program\u00f3w Eplan w optymalizacji produkcji rozdzielnic<br \/>\n<\/span><\/p>\n<p><strong style=\"font-size: 12pt;\"><span style=\"color: #ffffff; background-color: #ea802c;\">\u00a0APARATURA \u0141\u0104CZENIOWA\u00a0<\/span><br \/>\n<\/strong><b style=\"font-size: 12pt;\">82<\/b> Roz\u0142\u0105czniki smartARS pro firmy Apator<br \/>\n<b style=\"font-size: 12pt;\">86<\/b> \u0141\u0105czniki kra\u0144cowe LK i krzywkowe SK10G firmy Spamel<br \/>\n<b style=\"font-size: 12pt;\">88<\/b> \u0141\u0105czniki kra\u0144cowe typu AP1V\u2026J02 firmy Pok\u00f3j<\/p>\n<p><strong style=\"font-size: 12pt;\"><span style=\"color: #ffffff; background-color: #caa082;\">\u00a0APARATY\u00a0ZABEZPIECZAJ\u0104CE\u00a0<\/span><br \/>\n<\/strong><b style=\"font-size: 12pt;\">90<\/b>\u00a0Wy\u0142\u0105cznik r\u00f3\u017cnicowopr\u0105dowy\u00a0w ochronie uk\u0142ad\u00f3w nap\u0119dowych<\/p>\n<p><b style=\"font-size: 12pt;\"><\/b><strong style=\"font-size: 12pt;\"><span style=\"color: #ffffff; background-color: #f47a63;\">\u00a0OCHRONA PRZECIWPRZEPI\u0118CIOWA\u00a0<\/span><br \/>\n<\/strong><b style=\"font-size: 12pt;\">92<\/b> Ograniczniki przepi\u0119\u0107 firmy Noark Electric<\/p>\n<p><strong><strong style=\"font-size: 12pt;\"><span style=\"color: #ffffff; background-color: #cc6a2d;\">\u00a0MIERNICTWO\u00a0<\/span><\/strong><br \/>\n<\/strong><b>96<\/b>\u00a0Przek\u0142adniki w uk\u0142adach niskiego napi\u0119cia \u2013 nowe rozwi\u0105zania firmy Astat<br \/>\n<b>98<\/b> Wtyki pomiarowe Fame do testowania urz\u0105dze\u0144 zabezpieczaj\u0105cych sie\u0107<\/p>\n<p><strong><strong style=\"font-size: 12pt;\"><span style=\"color: #ffffff; background-color: #cc6a2d;\">\u00a0KABLE I PRZEWODY\u00a0<\/span><\/strong><br \/>\n<\/strong><b>102<\/b> Planowanie instalacji elektrycznej w budynkach mieszkalnych<br \/>\n<b>104<\/b> Produkty Lapp Kabel w obrotnicy firmy Intek<\/p>\n<p><span style=\"font-size: 12pt;\"><strong style=\"font-size: 12pt;\"><span style=\"color: #ffffff; background-color: #fad500;\">\u00a0TECHNIKA \u015aWIETLNA\u00a0<\/span><br \/>\n<\/strong><b style=\"font-size: 12pt;\">108<\/b> Nowe oprawy w programie Essentials firmy Osram<br \/>\n<b style=\"font-size: 12pt;\">110<\/b> Za\u0142\u0105czanie i \u015bciemnianie o\u015bwietlenia LED \u2013 problemy eksploatacyjne<br \/>\n<b style=\"font-size: 12pt;\">114<\/b>\u00a0Oprawy LED Lumax do zastosowa\u0144 biurowych<br \/>\n<\/span><\/p>\n<p><span style=\"font-size: 12pt;\"><strong style=\"font-size: 12pt;\"><strong><span style=\"color: #ffffff; background-color: #034ea2;\">\u00a0OPROGRAMOWANIE\u00a0<\/span><\/strong><br \/>\n<\/strong><b style=\"font-size: 12pt;\">116<\/b> System Knowledge Manager i aplikacja Simaris Curves firmy Siemens<\/span><\/p>\n<p><strong style=\"font-size: 12pt;\"><strong><span style=\"color: #ffffff; background-color: #de6328;\">\u00a0ENERGETYKA\u00a0<\/span><\/strong><br \/>\n<\/strong><b style=\"font-size: 12pt;\">118<\/b> Rozwi\u0105zania Mitsubishi dla nowoczesnej energetyki<\/p>\n<p><strong style=\"font-size: 12pt;\"><strong><span style=\"color: #ffffff; background-color: #0095da;\">\u00a0SYSTEMY OCHRONY\u00a0<\/span><\/strong><br \/>\n<\/strong><b style=\"font-size: 12pt;\">120<\/b>\u00a0Czujniki czadu, gazu i dymu firmy Spamel<\/p>\n<p><strong><span style=\"color: #ffffff; background-color: #caa082;\"><span style=\"color: #ffffff; background-color: #b191af;\">\u00a0PRZETARGI I INWESTYCJE\u00a0<\/span><br \/>\n<\/span><\/strong><span style=\"font-size: 12pt;\"><b>124<\/b>\u00a0Planowane inwestycje<\/span><br \/>\n<span style=\"font-size: 12pt;\"><b>128<\/b>\u00a0Przetargi w bran\u017cy elektrotechnicznej i energetycznej<\/span><span style=\"font-size: 12pt;\"><strong><br \/>\n<\/strong><\/span><\/p>\n<p><strong><span style=\"color: #ffffff; background-color: #caa082;\"><span style=\"color: #ffffff; background-color: #d2232a;\">\u00a0WYDARZENIA\u00a0<\/span><br \/>\n<\/span><\/strong><span style=\"font-size: 12pt;\"><b>138<\/b> Relacje z targ\u00f3w, wydarze\u0144, spotka\u0144 bran\u017cowych<\/span><\/p>\n<h4><\/h4>\n","protected":false},"excerpt":{"rendered":"<p>\u00a0AKTUALNO\u015aCI 22\u00a0Indeks koniunktury ELEKTROSYSTEM\u00d3W Du\u017ce spadki koniunktury w lipcu 24\u00a0Gie\u0142dowy Indeks ELEKTROSYSTEM\u00d3W Indeks gie\u0142dowych sp\u00f3\u0142ek kontynuuje odrabianie strat 26\u00a0Produkcja wybranych artyku\u0142\u00f3w elektrotechnicznych \u2013 VI 2016 28\u00a0Elektro-Plast Nasielsk zwi\u0119ksza moce produkcyjne 29 Aplisens mocno ro\u015bnie w eksporcie 30\u00a0Kaczmarek Electric rozwija sie\u0107 i usprawnia logistyk\u0119 32\u00a0Ergom rozwija produkcj\u0119 i usprawnia system ERP \u00a0 34 Dolno\u015bl\u0105skie sp\u00f3\u0142dzielnie stawiaj\u0105&hellip;<\/p>\n","protected":false},"author":2,"featured_media":0,"parent":15581,"menu_order":9,"comment_status":"closed","ping_status":"closed","template":"","meta":[],"_links":{"self":[{"href":"https:\/\/elektrosystemy.pl\/index.php?rest_route=\/wp\/v2\/pages\/19836"}],"collection":[{"href":"https:\/\/elektrosystemy.pl\/index.php?rest_route=\/wp\/v2\/pages"}],"about":[{"href":"https:\/\/elektrosystemy.pl\/index.php?rest_route=\/wp\/v2\/types\/page"}],"author":[{"embeddable":true,"href":"https:\/\/elektrosystemy.pl\/index.php?rest_route=\/wp\/v2\/users\/2"}],"replies":[{"embeddable":true,"href":"https:\/\/elektrosystemy.pl\/index.php?rest_route=%2Fwp%2Fv2%2Fcomments&post=19836"}],"version-history":[{"count":1,"href":"https:\/\/elektrosystemy.pl\/index.php?rest_route=\/wp\/v2\/pages\/19836\/revisions"}],"predecessor-version":[{"id":19837,"href":"https:\/\/elektrosystemy.pl\/index.php?rest_route=\/wp\/v2\/pages\/19836\/revisions\/19837"}],"up":[{"embeddable":true,"href":"https:\/\/elektrosystemy.pl\/index.php?rest_route=\/wp\/v2\/pages\/15581"}],"wp:attachment":[{"href":"https:\/\/elektrosystemy.pl\/index.php?rest_route=%2Fwp%2Fv2%2Fmedia&parent=19836"}],"curies":[{"name":"wp","href":"https:\/\/api.w.org\/{rel}","templated":true}]}}