{"id":20265,"date":"2016-11-02T16:31:55","date_gmt":"2016-11-02T15:31:55","guid":{"rendered":"http:\/\/elektrosystemy.pl\/?page_id=20265"},"modified":"2019-04-13T20:21:35","modified_gmt":"2019-04-13T18:21:35","slug":"listopad-2016","status":"publish","type":"page","link":"https:\/\/elektrosystemy.pl\/?page_id=20265","title":{"rendered":"LISTOPAD 2016"},"content":{"rendered":"<p><span style=\"font-size: 12pt;\"><a href=\"http:\/\/elektrosystemy.pl\/wp-content\/uploads\/2016\/11\/02\/listopad-2016\/ES_11_2016_spis.jpg\"><img loading=\"lazy\" class=\"alignleft wp-image-20272 size-full\" src=\"http:\/\/elektrosystemy.pl\/wp-content\/uploads\/2016\/11\/02\/listopad-2016\/ES_11_2016_spis.jpg\" width=\"1024\" height=\"739\" srcset=\"https:\/\/elektrosystemy.pl\/wp-content\/uploads\/2016\/11\/02\/listopad-2016\/ES_11_2016_spis.jpg 1024w, https:\/\/elektrosystemy.pl\/wp-content\/uploads\/2016\/11\/02\/listopad-2016\/ES_11_2016_spis-600x433.jpg 600w, https:\/\/elektrosystemy.pl\/wp-content\/uploads\/2016\/11\/02\/listopad-2016\/ES_11_2016_spis-300x217.jpg 300w, https:\/\/elektrosystemy.pl\/wp-content\/uploads\/2016\/11\/02\/listopad-2016\/ES_11_2016_spis-768x554.jpg 768w\" sizes=\"(max-width: 1024px) 100vw, 1024px\" \/><\/a><\/span><\/p>\n<p><span style=\"font-size: 12pt;\"><a href=\"http:\/\/elektrosystemy.pl\/wp-content\/uploads\/2016\/11\/02\/listopad-2016\/OkladkaES_11_2016.jpg\"><img loading=\"lazy\" class=\"alignleft wp-image-20273 size-medium\" src=\"http:\/\/elektrosystemy.pl\/wp-content\/uploads\/2016\/11\/02\/listopad-2016\/OkladkaES_11_2016-209x300.jpg\" width=\"209\" height=\"300\" srcset=\"https:\/\/elektrosystemy.pl\/wp-content\/uploads\/2016\/11\/02\/listopad-2016\/OkladkaES_11_2016-209x300.jpg 209w, https:\/\/elektrosystemy.pl\/wp-content\/uploads\/2016\/11\/02\/listopad-2016\/OkladkaES_11_2016.jpg 500w\" sizes=\"(max-width: 209px) 100vw, 209px\" \/><\/a><span style=\"color: #ffffff; background-color: #ff0000;\"><strong>\u00a0AKTUALNO\u015aCI <\/strong><\/span><\/span><br \/>\n<span style=\"font-size: 12pt;\"><b>12<\/b>\u00a0<strong>Indeks koniunktury ELEKTROSYSTEM\u00d3W<\/strong><\/span><br \/>\n<span style=\"font-size: 12pt;\">Wrzesie\u0144 lepszy ni\u017c sierpie\u0144\u00a0ale gorszy ni\u017c rok temu<\/span><br \/>\n<span style=\"font-size: 12pt;\"><b>14<\/b>\u00a0<strong>Gie\u0142dowy Indeks ELEKTROSYSTEM\u00d3W<\/strong><\/span><br \/>\nBran\u017ca na gie\u0142dzie na lekkim minusie<br \/>\n<span style=\"font-size: 12pt;\"><strong>16<\/strong>\u00a0Produkcja wybranych artyku\u0142\u00f3w<br \/>\nelektrotechnicznych \u2013 VIII 2016<\/span><br \/>\n<span style=\"font-size: 12pt;\"><strong>18<\/strong> Grodno przejmuje sie\u0107 hurtowni Bargo<\/span><br \/>\n<span style=\"font-size: 12pt;\"><strong>20<\/strong> ABB tworzy w Krakowie Centrum Us\u0142ug Wsp\u00f3lnych<\/span><br \/>\n<span style=\"font-size: 12pt;\"><strong>21<\/strong> Nowy prezes zamierza wyci\u0105gn\u0105\u0107 Eltor na prost\u0105<\/span><br \/>\n<span style=\"font-size: 12pt;\"><strong>22<\/strong> Kaczmarek Electric zwi\u0119ksza\u00a0zaplecze magazynowe \u00a0<\/span><br \/>\n<span style=\"font-size: 12pt;\"><strong>23<\/strong> Danfoss obchodzi 25-lecie na polskim rynku\u00a0<\/span><br \/>\n<span style=\"font-size: 12pt;\"><strong>24<\/strong> Grupa Elektro Omega rozwija si\u0119 dwutorowo<\/span><br \/>\n<span style=\"font-size: 12pt;\"><strong>25<\/strong>\u00a0NKT Cables robi porz\u0105dki w grupie\u00a0<\/span><br \/>\n<span style=\"font-size: 12pt;\"><strong>26<\/strong>\u00a0Polska z szans\u0105 na 6 GW morskich farm wiatrowych<\/span><br \/>\n<span style=\"font-size: 12pt;\"><strong>27<\/strong> Dassault Syst\u00e8mes prezentuje Solidworks 2017<\/span><br \/>\n<span style=\"font-size: 12pt;\"><strong>27<\/strong> IFM Ecolink otwiera w Opolu Centrum R&amp;D<br \/>\n<strong>28<\/strong> Arcus rz\u0105da od Energi 174 mln z\u0142 za liczniki smart<br \/>\n<strong>28<\/strong> Sp\u00f3\u0142dzielnia w Miliczu pozyskuje pr\u0105d ze s\u0142o\u0144ca<br \/>\n<strong>29<\/strong> KIGE uczestniczy\u0142o w Polish Brands Expo<br \/>\n<\/span><span style=\"font-size: 12pt;\"><strong>29<\/strong> Hager otwiera Centrum Biurowo-Szkoleniowe<br \/>\n<\/span><span style=\"font-size: 12pt;\"><strong>30<\/strong> LG Chem zbuduje w Polsce fabryk\u0119 baterii za 1,3 mld z\u0142<br \/>\n<strong>30<\/strong> Nowy showroom Samsunga korzysta z systemu APA Group<br \/>\n<\/span><br \/>\n<span style=\"font-size: 12pt;\"><strong style=\"font-size: 12pt;\"><span style=\"color: #ffffff; background-color: #45aec5;\">\u00a0AUTOMATYKA<br \/>\n<\/span><\/strong><b style=\"font-size: 12pt;\">32<\/b> Mo\u017cliwo\u015bci przeka\u017anik\u00f3w Need firmy Relpol<\/span><br \/>\n<span style=\"font-size: 12pt;\"> <b style=\"font-size: 12pt;\">34<\/b> MAPS \u2013 zintegrowany system\u00a0projektowania i zarz\u0105dzania\u00a0firmy Mitsubishi<\/span><br \/>\n<b style=\"font-size: 12pt;\"><\/b><\/p>\n<p><strong style=\"font-size: 12pt;\"><span style=\"color: #ffffff; background-color: #00a2a4; font-size: 12pt;\">\u00a0OSPRZ\u0118T INSTALACYJNY\u00a0<\/span><br \/>\n<\/strong><b style=\"font-size: 12pt;\">37<\/b> Z\u0142\u0105cza wtykowe\u00a0Hummel M12 Power\u00a0do przesy\u0142u mocy<\/p>\n<p><span style=\"font-size: 12pt;\"><strong style=\"font-size: 12pt;\"><span style=\"color: #ffffff; background-color: #ea802c;\">\u00a0APARATURA \u0141\u0104CZENIOWA\u00a0<\/span><br \/>\n<\/strong><b style=\"font-size: 12pt;\">38<\/b> Modu\u0142owe roz\u0142\u0105czniki izolacyjne firmy Noark Electric<\/span><\/p>\n<p><span style=\"font-size: 12pt;\"><strong style=\"font-size: 12pt;\"><span style=\"color: #ffffff; background-color: #c71882;\">\u00a0ROZDZIA\u0141\u00a0ENERGII\u00a0<\/span><br \/>\n<\/strong><b style=\"font-size: 12pt;\">41<\/b>\u00a0Ma\u0142ogabarytowa,\u00a0ekologiczna rozdzielnica SN\u00a0Xiria firmy Eaton<\/span><\/p>\n<p><span style=\"font-size: 12pt;\"><strong style=\"font-size: 12pt;\"><span style=\"color: #ffffff; background-color: #caa082;\">\u00a0APARATY ZABEZPIECZAJ\u0104CE\u00a0<\/span><br \/>\n<\/strong><b style=\"font-size: 12pt;\">44<\/b> Ochrona instalacji przed po\u017carem za pomoc\u0105 detektora iskrzenia 5SM6 firmy Siemens<br \/>\n<\/span><br \/>\n<span style=\"font-size: 12pt;\"><strong style=\"font-size: 12pt;\"><span style=\"color: #ffffff; background-color: #034ea2;\">\u00a0OPROGRAMOWANIE\u00a0<\/span><br \/>\n<\/strong><b style=\"font-size: 12pt;\">47<\/b> Platforma projektowa\u00a0Solidworks 2017\u00a0firmy Dassault Syst\u00e8mes<br \/>\n<\/span><\/p>\n<p><span style=\"font-size: 12pt;\"><strong style=\"font-size: 12pt;\"><span style=\"color: #ffffff; background-color: #cc6a2d;\">\u00a0MIERNICTWO\u00a0<\/span><br \/>\n<\/strong><b style=\"font-size: 12pt;\">50<\/b> Kamery termowizyjne TiS firmy Fluke<br \/>\n<b style=\"font-size: 12pt;\">52<\/b> Liczniki serii ASTec firmy Astat<br \/>\n<\/span><br \/>\n<strong style=\"font-size: 12pt;\"><span style=\"color: #ffffff; background-color: #007dc5;\">\u00a0ZASILANIE \u00a0<\/span><br \/>\n<\/strong><b style=\"font-size: 12pt;\">54<\/b> Tymczasowe zasilanie: stacja mobilna typu MRw-m\u00a0firmy ZPUE<br \/>\n<b style=\"font-size: 12pt;\">56<\/b> Czwarta generacja zasilaczy Quint Power firmy Phoenix Contact<br \/>\n<b style=\"font-size: 12pt;\">58<\/b> AKU_Metronom_CES \u2013 nowatorska metoda badania pojemno\u015bci akumulator\u00f3w<\/p>\n<p><b style=\"font-size: 12pt;\"><\/b><strong><strong style=\"font-size: 12pt;\"><span style=\"color: #ffffff; background-color: #c74a46;\">\u00a0KABLE I PRZEWODY\u00a0<\/span><\/strong><br \/>\n<\/strong><b>62<\/b>\u00a0C\u0119gowe mierniki pr\u0105du up\u0142ywu: Fluke 368 FC i 369 FC<\/p>\n<p><b><\/b><span style=\"font-size: 12pt;\"><strong><span style=\"color: #ffffff; background-color: #caa082;\"><span style=\"color: #ffffff; background-color: #b191af;\">\u00a0PRZETARGI I INWESTYCJE\u00a0<\/span><br \/>\n<\/span><\/strong><b>67<\/b>\u00a0Planowane inwestycje<\/span><br \/>\n<span style=\"font-size: 12pt;\"><b>74<\/b>\u00a0Przetargi w bran\u017cy elektrotechnicznej i energetycznej<strong><br \/>\n<\/strong><\/span><\/p>\n<p><span style=\"font-size: 12pt;\"><strong><span style=\"color: #ffffff; background-color: #caa082;\"><span style=\"color: #ffffff; background-color: #d2232a;\">\u00a0WYDARZENIA\u00a0<\/span><br \/>\n<\/span><\/strong><b>83<\/b>\u00a0Relacje z targ\u00f3w, wydarze\u0144, spotka\u0144 bran\u017cowych<\/span><\/p>\n<h4><\/h4>\n<h4><span style=\"font-size: 12pt;\"><strong>Dodatek:\u00a0&#8220;HURTOWNIE ELEKTROTECHNICZNE&#8221;<\/strong><\/span><\/h4>\n<p><span style=\"font-size: 12pt;\"><a href=\"http:\/\/elektrosystemy.pl\/wp-content\/uploads\/2016\/11\/02\/listopad-2016\/Okladka_HE_11_2016.jpg\"><img loading=\"lazy\" class=\"alignleft wp-image-20274 size-medium\" src=\"http:\/\/elektrosystemy.pl\/wp-content\/uploads\/2016\/11\/02\/listopad-2016\/Okladka_HE_11_2016-200x300.jpg\" width=\"200\" height=\"300\" srcset=\"https:\/\/elektrosystemy.pl\/wp-content\/uploads\/2016\/11\/02\/listopad-2016\/Okladka_HE_11_2016-200x300.jpg 200w, https:\/\/elektrosystemy.pl\/wp-content\/uploads\/2016\/11\/02\/listopad-2016\/Okladka_HE_11_2016.jpg 500w\" sizes=\"(max-width: 200px) 100vw, 200px\" \/><\/a><strong style=\"font-size: 12pt;\">\u00a04<\/strong> Wyniki najwi\u0119kszych graczy\u00a0uchroni\u0142y rynek przed spadkami<\/span><br \/>\n<span style=\"font-size: 12pt;\"><b>18<\/b> Sprzeda\u017c hurtowni\u00a0do elektroinstalator\u00f3w<\/span><\/p>\n<p>&nbsp;<\/p>\n<p>&nbsp;<\/p>\n<h4><\/h4>\n","protected":false},"excerpt":{"rendered":"<p>\u00a0AKTUALNO\u015aCI 12\u00a0Indeks koniunktury ELEKTROSYSTEM\u00d3W Wrzesie\u0144 lepszy ni\u017c sierpie\u0144\u00a0ale gorszy ni\u017c rok temu 14\u00a0Gie\u0142dowy Indeks ELEKTROSYSTEM\u00d3W Bran\u017ca na gie\u0142dzie na lekkim minusie 16\u00a0Produkcja wybranych artyku\u0142\u00f3w elektrotechnicznych \u2013 VIII 2016 18 Grodno przejmuje sie\u0107 hurtowni Bargo 20 ABB tworzy w Krakowie Centrum Us\u0142ug Wsp\u00f3lnych 21 Nowy prezes zamierza wyci\u0105gn\u0105\u0107 Eltor na prost\u0105 22 Kaczmarek Electric zwi\u0119ksza\u00a0zaplecze magazynowe&hellip;<\/p>\n","protected":false},"author":2,"featured_media":0,"parent":15581,"menu_order":11,"comment_status":"closed","ping_status":"closed","template":"","meta":[],"_links":{"self":[{"href":"https:\/\/elektrosystemy.pl\/index.php?rest_route=\/wp\/v2\/pages\/20265"}],"collection":[{"href":"https:\/\/elektrosystemy.pl\/index.php?rest_route=\/wp\/v2\/pages"}],"about":[{"href":"https:\/\/elektrosystemy.pl\/index.php?rest_route=\/wp\/v2\/types\/page"}],"author":[{"embeddable":true,"href":"https:\/\/elektrosystemy.pl\/index.php?rest_route=\/wp\/v2\/users\/2"}],"replies":[{"embeddable":true,"href":"https:\/\/elektrosystemy.pl\/index.php?rest_route=%2Fwp%2Fv2%2Fcomments&post=20265"}],"version-history":[{"count":6,"href":"https:\/\/elektrosystemy.pl\/index.php?rest_route=\/wp\/v2\/pages\/20265\/revisions"}],"predecessor-version":[{"id":20613,"href":"https:\/\/elektrosystemy.pl\/index.php?rest_route=\/wp\/v2\/pages\/20265\/revisions\/20613"}],"up":[{"embeddable":true,"href":"https:\/\/elektrosystemy.pl\/index.php?rest_route=\/wp\/v2\/pages\/15581"}],"wp:attachment":[{"href":"https:\/\/elektrosystemy.pl\/index.php?rest_route=%2Fwp%2Fv2%2Fmedia&parent=20265"}],"curies":[{"name":"wp","href":"https:\/\/api.w.org\/{rel}","templated":true}]}}