{"id":21217,"date":"2016-12-29T14:24:34","date_gmt":"2016-12-29T13:24:34","guid":{"rendered":"http:\/\/elektrosystemy.pl\/?page_id=21217"},"modified":"2019-04-13T20:21:22","modified_gmt":"2019-04-13T18:21:22","slug":"grudzien-2016","status":"publish","type":"page","link":"https:\/\/elektrosystemy.pl\/?page_id=21217","title":{"rendered":"GRUDZIE\u0143 2016"},"content":{"rendered":"<p><span style=\"font-size: 12pt;\"><a href=\"http:\/\/elektrosystemy.pl\/wp-content\/uploads\/2016\/12\/01\/listopad-2016-2\/ES_12_2016_spis.jpg\"><img loading=\"lazy\" class=\"aligncenter wp-image-20607 size-full\" src=\"http:\/\/elektrosystemy.pl\/wp-content\/uploads\/2016\/12\/01\/listopad-2016-2\/ES_12_2016_spis.jpg\" width=\"1024\" height=\"739\" srcset=\"https:\/\/elektrosystemy.pl\/wp-content\/uploads\/2016\/12\/01\/listopad-2016-2\/ES_12_2016_spis.jpg 1024w, https:\/\/elektrosystemy.pl\/wp-content\/uploads\/2016\/12\/01\/listopad-2016-2\/ES_12_2016_spis-600x433.jpg 600w, https:\/\/elektrosystemy.pl\/wp-content\/uploads\/2016\/12\/01\/listopad-2016-2\/ES_12_2016_spis-300x217.jpg 300w, https:\/\/elektrosystemy.pl\/wp-content\/uploads\/2016\/12\/01\/listopad-2016-2\/ES_12_2016_spis-768x554.jpg 768w\" sizes=\"(max-width: 1024px) 100vw, 1024px\" \/><\/a><\/span><\/p>\n<p><span style=\"font-size: 12pt;\"><a href=\"http:\/\/elektrosystemy.pl\/wp-content\/uploads\/2016\/12\/01\/listopad-2016-2\/OkladkaES_12_2016.jpg\"><img loading=\"lazy\" class=\"alignleft wp-image-20609 size-medium\" src=\"http:\/\/elektrosystemy.pl\/wp-content\/uploads\/2016\/12\/01\/listopad-2016-2\/OkladkaES_12_2016-210x300.jpg\" width=\"210\" height=\"300\" srcset=\"https:\/\/elektrosystemy.pl\/wp-content\/uploads\/2016\/12\/01\/listopad-2016-2\/OkladkaES_12_2016-210x300.jpg 210w, https:\/\/elektrosystemy.pl\/wp-content\/uploads\/2016\/12\/01\/listopad-2016-2\/OkladkaES_12_2016.jpg 500w\" sizes=\"(max-width: 210px) 100vw, 210px\" \/><\/a><span style=\"color: #ffffff; background-color: #ff0000;\"><strong>\u00a0AKTUALNO\u015aCI <\/strong><\/span><\/span><br \/>\n<span style=\"font-size: 12pt;\"><b>12<\/b>\u00a0<strong>Indeks koniunktury ELEKTROSYSTEM\u00d3W<\/strong><\/span><br \/>\nPocz\u0105tek czwartego kwarta\u0142u na minusie<br \/>\n<span style=\"font-size: 12pt;\"><b>14<\/b>\u00a0<strong>Gie\u0142dowy Indeks ELEKTROSYSTEM\u00d3W<\/strong><\/span><br \/>\nDu\u017ca korekta bran\u017cy elektrotechnicznej na GPW<br \/>\n<span style=\"font-size: 12pt;\"><strong>16<\/strong>\u00a0Produkcja wybranych artyku\u0142\u00f3w<br \/>\nelektrotechnicznych \u2013 IX\u00a02016<\/span><br \/>\n<span style=\"font-size: 12pt;\"><strong>18<\/strong> Relpol z nieznacznie wy\u017cszymi przychodami<\/span><br \/>\n<span style=\"font-size: 12pt;\"><strong>20<\/strong> PSE rozwi\u0105za\u0142y kontrakt za 577 mln z\u0142<\/span><br \/>\n<span style=\"font-size: 12pt;\"><strong>21<\/strong> Apator skorygowa\u0142 prognoz\u0119 zysku netto<\/span><br \/>\n<span style=\"font-size: 12pt;\"><strong>22<\/strong> Sprzeda\u017c robot\u00f3w wci\u0105\u017c mocno ro\u015bnie \u00a0<\/span><br \/>\n<span style=\"font-size: 12pt;\"><strong>24<\/strong>\u00a0Sprzeda\u017c TIM-u wzros\u0142a o ponad 18% <\/span><br \/>\n<span style=\"font-size: 12pt;\"><strong>24<\/strong> Tesla przejmuje i planuje\u00a0budow\u0119 fabryki w Europie<\/span><br \/>\n<span style=\"font-size: 12pt;\"><strong>26<\/strong> Apanet podpisuje du\u017cy kontrakt z GDDKiA\u00a0<\/span><br \/>\n<span style=\"font-size: 12pt;\"><strong>26<\/strong> Szczeci\u0144skie Wodoci\u0105gi\u00a0zbuduj\u0105 trzeci\u0105 farm\u0119 PV<\/span><br \/>\n<span style=\"font-size: 12pt;\"><strong>27<\/strong> Atrem pog\u0142\u0119bia strat\u0119 przez jednorazowe zdarzenie<\/span><br \/>\n<span style=\"font-size: 12pt;\"><strong>27<\/strong> Aplisens mocno ro\u015bnie na rynkach wschodnich<br \/>\n<strong>28<\/strong> GE uruchamia platform\u0119 serwisow\u0105 Fleet360<br \/>\n<strong>28<\/strong> Ekoenergetyka-Polska\u00a0zbuduje centrum B+R<br \/>\n<strong>29<\/strong> Ampli z dodatnim wynikiem netto<br \/>\n<\/span><span style=\"font-size: 12pt;\"><strong>29<\/strong> Tauron Dystrybucja do\u0142\u0105czy\u0142 do OSGP Alliance<br \/>\n<\/span><span style=\"font-size: 12pt;\"><strong>30<\/strong> Konsorcjum Elektrobudowy rozliczone za Narodowy<br \/>\n<strong>30<\/strong> Medcom finalizuje kontrakt w Brazylii<br \/>\n<\/span><br \/>\n<span style=\"font-size: 12pt;\"><strong style=\"font-size: 12pt;\"><span style=\"color: #ffffff; background-color: #ed1c24;\">\u00a0ELEKTROPRODUKT 2016 <\/span><br \/>\n<\/strong><b style=\"font-size: 12pt;\">32<\/b> ELEKTROPRODUKT 2016 roku: lista zg\u0142oszonych produkt\u00f3w<br \/>\n<\/span><br \/>\n<b style=\"font-size: 12pt;\"><\/b><strong style=\"font-size: 12pt;\"><span style=\"color: #ffffff; background-color: #00a2a4; font-size: 12pt;\">\u00a0OSPRZ\u0118T INSTALACYJNY\u00a0<\/span><br \/>\n<\/strong><b style=\"font-size: 12pt;\">50<\/b>\u00a0Z\u0142\u0105czki ochronne ZUG-4PE i ZUG-10PE\u00a0firmy Pok\u00f3j<br \/>\n<b style=\"font-size: 12pt;\">52<\/b>\u00a0Puszki przemys\u0142owe Industrial IP65 firmy Elektro-Plast Nasielsk<\/p>\n<p><span style=\"font-size: 12pt;\"><strong style=\"font-size: 12pt;\"><span style=\"color: #ffffff; background-color: #007dc5;\">\u00a0ZASILANIE AWARYJNE\u00a0<\/span><br \/>\n<\/strong><b style=\"font-size: 12pt;\">54<\/b>\u00a0Zasilacz UPS Delta Ultron serii HPH<\/span><\/p>\n<p><span style=\"font-size: 12pt;\"><strong style=\"font-size: 12pt;\"><span style=\"color: #ffffff; background-color: #007dc5;\">\u00a0ZASILANIE\u00a0<\/span><br \/>\n<\/strong><b style=\"font-size: 12pt;\">56<\/b> Przeka\u017aniki firmy Relpol w systemach solarnych<br \/>\n<b style=\"font-size: 12pt;\">58<\/b>\u00a0Rozdzielnice ZPUE dla instalacji fotowoltaicznych<br \/>\n<b style=\"font-size: 12pt;\">60<\/b> Innowacyjne akumulatory Aquion Energy dla system\u00f3w OZE\u00a0z oferty firmy Emu<br \/>\n<b style=\"font-size: 12pt;\">63<\/b> Automatyczne prze\u0142\u0105czniki ATS firmy Eaton<br \/>\n<b style=\"font-size: 12pt;\">64<\/b> Stabilizatory napi\u0119cia z oferty Astat<br \/>\n<\/span><\/p>\n<p><span style=\"font-size: 12pt;\"><strong style=\"font-size: 12pt;\"><span style=\"color: #ffffff; background-color: #c71882;\">\u00a0ROZDZIA\u0141\u00a0ENERGII\u00a0<\/span><br \/>\n<\/strong><b style=\"font-size: 12pt;\">66<\/b>\u00a0Weidm\u00fcller maxGuard \u2013 system dystrybucji napi\u0119cia 24 V DC<\/span><\/p>\n<p><span style=\"font-size: 12pt;\"><strong style=\"font-size: 12pt;\"><span style=\"color: #ffffff; background-color: #caa082;\">\u00a0APARATY ZABEZPIECZAJ\u0104CE\u00a0<\/span><br \/>\n<\/strong><b style=\"font-size: 12pt;\">70<\/b>\u00a0OZabezpieczenie obwod\u00f3w w konstrukcji maszyn\u00a0\u2013 rozwi\u0105zania firmy Eaton<br \/>\n<\/span><br \/>\n<span style=\"font-size: 12pt;\"><strong style=\"font-size: 12pt;\"><span style=\"color: #ffffff; background-color: #fad500;\">\u00a0TECHNIKA \u015aWIETLNA\u00a0<\/span><br \/>\n<\/strong><b style=\"font-size: 12pt;\">74<\/b>\u00a0Zr\u00f3d\u0142a LED marki xbt z oferty Kaczmarek Electric<br \/>\n<b style=\"font-size: 12pt;\">78<\/b> Zasilacze Mean Well a technologia HD TV \u2013 czyli jak zredukowa\u0107 zjawisko migotania \u015bwiat\u0142a<br \/>\n<\/span><br \/>\n<b style=\"font-size: 12pt;\"><\/b><strong><strong style=\"font-size: 12pt;\"><span style=\"color: #ffffff; background-color: #c74a46;\">\u00a0KABLE I PRZEWODY\u00a0<\/span><\/strong><br \/>\n<\/strong><b>80<\/b>\u00a0Kable Lapp \u00d6lflex Train dla przemys\u0142u kolejowego<\/p>\n<p><span style=\"font-size: 12pt;\"><strong style=\"font-size: 12pt;\"><span style=\"color: #ffffff; background-color: #cc6a2d;\">\u00a0MIERNICTWO\u00a0<\/span><br \/>\n<\/strong><b style=\"font-size: 12pt;\">82<\/b>\u00a0Liczniki energii Simlic\u00a0zgodne z dyrektyw\u0105 MID<br \/>\n<b style=\"font-size: 12pt;\">84<\/b>\u00a0Uniwersalny multimetr termowizyjny Flir DM284<br \/>\n<\/span><br \/>\n<span style=\"font-size: 12pt;\"><strong><span style=\"color: #ffffff; background-color: #caa082;\"><span style=\"color: #ffffff; background-color: #b191af;\">\u00a0PRZETARGI I INWESTYCJE\u00a0<\/span><br \/>\n<\/span><\/strong><b>88<\/b>\u00a0Planowane inwestycje<\/span><br \/>\n<span style=\"font-size: 12pt;\"><b>84<\/b>\u00a0Przetargi w bran\u017cy elektrotechnicznej i energetycznej<strong><br \/>\n<\/strong><\/span><\/p>\n<p><span style=\"font-size: 12pt;\"><strong><span style=\"color: #ffffff; background-color: #caa082;\"><span style=\"color: #ffffff; background-color: #d2232a;\">\u00a0WYDARZENIA\u00a0<\/span><br \/>\n<\/span><\/strong><b>103<\/b>\u00a0Relacje z targ\u00f3w, wydarze\u0144, spotka\u0144 bran\u017cowych<\/span><\/p>\n<h4><\/h4>\n<h4><span style=\"font-size: 12pt;\"><strong>Dodatek:\u00a0&#8220;ZASILANIE&#8221;<\/strong><\/span><\/h4>\n<p><span style=\"font-size: 12pt;\"><a href=\"http:\/\/elektrosystemy.pl\/wp-content\/uploads\/2016\/12\/01\/listopad-2016-2\/Okladka_Zasilanie_12_2016.jpg\"><img loading=\"lazy\" class=\"alignleft wp-image-20610 size-medium\" src=\"http:\/\/elektrosystemy.pl\/wp-content\/uploads\/2016\/12\/01\/listopad-2016-2\/Okladka_Zasilanie_12_2016-199x300.jpg\" width=\"199\" height=\"300\" srcset=\"https:\/\/elektrosystemy.pl\/wp-content\/uploads\/2016\/12\/01\/listopad-2016-2\/Okladka_Zasilanie_12_2016-199x300.jpg 199w, https:\/\/elektrosystemy.pl\/wp-content\/uploads\/2016\/12\/01\/listopad-2016-2\/Okladka_Zasilanie_12_2016.jpg 500w\" sizes=\"(max-width: 199px) 100vw, 199px\" \/><\/a><strong style=\"font-size: 12pt;\">\u00a04<\/strong> Rynek zasilania dotkn\u0119\u0142o spowolnienie<\/span><br \/>\n<b style=\"font-size: 12pt;\">16<\/b><span style=\"font-size: 12pt;\">\u00a0Inwertery w instalacjach fotowoltaicznych<\/span><br \/>\n<b>20\u00a0<\/b><span style=\"font-size: 12pt;\">Akumulatory i ogniwa paliwowe<br \/>\n<b>26 <\/b>Zasilanie awaryjne<br \/>\n<b>30 <\/b>Zasilacze UPS \u2013 przegl\u0105d oferty rynkowej<br \/>\n<b>36 <\/b>Zespo\u0142y pr\u0105dotw\u00f3rcze wybranych firm<\/span><\/p>\n<p>&nbsp;<\/p>\n<p>&nbsp;<\/p>\n<p>&nbsp;<\/p>\n<h4><\/h4>\n","protected":false},"excerpt":{"rendered":"<p>\u00a0AKTUALNO\u015aCI 12\u00a0Indeks koniunktury ELEKTROSYSTEM\u00d3W Pocz\u0105tek czwartego kwarta\u0142u na minusie 14\u00a0Gie\u0142dowy Indeks ELEKTROSYSTEM\u00d3W Du\u017ca korekta bran\u017cy elektrotechnicznej na GPW 16\u00a0Produkcja wybranych artyku\u0142\u00f3w elektrotechnicznych \u2013 IX\u00a02016 18 Relpol z nieznacznie wy\u017cszymi przychodami 20 PSE rozwi\u0105za\u0142y kontrakt za 577 mln z\u0142 21 Apator skorygowa\u0142 prognoz\u0119 zysku netto 22 Sprzeda\u017c robot\u00f3w wci\u0105\u017c mocno ro\u015bnie \u00a0 24\u00a0Sprzeda\u017c TIM-u wzros\u0142a o&hellip;<\/p>\n","protected":false},"author":2,"featured_media":0,"parent":15581,"menu_order":12,"comment_status":"closed","ping_status":"closed","template":"","meta":[],"_links":{"self":[{"href":"https:\/\/elektrosystemy.pl\/index.php?rest_route=\/wp\/v2\/pages\/21217"}],"collection":[{"href":"https:\/\/elektrosystemy.pl\/index.php?rest_route=\/wp\/v2\/pages"}],"about":[{"href":"https:\/\/elektrosystemy.pl\/index.php?rest_route=\/wp\/v2\/types\/page"}],"author":[{"embeddable":true,"href":"https:\/\/elektrosystemy.pl\/index.php?rest_route=\/wp\/v2\/users\/2"}],"replies":[{"embeddable":true,"href":"https:\/\/elektrosystemy.pl\/index.php?rest_route=%2Fwp%2Fv2%2Fcomments&post=21217"}],"version-history":[{"count":1,"href":"https:\/\/elektrosystemy.pl\/index.php?rest_route=\/wp\/v2\/pages\/21217\/revisions"}],"predecessor-version":[{"id":21218,"href":"https:\/\/elektrosystemy.pl\/index.php?rest_route=\/wp\/v2\/pages\/21217\/revisions\/21218"}],"up":[{"embeddable":true,"href":"https:\/\/elektrosystemy.pl\/index.php?rest_route=\/wp\/v2\/pages\/15581"}],"wp:attachment":[{"href":"https:\/\/elektrosystemy.pl\/index.php?rest_route=%2Fwp%2Fv2%2Fmedia&parent=21217"}],"curies":[{"name":"wp","href":"https:\/\/api.w.org\/{rel}","templated":true}]}}