{"id":21951,"date":"2017-01-31T13:42:18","date_gmt":"2017-01-31T12:42:18","guid":{"rendered":"http:\/\/elektrosystemy.pl\/?page_id=21951"},"modified":"2019-04-13T20:36:02","modified_gmt":"2019-04-13T18:36:02","slug":"styczen-2017","status":"publish","type":"page","link":"https:\/\/elektrosystemy.pl\/?page_id=21951","title":{"rendered":"STYCZE\u0143 2017"},"content":{"rendered":"<p><span style=\"font-size: 12pt;\"><a href=\"http:\/\/elektrosystemy.pl\/wp-content\/uploads\/2016\/12\/29\/copy-of-najnowsze-wydanie-styczen-2016\/ES_01_2017_spis.jpg\"><img loading=\"lazy\" class=\"aligncenter wp-image-21189 size-full\" src=\"http:\/\/elektrosystemy.pl\/wp-content\/uploads\/2016\/12\/29\/copy-of-najnowsze-wydanie-styczen-2016\/ES_01_2017_spis.jpg\" width=\"1024\" height=\"739\" srcset=\"https:\/\/elektrosystemy.pl\/wp-content\/uploads\/2016\/12\/29\/copy-of-najnowsze-wydanie-styczen-2016\/ES_01_2017_spis.jpg 1024w, https:\/\/elektrosystemy.pl\/wp-content\/uploads\/2016\/12\/29\/copy-of-najnowsze-wydanie-styczen-2016\/ES_01_2017_spis-600x433.jpg 600w, https:\/\/elektrosystemy.pl\/wp-content\/uploads\/2016\/12\/29\/copy-of-najnowsze-wydanie-styczen-2016\/ES_01_2017_spis-300x217.jpg 300w, https:\/\/elektrosystemy.pl\/wp-content\/uploads\/2016\/12\/29\/copy-of-najnowsze-wydanie-styczen-2016\/ES_01_2017_spis-768x554.jpg 768w\" sizes=\"(max-width: 1024px) 100vw, 1024px\" \/><\/a><\/span><\/p>\n<p><span style=\"font-size: 12pt;\"><a href=\"http:\/\/elektrosystemy.pl\/wp-content\/uploads\/2016\/12\/29\/copy-of-najnowsze-wydanie-styczen-2016\/OkladkaES_01_2017.jpg\"><img loading=\"lazy\" class=\"wp-image-21190 size-medium alignleft\" src=\"http:\/\/elektrosystemy.pl\/wp-content\/uploads\/2016\/12\/29\/copy-of-najnowsze-wydanie-styczen-2016\/OkladkaES_01_2017-208x300.jpg\" width=\"208\" height=\"300\" srcset=\"https:\/\/elektrosystemy.pl\/wp-content\/uploads\/2016\/12\/29\/copy-of-najnowsze-wydanie-styczen-2016\/OkladkaES_01_2017-208x300.jpg 208w, https:\/\/elektrosystemy.pl\/wp-content\/uploads\/2016\/12\/29\/copy-of-najnowsze-wydanie-styczen-2016\/OkladkaES_01_2017.jpg 500w\" sizes=\"(max-width: 208px) 100vw, 208px\" \/><\/a><span style=\"color: #ffffff; background-color: #ff0000;\"><strong>\u00a0AKTUALNO\u015aCI <\/strong><\/span><\/span><br \/>\n<span style=\"font-size: 12pt;\"><b>10<\/b>\u00a0<strong>Indeks koniunktury ELEKTROSYSTEM\u00d3W<\/strong><\/span><br \/>\n<span style=\"font-size: 12pt;\">Produkcja ci\u0105gnie ca\u0142\u0105 bran\u017c\u0119 w d\u00f3\u0142<\/span><br \/>\n<span style=\"font-size: 12pt;\"> <b>12<\/b>\u00a0<strong>Gie\u0142dowy Indeks ELEKTROSYSTEM\u00d3W<\/strong><\/span><br \/>\n<span style=\"font-size: 12pt;\">Bran\u017ca na gie\u0142dzie wci\u0105\u017c\u00a0na kursie spadkowym<\/span><br \/>\n<span style=\"font-size: 12pt;\"> <strong>14<\/strong>\u00a0Produkcja wybranych artyku\u0142\u00f3w<\/span><br \/>\n<span style=\"font-size: 12pt;\"> elektrotechnicznych \u2013 X\u00a02016<\/span><br \/>\n<span style=\"font-size: 12pt;\"><strong>15<\/strong> Grodno zwi\u0119ksza zaplecze magazynowe<\/span><br \/>\n<span style=\"font-size: 12pt;\"><strong>16<\/strong> Greenway zbuduje sie\u0107 \u0142adowania e-aut w Polsce<\/span><br \/>\n<span style=\"font-size: 12pt;\"><strong>17<\/strong>\u00a0Rafako i Ensol nawi\u0105zuj\u0105 wsp\u00f3\u0142prac\u0119<\/span><br \/>\n<span style=\"font-size: 12pt;\"><strong>18<\/strong>\u00a0Pol-Lighting: warto zwraca\u0107 uwag\u0119 na jako\u015b\u0107 LED-\u00f3w \u00a0<\/span><br \/>\n<span style=\"font-size: 12pt;\"><strong>19<\/strong>\u00a0TME otwiera si\u0119 na Afryk\u0119 i Bliski Wsch\u00f3d\u00a0<\/span><br \/>\n<span style=\"font-size: 12pt;\"><strong>20<\/strong> Spory i ugody w bran\u017cy elektrotechnicznej<\/span><br \/>\n<span style=\"font-size: 12pt;\"><strong>21<\/strong>\u00a0ABB usprawnia\u00a0produkcj\u0119 ciastek\u2026\u00a0<\/span><br \/>\n<span style=\"font-size: 12pt;\"><strong>21<\/strong>\u00a0\u2026 i dostarcza automatyk\u0119 budynkow\u0105 dla Totalizatora<\/span><br \/>\n<span style=\"font-size: 12pt;\"><strong>22<\/strong> GE Power zdobywa kontrakt za 65,5 mln z\u0142<\/span><br \/>\n<span style=\"font-size: 12pt;\"><strong>22<\/strong> Powo\u0142ano klaster na rzecz rozwoju e-mobility<br \/>\n<strong>23<\/strong> Polenergia zainwestuje 21 mln z\u0142 w dystrybucj\u0119<br \/>\n<strong>23<\/strong> PGE uruchamia pilota\u017cowy projekt e-mobility w \u0141odzi<br \/>\n<strong>24<\/strong> Sp\u00f3\u0142ki energetyczne mog\u0105 wej\u015b\u0107 do Polimeksu<br \/>\n<\/span><span style=\"font-size: 12pt;\"><strong>24<\/strong> Comex podsumowuje rok z mark\u0105 Cover<\/span><span style=\"font-size: 12pt;\"><br \/>\n<\/span><br \/>\n<span style=\"font-size: 12pt;\"><strong style=\"font-size: 12pt;\"><span style=\"color: #ffffff; background-color: #c71882;\">\u00a0NAP\u0118DY I STEROWANIE\u00a0<\/span><br \/>\n<\/strong><b style=\"font-size: 12pt;\">26<\/b> DriveStart z oferty CES \u2013 pierwsza instalacja w Polsce<br \/>\n<b style=\"font-size: 12pt;\">28<\/b> Dob\u00f3r nap\u0119du w kontek\u015bcie Dyrektywy Ecodesign<br \/>\n<b style=\"font-size: 12pt;\">30<\/b> Serwonap\u0119dy Astraada SRV-63 z komunikacj\u0105 EtherCAT<br \/>\n<\/span><br \/>\n<b style=\"font-size: 12pt;\"><\/b><span style=\"font-size: 12pt;\"><strong style=\"font-size: 12pt;\"><span style=\"color: #ffffff; background-color: #00a2a4;\">\u00a0OSPRZ\u0118T INSTALACYJNY\u00a0<\/span><br \/>\n<\/strong><b style=\"font-size: 12pt;\">34<\/b> Rozdzielnice teletechniczne golf VDI firmy Hager<\/span><\/p>\n<p><span style=\"font-size: 12pt;\"><b style=\"font-size: 12pt;\"><\/b><strong style=\"font-size: 12pt;\"><span style=\"color: #ffffff; background-color: #caa082;\">\u00a0APARATY ZABEZPIECZAJ\u0104CE\u00a0<\/span><br \/>\n<\/strong><b style=\"font-size: 12pt;\">36<\/b> Wy\u0142\u0105czniki RCCB firmy Doepke w ofercie El-Team<\/span><\/p>\n<p><span style=\"font-size: 12pt;\"><b style=\"font-size: 12pt;\"><\/b><strong style=\"font-size: 12pt;\"><span style=\"color: #ffffff; background-color: #e7c68c;\">\u00a0INTELIGENTNY BUDYNEK\u00a0<\/span><br \/>\n<\/strong><b style=\"font-size: 12pt;\">38<\/b> System TaHoma Somfy w ofercie firmy Awilux<\/span><\/p>\n<p><span style=\"font-size: 12pt;\"><b style=\"font-size: 12pt;\"><\/b><strong style=\"font-size: 12pt;\"><span style=\"color: #ffffff; background-color: #f47a63;\">\u00a0OCHRONA PRZECIWPRZEPI\u0118CIOWA I ODGROMOWA\u00a0<\/span><br \/>\n<\/strong><b style=\"font-size: 12pt;\">40<\/b>\u00a0Uniwersalne ograniczniki OBO Bettermann<\/span><\/p>\n<p><span style=\"font-size: 12pt;\"><b style=\"font-size: 12pt;\"><\/b><strong style=\"font-size: 12pt;\"><span style=\"color: #ffffff; background-color: #45aec5;\">\u00a0AUTOMATYKA\u00a0<\/span><br \/>\n<\/strong><b style=\"font-size: 12pt;\">42<\/b> Samojezdne w\u00f3zki \u00a0transportowe AGV firmy SEW-Eurodrive<\/span><\/p>\n<p><b style=\"font-size: 12pt;\"><\/b><strong style=\"font-size: 12pt;\"><span style=\"color: #ffffff; background-color: #c74a46; font-size: 12pt;\">\u00a0KABLE I PRZEWODY\u00a0<\/span><br \/>\n<\/strong><b style=\"font-size: 12pt;\">44<\/b> Samomonitoruj\u0105cy przew\u00f3d firmy igus do aplikacji ruchomych<br \/>\n<b style=\"font-size: 12pt;\">46<\/b> Nowo\u015bci Lapp Kabel na 2017 rok<\/p>\n<p><strong style=\"font-size: 12pt;\"><span style=\"color: #ffffff; background-color: #0095da; font-size: 12pt;\">\u00a0SYSTEMY OCHRONY\u00a0<\/span><br \/>\n<\/strong><b style=\"font-size: 12pt;\">48<\/b> Domowe czujniki tlenku w\u0119gla i gazu firmy Zamel<\/p>\n<p><b style=\"font-size: 12pt;\"><\/b><span style=\"font-size: 12pt;\"><strong style=\"font-size: 12pt;\"><span style=\"color: #ffffff; background-color: #007dc5;\">\u00a0ZASILANIE AWARYJNE\u00a0<\/span><br \/>\n<\/strong><b style=\"font-size: 12pt;\">50<\/b> System zasilania Eaton w centrum danych BlueFjords<\/span><\/p>\n<p><span style=\"font-size: 12pt;\"><strong style=\"font-size: 12pt;\"><span style=\"color: #ffffff; background-color: #007dc5;\">\u00a0OPROGRAMOWANIE\u00a0<\/span><br \/>\n<\/strong><b style=\"font-size: 12pt;\">52<\/b> Platforma 3DExperience firmy Dassault Systemes w Grupie Renault<br \/>\n<\/span><br \/>\n<span style=\"font-size: 12pt;\"><strong><span style=\"color: #ffffff; background-color: #caa082;\"><span style=\"color: #ffffff; background-color: #b191af;\">\u00a0PRZETARGI I INWESTYCJE\u00a0<\/span><br \/>\n<\/span><\/strong><b>56<\/b>\u00a0Planowane inwestycje<\/span><br \/>\n<span style=\"font-size: 12pt;\"><b>60<\/b>\u00a0Przetargi w bran\u017cy elektrotechnicznej i energetycznej<strong><br \/>\n<\/strong><\/span><\/p>\n<p><strong style=\"font-size: 12pt;\"><span style=\"color: #ffffff; background-color: #caa082;\"><span style=\"color: #ffffff; background-color: #d2232a;\">\u00a0WYDARZENIA\u00a0<\/span><br \/>\n<\/span><\/strong><b>69<\/b><span style=\"font-size: 12pt;\">\u00a0Relacje z targ\u00f3w, wydarze\u0144, spotka\u0144 bran\u017cowych<\/span><\/p>\n<h4><\/h4>\n<h4><span style=\"font-size: 12pt;\"><strong>Dodatek:\u00a0&#8220;NAP\u0118DY I STEROWANIE&#8221;<\/strong><\/span><\/h4>\n<p><span style=\"font-size: 12pt;\"><a href=\"http:\/\/elektrosystemy.pl\/wp-content\/uploads\/2016\/12\/29\/copy-of-najnowsze-wydanie-styczen-2016\/Okladka_NiS_01_2017.jpg\"><img loading=\"lazy\" class=\"alignleft wp-image-21228 size-medium\" src=\"http:\/\/elektrosystemy.pl\/wp-content\/uploads\/2016\/12\/29\/copy-of-najnowsze-wydanie-styczen-2016\/Okladka_NiS_01_2017-199x300.jpg\" width=\"199\" height=\"300\" srcset=\"https:\/\/elektrosystemy.pl\/wp-content\/uploads\/2016\/12\/29\/copy-of-najnowsze-wydanie-styczen-2016\/Okladka_NiS_01_2017-199x300.jpg 199w, https:\/\/elektrosystemy.pl\/wp-content\/uploads\/2016\/12\/29\/copy-of-najnowsze-wydanie-styczen-2016\/Okladka_NiS_01_2017.jpg 500w\" sizes=\"(max-width: 199px) 100vw, 199px\" \/><\/a><strong style=\"font-size: 12pt;\">4<\/strong> Rynek kontynuowa\u0142 trend\u00a0umiarkowanego wzrostu<\/span><br \/>\n<span style=\"font-size: 12pt;\"> <b style=\"font-size: 12pt;\">14<\/b> Przetwornice cz\u0119stotliwo\u015bci, softstarty<\/span><br \/>\n<span style=\"font-size: 12pt;\"> <b>16 <\/b>Przetwornice cz\u0119stotliwo\u015bci \u2013 przegl\u0105d oferty rynkowej<\/span><br \/>\n<span style=\"font-size: 12pt;\"> <b>22 <\/b>Urz\u0105dzenia \u0142agodnego rozruchu (softstarty) \u2013 oferta wybranych firm<\/span><br \/>\n<span style=\"font-size: 12pt;\"> <b>25\u00a0<\/b>Serwonap\u0119dy<\/span><br \/>\n<span style=\"font-size: 12pt;\"> <b>28\u00a0<\/b>Silniki elektryczne<\/span><\/p>\n<p>&nbsp;<\/p>\n<p>&nbsp;<\/p>\n<p>&nbsp;<\/p>\n<h4><\/h4>\n","protected":false},"excerpt":{"rendered":"<p>\u00a0AKTUALNO\u015aCI 10\u00a0Indeks koniunktury ELEKTROSYSTEM\u00d3W Produkcja ci\u0105gnie ca\u0142\u0105 bran\u017c\u0119 w d\u00f3\u0142 12\u00a0Gie\u0142dowy Indeks ELEKTROSYSTEM\u00d3W Bran\u017ca na gie\u0142dzie wci\u0105\u017c\u00a0na kursie spadkowym 14\u00a0Produkcja wybranych artyku\u0142\u00f3w elektrotechnicznych \u2013 X\u00a02016 15 Grodno zwi\u0119ksza zaplecze magazynowe 16 Greenway zbuduje sie\u0107 \u0142adowania e-aut w Polsce 17\u00a0Rafako i Ensol nawi\u0105zuj\u0105 wsp\u00f3\u0142prac\u0119 18\u00a0Pol-Lighting: warto zwraca\u0107 uwag\u0119 na jako\u015b\u0107 LED-\u00f3w \u00a0 19\u00a0TME otwiera si\u0119 na&hellip;<\/p>\n","protected":false},"author":2,"featured_media":0,"parent":21940,"menu_order":1,"comment_status":"closed","ping_status":"closed","template":"","meta":[],"_links":{"self":[{"href":"https:\/\/elektrosystemy.pl\/index.php?rest_route=\/wp\/v2\/pages\/21951"}],"collection":[{"href":"https:\/\/elektrosystemy.pl\/index.php?rest_route=\/wp\/v2\/pages"}],"about":[{"href":"https:\/\/elektrosystemy.pl\/index.php?rest_route=\/wp\/v2\/types\/page"}],"author":[{"embeddable":true,"href":"https:\/\/elektrosystemy.pl\/index.php?rest_route=\/wp\/v2\/users\/2"}],"replies":[{"embeddable":true,"href":"https:\/\/elektrosystemy.pl\/index.php?rest_route=%2Fwp%2Fv2%2Fcomments&post=21951"}],"version-history":[{"count":1,"href":"https:\/\/elektrosystemy.pl\/index.php?rest_route=\/wp\/v2\/pages\/21951\/revisions"}],"predecessor-version":[{"id":21952,"href":"https:\/\/elektrosystemy.pl\/index.php?rest_route=\/wp\/v2\/pages\/21951\/revisions\/21952"}],"up":[{"embeddable":true,"href":"https:\/\/elektrosystemy.pl\/index.php?rest_route=\/wp\/v2\/pages\/21940"}],"wp:attachment":[{"href":"https:\/\/elektrosystemy.pl\/index.php?rest_route=%2Fwp%2Fv2%2Fmedia&parent=21951"}],"curies":[{"name":"wp","href":"https:\/\/api.w.org\/{rel}","templated":true}]}}