{"id":22234,"date":"2017-03-01T15:26:21","date_gmt":"2017-03-01T14:26:21","guid":{"rendered":"http:\/\/elektrosystemy.pl\/?page_id=22234"},"modified":"2019-04-13T20:11:51","modified_gmt":"2019-04-13T18:11:51","slug":"luty-2017","status":"publish","type":"page","link":"https:\/\/elektrosystemy.pl\/?page_id=22234","title":{"rendered":"LUTY 2017"},"content":{"rendered":"<p><span style=\"font-size: 12pt;\"><a href=\"http:\/\/elektrosystemy.pl\/wp-content\/uploads\/2016\/02\/01\/najnowsze-wydanie-luty-2015\/ES_02_2017_spis.jpg\"><img loading=\"lazy\" class=\"alignleft wp-image-22020\" src=\"http:\/\/elektrosystemy.pl\/wp-content\/uploads\/2016\/02\/01\/najnowsze-wydanie-luty-2015\/ES_02_2017_spis.jpg\" width=\"750\" height=\"541\" srcset=\"https:\/\/elektrosystemy.pl\/wp-content\/uploads\/2016\/02\/01\/najnowsze-wydanie-luty-2015\/ES_02_2017_spis.jpg 1024w, https:\/\/elektrosystemy.pl\/wp-content\/uploads\/2016\/02\/01\/najnowsze-wydanie-luty-2015\/ES_02_2017_spis-600x433.jpg 600w, https:\/\/elektrosystemy.pl\/wp-content\/uploads\/2016\/02\/01\/najnowsze-wydanie-luty-2015\/ES_02_2017_spis-300x217.jpg 300w, https:\/\/elektrosystemy.pl\/wp-content\/uploads\/2016\/02\/01\/najnowsze-wydanie-luty-2015\/ES_02_2017_spis-768x554.jpg 768w\" sizes=\"(max-width: 750px) 100vw, 750px\" \/><\/a><\/span><\/p>\n<p><span style=\"font-size: 12pt;\"><a href=\"http:\/\/elektrosystemy.pl\/wp-content\/uploads\/2016\/02\/01\/najnowsze-wydanie-luty-2015\/OkladkaES_02_2017.jpg\"><img loading=\"lazy\" class=\"alignleft wp-image-22022 size-medium\" src=\"http:\/\/elektrosystemy.pl\/wp-content\/uploads\/2016\/02\/01\/najnowsze-wydanie-luty-2015\/OkladkaES_02_2017-207x300.jpg\" width=\"207\" height=\"300\" srcset=\"https:\/\/elektrosystemy.pl\/wp-content\/uploads\/2016\/02\/01\/najnowsze-wydanie-luty-2015\/OkladkaES_02_2017-207x300.jpg 207w, https:\/\/elektrosystemy.pl\/wp-content\/uploads\/2016\/02\/01\/najnowsze-wydanie-luty-2015\/OkladkaES_02_2017.jpg 500w\" sizes=\"(max-width: 207px) 100vw, 207px\" \/><\/a><span style=\"color: #ffffff; background-color: #ff0000;\"><strong>\u00a0AKTUALNO\u015aCI <\/strong><\/span><\/span><br \/>\n<span style=\"font-size: 12pt;\"><b>10<\/b>\u00a0<strong>Indeks koniunktury ELEKTROSYSTEM\u00d3W<\/strong><\/span><br \/>\n<span style=\"font-size: 12pt;\">Lekkie odbicie na koniec roku<\/span><br \/>\n<span style=\"font-size: 12pt;\"> <b>12<\/b>\u00a0<strong>Gie\u0142dowy Indeks ELEKTROSYSTEM\u00d3W<\/strong><\/span><br \/>\n<span style=\"font-size: 12pt;\">Gie\u0142dowe sp\u00f3\u0142ki zwy\u017ckuj\u0105 w nowym roku<\/span><br \/>\n<span style=\"font-size: 12pt;\"> <strong>14<\/strong>\u00a0PProdukcja wybranych artyku\u0142\u00f3w elektrotechnicznych \u2013 XI 2016<\/span><br \/>\n<span style=\"font-size: 12pt;\"><strong>15<\/strong> Qumak przedstawi\u0142 now\u0105 strategi\u0119 rozwoju<\/span><br \/>\n<span style=\"font-size: 12pt;\"><strong>16<\/strong> Elektrotim przej\u0105\u0142 sp\u00f3\u0142k\u0119 informatyczn\u0105<\/span><br \/>\n<span style=\"font-size: 12pt;\"><strong>17<\/strong> NKT Cables dostarczy kable na kolejn\u0105 farm\u0119 wiatrow\u0105<\/span><br \/>\n<span style=\"font-size: 12pt;\"><strong>18<\/strong> GP Kaczmarek Electric MTB rusza z kolejnym cyklem \u00a0<\/span><br \/>\n<span style=\"font-size: 12pt;\"><strong>19<\/strong> ABB organizuje konkurs z zakresu robotyki\u00a0<\/span><br \/>\n<span style=\"font-size: 12pt;\"><strong>19<\/strong> Katowice zamontuj\u0105 lampy LED za 19 mln z\u0142<\/span><br \/>\n<span style=\"font-size: 12pt;\"><strong>20<\/strong> Tar Heel Capital inwestuje w elPLC\u00a0<\/span><br \/>\n<span style=\"font-size: 12pt;\"><strong>20<\/strong> MPGK i ES Jutrzenka 2 zbuduj\u0105 elektrownie PV<\/span><br \/>\n<span style=\"font-size: 12pt;\"><strong>21<\/strong>\u00a0Energa-Operator zautomatyzuje sie\u0107 SN<\/span><br \/>\n<span style=\"font-size: 12pt;\"><strong>21<\/strong> Columbus Energy aktualizuje strategi\u0119<br \/>\n<strong>22<\/strong>\u00a0Pozna\u0144ski WFO\u015aiGW dop\u0142aci do o\u015bwietlenia LED<br \/>\n<strong>22<\/strong>\u00a0Energa uruchamia sz\u00f3sty punkt \u0142adowania samochod\u00f3w<br \/>\n<strong>23<\/strong> Siemens i Valeo utworzy\u0142y sp\u00f3\u0142k\u0119 z bran\u017cy e-mobility<br \/>\n<\/span><span style=\"font-size: 12pt;\"><strong>23<\/strong> Tauron: odczyt licznika w czasie rzeczywistym<br \/>\n<strong>24<\/strong> Ursus chce produkowa\u0107 elektryczne ci\u0105gniki<br \/>\n<strong>24<\/strong> Wroc\u0142awskie instytucje b\u0119d\u0105 zasilane w 100% z OZE<\/span><span style=\"font-size: 12pt;\"><br \/>\n<\/span><\/p>\n<p><span style=\"font-size: 12pt;\"><b style=\"font-size: 12pt;\"><\/b><strong style=\"font-size: 12pt;\"><span style=\"color: #ffffff; background-color: #45aec5;\">\u00a0AUTOMATYKA\u00a0<\/span><br \/>\n<\/strong><b style=\"font-size: 12pt;\">26<\/b>\u00a0System Axioline F I\/O zgodny z IEC 61850 dla sektora energetycznego<br \/>\n<b style=\"font-size: 12pt;\">30<\/b> Cyfrowa transformacja w sektorze produkcyjnym w Niemczech \u2013 analiza<br \/>\n<b style=\"font-size: 12pt;\">32<\/b> Os\u0142ony bezpiecze\u0144stwa zgodne z EN ISO 14119<br \/>\n<\/span><\/p>\n<p><b style=\"font-size: 12pt;\"><\/b><span style=\"font-size: 12pt;\"><strong style=\"font-size: 12pt;\"><span style=\"color: #ffffff; background-color: #c74a46;\">\u00a0KABLE I PRZEWODY\u00a0<\/span><br \/>\n<\/strong><b style=\"font-size: 12pt;\">36<\/b> Przewody Helukabel dla automatyki i sterowania w przemy\u015ble<\/span><br \/>\n<span style=\"font-size: 12pt;\"> <b style=\"font-size: 12pt;\">38<\/b> Przewody i prowadnice \u00d6lflex Connect Chain firmy Lapp Kabel<\/span><\/p>\n<p><span style=\"font-size: 12pt;\"><b style=\"font-size: 12pt;\"><\/b><strong style=\"font-size: 12pt;\"><span style=\"color: #ffffff; background-color: #f47a63;\">\u00a0OCHRONA PRZECIWPRZEPI\u0118CIOWA I ODGROMOWA\u00a0<\/span><br \/>\n<\/strong><b style=\"font-size: 12pt;\">41<\/b> Iskrobezpieczna kamera Flir GFx320 do detekcji wyciek\u00f3w gazu<\/span><\/p>\n<p><span style=\"font-size: 12pt;\"><strong style=\"font-size: 12pt;\"><span style=\"color: #ffffff; background-color: #cc6a2d;\">\u00a0MIERNICTWO\u00a0<\/span><br \/>\n<\/strong><b style=\"font-size: 12pt;\">42<\/b> Niwelatory laserowe firmy Fluke<\/span><br \/>\n<span style=\"font-size: 12pt;\"> <b style=\"font-size: 12pt;\">44<\/b>\u00a0Domowe czujniki tlenku w\u0119gla i gazu firmy Zamel<\/span><\/p>\n<p><span style=\"font-size: 12pt;\"><b style=\"font-size: 12pt;\"><\/b><strong style=\"font-size: 12pt;\"><span style=\"color: #ffffff; background-color: #00a2a4;\">\u00a0OSPRZ\u0118T INSTALACYJNY\u00a0<\/span><br \/>\n<\/strong><b style=\"font-size: 12pt;\">46<\/b> Szafa sterownicza Rittal ze zintegrowanym ch\u0142odzeniem<\/span><\/p>\n<p><span style=\"font-size: 12pt;\"> <strong><span style=\"color: #ffffff; background-color: #caa082;\"><span style=\"color: #ffffff; background-color: #b191af;\">\u00a0PRZETARGI I INWESTYCJE\u00a0<\/span><br \/>\n<\/span><\/strong><b>50<\/b>\u00a0Planowane inwestycje<\/span><br \/>\n<span style=\"font-size: 12pt;\"> <b>54<\/b>\u00a0Przetargi w bran\u017cy elektrotechnicznej i energetycznej<strong><br \/>\n<\/strong><\/span><\/p>\n<p>&nbsp;<\/p>\n<h4><span style=\"font-size: 12pt;\"><strong>Dodatek: \u201eKABLE I PRZEWODY\u201d<\/strong><\/span><\/h4>\n<p><span style=\"font-size: 12pt;\"><a href=\"http:\/\/elektrosystemy.pl\/wp-content\/uploads\/2016\/02\/01\/najnowsze-wydanie-luty-2015\/Okladka_KiP_02_2017.jpg\"><img loading=\"lazy\" class=\"alignleft wp-image-22023 size-medium\" src=\"http:\/\/elektrosystemy.pl\/wp-content\/uploads\/2016\/02\/01\/najnowsze-wydanie-luty-2015\/Okladka_KiP_02_2017-200x300.jpg\" width=\"200\" height=\"300\" srcset=\"https:\/\/elektrosystemy.pl\/wp-content\/uploads\/2016\/02\/01\/najnowsze-wydanie-luty-2015\/Okladka_KiP_02_2017-200x300.jpg 200w, https:\/\/elektrosystemy.pl\/wp-content\/uploads\/2016\/02\/01\/najnowsze-wydanie-luty-2015\/Okladka_KiP_02_2017.jpg 500w\" sizes=\"(max-width: 200px) 100vw, 200px\" \/><\/a><strong style=\"font-size: 12pt;\">4<\/strong> Rynek kabli i przewod\u00f3w\u00a0skurczy\u0142 si\u0119 o kilka procent<\/span><br \/>\n<span style=\"font-size: 12pt;\"><b style=\"font-size: 12pt;\">23<\/b> Przewody i kable\u00a0sterownicze<\/span><br \/>\n<span style=\"font-size: 12pt;\"><b>26 <\/b>Przewody i kable sterownicze \u2013 przegl\u0105d oferty rynkowej<\/span><br \/>\n<span style=\"font-size: 12pt;\"><b>30\u00a0<\/b>Narz\u0119dzia do obr\u00f3bki kabli i przewod\u00f3w<\/span><br \/>\n<span style=\"font-size: 12pt;\"><b>33 <\/b>Narz\u0119dzia do obr\u00f3bki przewod\u00f3w i kabli \u2013 wybrana oferta rynkowa<\/span><\/p>\n<p>&nbsp;<\/p>\n<p>&nbsp;<\/p>\n<p>&nbsp;<\/p>\n<h4><\/h4>\n","protected":false},"excerpt":{"rendered":"<p>\u00a0AKTUALNO\u015aCI 10\u00a0Indeks koniunktury ELEKTROSYSTEM\u00d3W Lekkie odbicie na koniec roku 12\u00a0Gie\u0142dowy Indeks ELEKTROSYSTEM\u00d3W Gie\u0142dowe sp\u00f3\u0142ki zwy\u017ckuj\u0105 w nowym roku 14\u00a0PProdukcja wybranych artyku\u0142\u00f3w elektrotechnicznych \u2013 XI 2016 15 Qumak przedstawi\u0142 now\u0105 strategi\u0119 rozwoju 16 Elektrotim przej\u0105\u0142 sp\u00f3\u0142k\u0119 informatyczn\u0105 17 NKT Cables dostarczy kable na kolejn\u0105 farm\u0119 wiatrow\u0105 18 GP Kaczmarek Electric MTB rusza z kolejnym cyklem \u00a0&hellip;<\/p>\n","protected":false},"author":2,"featured_media":0,"parent":21940,"menu_order":2,"comment_status":"closed","ping_status":"closed","template":"","meta":[],"_links":{"self":[{"href":"https:\/\/elektrosystemy.pl\/index.php?rest_route=\/wp\/v2\/pages\/22234"}],"collection":[{"href":"https:\/\/elektrosystemy.pl\/index.php?rest_route=\/wp\/v2\/pages"}],"about":[{"href":"https:\/\/elektrosystemy.pl\/index.php?rest_route=\/wp\/v2\/types\/page"}],"author":[{"embeddable":true,"href":"https:\/\/elektrosystemy.pl\/index.php?rest_route=\/wp\/v2\/users\/2"}],"replies":[{"embeddable":true,"href":"https:\/\/elektrosystemy.pl\/index.php?rest_route=%2Fwp%2Fv2%2Fcomments&post=22234"}],"version-history":[{"count":1,"href":"https:\/\/elektrosystemy.pl\/index.php?rest_route=\/wp\/v2\/pages\/22234\/revisions"}],"predecessor-version":[{"id":22235,"href":"https:\/\/elektrosystemy.pl\/index.php?rest_route=\/wp\/v2\/pages\/22234\/revisions\/22235"}],"up":[{"embeddable":true,"href":"https:\/\/elektrosystemy.pl\/index.php?rest_route=\/wp\/v2\/pages\/21940"}],"wp:attachment":[{"href":"https:\/\/elektrosystemy.pl\/index.php?rest_route=%2Fwp%2Fv2%2Fmedia&parent=22234"}],"curies":[{"name":"wp","href":"https:\/\/api.w.org\/{rel}","templated":true}]}}