{"id":22399,"date":"2017-03-03T12:30:13","date_gmt":"2017-03-03T11:30:13","guid":{"rendered":"http:\/\/elektrosystemy.pl\/?page_id=22399"},"modified":"2017-03-22T11:10:07","modified_gmt":"2017-03-22T10:10:07","slug":"copy-of-elektroprodukt-2016-roku","status":"publish","type":"page","link":"https:\/\/elektrosystemy.pl\/?page_id=22399","title":{"rendered":"<b>ELEKTROPRODUKT 2016 ROKU<\/b>"},"content":{"rendered":"<p style=\"text-align: left;\"><span style=\"font-size: 12pt;\"><strong>Po raz czternasty Czytelnicy magazynu Elektrosystemy wybrali najlepsze wyroby elektrotechniczne roku. Tym razem w 12 kategoriach rywalizowa\u0142y 123 produkty. Do redakcji nap\u0142yn\u0119\u0142o \u0142\u0105cznie 21 887 g\u0142os\u00f3w na 3 876 kartach konkursowych.<\/strong><\/span><\/p>\n<hr id=\"system-readmore\" \/>\n<p style=\"text-align: left;\"><span class=\"wf_caption\" style=\"display: inline-table;\"><a href=\"http:\/\/elektrosystemy.pl\/wp-content\/uploads\/2017\/03\/03\/copy-of-elektroprodukt-2016-roku\/AM_2016.jpg\"><img loading=\"lazy\" class=\"aligncenter wp-image-22401 size-full\" src=\"http:\/\/elektrosystemy.pl\/wp-content\/uploads\/2017\/03\/03\/copy-of-elektroprodukt-2016-roku\/AM_2016.jpg\" width=\"750\" height=\"270\" srcset=\"https:\/\/elektrosystemy.pl\/wp-content\/uploads\/2017\/03\/03\/copy-of-elektroprodukt-2016-roku\/AM_2016.jpg 750w, https:\/\/elektrosystemy.pl\/wp-content\/uploads\/2017\/03\/03\/copy-of-elektroprodukt-2016-roku\/AM_2016-600x216.jpg 600w, https:\/\/elektrosystemy.pl\/wp-content\/uploads\/2017\/03\/03\/copy-of-elektroprodukt-2016-roku\/AM_2016-300x108.jpg 300w\" sizes=\"(max-width: 750px) 100vw, 750px\" \/><\/a><span style=\"max-width: 650px; text-align: center; background-color: #eeeeee; display: block;\">w kategorii APARATURA MODU\u0141OWA zwyci\u0119\u017cy\u0142<br \/>\nRoz\u0142\u0105cznik izolacyjny Ex9BI firmy <strong>Noark Electric<\/strong><\/span><\/span><\/p>\n<p style=\"text-align: left;\"><span class=\"wf_caption\" style=\"display: inline-table;\"><span style=\"max-width: 650px; text-align: center; background-color: #eeeeee; display: block;\"><a href=\"http:\/\/elektrosystemy.pl\/wp-content\/uploads\/2017\/03\/03\/copy-of-elektroprodukt-2016-roku\/AU_2016.jpg\"><img loading=\"lazy\" class=\"aligncenter wp-image-22410 size-full\" src=\"http:\/\/elektrosystemy.pl\/wp-content\/uploads\/2017\/03\/03\/copy-of-elektroprodukt-2016-roku\/AU_2016.jpg\" width=\"750\" height=\"270\" srcset=\"https:\/\/elektrosystemy.pl\/wp-content\/uploads\/2017\/03\/03\/copy-of-elektroprodukt-2016-roku\/AU_2016.jpg 750w, https:\/\/elektrosystemy.pl\/wp-content\/uploads\/2017\/03\/03\/copy-of-elektroprodukt-2016-roku\/AU_2016-600x216.jpg 600w, https:\/\/elektrosystemy.pl\/wp-content\/uploads\/2017\/03\/03\/copy-of-elektroprodukt-2016-roku\/AU_2016-300x108.jpg 300w\" sizes=\"(max-width: 750px) 100vw, 750px\" \/><\/a><span style=\"max-width: 650px; text-align: center; background-color: #eeeeee; display: block;\">w kategorii AUTOMATYKA zwyci\u0119\u017cy\u0142 System Proficloud<br \/>\nfirmy<strong> Phoenix Contact<\/strong><\/span><\/span><\/span><\/p>\n<p><span class=\"wf_caption\" style=\"display: inline-table;\"><a href=\"http:\/\/elektrosystemy.pl\/wp-content\/uploads\/2017\/03\/03\/copy-of-elektroprodukt-2016-roku\/IB_2016.jpg\"><img loading=\"lazy\" class=\"aligncenter wp-image-22411 size-full\" src=\"http:\/\/elektrosystemy.pl\/wp-content\/uploads\/2017\/03\/03\/copy-of-elektroprodukt-2016-roku\/IB_2016.jpg\" width=\"750\" height=\"270\" srcset=\"https:\/\/elektrosystemy.pl\/wp-content\/uploads\/2017\/03\/03\/copy-of-elektroprodukt-2016-roku\/IB_2016.jpg 750w, https:\/\/elektrosystemy.pl\/wp-content\/uploads\/2017\/03\/03\/copy-of-elektroprodukt-2016-roku\/IB_2016-600x216.jpg 600w, https:\/\/elektrosystemy.pl\/wp-content\/uploads\/2017\/03\/03\/copy-of-elektroprodukt-2016-roku\/IB_2016-300x108.jpg 300w\" sizes=\"(max-width: 750px) 100vw, 750px\" \/><\/a><span style=\"max-width: 650px; text-align: center; background-color: #eeeeee; display: block;\">w kategorii INTELIGENTNY BUDYNEK zwyci\u0119\u017cy\u0142<br \/>\nSystem Vision BMS firmy <strong>APA<\/strong><\/span><\/span><\/p>\n<p><span class=\"wf_caption\" style=\"display: inline-table;\"><a href=\"http:\/\/elektrosystemy.pl\/wp-content\/uploads\/2017\/03\/03\/copy-of-elektroprodukt-2016-roku\/KP_2016.jpg\"><img loading=\"lazy\" class=\"aligncenter wp-image-22412 size-full\" src=\"http:\/\/elektrosystemy.pl\/wp-content\/uploads\/2017\/03\/03\/copy-of-elektroprodukt-2016-roku\/KP_2016.jpg\" width=\"750\" height=\"270\" srcset=\"https:\/\/elektrosystemy.pl\/wp-content\/uploads\/2017\/03\/03\/copy-of-elektroprodukt-2016-roku\/KP_2016.jpg 750w, https:\/\/elektrosystemy.pl\/wp-content\/uploads\/2017\/03\/03\/copy-of-elektroprodukt-2016-roku\/KP_2016-600x216.jpg 600w, https:\/\/elektrosystemy.pl\/wp-content\/uploads\/2017\/03\/03\/copy-of-elektroprodukt-2016-roku\/KP_2016-300x108.jpg 300w\" sizes=\"(max-width: 750px) 100vw, 750px\" \/><\/a><span style=\"max-width: 650px; text-align: center; background-color: #eeeeee; display: block;\">w kategorii KABLE I PRZEWODY zwyci\u0119\u017cy\u0142y\u00a0Przewody \u00d6lflex Heat 125 MC<br \/>\nfirmy <strong>Lapp Kabel<\/strong><\/span><\/span><\/p>\n<p><span class=\"wf_caption\" style=\"display: inline-table;\"><a href=\"http:\/\/elektrosystemy.pl\/wp-content\/uploads\/2017\/03\/03\/copy-of-elektroprodukt-2016-roku\/MR_2016.jpg\"><img loading=\"lazy\" class=\"aligncenter wp-image-22413 size-full\" src=\"http:\/\/elektrosystemy.pl\/wp-content\/uploads\/2017\/03\/03\/copy-of-elektroprodukt-2016-roku\/MR_2016.jpg\" width=\"750\" height=\"270\" srcset=\"https:\/\/elektrosystemy.pl\/wp-content\/uploads\/2017\/03\/03\/copy-of-elektroprodukt-2016-roku\/MR_2016.jpg 750w, https:\/\/elektrosystemy.pl\/wp-content\/uploads\/2017\/03\/03\/copy-of-elektroprodukt-2016-roku\/MR_2016-600x216.jpg 600w, https:\/\/elektrosystemy.pl\/wp-content\/uploads\/2017\/03\/03\/copy-of-elektroprodukt-2016-roku\/MR_2016-300x108.jpg 300w\" sizes=\"(max-width: 750px) 100vw, 750px\" \/><\/a><span style=\"max-width: 650px; text-align: center; background-color: #eeeeee; display: block;\">w kategorii MIERNICTWO zwyci\u0119\u017cy\u0142a\u00a0Kamera termowizyjna Fluke TiS65<br \/>\nfirmy<strong> Eltron<\/strong><\/span><\/span><\/p>\n<p><span class=\"wf_caption\" style=\"display: inline-table;\"><a href=\"http:\/\/elektrosystemy.pl\/wp-content\/uploads\/2017\/03\/03\/copy-of-elektroprodukt-2016-roku\/NS_2016.jpg\"><img loading=\"lazy\" class=\"aligncenter wp-image-22414 size-full\" src=\"http:\/\/elektrosystemy.pl\/wp-content\/uploads\/2017\/03\/03\/copy-of-elektroprodukt-2016-roku\/NS_2016.jpg\" width=\"750\" height=\"270\" srcset=\"https:\/\/elektrosystemy.pl\/wp-content\/uploads\/2017\/03\/03\/copy-of-elektroprodukt-2016-roku\/NS_2016.jpg 750w, https:\/\/elektrosystemy.pl\/wp-content\/uploads\/2017\/03\/03\/copy-of-elektroprodukt-2016-roku\/NS_2016-600x216.jpg 600w, https:\/\/elektrosystemy.pl\/wp-content\/uploads\/2017\/03\/03\/copy-of-elektroprodukt-2016-roku\/NS_2016-300x108.jpg 300w\" sizes=\"(max-width: 750px) 100vw, 750px\" \/><\/a><span style=\"max-width: 650px; text-align: center; background-color: #eeeeee; display: block;\">w kategorii NAP\u0118DY I STEROWANIE zwyci\u0119\u017cy\u0142\u00a0System Simocode pro V PN firmy\u00a0<strong>Siemens<\/strong><\/span><\/span><\/p>\n<p style=\"text-align: justify;\">\u00a0<span class=\"wf_caption\" style=\"display: inline-table;\"><a href=\"http:\/\/elektrosystemy.pl\/wp-content\/uploads\/2017\/03\/03\/copy-of-elektroprodukt-2016-roku\/OI_2016.jpg\"><img loading=\"lazy\" class=\"aligncenter wp-image-22415 size-full\" src=\"http:\/\/elektrosystemy.pl\/wp-content\/uploads\/2017\/03\/03\/copy-of-elektroprodukt-2016-roku\/OI_2016.jpg\" width=\"750\" height=\"270\" srcset=\"https:\/\/elektrosystemy.pl\/wp-content\/uploads\/2017\/03\/03\/copy-of-elektroprodukt-2016-roku\/OI_2016.jpg 750w, https:\/\/elektrosystemy.pl\/wp-content\/uploads\/2017\/03\/03\/copy-of-elektroprodukt-2016-roku\/OI_2016-600x216.jpg 600w, https:\/\/elektrosystemy.pl\/wp-content\/uploads\/2017\/03\/03\/copy-of-elektroprodukt-2016-roku\/OI_2016-300x108.jpg 300w\" sizes=\"(max-width: 750px) 100vw, 750px\" \/><\/a><span style=\"max-width: 650px; text-align: center; background-color: #eeeeee; display: block;\">w kategorii OSPRZ\u0118T INSTALACYJNY zwyci\u0119\u017cy\u0142a\u00a0Seria narz\u0119dzi Next Generation<a href=\"http:\/\/elektroprodukt.com.pl\/#22\" target=\"_blank\"><br \/>\n<\/a>firmy <strong>Klauke<\/strong><\/span><\/span><\/p>\n<p style=\"text-align: justify;\">\u00a0<span class=\"wf_caption\" style=\"display: inline-table;\"><a href=\"http:\/\/elektrosystemy.pl\/wp-content\/uploads\/2017\/03\/03\/copy-of-elektroprodukt-2016-roku\/OP_2016.jpg\"><img loading=\"lazy\" class=\"aligncenter wp-image-22418 size-full\" src=\"http:\/\/elektrosystemy.pl\/wp-content\/uploads\/2017\/03\/03\/copy-of-elektroprodukt-2016-roku\/OP_2016.jpg\" width=\"750\" height=\"270\" srcset=\"https:\/\/elektrosystemy.pl\/wp-content\/uploads\/2017\/03\/03\/copy-of-elektroprodukt-2016-roku\/OP_2016.jpg 750w, https:\/\/elektrosystemy.pl\/wp-content\/uploads\/2017\/03\/03\/copy-of-elektroprodukt-2016-roku\/OP_2016-600x216.jpg 600w, https:\/\/elektrosystemy.pl\/wp-content\/uploads\/2017\/03\/03\/copy-of-elektroprodukt-2016-roku\/OP_2016-300x108.jpg 300w\" sizes=\"(max-width: 750px) 100vw, 750px\" \/><\/a><span style=\"max-width: 650px; text-align: center; background-color: #eeeeee; display: block;\">w kategorii OCHRONA PRZECIWPRZEPI\u0118CIOWA I ODGROMOWA<br \/>\nzwyci\u0119\u017cy\u0142y\u00a0Ograniczniki klasy T3 SPDT3<a href=\"http:\/\/elektroprodukt.com.pl\/#25\" target=\"_blank\"><br \/>\n<\/a>firmy <strong>Eaton Electric<\/strong><\/span><\/span><\/p>\n<p style=\"text-align: justify;\"><span class=\"wf_caption\" style=\"display: inline-table;\"><em><a href=\"http:\/\/elektrosystemy.pl\/wp-content\/uploads\/2017\/03\/03\/copy-of-elektroprodukt-2016-roku\/RE_2016.jpg\"><img loading=\"lazy\" class=\"aligncenter wp-image-22417 size-full\" src=\"http:\/\/elektrosystemy.pl\/wp-content\/uploads\/2017\/03\/03\/copy-of-elektroprodukt-2016-roku\/RE_2016.jpg\" width=\"750\" height=\"270\" srcset=\"https:\/\/elektrosystemy.pl\/wp-content\/uploads\/2017\/03\/03\/copy-of-elektroprodukt-2016-roku\/RE_2016.jpg 750w, https:\/\/elektrosystemy.pl\/wp-content\/uploads\/2017\/03\/03\/copy-of-elektroprodukt-2016-roku\/RE_2016-600x216.jpg 600w, https:\/\/elektrosystemy.pl\/wp-content\/uploads\/2017\/03\/03\/copy-of-elektroprodukt-2016-roku\/RE_2016-300x108.jpg 300w\" sizes=\"(max-width: 750px) 100vw, 750px\" \/><\/a><\/em><\/span> <span style=\"max-width: 650px; text-align: center; background-color: #eeeeee; display: block;\">w kategorii ROZDZIA\u0141 ENERGII<br \/>\nzwyci\u0119\u017cy\u0142a\u00a0Rozdzielnica TPM Kompakt firmy <strong>ZPUE<\/strong><\/span><\/p>\n<p style=\"text-align: justify;\"><span class=\"wf_caption\" style=\"display: inline-table;\"><em><a href=\"http:\/\/elektrosystemy.pl\/wp-content\/uploads\/2017\/03\/03\/copy-of-elektroprodukt-2016-roku\/SO_2016.jpg\"><img loading=\"lazy\" class=\"aligncenter wp-image-22419 size-full\" src=\"http:\/\/elektrosystemy.pl\/wp-content\/uploads\/2017\/03\/03\/copy-of-elektroprodukt-2016-roku\/SO_2016.jpg\" width=\"750\" height=\"270\" srcset=\"https:\/\/elektrosystemy.pl\/wp-content\/uploads\/2017\/03\/03\/copy-of-elektroprodukt-2016-roku\/SO_2016.jpg 750w, https:\/\/elektrosystemy.pl\/wp-content\/uploads\/2017\/03\/03\/copy-of-elektroprodukt-2016-roku\/SO_2016-600x216.jpg 600w, https:\/\/elektrosystemy.pl\/wp-content\/uploads\/2017\/03\/03\/copy-of-elektroprodukt-2016-roku\/SO_2016-300x108.jpg 300w\" sizes=\"(max-width: 750px) 100vw, 750px\" \/><\/a><\/em><\/span> <span style=\"max-width: 650px; text-align: center; background-color: #eeeeee; display: block;\">w kategorii SYSTEMY OCHRONY<br \/>\nzwyci\u0119\u017cy\u0142\u00a0Wideodomofon IP Eura IVP-01C7<br \/>\nfirmy <strong>Eura-Tech<\/strong><\/span><\/p>\n<p style=\"text-align: justify;\"><span class=\"wf_caption\" style=\"display: inline-table;\"><em><a href=\"http:\/\/elektrosystemy.pl\/wp-content\/uploads\/2017\/03\/03\/copy-of-elektroprodukt-2016-roku\/TS_2016.jpg\"><img loading=\"lazy\" class=\"aligncenter wp-image-22420 size-full\" src=\"http:\/\/elektrosystemy.pl\/wp-content\/uploads\/2017\/03\/03\/copy-of-elektroprodukt-2016-roku\/TS_2016.jpg\" width=\"750\" height=\"270\" srcset=\"https:\/\/elektrosystemy.pl\/wp-content\/uploads\/2017\/03\/03\/copy-of-elektroprodukt-2016-roku\/TS_2016.jpg 750w, https:\/\/elektrosystemy.pl\/wp-content\/uploads\/2017\/03\/03\/copy-of-elektroprodukt-2016-roku\/TS_2016-600x216.jpg 600w, https:\/\/elektrosystemy.pl\/wp-content\/uploads\/2017\/03\/03\/copy-of-elektroprodukt-2016-roku\/TS_2016-300x108.jpg 300w\" sizes=\"(max-width: 750px) 100vw, 750px\" \/><\/a><\/em><\/span> <span style=\"max-width: 650px; text-align: center; background-color: #eeeeee; display: block;\">w kategorii TECHNIKA \u015aWIETLNA<br \/>\nzwyci\u0119\u017cy\u0142\u00a0LED Retrofit Classic A60\u00a0firmy <strong>Osram<\/strong><br \/>\n<\/span><\/p>\n<p style=\"text-align: justify;\"><span class=\"wf_caption\" style=\"display: inline-table;\"><em><a href=\"http:\/\/elektrosystemy.pl\/wp-content\/uploads\/2017\/03\/03\/copy-of-elektroprodukt-2016-roku\/ZS_2016.jpg\"><img loading=\"lazy\" class=\"aligncenter wp-image-22421 size-full\" src=\"http:\/\/elektrosystemy.pl\/wp-content\/uploads\/2017\/03\/03\/copy-of-elektroprodukt-2016-roku\/ZS_2016.jpg\" width=\"750\" height=\"270\" srcset=\"https:\/\/elektrosystemy.pl\/wp-content\/uploads\/2017\/03\/03\/copy-of-elektroprodukt-2016-roku\/ZS_2016.jpg 750w, https:\/\/elektrosystemy.pl\/wp-content\/uploads\/2017\/03\/03\/copy-of-elektroprodukt-2016-roku\/ZS_2016-600x216.jpg 600w, https:\/\/elektrosystemy.pl\/wp-content\/uploads\/2017\/03\/03\/copy-of-elektroprodukt-2016-roku\/ZS_2016-300x108.jpg 300w\" sizes=\"(max-width: 750px) 100vw, 750px\" \/><\/a><\/em><\/span> <span style=\"max-width: 650px; text-align: center; background-color: #eeeeee; display: block;\">w kategorii ZASILANIE<br \/>\nzwyci\u0119\u017cy\u0142y Przetwornice pr\u0105du 24 V DC\/DC<br \/>\nfirmy <strong>Weidm\u00fcller<\/strong><\/span><\/p>\n<p style=\"text-align: justify;\"><a href=\"http:\/\/elektrosystemy.pl\/wp-content\/uploads\/2016\/10\/14\/elektroprodukt-2016-roku-lista-zgloszonych-produktow\/EP2016_zwyciezcy.jpg\" target=\"_blank\"><img loading=\"lazy\" class=\"aligncenter wp-image-22408\" style=\"color: inherit; font-variant: normal; font-stretch: normal; font-size: 15px; font-family: 'Helvetica Neue', Helvetica, Arial, sans-serif; font-style: inherit; font-weight: inherit; line-height: 1.625; height: auto; max-width: 97.5%; border: 1px solid #dddddd; padding: 6px; margin: 0.4em auto 1.625em; display: block; clear: both; outline: #72777c solid 1px; resize: none;\" src=\"http:\/\/elektrosystemy.pl\/wp-content\/uploads\/2016\/10\/14\/elektroprodukt-2016-roku-lista-zgloszonych-produktow\/EP2016_zwyciezcy.jpg\" width=\"750\" height=\"539\" srcset=\"https:\/\/elektrosystemy.pl\/wp-content\/uploads\/2016\/10\/14\/elektroprodukt-2016-roku-lista-zgloszonych-produktow\/EP2016_zwyciezcy.jpg 1200w, https:\/\/elektrosystemy.pl\/wp-content\/uploads\/2016\/10\/14\/elektroprodukt-2016-roku-lista-zgloszonych-produktow\/EP2016_zwyciezcy-600x432.jpg 600w, https:\/\/elektrosystemy.pl\/wp-content\/uploads\/2016\/10\/14\/elektroprodukt-2016-roku-lista-zgloszonych-produktow\/EP2016_zwyciezcy-300x216.jpg 300w, https:\/\/elektrosystemy.pl\/wp-content\/uploads\/2016\/10\/14\/elektroprodukt-2016-roku-lista-zgloszonych-produktow\/EP2016_zwyciezcy-768x552.jpg 768w, https:\/\/elektrosystemy.pl\/wp-content\/uploads\/2016\/10\/14\/elektroprodukt-2016-roku-lista-zgloszonych-produktow\/EP2016_zwyciezcy-1024x736.jpg 1024w\" sizes=\"(max-width: 750px) 100vw, 750px\" \/><\/a><\/p>\n<p style=\"text-align: justify;\"><span style=\"font-size: 8pt;\"><em>Marzec 2016<\/em><\/span><\/p>\n","protected":false},"excerpt":{"rendered":"<p>Po raz czternasty Czytelnicy magazynu Elektrosystemy wybrali najlepsze wyroby elektrotechniczne roku. Tym razem w 12 kategoriach rywalizowa\u0142y 123 produkty. Do redakcji nap\u0142yn\u0119\u0142o \u0142\u0105cznie 21 887 g\u0142os\u00f3w na 3 876 kartach konkursowych. w kategorii APARATURA MODU\u0141OWA zwyci\u0119\u017cy\u0142 Roz\u0142\u0105cznik izolacyjny Ex9BI firmy Noark Electric w kategorii AUTOMATYKA zwyci\u0119\u017cy\u0142 System Proficloud firmy Phoenix Contact w kategorii INTELIGENTNY BUDYNEK&hellip;<\/p>\n","protected":false},"author":2,"featured_media":22625,"parent":0,"menu_order":0,"comment_status":"closed","ping_status":"open","template":"","meta":[],"_links":{"self":[{"href":"https:\/\/elektrosystemy.pl\/index.php?rest_route=\/wp\/v2\/pages\/22399"}],"collection":[{"href":"https:\/\/elektrosystemy.pl\/index.php?rest_route=\/wp\/v2\/pages"}],"about":[{"href":"https:\/\/elektrosystemy.pl\/index.php?rest_route=\/wp\/v2\/types\/page"}],"author":[{"embeddable":true,"href":"https:\/\/elektrosystemy.pl\/index.php?rest_route=\/wp\/v2\/users\/2"}],"replies":[{"embeddable":true,"href":"https:\/\/elektrosystemy.pl\/index.php?rest_route=%2Fwp%2Fv2%2Fcomments&post=22399"}],"version-history":[{"count":8,"href":"https:\/\/elektrosystemy.pl\/index.php?rest_route=\/wp\/v2\/pages\/22399\/revisions"}],"predecessor-version":[{"id":22626,"href":"https:\/\/elektrosystemy.pl\/index.php?rest_route=\/wp\/v2\/pages\/22399\/revisions\/22626"}],"wp:featuredmedia":[{"embeddable":true,"href":"https:\/\/elektrosystemy.pl\/index.php?rest_route=\/wp\/v2\/media\/22625"}],"wp:attachment":[{"href":"https:\/\/elektrosystemy.pl\/index.php?rest_route=%2Fwp%2Fv2%2Fmedia&parent=22399"}],"curies":[{"name":"wp","href":"https:\/\/api.w.org\/{rel}","templated":true}]}}