{"id":22657,"date":"2017-03-31T12:57:53","date_gmt":"2017-03-31T10:57:53","guid":{"rendered":"http:\/\/elektrosystemy.pl\/?page_id=22657"},"modified":"2019-04-13T20:12:47","modified_gmt":"2019-04-13T18:12:47","slug":"marzec-2017","status":"publish","type":"page","link":"https:\/\/elektrosystemy.pl\/?page_id=22657","title":{"rendered":"MARZEC 2017"},"content":{"rendered":"<p><span style=\"font-size: 12pt;\"><a href=\"http:\/\/elektrosystemy.pl\/wp-content\/uploads\/2016\/02\/01\/najnowsze-wydanie-luty-2015\/ES_03_2017_spis.jpg\"><img loading=\"lazy\" class=\"alignleft wp-image-22394\" src=\"http:\/\/elektrosystemy.pl\/wp-content\/uploads\/2016\/02\/01\/najnowsze-wydanie-luty-2015\/ES_03_2017_spis.jpg\" width=\"750\" height=\"541\" srcset=\"https:\/\/elektrosystemy.pl\/wp-content\/uploads\/2016\/02\/01\/najnowsze-wydanie-luty-2015\/ES_03_2017_spis.jpg 1024w, https:\/\/elektrosystemy.pl\/wp-content\/uploads\/2016\/02\/01\/najnowsze-wydanie-luty-2015\/ES_03_2017_spis-600x433.jpg 600w, https:\/\/elektrosystemy.pl\/wp-content\/uploads\/2016\/02\/01\/najnowsze-wydanie-luty-2015\/ES_03_2017_spis-300x217.jpg 300w, https:\/\/elektrosystemy.pl\/wp-content\/uploads\/2016\/02\/01\/najnowsze-wydanie-luty-2015\/ES_03_2017_spis-768x554.jpg 768w\" sizes=\"(max-width: 750px) 100vw, 750px\" \/><\/a><\/span><\/p>\n<p><span style=\"font-size: 12pt;\"><a href=\"http:\/\/elektrosystemy.pl\/wp-content\/uploads\/2016\/02\/01\/najnowsze-wydanie-luty-2015\/OkladkaES_03_2017.jpg\"><img loading=\"lazy\" class=\"alignleft wp-image-22395 size-medium\" src=\"http:\/\/elektrosystemy.pl\/wp-content\/uploads\/2016\/02\/01\/najnowsze-wydanie-luty-2015\/OkladkaES_03_2017-209x300.jpg\" width=\"209\" height=\"300\" srcset=\"https:\/\/elektrosystemy.pl\/wp-content\/uploads\/2016\/02\/01\/najnowsze-wydanie-luty-2015\/OkladkaES_03_2017-209x300.jpg 209w, https:\/\/elektrosystemy.pl\/wp-content\/uploads\/2016\/02\/01\/najnowsze-wydanie-luty-2015\/OkladkaES_03_2017.jpg 500w\" sizes=\"(max-width: 209px) 100vw, 209px\" \/><\/a><\/span><\/p>\n<p><span style=\"color: #ffffff; background-color: #d2232a;\"><strong>ELEKTROPRODUKT 2016 ROKU: <\/strong><\/span><br \/>\n<span style=\"font-size: 12pt;\"><b>10<\/b>\u00a0<strong>ELEKTROPRODUKT 2016 ROKU:<\/strong><\/span><br \/>\n<span style=\"font-size: 12pt;\">Poznali\u015bmy zwyci\u0119zc\u00f3w czternastej edycji plebiscytu<\/span><\/p>\n<p><span style=\"color: #ffffff; background-color: #ff0000;\"><strong>\u00a0AKTUALNO\u015aCI <\/strong><\/span><br \/>\n<span style=\"font-size: 12pt;\"><b>10<\/b>\u00a0<strong>Indeks koniunktury ELEKTROSYSTEM\u00d3W<\/strong><\/span><br \/>\n<span style=\"font-size: 12pt;\">Pocz\u0105tek roku na sporym minusie<\/span><br \/>\n<span style=\"font-size: 12pt;\"> <b>18<\/b>\u00a0<strong>Gie\u0142dowy Indeks ELEKTROSYSTEM\u00d3W<\/strong><\/span><br \/>\n<span style=\"font-size: 12pt;\">Kolejny miesi\u0105c solidnych zwy\u017cek na gie\u0142dzie<\/span><br \/>\n<span style=\"font-size: 12pt;\"><strong>20<\/strong>\u00a0Produkcja wybranych artyku\u0142\u00f3w elektrotechnicznych \u2013 XII 20166<\/span><br \/>\n<span style=\"font-size: 12pt;\"><strong>24<\/strong>\u00a0Grodno zapowiada kolejne przej\u0119cia<\/span><br \/>\n<span style=\"font-size: 12pt;\"><strong>25<\/strong>\u00a0Kaczmarek Electric notuje rekordowe przychody<\/span><br \/>\n<span style=\"font-size: 12pt;\"><strong>26<\/strong>\u00a0GE strategicznym partnerem Polski w rozwoju gospodarki<\/span><br \/>\n<span style=\"font-size: 12pt;\"><strong>27<\/strong>\u00a0Qumak i Promar tworz\u0105 produkt z zakresu IoT \u00a0<\/span><br \/>\n<span style=\"font-size: 12pt;\"><strong>28<\/strong>\u00a0Vigo System i WEG tworz\u0105 inkubator dla startup\u00f3w\u00a0<\/span><br \/>\n<span style=\"font-size: 12pt;\"><strong>29<\/strong> CO-Unity wprowadza LED-y marki Toshiba na polski rynek<\/span><br \/>\n<span style=\"font-size: 12pt;\"><strong>29<\/strong>\u00a0WZI w Poznaniu \u017c\u0105da od Elektrotimu 1,95 mln z\u0142\u00a0<\/span><br \/>\n<span style=\"font-size: 12pt;\"><strong>30<\/strong>\u00a0Elektrobudowa planuje 51,1 mln z\u0142 zysku grupy<\/span><br \/>\n<span style=\"font-size: 12pt;\"><strong>30<\/strong>\u00a0TIM w 2016 roku mia\u0142 620 mln z\u0142 przychod\u00f3w<\/span><br \/>\n<span style=\"font-size: 12pt;\"><strong>31<\/strong> Siemens zako\u0144czy\u0142 inwestycj\u0119 za 562 mln z\u0142<br \/>\n<strong>31<\/strong>\u00a0Agrotour zmienia nazw\u0119 na Remor Solar Polska<br \/>\n<strong>32<\/strong>\u00a0Sp\u00f3\u0142ki energetyczne obj\u0119\u0142y akcje Polimeksu-Mostostal<br \/>\n<strong>32<\/strong>\u00a0Elester-PKP wdro\u017cy\u0142 system klasy ERP<br \/>\n<\/span><span style=\"font-size: 12pt;\"><strong>33<\/strong> GSG Towers zbuduje trafostacj\u0119 na farm\u0119 Hornsea<br \/>\n<strong>33<\/strong>\u00a023-25 maja w Poznaniu odb\u0119d\u0105 si\u0119 targi Expopower<br \/>\n<strong>34<\/strong> NCBJ zawiera porozumienie z X-energy<br \/>\n<strong>34<\/strong> Turbina GE w drodze do elektrowni PGE w Opolu\u00a0<\/span><span style=\"font-size: 12pt;\"><br \/>\n<\/span><\/p>\n<p><span style=\"font-size: 12pt;\"><b style=\"font-size: 12pt;\"><\/b><strong style=\"font-size: 12pt;\"><span style=\"color: #ffffff; background-color: #45aec5;\">\u00a0AUTOMATYKA\u00a0<\/span><br \/>\n<\/strong><b style=\"font-size: 12pt;\">36<\/b>\u00a0Optymalizacja proces\u00f3w w firmie Phoenix Contact \u2013 case study<br \/>\n<b style=\"font-size: 12pt;\">40<\/b> Aparatura sygnalizacyjna i steruj\u0105ca firmy Noark Electric<br \/>\n<strong style=\"font-size: 12pt;\"><span style=\"color: #ffffff; background-color: #e7c68c;\"> INTELIGENTNY BUDYNEK<br \/>\n<\/span><\/strong><b style=\"font-size: 12pt;\">43<\/b>\u00a0Automatyka budynkowa w oparciu o przeka\u017aniki PLC firmy Relpol<br \/>\n<b style=\"font-size: 12pt;\">46<\/b>\u00a0Inteligentny dom Exta Life firmy Zamel<br \/>\n<\/span><\/p>\n<p>&nbsp;<\/p>\n<p><span style=\"font-size: 12pt;\"><b style=\"font-size: 12pt;\"><\/b><strong style=\"font-size: 12pt;\"><span style=\"color: #ffffff; background-color: #00a2a4;\">\u00a0OSPRZ\u0118T INSTALACYJNY\u00a0<\/span><br \/>\n<\/strong><b style=\"font-size: 12pt;\">48<\/b>\u00a0Rozdzielnice MSF firmy Elektro-Plast Nasielsk<br \/>\n<b style=\"font-size: 12pt;\">50<\/b>\u00a0Program do znakowania Promark Creator firmy Partex<br \/>\n<b style=\"font-size: 12pt;\">52<\/b>\u00a0Seria osprz\u0119tu Carla firmy Elektro-Plast Nasielsk<br \/>\n<b style=\"font-size: 12pt;\">54<\/b>\u00a0System obud\u00f3w Solid GSX dla rozdzielnic nn<br \/>\n<b style=\"font-size: 12pt;\">58<\/b>\u00a0Uniwersalny system opisowy Weidm\u00fcller MultiMark<br \/>\n<b>62<\/b> Oznakowanie przewod\u00f3w i urz\u0105dze\u0144<\/span><\/p>\n<p><span style=\"font-size: 12pt;\"><strong><span style=\"color: #ffffff; background-color: #caa082;\"><span style=\"color: #ffffff; background-color: #ea802c;\">\u00a0APARATURA \u0141\u0104CZENIOWA\u00a0<\/span><br \/>\n<\/span><\/strong><b>68<\/b>\u00a0\u0141\u0105czniki kra\u0144cowe typu AP1V\u2026J02 firmy Pok\u00f3j<\/span><\/p>\n<p><strong><span style=\"color: #ffffff; background-color: #caa082;\"><span style=\"color: #ffffff; background-color: #caa082;\">\u00a0APARATY ZABEZPIECZAJ\u0104CE\u00a0<\/span><\/span><\/strong><\/p>\n<p><span style=\"font-size: 12pt;\"><b>71<\/b>\u00a0Roz\u0142\u0105cznik bezpiecznikowy Eaton XNH<\/span><\/p>\n<p><strong><span style=\"color: #ffffff; background-color: #caa082;\"><span style=\"color: #ffffff; background-color: #cc6a2d;\">\u00a0MIERNICTWO\u00a0<\/span><\/span><\/strong><\/p>\n<p><span style=\"font-size: 12pt;\"><b>72<\/b>\u00a0Urz\u0105dzenia pomiarowe Fluke w ofercie Wiosna 2017<\/span><span style=\"font-size: 12pt;\"><strong><br \/>\n<\/strong><\/span><\/p>\n<p><span style=\"font-size: 12pt;\"><strong><span style=\"color: #ffffff; background-color: #caa082;\"><span style=\"color: #ffffff; background-color: #c74a46;\">\u00a0KABLE I PRZEWODY\u00a0<\/span><br \/>\n<\/span><\/strong><b>74<\/b>\u00a0Rozwi\u0105zania Lapp Kabel do pracy w ekstremalnych warunkach<\/span><span style=\"font-size: 12pt;\"><strong><br \/>\n<\/strong><\/span><\/p>\n<p><strong style=\"font-size: 12pt;\"><span style=\"color: #ffffff; background-color: #caa082;\"><span style=\"color: #ffffff; background-color: #007dc5;\">\u00a0ZASILANIE\u00a0<\/span><br \/>\n<\/span><\/strong><b>78<\/b><span style=\"font-size: 12pt;\"> Zasilacze Weidm\u00fcller PROtop do wymagaj\u0105cych zastosowa\u0144<\/span><span style=\"font-size: 12pt;\"><strong><br \/>\n<\/strong><\/span><\/p>\n<p><span style=\"font-size: 12pt;\"><strong><span style=\"color: #ffffff; background-color: #caa082;\"><span style=\"color: #ffffff; background-color: #b191af;\">\u00a0PRZETARGI I INWESTYCJE\u00a0<\/span><br \/>\n<\/span><\/strong><b>82<\/b>\u00a0Planowane inwestycje<\/span><br \/>\n<span style=\"font-size: 12pt;\"><b>90<\/b>\u00a0Przetargi w bran\u017cy elektrotechnicznej i energetycznej<strong><br \/>\n<\/strong><\/span><\/p>\n<p>&nbsp;<\/p>\n<h4><\/h4>\n","protected":false},"excerpt":{"rendered":"<p>ELEKTROPRODUKT 2016 ROKU: 10\u00a0ELEKTROPRODUKT 2016 ROKU: Poznali\u015bmy zwyci\u0119zc\u00f3w czternastej edycji plebiscytu \u00a0AKTUALNO\u015aCI 10\u00a0Indeks koniunktury ELEKTROSYSTEM\u00d3W Pocz\u0105tek roku na sporym minusie 18\u00a0Gie\u0142dowy Indeks ELEKTROSYSTEM\u00d3W Kolejny miesi\u0105c solidnych zwy\u017cek na gie\u0142dzie 20\u00a0Produkcja wybranych artyku\u0142\u00f3w elektrotechnicznych \u2013 XII 20166 24\u00a0Grodno zapowiada kolejne przej\u0119cia 25\u00a0Kaczmarek Electric notuje rekordowe przychody 26\u00a0GE strategicznym partnerem Polski w rozwoju gospodarki 27\u00a0Qumak i Promar&hellip;<\/p>\n","protected":false},"author":2,"featured_media":0,"parent":21940,"menu_order":3,"comment_status":"closed","ping_status":"closed","template":"","meta":[],"_links":{"self":[{"href":"https:\/\/elektrosystemy.pl\/index.php?rest_route=\/wp\/v2\/pages\/22657"}],"collection":[{"href":"https:\/\/elektrosystemy.pl\/index.php?rest_route=\/wp\/v2\/pages"}],"about":[{"href":"https:\/\/elektrosystemy.pl\/index.php?rest_route=\/wp\/v2\/types\/page"}],"author":[{"embeddable":true,"href":"https:\/\/elektrosystemy.pl\/index.php?rest_route=\/wp\/v2\/users\/2"}],"replies":[{"embeddable":true,"href":"https:\/\/elektrosystemy.pl\/index.php?rest_route=%2Fwp%2Fv2%2Fcomments&post=22657"}],"version-history":[{"count":1,"href":"https:\/\/elektrosystemy.pl\/index.php?rest_route=\/wp\/v2\/pages\/22657\/revisions"}],"predecessor-version":[{"id":22658,"href":"https:\/\/elektrosystemy.pl\/index.php?rest_route=\/wp\/v2\/pages\/22657\/revisions\/22658"}],"up":[{"embeddable":true,"href":"https:\/\/elektrosystemy.pl\/index.php?rest_route=\/wp\/v2\/pages\/21940"}],"wp:attachment":[{"href":"https:\/\/elektrosystemy.pl\/index.php?rest_route=%2Fwp%2Fv2%2Fmedia&parent=22657"}],"curies":[{"name":"wp","href":"https:\/\/api.w.org\/{rel}","templated":true}]}}