{"id":23636,"date":"2017-05-04T15:03:06","date_gmt":"2017-05-04T13:03:06","guid":{"rendered":"http:\/\/elektrosystemy.pl\/?page_id=23636"},"modified":"2019-04-13T20:22:34","modified_gmt":"2019-04-13T18:22:34","slug":"kwiecien-2017","status":"publish","type":"page","link":"https:\/\/elektrosystemy.pl\/?page_id=23636","title":{"rendered":"KWIECIE\u0143 2017"},"content":{"rendered":"<p><span style=\"font-size: 12pt;\"><a href=\"http:\/\/elektrosystemy.pl\/wp-content\/uploads\/2016\/02\/01\/najnowsze-wydanie-luty-2015\/ES_04_2017_spis.jpg\"><img loading=\"lazy\" class=\"alignleft wp-image-22830\" src=\"http:\/\/elektrosystemy.pl\/wp-content\/uploads\/2016\/02\/01\/najnowsze-wydanie-luty-2015\/ES_04_2017_spis.jpg\" alt=\"\" width=\"750\" height=\"541\" srcset=\"https:\/\/elektrosystemy.pl\/wp-content\/uploads\/2016\/02\/01\/najnowsze-wydanie-luty-2015\/ES_04_2017_spis.jpg 1024w, https:\/\/elektrosystemy.pl\/wp-content\/uploads\/2016\/02\/01\/najnowsze-wydanie-luty-2015\/ES_04_2017_spis-600x433.jpg 600w, https:\/\/elektrosystemy.pl\/wp-content\/uploads\/2016\/02\/01\/najnowsze-wydanie-luty-2015\/ES_04_2017_spis-300x217.jpg 300w, https:\/\/elektrosystemy.pl\/wp-content\/uploads\/2016\/02\/01\/najnowsze-wydanie-luty-2015\/ES_04_2017_spis-768x554.jpg 768w\" sizes=\"(max-width: 750px) 100vw, 750px\" \/><\/a><\/span><\/p>\n<p><span style=\"font-size: 12pt;\"><a href=\"http:\/\/elektrosystemy.pl\/wp-content\/uploads\/2016\/02\/01\/najnowsze-wydanie-luty-2015\/OkladkaES_04_2017.jpg\"><img loading=\"lazy\" class=\"alignleft wp-image-22831 size-medium\" src=\"http:\/\/elektrosystemy.pl\/wp-content\/uploads\/2016\/02\/01\/najnowsze-wydanie-luty-2015\/OkladkaES_04_2017-210x300.jpg\" alt=\"\" width=\"210\" height=\"300\" srcset=\"https:\/\/elektrosystemy.pl\/wp-content\/uploads\/2016\/02\/01\/najnowsze-wydanie-luty-2015\/OkladkaES_04_2017-210x300.jpg 210w, https:\/\/elektrosystemy.pl\/wp-content\/uploads\/2016\/02\/01\/najnowsze-wydanie-luty-2015\/OkladkaES_04_2017.jpg 500w\" sizes=\"(max-width: 210px) 100vw, 210px\" \/><\/a><\/span><\/p>\n<p>&nbsp;<\/p>\n<p><span style=\"color: #ffffff; background-color: #ff0000;\"><strong><span style=\"font-size: 12pt;\">\u00a0AKTUALNO\u015aCI<\/span> <\/strong><\/span><br \/>\n<span style=\"font-size: 12pt;\"><b>14<\/b>\u00a0<strong>Indeks koniunktury ELEKTROSYSTEM\u00d3W<\/strong><\/span><br \/>\n<span style=\"font-size: 12pt;\">Nastroje w bran\u017cy mniej pesymistyczne<\/span><br \/>\n<span style=\"font-size: 12pt;\"> <b>16<\/b>\u00a0<strong>Gie\u0142dowy Indeks ELEKTROSYSTEM\u00d3W<\/strong><\/span><br \/>\n<span style=\"font-size: 12pt;\">Gie\u0142dowe sp\u00f3\u0142ki pozostaj\u0105 w trendzie wzrostowym<\/span><br \/>\n<span style=\"font-size: 12pt;\"><strong>18<\/strong>\u00a0Produkcja wybranych artyku\u0142\u00f3w elektrotechnicznych \u2013\u00a0I 2017<\/span><br \/>\n<span style=\"font-size: 12pt;\"><strong>19<\/strong> Apator przewiduje dalsze wzrosty w 2017 r.<\/span><br \/>\n<span style=\"font-size: 12pt;\"><strong>20<\/strong> Philips Lighting rozwija inteligentne miasta<\/span><br \/>\n<span style=\"font-size: 12pt;\"><strong>21<\/strong> Hurtownie elektrotechniczne\u00a0po\u0142\u0105czy\u0142y si\u0142y<\/span><br \/>\n<span style=\"font-size: 12pt;\"><strong>22<\/strong> Relpol w 2016 r. mia\u0142 114,4 mln z\u0142 przychod\u00f3w \u00a0<\/span><br \/>\n<span style=\"font-size: 12pt;\"><strong>23<\/strong> Energa O\u015bwietlenie montuje<br \/>\nna Pomorzu 18 tys. lamp LED\u00a0<\/span><br \/>\n<span style=\"font-size: 12pt;\"><strong>24<\/strong> SHE zaprasza na 62 Konwencj\u0119 EUEW<\/span><br \/>\n<span style=\"font-size: 12pt;\"><strong>25<\/strong> Elektrotim po raz dziesi\u0105ty szuka m\u0142odych pasjonat\u00f3w\u00a0<\/span><br \/>\n<span style=\"font-size: 12pt;\"><strong>26<\/strong> XTPL osi\u0105ga kolejny prze\u0142om w pracach R&amp;D<\/span><br \/>\n<span style=\"font-size: 12pt;\"><strong>27<\/strong> ABB zainstaluje system\u00a0sterowania w EC Zabrze<\/span><br \/>\n<span style=\"font-size: 12pt;\"><strong>27<\/strong> Aplisens do 2019 r. zainwestuje 43,5 mln z\u0142<br \/>\n<strong>28<\/strong> MLS zosta\u0142 w\u0142a\u015bcicielem Ledvance<br \/>\n<strong>28<\/strong> Phoenix Contact organizuje\u00a0konkurs dla automatyk\u00f3w<br \/>\n<strong>29<\/strong> Ekoenergetyka na\u0142aduje\u00a0e-autobusy w Krakowie<br \/>\n<\/span><span style=\"font-size: 12pt;\"><strong>29<\/strong> Elektromonta\u017c Wsch\u00f3d\u00a0przejmuje udzia\u0142y w BPIE<br \/>\n<strong>30<\/strong> GE zapewni cyfryzacj\u0119 250 lokomotyw DB Cargo<br \/>\n<strong>30<\/strong> Orlen zamontuje turbiny wiatrowe na stacjach paliw<\/span><span style=\"font-size: 12pt;\"><br \/>\n<\/span><\/p>\n<p><span style=\"font-size: 12pt;\"><b style=\"font-size: 12pt;\"><\/b><strong style=\"font-size: 12pt;\"><span style=\"color: #ffffff; background-color: #8bc751;\">\u00a0WYWIAD\u00a0<\/span><br \/>\n<\/strong><b style=\"font-size: 12pt;\">32<\/b>\u00a0<strong>Rozmowa z Endre Espeseth, prezesem zarz\u0105du firmy Onninen Polska<\/strong><\/span><\/p>\n<p><span style=\"font-size: 12pt;\"><strong style=\"font-size: 12pt;\"><span style=\"color: #ffffff; background-color: #f47a63;\">\u00a0OCHRONA PRZECIWPRZEPI\u0118CIOWA I ODGROMOWA<br \/>\n<\/span><\/strong><b style=\"font-size: 12pt;\">36<\/b>\u00a0Nowa wersja oprogramowania Elko-Bis CAD<\/span><br \/>\n<span style=\"font-size: 12pt;\"> <b style=\"font-size: 12pt;\">40<\/b> Ograniczniki Citel do ochrony latarni LED<\/span><br \/>\n<span style=\"font-size: 12pt;\"> <b style=\"font-size: 12pt;\">42<\/b>\u00a0Uniwersalne ograniczniki OBO Bettermann<\/span><br \/>\n<span style=\"font-size: 12pt;\"> <b style=\"font-size: 12pt;\">44<\/b> Ograniczniki SEC typ 1, typ 2, typ 1+2, typ 3\u00a0firmy Phoenix Contact<\/span><br \/>\n<span style=\"font-size: 12pt;\"> <b style=\"font-size: 12pt;\">46<\/b> Kompozytowy maszt odgromowy<\/span><\/p>\n<p><span style=\"font-size: 12pt;\"><strong style=\"font-size: 12pt;\"><span style=\"color: #ffffff; background-color: #00a2a4;\">\u00a0OSPRZ\u0118T INSTALACYJNY\u00a0<\/span><br \/>\n<\/strong><b style=\"font-size: 12pt;\">47<\/b> Znakowarka laserowa Arex 20MW z oferty firmy Eltron<br \/>\n<b style=\"font-size: 12pt;\">52<\/b> Systemowe centra danych Rittal na targach CeBIT 2017<\/span><\/p>\n<p><span style=\"font-size: 12pt;\"><strong><span style=\"color: #ffffff; background-color: #caa082;\"><span style=\"color: #ffffff; background-color: #caa082;\">\u00a0APARATY ZABEZPIECZAJ\u0104CE<br \/>\n<\/span><\/span><\/strong><b>54<\/b>\u00a0Zabezpieczenie przeciwpo\u017carowe DAFDD firmy Doepke<\/span><\/p>\n<p><span style=\"font-size: 12pt;\"><strong><span style=\"color: #ffffff; background-color: #caa082;\"><span style=\"color: #ffffff; background-color: #cc6a2d;\">\u00a0MIERNICTWO<br \/>\n<\/span><\/span><\/strong><b>56<\/b> Kamery termowizyjne serii Exx firmy Flir<br \/>\n<b>58<\/b>\u00a0C\u0119gowy miernik rezystancji uziemienia Fluke 1630-2 FC<strong><br \/>\n<\/strong><\/span><\/p>\n<p><span style=\"font-size: 12pt;\"><strong><span style=\"color: #ffffff; background-color: #caa082;\"><span style=\"color: #ffffff; background-color: #fdd800;\">\u00a0TECHNIKA \u015aWIETLNA\u00a0<\/span><br \/>\n<\/span><\/strong><b>60<\/b> Liniowy system o\u015bwietleniowy LED\u00a0Philips Maxos fusion<br \/>\n<b>62<\/b> Oprawy Ledvance LED \u2013 rodzaje i zastosowania<strong><br \/>\n<\/strong><\/span><\/p>\n<p><span style=\"font-size: 12pt;\"><strong><span style=\"color: #ffffff; background-color: #caa082;\"><span style=\"color: #ffffff; background-color: #c74a46;\">\u00a0KABLE I PRZEWODY\u00a0<\/span><br \/>\n<\/span><\/strong><b>66<\/b> Produkty Lapp Kabel w systemie radiolokacji WERA<strong><br \/>\n<\/strong><\/span><\/p>\n<p><span style=\"font-size: 12pt;\"><strong style=\"font-size: 12pt;\"><span style=\"color: #ffffff; background-color: #caa082;\"><span style=\"color: #ffffff; background-color: #007dc5;\">\u00a0ZASILANIE\u00a0<\/span><br \/>\n<\/span><\/strong><b>68<\/b> Platforma 3DExperience \u2013 walidacja produktu w rzeczywisto\u015bci wirtualnej<br \/>\n<b>70<\/b> Zasilacze impulsowe i modu\u0142y do zasilaczy firmy Relpol<strong><br \/>\n<\/strong><\/span><\/p>\n<p><span style=\"font-size: 12pt;\"><strong><span style=\"color: #ffffff; background-color: #caa082;\"><span style=\"color: #ffffff; background-color: #b191af;\">\u00a0PRZETARGI I INWESTYCJE\u00a0<\/span><br \/>\n<\/span><\/strong><b>74<\/b>\u00a0Planowane inwestycje<\/span><br \/>\n<span style=\"font-size: 12pt;\"> <b>76<\/b>\u00a0Przetargi w bran\u017cy elektrotechnicznej i energetycznej<strong><br \/>\n<\/strong><\/span><\/p>\n<p><span style=\"font-size: 12pt;\"><strong><span style=\"color: #ffffff; background-color: #caa082;\"><span style=\"color: #ffffff; background-color: #b191af;\">\u00a0WYDARZENIA\u00a0<\/span><br \/>\n<\/span><\/strong><b>86<\/b> Relacje z targ\u00f3w, wydarze\u0144, spotka\u0144 bran\u017cowych<\/span><\/p>\n<h4><span style=\"font-size: 12pt;\"><strong>Dodatek:\u00a0&#8220;OCHRONA PRZECIWPRZEPI\u0118CIOWA I ODGROMOWA&#8221;<\/strong><\/span><\/h4>\n<p><span style=\"font-size: 12pt;\"><a href=\"http:\/\/elektrosystemy.pl\/wp-content\/uploads\/2016\/02\/01\/najnowsze-wydanie-luty-2015\/Okladka_DOD_OPIO_04_2017.jpg\"><img loading=\"lazy\" class=\"alignleft wp-image-22838 size-medium\" src=\"http:\/\/elektrosystemy.pl\/wp-content\/uploads\/2016\/02\/01\/najnowsze-wydanie-luty-2015\/Okladka_DOD_OPIO_04_2017-200x300.jpg\" alt=\"\" width=\"200\" height=\"300\" srcset=\"https:\/\/elektrosystemy.pl\/wp-content\/uploads\/2016\/02\/01\/najnowsze-wydanie-luty-2015\/Okladka_DOD_OPIO_04_2017-200x300.jpg 200w, https:\/\/elektrosystemy.pl\/wp-content\/uploads\/2016\/02\/01\/najnowsze-wydanie-luty-2015\/Okladka_DOD_OPIO_04_2017.jpg 500w\" sizes=\"(max-width: 200px) 100vw, 200px\" \/><\/a><strong style=\"font-size: 12pt;\">4<\/strong> Rynek liczy na odbicie po ubieg\u0142orocznym spadku<\/span><br \/>\n<span style=\"font-size: 12pt;\"><b>16 <\/b>Ochrona przeciwprzepi\u0119ciowa \u2013 wybrane zagadnienia<\/span><br \/>\n<span style=\"font-size: 12pt;\"> <b>20 <\/b>Ograniczniki przepi\u0119\u0107 nn \u2013 przegl\u0105d oferty Rynkowej<\/span><br \/>\n<span style=\"font-size: 12pt;\"> <b>26\u00a0<\/b>Ochrona odgromowa i przeciwprzepi\u0119ciowa<br \/>\nsystem\u00f3w fotowoltaicznych<\/span><br \/>\n<span style=\"font-size: 12pt;\"><b>30\u00a0<\/b>Zewn\u0119trzna ochrona odgromowa obiekt\u00f3w \u00a0budowlanych<\/span><\/p>\n","protected":false},"excerpt":{"rendered":"<p>&nbsp; \u00a0AKTUALNO\u015aCI 14\u00a0Indeks koniunktury ELEKTROSYSTEM\u00d3W Nastroje w bran\u017cy mniej pesymistyczne 16\u00a0Gie\u0142dowy Indeks ELEKTROSYSTEM\u00d3W Gie\u0142dowe sp\u00f3\u0142ki pozostaj\u0105 w trendzie wzrostowym 18\u00a0Produkcja wybranych artyku\u0142\u00f3w elektrotechnicznych \u2013\u00a0I 2017 19 Apator przewiduje dalsze wzrosty w 2017 r. 20 Philips Lighting rozwija inteligentne miasta 21 Hurtownie elektrotechniczne\u00a0po\u0142\u0105czy\u0142y si\u0142y 22 Relpol w 2016 r. mia\u0142 114,4 mln z\u0142 przychod\u00f3w \u00a0 23&hellip;<\/p>\n","protected":false},"author":2,"featured_media":0,"parent":21940,"menu_order":4,"comment_status":"closed","ping_status":"closed","template":"","meta":[],"_links":{"self":[{"href":"https:\/\/elektrosystemy.pl\/index.php?rest_route=\/wp\/v2\/pages\/23636"}],"collection":[{"href":"https:\/\/elektrosystemy.pl\/index.php?rest_route=\/wp\/v2\/pages"}],"about":[{"href":"https:\/\/elektrosystemy.pl\/index.php?rest_route=\/wp\/v2\/types\/page"}],"author":[{"embeddable":true,"href":"https:\/\/elektrosystemy.pl\/index.php?rest_route=\/wp\/v2\/users\/2"}],"replies":[{"embeddable":true,"href":"https:\/\/elektrosystemy.pl\/index.php?rest_route=%2Fwp%2Fv2%2Fcomments&post=23636"}],"version-history":[{"count":1,"href":"https:\/\/elektrosystemy.pl\/index.php?rest_route=\/wp\/v2\/pages\/23636\/revisions"}],"predecessor-version":[{"id":23637,"href":"https:\/\/elektrosystemy.pl\/index.php?rest_route=\/wp\/v2\/pages\/23636\/revisions\/23637"}],"up":[{"embeddable":true,"href":"https:\/\/elektrosystemy.pl\/index.php?rest_route=\/wp\/v2\/pages\/21940"}],"wp:attachment":[{"href":"https:\/\/elektrosystemy.pl\/index.php?rest_route=%2Fwp%2Fv2%2Fmedia&parent=23636"}],"curies":[{"name":"wp","href":"https:\/\/api.w.org\/{rel}","templated":true}]}}