{"id":23950,"date":"2017-06-01T10:31:44","date_gmt":"2017-06-01T08:31:44","guid":{"rendered":"http:\/\/elektrosystemy.pl\/?page_id=23950"},"modified":"2019-04-13T20:12:17","modified_gmt":"2019-04-13T18:12:17","slug":"maj-2017","status":"publish","type":"page","link":"https:\/\/elektrosystemy.pl\/?page_id=23950","title":{"rendered":"MAJ 2017"},"content":{"rendered":"<p><span style=\"font-size: 12pt;\"><a href=\"http:\/\/elektrosystemy.pl\/wp-content\/uploads\/2016\/02\/01\/najnowsze-wydanie-luty-2015\/ES_05_2017_spis.jpg\"><img loading=\"lazy\" class=\"aligncenter wp-image-23661\" src=\"http:\/\/elektrosystemy.pl\/wp-content\/uploads\/2016\/02\/01\/najnowsze-wydanie-luty-2015\/ES_05_2017_spis.jpg\" alt=\"\" width=\"750\" height=\"541\" srcset=\"https:\/\/elektrosystemy.pl\/wp-content\/uploads\/2016\/02\/01\/najnowsze-wydanie-luty-2015\/ES_05_2017_spis.jpg 1024w, https:\/\/elektrosystemy.pl\/wp-content\/uploads\/2016\/02\/01\/najnowsze-wydanie-luty-2015\/ES_05_2017_spis-600x433.jpg 600w, https:\/\/elektrosystemy.pl\/wp-content\/uploads\/2016\/02\/01\/najnowsze-wydanie-luty-2015\/ES_05_2017_spis-300x217.jpg 300w, https:\/\/elektrosystemy.pl\/wp-content\/uploads\/2016\/02\/01\/najnowsze-wydanie-luty-2015\/ES_05_2017_spis-768x554.jpg 768w\" sizes=\"(max-width: 750px) 100vw, 750px\" \/><\/a><\/span><\/p>\n<p><span style=\"font-size: 12pt;\"><a href=\"http:\/\/elektrosystemy.pl\/wp-content\/uploads\/2016\/02\/01\/najnowsze-wydanie-luty-2015\/OkladkaES_05_2017.jpg\"><img loading=\"lazy\" class=\"alignleft wp-image-23644 size-medium\" src=\"http:\/\/elektrosystemy.pl\/wp-content\/uploads\/2016\/02\/01\/najnowsze-wydanie-luty-2015\/OkladkaES_05_2017-209x300.jpg\" alt=\"\" width=\"209\" height=\"300\" srcset=\"https:\/\/elektrosystemy.pl\/wp-content\/uploads\/2016\/02\/01\/najnowsze-wydanie-luty-2015\/OkladkaES_05_2017-209x300.jpg 209w, https:\/\/elektrosystemy.pl\/wp-content\/uploads\/2016\/02\/01\/najnowsze-wydanie-luty-2015\/OkladkaES_05_2017.jpg 500w\" sizes=\"(max-width: 209px) 100vw, 209px\" \/><\/a><\/span><\/p>\n<p>&nbsp;<\/p>\n<p><span style=\"color: #ffffff; background-color: #ff0000;\"><strong><span style=\"font-size: 12pt;\">\u00a0AKTUALNO\u015aCI<\/span> <\/strong><\/span><br \/>\n<span style=\"font-size: 12pt;\"><b>14<\/b>\u00a0<strong>Indeks koniunktury ELEKTROSYSTEM\u00d3W<\/strong><\/span><br \/>\n<span style=\"font-size: 12pt;\">Wyra\u017anie odbicie po spadkach z pocz\u0105tku roku<\/span><br \/>\n<span style=\"font-size: 12pt;\"> <b>16<\/b>\u00a0<strong>Gie\u0142dowy Indeks ELEKTROSYSTEM\u00d3W<\/strong><\/span><br \/>\n<span style=\"font-size: 12pt;\">Niewielka korekta po miesi\u0105cach wzrost\u00f3w<\/span><br \/>\n<span style=\"font-size: 12pt;\"><strong>18<\/strong>\u00a0Produkcja wybranych artyku\u0142\u00f3w elektrotechnicznych \u2013\u00a0II 2017<\/span><br \/>\n<span style=\"font-size: 12pt;\"><strong>19<\/strong> International Wire rozwija produkcj\u0119 w Polsce<\/span><br \/>\n<span style=\"font-size: 12pt;\"><strong>20<\/strong> Kaczmarek Electric w rok otworzy\u0142 25 oddzia\u0142\u00f3w<\/span><br \/>\n<span style=\"font-size: 12pt;\"><strong>21<\/strong> XTPL zadebiutuje na New Connect<\/span><br \/>\n<span style=\"font-size: 12pt;\"><strong>22<\/strong> F&amp;S prognozuje w 2017 r. sprzeda\u017c 950 tys. e-aut \u00a0<\/span><br \/>\n<span style=\"font-size: 12pt;\"><strong>23<\/strong> Na \u015al\u0105sku powstaje Laboratorium ZPUE\u00a0<\/span><br \/>\n<span style=\"font-size: 12pt;\"><strong>23<\/strong> C&amp;T Elmech do\u0142\u0105cza do Grupy ASE<\/span><br \/>\n<span style=\"font-size: 12pt;\"><strong>24<\/strong> TIM-owi rosn\u0105 obroty i bezpiecze\u0144stwo sprzeda\u017cy\u00a0<\/span><br \/>\n<span style=\"font-size: 12pt;\"><strong>24<\/strong> Astat zn\u00f3w spotka si\u0119 z in\u017cynierami i automatykami<\/span><br \/>\n<span style=\"font-size: 12pt;\"><strong>25<\/strong> ABB przejmuje sp\u00f3\u0142k\u0119 B&amp;R<\/span><br \/>\n<span style=\"font-size: 12pt;\"><strong>25<\/strong> Danfoss i GE \u0142\u0105cz\u0105 si\u0142y w USA<br \/>\n<strong>26<\/strong> Philips przeprowadza rebranding marki Ledinaire<br \/>\n<strong>26<\/strong> Exta Life firmy Zamel podw\u00f3jnie nagrodzona<br \/>\n<strong>27<\/strong> GE wyremontuje turbozespo\u0142y w Opolu<br \/>\n<\/span><span style=\"font-size: 12pt;\"><strong>27<\/strong> Elektro-Plast Nasielsk \u00a0wyr\u00f3\u017cniony Certyfikatem VDE<br \/>\n<strong>28<\/strong> Litewska Fima przejmuje KZA<br \/>\n<strong>28<\/strong> Columbus Energy pozyska\u0142 4,3 mln z\u0142 z emisji obligacji<\/span><span style=\"font-size: 12pt;\"><br \/>\n<\/span><\/p>\n<p><span style=\"font-size: 12pt;\"><strong style=\"font-size: 12pt;\"><span style=\"color: #ffffff; background-color: #00a2a4;\">\u00a0OSPRZ\u0118T INSTALACYJNY\u00a0<\/span><br \/>\n<\/strong><b style=\"font-size: 12pt;\">30<\/b> Z\u0142\u0105czki ZUG firmy Pok\u00f3j<\/span><\/p>\n<p><span style=\"font-size: 12pt;\"><strong><span style=\"color: #ffffff; background-color: #caa082;\"><span style=\"color: #ffffff; background-color: #caa082;\">\u00a0APARATY ZABEZPIECZAJ\u0104CE<br \/>\n<\/span><\/span><\/strong><b>32<\/b>\u00a0Dob\u00f3r zabezpiecze\u0144\u00a0dla system\u00f3w fotowoltaicznych\u00a0\u2013 rozwi\u0105zania Noark Electric<\/span><\/p>\n<p><span style=\"font-size: 12pt;\"><strong><span style=\"color: #ffffff; background-color: #caa082;\"><span style=\"color: #ffffff; background-color: #a54686;\">\u00a0ROZDZIA\u0141 ENERGII <\/span><br \/>\n<\/span><\/strong><b>36<\/b>\u00a0Bloki rozdzielcze KTB marki Ideal TS<strong><br \/>\n<\/strong><\/span><\/p>\n<p><span style=\"font-size: 12pt;\"><strong><span style=\"color: #ffffff; background-color: #caa082;\"><span style=\"color: #ffffff; background-color: #fdd800;\">\u00a0TECHNIKA \u015aWIETLNA\u00a0<\/span><br \/>\n<\/span><\/strong><b>38<\/b> Inteligentne o\u015bwietlenie Philips Indoor Positioning\u00a0dla sklep\u00f3w<strong><br \/>\n<\/strong><\/span><\/p>\n<p><span style=\"font-size: 12pt;\"><strong><span style=\"color: #ffffff; background-color: #caa082;\"><span style=\"color: #ffffff; background-color: #cc6a2d;\">\u00a0MIERNICTWO\u00a0<\/span><br \/>\n<\/span><\/strong><b>41<\/b> Miernik procesowy 787B firmy Fluke<br \/>\n<b>42<\/b> Analizatory jako\u015bci energii Fluke 1732 i Fluke 1734<strong><br \/>\n<\/strong><\/span><\/p>\n<p><span style=\"font-size: 12pt;\"><strong><span style=\"color: #ffffff; background-color: #caa082;\"><span style=\"color: #ffffff; background-color: #c74a46;\">\u00a0KABLE I PRZEWODY\u00a0<\/span><br \/>\n<\/span><\/strong><b>44<\/b> Rozwi\u0105zania Lapp Kabel w robotach kompaktowych<strong><br \/>\n<\/strong><\/span><\/p>\n<p><span style=\"font-size: 12pt;\"><strong style=\"font-size: 12pt;\"><span style=\"color: #ffffff; background-color: #caa082;\"><span style=\"color: #ffffff; background-color: #3cafd6;\">\u00a0AUTOMATYKA\u00a0<\/span><br \/>\n<\/span><\/strong><b>48<\/b> Szafy sterownicze Rittal dla automatyzacji centralnej i zdecentralizowanej<br \/>\n<b>52<\/b> Wyb\u00f3r samochodu ze wsparciem technologii VR firmy Dassault Syst\u00e8mes<strong><br \/>\n<\/strong><\/span><\/p>\n<p><span style=\"font-size: 12pt;\"><strong><span style=\"color: #ffffff; background-color: #caa082;\"><span style=\"color: #ffffff; background-color: #b191af;\">\u00a0PRZETARGI I INWESTYCJE\u00a0<\/span><br \/>\n<\/span><\/strong><b>56<\/b>\u00a0Planowane inwestycje<\/span><br \/>\n<span style=\"font-size: 12pt;\"><b>60<\/b>\u00a0Przetargi w bran\u017cy elektrotechnicznej i energetycznej<strong><br \/>\n<\/strong><\/span><\/p>\n<p><span style=\"font-size: 12pt;\"><strong><span style=\"color: #ffffff; background-color: #caa082;\"><span style=\"color: #ffffff; background-color: #d2232a;\">\u00a0WYDARZENIA\u00a0<\/span><br \/>\n<\/span><\/strong><b>69<\/b>\u00a0Relacje z targ\u00f3w, wydarze\u0144, spotka\u0144 bran\u017cowych<\/span><\/p>\n<h4><span style=\"font-size: 12pt;\"><strong>Dodatek:\u00a0&#8220;HURTOWNIE ELEKTROTECHNICZNE&#8221;<\/strong><\/span><\/h4>\n<p><span style=\"font-size: 12pt;\"><a href=\"http:\/\/elektrosystemy.pl\/wp-content\/uploads\/2016\/02\/01\/najnowsze-wydanie-luty-2015\/Okladka_HE_05_2017.jpg\"><img loading=\"lazy\" class=\"alignleft wp-image-23645 size-medium\" src=\"http:\/\/elektrosystemy.pl\/wp-content\/uploads\/2016\/02\/01\/najnowsze-wydanie-luty-2015\/Okladka_HE_05_2017-200x300.jpg\" alt=\"\" width=\"200\" height=\"300\" srcset=\"https:\/\/elektrosystemy.pl\/wp-content\/uploads\/2016\/02\/01\/najnowsze-wydanie-luty-2015\/Okladka_HE_05_2017-200x300.jpg 200w, https:\/\/elektrosystemy.pl\/wp-content\/uploads\/2016\/02\/01\/najnowsze-wydanie-luty-2015\/Okladka_HE_05_2017.jpg 500w\" sizes=\"(max-width: 200px) 100vw, 200px\" \/><\/a><strong style=\"font-size: 12pt;\">4<\/strong> Wyhamowanie wzrostu mia\u0142o charakter przej\u015bciowy<\/span><br \/>\n<span style=\"font-size: 12pt;\"><b>18\u00a0<\/b>Rodzinne hurtownie elektrotechniczne<\/span><br \/>\n<span style=\"font-size: 12pt;\"> <b>20 <\/b>R\u00f3\u017cne pomys\u0142y na biznes hurtowni z GPW<\/span><\/p>\n","protected":false},"excerpt":{"rendered":"<p>&nbsp; \u00a0AKTUALNO\u015aCI 14\u00a0Indeks koniunktury ELEKTROSYSTEM\u00d3W Wyra\u017anie odbicie po spadkach z pocz\u0105tku roku 16\u00a0Gie\u0142dowy Indeks ELEKTROSYSTEM\u00d3W Niewielka korekta po miesi\u0105cach wzrost\u00f3w 18\u00a0Produkcja wybranych artyku\u0142\u00f3w elektrotechnicznych \u2013\u00a0II 2017 19 International Wire rozwija produkcj\u0119 w Polsce 20 Kaczmarek Electric w rok otworzy\u0142 25 oddzia\u0142\u00f3w 21 XTPL zadebiutuje na New Connect 22 F&amp;S prognozuje w 2017 r. sprzeda\u017c 950&hellip;<\/p>\n","protected":false},"author":2,"featured_media":0,"parent":21940,"menu_order":5,"comment_status":"closed","ping_status":"closed","template":"","meta":[],"_links":{"self":[{"href":"https:\/\/elektrosystemy.pl\/index.php?rest_route=\/wp\/v2\/pages\/23950"}],"collection":[{"href":"https:\/\/elektrosystemy.pl\/index.php?rest_route=\/wp\/v2\/pages"}],"about":[{"href":"https:\/\/elektrosystemy.pl\/index.php?rest_route=\/wp\/v2\/types\/page"}],"author":[{"embeddable":true,"href":"https:\/\/elektrosystemy.pl\/index.php?rest_route=\/wp\/v2\/users\/2"}],"replies":[{"embeddable":true,"href":"https:\/\/elektrosystemy.pl\/index.php?rest_route=%2Fwp%2Fv2%2Fcomments&post=23950"}],"version-history":[{"count":1,"href":"https:\/\/elektrosystemy.pl\/index.php?rest_route=\/wp\/v2\/pages\/23950\/revisions"}],"predecessor-version":[{"id":23951,"href":"https:\/\/elektrosystemy.pl\/index.php?rest_route=\/wp\/v2\/pages\/23950\/revisions\/23951"}],"up":[{"embeddable":true,"href":"https:\/\/elektrosystemy.pl\/index.php?rest_route=\/wp\/v2\/pages\/21940"}],"wp:attachment":[{"href":"https:\/\/elektrosystemy.pl\/index.php?rest_route=%2Fwp%2Fv2%2Fmedia&parent=23950"}],"curies":[{"name":"wp","href":"https:\/\/api.w.org\/{rel}","templated":true}]}}