{"id":25191,"date":"2017-07-27T13:13:14","date_gmt":"2017-07-27T11:13:14","guid":{"rendered":"http:\/\/elektrosystemy.pl\/?page_id=25191"},"modified":"2019-04-13T20:35:50","modified_gmt":"2019-04-13T18:35:50","slug":"lipiec-2017","status":"publish","type":"page","link":"https:\/\/elektrosystemy.pl\/?page_id=25191","title":{"rendered":"LIPIEC 2017"},"content":{"rendered":"<p><span style=\"font-size: 12pt;\"><a href=\"http:\/\/elektrosystemy.pl\/wp-content\/uploads\/2016\/02\/01\/najnowsze-wydanie-luty-2015\/ES_07_2017_spis.jpg\"><img loading=\"lazy\" class=\"aligncenter wp-image-24437 size-large\" src=\"http:\/\/elektrosystemy.pl\/wp-content\/uploads\/2016\/02\/01\/najnowsze-wydanie-luty-2015\/ES_07_2017_spis-1024x739.jpg\" alt=\"\" width=\"1024\" height=\"739\" srcset=\"https:\/\/elektrosystemy.pl\/wp-content\/uploads\/2016\/02\/01\/najnowsze-wydanie-luty-2015\/ES_07_2017_spis.jpg 1024w, https:\/\/elektrosystemy.pl\/wp-content\/uploads\/2016\/02\/01\/najnowsze-wydanie-luty-2015\/ES_07_2017_spis-600x433.jpg 600w, https:\/\/elektrosystemy.pl\/wp-content\/uploads\/2016\/02\/01\/najnowsze-wydanie-luty-2015\/ES_07_2017_spis-300x217.jpg 300w, https:\/\/elektrosystemy.pl\/wp-content\/uploads\/2016\/02\/01\/najnowsze-wydanie-luty-2015\/ES_07_2017_spis-768x554.jpg 768w\" sizes=\"(max-width: 1024px) 100vw, 1024px\" \/><\/a><\/span><\/p>\n<p><span style=\"font-size: 12pt;\"><a href=\"http:\/\/elektrosystemy.pl\/wp-content\/uploads\/2016\/02\/01\/najnowsze-wydanie-luty-2015\/okladka_ES_07_2017.jpg\"><img loading=\"lazy\" class=\"alignleft wp-image-24438 size-medium\" src=\"http:\/\/elektrosystemy.pl\/wp-content\/uploads\/2016\/02\/01\/najnowsze-wydanie-luty-2015\/okladka_ES_07_2017-208x300.jpg\" alt=\"\" width=\"208\" height=\"300\" srcset=\"https:\/\/elektrosystemy.pl\/wp-content\/uploads\/2016\/02\/01\/najnowsze-wydanie-luty-2015\/okladka_ES_07_2017-208x300.jpg 208w, https:\/\/elektrosystemy.pl\/wp-content\/uploads\/2016\/02\/01\/najnowsze-wydanie-luty-2015\/okladka_ES_07_2017.jpg 500w\" sizes=\"(max-width: 208px) 100vw, 208px\" \/><\/a><\/span><\/p>\n<p>&nbsp;<\/p>\n<p><span style=\"color: #ffffff; background-color: #ff0000;\"><strong><span style=\"font-size: 12pt;\">\u00a0AKTUALNO\u015aCI<\/span> <\/strong><\/span><br \/>\n<span style=\"font-size: 12pt;\"><b>12<\/b>\u00a0<strong>Indeks koniunktury ELEKTROSYSTEM\u00d3W<\/strong><\/span><br \/>\n<span style=\"font-size: 12pt;\">Bran\u017ca odrabia cz\u0119\u015b\u0107\u00a0strat sprzed miesi\u0105ca<\/span><br \/>\n<span style=\"font-size: 12pt;\"> <b>14<\/b>\u00a0<strong>Gie\u0142dowy Indeks ELEKTROSYSTEM\u00d3W<\/strong><\/span><br \/>\n<span style=\"font-size: 12pt;\">Gie\u0142dowe sp\u00f3\u0142ki pozostaj\u0105 w negatywnym trendzie<\/span><br \/>\n<span style=\"font-size: 12pt;\"><strong>16<\/strong>\u00a0Produkcja wybranych artyku\u0142\u00f3w elektrotechnicznych \u2013 IV\u00a02017<\/span><br \/>\n<span style=\"font-size: 12pt;\"><strong>17<\/strong> Polska jest kluczowym dostawc\u0105 dla GE<\/span><br \/>\n<span style=\"font-size: 12pt;\"><strong>18<\/strong> PW i Medcom uruchamiaj\u0105 nowy kierunek studi\u00f3w<\/span><br \/>\n<span style=\"font-size: 12pt;\"><strong>19<\/strong> UOKiK wykry\u0142 zmow\u0119 w bran\u017cy elektrotechnicznej<\/span><br \/>\n<span style=\"font-size: 12pt;\"><strong>20<\/strong>\u00a0Dassault Systemes nawi\u0105zuje kooperacj\u0119 z Airbus APWorks \u00a0<\/span><br \/>\n<span style=\"font-size: 12pt;\"><strong>21<\/strong> W Polsce powstanie du\u017cy magazyn energii\u00a0<\/span><br \/>\n<span style=\"font-size: 12pt;\"><strong>22<\/strong> ZPUE dostarczy kolejne stacje SN\/nN Tauronowi<\/span><br \/>\n<span style=\"font-size: 12pt;\"><strong>22<\/strong> Przew\u00f3d od Helukabel w studenckim bolidzie RT08\u00a0<\/span><br \/>\n<span style=\"font-size: 12pt;\"><strong>23<\/strong> Kolejne konsorcjum chce stworzy\u0107 elektryczny autobus<\/span><br \/>\n<span style=\"font-size: 12pt;\"><strong>23<\/strong> Contrast i Eltel zrealizuj\u0105 kontrakty za 16,4 mln z\u0142<\/span><br \/>\n<span style=\"font-size: 12pt;\"><strong>24<\/strong> Alumast wkracza na bu\u0142garski rynek<br \/>\n<strong>24<\/strong> Lidl rozwija sie\u0107 stacji \u0142adowania e-aut<br \/>\n<strong>25<\/strong> PWr i LG Chem nawi\u0105zuj\u0105 wsp\u00f3\u0142prac\u0119<br \/>\n<strong>25<\/strong> Zielona G\u00f3ra chce by\u0107 inteligentnym miastem<br \/>\n<\/span><span style=\"font-size: 12pt;\"><strong>26<\/strong> Zbigniew Jakubas chce wycofa\u0107 ZA Polna z GPW<br \/>\n<strong>26<\/strong> Polski Solar wsp\u00f3\u0142tworzy klastry odnawialnej energii<br \/>\n<strong>27<\/strong> PGE pozyska\u0142o 0,5 mld z\u0142 na inwestycje sieciowe<br \/>\n<strong>27<\/strong> System Philipsa pomaga w poszukiwaniu produkt\u00f3w<br \/>\n<strong>28<\/strong> PGE EO wprowadza ofert\u0119 dla prosument\u00f3w<br \/>\n<strong>28<\/strong> Przychody Grodno wzros\u0142y o blisko 5%<br \/>\n<\/span><\/p>\n<p><span style=\"font-size: 12pt;\"><strong style=\"font-size: 12pt;\"><span style=\"color: #ffffff; background-color: #caa082;\"><span style=\"color: #ffffff; background-color: #3cafd6;\">\u00a0AUTOMATYKA\u00a0<\/span><br \/>\n<\/span><\/strong><b>30<\/b> Platforma 3DExperience w Procter &amp; Gamble<strong><br \/>\n<\/strong><\/span><\/p>\n<p><span style=\"font-size: 12pt;\"><strong style=\"font-size: 12pt;\"><span style=\"color: #ffffff; background-color: #00a2a4;\">\u00a0OSPRZ\u0118T INSTALACYJNY\u00a0<\/span><br \/>\n<\/strong><b style=\"font-size: 12pt;\">32<\/b> Chiller Blue e+ Rittal dla obrabiarek<br \/>\n<b style=\"font-size: 12pt;\">34<\/b> Zmodernizowana seria osprz\u0119tu Niloe firmy Legrand<br \/>\n<b style=\"font-size: 12pt;\">37<\/b> Konfigurowalne z\u0142\u0105cza RockStar ModuPlug firmy Weidm\u00fcller<br \/>\n<b style=\"font-size: 12pt;\">40<\/b> Rozdzielnie mieszkaniowe firmy Elektro-Plast Nasielsk<br \/>\n<b style=\"font-size: 12pt;\">43<\/b> Odga\u0142\u0119\u017aniki pi\u0119trowe OBL firmy Pok\u00f3j<br \/>\n<b style=\"font-size: 12pt;\">44<\/b> Puszki elektroinstalacyjne Kopos<br \/>\n<\/span><\/p>\n<p><span style=\"font-size: 12pt;\"><strong><span style=\"color: #ffffff; background-color: #caa082;\"><span style=\"color: #ffffff; background-color: #cc6a2d;\">\u00a0MIERNICTWO\u00a0<\/span><br \/>\n<\/span><\/strong><b>46<\/b> Kamery termowizyjne Flir One do smartfon\u00f3w<strong><br \/>\n<\/strong><\/span><\/p>\n<p><span style=\"font-size: 12pt;\"><strong><span style=\"color: #ffffff; background-color: #caa082;\"><span style=\"color: #ffffff; background-color: #caa082;\">\u00a0APARATY ZABEZPIECZAJ\u0104CE\u00a0<\/span><br \/>\n<\/span><\/strong><b>48<\/b> Wy\u0142\u0105czniki silnikowe i podstawy bezpiecznikowe firmy Noark Electric<strong><br \/>\n<\/strong><\/span><\/p>\n<p><span style=\"font-size: 12pt;\"><strong><span style=\"color: #ffffff; background-color: #caa082;\"><span style=\"color: #ffffff; background-color: #c74a46;\">\u00a0KABLE I PRZEWODY\u00a0<\/span><br \/>\n<\/span><\/strong><b>51<\/b> Produkcja przewod\u00f3w Lapp Kabel do transmisji danych<br \/>\n<b>54<\/b> Elastyczne plecionki firmy International Wire<strong><br \/>\n<\/strong><\/span><\/p>\n<p><strong><span style=\"color: #ffffff; background-color: #caa082;\"><span style=\"color: #ffffff; background-color: #b191af;\">\u00a0PRZETARGI I INWESTYCJE\u00a0<\/span><\/span><\/strong><\/p>\n<p><span style=\"font-size: 12pt;\"><b>57<\/b>\u00a0Planowane inwestycje<\/span><br \/>\n<span style=\"font-size: 12pt;\"><b>60<\/b>\u00a0Przetargi w bran\u017cy elektrotechnicznej i energetycznej<strong><br \/>\n<\/strong><\/span><\/p>\n<p><span style=\"font-size: 12pt;\"><strong><span style=\"color: #ffffff; background-color: #caa082;\"><span style=\"color: #ffffff; background-color: #d2232a;\">\u00a0WYDARZENIA\u00a0<\/span><br \/>\n<\/span><\/strong><b>69<\/b>\u00a0Relacje z targ\u00f3w, wydarze\u0144, spotka\u0144 bran\u017cowych<\/span><\/p>\n<h4><span style=\"font-size: 12pt;\"><strong>Dodatek:\u00a0&#8220;HURTOWNIE ELEKTROTECHNICZNE&#8221;<\/strong><\/span><\/h4>\n<p><span style=\"font-size: 12pt;\"><a href=\"http:\/\/elektrosystemy.pl\/wp-content\/uploads\/2016\/02\/01\/najnowsze-wydanie-luty-2015\/Dod_07_2017.jpg\"><img loading=\"lazy\" class=\"alignleft wp-image-24439 size-medium\" src=\"http:\/\/elektrosystemy.pl\/wp-content\/uploads\/2016\/02\/01\/najnowsze-wydanie-luty-2015\/Dod_07_2017-200x300.jpg\" alt=\"\" width=\"200\" height=\"300\" srcset=\"https:\/\/elektrosystemy.pl\/wp-content\/uploads\/2016\/02\/01\/najnowsze-wydanie-luty-2015\/Dod_07_2017-200x300.jpg 200w, https:\/\/elektrosystemy.pl\/wp-content\/uploads\/2016\/02\/01\/najnowsze-wydanie-luty-2015\/Dod_07_2017.jpg 500w\" sizes=\"(max-width: 200px) 100vw, 200px\" \/><\/a><strong style=\"font-size: 12pt;\">4<\/strong> Rynek osprz\u0119tu czeka rozw\u00f3j warto\u015bciowy i techniczny<\/span><br \/>\n<span style=\"font-size: 12pt;\"><b>12 <\/b>Deweloperski osprz\u0119t Carla\u00a0firmy Elektro-Plast Nasielsk<br \/>\n<b>14 <\/b>Obudowy rozdzielnic niskiego napi\u0119cia<\/span><\/p>\n<p>&nbsp;<\/p>\n","protected":false},"excerpt":{"rendered":"<p>&nbsp; \u00a0AKTUALNO\u015aCI 12\u00a0Indeks koniunktury ELEKTROSYSTEM\u00d3W Bran\u017ca odrabia cz\u0119\u015b\u0107\u00a0strat sprzed miesi\u0105ca 14\u00a0Gie\u0142dowy Indeks ELEKTROSYSTEM\u00d3W Gie\u0142dowe sp\u00f3\u0142ki pozostaj\u0105 w negatywnym trendzie 16\u00a0Produkcja wybranych artyku\u0142\u00f3w elektrotechnicznych \u2013 IV\u00a02017 17 Polska jest kluczowym dostawc\u0105 dla GE 18 PW i Medcom uruchamiaj\u0105 nowy kierunek studi\u00f3w 19 UOKiK wykry\u0142 zmow\u0119 w bran\u017cy elektrotechnicznej 20\u00a0Dassault Systemes nawi\u0105zuje kooperacj\u0119 z Airbus APWorks \u00a0&hellip;<\/p>\n","protected":false},"author":2,"featured_media":0,"parent":21940,"menu_order":7,"comment_status":"closed","ping_status":"closed","template":"","meta":[],"_links":{"self":[{"href":"https:\/\/elektrosystemy.pl\/index.php?rest_route=\/wp\/v2\/pages\/25191"}],"collection":[{"href":"https:\/\/elektrosystemy.pl\/index.php?rest_route=\/wp\/v2\/pages"}],"about":[{"href":"https:\/\/elektrosystemy.pl\/index.php?rest_route=\/wp\/v2\/types\/page"}],"author":[{"embeddable":true,"href":"https:\/\/elektrosystemy.pl\/index.php?rest_route=\/wp\/v2\/users\/2"}],"replies":[{"embeddable":true,"href":"https:\/\/elektrosystemy.pl\/index.php?rest_route=%2Fwp%2Fv2%2Fcomments&post=25191"}],"version-history":[{"count":1,"href":"https:\/\/elektrosystemy.pl\/index.php?rest_route=\/wp\/v2\/pages\/25191\/revisions"}],"predecessor-version":[{"id":25192,"href":"https:\/\/elektrosystemy.pl\/index.php?rest_route=\/wp\/v2\/pages\/25191\/revisions\/25192"}],"up":[{"embeddable":true,"href":"https:\/\/elektrosystemy.pl\/index.php?rest_route=\/wp\/v2\/pages\/21940"}],"wp:attachment":[{"href":"https:\/\/elektrosystemy.pl\/index.php?rest_route=%2Fwp%2Fv2%2Fmedia&parent=25191"}],"curies":[{"name":"wp","href":"https:\/\/api.w.org\/{rel}","templated":true}]}}