{"id":25395,"date":"2017-08-30T15:09:51","date_gmt":"2017-08-30T13:09:51","guid":{"rendered":"http:\/\/elektrosystemy.pl\/?page_id=25395"},"modified":"2019-04-13T20:18:15","modified_gmt":"2019-04-13T18:18:15","slug":"copy-of-najnowsze-wydanie-sierpien-2017","status":"publish","type":"page","link":"https:\/\/elektrosystemy.pl\/?page_id=25395","title":{"rendered":"SIERPIE\u0143 2017"},"content":{"rendered":"<p><span style=\"font-size: 12pt;\"><a href=\"http:\/\/elektrosystemy.pl\/wp-content\/uploads\/2016\/02\/01\/najnowsze-wydanie-luty-2015\/ES_08_2017_spis.jpg\"><img loading=\"lazy\" class=\"aligncenter wp-image-25199 size-full\" src=\"http:\/\/elektrosystemy.pl\/wp-content\/uploads\/2016\/02\/01\/najnowsze-wydanie-luty-2015\/ES_08_2017_spis.jpg\" alt=\"\" width=\"1024\" height=\"739\" srcset=\"https:\/\/elektrosystemy.pl\/wp-content\/uploads\/2016\/02\/01\/najnowsze-wydanie-luty-2015\/ES_08_2017_spis.jpg 1024w, https:\/\/elektrosystemy.pl\/wp-content\/uploads\/2016\/02\/01\/najnowsze-wydanie-luty-2015\/ES_08_2017_spis-600x433.jpg 600w, https:\/\/elektrosystemy.pl\/wp-content\/uploads\/2016\/02\/01\/najnowsze-wydanie-luty-2015\/ES_08_2017_spis-300x217.jpg 300w, https:\/\/elektrosystemy.pl\/wp-content\/uploads\/2016\/02\/01\/najnowsze-wydanie-luty-2015\/ES_08_2017_spis-768x554.jpg 768w\" sizes=\"(max-width: 1024px) 100vw, 1024px\" \/><\/a><\/span><\/p>\n<p><span style=\"font-size: 12pt;\"><a href=\"http:\/\/elektrosystemy.pl\/wp-content\/uploads\/2016\/02\/01\/najnowsze-wydanie-luty-2015\/OkladkaES_08_2017.jpg\"><img loading=\"lazy\" class=\"alignleft wp-image-25200 size-medium\" src=\"http:\/\/elektrosystemy.pl\/wp-content\/uploads\/2016\/02\/01\/najnowsze-wydanie-luty-2015\/OkladkaES_08_2017-208x300.jpg\" alt=\"\" width=\"208\" height=\"300\" srcset=\"https:\/\/elektrosystemy.pl\/wp-content\/uploads\/2016\/02\/01\/najnowsze-wydanie-luty-2015\/OkladkaES_08_2017-208x300.jpg 208w, https:\/\/elektrosystemy.pl\/wp-content\/uploads\/2016\/02\/01\/najnowsze-wydanie-luty-2015\/OkladkaES_08_2017.jpg 500w\" sizes=\"(max-width: 208px) 100vw, 208px\" \/><\/a><\/span><\/p>\n<p>&nbsp;<\/p>\n<p><span style=\"color: #ffffff; background-color: #ff0000;\"><strong><span style=\"font-size: 12pt;\">\u00a0AKTUALNO\u015aCI\u00a0<\/span><\/strong><\/span><br \/>\n<span style=\"font-size: 12pt;\"><b>10<\/b>\u00a0<strong>Indeks koniunktury ELEKTROSYSTEM\u00d3W<\/strong><\/span><br \/>\n<span style=\"font-size: 12pt;\">Szybsze tempo wzrostu w czerwcu<\/span><br \/>\n<span style=\"font-size: 12pt;\"> <b>12<\/b>\u00a0<strong>Gie\u0142dowy Indeks ELEKTROSYSTEM\u00d3W<\/strong><\/span><br \/>\n<span style=\"font-size: 12pt;\">Kolejny mocny spadek bran\u017cy na parkiecie<\/span><br \/>\n<span style=\"font-size: 12pt;\"><strong>14<\/strong>\u00a0Produkcja wybranych artyku\u0142\u00f3w elektrotechnicznych \u2013 V\u00a02017<\/span><br \/>\n<span style=\"font-size: 12pt;\"><strong>15<\/strong> Grodno zanotowa\u0142o rekordowe przychody<\/span><br \/>\n<span style=\"font-size: 12pt;\"><strong>16<\/strong> OSD i PSE wyda\u0142y w 2016 r. na inwestycje 7,1 mld z\u0142<\/span><br \/>\n<span style=\"font-size: 12pt;\"><strong>17<\/strong> Enea pozyska\u0142a z UE \u015brodki na inwestycje w smart grid<\/span><br \/>\n<span style=\"font-size: 12pt;\"><strong>18<\/strong> Mikroinstalacje zdominowa\u0142y rynek fotowoltaiki w Polsce \u00a0<\/span><br \/>\n<span style=\"font-size: 12pt;\"><strong>19<\/strong> Greenway zbuduje prawie 200 stacji \u0142adowania\u00a0<\/span><br \/>\n<span style=\"font-size: 12pt;\"><strong>20<\/strong> Luxima chce by\u0107 znacznie wi\u0119ksza<\/span><br \/>\n<span style=\"font-size: 12pt;\"><strong>21<\/strong> Liczba e-aut w UE mo\u017ce wzrosn\u0105\u0107 do 700 tys.\u00a0<\/span><br \/>\n<span style=\"font-size: 12pt;\"><strong>22<\/strong> Tele-Fonika prezentuje produkty linii Flame-X 950<\/span><br \/>\n<span style=\"font-size: 12pt;\"><strong>23<\/strong> Energoaparatura wchodzi w sektor g\u00f3rniczy<\/span><br \/>\n<span style=\"font-size: 12pt;\"><strong>23<\/strong> Kaczmarek Electric zaprasza bran\u017c\u0119 na mistrzostwa MTB<br \/>\n<strong>24<\/strong> Energa O\u015bwietlenie zamontowa\u0142a 4 tys. lamp<br \/>\n<strong>24<\/strong>\u00a0Fast Group wybuduje serwerowni\u0119 dla ZUS-u<br \/>\n<strong>25<\/strong> Columbus Energy zarobi\u0142 3,1 mln z\u0142 w I po\u0142owie roku<br \/>\n<\/span><span style=\"font-size: 12pt;\"><strong>25<\/strong> Ekoenergetyka zasili e-busy na dalekiej p\u00f3\u0142nocy<br \/>\n<strong>26<\/strong> Melex usprawni i zwi\u0119kszy produkcj\u0119<br \/>\n<strong>26<\/strong> Targi Energetab 2017 odb\u0119d\u0105 si\u0119 12-14 wrze\u015bnia<br \/>\n<\/span><\/p>\n<p><span style=\"font-size: 12pt;\"><strong style=\"font-size: 12pt;\"><span style=\"color: #ffffff; background-color: #caa082;\"><span style=\"color: #ffffff; background-color: #3cafd6;\">\u00a0AUTOMATYKA\u00a0<\/span><br \/>\n<\/span><\/strong><b>28<\/b>\u00a0Prowadnice igus\u00a0ze zbrojonego tworzywa sztucznego<strong><br \/>\n<\/strong><\/span><\/p>\n<p><span style=\"font-size: 12pt;\"><strong style=\"font-size: 12pt;\"><span style=\"color: #ffffff; background-color: #00a2a4;\">\u00a0OSPRZ\u0118T INSTALACYJNY\u00a0<\/span><br \/>\n<\/strong><b style=\"font-size: 12pt;\">29<\/b> Profesjonalna drukarka etykiet\u00a0Brother P-touch E110VP<br \/>\n<b style=\"font-size: 12pt;\">30<\/b> System listew i kana\u0142\u00f3w elektroinstalacyjnych firmy Kopos<\/span><\/p>\n<p><span style=\"font-size: 12pt;\"><strong><span style=\"color: #ffffff; background-color: #caa082;\"><span style=\"color: #ffffff; background-color: #cc6a2d;\">\u00a0<\/span><\/span><\/strong><strong><span style=\"color: #ffffff; background-color: #caa082;\"><span style=\"color: #ffffff; background-color: #cc6a2d;\">MIERNICTWO<\/span><\/span><\/strong><strong><span style=\"color: #ffffff; background-color: #caa082;\"><span style=\"color: #ffffff; background-color: #cc6a2d;\"><br \/>\n<\/span><\/span><\/strong><b>32<\/b>\u00a0Watchman firmy HDE \u2013 detektor stref wysokiego napi\u0119cia<\/span><br \/>\n<span style=\"font-size: 12pt;\"> <b>34<\/b> Pomiary wibracji\u00a0\u2013 tester Fluke 805FC<strong><br \/>\n<\/strong><\/span><\/p>\n<p><span style=\"font-size: 12pt;\"><strong><span style=\"color: #ffffff; background-color: #caa082;\"><span style=\"color: #ffffff; background-color: #c74a46;\">\u00a0KABLE I PRZEWODY<br \/>\n<\/span><\/span><\/strong><b>38<\/b> Przewody Nexans LoSag z rdzeniem kompozytowym<\/span><br \/>\n<span style=\"font-size: 12pt;\"> <b>40<\/b> Produkty Lapp Kabel na liniach wtryskarek w Industrias Alegre Poland<strong><br \/>\n<\/strong><\/span><\/p>\n<p><span style=\"font-size: 12pt;\"><strong><span style=\"color: #ffffff; background-color: #caa082;\"><span style=\"color: #ffffff; background-color: #c74a46;\">\u00a0TECHNIKA \u015aWIETLNA <\/span><br \/>\n<\/span><\/strong><b>42<\/b>\u00a0O\u015bwietlenie Lena Lighting w zespole szk\u00f3\u0142 \u201eD\u0119binka\u201d w Poznaniu<br \/>\n<\/span><\/p>\n<p><span style=\"font-size: 12pt;\"><strong><span style=\"color: #ffffff; background-color: #caa082;\"><span style=\"color: #ffffff; background-color: #b191af;\">\u00a0PRZETARGI I INWESTYCJE<br \/>\n<\/span><\/span><\/strong><\/span><span style=\"font-size: 12pt;\"><b>45<\/b>\u00a0Planowane inwestycje<\/span><br \/>\n<span style=\"font-size: 12pt;\"><b>50<\/b>\u00a0Przetargi w bran\u017cy elektrotechnicznej i energetycznej<strong><br \/>\n<\/strong><\/span><\/p>\n<p><span style=\"font-size: 12pt;\"><strong>Dodatek:\u00a0&#8220;KABLE I PRZEWODY&#8221;<\/strong><\/span><\/p>\n<p><span style=\"font-size: 12pt;\"><a href=\"http:\/\/elektrosystemy.pl\/wp-content\/uploads\/2016\/02\/01\/najnowsze-wydanie-luty-2015\/Dod_08_2017.jpg\"><img loading=\"lazy\" class=\"alignleft wp-image-25201 size-medium\" src=\"http:\/\/elektrosystemy.pl\/wp-content\/uploads\/2016\/02\/01\/najnowsze-wydanie-luty-2015\/Dod_08_2017-200x300.jpg\" alt=\"\" width=\"200\" height=\"300\" srcset=\"https:\/\/elektrosystemy.pl\/wp-content\/uploads\/2016\/02\/01\/najnowsze-wydanie-luty-2015\/Dod_08_2017-200x300.jpg 200w, https:\/\/elektrosystemy.pl\/wp-content\/uploads\/2016\/02\/01\/najnowsze-wydanie-luty-2015\/Dod_08_2017.jpg 500w\" sizes=\"(max-width: 200px) 100vw, 200px\" \/><\/a><strong style=\"font-size: 12pt;\">4<\/strong> Bran\u017ca kablowa wci\u0105\u017c czeka na odbicie<br \/>\n<\/span><span style=\"font-size: 12pt;\"><b>22 <\/b>Przewody p\u0142askie Helukabel\u00a0dla d\u017awig\u00f3w i suwnic<br \/>\n<b>26 <\/b>Przewody elektroenergetyczne \u2013 oferta rynkowa<br \/>\n<\/span><span style=\"font-size: 12pt;\"><b>29\u00a0<\/b>Kable elektroenergetyczne o napi\u0119ciu<br \/>\ndo 1 kV \u2013 oferta rynkowa<br \/>\n<strong style=\"font-size: 12pt;\">32<\/strong> Kable i przewody elektroenergetyczne<br \/>\ndo 1 kV<br \/>\n<\/span><\/p>\n<p><span style=\"font-size: 12pt;\">\u00a0<\/span><\/p>\n<p>&nbsp;<\/p>\n","protected":false},"excerpt":{"rendered":"<p>&nbsp; \u00a0AKTUALNO\u015aCI\u00a0 10\u00a0Indeks koniunktury ELEKTROSYSTEM\u00d3W Szybsze tempo wzrostu w czerwcu 12\u00a0Gie\u0142dowy Indeks ELEKTROSYSTEM\u00d3W Kolejny mocny spadek bran\u017cy na parkiecie 14\u00a0Produkcja wybranych artyku\u0142\u00f3w elektrotechnicznych \u2013 V\u00a02017 15 Grodno zanotowa\u0142o rekordowe przychody 16 OSD i PSE wyda\u0142y w 2016 r. na inwestycje 7,1 mld z\u0142 17 Enea pozyska\u0142a z UE \u015brodki na inwestycje w smart grid 18&hellip;<\/p>\n","protected":false},"author":2,"featured_media":0,"parent":21940,"menu_order":8,"comment_status":"closed","ping_status":"closed","template":"","meta":[],"_links":{"self":[{"href":"https:\/\/elektrosystemy.pl\/index.php?rest_route=\/wp\/v2\/pages\/25395"}],"collection":[{"href":"https:\/\/elektrosystemy.pl\/index.php?rest_route=\/wp\/v2\/pages"}],"about":[{"href":"https:\/\/elektrosystemy.pl\/index.php?rest_route=\/wp\/v2\/types\/page"}],"author":[{"embeddable":true,"href":"https:\/\/elektrosystemy.pl\/index.php?rest_route=\/wp\/v2\/users\/2"}],"replies":[{"embeddable":true,"href":"https:\/\/elektrosystemy.pl\/index.php?rest_route=%2Fwp%2Fv2%2Fcomments&post=25395"}],"version-history":[{"count":3,"href":"https:\/\/elektrosystemy.pl\/index.php?rest_route=\/wp\/v2\/pages\/25395\/revisions"}],"predecessor-version":[{"id":25400,"href":"https:\/\/elektrosystemy.pl\/index.php?rest_route=\/wp\/v2\/pages\/25395\/revisions\/25400"}],"up":[{"embeddable":true,"href":"https:\/\/elektrosystemy.pl\/index.php?rest_route=\/wp\/v2\/pages\/21940"}],"wp:attachment":[{"href":"https:\/\/elektrosystemy.pl\/index.php?rest_route=%2Fwp%2Fv2%2Fmedia&parent=25395"}],"curies":[{"name":"wp","href":"https:\/\/api.w.org\/{rel}","templated":true}]}}