{"id":25840,"date":"2017-10-05T11:00:47","date_gmt":"2017-10-05T09:00:47","guid":{"rendered":"http:\/\/elektrosystemy.pl\/?page_id=25840"},"modified":"2019-04-13T20:19:26","modified_gmt":"2019-04-13T18:19:26","slug":"wrzesien-2017","status":"publish","type":"page","link":"https:\/\/elektrosystemy.pl\/?page_id=25840","title":{"rendered":"WRZESIE\u0143 2017"},"content":{"rendered":"<p><span style=\"font-size: 12pt;\"><a href=\"http:\/\/elektrosystemy.pl\/wp-content\/uploads\/2016\/02\/01\/najnowsze-wydanie-luty-2015\/ES_09_2017_spis.jpg\"><img loading=\"lazy\" class=\"aligncenter wp-image-25403\" src=\"http:\/\/elektrosystemy.pl\/wp-content\/uploads\/2016\/02\/01\/najnowsze-wydanie-luty-2015\/ES_09_2017_spis.jpg\" alt=\"\" width=\"750\" height=\"541\" srcset=\"https:\/\/elektrosystemy.pl\/wp-content\/uploads\/2016\/02\/01\/najnowsze-wydanie-luty-2015\/ES_09_2017_spis.jpg 1024w, https:\/\/elektrosystemy.pl\/wp-content\/uploads\/2016\/02\/01\/najnowsze-wydanie-luty-2015\/ES_09_2017_spis-600x433.jpg 600w, https:\/\/elektrosystemy.pl\/wp-content\/uploads\/2016\/02\/01\/najnowsze-wydanie-luty-2015\/ES_09_2017_spis-300x217.jpg 300w, https:\/\/elektrosystemy.pl\/wp-content\/uploads\/2016\/02\/01\/najnowsze-wydanie-luty-2015\/ES_09_2017_spis-768x554.jpg 768w\" sizes=\"(max-width: 750px) 100vw, 750px\" \/><\/a><\/span><\/p>\n<p><span style=\"font-size: 12pt;\"><a href=\"http:\/\/elektrosystemy.pl\/wp-content\/uploads\/2016\/02\/01\/najnowsze-wydanie-luty-2015\/OkladkaES_09_2017.jpg\"><img loading=\"lazy\" class=\"alignleft wp-image-25402 size-medium\" src=\"http:\/\/elektrosystemy.pl\/wp-content\/uploads\/2016\/02\/01\/najnowsze-wydanie-luty-2015\/OkladkaES_09_2017-212x300.jpg\" alt=\"\" width=\"212\" height=\"300\" srcset=\"https:\/\/elektrosystemy.pl\/wp-content\/uploads\/2016\/02\/01\/najnowsze-wydanie-luty-2015\/OkladkaES_09_2017-212x300.jpg 212w, https:\/\/elektrosystemy.pl\/wp-content\/uploads\/2016\/02\/01\/najnowsze-wydanie-luty-2015\/OkladkaES_09_2017.jpg 500w\" sizes=\"(max-width: 212px) 100vw, 212px\" \/><\/a><\/span><\/p>\n<p><span style=\"color: #ffffff; background-color: #ff0000; font-size: 12pt;\"><strong>\u00a0AKTUALNO\u015aCI\u00a0<\/strong><\/span><br \/>\n<span style=\"font-size: 12pt;\"> <b>18<\/b>\u00a0<strong>Indeks koniunktury ELEKTROSYSTEM\u00d3W<\/strong><\/span><br \/>\n<span style=\"font-size: 12pt;\"> Sezon urlopowy przyni\u00f3s\u0142 niewielki spadek koniunktury<\/span><br \/>\n<span style=\"font-size: 12pt;\"> <b>20<\/b>\u00a0<strong>Gie\u0142dowy Indeks ELEKTROSYSTEM\u00d3W<\/strong><\/span><br \/>\n<span style=\"font-size: 12pt;\"> Bran\u017ca kolejny raz obra\u0142a kurs w d\u00f3\u0142<\/span><br \/>\n<span style=\"font-size: 12pt;\"> <strong>22<\/strong>\u00a0Produkcja wybranych artyku\u0142\u00f3w elektrotechnicznych \u2013 VI 2017<\/span><br \/>\n<span style=\"font-size: 12pt;\"> <strong>24<\/strong> Grodno do 2020 roku chce wskoczy\u0107 na podium<\/span><br \/>\n<span style=\"font-size: 12pt;\"> <strong>25<\/strong> Kaczmarek Electric wkr\u00f3tce b\u0119dzie mia\u0142 100 oddzia\u0142\u00f3w<\/span><br \/>\n<span style=\"font-size: 12pt;\"> <strong>26<\/strong> ZPUE \u0142\u0105czy si\u0142y z Ekoenergetyk\u0105-Polska<\/span><br \/>\n<span style=\"font-size: 12pt;\"> <strong>28<\/strong> TIM: 1,3 mld z\u0142 na koncie e-sklepu w cztery lata \u00a0<\/span><br \/>\n<span style=\"font-size: 12pt;\"> <strong>29<\/strong> GE rozbuduje IOS w ZEC Bydgoszcz\u00a0<\/span><br \/>\n<span style=\"font-size: 12pt;\"> <strong>30<\/strong> Chiny automatyzuj\u0105 si\u0119 w b\u0142yskawicznym tempie<\/span><br \/>\n<span style=\"font-size: 12pt;\"> <strong>32<\/strong> Jubileuszowa edycja Energetabu coraz bli\u017cej\u00a0<\/span><br \/>\n<span style=\"font-size: 12pt;\"> <strong>33<\/strong> <strong>Sonda ELEKTROSYSTEM\u00d3W:<\/strong>\u00a0Polska w pocz\u0105tkowej fazie\u00a0wdra\u017cania Przemys\u0142u 4.00<\/span><br \/>\n<span style=\"font-size: 12pt;\"> <strong>37<\/strong> Bestservice rozwija ofert\u0119 marek Lumax i Heda<\/span><br \/>\n<span style=\"font-size: 12pt;\"> <strong>38<\/strong> Electrotile planuje budow\u0119 Centrum B+R\u00a0<\/span><br \/>\n<span style=\"font-size: 12pt;\"> <strong>38<\/strong> NFO\u015aiGW: 200 mln z\u0142 na e-transport publiczny<\/span><br \/>\n<span style=\"font-size: 12pt;\"> <b>39<\/b> 120 mln z\u0142 na innowacje w elektroenergetyce<\/span><br \/>\n<span style=\"font-size: 12pt;\"> <strong>39<\/strong> Hummel wdra\u017ca now\u0105 strategi\u0119<\/span><br \/>\n<span style=\"font-size: 12pt;\"> <strong>40<\/strong> Philips Lighting wymieni\u0142 o\u015bwietlenie w FC Sevilla<\/span><br \/>\n<span style=\"font-size: 12pt;\"> <strong>40<\/strong> Siemens zaprasza na trzy konferencje<\/span><br \/>\n<span style=\"font-size: 12pt;\"> <strong>42<\/strong> Konferencje mocn\u0105 stron\u0105 Targ\u00f3w Elektrotechnika<\/span><br \/>\n<span style=\"font-size: 12pt;\"> <strong>42<\/strong> Emirates &amp; Europe Economic Forum w Warszawie<\/span><\/p>\n<p><span style=\"font-size: 12pt;\"><strong><span style=\"color: #ffffff; background-color: #caa082;\"><span style=\"color: #ffffff; background-color: #3cafd6;\">\u00a0AUTOMATYKA\u00a0<\/span><br \/>\n<\/span><\/strong><b>44<\/b> RPC \u2013 nowa linia przeka\u017anik\u00f3w czasowych firmy Relpol<\/span><br \/>\n<span style=\"font-size: 12pt;\"> <b>46<\/b> Pulpitowa aparatura sygnalizacyjna i steruj\u0105ca firmy Noark Electric<\/span><br \/>\n<span style=\"font-size: 12pt;\"> <b>50<\/b> Bezprzewodowa kaseta steruj\u0105ca firmy Promet<strong><br \/>\n<\/strong><\/span><\/p>\n<p><span style=\"font-size: 12pt;\"><strong><span style=\"color: #ffffff; background-color: #00a2a4;\">\u00a0OSPRZ\u0118T INSTALACYJNY\u00a0<\/span><br \/>\n<\/strong><b>52<\/b> Wymienniki ciep\u0142a powietrze\/woda Rittal Hygienic Design<\/span><br \/>\n<span style=\"font-size: 12pt;\"> <b>54<\/b> Z\u0142\u0105czki ochronne ZUG-PE firmy Pok\u00f3j<\/span><br \/>\n<span style=\"font-size: 12pt;\"> <b>56<\/b>\u00a0Program do znakowania Promark Creator firmy Partex<\/span><br \/>\n<span style=\"font-size: 12pt;\"> <b>58<\/b> Gniazdo \u2013 \u0142adowarka USB z serii Sentia firmy Elektro-Plast Nasielsk<\/span><br \/>\n<span style=\"font-size: 12pt;\"> <b>60<\/b> Elementy elastyczne International Wire \u2013 zastosowania<\/span><br \/>\n<span style=\"font-size: 12pt;\"> <b>62<\/b> Po\u0142\u0105czenia wtykowe Phoenix Contact w systemach przy\u0142\u0105czeniowych<\/span><br \/>\n<span style=\"font-size: 12pt;\"> <b>66<\/b> Puszki przemys\u0142owe Industrial IP65 firmy Elektro-Plast Nasielsk<\/span><br \/>\n<span style=\"font-size: 12pt;\"> <b>68<\/b> Puszki elektroinstalacyjne firmy Kopos<\/span><\/p>\n<p><span style=\"font-size: 12pt;\"><strong><span style=\"color: #ffffff; background-color: #00a2a4;\">\u00a0APARATY ZABEZPIECZAJ\u0104CE\u00a0<\/span><br \/>\n<\/strong><b>72<\/b> Roz\u0142\u0105czniki z bezpiecznikami\u00a0Siemens 3KF do 800 A\u00a0\u2013 dob\u00f3r wk\u0142adki szybkiej<\/span><br \/>\n<span style=\"font-size: 12pt;\"> <b>76<\/b> Bezpieczne przewody nkt instal Plus<\/span><br \/>\n<span style=\"font-size: 12pt;\"> <b>78<\/b> Matryce zaciskaj\u0105ce Ergom do zag\u0119szczonych kabli aluminiowych RMC<\/span><\/p>\n<p><span style=\"font-size: 12pt;\"><strong><span style=\"color: #ffffff; background-color: #caa082;\"><span style=\"color: #ffffff; background-color: #c74a46;\">\u00a0KABLE I PRZEWODY<br \/>\n<\/span><\/span><\/strong><b>84<\/b> Oferta Lapp Kabel dla aplikacji kolejowych<\/span><br \/>\n<span style=\"font-size: 12pt;\"> <b>86<\/b> Bezpieczne przewody nkt instal Plus<\/span><br \/>\n<span style=\"font-size: 12pt;\"> <b>88<\/b> Matryce zaciskaj\u0105ce Ergom do zag\u0119szczonych kabli aluminiowych RMC<strong><br \/>\n<\/strong><\/span><\/p>\n<p><span style=\"font-size: 12pt;\"><strong><span style=\"color: #ffffff; background-color: #caa082;\"><span style=\"color: #ffffff; background-color: #007dc5;\">\u00a0SYSTEMY OCHRONY\u00a0<\/span><br \/>\n<\/span><\/strong><b>92<\/b> Systemy sterowania wentylacj\u0105 mechaniczn\u0105 w gara\u017cach<\/span><br \/>\n<span style=\"font-size: 12pt;\"> <b>96<\/b> Bezprzewodowy dzwonek Bulik II firmy Zamel<\/span><\/p>\n<p><span style=\"font-size: 12pt;\"><strong><span style=\"color: #ffffff; background-color: #caa082;\"><span style=\"color: #ffffff; background-color: #fad500;\">\u00a0TECHNIKA \u015aWIETLNA <\/span><br \/>\n<\/span><\/strong><b>98<\/b> Bezpieczne s\u0142upy o\u015bwietleniowe Elektromonta\u017c Rzesz\u00f3w<\/span><br \/>\n<span style=\"font-size: 12pt;\"> <b>100<\/b> Oprawy LED marki Lumax dla powierzchni biurowych<\/span><\/p>\n<p><span style=\"font-size: 12pt;\"><strong><span style=\"color: #ffffff; background-color: #caa082;\"><span style=\"color: #ffffff; background-color: #007dc5;\">\u00a0ZASILANIE\u00a0<\/span><br \/>\n<\/span><\/strong><b>104<\/b> Profesjonalne uk\u0142ady zasilania pr\u0105du sta\u0142ego \u2013 rozwi\u0105zania Weidm\u00fcller<\/span><\/p>\n<p><span style=\"font-size: 12pt;\"><strong><span style=\"color: #ffffff; background-color: #caa082;\"><span style=\"color: #ffffff; background-color: #b191af;\">\u00a0PRZETARGI I INWESTYCJE<br \/>\n<\/span><\/span><\/strong><b>109<\/b>\u00a0Planowane inwestycje<\/span><br \/>\n<span style=\"font-size: 12pt;\"> <b>112<\/b>\u00a0Przetargi w bran\u017cy elektrotechnicznej i energetycznej<\/span><\/p>\n<p><span style=\"font-size: 12pt;\"><strong><span style=\"color: #ffffff; background-color: #caa082;\"><span style=\"color: #ffffff; background-color: #c74a46;\">\u00a0WYDARZENIA\u00a0<\/span><br \/>\n<\/span><\/strong><b>121 <\/b>Relacje z targ\u00f3w, wydarze\u0144, spotka\u0144 bran\u017cowych<\/span><\/p>\n","protected":false},"excerpt":{"rendered":"<p>\u00a0AKTUALNO\u015aCI\u00a0 18\u00a0Indeks koniunktury ELEKTROSYSTEM\u00d3W Sezon urlopowy przyni\u00f3s\u0142 niewielki spadek koniunktury 20\u00a0Gie\u0142dowy Indeks ELEKTROSYSTEM\u00d3W Bran\u017ca kolejny raz obra\u0142a kurs w d\u00f3\u0142 22\u00a0Produkcja wybranych artyku\u0142\u00f3w elektrotechnicznych \u2013 VI 2017 24 Grodno do 2020 roku chce wskoczy\u0107 na podium 25 Kaczmarek Electric wkr\u00f3tce b\u0119dzie mia\u0142 100 oddzia\u0142\u00f3w 26 ZPUE \u0142\u0105czy si\u0142y z Ekoenergetyk\u0105-Polska 28 TIM: 1,3 mld z\u0142&hellip;<\/p>\n","protected":false},"author":2,"featured_media":0,"parent":21940,"menu_order":9,"comment_status":"closed","ping_status":"closed","template":"","meta":[],"_links":{"self":[{"href":"https:\/\/elektrosystemy.pl\/index.php?rest_route=\/wp\/v2\/pages\/25840"}],"collection":[{"href":"https:\/\/elektrosystemy.pl\/index.php?rest_route=\/wp\/v2\/pages"}],"about":[{"href":"https:\/\/elektrosystemy.pl\/index.php?rest_route=\/wp\/v2\/types\/page"}],"author":[{"embeddable":true,"href":"https:\/\/elektrosystemy.pl\/index.php?rest_route=\/wp\/v2\/users\/2"}],"replies":[{"embeddable":true,"href":"https:\/\/elektrosystemy.pl\/index.php?rest_route=%2Fwp%2Fv2%2Fcomments&post=25840"}],"version-history":[{"count":1,"href":"https:\/\/elektrosystemy.pl\/index.php?rest_route=\/wp\/v2\/pages\/25840\/revisions"}],"predecessor-version":[{"id":25841,"href":"https:\/\/elektrosystemy.pl\/index.php?rest_route=\/wp\/v2\/pages\/25840\/revisions\/25841"}],"up":[{"embeddable":true,"href":"https:\/\/elektrosystemy.pl\/index.php?rest_route=\/wp\/v2\/pages\/21940"}],"wp:attachment":[{"href":"https:\/\/elektrosystemy.pl\/index.php?rest_route=%2Fwp%2Fv2%2Fmedia&parent=25840"}],"curies":[{"name":"wp","href":"https:\/\/api.w.org\/{rel}","templated":true}]}}