{"id":26252,"date":"2017-11-02T11:06:43","date_gmt":"2017-11-02T10:06:43","guid":{"rendered":"http:\/\/elektrosystemy.pl\/?page_id=26252"},"modified":"2019-04-13T20:17:25","modified_gmt":"2019-04-13T18:17:25","slug":"pazdziernik-2017","status":"publish","type":"page","link":"https:\/\/elektrosystemy.pl\/?page_id=26252","title":{"rendered":"PA\u0179DZIERNIK 2017"},"content":{"rendered":"<p><span style=\"font-size: 12pt;\"><a href=\"http:\/\/elektrosystemy.pl\/wp-content\/uploads\/2017\/10\/05\/najnowsze-wydanie-pazdziernik-2017\/ES_10_2017_spis.png\"><img loading=\"lazy\" class=\"aligncenter wp-image-25852 size-full\" src=\"http:\/\/elektrosystemy.pl\/wp-content\/uploads\/2017\/10\/05\/najnowsze-wydanie-pazdziernik-2017\/ES_10_2017_spis.png\" alt=\"\" width=\"1024\" height=\"739\" srcset=\"https:\/\/elektrosystemy.pl\/wp-content\/uploads\/2017\/10\/05\/najnowsze-wydanie-pazdziernik-2017\/ES_10_2017_spis.png 1024w, https:\/\/elektrosystemy.pl\/wp-content\/uploads\/2017\/10\/05\/najnowsze-wydanie-pazdziernik-2017\/ES_10_2017_spis-600x433.png 600w, https:\/\/elektrosystemy.pl\/wp-content\/uploads\/2017\/10\/05\/najnowsze-wydanie-pazdziernik-2017\/ES_10_2017_spis-300x217.png 300w, https:\/\/elektrosystemy.pl\/wp-content\/uploads\/2017\/10\/05\/najnowsze-wydanie-pazdziernik-2017\/ES_10_2017_spis-768x554.png 768w\" sizes=\"(max-width: 1024px) 100vw, 1024px\" \/><\/a><\/span><\/p>\n<p><span style=\"font-size: 12pt;\"><a href=\"http:\/\/elektrosystemy.pl\/wp-content\/uploads\/2017\/10\/05\/najnowsze-wydanie-pazdziernik-2017\/OkladkaES_10_2017.png\"><img loading=\"lazy\" class=\"wp-image-25848 size-medium alignleft\" src=\"http:\/\/elektrosystemy.pl\/wp-content\/uploads\/2017\/10\/05\/najnowsze-wydanie-pazdziernik-2017\/OkladkaES_10_2017-209x300.png\" alt=\"\" width=\"209\" height=\"300\" srcset=\"https:\/\/elektrosystemy.pl\/wp-content\/uploads\/2017\/10\/05\/najnowsze-wydanie-pazdziernik-2017\/OkladkaES_10_2017-209x300.png 209w, https:\/\/elektrosystemy.pl\/wp-content\/uploads\/2017\/10\/05\/najnowsze-wydanie-pazdziernik-2017\/OkladkaES_10_2017.png 500w\" sizes=\"(max-width: 209px) 100vw, 209px\" \/><\/a><\/span><span style=\"color: #ffffff; background-color: #ff0000; font-size: 12pt;\"><strong>\u00a0AKTUALNO\u015aCI\u00a0<\/strong><\/span><br \/>\n<span style=\"font-size: 12pt;\"> <b>10<\/b>\u00a0<strong>Indeks koniunktury ELEKTROSYSTEM\u00d3W<\/strong><\/span><br \/>\n<span style=\"font-size: 12pt;\">Ko\u0144c\u00f3wka wakacji przynios\u0142a wzrosty<\/span><br \/>\n<span style=\"font-size: 12pt;\"><b>12<\/b>\u00a0<strong>Gie\u0142dowy Indeks ELEKTROSYSTEM\u00d3W<\/strong><\/span><br \/>\n<span style=\"font-size: 12pt;\">P\u00f3\u0142 roku spadk\u00f3w elektrotechniki na gie\u0142dzie<\/span><br \/>\n<span style=\"font-size: 12pt;\"> <strong>14<\/strong>\u00a0Produkcja wybranych artyku\u0142\u00f3w elektrotechnicznych \u2013 VII 2017<\/span><br \/>\n<span style=\"font-size: 12pt;\"><strong>15<\/strong> Producenci aparatury walcz\u0105 z nieuczciw\u0105 konkurencj\u0105<\/span><br \/>\n<span style=\"font-size: 12pt;\"><strong>16<\/strong>\u00a0Grupa TIM zwi\u0119ksza obroty ale notuje strat\u0119 100 oddzia\u0142\u00f3w<\/span><br \/>\n<span style=\"font-size: 12pt;\"><strong>17<\/strong> Na \u201eDniach Praktyki IT Rittal\u201d dyskutowano o digitalizacji<\/span><br \/>\n<span style=\"font-size: 12pt;\"><strong>18<\/strong> Rentowno\u015b\u0107 sp\u00f3\u0142ek z gie\u0142dy mocno w d\u00f3\u0142\u00a0\u00a0<\/span><br \/>\n<span style=\"font-size: 12pt;\"> <strong>20<\/strong> Wroc\u0142aw po raz czwarty b\u0119dzie stolic\u0105 Przemys\u0142u 4.0\u00a0<\/span><br \/>\n<span style=\"font-size: 12pt;\"><strong>21<\/strong> Sosnowiec wymieni 7,7 tys. lamp na oprawy LED<\/span><br \/>\n<span style=\"font-size: 12pt;\"><strong>21<\/strong> Columbus Energy robi kolejny kok w stron\u0119 GPW\u00a0<\/span><br \/>\n<span style=\"font-size: 12pt;\"><strong>22<\/strong> Przychody i zysk netto Elektrobudowy mocno w d\u00f3\u0142<\/span><br \/>\n<span style=\"font-size: 12pt;\"><strong>22<\/strong> W.EG Polska zapowiada reorganizacj\u0119 grupy<\/span><br \/>\n<span style=\"font-size: 12pt;\"><strong>23<\/strong> NCBR: 600 elektrycznych autobus\u00f3w w 2020 roku\u00a0<\/span><br \/>\n<span style=\"font-size: 12pt;\"><strong>23<\/strong> Phoenix Contact zaprasza na seminaria Safe + Secure<\/span><br \/>\n<span style=\"font-size: 12pt;\"><b>24<\/b> Odsetki od zobowi\u0105za\u0144 zjadaj\u0105 zysk netto Ampli<\/span><br \/>\n<span style=\"font-size: 12pt;\"><strong>24<\/strong> PGE Dystrybucja zako\u0144czy\u0142a inwestycj\u0119 na Podkarpaciu<\/span><\/p>\n<p><span style=\"font-size: 12pt;\"><strong><span style=\"color: #ffffff; background-color: #caa082;\"><span style=\"color: #ffffff; background-color: #3cafd6;\">\u00a0AUTOMATYKA\u00a0<\/span><br \/>\n<\/span><\/strong><b>26<\/b> Bezpieczny dost\u0119p serwisowy do instalacji i maszyn \u2013 rozwi\u0105zanie FL mGuard<\/span><span style=\"font-size: 12pt;\"><strong><br \/>\n<\/strong><\/span><\/p>\n<p><span style=\"font-size: 12pt;\"><strong><span style=\"color: #ffffff; background-color: #00a2a4;\">\u00a0OSPRZ\u0118T INSTALACYJNY\u00a0<\/span><br \/>\n<\/strong><b>30<\/b> Bloki rozdzielcze Ergom dla rozdzielnic nn<\/span><br \/>\n<span style=\"font-size: 12pt;\"><b>32<\/b> Osprz\u0119t instalacyjny marki Mowion<\/span><\/p>\n<p><span style=\"font-size: 12pt;\"><strong><span style=\"color: #ffffff; background-color: #caa082;\"><span style=\"color: #ffffff; background-color: #fad500;\">\u00a0TECHNIKA \u015aWIETLNA <\/span><br \/>\n<\/span><\/strong><b>36<\/b> Systemy \u015bwietlne LED firmy Gewiss<\/span><br \/>\n<span style=\"font-size: 12pt;\"><b>40<\/b> Rozwi\u0105zania Lena Lighting w jednostkach Pa\u0144stwowej Stra\u017cy Po\u017carnej<br \/>\n<b>42<\/b> Oprawy uliczne marki Lumax<br \/>\n<\/span><\/p>\n<p><span style=\"font-size: 12pt;\"><strong><span style=\"color: #ffffff; background-color: #cc6a2d;\">\u00a0MIERNICTWO\u00a0<\/span><br \/>\n<\/strong><b>46<\/b> Fluke Ti450 SF6 \u2013 kamera termowizyjna\u00a0z detektorem gazu SF<sub>6<\/sub><\/span><\/p>\n<p><span style=\"font-size: 12pt;\"><strong><span style=\"color: #ffffff; background-color: #caa082;\"><span style=\"color: #ffffff; background-color: #c74a46;\">\u00a0KABLE I PRZEWODY <\/span><\/span><br \/>\n<\/strong><b>48<\/b> Narz\u0119dzia Klauke K43\/2V i 2U do zdejmowania trudnych izolacji<\/span><br \/>\n<span style=\"font-size: 12pt;\"><b>50<\/b> Rozwi\u0105zania Lapp Kabel w maszynach pakuj\u0105cych firmy Radpak<\/span><span style=\"font-size: 12pt;\"><strong><br \/>\n<\/strong><\/span><\/p>\n<p><span style=\"font-size: 12pt;\"><strong><span style=\"color: #ffffff; background-color: #caa082;\"><span style=\"color: #ffffff; background-color: #b191af;\">\u00a0PRZETARGI I INWESTYCJE <\/span><\/span><br \/>\n<\/strong><b>53<\/b>\u00a0Planowane inwestycje<\/span><br \/>\n<span style=\"font-size: 12pt;\"><b>58<\/b>\u00a0Przetargi w bran\u017cy elektrotechnicznej i energetycznej<\/span><\/p>\n<p><span style=\"font-size: 12pt;\"><strong><span style=\"color: #ffffff; background-color: #caa082;\"><span style=\"color: #ffffff; background-color: #d2232a;\">\u00a0WYDARZENIA\u00a0<\/span><br \/>\n<\/span><\/strong><b>67\u00a0<\/b>Relacje z targ\u00f3w, wydarze\u0144, spotka\u0144 bran\u017cowych<\/span><\/p>\n<p><span style=\"font-size: 12pt;\"><strong>Dodatek:\u00a0&#8220;TECHNIKA \u015aWIETLNA&#8221;<\/strong><\/span><\/p>\n<p><span style=\"font-size: 12pt;\"><a href=\"http:\/\/elektrosystemy.pl\/wp-content\/uploads\/2017\/10\/05\/najnowsze-wydanie-pazdziernik-2017\/Okladka_TS_10_2017.png\"><img loading=\"lazy\" class=\"alignleft wp-image-25850 size-medium\" src=\"http:\/\/elektrosystemy.pl\/wp-content\/uploads\/2017\/10\/05\/najnowsze-wydanie-pazdziernik-2017\/Okladka_TS_10_2017-200x300.png\" alt=\"\" width=\"200\" height=\"300\" srcset=\"https:\/\/elektrosystemy.pl\/wp-content\/uploads\/2017\/10\/05\/najnowsze-wydanie-pazdziernik-2017\/Okladka_TS_10_2017-200x300.png 200w, https:\/\/elektrosystemy.pl\/wp-content\/uploads\/2017\/10\/05\/najnowsze-wydanie-pazdziernik-2017\/Okladka_TS_10_2017.png 500w\" sizes=\"(max-width: 200px) 100vw, 200px\" \/><\/a><strong style=\"font-size: 12pt;\">4<\/strong> Od led\u00f3w nie ma odwrotu<br \/>\n<\/span><span style=\"font-size: 12pt;\"><b>14 <\/b>Oprawy EXF i EXL\u00a0firmy ATM Lighting<br \/>\ndo stref zagro\u017cenia wybuchem<br \/>\n<b>18\u00a0<\/b>Oprawy o\u015bwietleniowe w wykonaniu przeciwwybuchowym<br \/>\n<\/span><span style=\"font-size: 12pt;\"><b>22 <\/b>Sterowniki o\u015bwietlenia ulicznego<br \/>\n<strong style=\"font-size: 12pt;\">25<\/strong> S\u0142upy o\u015bwietleniowe<br \/>\n<strong>28<\/strong> Oprawy przemys\u0142owe LED<br \/>\n<\/span><\/p>\n<p><span style=\"font-size: 12pt;\">\u00a0<\/span><\/p>\n","protected":false},"excerpt":{"rendered":"<p>\u00a0AKTUALNO\u015aCI\u00a0 10\u00a0Indeks koniunktury ELEKTROSYSTEM\u00d3W Ko\u0144c\u00f3wka wakacji przynios\u0142a wzrosty 12\u00a0Gie\u0142dowy Indeks ELEKTROSYSTEM\u00d3W P\u00f3\u0142 roku spadk\u00f3w elektrotechniki na gie\u0142dzie 14\u00a0Produkcja wybranych artyku\u0142\u00f3w elektrotechnicznych \u2013 VII 2017 15 Producenci aparatury walcz\u0105 z nieuczciw\u0105 konkurencj\u0105 16\u00a0Grupa TIM zwi\u0119ksza obroty ale notuje strat\u0119 100 oddzia\u0142\u00f3w 17 Na \u201eDniach Praktyki IT Rittal\u201d dyskutowano o digitalizacji 18 Rentowno\u015b\u0107 sp\u00f3\u0142ek z gie\u0142dy mocno&hellip;<\/p>\n","protected":false},"author":2,"featured_media":0,"parent":21940,"menu_order":10,"comment_status":"closed","ping_status":"closed","template":"","meta":[],"_links":{"self":[{"href":"https:\/\/elektrosystemy.pl\/index.php?rest_route=\/wp\/v2\/pages\/26252"}],"collection":[{"href":"https:\/\/elektrosystemy.pl\/index.php?rest_route=\/wp\/v2\/pages"}],"about":[{"href":"https:\/\/elektrosystemy.pl\/index.php?rest_route=\/wp\/v2\/types\/page"}],"author":[{"embeddable":true,"href":"https:\/\/elektrosystemy.pl\/index.php?rest_route=\/wp\/v2\/users\/2"}],"replies":[{"embeddable":true,"href":"https:\/\/elektrosystemy.pl\/index.php?rest_route=%2Fwp%2Fv2%2Fcomments&post=26252"}],"version-history":[{"count":1,"href":"https:\/\/elektrosystemy.pl\/index.php?rest_route=\/wp\/v2\/pages\/26252\/revisions"}],"predecessor-version":[{"id":26253,"href":"https:\/\/elektrosystemy.pl\/index.php?rest_route=\/wp\/v2\/pages\/26252\/revisions\/26253"}],"up":[{"embeddable":true,"href":"https:\/\/elektrosystemy.pl\/index.php?rest_route=\/wp\/v2\/pages\/21940"}],"wp:attachment":[{"href":"https:\/\/elektrosystemy.pl\/index.php?rest_route=%2Fwp%2Fv2%2Fmedia&parent=26252"}],"curies":[{"name":"wp","href":"https:\/\/api.w.org\/{rel}","templated":true}]}}