{"id":26530,"date":"2017-12-06T11:17:37","date_gmt":"2017-12-06T10:17:37","guid":{"rendered":"http:\/\/elektrosystemy.pl\/?page_id=26530"},"modified":"2019-04-13T20:35:57","modified_gmt":"2019-04-13T18:35:57","slug":"listopad-2017","status":"publish","type":"page","link":"https:\/\/elektrosystemy.pl\/?page_id=26530","title":{"rendered":"LISTOPAD 2017"},"content":{"rendered":"<p><span style=\"font-size: 12pt;\"><a href=\"http:\/\/elektrosystemy.pl\/wp-content\/uploads\/2017\/11\/02\/ES_11_2017_spis.jpg\"><img loading=\"lazy\" class=\"aligncenter wp-image-26257 size-full\" src=\"http:\/\/elektrosystemy.pl\/wp-content\/uploads\/2017\/11\/02\/ES_11_2017_spis.jpg\" alt=\"\" width=\"1024\" height=\"739\" srcset=\"https:\/\/elektrosystemy.pl\/wp-content\/uploads\/2017\/11\/02\/ES_11_2017_spis.jpg 1024w, https:\/\/elektrosystemy.pl\/wp-content\/uploads\/2017\/11\/02\/ES_11_2017_spis-600x433.jpg 600w, https:\/\/elektrosystemy.pl\/wp-content\/uploads\/2017\/11\/02\/ES_11_2017_spis-300x217.jpg 300w, https:\/\/elektrosystemy.pl\/wp-content\/uploads\/2017\/11\/02\/ES_11_2017_spis-768x554.jpg 768w\" sizes=\"(max-width: 1024px) 100vw, 1024px\" \/><\/a><\/span><\/p>\n<p><span style=\"font-size: 12pt;\"><a href=\"http:\/\/elektrosystemy.pl\/wp-content\/uploads\/2017\/11\/02\/OkladkaES_11_2017.jpg\"><img loading=\"lazy\" class=\"alignleft wp-image-26259 size-medium\" src=\"http:\/\/elektrosystemy.pl\/wp-content\/uploads\/2017\/11\/02\/OkladkaES_11_2017-209x300.jpg\" alt=\"\" width=\"209\" height=\"300\" srcset=\"https:\/\/elektrosystemy.pl\/wp-content\/uploads\/2017\/11\/02\/OkladkaES_11_2017-209x300.jpg 209w, https:\/\/elektrosystemy.pl\/wp-content\/uploads\/2017\/11\/02\/OkladkaES_11_2017.jpg 500w\" sizes=\"(max-width: 209px) 100vw, 209px\" \/><\/a><\/span><span style=\"color: #ffffff; background-color: #ff0000; font-size: 12pt;\"><strong>\u00a0AKTUALNO\u015aCI\u00a0<\/strong><\/span><br \/>\n<span style=\"font-size: 12pt;\"> <b>12<\/b>\u00a0<strong>Indeks koniunktury ELEKTROSYSTEM\u00d3W<\/strong><\/span><br \/>\n<span style=\"font-size: 12pt;\">Koniunktura w bran\u017cy mocno przyspiesza<\/span><br \/>\n<span style=\"font-size: 12pt;\"><b>14<\/b>\u00a0<strong>Gie\u0142dowy Indeks ELEKTROSYSTEM\u00d3W<\/strong><\/span><br \/>\n<span style=\"font-size: 12pt;\">Bran\u017ca na gie\u0142dzie zn\u00f3w obra\u0142a kurs w d\u00f3\u0142<\/span><br \/>\n<span style=\"font-size: 12pt;\"> <strong>16<\/strong>\u00a0Produkcja wybranych artyku\u0142\u00f3w<br \/>\nelektrotechnicznych \u2013 VIII 2017<\/span><br \/>\n<span style=\"font-size: 12pt;\"><strong>18<\/strong> Dassault Syst\u00e8mes prezentuje Solidworks 2018<\/span><br \/>\n<span style=\"font-size: 12pt;\"><strong>19<\/strong> Przystanek z modu\u0142ami PV firmy Bruk-Bet Solar<\/span><br \/>\n<span style=\"font-size: 12pt;\"><strong>20<\/strong> Kaczmarek Electric mia\u0142\u00a0rekordowy trzeci kwarta\u0142<\/span><br \/>\n<span style=\"font-size: 12pt;\"><strong>21<\/strong> Najwi\u0119kszy zak\u0142ad baterii e-aut powstaje w Polsce\u00a0\u00a0<\/span><br \/>\n<span style=\"font-size: 12pt;\"> <strong>22<\/strong> Electrolux wdra\u017ca elementy Przemys\u0142u 4.0\u00a0<\/span><br \/>\n<span style=\"font-size: 12pt;\"><strong>23<\/strong> Philips Lighting tworzy w \u0141odzi Centrum Finansowe<\/span><br \/>\n<span style=\"font-size: 12pt;\"><strong>24<\/strong> Atrem zdobywa lotniskowe kontrakty\u00a0<\/span><br \/>\n<span style=\"font-size: 12pt;\"><strong>24<\/strong> W S\u0142upsku powstaje Centrum Nowoczesnych Us\u0142ug<\/span><br \/>\n<span style=\"font-size: 12pt;\"><strong>25<\/strong> Pierwsze urz\u0105dzenia Fibaro dost\u0119pne w sklepie Apple<\/span><br \/>\n<span style=\"font-size: 12pt;\"><strong>25<\/strong> Energa-Operator zrealizuje du\u017c\u0105 inwestycj\u0119 smart grid\u00a0<\/span><br \/>\n<span style=\"font-size: 12pt;\"><strong>26<\/strong> Siemens rozwija wsp\u00f3\u0142prac\u0119 z ZDM\u2026<\/span><br \/>\n<span style=\"font-size: 12pt;\"><b>26<\/b> \u2026 i pracuje nad \u201er\u0119kawic\u0105 danych\u201d<\/span><br \/>\n<span style=\"font-size: 12pt;\"><strong>27<\/strong> LTT o\u015bwietli\u0142a Galeri\u0119 P\u00f3\u0142nocn\u0105<br \/>\n<strong>27<\/strong> PGE ma zgod\u0119 na przej\u0119cie aktyw\u00f3w EDF w Polsce<br \/>\n<strong>28<\/strong> ZUE zadba o o\u015bwietlenie uliczne w Krakowie<br \/>\n<strong>28<\/strong> Greenway i Nissan nawi\u0105zuj\u0105 wsp\u00f3\u0142prac\u0119<br \/>\n<\/span><\/p>\n<p><span style=\"font-size: 12pt;\"><strong><span style=\"color: #ffffff; background-color: #caa082;\"><span style=\"color: #ffffff; background-color: #c74a46;\">\u00a0KABLE I PRZEWODY <\/span><\/span><br \/>\n<\/strong><b>30<\/b> Produkty Lapp Kabel w projektach studenckich<\/span><span style=\"font-size: 12pt;\"><strong><br \/>\n<\/strong><\/span><\/p>\n<p><span style=\"font-size: 12pt;\"><strong><span style=\"color: #ffffff; background-color: #a54686;\">\u00a0ROZDZIA\u0141 ENERGII\u00a0<\/span><\/strong><br \/>\n<b>32<\/b> Inteligentne rozdzielnice Sivacon S8 i S4 firmy Siemens<\/span><\/p>\n<p><span style=\"font-size: 12pt;\"><strong><span style=\"color: #ffffff; background-color: #ea802c;\">\u00a0APARATURA \u0141\u0104CZENIOWA\u00a0<\/span><br \/>\n<\/strong><b>35<\/b> Styczniki i przeka\u017aniki przeci\u0105\u017ceniowe firmy Noark Electric<\/span><\/p>\n<p><span style=\"font-size: 12pt;\"><strong><span style=\"color: #ffffff; background-color: #cc6a2d;\">\u00a0MIERNICTWO\u00a0<\/span><br \/>\n<\/strong><b>40<\/b>\u00a0Mierniki Flir DM285, CM275, DM166 z funkcj\u0105 termowizji<\/span><\/p>\n<p><span style=\"font-size: 12pt;\"><strong><span style=\"color: #ffffff; background-color: #caa082;\"><span style=\"color: #ffffff; background-color: #fad500;\">\u00a0TECHNIKA \u015aWIETLNA <\/span><br \/>\n<\/span><\/strong><b>42<\/b> Modernizacja o\u015bwietlenia w markecie Intermarche\u00a0\u2013 rozwi\u0105zania Lena Lighting<\/span><br \/>\n<span style=\"font-size: 12pt;\"><b>44<\/b>\u00a0O\u015bwietlenie firmy Gewiss\u00a0w zak\u0142adach Elah Dufour Novi<br \/>\n<b>48<\/b> Oprawy High Bay LED marki Luma<br \/>\n<\/span><\/p>\n<p><span style=\"font-size: 12pt;\"><strong><span style=\"color: #ffffff; background-color: #caa082;\"><span style=\"color: #ffffff; background-color: #3cafd6;\">\u00a0AUTOMATYKA\u00a0<\/span><br \/>\n<\/span><\/strong><b>51<\/b> Cyfryzacja w przemy\u015ble \u2013 centra danych typu edged<br \/>\n<\/span><b>52<\/b> Nowe jednofunkcyjne przeka\u017aniki czasowe firmy Relpol<span style=\"font-size: 12pt;\"><strong><br \/>\n<\/strong><\/span><\/p>\n<p><span style=\"font-size: 12pt;\"><strong><span style=\"color: #ffffff; background-color: #7db2b0;\">\u00a0NORMY I PRZEPISY\u00a0<\/span><br \/>\n<\/strong><b>54<\/b> Polska terminologia w dziedzinie elektryczno\u015bci<\/span><\/p>\n<p><span style=\"font-size: 12pt;\"><strong><span style=\"color: #ffffff; background-color: #caa082;\"><span style=\"color: #ffffff; background-color: #b191af;\">\u00a0PRZETARGI I INWESTYCJE <\/span><\/span><br \/>\n<\/strong><b>57<\/b>\u00a0Planowane inwestycje<\/span><br \/>\n<span style=\"font-size: 12pt;\"><b>62<\/b>\u00a0Przetargi w bran\u017cy elektrotechnicznej i energetycznej<\/span><\/p>\n<p><span style=\"font-size: 12pt;\"><strong><span style=\"color: #ffffff; background-color: #caa082;\"><span style=\"color: #ffffff; background-color: #d2232a;\">\u00a0WYDARZENIA\u00a0<\/span><br \/>\n<\/span><\/strong><b>71\u00a0<\/b>Relacje z targ\u00f3w, wydarze\u0144, spotka\u0144 bran\u017cowych<\/span><\/p>\n<p><span style=\"font-size: 12pt;\"><strong>Dodatek:\u00a0&#8220;HURTOWNIE ELEKTROTECHNICZNE&#8221;<\/strong><\/span><\/p>\n<p><span style=\"font-size: 12pt;\"><a href=\"http:\/\/elektrosystemy.pl\/wp-content\/uploads\/2017\/11\/02\/Okladka_HE_11_2017.jpg\"><img loading=\"lazy\" class=\"wp-image-26258 size-medium alignleft\" src=\"http:\/\/elektrosystemy.pl\/wp-content\/uploads\/2017\/11\/02\/Okladka_HE_11_2017-199x300.jpg\" alt=\"\" width=\"199\" height=\"300\" srcset=\"https:\/\/elektrosystemy.pl\/wp-content\/uploads\/2017\/11\/02\/Okladka_HE_11_2017-199x300.jpg 199w, https:\/\/elektrosystemy.pl\/wp-content\/uploads\/2017\/11\/02\/Okladka_HE_11_2017.jpg 500w\" sizes=\"(max-width: 199px) 100vw, 199px\" \/><\/a><strong style=\"font-size: 12pt;\">4<\/strong> Hurtownie wracaj\u0105\u00a0na \u015bcie\u017ck\u0119 wzrostu<br \/>\n<\/span><span style=\"font-size: 12pt;\"><b>18\u00a0<\/b>Ostatnie 10 lat w bran\u017cy przynios\u0142o wiele zmian<br \/>\n<\/span><span style=\"font-size: 12pt;\"><b>24\u00a0<\/b>\u201eWadliwe\u201d produkty\u00a0w ofercie hurtowni<br \/>\n<\/span><\/p>\n<p><span style=\"font-size: 12pt;\">\u00a0<\/span><\/p>\n","protected":false},"excerpt":{"rendered":"<p>\u00a0AKTUALNO\u015aCI\u00a0 12\u00a0Indeks koniunktury ELEKTROSYSTEM\u00d3W Koniunktura w bran\u017cy mocno przyspiesza 14\u00a0Gie\u0142dowy Indeks ELEKTROSYSTEM\u00d3W Bran\u017ca na gie\u0142dzie zn\u00f3w obra\u0142a kurs w d\u00f3\u0142 16\u00a0Produkcja wybranych artyku\u0142\u00f3w elektrotechnicznych \u2013 VIII 2017 18 Dassault Syst\u00e8mes prezentuje Solidworks 2018 19 Przystanek z modu\u0142ami PV firmy Bruk-Bet Solar 20 Kaczmarek Electric mia\u0142\u00a0rekordowy trzeci kwarta\u0142 21 Najwi\u0119kszy zak\u0142ad baterii e-aut powstaje w Polsce\u00a0\u00a0&hellip;<\/p>\n","protected":false},"author":2,"featured_media":0,"parent":21940,"menu_order":11,"comment_status":"closed","ping_status":"closed","template":"","meta":[],"_links":{"self":[{"href":"https:\/\/elektrosystemy.pl\/index.php?rest_route=\/wp\/v2\/pages\/26530"}],"collection":[{"href":"https:\/\/elektrosystemy.pl\/index.php?rest_route=\/wp\/v2\/pages"}],"about":[{"href":"https:\/\/elektrosystemy.pl\/index.php?rest_route=\/wp\/v2\/types\/page"}],"author":[{"embeddable":true,"href":"https:\/\/elektrosystemy.pl\/index.php?rest_route=\/wp\/v2\/users\/2"}],"replies":[{"embeddable":true,"href":"https:\/\/elektrosystemy.pl\/index.php?rest_route=%2Fwp%2Fv2%2Fcomments&post=26530"}],"version-history":[{"count":1,"href":"https:\/\/elektrosystemy.pl\/index.php?rest_route=\/wp\/v2\/pages\/26530\/revisions"}],"predecessor-version":[{"id":26531,"href":"https:\/\/elektrosystemy.pl\/index.php?rest_route=\/wp\/v2\/pages\/26530\/revisions\/26531"}],"up":[{"embeddable":true,"href":"https:\/\/elektrosystemy.pl\/index.php?rest_route=\/wp\/v2\/pages\/21940"}],"wp:attachment":[{"href":"https:\/\/elektrosystemy.pl\/index.php?rest_route=%2Fwp%2Fv2%2Fmedia&parent=26530"}],"curies":[{"name":"wp","href":"https:\/\/api.w.org\/{rel}","templated":true}]}}