{"id":26733,"date":"2018-01-02T11:24:40","date_gmt":"2018-01-02T10:24:40","guid":{"rendered":"http:\/\/elektrosystemy.pl\/?page_id=26733"},"modified":"2019-04-13T20:22:28","modified_gmt":"2019-04-13T18:22:28","slug":"najnowsze-wydanie-luty-2015-2","status":"publish","type":"page","link":"https:\/\/elektrosystemy.pl\/?page_id=26733","title":{"rendered":"GRUDZIE\u0143 2017"},"content":{"rendered":"<p><span style=\"font-size: 12pt;\"><a href=\"http:\/\/elektrosystemy.pl\/wp-content\/uploads\/2016\/02\/01\/najnowsze-wydanie-luty-2015\/ES_12_2017_spis.jpg\"><img loading=\"lazy\" class=\"aligncenter wp-image-26534 size-full\" src=\"http:\/\/elektrosystemy.pl\/wp-content\/uploads\/2016\/02\/01\/najnowsze-wydanie-luty-2015\/ES_12_2017_spis.jpg\" alt=\"\" width=\"1024\" height=\"739\" srcset=\"https:\/\/elektrosystemy.pl\/wp-content\/uploads\/2016\/02\/01\/najnowsze-wydanie-luty-2015\/ES_12_2017_spis.jpg 1024w, https:\/\/elektrosystemy.pl\/wp-content\/uploads\/2016\/02\/01\/najnowsze-wydanie-luty-2015\/ES_12_2017_spis-600x433.jpg 600w, https:\/\/elektrosystemy.pl\/wp-content\/uploads\/2016\/02\/01\/najnowsze-wydanie-luty-2015\/ES_12_2017_spis-300x217.jpg 300w, https:\/\/elektrosystemy.pl\/wp-content\/uploads\/2016\/02\/01\/najnowsze-wydanie-luty-2015\/ES_12_2017_spis-768x554.jpg 768w\" sizes=\"(max-width: 1024px) 100vw, 1024px\" \/><\/a><\/span><\/p>\n<p><span style=\"font-size: 12pt;\"><a href=\"http:\/\/elektrosystemy.pl\/wp-content\/uploads\/2016\/02\/01\/najnowsze-wydanie-luty-2015\/OkladkaES_12_2017.jpg\"><img loading=\"lazy\" class=\"alignleft wp-image-26535 size-medium\" src=\"http:\/\/elektrosystemy.pl\/wp-content\/uploads\/2016\/02\/01\/najnowsze-wydanie-luty-2015\/OkladkaES_12_2017-208x300.jpg\" alt=\"\" width=\"208\" height=\"300\" srcset=\"https:\/\/elektrosystemy.pl\/wp-content\/uploads\/2016\/02\/01\/najnowsze-wydanie-luty-2015\/OkladkaES_12_2017-208x300.jpg 208w, https:\/\/elektrosystemy.pl\/wp-content\/uploads\/2016\/02\/01\/najnowsze-wydanie-luty-2015\/OkladkaES_12_2017.jpg 500w\" sizes=\"(max-width: 208px) 100vw, 208px\" \/><\/a><\/span><span style=\"color: #ffffff; background-color: #ff0000; font-size: 12pt;\"><strong>\u00a0AKTUALNO\u015aCI\u00a0<\/strong><\/span><br \/>\n<span style=\"font-size: 12pt;\"> <b>12<\/b>\u00a0<strong>Indeks koniunktury ELEKTROSYSTEM\u00d3W<\/strong><\/span><br \/>\n<span style=\"font-size: 12pt;\">Wysokie wzrosty koniunktury utrzymane<\/span><br \/>\n<span style=\"font-size: 12pt;\"><b>14<\/b>\u00a0<strong>Gie\u0142dowy Indeks ELEKTROSYSTEM\u00d3W<\/strong><\/span><br \/>\n<span style=\"font-size: 12pt;\">Zaledwie trzy sp\u00f3\u0142ki poprawi\u0142y notowania<\/span><br \/>\n<span style=\"font-size: 12pt;\"> <strong>16<\/strong>\u00a0Produkcja wybranych artyku\u0142\u00f3w<br \/>\nelektrotechnicznych \u2013 IX 2017<\/span><br \/>\n<span style=\"font-size: 12pt;\"><strong>17<\/strong> reichelt elektronik chce\u00a0zdoby\u0107 polski rynek<\/span><br \/>\n<span style=\"font-size: 12pt;\"><strong>18<\/strong> Grodno poprawia wyniki\u00a0i stawia na sprzeda\u017c online<\/span><br \/>\n<span style=\"font-size: 12pt;\"><strong>19<\/strong> Relpol mia\u0142 udany trzeci kwarta\u0142<\/span><br \/>\n<span style=\"font-size: 12pt;\"><strong>20<\/strong> Przychody Grupy TIM wzros\u0142y do 515 mln z\u0142\u00a0\u00a0<\/span><br \/>\n<span style=\"font-size: 12pt;\"> <strong>21<\/strong> Eaton wspiera rozw\u00f3j Inteligentnych Fabryk\u00a0<\/span><br \/>\n<span style=\"font-size: 12pt;\"><strong>22<\/strong> Zamel rozbudowuje zaplecze\u00a0produkcyjno-magazynowe<\/span><br \/>\n<span style=\"font-size: 12pt;\"><strong>22<\/strong> ABB zwi\u0119kszy produkcj\u0119 transformator\u00f3w w \u0141odzi\u00a0<\/span><br \/>\n<span style=\"font-size: 12pt;\"><strong>23<\/strong> O wyborze gniazd i \u0142\u0105cznik\u00f3w decyduje elektroinstalator<\/span><br \/>\n<span style=\"font-size: 12pt;\"><strong>23<\/strong> Dassault Syst\u00e8mes nawi\u0105zuje wsp\u00f3\u0142prac\u0119 z firm\u0105 Scania<\/span><br \/>\n<span style=\"font-size: 12pt;\"><strong>24<\/strong>\u00a0Osram i Continental\u00a0tworz\u0105 joint venture<\/span><br \/>\n<span style=\"font-size: 12pt;\"><strong>24<\/strong> Cez Esco Polska wymieni o\u015bwietlenie w Kowarach<\/span><br \/>\n<span style=\"font-size: 12pt;\"><b>25<\/b> Zakupy w e-sklepie Helukabel z rabatem 10%<\/span><br \/>\n<span style=\"font-size: 12pt;\"><strong>25<\/strong> ES-System liczy na dobr\u0105 ko\u0144c\u00f3wk\u0119 roku<br \/>\n<strong>26<\/strong> PGE sfinalizowa\u0142o przej\u0119cie EDF Polska<br \/>\n<strong>26<\/strong> Nowe e-autobusy Volvo\u00a0powstan\u0105 we Wroc\u0142awiu<br \/>\n<\/span><\/p>\n<p><span style=\"font-size: 12pt;\"><strong><span style=\"color: #ffffff; background-color: #caa082;\"><span style=\"color: #ffffff; background-color: #3cafd6;\">\u00a0AUTOMATYKA\u00a0<\/span><br \/>\n<\/span><\/strong><b>28<\/b> Modu\u0142y u-remote IO-Link firmy Weidm\u00fcller<br \/>\n<\/span><b>34<\/b> Igus: konfigurator online do \u015brub nap\u0119dowych<br \/>\n<b>36<\/b> Zawiasy z wbudowanym \u0142\u0105cznikiem bezpiecze\u0144stwa\u00a0<span style=\"font-size: 12pt;\"><strong><br \/>\n<\/strong><\/span><\/p>\n<p><span style=\"font-size: 12pt;\"><strong><span style=\"color: #ffffff; background-color: #d3a887;\">\u00a0APARATY ZABEZPIECZAJ\u0104CE <\/span><br \/>\n<\/strong><b>38<\/b> ReStart i ReStart Autotest \u2013 funkcje bezpiecze\u0144stwa\u00a0w aparatach Gewiss<\/span><\/p>\n<p><span style=\"font-size: 12pt;\"><strong><span style=\"color: #ffffff; background-color: #caa082;\"><span style=\"color: #ffffff; background-color: #c74a46;\">\u00a0KABLE I PRZEWODY <\/span><\/span><br \/>\n<\/strong><b>40<\/b> Rozwi\u0105zania Lapp Kabel w produkcji drzwi\u00a0specjalistycznych<\/span><span style=\"font-size: 12pt;\"><strong><br \/>\n<\/strong><\/span><\/p>\n<p><span style=\"font-size: 12pt;\"><strong><span style=\"color: #ffffff; background-color: #caa082;\"><span style=\"color: #ffffff; background-color: #fad500;\">\u00a0TECHNIKA \u015aWIETLNA <\/span><br \/>\n<\/span><\/strong><b>42<\/b> Zamel: sterowanie o\u015bwietleniem choinkowym za pomoc\u0105 smartfona<\/span><br \/>\n<span style=\"font-size: 12pt;\"><b>44<\/b> Oprawy hermetyczne i linie \u015bwietlne Lumax<\/span><\/p>\n<p><b><\/b><span style=\"font-size: 12pt;\"><strong><span style=\"color: #ffffff; background-color: #00959e;\">\u00a0OSPRZ\u0118T\u00a0INSTALACYJNY <\/span><\/strong><br \/>\n<b>48<\/b> Bloki z\u0142\u0105czy PT do pod\u0142\u0105czenia silnika<\/span><\/p>\n<p><span style=\"font-size: 12pt;\"><strong><span style=\"color: #ffffff; background-color: #0075bf;\">\u00a0ZASILANIE <\/span><br \/>\n<\/strong><b>51<\/b> Kompensacja mocy biernej w UPS-ach Ever Powerline Green 33 Lite<br \/>\n<b>54<\/b> Modu\u0142owy kompensacyjny UPS Enertronic modular SE<br \/>\n<\/span><\/p>\n<p><span style=\"font-size: 12pt;\"><strong><span style=\"color: #ffffff; background-color: #caa082;\"><span style=\"color: #ffffff; background-color: #b191af;\">\u00a0PRZETARGI I INWESTYCJE <\/span><\/span><br \/>\n<\/strong><b>57<\/b>\u00a0Planowane inwestycje<\/span><br \/>\n<span style=\"font-size: 12pt;\"><b>62<\/b>\u00a0Przetargi w bran\u017cy elektrotechnicznej i energetycznej<\/span><\/p>\n<p><span style=\"font-size: 12pt;\"><strong><span style=\"color: #ffffff; background-color: #caa082;\"><span style=\"color: #ffffff; background-color: #d2232a;\">\u00a0WYDARZENIA\u00a0<\/span><br \/>\n<\/span><\/strong><b>71\u00a0<\/b>Relacje z targ\u00f3w, wydarze\u0144, spotka\u0144 bran\u017cowych<\/span><\/p>\n<p><span style=\"font-size: 12pt;\"><strong>Dodatek:\u00a0&#8220;ZASILANIE&#8221;<\/strong><\/span><\/p>\n<p><span style=\"font-size: 12pt;\"><a href=\"http:\/\/elektrosystemy.pl\/wp-content\/uploads\/2016\/02\/01\/najnowsze-wydanie-luty-2015\/Okladka_Zasilanie_12_2017.jpg\"><img loading=\"lazy\" class=\"alignleft wp-image-26536 size-medium\" src=\"http:\/\/elektrosystemy.pl\/wp-content\/uploads\/2016\/02\/01\/najnowsze-wydanie-luty-2015\/Okladka_Zasilanie_12_2017-199x300.jpg\" alt=\"\" width=\"199\" height=\"300\" srcset=\"https:\/\/elektrosystemy.pl\/wp-content\/uploads\/2016\/02\/01\/najnowsze-wydanie-luty-2015\/Okladka_Zasilanie_12_2017-199x300.jpg 199w, https:\/\/elektrosystemy.pl\/wp-content\/uploads\/2016\/02\/01\/najnowsze-wydanie-luty-2015\/Okladka_Zasilanie_12_2017.jpg 500w\" sizes=\"(max-width: 199px) 100vw, 199px\" \/><\/a><strong style=\"font-size: 12pt;\">4<\/strong> Rynek zasilania powraca na \u015bcie\u017ck\u0119 wzrostu<br \/>\n<\/span><span style=\"font-size: 12pt;\"><b>16\u00a0<\/b>Zasilacze UPS,\u00a0zespo\u0142y pr\u0105dotw\u00f3rcze<br \/>\n<\/span><span style=\"font-size: 12pt;\"><b>18\u00a0<\/b>Zasilacze UPS \u2013 przegl\u0105d oferty rynkowej<br \/>\n<b>28\u00a0<\/b>Zespo\u0142y pr\u0105dotw\u00f3rcze \u2013 wybrane rozwi\u0105zania<\/span><\/p>\n","protected":false},"excerpt":{"rendered":"<p>\u00a0AKTUALNO\u015aCI\u00a0 12\u00a0Indeks koniunktury ELEKTROSYSTEM\u00d3W Wysokie wzrosty koniunktury utrzymane 14\u00a0Gie\u0142dowy Indeks ELEKTROSYSTEM\u00d3W Zaledwie trzy sp\u00f3\u0142ki poprawi\u0142y notowania 16\u00a0Produkcja wybranych artyku\u0142\u00f3w elektrotechnicznych \u2013 IX 2017 17 reichelt elektronik chce\u00a0zdoby\u0107 polski rynek 18 Grodno poprawia wyniki\u00a0i stawia na sprzeda\u017c online 19 Relpol mia\u0142 udany trzeci kwarta\u0142 20 Przychody Grupy TIM wzros\u0142y do 515 mln z\u0142\u00a0\u00a0 21 Eaton wspiera&hellip;<\/p>\n","protected":false},"author":2,"featured_media":0,"parent":21940,"menu_order":12,"comment_status":"closed","ping_status":"closed","template":"","meta":[],"_links":{"self":[{"href":"https:\/\/elektrosystemy.pl\/index.php?rest_route=\/wp\/v2\/pages\/26733"}],"collection":[{"href":"https:\/\/elektrosystemy.pl\/index.php?rest_route=\/wp\/v2\/pages"}],"about":[{"href":"https:\/\/elektrosystemy.pl\/index.php?rest_route=\/wp\/v2\/types\/page"}],"author":[{"embeddable":true,"href":"https:\/\/elektrosystemy.pl\/index.php?rest_route=\/wp\/v2\/users\/2"}],"replies":[{"embeddable":true,"href":"https:\/\/elektrosystemy.pl\/index.php?rest_route=%2Fwp%2Fv2%2Fcomments&post=26733"}],"version-history":[{"count":1,"href":"https:\/\/elektrosystemy.pl\/index.php?rest_route=\/wp\/v2\/pages\/26733\/revisions"}],"predecessor-version":[{"id":26734,"href":"https:\/\/elektrosystemy.pl\/index.php?rest_route=\/wp\/v2\/pages\/26733\/revisions\/26734"}],"up":[{"embeddable":true,"href":"https:\/\/elektrosystemy.pl\/index.php?rest_route=\/wp\/v2\/pages\/21940"}],"wp:attachment":[{"href":"https:\/\/elektrosystemy.pl\/index.php?rest_route=%2Fwp%2Fv2%2Fmedia&parent=26733"}],"curies":[{"name":"wp","href":"https:\/\/api.w.org\/{rel}","templated":true}]}}