{"id":26950,"date":"2018-01-30T12:47:52","date_gmt":"2018-01-30T11:47:52","guid":{"rendered":"http:\/\/elektrosystemy.pl\/?page_id=26950"},"modified":"2019-04-13T20:24:24","modified_gmt":"2019-04-13T18:24:24","slug":"najnowsze-wydanie-luty-2015-3","status":"publish","type":"page","link":"https:\/\/elektrosystemy.pl\/?page_id=26950","title":{"rendered":"STYCZE\u0143 2018"},"content":{"rendered":"<p><span style=\"font-size: 12pt;\"><a href=\"http:\/\/elektrosystemy.pl\/wp-content\/uploads\/2016\/02\/01\/najnowsze-wydanie-luty-2015\/ES_01_2018_spis.jpg\"><img loading=\"lazy\" class=\"aligncenter wp-image-26740 size-full\" src=\"http:\/\/elektrosystemy.pl\/wp-content\/uploads\/2016\/02\/01\/najnowsze-wydanie-luty-2015\/ES_01_2018_spis.jpg\" alt=\"\" width=\"1024\" height=\"739\" srcset=\"https:\/\/elektrosystemy.pl\/wp-content\/uploads\/2016\/02\/01\/najnowsze-wydanie-luty-2015\/ES_01_2018_spis.jpg 1024w, https:\/\/elektrosystemy.pl\/wp-content\/uploads\/2016\/02\/01\/najnowsze-wydanie-luty-2015\/ES_01_2018_spis-600x433.jpg 600w, https:\/\/elektrosystemy.pl\/wp-content\/uploads\/2016\/02\/01\/najnowsze-wydanie-luty-2015\/ES_01_2018_spis-300x217.jpg 300w, https:\/\/elektrosystemy.pl\/wp-content\/uploads\/2016\/02\/01\/najnowsze-wydanie-luty-2015\/ES_01_2018_spis-768x554.jpg 768w\" sizes=\"(max-width: 1024px) 100vw, 1024px\" \/><\/a><\/span><\/p>\n<p><span style=\"font-size: 12pt;\"><a href=\"http:\/\/elektrosystemy.pl\/wp-content\/uploads\/2016\/02\/01\/najnowsze-wydanie-luty-2015\/OkladkaES_01_2018.jpg\"><img loading=\"lazy\" class=\"alignleft wp-image-26741 size-medium\" src=\"http:\/\/elektrosystemy.pl\/wp-content\/uploads\/2016\/02\/01\/najnowsze-wydanie-luty-2015\/OkladkaES_01_2018-208x300.jpg\" alt=\"\" width=\"208\" height=\"300\" srcset=\"https:\/\/elektrosystemy.pl\/wp-content\/uploads\/2016\/02\/01\/najnowsze-wydanie-luty-2015\/OkladkaES_01_2018-208x300.jpg 208w, https:\/\/elektrosystemy.pl\/wp-content\/uploads\/2016\/02\/01\/najnowsze-wydanie-luty-2015\/OkladkaES_01_2018.jpg 500w\" sizes=\"(max-width: 208px) 100vw, 208px\" \/><\/a><\/span><span style=\"color: #ffffff; background-color: #ff0000; font-size: 12pt;\"><strong>\u00a0AKTUALNO\u015aCI\u00a0<\/strong><\/span><br \/>\n<span style=\"font-size: 12pt;\"> <b>10<\/b>\u00a0<strong>Indeks koniunktury ELEKTROSYSTEM\u00d3W<\/strong><\/span><br \/>\n<span style=\"font-size: 12pt;\">Dobra ko\u0144c\u00f3wka roku w bran\u017cy elektro<\/span><br \/>\n<span style=\"font-size: 12pt;\"><b>12<\/b>\u00a0<strong>Gie\u0142dowy Indeks ELEKTROSYSTEM\u00d3W<\/strong><\/span><br \/>\n<span style=\"font-size: 12pt;\">Wycena gie\u0142dowych sp\u00f3\u0142ek nadal topnieje<\/span><br \/>\n<span style=\"font-size: 12pt;\"> <strong>14<\/strong>\u00a0Produkcja wybranych artyku\u0142\u00f3w<br \/>\nelektrotechnicznych \u2013 X 2017<\/span><br \/>\n<span style=\"font-size: 12pt;\"><strong>15<\/strong>\u00a0Govena Lighting debiutuje na New Connect<\/span><br \/>\n<span style=\"font-size: 12pt;\"><strong>16<\/strong> Grodno planuje kolejne przej\u0119cie<\/span><br \/>\n<span style=\"font-size: 12pt;\"><strong>17<\/strong> Inteligentne ogrzewanie jest ma\u0142o popularne<\/span><br \/>\n<span style=\"font-size: 12pt;\"><strong>18<\/strong> Greenway postawi \u0142adowarki przy g\u0142\u00f3wnych trasach\u00a0\u00a0<\/span><br \/>\n<span style=\"font-size: 12pt;\"><strong>19<\/strong>\u00a0Rafako nawi\u0105zuje sojusz z w\u0119gierskim MVM Ovit\u00a0<\/span><br \/>\n<span style=\"font-size: 12pt;\"><strong>20<\/strong> Sprzeda\u017c e-samochod\u00f3w na \u015bwiecie mocno w g\u00f3r\u0119\u00a0<\/span><br \/>\n<span style=\"font-size: 12pt;\"><strong>21<\/strong> Przewody Helukabel z wi\u0119ksz\u0105 wytrzyma\u0142o\u015bci\u0105\u00a0<\/span><br \/>\n<span style=\"font-size: 12pt;\"><strong>21<\/strong> Enea Serwis i KZ\u0141 rozwin\u0105 sie\u0107 stacji \u0142adowania e-aut<\/span><br \/>\n<span style=\"font-size: 12pt;\"><strong>22<\/strong>\u00a0Polna znika z warszawskiej gie\u0142dy\u00a0<\/span><br \/>\n<span style=\"font-size: 12pt;\"><strong>22<\/strong> System sterowania od ABB w Grupie Azoty<\/span><br \/>\n<span style=\"font-size: 12pt;\"><strong>23<\/strong> Polski oddzia\u0142 Ledvance obs\u0142u\u017cy klient\u00f3w w Grecji<\/span><br \/>\n<span style=\"font-size: 12pt;\"><b>23<\/b> Noble Securities: Apator mo\u017ce zosta\u0107 przej\u0119ty<\/span><br \/>\n<span style=\"font-size: 12pt;\"><strong>24<\/strong>\u00a0Siemens prezentuje e-autostrad\u0119 w USA<br \/>\n<strong>24<\/strong> Tauron z dofinansowaniem na budow\u0119 smart grids<br \/>\n<\/span><\/p>\n<p><span style=\"font-size: 12pt;\"><strong><span style=\"color: #ffffff; background-color: #caa082;\"><span style=\"color: #ffffff; background-color: #3cafd6;\">\u00a0AUTOMATYKA\u00a0<\/span><br \/>\n<\/span><\/strong><b>26<\/b> Tauron z dofinansowaniem na budow\u0119 smart grids<br \/>\n<\/span><b>29<\/b> Inteligentna fabryka Lean Smart Factory firmy SEW-Eurodrive<span style=\"font-size: 12pt;\"><strong><br \/>\n<\/strong><\/span><\/p>\n<p><span style=\"font-size: 12pt;\"><strong><span style=\"color: #ffffff; background-color: #caa082;\"><span style=\"color: #ffffff; background-color: #fad500;\">\u00a0TECHNIKA \u015aWIETLNA <\/span><br \/>\n<\/span><\/strong><b>32<\/b>\u00a0Antyodblaskowy (UGR &lt; 19) downlight firmy Verbatim\u00a0<\/span><\/p>\n<p><span style=\"font-size: 12pt;\"><strong><span style=\"color: #ffffff; background-color: #cc6a2d;\">\u00a0MIERNICTWO\u00a0<\/span><br \/>\n<\/strong><b>34\u00a0<\/b>Tr\u00f3jfazowe rejestratory energii elektrycznej serii 1740 firmy Fluke<\/span><\/p>\n<p><b><\/b><span style=\"font-size: 12pt;\"><strong><span style=\"color: #ffffff; background-color: #00959e;\">\u00a0OSPRZ\u0118T\u00a0INSTALACYJNY <\/span><\/strong><br \/>\n<b>38<\/b> Rozdzielnice Elektro-Plast Nasielsk dla rynku deweloperskiego<\/span><\/p>\n<p><span style=\"font-size: 12pt;\"><strong><span style=\"color: #ffffff; background-color: #c71882;\">\u00a0NAP\u0118DY I STEROWANIE\u00a0<\/span><br \/>\n<\/strong><b>42<\/b>\u00a0Danfoss: regulacja pr\u0119dko\u015bci obrotowej silnik\u00f3w elektrycznych<br \/>\n<b>45<\/b>\u00a0DriveStart z oferty CES<br \/>\n<\/span><\/p>\n<p><span style=\"font-size: 12pt;\"><strong><span style=\"color: #ffffff; background-color: #034ea2;\">\u00a0OPROGRAMOWANIE\u00a0<\/span><br \/>\n<\/strong><b>47<\/b>\u00a0Narz\u0119dzie Engineered to Fly Dassault Systemes w projektowaniu samolot\u00f3w<br \/>\n<\/span><\/p>\n<p><span style=\"font-size: 12pt;\"><strong><span style=\"color: #ffffff; background-color: #caa082;\"><span style=\"color: #ffffff; background-color: #b191af;\">\u00a0PRZETARGI I INWESTYCJE <\/span><\/span><br \/>\n<\/strong><b>49<\/b>\u00a0Planowane inwestycje<\/span><br \/>\n<span style=\"font-size: 12pt;\"><b>52<\/b>\u00a0Przetargi w bran\u017cy elektrotechnicznej i energetycznej<\/span><\/p>\n<p><span style=\"font-size: 12pt;\"><strong><span style=\"color: #ffffff; background-color: #caa082;\"><span style=\"color: #ffffff; background-color: #d2232a;\">\u00a0WYDARZENIA\u00a0<\/span><br \/>\n<\/span><\/strong><b>62\u00a0<\/b>Relacje z targ\u00f3w, wydarze\u0144, spotka\u0144 bran\u017cowych<\/span><\/p>\n<p><span style=\"font-size: 12pt;\"><strong>Dodatek:\u00a0&#8220;NAP\u0118DY I STEROWANIE&#8221;<\/strong><\/span><\/p>\n<p><span style=\"font-size: 12pt;\"><a href=\"http:\/\/elektrosystemy.pl\/wp-content\/uploads\/2016\/02\/01\/najnowsze-wydanie-luty-2015\/Okladka_NiS_01_2018.jpg\"><img loading=\"lazy\" class=\"alignleft wp-image-26742 size-medium\" src=\"http:\/\/elektrosystemy.pl\/wp-content\/uploads\/2016\/02\/01\/najnowsze-wydanie-luty-2015\/Okladka_NiS_01_2018-200x300.jpg\" alt=\"\" width=\"200\" height=\"300\" srcset=\"https:\/\/elektrosystemy.pl\/wp-content\/uploads\/2016\/02\/01\/najnowsze-wydanie-luty-2015\/Okladka_NiS_01_2018-200x300.jpg 200w, https:\/\/elektrosystemy.pl\/wp-content\/uploads\/2016\/02\/01\/najnowsze-wydanie-luty-2015\/Okladka_NiS_01_2018.jpg 500w\" sizes=\"(max-width: 200px) 100vw, 200px\" \/><\/a><strong style=\"font-size: 12pt;\">4<\/strong> Bran\u017ca pozosta\u0142a w trendzie wzrostu<br \/>\n<\/span><span style=\"font-size: 12pt;\"><b>13\u00a0<\/b>Softstarty \u2013 urz\u0105dzenia \u0142agodnego<br \/>\nrozruchu silnik\u00f3w<br \/>\n<\/span><span style=\"font-size: 12pt;\"><b>18 <\/b>Silniki elektryczne \u2013 podstawowe zagadnienia<br \/>\n<b>22\u00a0<\/b>Serwonap\u0119dy<br \/>\n<strong>26<\/strong>\u00a0Przetwornice cz\u0119stotliwo\u015bci \u2013 przegl\u0105d oferty rynkowej<\/span><\/p>\n","protected":false},"excerpt":{"rendered":"<p>\u00a0AKTUALNO\u015aCI\u00a0 10\u00a0Indeks koniunktury ELEKTROSYSTEM\u00d3W Dobra ko\u0144c\u00f3wka roku w bran\u017cy elektro 12\u00a0Gie\u0142dowy Indeks ELEKTROSYSTEM\u00d3W Wycena gie\u0142dowych sp\u00f3\u0142ek nadal topnieje 14\u00a0Produkcja wybranych artyku\u0142\u00f3w elektrotechnicznych \u2013 X 2017 15\u00a0Govena Lighting debiutuje na New Connect 16 Grodno planuje kolejne przej\u0119cie 17 Inteligentne ogrzewanie jest ma\u0142o popularne 18 Greenway postawi \u0142adowarki przy g\u0142\u00f3wnych trasach\u00a0\u00a0 19\u00a0Rafako nawi\u0105zuje sojusz z w\u0119gierskim MVM&hellip;<\/p>\n","protected":false},"author":2,"featured_media":0,"parent":26953,"menu_order":1,"comment_status":"closed","ping_status":"closed","template":"","meta":[],"_links":{"self":[{"href":"https:\/\/elektrosystemy.pl\/index.php?rest_route=\/wp\/v2\/pages\/26950"}],"collection":[{"href":"https:\/\/elektrosystemy.pl\/index.php?rest_route=\/wp\/v2\/pages"}],"about":[{"href":"https:\/\/elektrosystemy.pl\/index.php?rest_route=\/wp\/v2\/types\/page"}],"author":[{"embeddable":true,"href":"https:\/\/elektrosystemy.pl\/index.php?rest_route=\/wp\/v2\/users\/2"}],"replies":[{"embeddable":true,"href":"https:\/\/elektrosystemy.pl\/index.php?rest_route=%2Fwp%2Fv2%2Fcomments&post=26950"}],"version-history":[{"count":1,"href":"https:\/\/elektrosystemy.pl\/index.php?rest_route=\/wp\/v2\/pages\/26950\/revisions"}],"predecessor-version":[{"id":26951,"href":"https:\/\/elektrosystemy.pl\/index.php?rest_route=\/wp\/v2\/pages\/26950\/revisions\/26951"}],"up":[{"embeddable":true,"href":"https:\/\/elektrosystemy.pl\/index.php?rest_route=\/wp\/v2\/pages\/26953"}],"wp:attachment":[{"href":"https:\/\/elektrosystemy.pl\/index.php?rest_route=%2Fwp%2Fv2%2Fmedia&parent=26950"}],"curies":[{"name":"wp","href":"https:\/\/api.w.org\/{rel}","templated":true}]}}