{"id":26953,"date":"2018-01-30T12:56:06","date_gmt":"2018-01-30T11:56:06","guid":{"rendered":"http:\/\/elektrosystemy.pl\/?page_id=26953"},"modified":"2019-04-13T21:31:06","modified_gmt":"2019-04-13T19:31:06","slug":"archiwum-2017-2","status":"publish","type":"page","link":"https:\/\/elektrosystemy.pl\/?page_id=26953","title":{"rendered":"Archiwum 2018"},"content":{"rendered":"<h2 style=\"text-align: center;\"><strong>GRUDZIE\u0143 2018 \/ STYCZE\u0143 2019<\/strong><\/h2>\n<p style=\"text-align: left;\"><a href=\"http:\/\/elektrosystemy.pl\/?page_id=29995\"><img loading=\"lazy\" class=\"aligncenter wp-image-29997 size-full\" src=\"http:\/\/elektrosystemy.pl\/wp-content\/uploads\/2018\/01\/30\/archiwum-2017-2\/Okladki_ES_12_18_01_19.jpg\" alt=\"\" width=\"1500\" height=\"723\" srcset=\"https:\/\/elektrosystemy.pl\/wp-content\/uploads\/2018\/01\/30\/archiwum-2017-2\/Okladki_ES_12_18_01_19.jpg 1500w, https:\/\/elektrosystemy.pl\/wp-content\/uploads\/2018\/01\/30\/archiwum-2017-2\/Okladki_ES_12_18_01_19-600x289.jpg 600w, https:\/\/elektrosystemy.pl\/wp-content\/uploads\/2018\/01\/30\/archiwum-2017-2\/Okladki_ES_12_18_01_19-300x145.jpg 300w, https:\/\/elektrosystemy.pl\/wp-content\/uploads\/2018\/01\/30\/archiwum-2017-2\/Okladki_ES_12_18_01_19-768x370.jpg 768w, https:\/\/elektrosystemy.pl\/wp-content\/uploads\/2018\/01\/30\/archiwum-2017-2\/Okladki_ES_12_18_01_19-1024x494.jpg 1024w\" sizes=\"(max-width: 1500px) 100vw, 1500px\" \/><\/a><\/p>\n<h2 style=\"text-align: center;\"><strong>LISTOPAD 2018<\/strong><\/h2>\n<p style=\"text-align: left;\"><a href=\" http:\/\/elektrosystemy.pl\/?page_id=29470\"><img loading=\"lazy\" class=\"aligncenter wp-image-29013 size-full\" src=\"http:\/\/elektrosystemy.pl\/wp-content\/uploads\/2018\/01\/30\/archiwum-2017-2\/Okladki_ES_10_2018.jpg\" alt=\"\" width=\"1000\" height=\"723\" srcset=\"https:\/\/elektrosystemy.pl\/wp-content\/uploads\/2018\/01\/30\/archiwum-2017-2\/Okladki_ES_10_2018.jpg 1000w, https:\/\/elektrosystemy.pl\/wp-content\/uploads\/2018\/01\/30\/archiwum-2017-2\/Okladki_ES_10_2018-600x434.jpg 600w, https:\/\/elektrosystemy.pl\/wp-content\/uploads\/2018\/01\/30\/archiwum-2017-2\/Okladki_ES_10_2018-300x217.jpg 300w, https:\/\/elektrosystemy.pl\/wp-content\/uploads\/2018\/01\/30\/archiwum-2017-2\/Okladki_ES_10_2018-768x555.jpg 768w\" sizes=\"(max-width: 1000px) 100vw, 1000px\" \/><\/a><\/p>\n<h2 style=\"text-align: center;\"><strong>PA\u0179DZIERNIK 2018<\/strong><\/h2>\n<p style=\"text-align: left;\"><a href=\"http:\/\/elektrosystemy.pl\/?page_id=29011\"><img loading=\"lazy\" class=\"aligncenter wp-image-29013 size-full\" src=\"http:\/\/elektrosystemy.pl\/wp-content\/uploads\/2018\/01\/30\/archiwum-2017-2\/Okladki_ES_10_2018.jpg\" alt=\"\" width=\"1000\" height=\"723\" srcset=\"https:\/\/elektrosystemy.pl\/wp-content\/uploads\/2018\/01\/30\/archiwum-2017-2\/Okladki_ES_10_2018.jpg 1000w, https:\/\/elektrosystemy.pl\/wp-content\/uploads\/2018\/01\/30\/archiwum-2017-2\/Okladki_ES_10_2018-600x434.jpg 600w, https:\/\/elektrosystemy.pl\/wp-content\/uploads\/2018\/01\/30\/archiwum-2017-2\/Okladki_ES_10_2018-300x217.jpg 300w, https:\/\/elektrosystemy.pl\/wp-content\/uploads\/2018\/01\/30\/archiwum-2017-2\/Okladki_ES_10_2018-768x555.jpg 768w\" sizes=\"(max-width: 1000px) 100vw, 1000px\" \/><\/a><\/p>\n<h2 style=\"text-align: center;\"><strong>WRZESIE\u0143 2018<\/strong><\/h2>\n<p style=\"text-align: left;\"><a href=\"http:\/\/elektrosystemy.pl\/?page_id=28704\"><img loading=\"lazy\" class=\"aligncenter wp-image-28499\" src=\"http:\/\/elektrosystemy.pl\/wp-content\/uploads\/2016\/02\/01\/najnowsze-wydanie-luty-2015\/OkladkaES_09_2018.jpg\" alt=\"\" width=\"350\" height=\"496\" srcset=\"https:\/\/elektrosystemy.pl\/wp-content\/uploads\/2016\/02\/01\/najnowsze-wydanie-luty-2015\/OkladkaES_09_2018.jpg 500w, https:\/\/elektrosystemy.pl\/wp-content\/uploads\/2016\/02\/01\/najnowsze-wydanie-luty-2015\/OkladkaES_09_2018-212x300.jpg 212w\" sizes=\"(max-width: 350px) 100vw, 350px\" \/><\/a><\/p>\n<h2 style=\"text-align: center;\"><strong>LIPIEC \/ SIERPIE\u0143 2018<\/strong><\/h2>\n<p style=\"text-align: left;\"><a href=\"http:\/\/elektrosystemy.pl\/?page_id=28466\"><img loading=\"lazy\" class=\"aligncenter wp-image-28468 size-large\" src=\"http:\/\/elektrosystemy.pl\/wp-content\/uploads\/2018\/01\/30\/archiwum-2017-2\/Okladki_ES_07_8_2018-1024x494.jpg\" alt=\"\" width=\"1024\" height=\"494\" srcset=\"https:\/\/elektrosystemy.pl\/wp-content\/uploads\/2018\/01\/30\/archiwum-2017-2\/Okladki_ES_07_8_2018-1024x494.jpg 1024w, https:\/\/elektrosystemy.pl\/wp-content\/uploads\/2018\/01\/30\/archiwum-2017-2\/Okladki_ES_07_8_2018-600x289.jpg 600w, https:\/\/elektrosystemy.pl\/wp-content\/uploads\/2018\/01\/30\/archiwum-2017-2\/Okladki_ES_07_8_2018-300x145.jpg 300w, https:\/\/elektrosystemy.pl\/wp-content\/uploads\/2018\/01\/30\/archiwum-2017-2\/Okladki_ES_07_8_2018-768x370.jpg 768w, https:\/\/elektrosystemy.pl\/wp-content\/uploads\/2018\/01\/30\/archiwum-2017-2\/Okladki_ES_07_8_2018.jpg 1500w\" sizes=\"(max-width: 1024px) 100vw, 1024px\" \/><\/a><\/p>\n<h2 style=\"text-align: center;\"><strong>CZERWIEC 2018<\/strong><\/h2>\n<p style=\"text-align: left;\"><a href=\"http:\/\/elektrosystemy.pl\/?page_id=28162\"><img loading=\"lazy\" class=\"aligncenter wp-image-28164 size-full\" src=\"http:\/\/elektrosystemy.pl\/wp-content\/uploads\/2018\/01\/30\/archiwum-2017-2\/Okladki_ES_06_2018.jpg\" alt=\"\" width=\"1500\" height=\"723\" srcset=\"https:\/\/elektrosystemy.pl\/wp-content\/uploads\/2018\/01\/30\/archiwum-2017-2\/Okladki_ES_06_2018.jpg 1500w, https:\/\/elektrosystemy.pl\/wp-content\/uploads\/2018\/01\/30\/archiwum-2017-2\/Okladki_ES_06_2018-600x289.jpg 600w, https:\/\/elektrosystemy.pl\/wp-content\/uploads\/2018\/01\/30\/archiwum-2017-2\/Okladki_ES_06_2018-300x145.jpg 300w, https:\/\/elektrosystemy.pl\/wp-content\/uploads\/2018\/01\/30\/archiwum-2017-2\/Okladki_ES_06_2018-768x370.jpg 768w, https:\/\/elektrosystemy.pl\/wp-content\/uploads\/2018\/01\/30\/archiwum-2017-2\/Okladki_ES_06_2018-1024x494.jpg 1024w\" sizes=\"(max-width: 1500px) 100vw, 1500px\" \/><\/a><\/p>\n<h2 style=\"text-align: center;\"><strong>MAJ 2018<\/strong><\/h2>\n<p style=\"text-align: left;\"><a href=\"http:\/\/elektrosystemy.pl\/?page_id=27861\"><img loading=\"lazy\" class=\"aligncenter wp-image-27864 size-full\" src=\"http:\/\/elektrosystemy.pl\/wp-content\/uploads\/2018\/01\/30\/archiwum-2017-2\/Okladki_ES_05_2018.jpg\" alt=\"\" width=\"1000\" height=\"723\" srcset=\"https:\/\/elektrosystemy.pl\/wp-content\/uploads\/2018\/01\/30\/archiwum-2017-2\/Okladki_ES_05_2018.jpg 1000w, https:\/\/elektrosystemy.pl\/wp-content\/uploads\/2018\/01\/30\/archiwum-2017-2\/Okladki_ES_05_2018-600x434.jpg 600w, https:\/\/elektrosystemy.pl\/wp-content\/uploads\/2018\/01\/30\/archiwum-2017-2\/Okladki_ES_05_2018-300x217.jpg 300w, https:\/\/elektrosystemy.pl\/wp-content\/uploads\/2018\/01\/30\/archiwum-2017-2\/Okladki_ES_05_2018-768x555.jpg 768w\" sizes=\"(max-width: 1000px) 100vw, 1000px\" \/><\/a><\/p>\n<h2 style=\"text-align: center;\"><strong>KWIECIE\u0143 2018<\/strong><\/h2>\n<p style=\"text-align: left;\"><a href=\"http:\/\/elektrosystemy.pl\/?page_id=27624\"><img loading=\"lazy\" class=\"aligncenter wp-image-27863 size-full\" src=\"http:\/\/elektrosystemy.pl\/wp-content\/uploads\/2018\/01\/30\/archiwum-2017-2\/Okladki_ES_04_2018.jpg\" alt=\"\" width=\"1000\" height=\"723\" srcset=\"https:\/\/elektrosystemy.pl\/wp-content\/uploads\/2018\/01\/30\/archiwum-2017-2\/Okladki_ES_04_2018.jpg 1000w, https:\/\/elektrosystemy.pl\/wp-content\/uploads\/2018\/01\/30\/archiwum-2017-2\/Okladki_ES_04_2018-600x434.jpg 600w, https:\/\/elektrosystemy.pl\/wp-content\/uploads\/2018\/01\/30\/archiwum-2017-2\/Okladki_ES_04_2018-300x217.jpg 300w, https:\/\/elektrosystemy.pl\/wp-content\/uploads\/2018\/01\/30\/archiwum-2017-2\/Okladki_ES_04_2018-768x555.jpg 768w\" sizes=\"(max-width: 1000px) 100vw, 1000px\" \/><\/a><\/p>\n<h2><\/h2>\n<h2 style=\"text-align: center;\"><strong>MARZEC 2018<\/strong><\/h2>\n<p style=\"text-align: left;\"><a href=\"http:\/\/elektrosystemy.pl\/?page_id=27403\"><img loading=\"lazy\" class=\"aligncenter wp-image-27225\" src=\"http:\/\/elektrosystemy.pl\/wp-content\/uploads\/2016\/02\/01\/najnowsze-wydanie-luty-2015\/OkladkaES_03_2018.jpg\" alt=\"\" width=\"350\" height=\"499\" srcset=\"https:\/\/elektrosystemy.pl\/wp-content\/uploads\/2016\/02\/01\/najnowsze-wydanie-luty-2015\/OkladkaES_03_2018.jpg 500w, https:\/\/elektrosystemy.pl\/wp-content\/uploads\/2016\/02\/01\/najnowsze-wydanie-luty-2015\/OkladkaES_03_2018-210x300.jpg 210w\" sizes=\"(max-width: 350px) 100vw, 350px\" \/><\/a><\/p>\n<h2 style=\"text-align: center;\"><strong>LUTY 2018<\/strong><\/h2>\n<p style=\"text-align: left;\"><a href=\"http:\/\/elektrosystemy.pl\/?page_id=27308\"><img loading=\"lazy\" class=\"aligncenter wp-image-27184 size-full\" src=\"http:\/\/elektrosystemy.pl\/wp-content\/uploads\/2018\/01\/30\/archiwum-2017-2\/Okladki_ES_02_2018.jpg\" alt=\"\" width=\"1000\" height=\"723\" srcset=\"https:\/\/elektrosystemy.pl\/wp-content\/uploads\/2018\/01\/30\/archiwum-2017-2\/Okladki_ES_02_2018.jpg 1000w, https:\/\/elektrosystemy.pl\/wp-content\/uploads\/2018\/01\/30\/archiwum-2017-2\/Okladki_ES_02_2018-600x434.jpg 600w, https:\/\/elektrosystemy.pl\/wp-content\/uploads\/2018\/01\/30\/archiwum-2017-2\/Okladki_ES_02_2018-300x217.jpg 300w, https:\/\/elektrosystemy.pl\/wp-content\/uploads\/2018\/01\/30\/archiwum-2017-2\/Okladki_ES_02_2018-768x555.jpg 768w\" sizes=\"(max-width: 1000px) 100vw, 1000px\" \/><\/a><\/p>\n<h2 style=\"text-align: center;\"><strong>STYCZE\u0143 2018<\/strong><\/h2>\n<p style=\"text-align: left;\"><a href=\"http:\/\/elektrosystemy.pl\/?page_id=26950\"><img loading=\"lazy\" class=\"aligncenter wp-image-26956 size-full\" src=\"http:\/\/elektrosystemy.pl\/wp-content\/uploads\/2018\/01\/30\/archiwum-2017-2\/Okladki_ES_01_2018.jpg\" alt=\"\" width=\"1000\" height=\"723\" srcset=\"https:\/\/elektrosystemy.pl\/wp-content\/uploads\/2018\/01\/30\/archiwum-2017-2\/Okladki_ES_01_2018.jpg 1000w, https:\/\/elektrosystemy.pl\/wp-content\/uploads\/2018\/01\/30\/archiwum-2017-2\/Okladki_ES_01_2018-600x434.jpg 600w, https:\/\/elektrosystemy.pl\/wp-content\/uploads\/2018\/01\/30\/archiwum-2017-2\/Okladki_ES_01_2018-300x217.jpg 300w, https:\/\/elektrosystemy.pl\/wp-content\/uploads\/2018\/01\/30\/archiwum-2017-2\/Okladki_ES_01_2018-768x555.jpg 768w\" sizes=\"(max-width: 1000px) 100vw, 1000px\" \/><\/a><\/p>\n","protected":false},"excerpt":{"rendered":"<p>GRUDZIE\u0143 2018 \/ STYCZE\u0143 2019 LISTOPAD 2018 PA\u0179DZIERNIK 2018 WRZESIE\u0143 2018 LIPIEC \/ SIERPIE\u0143 2018 CZERWIEC 2018 MAJ 2018 KWIECIE\u0143 2018 MARZEC 2018 LUTY 2018 STYCZE\u0143 2018&hellip;<\/p>\n","protected":false},"author":2,"featured_media":0,"parent":2251,"menu_order":2018,"comment_status":"closed","ping_status":"closed","template":"","meta":[],"_links":{"self":[{"href":"https:\/\/elektrosystemy.pl\/index.php?rest_route=\/wp\/v2\/pages\/26953"}],"collection":[{"href":"https:\/\/elektrosystemy.pl\/index.php?rest_route=\/wp\/v2\/pages"}],"about":[{"href":"https:\/\/elektrosystemy.pl\/index.php?rest_route=\/wp\/v2\/types\/page"}],"author":[{"embeddable":true,"href":"https:\/\/elektrosystemy.pl\/index.php?rest_route=\/wp\/v2\/users\/2"}],"replies":[{"embeddable":true,"href":"https:\/\/elektrosystemy.pl\/index.php?rest_route=%2Fwp%2Fv2%2Fcomments&post=26953"}],"version-history":[{"count":17,"href":"https:\/\/elektrosystemy.pl\/index.php?rest_route=\/wp\/v2\/pages\/26953\/revisions"}],"predecessor-version":[{"id":29998,"href":"https:\/\/elektrosystemy.pl\/index.php?rest_route=\/wp\/v2\/pages\/26953\/revisions\/29998"}],"up":[{"embeddable":true,"href":"https:\/\/elektrosystemy.pl\/index.php?rest_route=\/wp\/v2\/pages\/2251"}],"wp:attachment":[{"href":"https:\/\/elektrosystemy.pl\/index.php?rest_route=%2Fwp%2Fv2%2Fmedia&parent=26953"}],"curies":[{"name":"wp","href":"https:\/\/api.w.org\/{rel}","templated":true}]}}