{"id":27624,"date":"2018-04-27T12:45:19","date_gmt":"2018-04-27T10:45:19","guid":{"rendered":"http:\/\/elektrosystemy.pl\/?page_id=27624"},"modified":"2019-04-13T20:23:59","modified_gmt":"2019-04-13T18:23:59","slug":"najnowsze-wydanie-luty-2015-5","status":"publish","type":"page","link":"https:\/\/elektrosystemy.pl\/?page_id=27624","title":{"rendered":"KWIECIE\u0143 2018"},"content":{"rendered":"<p><span style=\"font-size: 12pt;\"><a href=\"http:\/\/elektrosystemy.pl\/wp-content\/uploads\/2016\/02\/01\/najnowsze-wydanie-luty-2015\/ES_04_2018_spis.jpg\"><img loading=\"lazy\" class=\"aligncenter wp-image-27434 size-full\" src=\"http:\/\/elektrosystemy.pl\/wp-content\/uploads\/2016\/02\/01\/najnowsze-wydanie-luty-2015\/ES_04_2018_spis.jpg\" alt=\"\" width=\"1024\" height=\"739\" srcset=\"https:\/\/elektrosystemy.pl\/wp-content\/uploads\/2016\/02\/01\/najnowsze-wydanie-luty-2015\/ES_04_2018_spis.jpg 1024w, https:\/\/elektrosystemy.pl\/wp-content\/uploads\/2016\/02\/01\/najnowsze-wydanie-luty-2015\/ES_04_2018_spis-600x433.jpg 600w, https:\/\/elektrosystemy.pl\/wp-content\/uploads\/2016\/02\/01\/najnowsze-wydanie-luty-2015\/ES_04_2018_spis-300x217.jpg 300w, https:\/\/elektrosystemy.pl\/wp-content\/uploads\/2016\/02\/01\/najnowsze-wydanie-luty-2015\/ES_04_2018_spis-768x554.jpg 768w\" sizes=\"(max-width: 1024px) 100vw, 1024px\" \/><\/a><\/span><\/p>\n<p><span style=\"font-size: 12pt;\"><a href=\"http:\/\/elektrosystemy.pl\/wp-content\/uploads\/2016\/02\/01\/najnowsze-wydanie-luty-2015\/OkladkaES_04_2018.jpg\"><img loading=\"lazy\" class=\"alignleft wp-image-27436 size-medium\" src=\"http:\/\/elektrosystemy.pl\/wp-content\/uploads\/2016\/02\/01\/najnowsze-wydanie-luty-2015\/OkladkaES_04_2018-209x300.jpg\" alt=\"\" width=\"209\" height=\"300\" srcset=\"https:\/\/elektrosystemy.pl\/wp-content\/uploads\/2016\/02\/01\/najnowsze-wydanie-luty-2015\/OkladkaES_04_2018-209x300.jpg 209w, https:\/\/elektrosystemy.pl\/wp-content\/uploads\/2016\/02\/01\/najnowsze-wydanie-luty-2015\/OkladkaES_04_2018.jpg 500w\" sizes=\"(max-width: 209px) 100vw, 209px\" \/><\/a><\/span><span style=\"color: #ffffff; background-color: #ff0000; font-size: 12pt;\"><strong>\u00a0AKTUALNO\u015aCI\u00a0<\/strong><\/span><br \/>\n<span style=\"font-size: 12pt;\"> <b>14<\/b>\u00a0<strong>Indeks koniunktury ELEKTROSYSTEM\u00d3W<\/strong><\/span><br \/>\n<span style=\"font-size: 12pt;\">Bran\u017ca wraca na \u015bcie\u017ck\u0119 wzrostu\u00a0<\/span><br \/>\n<span style=\"font-size: 12pt;\"><b>16<\/b>\u00a0<strong>Gie\u0142dowy Indeks ELEKTROSYSTEM\u00d3W<\/strong><\/span><br \/>\n<span style=\"font-size: 12pt;\">Gie\u0142dowe sp\u00f3\u0142ki wci\u0105\u017c w trendzie spadkowym<\/span><br \/>\n<span style=\"font-size: 12pt;\"> <strong>18<\/strong> Produkcja wybranych artyku\u0142\u00f3w elektrotechnicznych \u2013 I 2018<\/span><br \/>\n<span style=\"font-size: 12pt;\"><strong>19<\/strong> FEGIME wchodzi do Ameryki Po\u0142udniowej\u00a0<\/span><br \/>\n<span style=\"font-size: 12pt;\"><b>20<\/b><\/span><span style=\"font-size: 12pt;\"> Relpol z rekordow\u0105 sprzeda\u017c\u0105 w 2017 roku<\/span><br \/>\n<span style=\"font-size: 12pt;\"><strong>21<\/strong> Eltron przeni\u00f3s\u0142 si\u0119 do nowej siedziby<\/span><br \/>\n<span style=\"font-size: 12pt;\"><strong>22<\/strong>\u00a0Grupa Apator stawia na wy\u017csz\u0105 rentowno\u015b\u0107\u00a0\u00a0<\/span><br \/>\n<span style=\"font-size: 12pt;\"><strong>23<\/strong> Chiny pomog\u0105 rozwin\u0105\u0107 rynek e-mobility w Polsce\u00a0<\/span><br \/>\n<span style=\"font-size: 12pt;\"><strong>24<\/strong> W Polsce przyby\u0142o 12,5 tys. mikroinstalacji PV\u00a0<\/span><br \/>\n<span style=\"font-size: 12pt;\"><strong>25<\/strong> W kwietniu rusza IX edycja GP Kaczmarek Electric MTB\u00a0<\/span><br \/>\n<span style=\"font-size: 12pt;\"><strong>26<\/strong>\u00a0Danfoss poprawia wyniki na \u015bwiecie i w Polsce<\/span><br \/>\n<span style=\"font-size: 12pt;\"><strong>27<\/strong> Phoenix Contact zaprasza na \u201eWyzwania Industry 4.0\u201d\u00a0<\/span><br \/>\n<span style=\"font-size: 12pt;\"><strong>27<\/strong> Philips Lighting zmieni nazw\u0119 na Signify<\/span><br \/>\n<span style=\"font-size: 12pt;\"><strong>28<\/strong> Fogo dostarczy agregaty dla ONZ<\/span><br \/>\n<span style=\"font-size: 12pt;\"><b>28<\/b> Eltast numerem jeden w o\u015bwietleniu ulicznym<\/span><br \/>\n<span style=\"font-size: 12pt;\"><strong>29<\/strong> Alfa Elektro powi\u0119ksza zaplecze magazynowe<br \/>\n<strong>29<\/strong> Ara postawi w Elbl\u0105gu centrum B+R za 6 mln z\u0142<br \/>\n<strong>30<\/strong> System IT w ZPUE ze sporym po\u015blizgiem<br \/>\n<strong>30<\/strong> Ansam opracuje nowy typ ma\u0142ej elektrowni wiatrowe<br \/>\n<\/span><\/p>\n<p><span style=\"font-size: 12pt;\"><strong><span style=\"color: #ffffff; background-color: #caa082;\"><span style=\"color: #ffffff; background-color: #d2232a;\">\u00a0WYDARZENIA\u00a0<\/span><br \/>\n<\/span><\/strong><b>32<\/b>\u00a0Relacje z targ\u00f3w, wydarze\u0144, spotka\u0144 bran\u017cowych<\/span><span style=\"font-size: 12pt;\"><strong><br \/>\n<\/strong><\/span><\/p>\n<p><span style=\"font-size: 12pt;\"><strong><span style=\"color: #ffffff; background-color: #f47a63;\">\u00a0OCHRONA PRZECIWPRZEPI\u0118CIOWA I ODGROMOWA\u00a0<\/span><br \/>\n<\/strong><b>36 <\/b>Ograniczniki firmy Citel do ochrony latarni LED<br \/>\n<b>38 <\/b>Ograniczniki przepi\u0119\u0107 firmy Noark Electric<br \/>\n<b>42 <\/b>Wymagania norm w zakresie ochrony przeciwprzepi\u0119ciowej<br \/>\n<b>46 <\/b>Nie\u015bcis\u0142o\u015bci normy PN-EN 61643-11 dla ogranicznik\u00f3w przepi\u0119\u0107<br \/>\n<\/span><\/p>\n<p><span style=\"font-size: 12pt;\"><strong><span style=\"color: #ffffff; background-color: #cc6a2d;\">\u00a0MIERNICTWO\u00a0<\/span><\/strong><\/span><br \/>\n<span style=\"font-size: 12pt;\"><b>49<\/b> Termowizyjny miernik uniwersalny Flir DM166 TRMS<\/span><span style=\"font-size: 12pt;\"><br \/>\n<\/span><\/p>\n<p><span style=\"font-size: 12pt;\"><strong><span style=\"color: #ffffff; background-color: #caa082;\"><span style=\"color: #ffffff; background-color: #3cafd6;\">\u00a0AUTOMATYKA\u00a0<\/span><br \/>\n<\/span><\/strong><b>50<\/b>\u00a0Skaner bezpiecze\u0144stwa Datalogic Laser Sentinel SLS-B5<\/span><\/p>\n<p><span style=\"font-size: 12pt;\"><strong><span style=\"color: #ffffff; background-color: #caa082;\"><span style=\"color: #ffffff; background-color: #c74a46;\">\u00a0KABLE I PRZEWODY\u00a0<\/span><br \/>\n<\/span><\/strong><b>52<\/b> Przewody bezhalogenowe firmy Lapp Kabel<\/span><\/p>\n<p><b><\/b><b><\/b><span style=\"font-size: 12pt;\"><strong><span style=\"color: #ffffff; background-color: #00a2a4;\"><span style=\"color: #ffffff; background-color: #00a2a4;\">\u00a0OSPRZ\u0118T INSTALACYJNY\u00a0<\/span><br \/>\n<\/span><\/strong><b>55<\/b> Odga\u0142\u0119\u017aniki pi\u0119trowe OBL firmy Pok\u00f3j<br \/>\n<b>52<\/b> Systemy oznacze\u0144 Marking System firmy Phoenix Contact<\/span><span style=\"font-size: 12pt;\"><strong><br \/>\n<\/strong><\/span><\/p>\n<p><span style=\"font-size: 12pt;\"><strong><span style=\"color: #ffffff; background-color: #fad500;\">\u00a0TECHNIKA \u015aWIETLNA\u00a0<\/span><br \/>\n<\/strong><b>56 <\/b>Oprawy uliczne LED Road [5] firmy Gewiss<\/span><\/p>\n<p>&nbsp;<\/p>\n<p><span style=\"font-size: 12pt;\"><strong><span style=\"color: #ffffff; background-color: #caa082;\"><span style=\"color: #ffffff; background-color: #b191af;\">\u00a0PRZETARGI I INWESTYCJE <\/span><\/span><br \/>\n<\/strong><b>58<\/b>\u00a0Planowane inwestycje<\/span><br \/>\n<span style=\"font-size: 12pt;\"><b>62<\/b>\u00a0Przetargi w bran\u017cy elektrotechnicznej i energetycznej<\/span><\/p>\n<p><span style=\"font-size: 12pt;\"> <strong>Dodatek: &#8220;OCHRONA PRZECIWPRZEPI\u0118CIOWA I ODGROMOWA&#8221;<\/strong><\/span><\/p>\n<p><span style=\"font-size: 12pt;\"> <a href=\"http:\/\/elektrosystemy.pl\/wp-content\/uploads\/2016\/02\/01\/najnowsze-wydanie-luty-2015\/Okladka_OP_04_2018.jpg\"><img loading=\"lazy\" class=\"alignleft wp-image-27437 size-medium\" src=\"http:\/\/elektrosystemy.pl\/wp-content\/uploads\/2016\/02\/01\/najnowsze-wydanie-luty-2015\/Okladka_OP_04_2018-200x300.jpg\" alt=\"\" width=\"200\" height=\"300\" srcset=\"https:\/\/elektrosystemy.pl\/wp-content\/uploads\/2016\/02\/01\/najnowsze-wydanie-luty-2015\/Okladka_OP_04_2018-200x300.jpg 200w, https:\/\/elektrosystemy.pl\/wp-content\/uploads\/2016\/02\/01\/najnowsze-wydanie-luty-2015\/Okladka_OP_04_2018.jpg 500w\" sizes=\"(max-width: 200px) 100vw, 200px\" \/><\/a><strong>4<\/strong> Bran\u017ca wci\u0105\u017c ma problem\u00a0z nieuczciw\u0105 konkurencj\u0105<br \/>\n<b>16 <\/b>Ochrona odgromowa i przeciwprzepi\u0119ciowa<br \/>\nsystem\u00f3w fotowoltaicznych<br \/>\n<b>20\u00a0<\/b>Ograniczniki przepi\u0119\u0107 niskiego napi\u0119cia<br \/>\n<b>26 <\/b>Oprzewodowanie podtrzymuj\u0105ce funkcje<br \/>\n<strong>22<\/strong> Ograniczniki przepi\u0119\u0107 nn \u2013 przegl\u0105d oferty rynkowej<br \/>\n<strong>30<\/strong>\u00a0Ochrona odgromowa\u00a0\u2013 wybrane zagadnienia\u00a0\u00a0<\/span><\/p>\n","protected":false},"excerpt":{"rendered":"<p>\u00a0AKTUALNO\u015aCI\u00a0 14\u00a0Indeks koniunktury ELEKTROSYSTEM\u00d3W Bran\u017ca wraca na \u015bcie\u017ck\u0119 wzrostu\u00a0 16\u00a0Gie\u0142dowy Indeks ELEKTROSYSTEM\u00d3W Gie\u0142dowe sp\u00f3\u0142ki wci\u0105\u017c w trendzie spadkowym 18 Produkcja wybranych artyku\u0142\u00f3w elektrotechnicznych \u2013 I 2018 19 FEGIME wchodzi do Ameryki Po\u0142udniowej\u00a0 20 Relpol z rekordow\u0105 sprzeda\u017c\u0105 w 2017 roku 21 Eltron przeni\u00f3s\u0142 si\u0119 do nowej siedziby 22\u00a0Grupa Apator stawia na wy\u017csz\u0105 rentowno\u015b\u0107\u00a0\u00a0 23 Chiny&hellip;<\/p>\n","protected":false},"author":2,"featured_media":0,"parent":26953,"menu_order":4,"comment_status":"closed","ping_status":"closed","template":"","meta":[],"_links":{"self":[{"href":"https:\/\/elektrosystemy.pl\/index.php?rest_route=\/wp\/v2\/pages\/27624"}],"collection":[{"href":"https:\/\/elektrosystemy.pl\/index.php?rest_route=\/wp\/v2\/pages"}],"about":[{"href":"https:\/\/elektrosystemy.pl\/index.php?rest_route=\/wp\/v2\/types\/page"}],"author":[{"embeddable":true,"href":"https:\/\/elektrosystemy.pl\/index.php?rest_route=\/wp\/v2\/users\/2"}],"replies":[{"embeddable":true,"href":"https:\/\/elektrosystemy.pl\/index.php?rest_route=%2Fwp%2Fv2%2Fcomments&post=27624"}],"version-history":[{"count":1,"href":"https:\/\/elektrosystemy.pl\/index.php?rest_route=\/wp\/v2\/pages\/27624\/revisions"}],"predecessor-version":[{"id":27625,"href":"https:\/\/elektrosystemy.pl\/index.php?rest_route=\/wp\/v2\/pages\/27624\/revisions\/27625"}],"up":[{"embeddable":true,"href":"https:\/\/elektrosystemy.pl\/index.php?rest_route=\/wp\/v2\/pages\/26953"}],"wp:attachment":[{"href":"https:\/\/elektrosystemy.pl\/index.php?rest_route=%2Fwp%2Fv2%2Fmedia&parent=27624"}],"curies":[{"name":"wp","href":"https:\/\/api.w.org\/{rel}","templated":true}]}}