{"id":27861,"date":"2018-06-08T13:19:24","date_gmt":"2018-06-08T11:19:24","guid":{"rendered":"http:\/\/elektrosystemy.pl\/?page_id=27861"},"modified":"2019-04-13T20:12:30","modified_gmt":"2019-04-13T18:12:30","slug":"najnowsze-wydanie-luty-2015-6","status":"publish","type":"page","link":"https:\/\/elektrosystemy.pl\/?page_id=27861","title":{"rendered":"MAJ 2018"},"content":{"rendered":"<p><span style=\"font-size: 12pt;\"><a href=\"http:\/\/elektrosystemy.pl\/wp-content\/uploads\/2016\/02\/01\/najnowsze-wydanie-luty-2015\/ES_04_2018_spis-1.jpg\"><img loading=\"lazy\" class=\"aligncenter wp-image-27655 size-full\" src=\"http:\/\/elektrosystemy.pl\/wp-content\/uploads\/2016\/02\/01\/najnowsze-wydanie-luty-2015\/ES_04_2018_spis-1.jpg\" alt=\"\" width=\"1024\" height=\"739\" srcset=\"https:\/\/elektrosystemy.pl\/wp-content\/uploads\/2016\/02\/01\/najnowsze-wydanie-luty-2015\/ES_04_2018_spis-1.jpg 1024w, https:\/\/elektrosystemy.pl\/wp-content\/uploads\/2016\/02\/01\/najnowsze-wydanie-luty-2015\/ES_04_2018_spis-1-600x433.jpg 600w, https:\/\/elektrosystemy.pl\/wp-content\/uploads\/2016\/02\/01\/najnowsze-wydanie-luty-2015\/ES_04_2018_spis-1-300x217.jpg 300w, https:\/\/elektrosystemy.pl\/wp-content\/uploads\/2016\/02\/01\/najnowsze-wydanie-luty-2015\/ES_04_2018_spis-1-768x554.jpg 768w\" sizes=\"(max-width: 1024px) 100vw, 1024px\" \/><\/a><\/span><\/p>\n<p><span style=\"font-size: 12pt;\"><a href=\"http:\/\/elektrosystemy.pl\/wp-content\/uploads\/2018\/04\/27\/OkladkaES_05_2018.jpg\"><img loading=\"lazy\" class=\"alignleft wp-image-27654 size-medium\" src=\"http:\/\/elektrosystemy.pl\/wp-content\/uploads\/2018\/04\/27\/OkladkaES_05_2018-208x300.jpg\" alt=\"\" width=\"208\" height=\"300\" srcset=\"https:\/\/elektrosystemy.pl\/wp-content\/uploads\/2018\/04\/27\/OkladkaES_05_2018-208x300.jpg 208w, https:\/\/elektrosystemy.pl\/wp-content\/uploads\/2018\/04\/27\/OkladkaES_05_2018.jpg 500w\" sizes=\"(max-width: 208px) 100vw, 208px\" \/><\/a><\/span><span style=\"color: #ffffff; background-color: #ff0000; font-size: 12pt;\"><strong>\u00a0AKTUALNO\u015aCI<br \/>\n<\/strong><\/span><span style=\"font-size: 12pt;\"><b>14<\/b>\u00a0<strong>Indeks koniunktury ELEKTROSYSTEM\u00d3W<\/strong><\/span><br \/>\n<span style=\"font-size: 12pt;\">Koniunktura nabiera rozp\u0119du\u00a0<\/span><br \/>\n<span style=\"font-size: 12pt;\"><b>16<\/b>\u00a0<strong>Gie\u0142dowy Indeks ELEKTROSYSTEM\u00d3W<\/strong><\/span><br \/>\n<span style=\"font-size: 12pt;\">Bran\u017ca elektrotechniczna na gie\u0142dzie z mocn\u0105 przecen\u0105<\/span><br \/>\n<span style=\"font-size: 12pt;\"> <strong>18<\/strong> Produkcja wybranych artyku\u0142\u00f3w elektrotechnicznych \u2013 II 2018<\/span><br \/>\n<span style=\"font-size: 12pt;\"><strong>19<\/strong> Nowa Elektro rozwija sie\u0107 i usprawnia obs\u0142ug\u0119 klienta<br \/>\n<strong>20<\/strong> Philips zmodernizowa\u0142 Centrum Zastosowa\u0144 \u015awiat\u0142a<br \/>\n<strong>21<\/strong> APS Energia szuka pomys\u0142u na rosyjsk\u0105 sp\u00f3\u0142k\u0119 zale\u017cn\u0105<br \/>\n<strong>22<\/strong> ES-System liczy na dalszy wzrost obrot\u00f3w<br \/>\n<strong>23<\/strong> TIM z rekordem sprzeda\u017cy i szans\u0105 na dalsze wzrosty<br \/>\n<strong>24<\/strong> Rabbit nowym produktem chce wype\u0142ni\u0107 luk\u0119 na rynku<br \/>\n<strong>24<\/strong> Vigo System rusza z budow\u0105 fabryki<br \/>\n<strong>25<\/strong> Rafako chce wej\u015b\u0107 w bran\u017c\u0119 gazu i ropy<br \/>\n<strong>25<\/strong> Ponad 100 mln z\u0142 z NCBR dla elektroenergetyki<br \/>\n<strong>26<\/strong> Osram przejmuje BAG electronics<br \/>\n<strong>26<\/strong> ABB zainwestuje w Austrii 100 mln euro<br \/>\n<strong>27<\/strong> GE wybuduje blok w Ostro\u0142\u0119ce<br \/>\n<strong>27<\/strong> Siemens kupuje firm\u0119 Aimsun z bran\u017cy ITS<br \/>\n<strong>28<\/strong> W\u0142a\u015bciciele 75% e-aut w Polsce w sieci GreenWay<br \/>\n<strong>28<\/strong> PGE przetestowa\u0142a pomys\u0142y start-up\u00f3w<\/span><\/p>\n<p><span style=\"font-size: 12pt;\"><b><\/b><strong><span style=\"color: #ffffff; background-color: #8bc751;\">\u00a0WYWIAD\u00a0<\/span><br \/>\n<\/strong><b>30<\/b>\u00a0<strong>Rozmowa z prezesem zarz\u0105du firmy Relpol S\u0142awomirem Bialikiem,<br \/>\noraz wiceprezesem zarz\u0105du Krzysztofem Pa\u0142ganem<\/strong><\/span><\/p>\n<p><span style=\"font-size: 12pt;\"><strong><span style=\"color: #ffffff; background-color: #caa082;\"><span style=\"color: #ffffff; background-color: #d2232a;\">\u00a0WYDARZENIA\u00a0<\/span><br \/>\n<\/span><\/strong><b>34<\/b>\u00a0Relacje z targ\u00f3w, wydarze\u0144, spotka\u0144 bran\u017cowych<strong><br \/>\n<\/strong><\/span><\/p>\n<p><span style=\"font-size: 12pt;\"><strong><span style=\"color: #ffffff; background-color: #caa082;\"><span style=\"color: #ffffff; background-color: #3cafd6;\">\u00a0AUTOMATYKA\u00a0<\/span><br \/>\n<\/span><\/strong><strong>40<\/strong> Poszerzona oferta lampek i aparatury steruj\u0105cej firmy Noark Electric<\/span><br \/>\n<span style=\"font-size: 12pt;\"><strong>44<\/strong> Przyciski sterownicze i lampki sygnalizacyjne ETISIG firmy ETI Polam<\/span><\/p>\n<p><span style=\"font-size: 12pt;\"><strong><span style=\"color: #ffffff; background-color: #cc6a2d;\">\u00a0MIERNICTWO\u00a0<\/span><\/strong><\/span><br \/>\n<span style=\"font-size: 12pt;\"><strong>46<\/strong> Przemys\u0142owy multimetr DM91 firmy Flir<br \/>\n<\/span><span style=\"font-size: 12pt;\"><strong>48<\/strong> Liczniki zu\u017cycia energii elektrycznej KDEM marki Ideal TS<br \/>\n<\/span><\/p>\n<p><strong><span style=\"color: #ffffff; background-color: #caa082;\"><span style=\"color: #ffffff; background-color: #c74a46;\">\u00a0KABLE I PRZEWODY<br \/>\n<\/span><\/span><\/strong><span style=\"font-size: 12pt;\"><b>52<\/b> Technologie Lapp Kabel w parku wiatrowym na Morzu P\u00f3\u0142nocnym osprz\u0119t instalacyjny<\/span><\/p>\n<p><b><\/b><b><\/b><span style=\"font-size: 12pt;\"><strong><span style=\"color: #ffffff; background-color: #00a2a4;\"><span style=\"color: #ffffff; background-color: #00a2a4;\">\u00a0OSPRZ\u0118T INSTALACYJNY\u00a0<\/span><br \/>\n<\/span><\/strong><\/span><span style=\"font-size: 12pt;\"><strong>54 <\/strong>Program do znakowania Promark Creator firmy Partex<strong><br \/>\n56<\/strong> Z\u0142\u0105czki ZUG firmy Pok\u00f3j <strong><br \/>\n58 <\/strong>System rur karbowanych Gewiss FK<strong><br \/>\n<\/strong><\/span><\/p>\n<p><span style=\"font-size: 12pt;\"><strong><span style=\"color: #ffffff; background-color: #caa082;\"><span style=\"color: #ffffff; background-color: #b191af;\">\u00a0PRZETARGI I INWESTYCJE <\/span><\/span><br \/>\n<\/strong><b>61<\/b>\u00a0Planowane inwestycje<\/span><br \/>\n<span style=\"font-size: 12pt;\"><b>66<\/b>\u00a0Przetargi w bran\u017cy elektrotechnicznej i energetycznej<\/span><\/p>\n<p><span style=\"font-size: 12pt;\"> <strong>Dodatek: &#8220;HURTOWNIE ELEKTROTECHNICZNE&#8221;<\/strong><\/span><\/p>\n<p><span style=\"font-size: 12pt;\"> <a href=\"http:\/\/elektrosystemy.pl\/wp-content\/uploads\/2016\/02\/01\/najnowsze-wydanie-luty-2015\/Okladka_HE_05_2018.jpg\"><img loading=\"lazy\" class=\"alignleft wp-image-27656 size-medium\" src=\"http:\/\/elektrosystemy.pl\/wp-content\/uploads\/2016\/02\/01\/najnowsze-wydanie-luty-2015\/Okladka_HE_05_2018-200x300.jpg\" alt=\"\" width=\"200\" height=\"300\" srcset=\"https:\/\/elektrosystemy.pl\/wp-content\/uploads\/2016\/02\/01\/najnowsze-wydanie-luty-2015\/Okladka_HE_05_2018-200x300.jpg 200w, https:\/\/elektrosystemy.pl\/wp-content\/uploads\/2016\/02\/01\/najnowsze-wydanie-luty-2015\/Okladka_HE_05_2018.jpg 500w\" sizes=\"(max-width: 200px) 100vw, 200px\" \/><\/a><strong>4<\/strong> Hurtownie pozostan\u0105\u00a0na \u015bcie\u017cce wzrostu<br \/>\n<b>20\u00a0<\/b>Sprzeda\u017c hurtowni dla przemys\u0142u<br \/>\n<b>24 <\/b>OWsp\u00f3\u0142praca hurtowni z dostawcami<br \/>\n<\/span><\/p>\n","protected":false},"excerpt":{"rendered":"<p>\u00a0AKTUALNO\u015aCI 14\u00a0Indeks koniunktury ELEKTROSYSTEM\u00d3W Koniunktura nabiera rozp\u0119du\u00a0 16\u00a0Gie\u0142dowy Indeks ELEKTROSYSTEM\u00d3W Bran\u017ca elektrotechniczna na gie\u0142dzie z mocn\u0105 przecen\u0105 18 Produkcja wybranych artyku\u0142\u00f3w elektrotechnicznych \u2013 II 2018 19 Nowa Elektro rozwija sie\u0107 i usprawnia obs\u0142ug\u0119 klienta 20 Philips zmodernizowa\u0142 Centrum Zastosowa\u0144 \u015awiat\u0142a 21 APS Energia szuka pomys\u0142u na rosyjsk\u0105 sp\u00f3\u0142k\u0119 zale\u017cn\u0105 22 ES-System liczy na dalszy wzrost&hellip;<\/p>\n","protected":false},"author":2,"featured_media":0,"parent":26953,"menu_order":5,"comment_status":"closed","ping_status":"closed","template":"","meta":[],"_links":{"self":[{"href":"https:\/\/elektrosystemy.pl\/index.php?rest_route=\/wp\/v2\/pages\/27861"}],"collection":[{"href":"https:\/\/elektrosystemy.pl\/index.php?rest_route=\/wp\/v2\/pages"}],"about":[{"href":"https:\/\/elektrosystemy.pl\/index.php?rest_route=\/wp\/v2\/types\/page"}],"author":[{"embeddable":true,"href":"https:\/\/elektrosystemy.pl\/index.php?rest_route=\/wp\/v2\/users\/2"}],"replies":[{"embeddable":true,"href":"https:\/\/elektrosystemy.pl\/index.php?rest_route=%2Fwp%2Fv2%2Fcomments&post=27861"}],"version-history":[{"count":1,"href":"https:\/\/elektrosystemy.pl\/index.php?rest_route=\/wp\/v2\/pages\/27861\/revisions"}],"predecessor-version":[{"id":27862,"href":"https:\/\/elektrosystemy.pl\/index.php?rest_route=\/wp\/v2\/pages\/27861\/revisions\/27862"}],"up":[{"embeddable":true,"href":"https:\/\/elektrosystemy.pl\/index.php?rest_route=\/wp\/v2\/pages\/26953"}],"wp:attachment":[{"href":"https:\/\/elektrosystemy.pl\/index.php?rest_route=%2Fwp%2Fv2%2Fmedia&parent=27861"}],"curies":[{"name":"wp","href":"https:\/\/api.w.org\/{rel}","templated":true}]}}