{"id":28162,"date":"2018-07-20T11:19:39","date_gmt":"2018-07-20T09:19:39","guid":{"rendered":"http:\/\/elektrosystemy.pl\/?page_id=28162"},"modified":"2019-04-13T20:23:52","modified_gmt":"2019-04-13T18:23:52","slug":"najnowsze-wydanie-luty-2015-7","status":"publish","type":"page","link":"https:\/\/elektrosystemy.pl\/?page_id=28162","title":{"rendered":"CZERWIEC 2018"},"content":{"rendered":"<p><span style=\"font-size: 12pt;\"><a href=\"http:\/\/elektrosystemy.pl\/wp-content\/uploads\/2016\/02\/01\/najnowsze-wydanie-luty-2015\/ES_06_2018_spis.jpg\"><img loading=\"lazy\" class=\"aligncenter wp-image-27898 size-full\" src=\"http:\/\/elektrosystemy.pl\/wp-content\/uploads\/2016\/02\/01\/najnowsze-wydanie-luty-2015\/ES_06_2018_spis.jpg\" alt=\"\" width=\"1024\" height=\"739\" srcset=\"https:\/\/elektrosystemy.pl\/wp-content\/uploads\/2016\/02\/01\/najnowsze-wydanie-luty-2015\/ES_06_2018_spis.jpg 1024w, https:\/\/elektrosystemy.pl\/wp-content\/uploads\/2016\/02\/01\/najnowsze-wydanie-luty-2015\/ES_06_2018_spis-600x433.jpg 600w, https:\/\/elektrosystemy.pl\/wp-content\/uploads\/2016\/02\/01\/najnowsze-wydanie-luty-2015\/ES_06_2018_spis-300x217.jpg 300w, https:\/\/elektrosystemy.pl\/wp-content\/uploads\/2016\/02\/01\/najnowsze-wydanie-luty-2015\/ES_06_2018_spis-768x554.jpg 768w\" sizes=\"(max-width: 1024px) 100vw, 1024px\" \/><\/a><\/span><\/p>\n<p><span style=\"font-size: 12pt;\"><a href=\"http:\/\/elektrosystemy.pl\/wp-content\/uploads\/2016\/02\/01\/najnowsze-wydanie-luty-2015\/OkladkaES_06_2018.jpg\"><img loading=\"lazy\" class=\"alignleft wp-image-27899 size-medium\" src=\"http:\/\/elektrosystemy.pl\/wp-content\/uploads\/2016\/02\/01\/najnowsze-wydanie-luty-2015\/OkladkaES_06_2018-208x300.jpg\" alt=\"\" width=\"208\" height=\"300\" srcset=\"https:\/\/elektrosystemy.pl\/wp-content\/uploads\/2016\/02\/01\/najnowsze-wydanie-luty-2015\/OkladkaES_06_2018-208x300.jpg 208w, https:\/\/elektrosystemy.pl\/wp-content\/uploads\/2016\/02\/01\/najnowsze-wydanie-luty-2015\/OkladkaES_06_2018.jpg 500w\" sizes=\"(max-width: 208px) 100vw, 208px\" \/><\/a><\/span><span style=\"color: #ffffff; background-color: #ff0000; font-size: 12pt;\"><strong>\u00a0AKTUALNO\u015aCI<br \/>\n<\/strong><\/span><span style=\"font-size: 12pt;\"><b>10<\/b>\u00a0<strong>Indeks koniunktury ELEKTROSYSTEM\u00d3W<\/strong><\/span><br \/>\n<span style=\"font-size: 12pt;\">Producenci spowolnili wzrost koniunktury\u00a0<\/span><br \/>\n<span style=\"font-size: 12pt;\"><b>12<\/b>\u00a0<strong>Gie\u0142dowy Indeks ELEKTROSYSTEM\u00d3W<\/strong><\/span><br \/>\n<span style=\"font-size: 12pt;\">Bran\u017ca na gie\u0142dzie praktycznie bez zmian<\/span><br \/>\n<span style=\"font-size: 12pt;\"> <strong>14<\/strong>\u00a0Produkcja wybranych artyku\u0142\u00f3w elektrotechnicznych \u2013 IV 2018<\/span><br \/>\n<span style=\"font-size: 12pt;\"><strong>15<\/strong>\u00a0ML System idzie na gie\u0142d\u0119<br \/>\n<strong>16<\/strong>\u00a0Kaczmarek Electric zwi\u0119ksza\u00a0zaplecze magazynowe<br \/>\n<strong>17<\/strong> Relpol notuje rekord\u00a0i liczy na jeszcze wi\u0119cej<br \/>\n<strong>18<\/strong>\u00a0Grodno przejmuje Elektromag Lighting<br \/>\n<strong>19<\/strong>\u00a0EFL: leasing elektryk\u00f3w dro\u017cszy ni\u017c aut spalinowych<br \/>\n<strong>20<\/strong>\u00a0Elektryczny autobus od Rafako coraz bli\u017cej<br \/>\n<strong>21<\/strong>\u00a0Sprzeda\u017c TIM-u wzros\u0142a o 19%<br \/>\n<strong>21<\/strong>\u00a0PGE zamierza\u00a0przej\u0105\u0107 Polenergi\u0119<br \/>\n<strong>22<\/strong>\u00a0ZPUE zako\u0144czy\u0142o 2018 rok na minusie<br \/>\n<strong>22<\/strong>\u00a0LED-owe lampy o\u015bwietl\u0105 ulice Malborka<br \/>\n<strong>23<\/strong>\u00a0Elektrotim liczy na popraw\u0119 wynik\u00f3w<br \/>\n<strong>23<\/strong>\u00a0W\u0142osi zbuduj\u0105 Port Czystej Energii<br \/>\n<strong>24<\/strong>\u00a0Orlen planuje budow\u0119 150 stacji \u0142adowania e-aut<br \/>\n<strong>24<\/strong>\u00a050 mln z\u0142 na o\u015bwietlenie w nowym programie Sowa<br \/>\n<strong>25<\/strong> Uniserv-Piecbud rezygnuje z wej\u015bcia na GPW<br \/>\n<strong>25<\/strong> Emitel i ZAE nawi\u0105zuj\u0105 wsp\u00f3\u0142prac\u0119<br \/>\n<strong>26<\/strong>\u00a0Textron sprzedaje Grup\u0119 Tool &amp; Test<br \/>\n<strong>26<\/strong>\u00a0ZDM wymieni\u0142 w 2017 r. 1,2 tys. latarni ulicznych<br \/>\n<\/span><\/p>\n<p><span style=\"font-size: 12pt;\"><strong><span style=\"color: #ffffff; background-color: #caa082;\"><span style=\"color: #ffffff; background-color: #d2232a;\">\u00a0WYDARZENIA\u00a0<\/span><br \/>\n<\/span><\/strong><b>28<\/b>\u00a0Relacje z targ\u00f3w, wydarze\u0144, spotka\u0144 bran\u017cowych<strong><br \/>\n<\/strong><\/span><\/p>\n<p><span style=\"font-size: 12pt;\"><strong><span style=\"color: #ffffff; background-color: #caa082;\"><span style=\"color: #ffffff; background-color: #3cafd6;\">\u00a0AUTOMATYKA\u00a0<\/span><br \/>\n<\/span><\/strong><strong>32<\/strong>\u00a0Dob\u00f3r kurtyn i barier \u015bwietlnych \u2013 rozwi\u0105zania Datalogic<\/span><br \/>\n<span style=\"font-size: 12pt;\"><strong>38<\/strong>\u00a0Produkcja firmy Rittal\u00a0w standardach Przemys\u0142u 4.0<\/span><\/p>\n<p><strong><span style=\"color: #ffffff; background-color: #caa082;\"><span style=\"color: #ffffff; background-color: #c74a46;\">\u00a0KABLE I PRZEWODY <\/span><br \/>\n<\/span><\/strong><span style=\"font-size: 12pt;\"><b>40<\/b>\u00a0Produkty Lapp Kabel\u00a0w Polskim Systemie\u00a0Gobalnej Radiolokacji WERA<\/span><\/p>\n<p><strong><span style=\"color: #ffffff; background-color: #caa082;\"><span style=\"color: #ffffff; background-color: #fad500;\">\u00a0TECHNIKA \u015aWIETLNA <\/span><br \/>\n<\/span><\/strong><span style=\"font-size: 12pt;\"><b>42<\/b>\u00a0S\u0142upy o\u015bwietleniowe\u00a0w technologii\u00a0spawania laserem<\/span><\/p>\n<p><strong><span style=\"color: #ffffff; background-color: #caa082;\"><span style=\"color: #ffffff; background-color: #004a80;\">\u00a0NARZ\u0118DZIA <\/span><br \/>\n<\/span><\/strong><span style=\"font-size: 12pt;\"><b>44<\/b>\u00a0No\u017cyce Klauke do ci\u0119cia w miejscach trudno dost\u0119pnych<\/span><\/p>\n<p><span style=\"font-size: 12pt;\"><strong><span style=\"color: #ffffff; background-color: #cc6a2d;\">\u00a0MIERNICTWO\u00a0<\/span><\/strong><\/span><br \/>\n<span style=\"font-size: 12pt;\"><strong>46<\/strong> Zestaw Fluke:\u00a0kamera termowizyjna TiS75\u00a0i miernik c\u0119gowy 376FC<br \/>\n<\/span><span style=\"font-size: 12pt;\"><strong>48<\/strong> Luksomierze firmy Sonel\u00a0\u2013 pomiary nat\u0119\u017cenia \u015bwiat\u0142a LED<br \/>\n<\/span><\/p>\n<p><strong><span style=\"color: #ffffff; background-color: #caa082;\"><span style=\"color: #ffffff; background-color: #b191af;\">\u00a0PRZETARGI I INWESTYCJE<br \/>\n<\/span><\/span><\/strong><b><\/b><span style=\"font-size: 12pt;\"><b>61<\/b>\u00a0Planowane inwestycje<\/span><br \/>\n<span style=\"font-size: 12pt;\"><b>66<\/b>\u00a0Przetargi w bran\u017cy elektrotechnicznej i energetycznej<\/span><\/p>\n<p><span style=\"font-size: 12pt;\"> <strong>Dodatek: &#8220;FIRMY ELEKTROINSTALACYJNE&#8221;<\/strong><\/span><\/p>\n<p><span style=\"font-size: 12pt;\"> <a href=\"http:\/\/elektrosystemy.pl\/wp-content\/uploads\/2016\/02\/01\/najnowsze-wydanie-luty-2015\/Okladka_FE_06_2018.jpg\"><img loading=\"lazy\" class=\"alignleft wp-image-27900 size-medium\" src=\"http:\/\/elektrosystemy.pl\/wp-content\/uploads\/2016\/02\/01\/najnowsze-wydanie-luty-2015\/Okladka_FE_06_2018-199x300.jpg\" alt=\"\" width=\"199\" height=\"300\" srcset=\"https:\/\/elektrosystemy.pl\/wp-content\/uploads\/2016\/02\/01\/najnowsze-wydanie-luty-2015\/Okladka_FE_06_2018-199x300.jpg 199w, https:\/\/elektrosystemy.pl\/wp-content\/uploads\/2016\/02\/01\/najnowsze-wydanie-luty-2015\/Okladka_FE_06_2018.jpg 500w\" sizes=\"(max-width: 199px) 100vw, 199px\" \/><\/a><strong>4<\/strong> Ro\u015bnie portfel zam\u00f3wie\u0144 firm elektroinstalacyjnych<br \/>\n<b>18\u00a0<\/b>Coraz wi\u0119cej firm budowlanych nie p\u0142aci na czas<br \/>\n<b>20 <\/b>Poznali\u015bmy zwyci\u0119zc\u00f3w XI edycji konkursu \u201eElektryzuj\u0105ca Pasja\u201d<br \/>\n<\/span><\/p>\n<p>&nbsp;<\/p>\n<p>&nbsp;<\/p>\n<p>&nbsp;<\/p>\n<p>&nbsp;<\/p>\n<p><span style=\"font-size: 12pt;\"> <strong>Dodatek: &#8220;MIERNICTWO&#8221;<\/strong><\/span><\/p>\n<p><span style=\"font-size: 12pt;\"> <a href=\"http:\/\/elektrosystemy.pl\/wp-content\/uploads\/2016\/02\/01\/najnowsze-wydanie-luty-2015\/Okladka_MIERNICTWO_06_2016.jpg\"><img loading=\"lazy\" class=\"alignleft wp-image-27901 size-medium\" src=\"http:\/\/elektrosystemy.pl\/wp-content\/uploads\/2016\/02\/01\/najnowsze-wydanie-luty-2015\/Okladka_MIERNICTWO_06_2016-200x300.jpg\" alt=\"\" width=\"200\" height=\"300\" srcset=\"https:\/\/elektrosystemy.pl\/wp-content\/uploads\/2016\/02\/01\/najnowsze-wydanie-luty-2015\/Okladka_MIERNICTWO_06_2016-200x300.jpg 200w, https:\/\/elektrosystemy.pl\/wp-content\/uploads\/2016\/02\/01\/najnowsze-wydanie-luty-2015\/Okladka_MIERNICTWO_06_2016.jpg 500w\" sizes=\"(max-width: 200px) 100vw, 200px\" \/><\/a><strong>4<\/strong> Miernictwo z szansami na dalsze wzrosty<br \/>\n<b>8\u00a0<\/b>Multimetry cyfrowe\u00a0\u2013 wielofunkcyjne przyrz\u0105dy pomiarowe<br \/>\n<b>14 <\/b>Pomiary\u00a0termowizyjne<br \/>\n<\/span><\/p>\n","protected":false},"excerpt":{"rendered":"<p>\u00a0AKTUALNO\u015aCI 10\u00a0Indeks koniunktury ELEKTROSYSTEM\u00d3W Producenci spowolnili wzrost koniunktury\u00a0 12\u00a0Gie\u0142dowy Indeks ELEKTROSYSTEM\u00d3W Bran\u017ca na gie\u0142dzie praktycznie bez zmian 14\u00a0Produkcja wybranych artyku\u0142\u00f3w elektrotechnicznych \u2013 IV 2018 15\u00a0ML System idzie na gie\u0142d\u0119 16\u00a0Kaczmarek Electric zwi\u0119ksza\u00a0zaplecze magazynowe 17 Relpol notuje rekord\u00a0i liczy na jeszcze wi\u0119cej 18\u00a0Grodno przejmuje Elektromag Lighting 19\u00a0EFL: leasing elektryk\u00f3w dro\u017cszy ni\u017c aut spalinowych 20\u00a0Elektryczny autobus od&hellip;<\/p>\n","protected":false},"author":2,"featured_media":0,"parent":26953,"menu_order":6,"comment_status":"closed","ping_status":"closed","template":"","meta":[],"_links":{"self":[{"href":"https:\/\/elektrosystemy.pl\/index.php?rest_route=\/wp\/v2\/pages\/28162"}],"collection":[{"href":"https:\/\/elektrosystemy.pl\/index.php?rest_route=\/wp\/v2\/pages"}],"about":[{"href":"https:\/\/elektrosystemy.pl\/index.php?rest_route=\/wp\/v2\/types\/page"}],"author":[{"embeddable":true,"href":"https:\/\/elektrosystemy.pl\/index.php?rest_route=\/wp\/v2\/users\/2"}],"replies":[{"embeddable":true,"href":"https:\/\/elektrosystemy.pl\/index.php?rest_route=%2Fwp%2Fv2%2Fcomments&post=28162"}],"version-history":[{"count":1,"href":"https:\/\/elektrosystemy.pl\/index.php?rest_route=\/wp\/v2\/pages\/28162\/revisions"}],"predecessor-version":[{"id":28163,"href":"https:\/\/elektrosystemy.pl\/index.php?rest_route=\/wp\/v2\/pages\/28162\/revisions\/28163"}],"up":[{"embeddable":true,"href":"https:\/\/elektrosystemy.pl\/index.php?rest_route=\/wp\/v2\/pages\/26953"}],"wp:attachment":[{"href":"https:\/\/elektrosystemy.pl\/index.php?rest_route=%2Fwp%2Fv2%2Fmedia&parent=28162"}],"curies":[{"name":"wp","href":"https:\/\/api.w.org\/{rel}","templated":true}]}}