{"id":28704,"date":"2018-10-05T12:03:06","date_gmt":"2018-10-05T10:03:06","guid":{"rendered":"http:\/\/elektrosystemy.pl\/?page_id=28704"},"modified":"2019-04-13T20:19:39","modified_gmt":"2019-04-13T18:19:39","slug":"najnowsze-wydanie-luty-2015-9","status":"publish","type":"page","link":"https:\/\/elektrosystemy.pl\/?page_id=28704","title":{"rendered":"WRZESIE\u0143 2018"},"content":{"rendered":"<p><span style=\"font-size: 12pt;\"><a href=\"http:\/\/elektrosystemy.pl\/wp-content\/uploads\/2016\/02\/01\/najnowsze-wydanie-luty-2015\/ES_09_2018_spis.jpg\"><img loading=\"lazy\" class=\"aligncenter wp-image-28498 size-full\" src=\"http:\/\/elektrosystemy.pl\/wp-content\/uploads\/2016\/02\/01\/najnowsze-wydanie-luty-2015\/ES_09_2018_spis.jpg\" alt=\"\" width=\"1024\" height=\"739\" srcset=\"https:\/\/elektrosystemy.pl\/wp-content\/uploads\/2016\/02\/01\/najnowsze-wydanie-luty-2015\/ES_09_2018_spis.jpg 1024w, https:\/\/elektrosystemy.pl\/wp-content\/uploads\/2016\/02\/01\/najnowsze-wydanie-luty-2015\/ES_09_2018_spis-600x433.jpg 600w, https:\/\/elektrosystemy.pl\/wp-content\/uploads\/2016\/02\/01\/najnowsze-wydanie-luty-2015\/ES_09_2018_spis-300x217.jpg 300w, https:\/\/elektrosystemy.pl\/wp-content\/uploads\/2016\/02\/01\/najnowsze-wydanie-luty-2015\/ES_09_2018_spis-768x554.jpg 768w\" sizes=\"(max-width: 1024px) 100vw, 1024px\" \/><\/a><\/span><\/p>\n<p><span style=\"font-size: 12pt;\"><a href=\"http:\/\/elektrosystemy.pl\/wp-content\/uploads\/2016\/02\/01\/najnowsze-wydanie-luty-2015\/OkladkaES_09_2018.jpg\"><img loading=\"lazy\" class=\"alignleft wp-image-28499 size-medium\" src=\"http:\/\/elektrosystemy.pl\/wp-content\/uploads\/2016\/02\/01\/najnowsze-wydanie-luty-2015\/OkladkaES_09_2018-212x300.jpg\" alt=\"\" width=\"212\" height=\"300\" srcset=\"https:\/\/elektrosystemy.pl\/wp-content\/uploads\/2016\/02\/01\/najnowsze-wydanie-luty-2015\/OkladkaES_09_2018-212x300.jpg 212w, https:\/\/elektrosystemy.pl\/wp-content\/uploads\/2016\/02\/01\/najnowsze-wydanie-luty-2015\/OkladkaES_09_2018.jpg 500w\" sizes=\"(max-width: 212px) 100vw, 212px\" \/><\/a><\/span><span style=\"color: #ffffff; background-color: #ff0000; font-size: 12pt;\"><strong>\u00a0AKTUALNO\u015aCI<br \/>\n<\/strong><\/span><\/p>\n<p><strong>20 Indeks koniunktury ELEKTROSYSTEM\u00d3W<\/strong><br \/>\nSpore wzrosty na prze\u0142omie p\u00f3\u0142rocza<br \/>\n<strong>22 Gie\u0142dowy Indeks ELEKTROSYSTEM\u00d3W<\/strong><br \/>\nWakacje na gie\u0142dzie pod znakiem spadk\u00f3w<br \/>\n<strong>24<\/strong> Produkcja wybranych artyku\u0142\u00f3w elektrotechnicznych \u2013 VI 2018<br \/>\n<strong>26<\/strong> Grupa Grodno mia\u0142a rekordowe przychody<br \/>\n<strong>27<\/strong> Nice za 250 mln z\u0142 przejmuje Fibar Group<br \/>\n<strong>28<\/strong> Kaczmarek Electric nie zwalnia tempa<br \/>\n<strong>29<\/strong> Rabbit opracuje lampy LED z LiFi<br \/>\n<strong>30<\/strong> Grupa Atrem z kontraktami od OSD za ponad 35 mln z\u0142<\/p>\n<p><strong>32<\/strong> Nowa sp\u00f3\u0142ka Siemensa w Polsce<br \/>\n<strong>34<\/strong> Kapitalizacja sp\u00f3\u0142ek z GPW skurczy\u0142a si\u0119 o 0,4 mld z\u0142<br \/>\n<strong>36 Sonda ELEKTROSYSTEM\u00d3W<\/strong><br \/>\nO wykwalifikowanych pracownik\u00f3w coraz trudniej<br \/>\n<strong>42<\/strong> Relpol sprzeda udzia\u0142y w bia\u0142oruskiej sp\u00f3\u0142ce<br \/>\n<strong>42<\/strong> Silvair zadebiutowa\u0142 na warszawskiej GPW<br \/>\n<strong>43<\/strong> LUG otwiera sp\u00f3\u0142k\u0119 w Turcji<br \/>\n<strong>43<\/strong> ML System kupuje sprz\u0119t od Servitechu<br \/>\n<strong>44<\/strong> Energa o\u015bwietli Elbl\u0105g lampami LED<br \/>\n<strong>44<\/strong> Luxon LED nowym cz\u0142onkiem Pol-Lighting<br \/>\n<strong>45<\/strong> EMC for Business 2018 odb\u0119dzie si\u0119 we Wroc\u0142awiu<br \/>\n<strong>45<\/strong> W Sosnowcu odb\u0119d\u0105 si\u0119 Targi LUMENexpo 2018<br \/>\n<strong>46<\/strong> Perowskitowe panele PV trafi\u0105 na biurowiec Spark<br \/>\n<strong>46<\/strong> Viatron b\u0119dzie walczy\u0142 o odszkodowania od Liebherr<\/p>\n<p><span style=\"font-size: 12pt;\"><strong><span style=\"color: #ffffff; background-color: #caa082;\"><span style=\"color: #ffffff; background-color: #8bc751;\">\u00a0WYWIAD\u00a0<\/span><br \/>\n<\/span><\/strong><b>48\u00a0<\/b> <strong>Rozmowa z Maciejem Merkiem,<br \/>\n<\/strong><strong>prezesem zarz\u0105du Phoenix Contact\u00a0<\/strong><strong>w Polsce<\/strong>\u00a0<strong><br \/>\n<\/strong><\/span><\/p>\n<p><span style=\"font-size: 12pt;\"><strong><span style=\"color: #ffffff; background-color: #caa082;\"><span style=\"color: #ffffff; background-color: #3cafd6;\">\u00a0AUTOMATYKA\u00a0<\/span><br \/>\n<\/span><\/strong> <strong>54<\/strong> Przeka\u017aniki RPC firmy Relpol w automatyce<br \/>\n<strong>56<\/strong> Nowe rozwi\u0105zania firmy Lovato Electric<br \/>\n<strong>59<\/strong> Pick-to-Light firmy Weidm\u00fcller<br \/>\n<strong>62<\/strong> Modu\u0142owe sterowniki UniStream<\/span><\/p>\n<p><b><\/b><b><\/b><span style=\"font-size: 12pt;\"><strong><span style=\"color: #ffffff; background-color: #00a2a4;\"><span style=\"color: #ffffff; background-color: #00a2a4;\">\u00a0OSPRZ\u0118T INSTALACYJNY\u00a0<\/span><br \/>\n<\/span><\/strong><\/span><span style=\"font-size: 12pt;\"><strong>64<\/strong> Drukarka termotransferowa Letatwin LM-550A\/PC CE firmy Ergom<br \/>\n<strong>68<\/strong> Oferta Gewiss Smart Energy<br \/>\n<strong>70<\/strong> Z\u0142\u0105czki ZUG firmy Pok\u00f3j<br \/>\n<strong>72<\/strong> Program do znakowania Promark Creator firmy Partex<br \/>\n<strong>74<\/strong> System szaf pe\u0142nogabarytowych Rittal VX25<br \/>\n<strong>76<\/strong> Kana\u0142y elektroinstalacyjne tehalit.BKIS firmy Hager<strong><br \/>\n<\/strong><\/span><\/p>\n<p><strong><span style=\"color: #ffffff; background-color: #caa082;\"><span style=\"color: #ffffff; background-color: #c74a46;\">\u00a0KABLE I PRZEWODY <\/span><br \/>\n<\/span><\/strong><span style=\"font-size: 12pt;\"><strong>78<\/strong> Nowo\u015bci Lapp na targach Hannover Messe 2018<br \/>\n<strong>82<\/strong> Przewody Nexans LoSag z rdzeniem kompozytowym<\/span><\/p>\n<p><span style=\"font-size: 12pt;\"><strong><span style=\"color: #ffffff; background-color: #c71882;\">\u00a0NAP\u0118DY I STEROWANIE\u00a0<\/span><br \/>\n84<\/strong> Wy\u0142\u0105czniki silnikowe firmy Noark Electric<br \/>\n<\/span><\/p>\n<p><span style=\"font-size: 12pt;\"><strong><span style=\"color: #ffffff; background-color: #cc6a2d;\">\u00a0MIERNICTWO\u00a0<\/span><\/strong><\/span><br \/>\n<span style=\"font-size: 12pt;\"><strong>90<\/strong> Adaptery Beha-Amprobe do testowania opraw i gniazd elektrycznych<br \/>\n<strong>92<\/strong> Flir One Pro LT \u2013 kamera termowizyjna do smartfon\u00f3w i tablet\u00f3w<br \/>\n<strong>94<\/strong> Diagnostyka przemys\u0142owa \u2013 boroskopy firmy Fluke<br \/>\n<\/span><\/p>\n<p><span style=\"font-size: 12pt;\"><strong style=\"font-size: 12pt;\"><span style=\"color: #ffffff; background-color: #f47a63;\">\u00a0OCHRONA PRZECIWPRZEPI\u0118CIOWA I ODGROMOWA<br \/>\n<\/span><\/strong><strong>96<\/strong> Ograniczniki przepie\u0107 Termitrab Complete dla instalacji wodno-\u015bciekowych<br \/>\n<\/span><\/p>\n<p><strong><span style=\"color: #ffffff; background-color: #caa082;\"><span style=\"color: #ffffff; background-color: #007dc5;\">\u00a0SYSTEMY OCHRONY\u00a0<\/span><br \/>\n<\/span><\/strong><span style=\"color: #333333; font-style: normal; font-weight: 300;\">\u00a0 <strong>100\u00a0<\/strong><\/span>Czujniki tlenku w\u0119gla, gazu i dymu firmy Zamel<\/p>\n<p><strong><span style=\"color: #ffffff; background-color: #caa082;\"><span style=\"color: #ffffff; background-color: #004a80;\">\u00a0NARZ\u0118DZIA\u00a0<\/span><br \/>\n<\/span>102<\/strong> Obr\u00f3bka szyn pr\u0105dowych i koryt kablowych \u2013 rozwi\u0105zania Rittal<\/p>\n<p><strong><span style=\"color: #ffffff; background-color: #caa082;\"><span style=\"color: #ffffff; background-color: #b191af;\">\u00a0PRZETARGI I INWESTYCJE<br \/>\n<\/span><\/span><\/strong><b><\/b><span style=\"font-size: 12pt;\"><b>106<\/b>\u00a0Planowane inwestycje<\/span><br \/>\n<span style=\"font-size: 12pt;\"><b>110<\/b>\u00a0Przetargi w bran\u017cy elektrotechnicznej i energetycznej<\/span><\/p>\n<p>&nbsp;<\/p>\n","protected":false},"excerpt":{"rendered":"<p>\u00a0AKTUALNO\u015aCI 20 Indeks koniunktury ELEKTROSYSTEM\u00d3W Spore wzrosty na prze\u0142omie p\u00f3\u0142rocza 22 Gie\u0142dowy Indeks ELEKTROSYSTEM\u00d3W Wakacje na gie\u0142dzie pod znakiem spadk\u00f3w 24 Produkcja wybranych artyku\u0142\u00f3w elektrotechnicznych \u2013 VI 2018 26 Grupa Grodno mia\u0142a rekordowe przychody 27 Nice za 250 mln z\u0142 przejmuje Fibar Group 28 Kaczmarek Electric nie zwalnia tempa 29 Rabbit opracuje lampy LED z&hellip;<\/p>\n","protected":false},"author":2,"featured_media":0,"parent":26953,"menu_order":9,"comment_status":"closed","ping_status":"closed","template":"","meta":[],"_links":{"self":[{"href":"https:\/\/elektrosystemy.pl\/index.php?rest_route=\/wp\/v2\/pages\/28704"}],"collection":[{"href":"https:\/\/elektrosystemy.pl\/index.php?rest_route=\/wp\/v2\/pages"}],"about":[{"href":"https:\/\/elektrosystemy.pl\/index.php?rest_route=\/wp\/v2\/types\/page"}],"author":[{"embeddable":true,"href":"https:\/\/elektrosystemy.pl\/index.php?rest_route=\/wp\/v2\/users\/2"}],"replies":[{"embeddable":true,"href":"https:\/\/elektrosystemy.pl\/index.php?rest_route=%2Fwp%2Fv2%2Fcomments&post=28704"}],"version-history":[{"count":1,"href":"https:\/\/elektrosystemy.pl\/index.php?rest_route=\/wp\/v2\/pages\/28704\/revisions"}],"predecessor-version":[{"id":28705,"href":"https:\/\/elektrosystemy.pl\/index.php?rest_route=\/wp\/v2\/pages\/28704\/revisions\/28705"}],"up":[{"embeddable":true,"href":"https:\/\/elektrosystemy.pl\/index.php?rest_route=\/wp\/v2\/pages\/26953"}],"wp:attachment":[{"href":"https:\/\/elektrosystemy.pl\/index.php?rest_route=%2Fwp%2Fv2%2Fmedia&parent=28704"}],"curies":[{"name":"wp","href":"https:\/\/api.w.org\/{rel}","templated":true}]}}