{"id":29011,"date":"2018-11-06T12:43:32","date_gmt":"2018-11-06T11:43:32","guid":{"rendered":"http:\/\/elektrosystemy.pl\/?page_id=29011"},"modified":"2019-04-13T20:17:38","modified_gmt":"2019-04-13T18:17:38","slug":"najnowsze-wydanie-luty-2015-10-2","status":"publish","type":"page","link":"https:\/\/elektrosystemy.pl\/?page_id=29011","title":{"rendered":"PA\u0179DZIERNIK 2018"},"content":{"rendered":"<p><span style=\"font-size: 12pt;\"><a href=\"http:\/\/elektrosystemy.pl\/wp-content\/uploads\/2018\/10\/05\/najnowsze-wydanie-luty-2015\/ES_10_2018_spis.jpg\"><img loading=\"lazy\" class=\"aligncenter wp-image-28711 size-full\" src=\"http:\/\/elektrosystemy.pl\/wp-content\/uploads\/2018\/10\/05\/najnowsze-wydanie-luty-2015\/ES_10_2018_spis.jpg\" alt=\"\" width=\"1024\" height=\"739\" srcset=\"https:\/\/elektrosystemy.pl\/wp-content\/uploads\/2018\/10\/05\/najnowsze-wydanie-luty-2015\/ES_10_2018_spis.jpg 1024w, https:\/\/elektrosystemy.pl\/wp-content\/uploads\/2018\/10\/05\/najnowsze-wydanie-luty-2015\/ES_10_2018_spis-600x433.jpg 600w, https:\/\/elektrosystemy.pl\/wp-content\/uploads\/2018\/10\/05\/najnowsze-wydanie-luty-2015\/ES_10_2018_spis-300x217.jpg 300w, https:\/\/elektrosystemy.pl\/wp-content\/uploads\/2018\/10\/05\/najnowsze-wydanie-luty-2015\/ES_10_2018_spis-768x554.jpg 768w\" sizes=\"(max-width: 1024px) 100vw, 1024px\" \/><\/a><\/span><\/p>\n<p><span style=\"font-size: 12pt;\"><a href=\"http:\/\/elektrosystemy.pl\/wp-content\/uploads\/2018\/10\/05\/najnowsze-wydanie-luty-2015\/OkladkaES_10_2018.jpg\"><img loading=\"lazy\" class=\"alignleft wp-image-28712 size-medium\" src=\"http:\/\/elektrosystemy.pl\/wp-content\/uploads\/2018\/10\/05\/najnowsze-wydanie-luty-2015\/OkladkaES_10_2018-207x300.jpg\" alt=\"\" width=\"207\" height=\"300\" srcset=\"https:\/\/elektrosystemy.pl\/wp-content\/uploads\/2018\/10\/05\/najnowsze-wydanie-luty-2015\/OkladkaES_10_2018-207x300.jpg 207w, https:\/\/elektrosystemy.pl\/wp-content\/uploads\/2018\/10\/05\/najnowsze-wydanie-luty-2015\/OkladkaES_10_2018.jpg 500w\" sizes=\"(max-width: 207px) 100vw, 207px\" \/><\/a><\/span><span style=\"color: #ffffff; background-color: #ff0000; font-size: 12pt;\"><strong>\u00a0AKTUALNO\u015aCI<br \/>\n<\/strong><\/span><\/p>\n<p><strong>12 Indeks koniunktury ELEKTROSYSTEM\u00d3W<\/strong><br \/>\nTempo wzrostu w sierpniu os\u0142ab\u0142o<br \/>\n<strong>14 Gie\u0142dowy Indeks ELEKTROSYSTEM\u00d3W<\/strong><br \/>\nOgromna przecena gie\u0142dowych sp\u00f3\u0142ek<br \/>\n<strong>16<\/strong>\u00a0Produkcja wybranych artyku\u0142\u00f3w elektrotechnicznych \u2013 VII 2018<br \/>\n<strong>18<\/strong> Zysk Apatora ro\u015bnie mimo ni\u017cszej sprzeda\u017cy<br \/>\n<strong>19<\/strong>\u00a0Nice za 250 mln z\u0142 przejmuje Fibar Group<br \/>\n<strong>20<\/strong> TIM z rekordem obrot\u00f3w i zyskiem zamiast straty<br \/>\n<strong>21<\/strong> ML System podwaja sprzeda\u017c<br \/>\n<strong>22<\/strong> Ekoenergetyka-Polska buduje Centrum B+R<\/p>\n<p><strong>22<\/strong> Elektromonta\u017c Pozna\u0144 ma nowego w\u0142a\u015bciciela<br \/>\n<strong>23<\/strong> Turck uruchomi zak\u0142ad w Polsce<br \/>\n<strong>23<\/strong> Bezpieczna aparatura nn tematem spotkania w Bielsku<br \/>\n<strong>24<\/strong> APS Energia z rekordow\u0105 sprzeda\u017c\u0105 i backlogiem<br \/>\n<strong>24<\/strong> Produkty Fibaro wkraczaj\u0105 do Japonii\u00ad\u00ad<br \/>\n<strong>25<\/strong> Umicore wyprodukuje elementy baterii w Nysie<br \/>\n<strong>25<\/strong> Orlen wybra\u0142 dostawc\u00f3w \u0142adowarek e-samochod\u00f3w<br \/>\n<strong>26<\/strong> Aplisens przejmuje w Polsce i otwiera sp\u00f3\u0142k\u0119 w Turcji<br \/>\n<strong>26<\/strong> Fabryka Schneider Electric wyr\u00f3\u017cniona na \u201eLetnim Davos\u201d<br \/>\n<strong>27<\/strong> Robotyzacja przemys\u0142u szybsza ni\u017c zak\u0142adano<br \/>\n<strong>27<\/strong> Tauron z unikalnym\u00a0w Europie system AMI<br \/>\n<strong>28<\/strong> Columbus Energy wchodzi na rynek e-mobility<br \/>\n<strong>28<\/strong> Luxon LED pozyska\u0142 nowego inwestora<\/p>\n<p><span style=\"font-size: 12pt;\"><strong><span style=\"color: #ffffff; background-color: #caa082;\"><span style=\"color: #ffffff; background-color: #d2232a;\">\u00a0WYDARZENIA\u00a0<\/span><br \/>\n<\/span><\/strong><b>30<\/b>\u00a0Relacje z targ\u00f3w, wydarze\u0144, spotka\u0144 bran\u017cowych<strong><br \/>\n<\/strong><\/span><\/p>\n<p><strong><span style=\"color: #ffffff; background-color: #caa082;\"><span style=\"color: #ffffff; background-color: #fad500;\">\u00a0TECHNIKA \u015aWIETLNA <\/span><br \/>\n<\/span><\/strong><span style=\"font-size: 12pt;\"><b>34<\/b> Oprawy EMHB II Ex \/ EMHB II polskiej firmy Elektrometal SA<br \/>\n<b>36<\/b> Projektory Smart [PRO] 2.0 firmy Gewiss<br \/>\n<b>38<\/b> Oprawy EXF, EXL firmy ATM Lighting<br \/>\n<b>40<\/b> Oprawa o\u015bwietlenia drogowego Lumax Street LED MA<br \/>\n<\/span><\/p>\n<p><span style=\"font-size: 12pt;\"><strong><span style=\"color: #ffffff; background-color: #cc6a2d;\">\u00a0MIERNICTWO\u00a0<\/span><\/strong><\/span><br \/>\n<span style=\"font-size: 12pt;\"><strong>42<\/strong> Odleg\u0142o\u015b\u0107 pomiar\u00f3w kamer\u0105 termowizyjn\u0105<\/span><\/p>\n<p><strong><span style=\"color: #ffffff; background-color: #caa082;\"><span style=\"color: #ffffff; background-color: #007dc5;\">\u00a0ZASILANIE\u00a0<\/span><br \/>\n<\/span><\/strong><span style=\"font-size: 12pt;\"><b>46<\/b> Zasilacze magistrali DALI Mean Well \u2013 seria DLP<\/span><\/p>\n<p><span style=\"font-size: 12pt;\"><strong><span style=\"color: #ffffff; background-color: #00a2a4;\"><span style=\"color: #ffffff; background-color: #00a2a4;\">\u00a0OSPRZ\u0118T INSTALACYJNY\u00a0<\/span><br \/>\n<\/span><\/strong><\/span><span style=\"font-size: 12pt;\"><strong>48<\/strong> Systemy ch\u0142odzenia \u00adszaf IT firmy Rittal<br \/>\n<strong>50<\/strong> Obudowy metalowe KDB-M w ofercie marki Ideal\u00ad\u00ad TS<br \/>\n<strong>53<\/strong> Aplikacja Marking System firmy Phoenix Contact<br \/>\n<strong>56<\/strong> System pe\u0142nogabarytowych szaf VX 25 firmy Rittal<\/span><\/p>\n<p><strong><span style=\"color: #ffffff; background-color: #caa082;\"><span style=\"color: #ffffff; background-color: #c74a46;\">\u00a0KABLE I PRZEWODY <\/span><br \/>\n<\/span><\/strong><span style=\"font-size: 12pt;\"><strong>60<\/strong> Przewody Lapp w zak\u0142adach produkcji paneli pod\u0142ogowych<\/span><\/p>\n<p><span style=\"font-size: 12pt;\"><strong style=\"font-size: 12pt;\"><span style=\"color: #ffffff; background-color: #c71882;\">\u00a0ROZDZIA\u0141 ENERGII\u00a0<\/span><br \/>\n<\/strong><b>62<\/b><\/span><span style=\"font-size: 12pt;\">\u00a0Zagro\u017cenie \u0142ukiem elektrycznym \u2013 system Arcon firmy Eaton<\/span><\/p>\n<p><strong><span style=\"color: #ffffff; background-color: #caa082;\"><span style=\"color: #ffffff; background-color: #b191af;\">\u00a0PRZETARGI I INWESTYCJE<br \/>\n<\/span><\/span><\/strong><b><\/b><span style=\"font-size: 12pt;\"><b>65<\/b>\u00a0Planowane inwestycje<\/span><br \/>\n<span style=\"font-size: 12pt;\"><b>70<\/b>\u00a0Przetargi w bran\u017cy elektrotechnicznej i energetycznej<\/span><\/p>\n<p><span style=\"font-size: 12pt;\">\u00a0<\/span><\/p>\n<p><span style=\"font-size: 12pt;\"> <strong>Dodatek: &#8220;TECHNIKA \u015aWIETLNA&#8221;<\/strong><\/span><\/p>\n<p><span style=\"font-size: 12pt;\"> <a href=\"http:\/\/elektrosystemy.pl\/wp-content\/uploads\/2018\/10\/05\/najnowsze-wydanie-luty-2015\/Okladka_TS_10_2018.jpg\"><img loading=\"lazy\" class=\"alignleft wp-image-28714 size-medium\" src=\"http:\/\/elektrosystemy.pl\/wp-content\/uploads\/2018\/10\/05\/najnowsze-wydanie-luty-2015\/Okladka_TS_10_2018-200x300.jpg\" alt=\"\" width=\"200\" height=\"300\" srcset=\"https:\/\/elektrosystemy.pl\/wp-content\/uploads\/2018\/10\/05\/najnowsze-wydanie-luty-2015\/Okladka_TS_10_2018-200x300.jpg 200w, https:\/\/elektrosystemy.pl\/wp-content\/uploads\/2018\/10\/05\/najnowsze-wydanie-luty-2015\/Okladka_TS_10_2018.jpg 500w\" sizes=\"(max-width: 200px) 100vw, 200px\" \/><\/a><strong>4<\/strong> Trendy w bran\u017cy o\u015bwietleniowej<br \/>\n<b>6\u00a0<\/b>Spada rentowno\u015b\u0107 i kapitalizacja sp\u00f3\u0142ek o\u015bwietleniowych z GPW<br \/>\n<b>8\u00a0<\/b><strong>Ledvance:<\/strong> edukacja nt. LED-\u00f3w niezb\u0119dna w celu eliminacji produkt\u00f3w niskiej jako\u015bci<br \/>\n<b>10\u00a0<\/b><strong>Rabbit:<\/strong> LED-y i Internet Rzeczy kluczowe dla rozwoju system\u00f3w sterowania o\u015bwietleniem ulicznym<br \/>\n<b>12\u00a0<\/b><strong>ATM Lighting:<\/strong> rynek o\u015bwietlenia dla kolei jest bardzo wymagaj\u0105cy<br \/>\n<b>14\u00a0<\/b><strong>Elektromonta\u017c Rzesz\u00f3w:<\/strong> w o\u015bwie\u00ad\u00adtleniu ulicznym przewa\u017caj\u0105 s\u0142upy stalowe<br \/>\n<b style=\"color: #333333; font-style: normal;\">16\u00a0<\/b>O\u015bwietleniowe oprawy przemys\u0142owe LED<br \/>\n<b style=\"color: #333333; font-style: normal;\">22\u00a0<\/b>Inteligentne systemy sterowania \u015bwietleniem<br \/>\n<b style=\"color: #333333; font-style: normal;\">16\u00a0<\/b>O\u015bwietleniowe oprawy przemys\u0142owe LED<br \/>\n<\/span><\/p>\n","protected":false},"excerpt":{"rendered":"<p>\u00a0AKTUALNO\u015aCI 12 Indeks koniunktury ELEKTROSYSTEM\u00d3W Tempo wzrostu w sierpniu os\u0142ab\u0142o 14 Gie\u0142dowy Indeks ELEKTROSYSTEM\u00d3W Ogromna przecena gie\u0142dowych sp\u00f3\u0142ek 16\u00a0Produkcja wybranych artyku\u0142\u00f3w elektrotechnicznych \u2013 VII 2018 18 Zysk Apatora ro\u015bnie mimo ni\u017cszej sprzeda\u017cy 19\u00a0Nice za 250 mln z\u0142 przejmuje Fibar Group 20 TIM z rekordem obrot\u00f3w i zyskiem zamiast straty 21 ML System podwaja sprzeda\u017c 22&hellip;<\/p>\n","protected":false},"author":2,"featured_media":0,"parent":26953,"menu_order":10,"comment_status":"closed","ping_status":"closed","template":"","meta":[],"_links":{"self":[{"href":"https:\/\/elektrosystemy.pl\/index.php?rest_route=\/wp\/v2\/pages\/29011"}],"collection":[{"href":"https:\/\/elektrosystemy.pl\/index.php?rest_route=\/wp\/v2\/pages"}],"about":[{"href":"https:\/\/elektrosystemy.pl\/index.php?rest_route=\/wp\/v2\/types\/page"}],"author":[{"embeddable":true,"href":"https:\/\/elektrosystemy.pl\/index.php?rest_route=\/wp\/v2\/users\/2"}],"replies":[{"embeddable":true,"href":"https:\/\/elektrosystemy.pl\/index.php?rest_route=%2Fwp%2Fv2%2Fcomments&post=29011"}],"version-history":[{"count":1,"href":"https:\/\/elektrosystemy.pl\/index.php?rest_route=\/wp\/v2\/pages\/29011\/revisions"}],"predecessor-version":[{"id":29012,"href":"https:\/\/elektrosystemy.pl\/index.php?rest_route=\/wp\/v2\/pages\/29011\/revisions\/29012"}],"up":[{"embeddable":true,"href":"https:\/\/elektrosystemy.pl\/index.php?rest_route=\/wp\/v2\/pages\/26953"}],"wp:attachment":[{"href":"https:\/\/elektrosystemy.pl\/index.php?rest_route=%2Fwp%2Fv2%2Fmedia&parent=29011"}],"curies":[{"name":"wp","href":"https:\/\/api.w.org\/{rel}","templated":true}]}}