{"id":29470,"date":"2018-12-17T12:42:05","date_gmt":"2018-12-17T11:42:05","guid":{"rendered":"http:\/\/elektrosystemy.pl\/?page_id=29470"},"modified":"2019-04-13T20:24:14","modified_gmt":"2019-04-13T18:24:14","slug":"najnowsze-wydanie-luty-2015-10-3","status":"publish","type":"page","link":"https:\/\/elektrosystemy.pl\/?page_id=29470","title":{"rendered":"LISTOPAD 2018"},"content":{"rendered":"<p><span style=\"font-size: 12pt;\"><a href=\"http:\/\/elektrosystemy.pl\/wp-content\/uploads\/2016\/02\/01\/najnowsze-wydanie-luty-2015-10\/ES_11_2018_spis.jpg\"><img loading=\"lazy\" class=\"aligncenter wp-image-29064 size-full\" src=\"http:\/\/elektrosystemy.pl\/wp-content\/uploads\/2016\/02\/01\/najnowsze-wydanie-luty-2015-10\/ES_11_2018_spis.jpg\" alt=\"\" width=\"1024\" height=\"739\" srcset=\"https:\/\/elektrosystemy.pl\/wp-content\/uploads\/2016\/02\/01\/najnowsze-wydanie-luty-2015-10\/ES_11_2018_spis.jpg 1024w, https:\/\/elektrosystemy.pl\/wp-content\/uploads\/2016\/02\/01\/najnowsze-wydanie-luty-2015-10\/ES_11_2018_spis-600x433.jpg 600w, https:\/\/elektrosystemy.pl\/wp-content\/uploads\/2016\/02\/01\/najnowsze-wydanie-luty-2015-10\/ES_11_2018_spis-300x217.jpg 300w, https:\/\/elektrosystemy.pl\/wp-content\/uploads\/2016\/02\/01\/najnowsze-wydanie-luty-2015-10\/ES_11_2018_spis-768x554.jpg 768w\" sizes=\"(max-width: 1024px) 100vw, 1024px\" \/><\/a><\/span><\/p>\n<p><span style=\"font-size: 12pt;\"><a href=\"http:\/\/elektrosystemy.pl\/wp-content\/uploads\/2016\/02\/01\/najnowsze-wydanie-luty-2015-10\/OkladkaES_11_2018.jpg\"><img loading=\"lazy\" class=\"alignleft wp-image-29065 size-medium\" src=\"http:\/\/elektrosystemy.pl\/wp-content\/uploads\/2016\/02\/01\/najnowsze-wydanie-luty-2015-10\/OkladkaES_11_2018-207x300.jpg\" alt=\"\" width=\"207\" height=\"300\" srcset=\"https:\/\/elektrosystemy.pl\/wp-content\/uploads\/2016\/02\/01\/najnowsze-wydanie-luty-2015-10\/OkladkaES_11_2018-207x300.jpg 207w, https:\/\/elektrosystemy.pl\/wp-content\/uploads\/2016\/02\/01\/najnowsze-wydanie-luty-2015-10\/OkladkaES_11_2018.jpg 500w\" sizes=\"(max-width: 207px) 100vw, 207px\" \/><\/a><\/span><span style=\"color: #ffffff; background-color: #ff0000; font-size: 12pt;\"><strong>\u00a0AKTUALNO\u015aCI<br \/>\n<\/strong><\/span><\/p>\n<p><span style=\"font-size: 12pt;\"><strong>12 Indeks Koniunktury ELEKTROSYSTEM\u00d3W:<\/strong><\/span><br \/>\n<span style=\"font-size: 12pt;\">Koniunktura ro\u015bnie w coraz mniejszym tempie<\/span><br \/>\n<span style=\"font-size: 12pt;\"><strong>14 Gie\u0142dowy Indeks ELEKTROSYSTEM\u00d3W:<\/strong><\/span><br \/>\n<span style=\"font-size: 12pt;\">Elektrotechnika na gie\u0142dzie z kolejnym spadkiem<\/span><br \/>\n<span style=\"font-size: 12pt;\"><strong>16<\/strong> Produkcja wybranych artyku\u0142\u00f3w elektrotechnicznych \u2013 VIII 2018<\/span><br \/>\n<span style=\"font-size: 12pt;\"><strong>18<\/strong> Apator zaprezentowa\u0142 now\u0105 strategi\u0119 rozwoju<\/span><br \/>\n<span style=\"font-size: 12pt;\"><strong>19<\/strong> Zmiany strukturalne w Kaczmarek Electric<\/span><br \/>\n<span style=\"font-size: 12pt;\"><strong>20<\/strong> Nowa Elektro rozwija sie\u0107 dystrybucji i us\u0142ugi<\/span><br \/>\n<span style=\"font-size: 12pt;\"><strong>21<\/strong> Fabryka przysz\u0142o\u015bci Rittal w Rittershausen<\/span><br \/>\n<span style=\"font-size: 12pt;\"><strong>22<\/strong> Elektrotechnika na GPW pod kresk\u0105<\/span><br \/>\n<span style=\"font-size: 12pt;\"><strong>26<\/strong> Omron otwiera w Tychach laboratorium innowacji<\/span><br \/>\n<span style=\"font-size: 12pt;\"><strong>27<\/strong> Luneos nawi\u0105za\u0142 wsp\u00f3\u0142prac\u0119 ze szwajcarskim funduszem<\/span><br \/>\n<span style=\"font-size: 12pt;\"><strong>27<\/strong> Beghelli Polska do\u0142\u0105cza do Pol-Lighting<\/span><br \/>\n<span style=\"font-size: 12pt;\"><strong>28<\/strong> Produkty Fibaro dost\u0119pne w Kuwejcie <\/span><br \/>\n<span style=\"font-size: 12pt;\"><strong>28<\/strong> Northvolt uruchomi w Polsce zak\u0142ad system\u00f3w zasilania<\/span><br \/>\n<span style=\"font-size: 12pt;\"><strong>29<\/strong> Luxon LED kolejny raz doceniony przez Delloitle<\/span><br \/>\n<span style=\"font-size: 12pt;\"><strong>29<\/strong> Katowice zmodernizowa\u0142y o\u015bwietlenie za 5,5 mln z\u0142<\/span><br \/>\n<span style=\"font-size: 12pt;\"><strong>30<\/strong> ML System opatentowa\u0142 szyb\u0119 z kropkami kwantowymi<\/span><br \/>\n<span style=\"font-size: 12pt;\"><strong>30<\/strong> Tramwaje dla Poznania z technologi\u0105 SiC od Medcom<\/span><\/p>\n<p><span style=\"font-size: 12pt;\"><strong><span style=\"color: #ffffff; background-color: #caa082;\"><span style=\"color: #ffffff; background-color: #d2232a;\">\u00a0WYDARZENIA\u00a0<\/span><br \/>\n<\/span><\/strong><b>34<\/b>\u00a0Relacje z targ\u00f3w, wydarze\u0144, spotka\u0144 bran\u017cowych<strong><br \/>\n<\/strong><\/span><\/p>\n<p><span style=\"font-size: 12pt;\"><strong><span style=\"color: #ffffff; background-color: #caa082;\"><span style=\"color: #ffffff; background-color: #56afc9;\">\u00a0AUTOMATYKA\u00a0<\/span><br \/>\n<\/span><\/strong><b>38<\/b> Cyfrowa transformacja \u2013 platforma EcoStruxure\u00a0firmy Schneider Electric<br \/>\n<b>40<\/b> Autonomiczne mobilne roboty w transporcie wewn\u0119trznym<strong><br \/>\n<\/strong><\/span><\/p>\n<p><span style=\"font-size: 12pt;\"><strong><span style=\"color: #ffffff; background-color: #00a2a4;\"><span style=\"color: #ffffff; background-color: #00a2a4;\">\u00a0OSPRZ\u0118T INSTALACYJNY\u00a0<\/span><br \/>\n<\/span><\/strong><\/span><span style=\"font-size: 12pt;\"><strong>42<\/strong> Nowe wersje gniazd serii Asfora\u00a0firmy Schneider Electric<\/span><\/p>\n<p><strong><span style=\"color: #ffffff; background-color: #caa082;\"><span style=\"color: #ffffff; background-color: #c74a46;\">\u00a0KABLE I PRZEWODY <\/span><br \/>\n<\/span><\/strong><span style=\"font-size: 12pt;\"><strong>44<\/strong> Produkty Lapp w pojazdach typu MEMU<br \/>\n<strong>48<\/strong> Dob\u00f3r ko\u0144c\u00f3wek kablowych do \u017cy\u0142 miedzianych i aluminiowych<br \/>\n<strong>51<\/strong> Przew\u00f3d chainflex CAN-BUS firmy igus<br \/>\n<\/span><\/p>\n<p><span style=\"font-size: 12pt;\"><strong><span style=\"color: #ffffff; background-color: #caa082;\"><span style=\"color: #ffffff; background-color: #e9425c;\">\u00a0OCHRONA PRZECIWWYBUCHOWA\u00a0<\/span><br \/>\n<\/span><\/strong><b>54<\/b> Latarki iskrobezpieczne firmy Fluke<\/span><\/p>\n<p><b><\/b><strong><span style=\"color: #ffffff; background-color: #caa082;\"><span style=\"color: #ffffff; background-color: #fad500;\"><span style=\"font-size: 12pt;\">\u00a0APARATURA \u0141\u0104CZENIOWA<\/span> <\/span><br \/>\n<\/span><\/strong><span style=\"font-size: 12pt;\"><b>56<\/b>\u00a0Styczniki \u015brednich i du\u017cych mocy firmy Ghisalba<\/span><\/p>\n<p><b><\/b><span style=\"font-size: 12pt;\"><strong style=\"font-size: 12pt;\"><span style=\"color: #ffffff; background-color: #c71882;\">\u00a0ROZDZIA\u0141 ENERGII\u00a0<\/span><br \/>\n<\/strong><b>59<\/b><\/span><span style=\"font-size: 12pt;\"> Rozdzielnice i przed\u0142u\u017cacze w ofercie firmy Doktorvolt<\/span><\/p>\n<p><strong><span style=\"color: #ffffff; background-color: #caa082;\"><span style=\"color: #ffffff; background-color: #b191af;\">\u00a0PRZETARGI I INWESTYCJE<br \/>\n<\/span><\/span><\/strong><b><\/b><span style=\"font-size: 12pt;\"><b>62<\/b>\u00a0Planowane inwestycje<\/span><br \/>\n<span style=\"font-size: 12pt;\"><b>66<\/b>\u00a0Przetargi w bran\u017cy elektrotechnicznej i energetycznej<\/span><\/p>\n<p><span style=\"font-size: 12pt;\"> <strong>Dodatek: &#8220;HURTOWNIE ELEKTROTECHNICZNE&#8221;<\/strong><\/span><\/p>\n<p><span style=\"font-size: 12pt;\"> <a href=\"http:\/\/elektrosystemy.pl\/wp-content\/uploads\/2016\/02\/01\/najnowsze-wydanie-luty-2015-10\/Okladka_HE_11_2018.jpg\"><img loading=\"lazy\" class=\"alignleft wp-image-29066 size-medium\" src=\"http:\/\/elektrosystemy.pl\/wp-content\/uploads\/2016\/02\/01\/najnowsze-wydanie-luty-2015-10\/Okladka_HE_11_2018-200x300.jpg\" alt=\"\" width=\"200\" height=\"300\" srcset=\"https:\/\/elektrosystemy.pl\/wp-content\/uploads\/2016\/02\/01\/najnowsze-wydanie-luty-2015-10\/Okladka_HE_11_2018-200x300.jpg 200w, https:\/\/elektrosystemy.pl\/wp-content\/uploads\/2016\/02\/01\/najnowsze-wydanie-luty-2015-10\/Okladka_HE_11_2018.jpg 500w\" sizes=\"(max-width: 200px) 100vw, 200px\" \/><\/a><strong>4<\/strong> Rynek hurtowni w 2018 roku\u00a0ro\u015bnie w tempie dwucyfrowym<br \/>\n<b>22\u00a0<\/b>Przedstawiciel handlowy w hurtowniach elektrotechnicznych<br \/>\n<b>24 FEGIME:<\/b> warto\u015bci wynikaj\u0105ce\u00a0z przynale\u017cno\u015bci do globalnej organizacji<br \/>\n<b>26\u00a0Preis Zone:<\/b> us\u0142ugi dodatkowe w hurtowniach elektrotechnicznych<br \/>\n<b>28\u00a0TIM:<\/b> zmiany modelu biznesowego po transformacji w kierunku e-commerce<\/span><\/p>\n<p>&nbsp;<\/p>\n","protected":false},"excerpt":{"rendered":"<p>\u00a0AKTUALNO\u015aCI 12 Indeks Koniunktury ELEKTROSYSTEM\u00d3W: Koniunktura ro\u015bnie w coraz mniejszym tempie 14 Gie\u0142dowy Indeks ELEKTROSYSTEM\u00d3W: Elektrotechnika na gie\u0142dzie z kolejnym spadkiem 16 Produkcja wybranych artyku\u0142\u00f3w elektrotechnicznych \u2013 VIII 2018 18 Apator zaprezentowa\u0142 now\u0105 strategi\u0119 rozwoju 19 Zmiany strukturalne w Kaczmarek Electric 20 Nowa Elektro rozwija sie\u0107 dystrybucji i us\u0142ugi 21 Fabryka przysz\u0142o\u015bci Rittal w Rittershausen&hellip;<\/p>\n","protected":false},"author":2,"featured_media":0,"parent":26953,"menu_order":11,"comment_status":"closed","ping_status":"closed","template":"","meta":[],"_links":{"self":[{"href":"https:\/\/elektrosystemy.pl\/index.php?rest_route=\/wp\/v2\/pages\/29470"}],"collection":[{"href":"https:\/\/elektrosystemy.pl\/index.php?rest_route=\/wp\/v2\/pages"}],"about":[{"href":"https:\/\/elektrosystemy.pl\/index.php?rest_route=\/wp\/v2\/types\/page"}],"author":[{"embeddable":true,"href":"https:\/\/elektrosystemy.pl\/index.php?rest_route=\/wp\/v2\/users\/2"}],"replies":[{"embeddable":true,"href":"https:\/\/elektrosystemy.pl\/index.php?rest_route=%2Fwp%2Fv2%2Fcomments&post=29470"}],"version-history":[{"count":1,"href":"https:\/\/elektrosystemy.pl\/index.php?rest_route=\/wp\/v2\/pages\/29470\/revisions"}],"predecessor-version":[{"id":29471,"href":"https:\/\/elektrosystemy.pl\/index.php?rest_route=\/wp\/v2\/pages\/29470\/revisions\/29471"}],"up":[{"embeddable":true,"href":"https:\/\/elektrosystemy.pl\/index.php?rest_route=\/wp\/v2\/pages\/26953"}],"wp:attachment":[{"href":"https:\/\/elektrosystemy.pl\/index.php?rest_route=%2Fwp%2Fv2%2Fmedia&parent=29470"}],"curies":[{"name":"wp","href":"https:\/\/api.w.org\/{rel}","templated":true}]}}