{"id":30193,"date":"2019-03-07T14:46:55","date_gmt":"2019-03-07T13:46:55","guid":{"rendered":"http:\/\/elektrosystemy.pl\/?page_id=30193"},"modified":"2019-04-13T20:12:00","modified_gmt":"2019-04-13T18:12:00","slug":"najnowsze-wydanie-luty-2015-10-5","status":"publish","type":"page","link":"https:\/\/elektrosystemy.pl\/?page_id=30193","title":{"rendered":"LUTY 2019"},"content":{"rendered":"<p><span style=\"font-size: 12pt;\"><a href=\"http:\/\/elektrosystemy.pl\/wp-content\/uploads\/2016\/02\/01\/najnowsze-wydanie-luty-2015-10\/ES_02_2019_spis.jpg\"><img loading=\"lazy\" class=\"aligncenter wp-image-29999 size-full\" src=\"http:\/\/elektrosystemy.pl\/wp-content\/uploads\/2016\/02\/01\/najnowsze-wydanie-luty-2015-10\/ES_02_2019_spis.jpg\" alt=\"\" width=\"1024\" height=\"739\" srcset=\"https:\/\/elektrosystemy.pl\/wp-content\/uploads\/2016\/02\/01\/najnowsze-wydanie-luty-2015-10\/ES_02_2019_spis.jpg 1024w, https:\/\/elektrosystemy.pl\/wp-content\/uploads\/2016\/02\/01\/najnowsze-wydanie-luty-2015-10\/ES_02_2019_spis-600x433.jpg 600w, https:\/\/elektrosystemy.pl\/wp-content\/uploads\/2016\/02\/01\/najnowsze-wydanie-luty-2015-10\/ES_02_2019_spis-300x217.jpg 300w, https:\/\/elektrosystemy.pl\/wp-content\/uploads\/2016\/02\/01\/najnowsze-wydanie-luty-2015-10\/ES_02_2019_spis-768x554.jpg 768w\" sizes=\"(max-width: 1024px) 100vw, 1024px\" \/><\/a><\/span><\/p>\n<p><span style=\"font-size: 12pt;\"><a href=\"http:\/\/elektrosystemy.pl\/wp-content\/uploads\/2016\/02\/01\/najnowsze-wydanie-luty-2015-10\/OkladkaES_02_2019.jpg\"><img loading=\"lazy\" class=\"alignleft wp-image-30000 size-medium\" src=\"http:\/\/elektrosystemy.pl\/wp-content\/uploads\/2016\/02\/01\/najnowsze-wydanie-luty-2015-10\/OkladkaES_02_2019-206x300.jpg\" alt=\"\" width=\"206\" height=\"300\" srcset=\"https:\/\/elektrosystemy.pl\/wp-content\/uploads\/2016\/02\/01\/najnowsze-wydanie-luty-2015-10\/OkladkaES_02_2019-206x300.jpg 206w, https:\/\/elektrosystemy.pl\/wp-content\/uploads\/2016\/02\/01\/najnowsze-wydanie-luty-2015-10\/OkladkaES_02_2019.jpg 500w\" sizes=\"(max-width: 206px) 100vw, 206px\" \/><\/a><\/span><span style=\"color: #ffffff; background-color: #ff0000; font-size: 12pt;\"><strong>\u00a0AKTUALNO\u015aCI<br \/>\n<\/strong><\/span><\/p>\n<p><span style=\"font-size: 12pt;\"><strong>10 Indeks Koniunktury ELEKTROSYSTEM\u00d3W:<\/strong><\/span><br \/>\n<span style=\"font-size: 12pt;\">Niewielki spadek koniunktury w grudniu<\/span><br \/>\n<span style=\"font-size: 12pt;\"><strong>12 Gie\u0142dowy Indeks ELEKTROSYSTEM\u00d3W:<\/strong><\/span><br \/>\n<span style=\"font-size: 12pt;\">Lekkie wzrosty na prze\u0142omie roku<\/span><br \/>\n<span style=\"font-size: 12pt;\"><strong>14<\/strong>\u00a0Produkcja wybranych artyku\u0142\u00f3w elektrotechnicznych \u2013 XI 2018<\/span><br \/>\n<span style=\"font-size: 12pt;\"><strong>16<\/strong>\u00a0Beghelli Polska ko\u0144czy rok du\u017cym wzrostem sprzeda\u017cy<\/span><br \/>\n<span style=\"font-size: 12pt;\"><strong>17<\/strong>\u00a0Nowa struktura organizacyjna w Onninen<\/span><br \/>\n<span style=\"font-size: 12pt;\"><strong>18<\/strong> Politechnika \u0141\u00f3dzka i Apator nawi\u0105zuj\u0105 wsp\u00f3\u0142prac\u0119<\/span><br \/>\n<span style=\"font-size: 12pt;\"><strong>19<\/strong>\u00a0Grupa TAK zako\u0144czy\u0142a dzia\u0142alno\u015b\u0107<\/span><br \/>\n<span style=\"font-size: 12pt;\"><strong>20<\/strong>\u00a0Kapitalizacja sp\u00f3\u0142ek z GPW zmala\u0142a o 0,8 mld z\u0142<\/span><br \/>\n<span style=\"font-size: 12pt;\"><strong>22<\/strong>\u00a0Grodno sfinalizowa\u0142o przej\u0119cie hurtowni Magma<\/span><br \/>\n<span style=\"font-size: 12pt;\"><strong>23<\/strong>\u00a0Silvair podpisa\u0142 umow\u0119 z Fulham<\/span><br \/>\n<span style=\"font-size: 12pt;\"><strong>23<\/strong>\u00a0TIM z rekordem obrot\u00f3w w 2018 roku<\/span><br \/>\n<span style=\"font-size: 12pt;\"><strong>24<\/strong>\u00a0Lumel rozbudowa\u0142 laboratorium B+R\u00a0<\/span><br \/>\n<span style=\"font-size: 12pt;\"><strong>24<\/strong>\u00a0Universal Robots poszerza sie\u0107 partner\u00f3w w Polsce<\/span><br \/>\n<span style=\"font-size: 12pt;\"><strong>25<\/strong>\u00a0Relpol zwi\u0119kszy moce produkcyjne\u00a0<\/span><br \/>\n<span style=\"font-size: 12pt;\"><strong>25<\/strong>\u00a0Tegoroczne GDE odb\u0119d\u0105 si\u0119 w maju<\/span><br \/>\n<span style=\"font-size: 12pt;\"><strong>26<\/strong>\u00a0Subregion ciechanowski otrzyma\u0142 8 mln z\u0142 na OZE<\/span><br \/>\n<span style=\"font-size: 12pt;\"><strong>26<\/strong> Siedem akwizycji Legranda w 2018 roku<br \/>\n<\/span><span style=\"font-size: 12pt;\"><strong>27<\/strong>\u00a0Enea przyjrzy si\u0119 magazynowi energii<br \/>\n<strong>27<\/strong>\u00a0Fi\u0144ski s\u0105d wyda\u0142 wyrok w sprawie Elektrobudowy<br \/>\n<\/span><span style=\"font-size: 12pt;\"><strong>28<\/strong>\u00a0O\u015bwietlenie pod lup\u0105 Inspekcji Handlowej<br \/>\n<strong>28<\/strong> ABB sprzeda Hitachi dywizj\u0119 Power Grids<br \/>\n<\/span><\/p>\n<p><span style=\"font-size: 12pt;\"><strong><span style=\"color: #ffffff; background-color: #caa082;\"><span style=\"color: #ffffff; background-color: #d2232a;\">\u00a0WYDARZENIA\u00a0<\/span><br \/>\n<\/span><\/strong><b>32<\/b>\u00a0Relacje z targ\u00f3w, wydarze\u0144, spotka\u0144 bran\u017cowych<strong><br \/>\n<\/strong><\/span><\/p>\n<p><span style=\"font-size: 12pt;\"><strong><span style=\"color: #ffffff; background-color: #00a2a4;\"><span style=\"color: #ffffff; background-color: #00a2a4;\">\u00a0OSPRZ\u0118T INSTALACYJNY\u00a0<\/span><br \/>\n<\/span><\/strong><\/span><span style=\"font-size: 12pt;\"><strong>34<\/strong>\u00a0Szafy VX25 do zastosowa\u0144 w ekstremalnych warunkach<\/span><\/p>\n<p><span style=\"font-size: 12pt;\"><strong><span style=\"color: #ffffff; background-color: #caa082;\"><span style=\"color: #ffffff; background-color: #c74a46;\">\u00a0KABLE I PRZEWODY <\/span><br \/>\n<\/span><\/strong><strong>36<\/strong>\u00a0Kable i przewody w ofercie firmy Ospe<br \/>\n<strong>38<\/strong> Przewody i kable Helukabel dla trudnych warunk\u00f3w przemys\u0142owych<br \/>\n<strong>42<\/strong>\u00a0Lokomotywy Softronic zasilane produktami firmy Lapp<br \/>\n<\/span><\/p>\n<p><span style=\"font-size: 12pt;\"><b><\/b><strong><span style=\"color: #ffffff; background-color: #caa082;\"><span style=\"color: #ffffff; background-color: #fad500;\">\u00a0TECHNIKA \u015aWIETLNA\u00a0<\/span><br \/>\n<\/span><\/strong><b>44<\/b> Efektywne o\u015bwietlenie w biurze<br \/>\n<b>46<\/b>\u00a0System Interact Pro firmy Signify<br \/>\n<\/span><\/p>\n<p><b><\/b><span style=\"font-size: 12pt;\"><strong style=\"font-size: 12pt;\"><span style=\"color: #ffffff; background-color: #c71882;\">\u00a0ROZDZIA\u0141 ENERGII\u00a0<\/span><br \/>\n<\/strong><b>48<\/b><\/span><span style=\"font-size: 12pt;\"> Wy\u0142\u0105czniki Masterpact MTZ w instalacjach z IoT<\/span><\/p>\n<p><span style=\"font-size: 12pt;\"><strong><span style=\"color: #ffffff; background-color: #caa082;\"><span style=\"color: #ffffff; background-color: #de6328;\">\u00a0ENETRGETYKA\u00a0<\/span><br \/>\n<\/span><\/strong><b>50<\/b>\u00a0System magazynowania energii na stadionie Johan Cruijff ArenA\u00a0<\/span><span style=\"font-size: 12pt;\"><strong><br \/>\n<\/strong><\/span><\/p>\n<p><span style=\"font-size: 12pt;\"><strong><span style=\"color: #ffffff; background-color: #caa082;\"><span style=\"color: #ffffff; background-color: #b191af;\">\u00a0PRZETARGI I INWESTYCJE<br \/>\n<\/span><\/span><\/strong><\/span><b><\/b><span style=\"font-size: 12pt;\"><b><\/b><b>52<\/b>\u00a0Planowane inwestycje<\/span><br \/>\n<span style=\"font-size: 12pt;\"><b>58<\/b>\u00a0Przetargi w bran\u017cy elektrotechnicznej i energetycznej<\/span><\/p>\n<p><span style=\"font-size: 12pt;\"> <strong>Dodatek: &#8220;KABLE I PRZEWODY&#8221; <\/strong><\/span><\/p>\n<p><span style=\"font-size: 12pt;\"> <a href=\"http:\/\/elektrosystemy.pl\/wp-content\/uploads\/2016\/02\/01\/najnowsze-wydanie-luty-2015-10\/Okladka_Kable_02_2019.jpg\"><img loading=\"lazy\" class=\"alignleft wp-image-30001 size-medium\" src=\"http:\/\/elektrosystemy.pl\/wp-content\/uploads\/2016\/02\/01\/najnowsze-wydanie-luty-2015-10\/Okladka_Kable_02_2019-201x300.jpg\" alt=\"\" width=\"201\" height=\"300\" srcset=\"https:\/\/elektrosystemy.pl\/wp-content\/uploads\/2016\/02\/01\/najnowsze-wydanie-luty-2015-10\/Okladka_Kable_02_2019-201x300.jpg 201w, https:\/\/elektrosystemy.pl\/wp-content\/uploads\/2016\/02\/01\/najnowsze-wydanie-luty-2015-10\/Okladka_Kable_02_2019.jpg 500w\" sizes=\"(max-width: 201px) 100vw, 201px\" \/><\/a><strong>4<\/strong> Bran\u017ca kablowa zako\u0144czy\u0142a\u00a02018 rok wzrostem sprzeda\u017cy<br \/>\n<b>24\u00a0<\/b>Nexans: zaawansowane rozwi\u0105zania kablowe i pierwszy zak\u0142ad produkcyjny w Polsce<br \/>\n<strong>28<\/strong>\u00a0Przewody\u00a0telekomunikacyjne\u00a0i do transmisji sygna\u0142\u00f3w<br \/>\n<\/span><span style=\"font-size: 12pt;\"><strong>32<\/strong>\u00a0Przewody i kable sterownicze &#8211; przegl\u0105d oferty rynkowej<br \/>\n<\/span><span style=\"font-size: 12pt;\"><strong>34<\/strong>\u00a0Narz\u0119dzia do obr\u00f3bki kabli i przewod\u00f3w<br \/>\n<strong>36<\/strong> Przewody do system\u00f3w fotowoltaicznych<br \/>\n<\/span><\/p>\n<p>&nbsp;<\/p>\n<p>&nbsp;<\/p>\n<p>&nbsp;<\/p>\n<p>&nbsp;<\/p>\n<p>&nbsp;<\/p>\n<p>&nbsp;<\/p>\n","protected":false},"excerpt":{"rendered":"<p>\u00a0AKTUALNO\u015aCI 10 Indeks Koniunktury ELEKTROSYSTEM\u00d3W: Niewielki spadek koniunktury w grudniu 12 Gie\u0142dowy Indeks ELEKTROSYSTEM\u00d3W: Lekkie wzrosty na prze\u0142omie roku 14\u00a0Produkcja wybranych artyku\u0142\u00f3w elektrotechnicznych \u2013 XI 2018 16\u00a0Beghelli Polska ko\u0144czy rok du\u017cym wzrostem sprzeda\u017cy 17\u00a0Nowa struktura organizacyjna w Onninen 18 Politechnika \u0141\u00f3dzka i Apator nawi\u0105zuj\u0105 wsp\u00f3\u0142prac\u0119 19\u00a0Grupa TAK zako\u0144czy\u0142a dzia\u0142alno\u015b\u0107 20\u00a0Kapitalizacja sp\u00f3\u0142ek z GPW zmala\u0142a o&hellip;<\/p>\n","protected":false},"author":2,"featured_media":0,"parent":30195,"menu_order":2,"comment_status":"closed","ping_status":"closed","template":"","meta":[],"_links":{"self":[{"href":"https:\/\/elektrosystemy.pl\/index.php?rest_route=\/wp\/v2\/pages\/30193"}],"collection":[{"href":"https:\/\/elektrosystemy.pl\/index.php?rest_route=\/wp\/v2\/pages"}],"about":[{"href":"https:\/\/elektrosystemy.pl\/index.php?rest_route=\/wp\/v2\/types\/page"}],"author":[{"embeddable":true,"href":"https:\/\/elektrosystemy.pl\/index.php?rest_route=\/wp\/v2\/users\/2"}],"replies":[{"embeddable":true,"href":"https:\/\/elektrosystemy.pl\/index.php?rest_route=%2Fwp%2Fv2%2Fcomments&post=30193"}],"version-history":[{"count":1,"href":"https:\/\/elektrosystemy.pl\/index.php?rest_route=\/wp\/v2\/pages\/30193\/revisions"}],"predecessor-version":[{"id":30194,"href":"https:\/\/elektrosystemy.pl\/index.php?rest_route=\/wp\/v2\/pages\/30193\/revisions\/30194"}],"up":[{"embeddable":true,"href":"https:\/\/elektrosystemy.pl\/index.php?rest_route=\/wp\/v2\/pages\/30195"}],"wp:attachment":[{"href":"https:\/\/elektrosystemy.pl\/index.php?rest_route=%2Fwp%2Fv2%2Fmedia&parent=30193"}],"curies":[{"name":"wp","href":"https:\/\/api.w.org\/{rel}","templated":true}]}}