{"id":31659,"date":"2019-10-29T12:14:59","date_gmt":"2019-10-29T11:14:59","guid":{"rendered":"http:\/\/elektrosystemy.pl\/?page_id=31659"},"modified":"2019-10-29T12:14:59","modified_gmt":"2019-10-29T11:14:59","slug":"najnowsze-wydanie-luty-2015-10","status":"publish","type":"page","link":"https:\/\/elektrosystemy.pl\/?page_id=31659","title":{"rendered":"WRZESIE\u0143 2019"},"content":{"rendered":"<p><a href=\"http:\/\/elektrosystemy.pl\/wp-content\/uploads\/2016\/02\/01\/najnowsze-wydanie-luty-2015-10\/ES_09_2019_spis.jpg\"><img loading=\"lazy\" class=\"aligncenter wp-image-31347 size-full\" style=\"box-shadow: 3px 3px 5px grey;\" src=\"http:\/\/elektrosystemy.pl\/wp-content\/uploads\/2016\/02\/01\/najnowsze-wydanie-luty-2015-10\/ES_09_2019_spis.jpg\" alt=\"\" width=\"1600\" height=\"1152\" srcset=\"https:\/\/elektrosystemy.pl\/wp-content\/uploads\/2016\/02\/01\/najnowsze-wydanie-luty-2015-10\/ES_09_2019_spis.jpg 1600w, https:\/\/elektrosystemy.pl\/wp-content\/uploads\/2016\/02\/01\/najnowsze-wydanie-luty-2015-10\/ES_09_2019_spis-600x432.jpg 600w, https:\/\/elektrosystemy.pl\/wp-content\/uploads\/2016\/02\/01\/najnowsze-wydanie-luty-2015-10\/ES_09_2019_spis-300x216.jpg 300w, https:\/\/elektrosystemy.pl\/wp-content\/uploads\/2016\/02\/01\/najnowsze-wydanie-luty-2015-10\/ES_09_2019_spis-768x553.jpg 768w, https:\/\/elektrosystemy.pl\/wp-content\/uploads\/2016\/02\/01\/najnowsze-wydanie-luty-2015-10\/ES_09_2019_spis-1024x737.jpg 1024w, https:\/\/elektrosystemy.pl\/wp-content\/uploads\/2016\/02\/01\/najnowsze-wydanie-luty-2015-10\/ES_09_2019_spis-1320x950.jpg 1320w\" sizes=\"(max-width: 1600px) 100vw, 1600px\" \/><\/a><\/p>\n<p><span style=\"font-size: 12pt;\"><a href=\"http:\/\/elektrosystemy.pl\/wp-content\/uploads\/2019\/03\/07\/archiwum-2017-2-2\/OkladkaES_09_2019_www.jpg\"><img loading=\"lazy\" class=\"alignleft wp-image-31336\" style=\"box-shadow: 3px 3px 4px grey; margin: 6px 10px 1px 2px;\" src=\"http:\/\/elektrosystemy.pl\/wp-content\/uploads\/2019\/03\/07\/archiwum-2017-2-2\/OkladkaES_09_2019_www.jpg\" alt=\"\" width=\"208\" height=\"301\" srcset=\"https:\/\/elektrosystemy.pl\/wp-content\/uploads\/2019\/03\/07\/archiwum-2017-2-2\/OkladkaES_09_2019_www.jpg 600w, https:\/\/elektrosystemy.pl\/wp-content\/uploads\/2019\/03\/07\/archiwum-2017-2-2\/OkladkaES_09_2019_www-416x602.jpg 416w, https:\/\/elektrosystemy.pl\/wp-content\/uploads\/2019\/03\/07\/archiwum-2017-2-2\/OkladkaES_09_2019_www-207x300.jpg 207w\" sizes=\"(max-width: 208px) 100vw, 208px\" \/><\/a><\/span><strong><span style=\"background-color: #ff0000; color: #ffffff;\">\u00a0<span style=\"font-size: 12pt;\">AKTUALNO\u015aCI\u00a0<\/span><br \/>\n<\/span><\/strong><span style=\"font-size: 12pt;\"><strong>16<\/strong> <strong>Indeks koniunktury ELEKTROSYSTEM\u00d3W:<br \/>\n<\/strong>\u00a0 \u00a0 Dystrybucja nap\u0119dza\u0142a koniunktur\u0119 ca\u0142ej bran\u017cy<br \/>\n<strong>18<\/strong> <strong>Gie\u0142dowy Indeks ELEKTROSYSTEM\u00d3W:<br \/>\n<\/strong>\u00a0 \u00a0 Gie\u0142dowe wzrosty posz\u0142y na wakacje<br \/>\n<strong>20<\/strong> Produkcja wybranych artyku\u0142\u00f3w elektrotechnicznych:<br \/>\nVII 2019<br \/>\n<strong>22<\/strong> Zamel stawia na R&amp;D i zwi\u0119ksza moce zak\u0142adu<br \/>\n<strong>24<\/strong> Kaczmarek Electric rozwija dzia\u0142y techniczne<br \/>\n<strong>25<\/strong> Elektrotim pozyska\u0142 pi\u0119\u0107 zlece\u0144 za 55 mln z\u0142<br \/>\n<strong>26<\/strong> Grodno poprawia sprzeda\u017c i rentowno\u015b\u0107<br \/>\n<strong>28<\/strong> TME inwestuje 150 mln z\u0142 w nowe centrum logistyczne<br \/>\n<strong>29<\/strong> R.Power z rekordowym finansowaniem fotowoltaiki<br \/>\n<strong>30<\/strong> Partex zwi\u0119ksza obecno\u015b\u0107 na polskim rynku<br \/>\n<strong>32<\/strong> PSBE chce konsolidowa\u0107 bran\u017c\u0119 elektroenergetyczn\u0105<br \/>\n<strong>34<\/strong> Apanet ma za sob\u0105 prze\u0142omowy kwarta\u0142<br \/>\n<strong>36<\/strong> Pr\u0105d ze s\u0142o\u0144ca coraz bardziej po\u017c\u0105dany<br \/>\n<strong>41<\/strong> Solaris najwi\u0119kszym producentem e-bus\u00f3w<br \/>\n<strong>42<\/strong> Pierwsze liczniki z LTE-M zamontowano w Warszawie<br \/>\n<strong>42<\/strong> Columbus Energy wchodzi w du\u017c\u0105 fotowoltaik\u0119<br \/>\n<strong>43<\/strong> NKT dostarczy kable na projekt Viking Link<br \/>\n<strong>43<\/strong> Alumast zwi\u0119ksza moce produkcyjne<br \/>\n<strong>44<\/strong> Fega w \u0141odzi: nowa lokalizacja, nowa jako\u015b\u0107 i pierwsza w Polsce stacja \u0142adowania samochod\u00f3w Eaton<br \/>\n<strong>46<\/strong> FEGIME Day 2019 w Polsce<\/span><\/p>\n<p><strong><span style=\"background-color: #ff0000; color: #ffffff;\">\u00a0<span style=\"font-size: 12pt;\">WYDARZENIA\u00a0<\/span><br \/>\n<\/span><\/strong><span style=\"font-size: 12pt;\"><strong>46<\/strong> FEGIME Day 2019 w Polsce<\/span><\/p>\n<p><span style=\"color: #ffffff; background-color: #005ea8;\"><strong><span style=\"font-size: 12pt;\"><span style=\"font-size: 12pt; color: #ffffff; background-color: #d2a884;\">\u00a0APARATURA MODU\u0141OWA\u00a0<\/span><br \/>\n<\/span><\/strong><\/span><span style=\"font-size: 12pt;\"><strong>48<\/strong> Restart i Restart Autotest firmy Gewiss<\/span><\/p>\n<p><span style=\"color: #ffffff; background-color: #005ea8;\"><strong><span style=\"font-size: 12pt;\"><span style=\"font-size: 12pt; color: #ffffff; background-color: #00939b;\">\u00a0OSPRZ\u0118T INSTALACYJNY\u00a0<\/span><br \/>\n<\/span><\/strong><\/span><span style=\"font-size: 12pt;\"><strong>50<\/strong> Partex: systemy oznacze\u0144 w energetyce<br \/>\n<strong>54<\/strong> Z\u0142\u0105czki gwintowe firmy Pok\u00f3j<br \/>\n<strong>56<\/strong> Modu\u0142y z\u0142\u0105cz przemys\u0142owych HDC RockStar ModuPlug<br \/>\n<strong>58<\/strong> Rozdzielnice MSF i Elegant firmy Elektro-Plast Nasielsk<\/span><\/p>\n<p><span style=\"color: #ffffff; background-color: #005ea8;\"><strong><span style=\"font-size: 12pt;\"><span style=\"font-size: 12pt; color: #ffffff; background-color: #57afc6;\">\u00a0AUTOMATYKA\u00a0<\/span><br \/>\n<\/span><\/strong><\/span><span style=\"font-size: 12pt;\"><strong>60<\/strong> Przeka\u017aniki do nadzoru pr\u0105du, temperatury i napi\u0119cia firmy Relpol<\/span><\/p>\n<p><span style=\"font-size: 12pt; color: #ffffff; background-color: #cc3333;\"><strong>\u00a0KABLE I PRZEWODY\u00a0<\/strong><\/span><br \/>\n<span style=\"font-size: 12pt;\"><strong>62<\/strong> Lapp: przewody dla sieci DC<br \/>\n<strong>66<\/strong> TFKable Group \u2013 bezpiecze\u0144stwo po\u017carowe kabli i przewod\u00f3w<\/span><\/p>\n<p><span style=\"color: #ffffff; background-color: #005ea8;\"><strong><span style=\"font-size: 12pt;\"><span style=\"font-size: 12pt; color: #ffffff; background-color: #ebce93;\">\u00a0INTELIGENTNY BUDYNEK\u00a0<\/span><br \/>\n<\/span><\/strong><\/span><span style=\"font-size: 12pt;\"><strong>69<\/strong> Seria Sonata firmy Ospel \u2013 sterowanie bezprzewodowe<\/span><\/p>\n<p><strong><span style=\"font-size: 12pt; font-weight: bold; background-color: #cb6418;\"><span style=\"color: #ffffff;\">\u00a0MIERNICTWO\u00a0<\/span><\/span><\/strong><br \/>\n<span style=\"font-size: 12pt;\"><strong>70<\/strong> Liczniki zu\u017cycia energii elektrycznej KDEM<br \/>\n<\/span><\/p>\n<p><strong><span style=\"font-size: 12pt; font-weight: bold; background-color: #0076bd;\"><span style=\"color: #ffffff;\">\u00a0ZASILANIE\u00a0<\/span><\/span><\/strong><br \/>\n<span style=\"font-size: 12pt;\"><strong>72<\/strong> Kondensatory kompensacyjne firmy Frako<br \/>\n<strong>74<\/strong> Aktywny Filtr Harmonicznych firmy Rabbit<\/span><\/p>\n<p><span style=\"color: #ffffff;\"><strong><span style=\"font-size: 12pt; background-color: #fcd800;\">\u00a0TECHNIKA \u015aWIETLNA\u00a0<\/span><\/strong><\/span><br \/>\n<span style=\"font-size: 12pt;\"><strong>76<\/strong> Oprawy Beghelli w zak\u0142adach BorgWarner<br \/>\n<strong>78<\/strong> Technologia Trulifi firmy Signify<br \/>\n<strong>80<\/strong> Oprawa H400 LED TOP 3firmy Beghelli<\/span><\/p>\n<p><span style=\"color: #ffffff;\"><strong><span style=\"font-size: 12pt; background-color: #b191af;\">\u00a0PRZETARGI I INWESTYCJE\u00a0<\/span><\/strong><\/span><br \/>\n<span style=\"font-size: 12pt;\"><b>82<\/b>\u00a0Przetargi w bran\u017cy elektrotechnicznej i energetycznej<\/span><\/p>\n","protected":false},"excerpt":{"rendered":"<p>\u00a0AKTUALNO\u015aCI\u00a0 16 Indeks koniunktury ELEKTROSYSTEM\u00d3W: \u00a0 \u00a0 Dystrybucja nap\u0119dza\u0142a koniunktur\u0119 ca\u0142ej bran\u017cy 18 Gie\u0142dowy Indeks ELEKTROSYSTEM\u00d3W: \u00a0 \u00a0 Gie\u0142dowe wzrosty posz\u0142y na wakacje 20 Produkcja wybranych artyku\u0142\u00f3w elektrotechnicznych: VII 2019 22 Zamel stawia na R&amp;D i zwi\u0119ksza moce zak\u0142adu 24 Kaczmarek Electric rozwija dzia\u0142y techniczne 25 Elektrotim pozyska\u0142 pi\u0119\u0107 zlece\u0144 za 55 mln z\u0142 26&hellip;<\/p>\n","protected":false},"author":3,"featured_media":0,"parent":30195,"menu_order":9,"comment_status":"closed","ping_status":"closed","template":"","meta":[],"_links":{"self":[{"href":"https:\/\/elektrosystemy.pl\/index.php?rest_route=\/wp\/v2\/pages\/31659"}],"collection":[{"href":"https:\/\/elektrosystemy.pl\/index.php?rest_route=\/wp\/v2\/pages"}],"about":[{"href":"https:\/\/elektrosystemy.pl\/index.php?rest_route=\/wp\/v2\/types\/page"}],"author":[{"embeddable":true,"href":"https:\/\/elektrosystemy.pl\/index.php?rest_route=\/wp\/v2\/users\/3"}],"replies":[{"embeddable":true,"href":"https:\/\/elektrosystemy.pl\/index.php?rest_route=%2Fwp%2Fv2%2Fcomments&post=31659"}],"version-history":[{"count":1,"href":"https:\/\/elektrosystemy.pl\/index.php?rest_route=\/wp\/v2\/pages\/31659\/revisions"}],"predecessor-version":[{"id":31660,"href":"https:\/\/elektrosystemy.pl\/index.php?rest_route=\/wp\/v2\/pages\/31659\/revisions\/31660"}],"up":[{"embeddable":true,"href":"https:\/\/elektrosystemy.pl\/index.php?rest_route=\/wp\/v2\/pages\/30195"}],"wp:attachment":[{"href":"https:\/\/elektrosystemy.pl\/index.php?rest_route=%2Fwp%2Fv2%2Fmedia&parent=31659"}],"curies":[{"name":"wp","href":"https:\/\/api.w.org\/{rel}","templated":true}]}}