{"id":4204,"date":"2015-01-01T13:54:52","date_gmt":"2015-01-01T12:54:52","guid":{"rendered":"http:\/\/www.wp.elektrosystemy.pl\/?page_id=4204"},"modified":"2019-04-13T21:32:14","modified_gmt":"2019-04-13T19:32:14","slug":"archiwum_2015","status":"publish","type":"page","link":"https:\/\/elektrosystemy.pl\/?page_id=4204","title":{"rendered":"Archiwum 2015"},"content":{"rendered":"<h2 style=\"text-align: center;\"><strong>GRUDZIE\u0143 2015<\/strong><\/h2>\n<p style=\"text-align: left;\"><a href=\"http:\/\/elektrosystemy.pl\/?page_id=13254\"><img loading=\"lazy\" class=\"aligncenter wp-image-13252\" src=\"http:\/\/elektrosystemy.pl\/wp-content\/uploads\/2015\/01\/01\/archiwum_2015\/Okladki_ES_12_2015.jpg\" alt=\"\" width=\"748\" height=\"541\" srcset=\"https:\/\/elektrosystemy.pl\/wp-content\/uploads\/2015\/01\/01\/archiwum_2015\/Okladki_ES_12_2015.jpg 1000w, https:\/\/elektrosystemy.pl\/wp-content\/uploads\/2015\/01\/01\/archiwum_2015\/Okladki_ES_12_2015-600x434.jpg 600w, https:\/\/elektrosystemy.pl\/wp-content\/uploads\/2015\/01\/01\/archiwum_2015\/Okladki_ES_12_2015-300x217.jpg 300w\" sizes=\"(max-width: 748px) 100vw, 748px\" \/><\/a><\/p>\n<h2 style=\"text-align: center;\"><strong>LISTOPAD 2015<\/strong><\/h2>\n<p style=\"text-align: left;\"><a href=\"http:\/\/elektrosystemy.pl\/?page_id=12700\"><img loading=\"lazy\" class=\"aligncenter wp-image-12698\" src=\"http:\/\/elektrosystemy.pl\/wp-content\/uploads\/2015\/01\/01\/archiwum_2015\/Okladki_ES_11_2015.jpg\" alt=\"\" width=\"748\" height=\"541\" srcset=\"https:\/\/elektrosystemy.pl\/wp-content\/uploads\/2015\/01\/01\/archiwum_2015\/Okladki_ES_11_2015.jpg 1000w, https:\/\/elektrosystemy.pl\/wp-content\/uploads\/2015\/01\/01\/archiwum_2015\/Okladki_ES_11_2015-600x434.jpg 600w, https:\/\/elektrosystemy.pl\/wp-content\/uploads\/2015\/01\/01\/archiwum_2015\/Okladki_ES_11_2015-300x217.jpg 300w\" sizes=\"(max-width: 748px) 100vw, 748px\" \/><\/a><\/p>\n<h2 style=\"text-align: center;\"><strong>PA\u0179DZIERNIK 2015<\/strong><\/h2>\n<p style=\"text-align: left;\"><a href=\" http:\/\/elektrosystemy.pl\/?page_id=11292\"><img loading=\"lazy\" class=\"alignleft wp-image-11296\" src=\"http:\/\/elektrosystemy.pl\/wp-content\/uploads\/2015\/01\/01\/archiwum_2015\/Okladki_ES_10_2015.jpg\" alt=\"\" width=\"750\" height=\"542\" srcset=\"https:\/\/elektrosystemy.pl\/wp-content\/uploads\/2015\/01\/01\/archiwum_2015\/Okladki_ES_10_2015.jpg 1000w, https:\/\/elektrosystemy.pl\/wp-content\/uploads\/2015\/01\/01\/archiwum_2015\/Okladki_ES_10_2015-600x434.jpg 600w, https:\/\/elektrosystemy.pl\/wp-content\/uploads\/2015\/01\/01\/archiwum_2015\/Okladki_ES_10_2015-300x217.jpg 300w\" sizes=\"(max-width: 750px) 100vw, 750px\" \/><\/a><\/p>\n<h2 style=\"text-align: center;\"><strong>WRZESIE\u0143 2015<\/strong><\/h2>\n<p style=\"text-align: left;\"><a href=\"http:\/\/elektrosystemy.pl\/?page_id=10768\"><img loading=\"lazy\" class=\"aligncenter wp-image-10775\" src=\"http:\/\/elektrosystemy.pl\/wp-content\/uploads\/2015\/01\/01\/archiwum_2015\/Okladki_ES_09_20151.jpg\" alt=\"\" width=\"750\" height=\"542\" srcset=\"https:\/\/elektrosystemy.pl\/wp-content\/uploads\/2015\/01\/01\/archiwum_2015\/Okladki_ES_09_20151.jpg 1000w, https:\/\/elektrosystemy.pl\/wp-content\/uploads\/2015\/01\/01\/archiwum_2015\/Okladki_ES_09_20151-600x434.jpg 600w, https:\/\/elektrosystemy.pl\/wp-content\/uploads\/2015\/01\/01\/archiwum_2015\/Okladki_ES_09_20151-300x217.jpg 300w\" sizes=\"(max-width: 750px) 100vw, 750px\" \/><\/a><\/p>\n<h2 style=\"text-align: center;\"><strong>SIERPIE\u0143 2015<\/strong><\/h2>\n<p style=\"text-align: left;\"><a href=\"http:\/\/elektrosystemy.pl\/?page_id=10322\"><img loading=\"lazy\" class=\"aligncenter wp-image-10324\" src=\"http:\/\/elektrosystemy.pl\/wp-content\/uploads\/2015\/01\/01\/archiwum_2015\/Okladki_ES_09_2015.jpg\" alt=\"\" width=\"750\" height=\"542\" srcset=\"https:\/\/elektrosystemy.pl\/wp-content\/uploads\/2015\/01\/01\/archiwum_2015\/Okladki_ES_09_2015.jpg 1000w, https:\/\/elektrosystemy.pl\/wp-content\/uploads\/2015\/01\/01\/archiwum_2015\/Okladki_ES_09_2015-600x434.jpg 600w, https:\/\/elektrosystemy.pl\/wp-content\/uploads\/2015\/01\/01\/archiwum_2015\/Okladki_ES_09_2015-300x217.jpg 300w\" sizes=\"(max-width: 750px) 100vw, 750px\" \/><\/a><\/p>\n<h2 style=\"text-align: center;\"><strong>LIPIEC\u00a02015<\/strong><\/h2>\n<p style=\"text-align: left;\"><a href=\"http:\/\/elektrosystemy.pl\/?page_id=9965\"><img loading=\"lazy\" class=\"alignnone wp-image-9970\" src=\"http:\/\/elektrosystemy.pl\/wp-content\/uploads\/2015\/01\/08\/archiwum_2\/Okladki_ES_07_2015.jpg\" alt=\"\" width=\"750\" height=\"542\" srcset=\"https:\/\/elektrosystemy.pl\/wp-content\/uploads\/2015\/01\/08\/archiwum_2\/Okladki_ES_07_2015.jpg 1000w, https:\/\/elektrosystemy.pl\/wp-content\/uploads\/2015\/01\/08\/archiwum_2\/Okladki_ES_07_2015-600x434.jpg 600w, https:\/\/elektrosystemy.pl\/wp-content\/uploads\/2015\/01\/08\/archiwum_2\/Okladki_ES_07_2015-300x217.jpg 300w\" sizes=\"(max-width: 750px) 100vw, 750px\" \/><\/a><\/p>\n<h2 style=\"text-align: center;\"><strong>CZERWIEC 2015<\/strong><\/h2>\n<p style=\"text-align: left;\"><a href=\"http:\/\/elektrosystemy.home.pl\/ES2\/?page_id=9281\"><img loading=\"lazy\" class=\"alignnone wp-image-9283 size-full\" src=\"http:\/\/elektrosystemy.home.pl\/ES2\/wp-content\/uploads\/2015\/01\/08\/archiwum_2\/Okladki_ES_06_20151.jpg\" alt=\"\" width=\"1000\" height=\"723\" srcset=\"https:\/\/elektrosystemy.pl\/wp-content\/uploads\/2015\/01\/08\/archiwum_2\/Okladki_ES_06_20151.jpg 1000w, https:\/\/elektrosystemy.pl\/wp-content\/uploads\/2015\/01\/08\/archiwum_2\/Okladki_ES_06_20151-600x434.jpg 600w, https:\/\/elektrosystemy.pl\/wp-content\/uploads\/2015\/01\/08\/archiwum_2\/Okladki_ES_06_20151-300x217.jpg 300w\" sizes=\"(max-width: 1000px) 100vw, 1000px\" \/><\/a><\/p>\n<h2 style=\"text-align: center;\"><strong>MAJ\u00a02015<\/strong><\/h2>\n<p style=\"text-align: left;\"><a href=\"http:\/\/elektrosystemy.home.pl\/ES2\/?page_id=8046\"><img loading=\"lazy\" class=\"alignnone wp-image-8923\" src=\"http:\/\/elektrosystemy.home.pl\/ES2\/wp-content\/uploads\/2015\/01\/08\/archiwum_2\/Okladki_ES_05_2015.jpg\" alt=\"\" width=\"1000\" height=\"495\" srcset=\"https:\/\/elektrosystemy.pl\/wp-content\/uploads\/2015\/01\/08\/archiwum_2\/Okladki_ES_05_2015.jpg 1024w, https:\/\/elektrosystemy.pl\/wp-content\/uploads\/2015\/01\/08\/archiwum_2\/Okladki_ES_05_2015-600x297.jpg 600w, https:\/\/elektrosystemy.pl\/wp-content\/uploads\/2015\/01\/08\/archiwum_2\/Okladki_ES_05_2015-300x149.jpg 300w\" sizes=\"(max-width: 1000px) 100vw, 1000px\" \/><\/a><\/p>\n<h2 style=\"text-align: center;\"><strong>KWIECIE\u0143 2015<\/strong><\/h2>\n<p style=\"text-align: left;\"><a href=\"http:\/\/www.wp.elektrosystemy.pl\/?page_id=8037\"><img loading=\"lazy\" class=\"alignnone wp-image-8054 size-full\" src=\"http:\/\/www.wp.elektrosystemy.pl\/wp-content\/uploads\/2015\/01\/08\/archiwum_2\/Okladki_ES_04_2015.jpg\" alt=\"\" width=\"1000\" height=\"723\" srcset=\"https:\/\/elektrosystemy.pl\/wp-content\/uploads\/2015\/01\/08\/archiwum_2\/Okladki_ES_04_2015.jpg 1000w, https:\/\/elektrosystemy.pl\/wp-content\/uploads\/2015\/01\/08\/archiwum_2\/Okladki_ES_04_2015-600x434.jpg 600w, https:\/\/elektrosystemy.pl\/wp-content\/uploads\/2015\/01\/08\/archiwum_2\/Okladki_ES_04_2015-300x217.jpg 300w\" sizes=\"(max-width: 1000px) 100vw, 1000px\" \/><\/a><\/p>\n<h2 style=\"text-align: center;\"><strong>MARZEC 2015<\/strong><\/h2>\n<p style=\"text-align: left;\"><a href=\" http:\/\/www.wp.elektrosystemy.pl\/?page_id=7518\"><img loading=\"lazy\" class=\"alignnone wp-image-7520 size-full\" src=\"http:\/\/www.wp.elektrosystemy.pl\/wp-content\/uploads\/2015\/01\/08\/archiwum_2\/Okladki_ES_03_2015.jpg\" alt=\"\" width=\"1000\" height=\"723\" srcset=\"https:\/\/elektrosystemy.pl\/wp-content\/uploads\/2015\/01\/08\/archiwum_2\/Okladki_ES_03_2015.jpg 1000w, https:\/\/elektrosystemy.pl\/wp-content\/uploads\/2015\/01\/08\/archiwum_2\/Okladki_ES_03_2015-600x434.jpg 600w, https:\/\/elektrosystemy.pl\/wp-content\/uploads\/2015\/01\/08\/archiwum_2\/Okladki_ES_03_2015-300x217.jpg 300w\" sizes=\"(max-width: 1000px) 100vw, 1000px\" \/><\/a><\/p>\n<h2 style=\"text-align: center;\"><strong>LUTY 2015<\/strong><\/h2>\n<p style=\"text-align: left;\"><a href=\"http:\/\/www.wp.elektrosystemy.pl\/?page_id=6353\"><img loading=\"lazy\" class=\"alignnone wp-image-6352\" src=\"http:\/\/www.wp.elektrosystemy.pl\/wp-content\/uploads\/2015\/01\/08\/archiwum_2\/Okladki_ES_02_20152.jpg\" alt=\"\" width=\"700\" height=\"506\" srcset=\"https:\/\/elektrosystemy.pl\/wp-content\/uploads\/2015\/01\/08\/archiwum_2\/Okladki_ES_02_20152.jpg 1000w, https:\/\/elektrosystemy.pl\/wp-content\/uploads\/2015\/01\/08\/archiwum_2\/Okladki_ES_02_20152-600x434.jpg 600w, https:\/\/elektrosystemy.pl\/wp-content\/uploads\/2015\/01\/08\/archiwum_2\/Okladki_ES_02_20152-300x217.jpg 300w\" sizes=\"(max-width: 700px) 100vw, 700px\" \/><\/a><\/p>\n<h2 style=\"text-align: center;\"><strong>STYCZE\u0143 2015<\/strong><\/h2>\n<p style=\"text-align: left;\"><a href=\"http:\/\/www.wp.elektrosystemy.pl\/?page_id=4008\"><img loading=\"lazy\" class=\" wp-image-4232 aligncenter\" src=\"http:\/\/www.wp.elektrosystemy.pl\/wp-content\/uploads\/2015\/01\/08\/archiwum_2\/Okladki_ES_01_20152.jpg\" alt=\"Okladki_ES_01_2015\" width=\"700\" height=\"506\" srcset=\"https:\/\/elektrosystemy.pl\/wp-content\/uploads\/2015\/01\/08\/archiwum_2\/Okladki_ES_01_20152.jpg 1000w, https:\/\/elektrosystemy.pl\/wp-content\/uploads\/2015\/01\/08\/archiwum_2\/Okladki_ES_01_20152-600x434.jpg 600w, https:\/\/elektrosystemy.pl\/wp-content\/uploads\/2015\/01\/08\/archiwum_2\/Okladki_ES_01_20152-300x217.jpg 300w\" sizes=\"(max-width: 700px) 100vw, 700px\" \/><\/a><\/p>\n","protected":false},"excerpt":{"rendered":"<p>GRUDZIE\u0143 2015 LISTOPAD 2015 PA\u0179DZIERNIK 2015 WRZESIE\u0143 2015 SIERPIE\u0143 2015 LIPIEC\u00a02015 CZERWIEC 2015 MAJ\u00a02015 KWIECIE\u0143 2015 MARZEC 2015 LUTY 2015 STYCZE\u0143 2015&hellip;<\/p>\n","protected":false},"author":3,"featured_media":0,"parent":2251,"menu_order":2015,"comment_status":"closed","ping_status":"closed","template":"","meta":[],"_links":{"self":[{"href":"https:\/\/elektrosystemy.pl\/index.php?rest_route=\/wp\/v2\/pages\/4204"}],"collection":[{"href":"https:\/\/elektrosystemy.pl\/index.php?rest_route=\/wp\/v2\/pages"}],"about":[{"href":"https:\/\/elektrosystemy.pl\/index.php?rest_route=\/wp\/v2\/types\/page"}],"author":[{"embeddable":true,"href":"https:\/\/elektrosystemy.pl\/index.php?rest_route=\/wp\/v2\/users\/3"}],"replies":[{"embeddable":true,"href":"https:\/\/elektrosystemy.pl\/index.php?rest_route=%2Fwp%2Fv2%2Fcomments&post=4204"}],"version-history":[{"count":57,"href":"https:\/\/elektrosystemy.pl\/index.php?rest_route=\/wp\/v2\/pages\/4204\/revisions"}],"predecessor-version":[{"id":21629,"href":"https:\/\/elektrosystemy.pl\/index.php?rest_route=\/wp\/v2\/pages\/4204\/revisions\/21629"}],"up":[{"embeddable":true,"href":"https:\/\/elektrosystemy.pl\/index.php?rest_route=\/wp\/v2\/pages\/2251"}],"wp:attachment":[{"href":"https:\/\/elektrosystemy.pl\/index.php?rest_route=%2Fwp%2Fv2%2Fmedia&parent=4204"}],"curies":[{"name":"wp","href":"https:\/\/api.w.org\/{rel}","templated":true}]}}