{"id":4534,"date":"2015-01-14T15:17:19","date_gmt":"2015-01-14T14:17:19","guid":{"rendered":"http:\/\/www.wp.elektrosystemy.pl\/?page_id=4534"},"modified":"2019-12-04T10:21:02","modified_gmt":"2019-12-04T09:21:02","slug":"prenumerata","status":"publish","type":"page","link":"https:\/\/elektrosystemy.pl\/?page_id=4534","title":{"rendered":"<h3 class=\"box-title\" style=\"text-align: left;\">PRENUMERATA<\/h3>"},"content":{"rendered":"<p><img loading=\"lazy\" class=\"alignnone size-full wp-image-4621 aligncenter\" src=\"http:\/\/www.wp.elektrosystemy.pl\/wp-content\/uploads\/2015\/01\/14\/prenumerata\/okl_prenumerata.png\" alt=\"okl_prenumerata\" width=\"500\" height=\"300\" srcset=\"https:\/\/elektrosystemy.pl\/wp-content\/uploads\/2015\/01\/14\/prenumerata\/okl_prenumerata.png 500w, https:\/\/elektrosystemy.pl\/wp-content\/uploads\/2015\/01\/14\/prenumerata\/okl_prenumerata-300x180.png 300w\" sizes=\"(max-width: 500px) 100vw, 500px\" \/><\/p>\n<p><span style=\"font-size: 12pt;\"><strong>\u00a0<\/strong> <strong>ELEKTROSYSTEMY<\/strong> mo\u017cna zaprenumerowa\u0107:<\/span><\/p>\n<ul class=\"gkSquare2\" style=\"text-align: left;\">\n<li>korzystaj\u0105c z blankietu wp\u0142aty, kt\u00f3ry drukujemy na ko\u0144cu ka\u017cdego numeru oraz przelewem.<\/li>\n<li>korzystaj\u0105c z poczty elektronicznej <span style=\"color: #ff6600;\"><strong><span style=\"color: #000000;\">prenumerata@elektrosystemy.pl<\/span>.<\/strong><\/span><\/li>\n<\/ul>\n<p style=\"text-align: left;\">Wysy\u0142k\u0119 zaprenumerowanych egzemplarzy rozpoczynamy od kolejnego numeru po otrzymaniu zam\u00f3wienia.<\/p>\n<p class=\"gkSmallHeadline\" style=\"text-align: left;\">Cena prenumeraty wynosi:<\/p>\n<ul class=\"gkSquare2\" style=\"text-align: left;\">\n<li>3 egzemplarze: 27 z\u0142;<\/li>\n<li>6 egzemplarzy: 52 z\u0142;<\/li>\n<li>12 egzemplarzy: 98 z\u0142;<\/li>\n<\/ul>\n<p style=\"text-align: left;\">Kwot\u0119 za prenumerat\u0119 prosimy wp\u0142aci\u0107 w ci\u0105gu dw\u00f3ch tygodni od daty zam\u00f3wienia na konto:<br \/>\n<strong>TECHMEDIA<br \/>\n<\/strong>Al. Niepodleg\u0142o\u015bci 154\/10<br \/>\n02-554 Warszawa<br \/>\nNr rachunku: <strong>53 1090 1043 0000 0001 2050 3870<\/strong><\/p>\n<h3 class=\"box-title\" style=\"text-align: left;\"><\/h3>\n<p>&nbsp;<\/p>\n<h3 class=\"box-title\" style=\"text-align: right;\"><\/h3>\n<h3 class=\"box-title\" style=\"text-align: left;\">ZAPISZ SI\u0118 DO NEWSLETTERA<\/h3>\n<p style=\"text-align: left;\"><div class=\"widget_wysija_cont shortcode_wysija\"><div id=\"msg-form-wysija-shortcode69edf03a0ee50-1\" class=\"wysija-msg ajax\"><\/div><form id=\"form-wysija-shortcode69edf03a0ee50-1\" method=\"post\" action=\"#wysija\" class=\"widget_wysija shortcode_wysija\">\n<p class=\"wysija-paragraph\">\n    \n    \n    \t<input type=\"text\" name=\"wysija[user][email]\" class=\"wysija-input validate[required,custom[email]]\" title=\"Email\" placeholder=\"Email\" value=\"\" \/>\n    \n    \n    \n    <span class=\"abs-req\">\n        <input type=\"text\" name=\"wysija[user][abs][email]\" class=\"wysija-input validated[abs][email]\" value=\"\" \/>\n    <\/span>\n    \n<\/p>\n\r\n<input class=\"wysija-submit wysija-submit-field\" type=\"submit\" value=\"Zapisz si\u0119!\" \/>\n\n    <input type=\"hidden\" name=\"form_id\" value=\"1\" \/>\n    <input type=\"hidden\" name=\"action\" value=\"save\" \/>\n    <input type=\"hidden\" name=\"controller\" value=\"subscribers\" \/>\n    <input type=\"hidden\" value=\"1\" name=\"wysija-page\" \/>\n\n    \n        <input type=\"hidden\" name=\"wysija[user_list][list_ids]\" value=\"3\" \/>\n    \n <\/form><\/div><\/p>\n","protected":false},"excerpt":{"rendered":"<p>\u00a0 ELEKTROSYSTEMY mo\u017cna zaprenumerowa\u0107: korzystaj\u0105c z blankietu wp\u0142aty, kt\u00f3ry drukujemy na ko\u0144cu ka\u017cdego numeru oraz przelewem. korzystaj\u0105c z poczty elektronicznej prenumerata@elektrosystemy.pl. Wysy\u0142k\u0119 zaprenumerowanych egzemplarzy rozpoczynamy od kolejnego numeru po otrzymaniu zam\u00f3wienia. Cena prenumeraty wynosi: 3 egzemplarze: 27 z\u0142; 6 egzemplarzy: 52 z\u0142; 12 egzemplarzy: 98 z\u0142; Kwot\u0119 za prenumerat\u0119 prosimy wp\u0142aci\u0107 w ci\u0105gu dw\u00f3ch tygodni&hellip;<\/p>\n","protected":false},"author":3,"featured_media":0,"parent":0,"menu_order":0,"comment_status":"closed","ping_status":"open","template":"","meta":[],"_links":{"self":[{"href":"https:\/\/elektrosystemy.pl\/index.php?rest_route=\/wp\/v2\/pages\/4534"}],"collection":[{"href":"https:\/\/elektrosystemy.pl\/index.php?rest_route=\/wp\/v2\/pages"}],"about":[{"href":"https:\/\/elektrosystemy.pl\/index.php?rest_route=\/wp\/v2\/types\/page"}],"author":[{"embeddable":true,"href":"https:\/\/elektrosystemy.pl\/index.php?rest_route=\/wp\/v2\/users\/3"}],"replies":[{"embeddable":true,"href":"https:\/\/elektrosystemy.pl\/index.php?rest_route=%2Fwp%2Fv2%2Fcomments&post=4534"}],"version-history":[{"count":40,"href":"https:\/\/elektrosystemy.pl\/index.php?rest_route=\/wp\/v2\/pages\/4534\/revisions"}],"predecessor-version":[{"id":31878,"href":"https:\/\/elektrosystemy.pl\/index.php?rest_route=\/wp\/v2\/pages\/4534\/revisions\/31878"}],"wp:attachment":[{"href":"https:\/\/elektrosystemy.pl\/index.php?rest_route=%2Fwp%2Fv2%2Fmedia&parent=4534"}],"curies":[{"name":"wp","href":"https:\/\/api.w.org\/{rel}","templated":true}]}}