{"id":5527,"date":"2013-03-02T13:00:23","date_gmt":"2013-03-02T12:00:23","guid":{"rendered":"http:\/\/www.wp.elektrosystemy.pl\/?page_id=5527"},"modified":"2017-06-26T20:10:24","modified_gmt":"2017-06-26T18:10:24","slug":"elektroprodukt-2012-roku-zwyciezcy-dziesiatej-edycji-plebiscytu","status":"publish","type":"page","link":"https:\/\/elektrosystemy.pl\/?page_id=5527","title":{"rendered":"<b>ELEKTROPRODUKT 2012 ROKU: <br>zwyci\u0119zcy dziesi\u0105tej edycji plebiscytu<\/b>"},"content":{"rendered":"<p style=\"text-align: left;\"><span style=\"font-size: 12pt;\"><strong>Po raz dziesi\u0105ty Czytelnicy magazynu Elektrosystemy wybrali najlepsze wyroby elektrotechniczne roku. Tym razem w 12 kategoriach rywalizowa\u0142y 163 produkty. Do redakcji nap\u0142yn\u0119\u0142o \u0142\u0105cznie 27 039 g\u0142os\u00f3w na 4 593 kartach konkursowych.<\/strong><\/span><\/p>\n<hr id=\"system-readmore\" \/>\n<p><a href=\"http:\/\/www.wp.elektrosystemy.pl\/wp-content\/uploads\/2013\/03\/02\/elektroprodukt-2012-roku-zwyciezcy-dziesiatej-edycji-plebiscytu\/AM_EATON_2012.png\"><img loading=\"lazy\" class=\"alignnone wp-image-5556\" src=\"http:\/\/www.wp.elektrosystemy.pl\/wp-content\/uploads\/2013\/03\/02\/elektroprodukt-2012-roku-zwyciezcy-dziesiatej-edycji-plebiscytu\/AM_EATON_2012.png\" alt=\"AM_EATON_2012\" width=\"650\" height=\"234\" srcset=\"https:\/\/elektrosystemy.pl\/wp-content\/uploads\/2013\/03\/02\/elektroprodukt-2012-roku-zwyciezcy-dziesiatej-edycji-plebiscytu\/AM_EATON_2012.png 750w, https:\/\/elektrosystemy.pl\/wp-content\/uploads\/2013\/03\/02\/elektroprodukt-2012-roku-zwyciezcy-dziesiatej-edycji-plebiscytu\/AM_EATON_2012-600x216.png 600w, https:\/\/elektrosystemy.pl\/wp-content\/uploads\/2013\/03\/02\/elektroprodukt-2012-roku-zwyciezcy-dziesiatej-edycji-plebiscytu\/AM_EATON_2012-300x108.png 300w\" sizes=\"(max-width: 650px) 100vw, 650px\" \/><\/a><\/p>\n<p style=\"text-align: left;\"><span class=\"wf_caption\" style=\"display: inline-table;\"><span style=\"max-width: 650px; text-align: center; background-color: #eeeeee; display: block;\">w kategorii APARATURA MODU\u0141OWA zwyci\u0119\u017cy\u0142\u00a0Cyfrowy wy\u0142\u0105cznik r\u00f3\u017cnicowopr\u0105dowy dRCM\u00a0firmy\u00a0EATON ELECTRIC<\/span><\/span><\/p>\n<p><span class=\"wf_caption\" style=\"display: inline-table;\"><a href=\"http:\/\/www.wp.elektrosystemy.pl\/wp-content\/uploads\/2013\/03\/02\/elektroprodukt-2012-roku-zwyciezcy-dziesiatej-edycji-plebiscytu\/AU_RELPOL_2012.jpg\"><img loading=\"lazy\" class=\"alignnone wp-image-5565\" src=\"http:\/\/www.wp.elektrosystemy.pl\/wp-content\/uploads\/2013\/03\/02\/elektroprodukt-2012-roku-zwyciezcy-dziesiatej-edycji-plebiscytu\/AU_RELPOL_2012.jpg\" alt=\"AU_RELPOL_2012\" width=\"650\" height=\"233\" srcset=\"https:\/\/elektrosystemy.pl\/wp-content\/uploads\/2013\/03\/02\/elektroprodukt-2012-roku-zwyciezcy-dziesiatej-edycji-plebiscytu\/AU_RELPOL_2012.jpg 750w, https:\/\/elektrosystemy.pl\/wp-content\/uploads\/2013\/03\/02\/elektroprodukt-2012-roku-zwyciezcy-dziesiatej-edycji-plebiscytu\/AU_RELPOL_2012-600x215.jpg 600w, https:\/\/elektrosystemy.pl\/wp-content\/uploads\/2013\/03\/02\/elektroprodukt-2012-roku-zwyciezcy-dziesiatej-edycji-plebiscytu\/AU_RELPOL_2012-300x108.jpg 300w\" sizes=\"(max-width: 650px) 100vw, 650px\" \/><\/a><span style=\"max-width: 650px; text-align: center; background-color: #eeeeee; display: block;\">w kategorii AUTOMATYKA zwyci\u0119\u017cy\u0142y Przeka\u017aniki czasowe MT-T..<br \/>\nfirmy\u00a0RELPOL<\/span><\/span><\/p>\n<p><span class=\"wf_caption\" style=\"display: inline-table;\"><a href=\"http:\/\/www.wp.elektrosystemy.pl\/wp-content\/uploads\/2013\/03\/02\/elektroprodukt-2012-roku-zwyciezcy-dziesiatej-edycji-plebiscytu\/IB_EMITER_2012.jpg\"><img loading=\"lazy\" class=\"alignnone wp-image-5566\" src=\"http:\/\/www.wp.elektrosystemy.pl\/wp-content\/uploads\/2013\/03\/02\/elektroprodukt-2012-roku-zwyciezcy-dziesiatej-edycji-plebiscytu\/IB_EMITER_2012.jpg\" alt=\"IB_EMITER_2012\" width=\"650\" height=\"233\" srcset=\"https:\/\/elektrosystemy.pl\/wp-content\/uploads\/2013\/03\/02\/elektroprodukt-2012-roku-zwyciezcy-dziesiatej-edycji-plebiscytu\/IB_EMITER_2012.jpg 750w, https:\/\/elektrosystemy.pl\/wp-content\/uploads\/2013\/03\/02\/elektroprodukt-2012-roku-zwyciezcy-dziesiatej-edycji-plebiscytu\/IB_EMITER_2012-600x215.jpg 600w, https:\/\/elektrosystemy.pl\/wp-content\/uploads\/2013\/03\/02\/elektroprodukt-2012-roku-zwyciezcy-dziesiatej-edycji-plebiscytu\/IB_EMITER_2012-300x108.jpg 300w\" sizes=\"(max-width: 650px) 100vw, 650px\" \/><\/a><span style=\"max-width: 650px; text-align: center; background-color: #eeeeee; display: block;\">w kategorii INTELIGENTNY BUDYNEK zwyci\u0119\u017cy\u0142<br \/>\nPanel dotykowy DivusTZ\u00a0firmy\u00a0EMITER<\/span><\/span><\/p>\n<p><span class=\"wf_caption\" style=\"display: inline-table;\"><a href=\"http:\/\/www.wp.elektrosystemy.pl\/wp-content\/uploads\/2013\/03\/02\/elektroprodukt-2012-roku-zwyciezcy-dziesiatej-edycji-plebiscytu\/KP_LAPP_2012.jpg\"><img loading=\"lazy\" class=\"alignnone wp-image-5568\" src=\"http:\/\/www.wp.elektrosystemy.pl\/wp-content\/uploads\/2013\/03\/02\/elektroprodukt-2012-roku-zwyciezcy-dziesiatej-edycji-plebiscytu\/KP_LAPP_2012.jpg\" alt=\"KP_LAPP_2012\" width=\"650\" height=\"233\" srcset=\"https:\/\/elektrosystemy.pl\/wp-content\/uploads\/2013\/03\/02\/elektroprodukt-2012-roku-zwyciezcy-dziesiatej-edycji-plebiscytu\/KP_LAPP_2012.jpg 750w, https:\/\/elektrosystemy.pl\/wp-content\/uploads\/2013\/03\/02\/elektroprodukt-2012-roku-zwyciezcy-dziesiatej-edycji-plebiscytu\/KP_LAPP_2012-600x215.jpg 600w, https:\/\/elektrosystemy.pl\/wp-content\/uploads\/2013\/03\/02\/elektroprodukt-2012-roku-zwyciezcy-dziesiatej-edycji-plebiscytu\/KP_LAPP_2012-300x108.jpg 300w\" sizes=\"(max-width: 650px) 100vw, 650px\" \/><\/a><span style=\"max-width: 650px; text-align: center; background-color: #eeeeee; display: block;\">w kategorii KABLE I PRZEWODY zwyci\u0119\u017cy\u0142y<br \/>\nkable \u00d6lflex Servo FD 796 CP<br \/>\nfirmy\u00a0LAPP KABEL<\/span><\/span><\/p>\n<p><span class=\"wf_caption\" style=\"display: inline-table;\"><a href=\"http:\/\/www.wp.elektrosystemy.pl\/wp-content\/uploads\/2013\/03\/02\/elektroprodukt-2012-roku-zwyciezcy-dziesiatej-edycji-plebiscytu\/MR_FLUKE_20121.jpg\"><img loading=\"lazy\" class=\"alignnone wp-image-5569\" src=\"http:\/\/www.wp.elektrosystemy.pl\/wp-content\/uploads\/2013\/03\/02\/elektroprodukt-2012-roku-zwyciezcy-dziesiatej-edycji-plebiscytu\/MR_FLUKE_20121.jpg\" alt=\"MR_FLUKE_2012\" width=\"650\" height=\"233\" srcset=\"https:\/\/elektrosystemy.pl\/wp-content\/uploads\/2013\/03\/02\/elektroprodukt-2012-roku-zwyciezcy-dziesiatej-edycji-plebiscytu\/MR_FLUKE_20121.jpg 750w, https:\/\/elektrosystemy.pl\/wp-content\/uploads\/2013\/03\/02\/elektroprodukt-2012-roku-zwyciezcy-dziesiatej-edycji-plebiscytu\/MR_FLUKE_20121-600x215.jpg 600w, https:\/\/elektrosystemy.pl\/wp-content\/uploads\/2013\/03\/02\/elektroprodukt-2012-roku-zwyciezcy-dziesiatej-edycji-plebiscytu\/MR_FLUKE_20121-300x108.jpg 300w\" sizes=\"(max-width: 650px) 100vw, 650px\" \/><\/a><span style=\"max-width: 650px; text-align: center; background-color: #eeeeee; display: block;\">w kategorii MIERNICTWO zwyci\u0119\u017cy\u0142\u00a0Analizator jako\u015bci zasilania i energii<br \/>\nFluke 435 II Seria\u00a0firmy\u00a0FLUKE<\/span><\/span><\/p>\n<p style=\"text-align: justify;\"><a href=\"http:\/\/www.wp.elektrosystemy.pl\/wp-content\/uploads\/2013\/03\/02\/elektroprodukt-2012-roku-zwyciezcy-dziesiatej-edycji-plebiscytu\/NS_WOBIT_20121.jpg\"><img loading=\"lazy\" class=\"alignnone wp-image-5571\" src=\"http:\/\/www.wp.elektrosystemy.pl\/wp-content\/uploads\/2013\/03\/02\/elektroprodukt-2012-roku-zwyciezcy-dziesiatej-edycji-plebiscytu\/NS_WOBIT_20121.jpg\" alt=\"NS_WOBIT_2012\" width=\"650\" height=\"233\" srcset=\"https:\/\/elektrosystemy.pl\/wp-content\/uploads\/2013\/03\/02\/elektroprodukt-2012-roku-zwyciezcy-dziesiatej-edycji-plebiscytu\/NS_WOBIT_20121.jpg 750w, https:\/\/elektrosystemy.pl\/wp-content\/uploads\/2013\/03\/02\/elektroprodukt-2012-roku-zwyciezcy-dziesiatej-edycji-plebiscytu\/NS_WOBIT_20121-600x215.jpg 600w, https:\/\/elektrosystemy.pl\/wp-content\/uploads\/2013\/03\/02\/elektroprodukt-2012-roku-zwyciezcy-dziesiatej-edycji-plebiscytu\/NS_WOBIT_20121-300x108.jpg 300w\" sizes=\"(max-width: 650px) 100vw, 650px\" \/><\/a><span class=\"wf_caption\" style=\"display: inline-table;\"><span style=\"max-width: 650px; text-align: center; background-color: #eeeeee; display: block;\">w kategorii NAP\u0118DY I STEROWANIE\u00a0zwyci\u0119\u017cy\u0142 \u00a0Silnik BG75x50PI\u00a0firmy WOBIT \u00a0 \u00a0 \u00a0 \u00a0 \u00a0 \u00a0 \u00a0 \u00a0 \u00a0 \u00a0 \u00a0 \u00a0 \u00a0 \u00a0 \u00a0 \u00a0 \u00a0 \u00a0 \u00a0 \u00a0 \u00a0 \u00a0 \u00a0 \u00a0\u00a0\u00a0<\/span><\/span><\/p>\n<p style=\"text-align: justify;\"><span class=\"wf_caption\" style=\"display: inline-table;\"><span style=\"max-width: 650px; text-align: center; background-color: #eeeeee; display: block;\"><span class=\"wf_caption\" style=\"display: inline-table;\"><a href=\"http:\/\/www.wp.elektrosystemy.pl\/wp-content\/uploads\/2013\/03\/02\/elektroprodukt-2012-roku-zwyciezcy-dziesiatej-edycji-plebiscytu\/OI_OSPEL_2012.jpg\"><img loading=\"lazy\" class=\"alignnone wp-image-5572\" src=\"http:\/\/www.wp.elektrosystemy.pl\/wp-content\/uploads\/2013\/03\/02\/elektroprodukt-2012-roku-zwyciezcy-dziesiatej-edycji-plebiscytu\/OI_OSPEL_2012.jpg\" alt=\"OI_OSPEL_2012\" width=\"650\" height=\"233\" srcset=\"https:\/\/elektrosystemy.pl\/wp-content\/uploads\/2013\/03\/02\/elektroprodukt-2012-roku-zwyciezcy-dziesiatej-edycji-plebiscytu\/OI_OSPEL_2012.jpg 750w, https:\/\/elektrosystemy.pl\/wp-content\/uploads\/2013\/03\/02\/elektroprodukt-2012-roku-zwyciezcy-dziesiatej-edycji-plebiscytu\/OI_OSPEL_2012-600x215.jpg 600w, https:\/\/elektrosystemy.pl\/wp-content\/uploads\/2013\/03\/02\/elektroprodukt-2012-roku-zwyciezcy-dziesiatej-edycji-plebiscytu\/OI_OSPEL_2012-300x108.jpg 300w\" sizes=\"(max-width: 650px) 100vw, 650px\" \/><\/a><span style=\"max-width: 650px; text-align: center; background-color: #eeeeee; display: block;\">w kategorii OSPRZ\u0118T INSTALACYJNY zwyci\u0119\u017cy\u0142a<br \/>\nSeria modu\u0142owego osprz\u0119tu podtynkowego Sonata\u00a0firmy\u00a0OSPEL<\/span><\/span><\/span><\/span><\/p>\n<p style=\"text-align: justify;\">\u00a0<span class=\"wf_caption\" style=\"display: inline-table;\"><a href=\"http:\/\/www.wp.elektrosystemy.pl\/wp-content\/uploads\/2013\/03\/02\/elektroprodukt-2012-roku-zwyciezcy-dziesiatej-edycji-plebiscytu\/OP_DEHN_2012.jpg\"><img loading=\"lazy\" class=\"alignnone wp-image-5574\" src=\"http:\/\/www.wp.elektrosystemy.pl\/wp-content\/uploads\/2013\/03\/02\/elektroprodukt-2012-roku-zwyciezcy-dziesiatej-edycji-plebiscytu\/OP_DEHN_2012.jpg\" alt=\"OP_DEHN_2012\" width=\"650\" height=\"233\" srcset=\"https:\/\/elektrosystemy.pl\/wp-content\/uploads\/2013\/03\/02\/elektroprodukt-2012-roku-zwyciezcy-dziesiatej-edycji-plebiscytu\/OP_DEHN_2012.jpg 750w, https:\/\/elektrosystemy.pl\/wp-content\/uploads\/2013\/03\/02\/elektroprodukt-2012-roku-zwyciezcy-dziesiatej-edycji-plebiscytu\/OP_DEHN_2012-600x215.jpg 600w, https:\/\/elektrosystemy.pl\/wp-content\/uploads\/2013\/03\/02\/elektroprodukt-2012-roku-zwyciezcy-dziesiatej-edycji-plebiscytu\/OP_DEHN_2012-300x108.jpg 300w\" sizes=\"(max-width: 650px) 100vw, 650px\" \/><\/a><span style=\"max-width: 650px; text-align: center; background-color: #eeeeee; display: block;\">w kategorii OCHRONA PRZECIWPRZEPI\u0118CIOWA I ODGROMOWA zwyci\u0119\u017cy\u0142\u00a0Kombinowany ogranicznik przepi\u0119\u0107 DEHNvenCI typu 1 firmy\u00a0Dehn<\/span><\/span><\/p>\n<p style=\"text-align: justify;\"><span class=\"wf_caption\" style=\"display: inline-table;\"><em><a href=\"http:\/\/www.wp.elektrosystemy.pl\/wp-content\/uploads\/2013\/03\/02\/elektroprodukt-2012-roku-zwyciezcy-dziesiatej-edycji-plebiscytu\/RE_HAGER_2012.jpg\"><img loading=\"lazy\" class=\"alignnone wp-image-5575\" src=\"http:\/\/www.wp.elektrosystemy.pl\/wp-content\/uploads\/2013\/03\/02\/elektroprodukt-2012-roku-zwyciezcy-dziesiatej-edycji-plebiscytu\/RE_HAGER_2012.jpg\" alt=\"RE_HAGER_2012\" width=\"650\" height=\"234\" srcset=\"https:\/\/elektrosystemy.pl\/wp-content\/uploads\/2013\/03\/02\/elektroprodukt-2012-roku-zwyciezcy-dziesiatej-edycji-plebiscytu\/RE_HAGER_2012.jpg 750w, https:\/\/elektrosystemy.pl\/wp-content\/uploads\/2013\/03\/02\/elektroprodukt-2012-roku-zwyciezcy-dziesiatej-edycji-plebiscytu\/RE_HAGER_2012-600x216.jpg 600w, https:\/\/elektrosystemy.pl\/wp-content\/uploads\/2013\/03\/02\/elektroprodukt-2012-roku-zwyciezcy-dziesiatej-edycji-plebiscytu\/RE_HAGER_2012-300x108.jpg 300w\" sizes=\"(max-width: 650px) 100vw, 650px\" \/><\/a><\/em><\/span><br \/>\n<span style=\"max-width: 650px; text-align: center; background-color: #eeeeee; display: block;\">w kategorii ROZDZIA\u0141 ENERGII zwyci\u0119\u017cy\u0142a<br \/>\nPodtynkowa rozdzielnica Volta\u00a0firmy\u00a0HAGER POLO<\/span><\/p>\n<p style=\"text-align: justify;\"><span class=\"wf_caption\" style=\"display: inline-table;\"><em><a href=\"http:\/\/www.wp.elektrosystemy.pl\/wp-content\/uploads\/2013\/03\/02\/elektroprodukt-2012-roku-zwyciezcy-dziesiatej-edycji-plebiscytu\/SO_BOSCH_2012.jpg\"><img loading=\"lazy\" class=\"alignnone wp-image-5576\" src=\"http:\/\/www.wp.elektrosystemy.pl\/wp-content\/uploads\/2013\/03\/02\/elektroprodukt-2012-roku-zwyciezcy-dziesiatej-edycji-plebiscytu\/SO_BOSCH_2012.jpg\" alt=\"SO_BOSCH_2012\" width=\"650\" height=\"234\" srcset=\"https:\/\/elektrosystemy.pl\/wp-content\/uploads\/2013\/03\/02\/elektroprodukt-2012-roku-zwyciezcy-dziesiatej-edycji-plebiscytu\/SO_BOSCH_2012.jpg 750w, https:\/\/elektrosystemy.pl\/wp-content\/uploads\/2013\/03\/02\/elektroprodukt-2012-roku-zwyciezcy-dziesiatej-edycji-plebiscytu\/SO_BOSCH_2012-600x216.jpg 600w, https:\/\/elektrosystemy.pl\/wp-content\/uploads\/2013\/03\/02\/elektroprodukt-2012-roku-zwyciezcy-dziesiatej-edycji-plebiscytu\/SO_BOSCH_2012-300x108.jpg 300w\" sizes=\"(max-width: 650px) 100vw, 650px\" \/><\/a><\/em><\/span><br \/>\n<span style=\"max-width: 650px; text-align: center; background-color: #eeeeee; display: block;\">w kategorii SYSTEMY OCHRONY zwyci\u0119\u017cy\u0142a<br \/>\nKamera Bosch Dinion 1080p (NBN-832)\u00a0firmy\u00a0ROBERT BOSCH<\/span><\/p>\n<p style=\"text-align: justify;\"><span class=\"wf_caption\" style=\"display: inline-table;\"><em><a href=\"http:\/\/www.wp.elektrosystemy.pl\/wp-content\/uploads\/2013\/03\/02\/elektroprodukt-2012-roku-zwyciezcy-dziesiatej-edycji-plebiscytu\/TS_OSRAM_2012.jpg\"><img loading=\"lazy\" class=\"alignnone wp-image-5577\" src=\"http:\/\/www.wp.elektrosystemy.pl\/wp-content\/uploads\/2013\/03\/02\/elektroprodukt-2012-roku-zwyciezcy-dziesiatej-edycji-plebiscytu\/TS_OSRAM_2012.jpg\" alt=\"TS_OSRAM_2012\" width=\"650\" height=\"233\" srcset=\"https:\/\/elektrosystemy.pl\/wp-content\/uploads\/2013\/03\/02\/elektroprodukt-2012-roku-zwyciezcy-dziesiatej-edycji-plebiscytu\/TS_OSRAM_2012.jpg 750w, https:\/\/elektrosystemy.pl\/wp-content\/uploads\/2013\/03\/02\/elektroprodukt-2012-roku-zwyciezcy-dziesiatej-edycji-plebiscytu\/TS_OSRAM_2012-600x215.jpg 600w, https:\/\/elektrosystemy.pl\/wp-content\/uploads\/2013\/03\/02\/elektroprodukt-2012-roku-zwyciezcy-dziesiatej-edycji-plebiscytu\/TS_OSRAM_2012-300x108.jpg 300w\" sizes=\"(max-width: 650px) 100vw, 650px\" \/><\/a><\/em><\/span><br \/>\n<span style=\"max-width: 650px; text-align: center; background-color: #eeeeee; display: block;\">w kategorii TECHNIKA \u015aWIETLNA zwyci\u0119\u017cy\u0142a<br \/>\n\u017car\u00f3wka Osram Parathom Classic A75\u00a0firmy\u00a0OSRAM<\/span><\/p>\n<p style=\"text-align: justify;\"><span class=\"wf_caption\" style=\"display: inline-table;\"><em><a href=\"http:\/\/www.wp.elektrosystemy.pl\/wp-content\/uploads\/2013\/03\/02\/elektroprodukt-2012-roku-zwyciezcy-dziesiatej-edycji-plebiscytu\/ZS_ABB_2012.jpg\"><img loading=\"lazy\" class=\"alignnone wp-image-5578\" src=\"http:\/\/www.wp.elektrosystemy.pl\/wp-content\/uploads\/2013\/03\/02\/elektroprodukt-2012-roku-zwyciezcy-dziesiatej-edycji-plebiscytu\/ZS_ABB_2012.jpg\" alt=\"ZS_ABB_2012\" width=\"650\" height=\"234\" srcset=\"https:\/\/elektrosystemy.pl\/wp-content\/uploads\/2013\/03\/02\/elektroprodukt-2012-roku-zwyciezcy-dziesiatej-edycji-plebiscytu\/ZS_ABB_2012.jpg 750w, https:\/\/elektrosystemy.pl\/wp-content\/uploads\/2013\/03\/02\/elektroprodukt-2012-roku-zwyciezcy-dziesiatej-edycji-plebiscytu\/ZS_ABB_2012-600x216.jpg 600w, https:\/\/elektrosystemy.pl\/wp-content\/uploads\/2013\/03\/02\/elektroprodukt-2012-roku-zwyciezcy-dziesiatej-edycji-plebiscytu\/ZS_ABB_2012-300x108.jpg 300w\" sizes=\"(max-width: 650px) 100vw, 650px\" \/><\/a><\/em><\/span><br \/>\n<span style=\"max-width: 650px; text-align: center; background-color: #eeeeee; display: block;\">w kategorii ZASILANIE zwyci\u0119\u017cy\u0142y<br \/>\nPrze\u0142\u0105czniki zasilania OTM40\u2026125C\u00a0firmy\u00a0ABB<\/span><\/p>\n<p style=\"text-align: justify;\"><span style=\"font-size: 8pt;\"><em>Marzec 2013<\/em><\/span><\/p>\n","protected":false},"excerpt":{"rendered":"<p>Po raz dziesi\u0105ty Czytelnicy magazynu Elektrosystemy wybrali najlepsze wyroby elektrotechniczne roku. Tym razem w 12 kategoriach rywalizowa\u0142y 163 produkty. Do redakcji nap\u0142yn\u0119\u0142o \u0142\u0105cznie 27 039 g\u0142os\u00f3w na 4 593 kartach konkursowych. w kategorii APARATURA MODU\u0141OWA zwyci\u0119\u017cy\u0142\u00a0Cyfrowy wy\u0142\u0105cznik r\u00f3\u017cnicowopr\u0105dowy dRCM\u00a0firmy\u00a0EATON ELECTRIC w kategorii AUTOMATYKA zwyci\u0119\u017cy\u0142y Przeka\u017aniki czasowe MT-T.. firmy\u00a0RELPOL w kategorii INTELIGENTNY BUDYNEK zwyci\u0119\u017cy\u0142 Panel dotykowy&hellip;<\/p>\n","protected":false},"author":2,"featured_media":6210,"parent":0,"menu_order":0,"comment_status":"closed","ping_status":"open","template":"","meta":[],"_links":{"self":[{"href":"https:\/\/elektrosystemy.pl\/index.php?rest_route=\/wp\/v2\/pages\/5527"}],"collection":[{"href":"https:\/\/elektrosystemy.pl\/index.php?rest_route=\/wp\/v2\/pages"}],"about":[{"href":"https:\/\/elektrosystemy.pl\/index.php?rest_route=\/wp\/v2\/types\/page"}],"author":[{"embeddable":true,"href":"https:\/\/elektrosystemy.pl\/index.php?rest_route=\/wp\/v2\/users\/2"}],"replies":[{"embeddable":true,"href":"https:\/\/elektrosystemy.pl\/index.php?rest_route=%2Fwp%2Fv2%2Fcomments&post=5527"}],"version-history":[{"count":27,"href":"https:\/\/elektrosystemy.pl\/index.php?rest_route=\/wp\/v2\/pages\/5527\/revisions"}],"predecessor-version":[{"id":24420,"href":"https:\/\/elektrosystemy.pl\/index.php?rest_route=\/wp\/v2\/pages\/5527\/revisions\/24420"}],"wp:featuredmedia":[{"embeddable":true,"href":"https:\/\/elektrosystemy.pl\/index.php?rest_route=\/wp\/v2\/media\/6210"}],"wp:attachment":[{"href":"https:\/\/elektrosystemy.pl\/index.php?rest_route=%2Fwp%2Fv2%2Fmedia&parent=5527"}],"curies":[{"name":"wp","href":"https:\/\/api.w.org\/{rel}","templated":true}]}}