{"id":5847,"date":"2013-06-01T16:39:40","date_gmt":"2013-06-01T15:39:40","guid":{"rendered":"http:\/\/www.wp.elektrosystemy.pl\/?page_id=5847"},"modified":"2022-01-09T20:36:00","modified_gmt":"2022-01-09T19:36:00","slug":"czerwiec-2013","status":"publish","type":"page","link":"https:\/\/elektrosystemy.pl\/?page_id=5847","title":{"rendered":"Czerwiec 2013"},"content":{"rendered":"<p><a href=\"https:\/\/elektrosystemy.pl\/wp-content\/uploads\/2015\/02\/09\/czerwiec-2013\/ES_2013_06_spis.jpg\"><img loading=\"lazy\" class=\"alignnone wp-image-5903\" src=\"http:\/\/www.wp.elektrosystemy.pl\/wp-content\/uploads\/2015\/02\/09\/czerwiec-2013\/ES_2013_06_spis.jpg\" alt=\"\" width=\"700\" height=\"504\" srcset=\"https:\/\/elektrosystemy.pl\/wp-content\/uploads\/2015\/02\/09\/czerwiec-2013\/ES_2013_06_spis.jpg 2457w, https:\/\/elektrosystemy.pl\/wp-content\/uploads\/2015\/02\/09\/czerwiec-2013\/ES_2013_06_spis-600x432.jpg 600w, https:\/\/elektrosystemy.pl\/wp-content\/uploads\/2015\/02\/09\/czerwiec-2013\/ES_2013_06_spis-300x216.jpg 300w, https:\/\/elektrosystemy.pl\/wp-content\/uploads\/2015\/02\/09\/czerwiec-2013\/ES_2013_06_spis-1024x738.jpg 1024w\" sizes=\"(max-width: 700px) 100vw, 700px\" \/><\/a><\/p>\n<p style=\"text-align: center;\"><a href=\"https:\/\/elektrosystemy.pl\/wp-content\/uploads\/2015\/02\/09\/czerwiec-2013\/OkladkaES_06_2013_B.jpg\"><img loading=\"lazy\" class=\"alignleft wp-image-5943\" src=\"http:\/\/www.wp.elektrosystemy.pl\/wp-content\/uploads\/2015\/02\/09\/czerwiec-2013\/OkladkaES_06_2013_B-209x300.jpg\" alt=\"\" width=\"209\" height=\"300\" srcset=\"https:\/\/elektrosystemy.pl\/wp-content\/uploads\/2015\/02\/09\/czerwiec-2013\/OkladkaES_06_2013_B-209x300.jpg 209w, https:\/\/elektrosystemy.pl\/wp-content\/uploads\/2015\/02\/09\/czerwiec-2013\/OkladkaES_06_2013_B.jpg 500w\" sizes=\"(max-width: 209px) 100vw, 209px\" \/><\/a><\/p>\n<p class=\"line220\"><span style=\"font-size: 12pt;\"><span style=\"color: #ffffff; background-color: #ff0000;\"><strong>\u00a0AKTUALNO\u015aCI <\/strong><\/span><br \/>\n<strong>16<\/strong> <strong>Indeks koniunktury ELEKTROSYSTEM\u00d3W<\/strong><\/span><br \/>\n<span style=\"font-size: 12pt;\"> Pocz\u0105tek kwarta\u0142u na niewielkim minusie<\/span><br \/>\n<span style=\"font-size: 12pt;\"> <strong> 18<\/strong> <strong>Gie\u0142dowy Indeks ELEKTROSYSTEM\u00d3W<\/strong><\/span><br \/>\n<span style=\"font-size: 12pt;\"> Sp\u00f3\u0142ki gie\u0142dowe zanotowa\u0142y niewielki wzrost<\/span><br \/>\n<span style=\"font-size: 12pt;\"> <strong> 20<\/strong> Produkcja wybranych artyku\u0142\u00f3w elektrotechnicznych \u2013 III 2013<\/span><br \/>\n<span style=\"font-size: 12pt;\"> <strong> 21<\/strong> Rittal International przejmuje firm\u0119 Kiesling<\/span><br \/>\n<span style=\"font-size: 12pt;\"> <strong> 22<\/strong> NKT Cables kupuje oddzia\u0142 kabli Ericssona<\/span><br \/>\n<span style=\"font-size: 12pt;\"> <strong> 23<\/strong> Expom nawi\u0105zuje wsp\u00f3\u0142prac\u0119 z ABB<\/span><br \/>\n<span style=\"font-size: 12pt;\"> <strong> 24<\/strong> EUEW 2013 odb\u0119dzie si\u0119 6-8 czerwca w Sopocie<\/span><br \/>\n<span style=\"font-size: 12pt;\"> <strong> 25<\/strong> ABB przejmuje Power-One za 1 mld USD<\/span><br \/>\n<span style=\"font-size: 12pt;\"> <strong> 26<\/strong> Uniserv zdoby\u0142 \u015brodki na bie\u017c\u0105c\u0105 dzia\u0142alno\u015b\u0107<\/span><br \/>\n<span style=\"font-size: 12pt;\"> <strong> 28<\/strong> Zako\u0144czy\u0142a si\u0119 VI edycja \u201eElektryzuj\u0105cej Pasji\u201d<\/span><br \/>\n<span style=\"font-size: 12pt;\"> <strong> 29<\/strong> Radpol zwi\u0119kszy sprzeda\u017c wysokomar\u017cowych wyrob\u00f3w<\/span><br \/>\n<span style=\"font-size: 12pt;\"> <strong> 30<\/strong> Fiten sprzeda\u0142 Bioelektrowni\u0119 Przykona<\/span><br \/>\n<span style=\"font-size: 12pt;\"> <strong> 30<\/strong> Emiter Limanowa wdro\u017cy\u0142 system ERP<\/span><br \/>\n<span style=\"font-size: 12pt;\"> <strong> 31<\/strong> RWE uruchamia kolejn\u0105 farm\u0119 wiatrow\u0105 w Polsce<\/span><br \/>\n<span style=\"font-size: 12pt;\"> <strong> 31<\/strong> Bosch tworzy budynki plusenergetyczne<\/span><br \/>\n<span style=\"font-size: 12pt;\"> <strong> 32<\/strong> Siemens dostarczy systemy sterowania dla kolei<\/span><br \/>\n<span style=\"font-size: 12pt;\"> <strong> 32<\/strong> ECO inwestuje w fotowoltaik\u0119<\/span><\/p>\n<p><span style=\"font-size: 12pt;\"><span style=\"color: #ffffff; background-color: #339966;\"><strong>\u00a0OSPRZ\u0118T INSTALACYJNY <\/strong><\/span><br \/>\n<strong>34<\/strong> Osprz\u0119t Elektro-Plast Nasielsk o podwy\u017cszonej szczelno\u015bci<\/span><br \/>\n<span style=\"font-size: 12pt;\"> <strong>36<\/strong> Seria \u0142\u0105cznik\u00f3w i gniazd Sedna firmy Schneider Electric<\/span><br \/>\n<span style=\"font-size: 12pt;\"> <strong>38<\/strong> Zaciski sworzniowe HSKG<\/span><br \/>\n<span style=\"font-size: 12pt;\"> <strong>41<\/strong> Z\u0142\u0105czki szynowe PT Phoenix Contact z bezpo\u015brednim wtykaniem<\/span><br \/>\n<span style=\"font-size: 12pt;\"> <strong>44<\/strong> Drukarka znak\u00f3w i etykiet BBP85 firmy Brady<\/span><br \/>\n<span style=\"font-size: 12pt;\"> <strong>46<\/strong> Obudowy Hammond<\/span><\/p>\n<p><span style=\"font-size: 12pt;\"><span style=\"background-color: #33cccc;\"><strong>\u00a0<span style=\"color: #ffffff;\">AUTOMATYKA <\/span><br \/>\n<\/strong><\/span><strong>48<\/strong> Koncepcja Lean Automation firmy Eaton<\/span><br \/>\n<span style=\"font-size: 12pt;\"> <strong>50<\/strong> Panele operatorskie firmy Kinco<\/span><\/p>\n<p><span style=\"font-size: 12pt;\"><strong><span style=\"font-weight: bold; background-color: #f47a63;\"><span style=\"color: #ffffff;\">\u00a0OCHRONA PRZECIWPRZEPI\u0118CIOWA\u00a0<\/span><\/span><\/strong><\/span><br \/>\n<span style=\"font-size: 12pt;\"> <strong> 53<\/strong> Kontrola stanu ogranicznik\u00f3w przepi\u0119\u0107 w instalacjach nn<\/span><\/p>\n<p><span style=\"font-size: 12pt;\"><strong><span style=\"background-color: #ff6600;\">\u00a0<span style=\"color: #ffffff;\">MIERNICTWO\u00a0<\/span><\/span><\/strong><\/span><br \/>\n<span style=\"font-size: 12pt;\"> <strong> 56<\/strong> MIC-5010 i MIC-5005 \u2013 mierniki rezystancji izolacji firmy Sonel<\/span><br \/>\n<span style=\"font-size: 12pt;\"> <strong> 59<\/strong> Aparatura pomiarowa Brymen w ofercie firmy Biall<\/span><br \/>\n<span style=\"font-size: 12pt;\"> <strong> 62<\/strong> Badanie bezpiecze\u0144stwa elektrycznego urz\u0105dze\u0144 do spawania \u0142ukowego<\/span><\/p>\n<p><span style=\"font-size: 12pt;\"><span style=\"color: #ffffff; background-color: #cc3333;\"><strong>\u00a0KABLE I PRZEWODY <\/strong><\/span><br \/>\n<strong>66<\/strong> Produkty Lapp Kabel w skanerach RTG<\/span><\/p>\n<p><span style=\"font-size: 12pt;\"><strong><span style=\"color: #ffffff; background-color: #ffcc66;\">\u00a0TECHNIKA \u015aWIETLNA\u00a0<\/span>\u00a0<\/strong><\/span><br \/>\n<span style=\"font-size: 12pt;\"> <strong> 68<\/strong> Wymagania ekoprojektu dla technologii LED<\/span><\/p>\n<p><span style=\"font-size: 12pt;\"><span style=\"color: #ffffff; background-color: #ba853e;\"><strong>\u00a0MASZYNY ELEKTRYCZNE <\/strong><\/span><br \/>\n<strong>72<\/strong> Produkty Noratel dla instalacji nn<\/span><br \/>\n<span style=\"font-size: 12pt;\"> <strong>76<\/strong> Program Simaris Design \u00a0\u2013 wersja 7.0<\/span><\/p>\n<p><span style=\"font-size: 12pt;\"><strong><span style=\"color: #ffffff; background-color: #996699;\">\u00a0PRZETARGI I INWESTYCJE <\/span><\/strong><br \/>\n<strong>83<\/strong>\u00a0Planowane inwestycje<\/span><br \/>\n<span style=\"font-size: 12pt;\"> <strong>88<\/strong>\u00a0Przetargi w bran\u017cy elektrotechnicznej i energetycznej<\/span><\/p>\n<p><span style=\"font-size: 12pt;\"><strong><span style=\"background-color: #ff0000; color: #ffffff;\">\u00a0WYDARZENIA\u00a0<em><br \/>\n<\/em><\/span>96<\/strong> Na 7. Expopower przyjecha\u0142o blisko 250 firm<br \/>\n<strong>98<\/strong>\u00a0Uczestnicy XIII Kongresu FEGIME spotkali si\u0119 w Budapeszcie<br \/>\n<strong>99<\/strong> Hager Polo \u015bwi\u0119towa\u0142o 20-lecie<br \/>\n<strong>100<\/strong>\u00a0Znamy zwyci\u0119zc\u00f3w &#8220;Elektryzuj\u0105cej Pasji&#8221;<br \/>\n<strong>101<\/strong> Lapp Kabel wmurowa\u0142 kamie\u0144 w\u0119gielny pod siedzib\u0105<br \/>\n<strong>102<\/strong> PSE dyskutowa\u0142o w Poznaniu o zielonej energii<br \/>\n<strong>102<\/strong> Astor zorganizowa\u0142 seminarium na Stadionie Narodowym<br \/>\n<\/span><\/p>\n<p style=\"text-align: left;\"><span style=\"font-size: 12pt;\"><strong>Dodatek:\u00a0&#8220;MIERNICTWO&#8221;<\/strong><\/span><\/p>\n<p><span style=\"font-size: 12pt;\"><a href=\"https:\/\/elektrosystemy.pl\/wp-content\/uploads\/2015\/02\/09\/czerwiec-2013\/Dod_06_2013_10_okl.jpg\"><img loading=\"lazy\" class=\"alignleft wp-image-5944\" src=\"http:\/\/www.wp.elektrosystemy.pl\/wp-content\/uploads\/2015\/02\/09\/czerwiec-2013\/Dod_06_2013_10_okl-200x300.jpg\" alt=\"\" width=\"200\" height=\"300\" srcset=\"https:\/\/elektrosystemy.pl\/wp-content\/uploads\/2015\/02\/09\/czerwiec-2013\/Dod_06_2013_10_okl-200x300.jpg 200w, https:\/\/elektrosystemy.pl\/wp-content\/uploads\/2015\/02\/09\/czerwiec-2013\/Dod_06_2013_10_okl.jpg 500w\" sizes=\"(max-width: 200px) 100vw, 200px\" \/><\/a><\/span><\/p>\n<p class=\"line220\"><span style=\"font-size: 12pt;\"><strong style=\"font-size: 12pt;\">4<\/strong>\u00a0Miernictwo nie odczu\u0142o spowolnienia jak inne bran\u017ce<\/span><br \/>\n<span style=\"font-size: 12pt;\"> <b>14<\/b>\u00a0Multimetry<\/span><br \/>\n<span style=\"font-size: 12pt;\"> <strong>18<\/strong>\u00a0Multimetry c\u0119gowe \u2013 przegl\u0105d oferty rynkowej<\/span><br \/>\n<span style=\"font-size: 12pt;\"> <strong>21<\/strong> Luksomierze<\/span><br \/>\n<span style=\"font-size: 12pt;\"> <strong>24<\/strong>\u00a0Luksomierze \u2013 przegl\u0105d oferty rynkowej<\/span><\/p>\n<p>&nbsp;<\/p>\n<p>&nbsp;<\/p>\n<p>&nbsp;<\/p>\n<p>&nbsp;<\/p>\n<p style=\"text-align: left;\"><span style=\"font-size: 12pt;\"><strong>Dodatek:\u00a0&#8220;INTELIGENTNY BUDYNEK&#8221;<\/strong><\/span><\/p>\n<p><span style=\"font-size: 12pt;\"><a href=\"https:\/\/elektrosystemy.pl\/wp-content\/uploads\/2015\/02\/09\/czerwiec-2013\/Okladka_IB_06_2013_dod.jpg\"><img loading=\"lazy\" class=\"alignleft wp-image-5945\" src=\"http:\/\/www.wp.elektrosystemy.pl\/wp-content\/uploads\/2015\/02\/09\/czerwiec-2013\/Okladka_IB_06_2013_dod-200x300.jpg\" alt=\"\" width=\"200\" height=\"300\" srcset=\"https:\/\/elektrosystemy.pl\/wp-content\/uploads\/2015\/02\/09\/czerwiec-2013\/Okladka_IB_06_2013_dod-200x300.jpg 200w, https:\/\/elektrosystemy.pl\/wp-content\/uploads\/2015\/02\/09\/czerwiec-2013\/Okladka_IB_06_2013_dod.jpg 500w\" sizes=\"(max-width: 200px) 100vw, 200px\" \/><\/a><\/span><\/p>\n<p class=\"line220\"><span style=\"font-size: 12pt;\"><strong>4<\/strong> Inwestorzy czekaj\u0105 na popraw\u0119 koniunktury<\/span><br \/>\n<span style=\"font-size: 12pt;\"> <strong>13<\/strong> Smart Home Controller \u2013 sterownik systemu xComfort<\/span><br \/>\n<span style=\"font-size: 12pt;\"> <strong>16<\/strong> Zdalne zarz\u0105dzanie systemami inteligentnego budynku<\/span><br \/>\n<span style=\"font-size: 12pt;\"> <strong>20<\/strong> Czujniki obecno\u015bci HTS Theben <\/span><br \/>\n<span style=\"font-size: 12pt;\"> <strong>24<\/strong> Inteligentne sterowanie \u2013 rozwi\u0105zania firmy Gira<\/span><br \/>\n<span style=\"font-size: 12pt;\"> <strong>32<\/strong> Sterowanie o\u015bwietleniem \u2013 czujniki ruchu firmy Zamel<\/span><br \/>\n<span style=\"font-size: 12pt;\"> <strong>34<\/strong> System by-Me firmy Vimar<\/span><br \/>\n<span style=\"font-size: 12pt;\"> <strong>37<\/strong> Vision BMS \u2013 obni\u017cenie koszt\u00f3w utrzymania budynku<\/span><br \/>\n<span style=\"font-size: 12pt;\"> <strong>40<\/strong> Technologia KNX Schneider Electric w inteligentnych budynkach<\/span><br \/>\n<span style=\"font-size: 12pt;\"> <strong>43<\/strong> Panele steruj\u0105ce w instalacjach IB<\/span><br \/>\n<span style=\"font-size: 12pt;\"> <strong>48<\/strong> Sterowanie o\u015bwietleniem w systemach inteligentnego budynku<\/span><\/p>\n","protected":false},"excerpt":{"rendered":"<p>\u00a0AKTUALNO\u015aCI 16 Indeks koniunktury ELEKTROSYSTEM\u00d3W Pocz\u0105tek kwarta\u0142u na niewielkim minusie 18 Gie\u0142dowy Indeks ELEKTROSYSTEM\u00d3W Sp\u00f3\u0142ki gie\u0142dowe zanotowa\u0142y niewielki wzrost 20 Produkcja wybranych artyku\u0142\u00f3w elektrotechnicznych \u2013 III 2013 21 Rittal International przejmuje firm\u0119 Kiesling 22 NKT Cables kupuje oddzia\u0142 kabli Ericssona 23 Expom nawi\u0105zuje wsp\u00f3\u0142prac\u0119 z ABB 24 EUEW 2013 odb\u0119dzie si\u0119 6-8 czerwca w Sopocie&hellip;<\/p>\n","protected":false},"author":3,"featured_media":0,"parent":5810,"menu_order":6,"comment_status":"closed","ping_status":"closed","template":"","meta":[],"_links":{"self":[{"href":"https:\/\/elektrosystemy.pl\/index.php?rest_route=\/wp\/v2\/pages\/5847"}],"collection":[{"href":"https:\/\/elektrosystemy.pl\/index.php?rest_route=\/wp\/v2\/pages"}],"about":[{"href":"https:\/\/elektrosystemy.pl\/index.php?rest_route=\/wp\/v2\/types\/page"}],"author":[{"embeddable":true,"href":"https:\/\/elektrosystemy.pl\/index.php?rest_route=\/wp\/v2\/users\/3"}],"replies":[{"embeddable":true,"href":"https:\/\/elektrosystemy.pl\/index.php?rest_route=%2Fwp%2Fv2%2Fcomments&post=5847"}],"version-history":[{"count":22,"href":"https:\/\/elektrosystemy.pl\/index.php?rest_route=\/wp\/v2\/pages\/5847\/revisions"}],"predecessor-version":[{"id":36355,"href":"https:\/\/elektrosystemy.pl\/index.php?rest_route=\/wp\/v2\/pages\/5847\/revisions\/36355"}],"up":[{"embeddable":true,"href":"https:\/\/elektrosystemy.pl\/index.php?rest_route=\/wp\/v2\/pages\/5810"}],"wp:attachment":[{"href":"https:\/\/elektrosystemy.pl\/index.php?rest_route=%2Fwp%2Fv2%2Fmedia&parent=5847"}],"curies":[{"name":"wp","href":"https:\/\/api.w.org\/{rel}","templated":true}]}}