{"id":5852,"date":"2013-01-01T16:43:34","date_gmt":"2013-01-01T15:43:34","guid":{"rendered":"http:\/\/www.wp.elektrosystemy.pl\/?page_id=5852"},"modified":"2015-08-14T22:33:16","modified_gmt":"2015-08-14T21:33:16","slug":"styczen-2013","status":"publish","type":"page","link":"https:\/\/elektrosystemy.pl\/?page_id=5852","title":{"rendered":"Stycze\u0144 2013"},"content":{"rendered":"<p><a href=\"http:\/\/www.wp.elektrosystemy.pl\/wp-content\/uploads\/2015\/02\/09\/styczen-2013\/ES_2013_01_spis.jpg\"><img loading=\"lazy\" class=\"alignnone wp-image-5887 size-large\" src=\"http:\/\/www.wp.elektrosystemy.pl\/wp-content\/uploads\/2015\/02\/09\/styczen-2013\/ES_2013_01_spis-1024x761.jpg\" alt=\"\" width=\"1024\" height=\"761\" srcset=\"https:\/\/elektrosystemy.pl\/wp-content\/uploads\/2015\/02\/09\/styczen-2013\/ES_2013_01_spis-1024x761.jpg 1024w, https:\/\/elektrosystemy.pl\/wp-content\/uploads\/2015\/02\/09\/styczen-2013\/ES_2013_01_spis-600x446.jpg 600w, https:\/\/elektrosystemy.pl\/wp-content\/uploads\/2015\/02\/09\/styczen-2013\/ES_2013_01_spis-300x223.jpg 300w\" sizes=\"(max-width: 1024px) 100vw, 1024px\" \/><\/a><a href=\"http:\/\/www.wp.elektrosystemy.pl\/wp-content\/uploads\/2015\/01\/08\/copy-of-marzec-2014\/ES_02_2014.jpg\"><br \/>\n<\/a><\/p>\n<p><a href=\"http:\/\/www.wp.elektrosystemy.pl\/wp-content\/uploads\/2015\/02\/09\/styczen-2013\/OkladkaES_01_2012_B.jpg\"><img loading=\"lazy\" class=\" wp-image-5912 size-medium alignleft\" src=\"http:\/\/www.wp.elektrosystemy.pl\/wp-content\/uploads\/2015\/02\/09\/styczen-2013\/OkladkaES_01_2012_B-208x300.jpg\" alt=\"\" width=\"208\" height=\"300\" srcset=\"https:\/\/elektrosystemy.pl\/wp-content\/uploads\/2015\/02\/09\/styczen-2013\/OkladkaES_01_2012_B-208x300.jpg 208w, https:\/\/elektrosystemy.pl\/wp-content\/uploads\/2015\/02\/09\/styczen-2013\/OkladkaES_01_2012_B.jpg 500w\" sizes=\"(max-width: 208px) 100vw, 208px\" \/><\/a><br \/>\n<span style=\"color: #ffffff; background-color: #ff0000;\"><strong><span style=\"font-size: 12pt;\">\u00a0AKTUALNO\u015aCI\u00a0<\/span><\/strong><\/span><br \/>\n<span style=\"font-size: 12pt;\"><strong>14<\/strong> <strong>Indeks koniunktury ELEKTROSYSTEM\u00d3W<\/strong><\/span><br \/>\n<span style=\"font-size: 12pt;\">\u00a0Listopad nie przyni\u00f3s\u0142 wi\u0119kszych zmian w bran\u017cy<\/span><br \/>\n<span style=\"font-size: 12pt;\"><strong> 16<\/strong> <strong>Gie\u0142dowy Indeks ELEKTROSYSTEM\u00d3W<\/strong><\/span><br \/>\n<span style=\"font-size: 12pt;\">\u00a0Wszystkie indeksy zanotowa\u0142y du\u017ce wzrosty<\/span><br \/>\n<span style=\"font-size: 12pt;\"><strong> 18<\/strong> Produkcja wybranych artyku\u0142\u00f3w elektrotechnicznych \u2013 X 2012<\/span><br \/>\n<span style=\"font-size: 12pt;\"><strong> 19<\/strong> Polimex sprzedaje zak\u0142ad transformator\u00f3w ZREW<\/span><br \/>\n<span style=\"font-size: 12pt;\"><strong> 20<\/strong> Eaton zako\u0144czy\u0142 20 przej\u0119cie Coopera<\/span><br \/>\n<span style=\"font-size: 12pt;\"><strong> 21<\/strong> Ruszy\u0142a kolejna edycja 21 konkursu Elektryzuj\u0105ca Pasja<\/span><br \/>\n<span style=\"font-size: 12pt;\"><strong> 22<\/strong> Schneider Electric przyst\u0105pi\u0142 do Smart Power Grids Polska<\/span><br \/>\n<span style=\"font-size: 12pt;\"><strong> 23<\/strong> SEW otwiera w Tychach centrum szkoleniowe<\/span><br \/>\n<span style=\"font-size: 12pt;\"><strong> 24<\/strong> RWE przeprowadzi\u0142o badania nt. smart metering<\/span><br \/>\n<span style=\"font-size: 12pt;\"><strong> 25<\/strong> KUKE obni\u017cy\u0142a limit kredytowy TIM-u do 0 z\u0142<\/span><br \/>\n<span style=\"font-size: 12pt;\"><strong> 26<\/strong> Erbud wzmacnia pozycj\u0119 w energetyce<br \/>\n<\/span><span style=\"font-size: 12pt;\"><strong>26<\/strong> Ruszy\u0142a budowa EC Stalowa Wola<\/span><br \/>\n<span style=\"font-size: 12pt;\"><strong> 27<\/strong> Warszawa wymieni o\u015bwietlenie uliczne<\/span><br \/>\n<span style=\"font-size: 12pt;\"><strong> 27<\/strong> ABB dostarcza dla KGHM mobiln\u0105 stacj\u0119 energetyczn\u0105<\/span><br \/>\n<span style=\"font-size: 12pt;\"><strong> 28<\/strong> W Centrum Ptak Outlet zamontowano system AMR<\/span><br \/>\n<span style=\"font-size: 12pt;\"><strong> 28<\/strong> PKP Energetyka zwi\u0119ksza sprzeda\u017c energii <\/span><\/p>\n<p class=\"line220\"><strong> <span style=\"font-size: 12pt;\"><strong><span style=\"font-size: 12pt; color: #ffffff; background-color: #8bc751;\"><strong>\u00a0WYWIAD\u00a0<\/strong><\/span> <\/strong><\/span><br \/>\n<\/strong><span style=\"font-size: 12pt;\"><strong>30<\/strong> Grupy zakupowe maj\u0105 dobre perspektywy<\/span><br \/>\n<span style=\"font-size: 12pt;\">Rozmowa z Krzysztofem Lisowskim,<br \/>\nPrezesem Zarz\u0105du Polskiej Grupy Elektrycznej Forum-Rondo<\/span><\/p>\n<p><span style=\"font-size: 12pt;\"><strong> <span style=\"background-color: #33cccc;\"><strong><span style=\"font-size: 12pt;\">\u00a0<span style=\"color: #ffffff;\">AUTOMATYKA<\/span>\u00a0<\/span><\/strong><\/span><br \/>\n34<\/strong> Przeka\u017aniki ETI Polam w uk\u0142adach automatyki \u2013 cz\u0119\u015b\u0107 III<\/span><br \/>\n<span style=\"font-size: 12pt;\"><strong> 38<\/strong> Produkty firmy Phoenix Contact w oczyszczalni \u015bciek\u00f3w Czajka<\/span><\/p>\n<p><span style=\"color: #ffffff; background-color: #339966;\"><strong><span style=\"font-size: 12pt;\">\u00a0OSPRZ\u0118T INSTALACYJNY\u00a0<\/span><\/strong><\/span><br \/>\n<strong>42<\/strong> System znakowania PL firmy 3M<br \/>\n<span style=\"font-size: 12pt;\"><strong> 48<\/strong> Wydajniejsze rozwi\u0105zania klimatyzacji szaf firmy Rittal<\/span><\/p>\n<p><span style=\"font-size: 12pt;\"><strong> <span style=\"color: #ffffff; background-color: #cc0066;\"><strong><span style=\"font-size: 12pt;\">\u00a0NAP\u0118DY I STEROWNIA\u00a0<\/span><\/strong><\/span><br \/>\n50<\/strong> Pozycjonowanie ze sterowaniem programowym w falowniku Lenze 8400 TopLine<\/span><br \/>\n<span style=\"font-size: 12pt;\"><strong> 52<\/strong> Falownik N.5000 firmy Hyundai Heavy Industry \u2013 case study<\/span><br \/>\n<span style=\"font-size: 12pt;\"><strong> 54<\/strong> Zintegrowana przetwornica SK 200E firmy Nord w aplikacjach transportowych<\/span><\/p>\n<p><span style=\"font-size: 12pt;\"><strong> <strong><span style=\"font-size: 12pt; font-weight: bold; background-color: #f47a63;\"><span style=\"color: #ffffff;\">\u00a0OCHRONA PRZECIWPRZEPI\u0118CIOWA\u00a0<\/span><\/span><\/strong><br \/>\n57<\/strong> Ograniczniki przepi\u0119\u0107 oraz obudowy instalacyjne firmy Noark Electric<\/span><\/p>\n<p><span style=\"font-size: 12pt;\"><strong> <strong><span style=\"font-size: 12pt; font-weight: bold; background-color: #990066;\"><span style=\"color: #ffffff;\">\u00a0ROZDZIA\u0141 ENERGII\u00a0<\/span><\/span><\/strong>\u00a0<\/strong><\/span><br \/>\n<span style=\"font-size: 12pt;\"><strong> 60<\/strong> Stacje transformatorowe z SF6 jako element Smart Grids w sieciach elektroenergetycznych<\/span><\/p>\n<p><span style=\"font-size: 12pt;\"><strong> <span style=\"font-size: 12pt; color: #ffffff; background-color: #cc3333;\"><strong>\u00a0KABLE I PRZEWODY<\/strong><\/span><br \/>\n64<\/strong> Przewody Olflex Robust w modernizacji fontanny w Szczecinie<\/span><\/p>\n<p class=\"line220\"><span style=\"font-size: 12pt;\"><strong> <span style=\"color: #ffffff; background-color: #ffcc66;\"><strong><span style=\"font-size: 12pt;\">\u00a0TECHNIKA \u015aWIETLNA\u00a0<\/span><\/strong><\/span><br \/>\n66<\/strong> Oprawy architektoniczne w ofercie firmy Kanlux\u2013 cz\u0119\u015b\u0107 II<br \/>\n<\/span><\/p>\n<p><span style=\"color: #ffffff; background-color: #996699;\"><strong><span style=\"font-size: 12pt;\">\u00a0PRZETARGI I INWESTYCJE\u00a0<\/span><\/strong><\/span><br \/>\n<span style=\"font-size: 12pt;\"><strong>70<\/strong> Planowane Inwestycje<\/span><br \/>\n<span style=\"font-size: 12pt;\"><strong>73<\/strong>\u00a0Przetargi w bran\u017cy elektrotechnicznej i energetycznej<\/span><br \/>\n<span style=\"font-size: 12pt;\"><strong>78<\/strong>\u00a0Relacje z targ\u00f3w, wydarze\u0144, spotka\u0144 bran\u017cowych<\/span><\/p>\n<p><span style=\"font-size: 12pt;\"><strong><span style=\"background-color: #ff0000; color: #ffffff;\">\u00a0WYDARZENIA\u00a0<em><br \/>\n<\/em><\/span>87<\/strong>\u00a0Relacje z targ\u00f3w, wydarze\u0144, spotka\u0144 bran\u017cowych<\/span><\/p>\n<p>&nbsp;<\/p>\n<h4><strong>Dodatek:\u00a0&#8220;NAP\u0118DY I STEROWANIE&#8221;<\/strong><\/h4>\n<p><a href=\"http:\/\/www.wp.elektrosystemy.pl\/wp-content\/uploads\/2015\/02\/09\/styczen-2013\/Dod_01_2013_napedy_okladka.jpg\"><img loading=\"lazy\" class=\" wp-image-5918 size-medium alignleft\" src=\"http:\/\/www.wp.elektrosystemy.pl\/wp-content\/uploads\/2015\/02\/09\/styczen-2013\/Dod_01_2013_napedy_okladka-200x300.jpg\" alt=\"\" width=\"200\" height=\"300\" srcset=\"https:\/\/elektrosystemy.pl\/wp-content\/uploads\/2015\/02\/09\/styczen-2013\/Dod_01_2013_napedy_okladka-200x300.jpg 200w, https:\/\/elektrosystemy.pl\/wp-content\/uploads\/2015\/02\/09\/styczen-2013\/Dod_01_2013_napedy_okladka.jpg 500w\" sizes=\"(max-width: 200px) 100vw, 200px\" \/><\/a><\/p>\n<p class=\"line220\"><span style=\"font-size: 12pt;\"><strong>\u00a04<\/strong> Rok 2013 mo\u017ce by\u0107 trudny dla bran\u017cy nap\u0119d\u00f3w.<br \/>\n<strong>14<\/strong> Przetwornice cz\u0119stotliwo\u015bci<\/span><br \/>\n<span style=\"font-size: 12pt;\"> <strong>22<\/strong> Przetwornice cz\u0119stotliwo\u015bci \u2013 przegl\u0105d oferty rynkowej<br \/>\n<\/span><\/p>\n<h4><strong>Dodatek: &#8220;INTELIGENTNY BUDYNEK&#8221;<\/strong><\/h4>\n<p><a href=\"http:\/\/www.wp.elektrosystemy.pl\/wp-content\/uploads\/2015\/02\/09\/styczen-2013\/IB_dod_01_2013_okladka.jpg\"><img loading=\"lazy\" class=\" wp-image-5922 size-medium alignleft\" src=\"http:\/\/www.wp.elektrosystemy.pl\/wp-content\/uploads\/2015\/02\/09\/styczen-2013\/IB_dod_01_2013_okladka-200x300.jpg\" alt=\"\" width=\"200\" height=\"300\" srcset=\"https:\/\/elektrosystemy.pl\/wp-content\/uploads\/2015\/02\/09\/styczen-2013\/IB_dod_01_2013_okladka-200x300.jpg 200w, https:\/\/elektrosystemy.pl\/wp-content\/uploads\/2015\/02\/09\/styczen-2013\/IB_dod_01_2013_okladka.jpg 500w\" sizes=\"(max-width: 200px) 100vw, 200px\" \/><\/a><\/p>\n<p class=\"line220\"><span style=\"font-size: 12pt;\"><strong>\u00a04<\/strong> Popularno\u015b\u0107 system\u00f3w IB ro\u015bnie z ka\u017cdym rokiem<br \/>\n<strong>13<\/strong> Mo\u017cliwo\u015bci system\u00f3w inteligentnego budynku<br \/>\n<strong>16<\/strong> Automatyka domowa MyHome firmy Legrand<br \/>\n<strong>18<\/strong> Bezprzewodowy system sterowania Exta Free<br \/>\n<strong>21<\/strong> Wizualizacja w systemach sterowania automatyk\u0105 budynkow\u0105<br \/>\n<strong>24<\/strong> System by-Me firmy Vimar<br \/>\n<strong>26<\/strong> System o\u015bwietleniowy z czujnikami obecno\u015bci KNX Theben<br \/>\n<strong>28<\/strong> Vision BMS firmy APA w obiektach przemys\u0142owych<br \/>\n<strong>32<\/strong> Programatory czasowe Exta firmy Zamel<br \/>\n<strong>34<\/strong> Sterowanie ogrzewaniem w systemie KNX<br \/>\n<strong>37<\/strong> Magistralne systemy radiowe<\/span><span style=\"font-size: 12pt;\"><br \/>\n<\/span><\/p>\n","protected":false},"excerpt":{"rendered":"<p>\u00a0AKTUALNO\u015aCI\u00a0 14 Indeks koniunktury ELEKTROSYSTEM\u00d3W \u00a0Listopad nie przyni\u00f3s\u0142 wi\u0119kszych zmian w bran\u017cy 16 Gie\u0142dowy Indeks ELEKTROSYSTEM\u00d3W \u00a0Wszystkie indeksy zanotowa\u0142y du\u017ce wzrosty 18 Produkcja wybranych artyku\u0142\u00f3w elektrotechnicznych \u2013 X 2012 19 Polimex sprzedaje zak\u0142ad transformator\u00f3w ZREW 20 Eaton zako\u0144czy\u0142 20 przej\u0119cie Coopera 21 Ruszy\u0142a kolejna edycja 21 konkursu Elektryzuj\u0105ca Pasja 22 Schneider Electric przyst\u0105pi\u0142 do Smart&hellip;<\/p>\n","protected":false},"author":3,"featured_media":0,"parent":5810,"menu_order":1,"comment_status":"closed","ping_status":"closed","template":"","meta":[],"_links":{"self":[{"href":"https:\/\/elektrosystemy.pl\/index.php?rest_route=\/wp\/v2\/pages\/5852"}],"collection":[{"href":"https:\/\/elektrosystemy.pl\/index.php?rest_route=\/wp\/v2\/pages"}],"about":[{"href":"https:\/\/elektrosystemy.pl\/index.php?rest_route=\/wp\/v2\/types\/page"}],"author":[{"embeddable":true,"href":"https:\/\/elektrosystemy.pl\/index.php?rest_route=\/wp\/v2\/users\/3"}],"replies":[{"embeddable":true,"href":"https:\/\/elektrosystemy.pl\/index.php?rest_route=%2Fwp%2Fv2%2Fcomments&post=5852"}],"version-history":[{"count":10,"href":"https:\/\/elektrosystemy.pl\/index.php?rest_route=\/wp\/v2\/pages\/5852\/revisions"}],"predecessor-version":[{"id":8326,"href":"https:\/\/elektrosystemy.pl\/index.php?rest_route=\/wp\/v2\/pages\/5852\/revisions\/8326"}],"up":[{"embeddable":true,"href":"https:\/\/elektrosystemy.pl\/index.php?rest_route=\/wp\/v2\/pages\/5810"}],"wp:attachment":[{"href":"https:\/\/elektrosystemy.pl\/index.php?rest_route=%2Fwp%2Fv2%2Fmedia&parent=5852"}],"curies":[{"name":"wp","href":"https:\/\/api.w.org\/{rel}","templated":true}]}}