{"id":5854,"date":"2013-02-01T16:44:00","date_gmt":"2013-02-01T15:44:00","guid":{"rendered":"http:\/\/www.wp.elektrosystemy.pl\/?page_id=5854"},"modified":"2015-08-14T22:31:54","modified_gmt":"2015-08-14T21:31:54","slug":"luty-2013","status":"publish","type":"page","link":"https:\/\/elektrosystemy.pl\/?page_id=5854","title":{"rendered":"Luty 2013"},"content":{"rendered":"<p><span style=\"font-size: 12pt;\"><a href=\"http:\/\/www.wp.elektrosystemy.pl\/wp-content\/uploads\/2015\/01\/08\/copy-of-marzec-2014\/ES_02_2014.jpg\"><br \/>\n<\/a><a href=\"http:\/\/www.wp.elektrosystemy.pl\/wp-content\/uploads\/2015\/02\/09\/luty-2013\/ES_2013_02_spis.jpg\"><img loading=\"lazy\" class=\"alignnone wp-image-5889 size-large\" src=\"http:\/\/www.wp.elektrosystemy.pl\/wp-content\/uploads\/2015\/02\/09\/luty-2013\/ES_2013_02_spis-1024x760.jpg\" alt=\"\" width=\"1024\" height=\"760\" srcset=\"https:\/\/elektrosystemy.pl\/wp-content\/uploads\/2015\/02\/09\/luty-2013\/ES_2013_02_spis-1024x760.jpg 1024w, https:\/\/elektrosystemy.pl\/wp-content\/uploads\/2015\/02\/09\/luty-2013\/ES_2013_02_spis-600x446.jpg 600w, https:\/\/elektrosystemy.pl\/wp-content\/uploads\/2015\/02\/09\/luty-2013\/ES_2013_02_spis-300x223.jpg 300w\" sizes=\"(max-width: 1024px) 100vw, 1024px\" \/><\/a><a href=\"http:\/\/www.wp.elektrosystemy.pl\/wp-content\/uploads\/2015\/01\/08\/copy-of-kwiecien-2014\/ES_03_2014.jpg\"><br \/>\n<\/a><a href=\"http:\/\/www.wp.elektrosystemy.pl\/wp-content\/uploads\/2015\/02\/09\/luty-2013\/OkladkaES_02_2013_B.jpg\"><img loading=\"lazy\" class=\" wp-image-5925 size-medium alignleft\" src=\"http:\/\/www.wp.elektrosystemy.pl\/wp-content\/uploads\/2015\/02\/09\/luty-2013\/OkladkaES_02_2013_B-208x300.jpg\" alt=\"\" width=\"208\" height=\"300\" srcset=\"https:\/\/elektrosystemy.pl\/wp-content\/uploads\/2015\/02\/09\/luty-2013\/OkladkaES_02_2013_B-208x300.jpg 208w, https:\/\/elektrosystemy.pl\/wp-content\/uploads\/2015\/02\/09\/luty-2013\/OkladkaES_02_2013_B.jpg 500w\" sizes=\"(max-width: 208px) 100vw, 208px\" \/><\/a><\/span><br \/>\n<span style=\"font-size: 12pt;\"><strong><span style=\"color: #ffffff; background-color: #ff0000;\">\u00a0AKTUALNO\u015aCI\u00a0<\/span><\/strong><br \/>\n<strong>14 Indeks koniunktury ELEKTROSYSTEM\u00d3W<\/strong><\/span><br \/>\n<span style=\"font-size: 12pt;\"> Firmy dystrybucyjne poci\u0105gn\u0119\u0142y bran\u017c\u0119 w d\u00f3\u0142<\/span><br \/>\n<span style=\"font-size: 12pt;\"> <strong>16<\/strong> <strong>Gie\u0142dowy Indeks ELEKTROSYSTEM\u00d3W<\/strong><\/span><br \/>\n<span style=\"font-size: 12pt;\">GIE wzr\u00f3s\u0142 dzi\u0119ki firmom elektroinstalacyjnym<\/span><br \/>\n<span style=\"font-size: 12pt;\"> <strong>18<\/strong> Produkcja wybranych artyku\u0142\u00f3w elektrotechnicznych \u2013 XI 2012<\/span><br \/>\n<span style=\"font-size: 12pt;\"> <strong>19<\/strong> APS Energia idzie na gie\u0142d\u0119<\/span><br \/>\n<span style=\"font-size: 12pt;\"> <strong>20<\/strong> NFO\u015aiGW wesprze modernizacj\u0119 o\u015bwietlenia<\/span><br \/>\n<span style=\"font-size: 12pt;\"> <strong>21<\/strong> Rynek o\u015bwietlenia LED 21 czeka dynamiczny rozw\u00f3j<\/span><br \/>\n<span style=\"font-size: 12pt;\"> <strong>22<\/strong> S\u0105d og\u0142osi\u0142 upad\u0142o\u015b\u0107 22 uk\u0142adow\u0105 Uniservu<\/span><br \/>\n<span style=\"font-size: 12pt;\"> <strong>23<\/strong> Tauron i PGNiG zbuduj\u0105 w \u0141agiszy jednostk\u0119 gazow\u0105<\/span><br \/>\n<span style=\"font-size: 12pt;\"> <strong>24<\/strong> Drozapol coraz mocniej wchodzi w energi\u0119 z wiatru<\/span><br \/>\n<span style=\"font-size: 12pt;\"> <strong>24<\/strong> EDF zawiesi\u0142 budow\u0119 bloku w Rybniku<\/span><br \/>\n<span style=\"font-size: 12pt;\"><strong>25<\/strong> ABB dostarczy urz\u0105dzenia zasilaj\u0105ce terminal LNG&#8230;<\/span><br \/>\n<span style=\"font-size: 12pt;\"><strong>25<\/strong>\u00a0&#8230;i wyposa\u017cy\u0142o w swoje rozwi\u0105zania budynki PPNT\u00a0<\/span><br \/>\n<span style=\"font-size: 12pt;\"> <strong>26<\/strong> XIII Kongres FEGIME odb\u0119dzie si\u0119 na W\u0119grzech<\/span><br \/>\n<span style=\"font-size: 12pt;\"> <strong>26<\/strong> Energa-Operator instaluje kolejne inteligentne liczniki<\/span><br \/>\n<span style=\"font-size: 12pt;\"> <strong>27<\/strong> PSE Operator otrzyma\u0142 kolejne dofinansowanie<\/span><br \/>\n<span style=\"font-size: 12pt;\"> <strong>27<\/strong> Hager wyda\u0142 nowy katalog produktowy<\/span><br \/>\n<span style=\"font-size: 12pt;\"> <strong>28<\/strong> KCSP testuje infrastruktur\u0119 bezprzewodow\u0105<\/span><br \/>\n<span style=\"font-size: 12pt;\"> <strong>28<\/strong> Europa ma now\u0105 organizacj\u0119 o\u015bwietleniow\u0105<\/span><\/p>\n<p><span style=\"font-size: 12pt;\"> <span style=\"color: #ffffff; background-color: #cc3333;\"><strong>\u00a0KABLE I PRZEWODY\u00a0<\/strong><\/span>\u00a0<\/span><br \/>\n<span style=\"font-size: 12pt;\"> <strong>30<\/strong> Przewody Greenpas firmy Tele-Fonika Kable<\/span><br \/>\n<span style=\"font-size: 12pt;\"> <strong>32<\/strong> Mufa przej\u015bciowa 12\/20 kV JHP-20-CF\/CXd-3\/1 firmy Radpol<\/span><br \/>\n<span style=\"font-size: 12pt;\"> <strong>34<\/strong> Przewody Lapp Kabel do instalacji ruchomych<\/span><\/p>\n<p><span style=\"font-size: 12pt;\"> <span style=\"color: #ffffff; background-color: #339966;\"><strong>\u00a0OSPRZ\u0118T INSTALACYJNY\u00a0<\/strong><\/span>\u00a0<\/span><br \/>\n<span style=\"font-size: 12pt;\"> <strong>37<\/strong> Nowa generacja Rittal TopTherm-Chiller<\/span><br \/>\n<span style=\"font-size: 12pt;\"> <strong>38<\/strong> Przepusty linii pr\u0105dowych firmy Phoenix Contact<\/span><\/p>\n<p><span style=\"font-size: 12pt;\"> <strong><span style=\"font-weight: bold; background-color: #990066;\"><span style=\"color: #ffffff;\">\u00a0ROZDZIA\u0141 ENERGII\u00a0<\/span><\/span><\/strong> <\/span><br \/>\n<span style=\"font-size: 12pt;\"> <strong>40<\/strong> Rozdzielnica SN 40 Power Xpert FMX firmy Eaton<\/span><\/p>\n<p><span style=\"font-size: 12pt;\"> <strong><span style=\"font-weight: bold; background-color: #034ea2;\"><span style=\"color: #ffffff;\">\u00a0OPROGRAMOWANIE\u00a0<\/span><\/span><\/strong><\/span><br \/>\n<span style=\"font-size: 12pt;\"> <strong>45<\/strong> Oprogramowanie projektowe Rittal Power Engineering<\/span><br \/>\n<span style=\"font-size: 12pt;\"> <strong>48<\/strong> Oprogramowanie do doboru i projektowania aparatury Schneider Electric<\/span><\/p>\n<p><span style=\"color: #ffffff; font-size: 12pt;\"> <strong><span style=\"background-color: #ff6600;\">\u00a0MIERNICTWO\u00a0<\/span><\/strong> <\/span><br \/>\n<span style=\"font-size: 12pt;\"> <strong>50<\/strong> Pirometr graficzny Fluke VT02<\/span><\/p>\n<p><span style=\"font-size: 12pt;\"> <strong><span style=\"color: #ffffff; background-color: #ffcc66;\"><strong>\u00a0TECHNIKA \u015aWIETLNA\u00a0<\/strong><\/span>\u00a0<\/strong> <\/span><br \/>\n<span style=\"font-size: 12pt;\"> <strong>52<\/strong> Oprawy Ledix z wbudowanymi czujnikami ruchu i zmierzchu firmy Cet Lighting<\/span><br \/>\n<span style=\"font-size: 12pt;\"> <strong>54<\/strong> Sterowanie o\u015bwietleniem \u2013 rozwi\u0105zania firmy Servodan<\/span><\/p>\n<p><span style=\"font-size: 12pt;\"> <strong><span style=\"color: #ffffff; background-color: #de6328;\"><strong>\u00a0ENERGETYKA\u00a0<\/strong><\/span><\/strong> <\/span><br \/>\n<span style=\"font-size: 12pt;\"> <strong>5<\/strong>6 Silne pola magnetyczne w badaniach naukowych<\/span><\/p>\n<p class=\"line220\"><span style=\"font-size: 12pt;\"><strong> <span style=\"color: #ffffff; background-color: #993300;\"><strong>\u00a0APARATY ZABEZPIECZAJ\u0104CE\u00a0<\/strong><\/span><br \/>\n58 <\/strong>Zabezpieczenia przet\u0119\u017ceniowe i przeciwprzepi\u0119ciowe w elektrowni PV \u2013 cz\u0119\u015b\u0107 I<strong><br \/>\n<\/strong><\/span><\/p>\n<p><span style=\"font-size: 12pt;\"><strong><span style=\"color: #ffffff; background-color: #996699;\">\u00a0PRZETARGI I INWESTYCJE\u00a0<\/span><br \/>\n<\/strong><strong>67<\/strong> Planowane inwestycje<\/span><br \/>\n<span style=\"font-size: 12pt;\"> <strong>70<\/strong> Przetargi w bran\u017cy elektrotechnicznej i energetycznej<\/span><\/p>\n<p><span style=\"font-size: 12pt;\"><strong>\u00a0Dodatek: &#8220;KABLE I PRZEWODY&#8221;<\/strong><\/span><\/p>\n<p style=\"text-align: center;\"><span style=\"font-size: 12pt;\"><a href=\"http:\/\/www.wp.elektrosystemy.pl\/wp-content\/uploads\/2015\/02\/09\/luty-2013\/Dod_02_2013_Kable.jpg\"><img loading=\"lazy\" class=\" wp-image-5926 size-medium alignleft\" src=\"http:\/\/www.wp.elektrosystemy.pl\/wp-content\/uploads\/2015\/02\/09\/luty-2013\/Dod_02_2013_Kable-200x300.jpg\" alt=\"\" width=\"200\" height=\"300\" srcset=\"https:\/\/elektrosystemy.pl\/wp-content\/uploads\/2015\/02\/09\/luty-2013\/Dod_02_2013_Kable-200x300.jpg 200w, https:\/\/elektrosystemy.pl\/wp-content\/uploads\/2015\/02\/09\/luty-2013\/Dod_02_2013_Kable.jpg 500w\" sizes=\"(max-width: 200px) 100vw, 200px\" \/><\/a><\/span><\/p>\n<p><span style=\"font-size: 12pt;\"><strong>6<\/strong> Dwa oblicza rynku kablowego w 2012 roku<\/span><br \/>\n<span style=\"font-size: 12pt;\"> <strong>26<\/strong> Przewody i kable elektroenergetyczne<br \/>\nna napi\u0119cie do 1 kVh<\/span><br \/>\n<span style=\"font-size: 12pt;\"> <strong>30<\/strong> Przewody instalacyjne \u2013 przegl\u0105d oferty rynkowej<\/span><br \/>\n<span style=\"font-size: 12pt;\"> <strong>42<\/strong> Osprz\u0119t kablowy \u2013 mufy i g\u0142owice kablowe<\/span><\/p>\n","protected":false},"excerpt":{"rendered":"<p>\u00a0AKTUALNO\u015aCI\u00a0 14 Indeks koniunktury ELEKTROSYSTEM\u00d3W Firmy dystrybucyjne poci\u0105gn\u0119\u0142y bran\u017c\u0119 w d\u00f3\u0142 16 Gie\u0142dowy Indeks ELEKTROSYSTEM\u00d3W GIE wzr\u00f3s\u0142 dzi\u0119ki firmom elektroinstalacyjnym 18 Produkcja wybranych artyku\u0142\u00f3w elektrotechnicznych \u2013 XI 2012 19 APS Energia idzie na gie\u0142d\u0119 20 NFO\u015aiGW wesprze modernizacj\u0119 o\u015bwietlenia 21 Rynek o\u015bwietlenia LED 21 czeka dynamiczny rozw\u00f3j 22 S\u0105d og\u0142osi\u0142 upad\u0142o\u015b\u0107 22 uk\u0142adow\u0105 Uniservu 23&hellip;<\/p>\n","protected":false},"author":3,"featured_media":0,"parent":5810,"menu_order":2,"comment_status":"closed","ping_status":"closed","template":"","meta":[],"_links":{"self":[{"href":"https:\/\/elektrosystemy.pl\/index.php?rest_route=\/wp\/v2\/pages\/5854"}],"collection":[{"href":"https:\/\/elektrosystemy.pl\/index.php?rest_route=\/wp\/v2\/pages"}],"about":[{"href":"https:\/\/elektrosystemy.pl\/index.php?rest_route=\/wp\/v2\/types\/page"}],"author":[{"embeddable":true,"href":"https:\/\/elektrosystemy.pl\/index.php?rest_route=\/wp\/v2\/users\/3"}],"replies":[{"embeddable":true,"href":"https:\/\/elektrosystemy.pl\/index.php?rest_route=%2Fwp%2Fv2%2Fcomments&post=5854"}],"version-history":[{"count":6,"href":"https:\/\/elektrosystemy.pl\/index.php?rest_route=\/wp\/v2\/pages\/5854\/revisions"}],"predecessor-version":[{"id":8333,"href":"https:\/\/elektrosystemy.pl\/index.php?rest_route=\/wp\/v2\/pages\/5854\/revisions\/8333"}],"up":[{"embeddable":true,"href":"https:\/\/elektrosystemy.pl\/index.php?rest_route=\/wp\/v2\/pages\/5810"}],"wp:attachment":[{"href":"https:\/\/elektrosystemy.pl\/index.php?rest_route=%2Fwp%2Fv2%2Fmedia&parent=5854"}],"curies":[{"name":"wp","href":"https:\/\/api.w.org\/{rel}","templated":true}]}}