{"id":5856,"date":"2013-03-01T16:44:34","date_gmt":"2013-03-01T15:44:34","guid":{"rendered":"http:\/\/www.wp.elektrosystemy.pl\/?page_id=5856"},"modified":"2015-08-14T22:32:25","modified_gmt":"2015-08-14T21:32:25","slug":"marzec-2013","status":"publish","type":"page","link":"https:\/\/elektrosystemy.pl\/?page_id=5856","title":{"rendered":"Marzec 2013"},"content":{"rendered":"<p><span style=\"font-size: 12pt;\"><a href=\"http:\/\/www.wp.elektrosystemy.pl\/wp-content\/uploads\/2015\/02\/09\/marzec-2013\/ES_2013_03_spis.jpg\"><img loading=\"lazy\" class=\"alignnone wp-image-5910\" src=\"http:\/\/www.wp.elektrosystemy.pl\/wp-content\/uploads\/2015\/02\/09\/marzec-2013\/ES_2013_03_spis.jpg\" alt=\"\" width=\"700\" height=\"504\" srcset=\"https:\/\/elektrosystemy.pl\/wp-content\/uploads\/2015\/02\/09\/marzec-2013\/ES_2013_03_spis.jpg 2457w, https:\/\/elektrosystemy.pl\/wp-content\/uploads\/2015\/02\/09\/marzec-2013\/ES_2013_03_spis-600x432.jpg 600w, https:\/\/elektrosystemy.pl\/wp-content\/uploads\/2015\/02\/09\/marzec-2013\/ES_2013_03_spis-300x216.jpg 300w, https:\/\/elektrosystemy.pl\/wp-content\/uploads\/2015\/02\/09\/marzec-2013\/ES_2013_03_spis-1024x738.jpg 1024w\" sizes=\"(max-width: 700px) 100vw, 700px\" \/><\/a><a href=\"http:\/\/www.wp.elektrosystemy.pl\/wp-content\/uploads\/2015\/01\/08\/copy-of-maj-2014\/ES_04_2014.jpg\"><br \/>\n<\/a><\/span><\/p>\n<p><span style=\"font-size: 12pt;\"><a href=\"http:\/\/www.wp.elektrosystemy.pl\/wp-content\/uploads\/2015\/02\/09\/marzec-2013\/OkladkaES_03_2013_B.jpg\"><img loading=\"lazy\" class=\" wp-image-5928 size-medium alignleft\" src=\"http:\/\/www.wp.elektrosystemy.pl\/wp-content\/uploads\/2015\/02\/09\/marzec-2013\/OkladkaES_03_2013_B-211x300.jpg\" alt=\"\" width=\"211\" height=\"300\" srcset=\"https:\/\/elektrosystemy.pl\/wp-content\/uploads\/2015\/02\/09\/marzec-2013\/OkladkaES_03_2013_B-211x300.jpg 211w, https:\/\/elektrosystemy.pl\/wp-content\/uploads\/2015\/02\/09\/marzec-2013\/OkladkaES_03_2013_B.jpg 500w\" sizes=\"(max-width: 211px) 100vw, 211px\" \/><\/a><\/span><\/p>\n<p class=\"line220\"><span style=\"font-size: 12pt;\"><span style=\"color: #ffffff; background-color: #ff0000;\"><strong>\u00a0<\/strong><strong>AKTUALNO\u015aCI\u00a0<\/strong><\/span><span style=\"text-decoration: underline; color: #ffffff; background-color: #ff0000;\"><em><strong><br \/>\n<\/strong><\/em><\/span><\/span><span style=\"font-size: 12pt;\"><strong>22<\/strong> <strong>Indeks koniunktury ELEKTROSYSTEM\u00d3W<\/strong><\/span><br \/>\n<span style=\"font-size: 12pt;\"> Pocz\u0105tek roku przyni\u00f3s\u0142 dalsze pogorszenie <\/span><br \/>\n<span style=\"font-size: 12pt;\"><strong> 24<\/strong> <strong>Gie\u0142dowy Indeks ELEKTROSYSTEM\u00d3W<\/strong><\/span><br \/>\n<span style=\"font-size: 12pt;\"> GIE zwi\u0119kszy\u0142 warto\u015b\u0107 a\u017c o 6,5%<\/span><br \/>\n<span style=\"font-size: 12pt;\"><strong> 26<\/strong> Produkcja wybranych artyku\u0142\u00f3w elektrotechnicznych \u2013 XII 2012<\/span><br \/>\n<span style=\"font-size: 12pt;\"><strong> 27<\/strong> Ergom usprawnia prac\u0119 magazynu w \u0141odzi<\/span><br \/>\n<span style=\"font-size: 12pt;\"><strong> 28<\/strong> Firmy o\u015bwietleniowe tocz\u0105 sp\u00f3r o patenty LED<\/span><br \/>\n<span style=\"font-size: 12pt;\"><strong> 29<\/strong> MSP sprzeda\u0142o udzia\u0142y 11 sp\u00f3\u0142ek z bran\u017cy<\/span><br \/>\n<span style=\"font-size: 12pt;\"><strong> 30<\/strong> Moc wiatrak\u00f3w w UE wzros\u0142a o 11,6 GW<\/span><br \/>\n<span style=\"font-size: 12pt;\"><strong> 31<\/strong> MEW pozyska\u0142 1,4 mln z\u0142 na inwestycje w Rumunii<\/span><br \/>\n<span style=\"font-size: 12pt;\"><strong> 32<\/strong> HMS przejmuje IXXAT Automation<\/span><br \/>\n<span style=\"font-size: 12pt;\"> Zublin Elektro wchodzi na polski rynek<\/span><br \/>\n<span style=\"font-size: 12pt;\"><strong> 34<\/strong> Rynek akumulator\u00f3w Li-Ion do 2017 roku podwoi si\u0119<\/span><br \/>\n<span style=\"font-size: 12pt;\"><strong> 35<\/strong> URE stworzy\u0142o jednostk\u0119 ds. inteligentnych sieci<\/span><br \/>\n<span style=\"font-size: 12pt;\"><strong> 35<\/strong> Partex rozwija sie\u0107 sprzeda\u017cy na wschodzie<\/span><br \/>\n<span style=\"font-size: 12pt;\"><strong> 36<\/strong> ZPUE podpisa\u0142o zagraniczne umowy<\/span><br \/>\n<span style=\"font-size: 12pt;\"><strong> 36<\/strong> SEW-Eurodrive otwiera biuro handlowe w Gda\u0144sku<\/span><br \/>\n<span style=\"font-size: 12pt;\"><strong> 38<\/strong> Rabbit modernizuje o\u015bwietlenie na A-1<\/span><br \/>\n<span style=\"font-size: 12pt;\"><strong> 38<\/strong> Siemens zrealizuje kontrakt w ramach PPP<\/span><\/p>\n<p><span style=\"font-size: 12pt;\"> <span style=\"background-color: #33cccc;\"><strong><span style=\"font-size: 12pt;\">\u00a0<span style=\"color: #ffffff;\">AUTOMATYKA<\/span>\u00a0<\/span><\/strong><\/span> <\/span><br \/>\n<span style=\"font-size: 12pt;\"><strong> 40<\/strong> Przeka\u017anik czasowy z wy\u015bwietlaczem LCD i cyfrowymi nastawami<\/span><br \/>\n<span style=\"font-size: 12pt;\"><strong> 42<\/strong> Urz\u0105dzenia pomiarowe w automatyce \u2013 oferta firmy Wobit<\/span><br \/>\n<span style=\"font-size: 12pt;\"><strong> 46<\/strong> Panele HMI ESA w ofercie firmy Sabur<\/span><br \/>\n<span style=\"font-size: 12pt;\"><strong> 48<\/strong> Panele operatorskie Weintek<\/span><br \/>\n<span style=\"font-size: 12pt;\"><strong> 51<\/strong> Automaticon \u2013 oferta firmy Astat<\/span><\/p>\n<p><span style=\"font-size: 12pt;\"> <span style=\"color: #ffffff; background-color: #339966;\"><strong><span style=\"font-size: 12pt;\">\u00a0OSPRZ\u0118T INSTALACYJNY\u00a0<\/span><\/strong><\/span> <\/span><br \/>\n<span style=\"font-size: 12pt;\"><strong> 52<\/strong> Kana\u0142y parapetowe firmy Kopos<\/span><br \/>\n<span style=\"font-size: 12pt;\"><strong> 54<\/strong> Dob\u00f3r szafy sterowniczej<\/span><br \/>\n<span style=\"font-size: 12pt;\"><strong> 56<\/strong> Inteligentny osprz\u0119t Merten firmy Schneider Electric<\/span><\/p>\n<p><span style=\"font-size: 12pt;\"> <span style=\"color: #ffffff; background-color: #993300;\"><strong><span style=\"font-size: 12pt;\">\u00a0APARATURA MODU\u0141OWA\u00a0<\/span><\/strong><\/span> <\/span><br \/>\n<span style=\"font-size: 12pt;\"><strong> 59<\/strong> Prze\u0142\u0105czniki, roz\u0142\u0105czniki i lampki sygnalizacyjne firmy Noark Electric<\/span><\/p>\n<p><span style=\"font-size: 12pt;\"> <strong><span style=\"font-size: 12pt; font-weight: bold; background-color: #f47a63;\"><span style=\"color: #ffffff;\">\u00a0OCHRONA PRZECIWPRZEPI\u0118CIOWA\u00a0<\/span><\/span><\/strong>\u00a0<\/span><br \/>\n<span style=\"font-size: 12pt;\"><strong> 62<\/strong> Ogranicznik przepi\u0119\u0107 DEHNvenCI<\/span><br \/>\n<span style=\"font-size: 12pt;\"><strong> 66<\/strong> Zastosowanie listew i gniazd zasilaj\u0105cych serii Protection Box<\/span><\/p>\n<p><span style=\"font-size: 12pt;\"> <span style=\"color: #ffffff; background-color: #993300;\"><strong><span style=\"font-size: 12pt;\">\u00a0APARATY ZABEZPIECZAJ\u0104CE\u00a0<\/span><\/strong><\/span> <\/span><br \/>\n<span style=\"font-size: 12pt;\"><strong> 68<\/strong> Zabezpieczenia przet\u0119\u017ceniowe i przeciwprzepi\u0119ciowe w elektrowni PV \u2013 cz\u0119\u015b\u0107 II<\/span><\/p>\n<p><span style=\"font-size: 12pt;\"> <span style=\"font-size: 12pt;\"><strong><span style=\"color: #ffffff; background-color: #cc0066;\"><strong><span style=\"font-size: 12pt;\">\u00a0NAP\u0118DY I STEROWNIA\u00a0<\/span><\/strong><\/span>\u00a0<\/strong><\/span><\/span><br \/>\n<span style=\"font-size: 12pt;\"><strong> 72<\/strong> Falownik SieiDrive AVY 800 kW \u2013 rozruch silnika du\u017cej mocy <\/span><br \/>\n<span style=\"font-size: 12pt;\"><strong> 75<\/strong> Precyzyjna technika nap\u0119dowa z oferty firmy Demero<\/span><\/p>\n<p><span style=\"font-size: 12pt;\"> <span style=\"color: #ffffff;\"><strong><span style=\"font-size: 12pt; background-color: #ff6600;\">\u00a0MIERNICTWO\u00a0<\/span><\/strong><\/span> <\/span><br \/>\n<span style=\"font-size: 12pt;\"><strong> 78<\/strong> Liczniki PowerLogic PM3200 oraz iEM3000 Acti 9<\/span><\/p>\n<p><span style=\"font-size: 12pt;\"> <span style=\"color: #ffffff; background-color: #007dc5;\"><strong><span style=\"font-size: 12pt;\">\u00a0ZASILANIE\u00a0<\/span><\/strong><\/span> <\/span><br \/>\n<span style=\"font-size: 12pt;\"><strong> 80<\/strong> Systemy fotowoltaiczne LSIS w ofercie firmy Aniro <\/span><br \/>\n<span style=\"font-size: 12pt;\"><strong> 82<\/strong> Zasilacze UPS firmy Eaton do zastosowa\u0144 domowych<\/span><\/p>\n<p><span style=\"font-size: 12pt;\"> <span style=\"font-size: 12pt; color: #ffffff; background-color: #cc3333;\"><strong>\u00a0KABLE I PRZEWODY\u00a0<\/strong><\/span> <\/span><br \/>\n<span style=\"font-size: 12pt;\"><strong> 84<\/strong> Centrum Uszczelnie\u0144 Kablowych firmy ASE <\/span><br \/>\n<span style=\"font-size: 12pt;\"><strong> 88<\/strong> Produkty Lapp Kabel w maszynach dla przemys\u0142u chemicznego<\/span><\/p>\n<p><span style=\"font-size: 12pt;\"> <strong><span style=\"font-size: 12pt; font-weight: bold; background-color: #034ea2;\"><span style=\"color: #ffffff;\">\u00a0SYSTEMY OCHRONY\u00a0<\/span><\/span><\/strong> <\/span><br \/>\n<span style=\"font-size: 12pt;\"><strong> 91<\/strong> Kamera szybkoobrotowa Pelco Spectra HD 1080<\/span><\/p>\n<p><span style=\"font-size: 12pt;\"> <span style=\"font-size: 12pt;\"><strong><span style=\"color: #ffffff; background-color: #ffcc66;\"><strong><span style=\"font-size: 12pt;\">\u00a0TECHNIKA \u015aWIETLNA\u00a0<\/span><\/strong><\/span><\/strong><\/span> <\/span><br \/>\n<span style=\"font-size: 12pt;\"><strong> 92<\/strong> Energooszcz\u0119dne \u017ar\u00f3d\u0142a \u015bwiat\u0142a<\/span><br \/>\n<span style=\"font-size: 12pt;\"><strong> 96<\/strong> Oprawy wn\u0119trzowe LED \u2013 przegl\u0105d oferty rynkowej<\/span><br \/>\n<span style=\"font-size: 12pt;\"><strong> 102<\/strong> Oprawy Ledix z wbudowanym sterownikiem RGB<\/span><\/p>\n<p><span style=\"font-size: 12pt;\"> <strong><span style=\"font-size: 12pt; font-weight: bold; background-color: #990066;\"><span style=\"color: #ffffff;\">\u00a0ROZDZIA\u0141 ENERGII\u00a0<\/span><\/span><\/strong> <\/span><br \/>\n<span style=\"font-size: 12pt;\"><strong> 104<\/strong> System bezprzerwowego prowadzenia szyn SL-I w rozdzielnicach Energy<\/span><\/p>\n<p><span style=\"font-size: 12pt;\"><span style=\"background-color: #996699;\"><strong><span style=\"color: #ffffff;\">\u00a0PRZETARGI I INWESTYCJE<br \/>\n<\/span><\/strong><\/span><strong>110<\/strong> Planowane inwestycje<br \/>\n<strong>114<\/strong> Przetargi w bran\u017cy elektrotechnicznej i energetycznej<\/span><\/p>\n<p><span style=\"font-size: 12pt;\"><span style=\"font-size: 12pt;\"><strong><span style=\"background-color: #ff0000; color: #ffffff;\">\u00a0WYDARZENIA\u00a0<em><br \/>\n<\/em><\/span>122<\/strong>\u00a0Relacje z targ\u00f3w, wydarze\u0144, spotka\u0144 bran\u017cowych<\/span>\u00a0<\/span><\/p>\n<p style=\"text-align: left;\"><strong>Dodatek: &#8220;AUTOMATYKA&#8221;<\/strong><\/p>\n<p style=\"text-align: center;\"><a href=\"http:\/\/www.wp.elektrosystemy.pl\/wp-content\/uploads\/2015\/02\/09\/marzec-2013\/Dod_03_2013okladka.jpg\"><img loading=\"lazy\" class=\" wp-image-5929 size-medium alignleft\" src=\"http:\/\/www.wp.elektrosystemy.pl\/wp-content\/uploads\/2015\/02\/09\/marzec-2013\/Dod_03_2013okladka-200x300.jpg\" alt=\"\" width=\"200\" height=\"300\" srcset=\"https:\/\/elektrosystemy.pl\/wp-content\/uploads\/2015\/02\/09\/marzec-2013\/Dod_03_2013okladka-200x300.jpg 200w, https:\/\/elektrosystemy.pl\/wp-content\/uploads\/2015\/02\/09\/marzec-2013\/Dod_03_2013okladka.jpg 500w\" sizes=\"(max-width: 200px) 100vw, 200px\" \/><\/a><\/p>\n<p class=\"line220\"><span style=\"font-size: 12pt;\"><strong>04<\/strong> Rynek automatyki rozwija\u0142 si\u0119 stabilnie<\/span><br \/>\n<span style=\"font-size: 12pt;\"> <strong>20 <\/strong>Panele operatorskie<\/span><br \/>\n<span style=\"font-size: 12pt;\"> <strong>26 <\/strong>Panele operatorskie \u2013 przegl\u0105d oferty rynkowej<\/span><br \/>\n<span style=\"font-size: 12pt;\"> <strong>32 <\/strong>Przeka\u017aniki czasowe<\/span><br \/>\n<span style=\"font-size: 12pt;\"> <strong>34<\/strong> Przeka\u017aniki czasowe elektroniczne \u2013 przegl\u0105d oferty rynkowej<\/span><\/p>\n<p>&nbsp;<\/p>\n","protected":false},"excerpt":{"rendered":"<p>\u00a0AKTUALNO\u015aCI\u00a0 22 Indeks koniunktury ELEKTROSYSTEM\u00d3W Pocz\u0105tek roku przyni\u00f3s\u0142 dalsze pogorszenie 24 Gie\u0142dowy Indeks ELEKTROSYSTEM\u00d3W GIE zwi\u0119kszy\u0142 warto\u015b\u0107 a\u017c o 6,5% 26 Produkcja wybranych artyku\u0142\u00f3w elektrotechnicznych \u2013 XII 2012 27 Ergom usprawnia prac\u0119 magazynu w \u0141odzi 28 Firmy o\u015bwietleniowe tocz\u0105 sp\u00f3r o patenty LED 29 MSP sprzeda\u0142o udzia\u0142y 11 sp\u00f3\u0142ek z bran\u017cy 30 Moc wiatrak\u00f3w w&hellip;<\/p>\n","protected":false},"author":3,"featured_media":0,"parent":5810,"menu_order":3,"comment_status":"closed","ping_status":"closed","template":"","meta":[],"_links":{"self":[{"href":"https:\/\/elektrosystemy.pl\/index.php?rest_route=\/wp\/v2\/pages\/5856"}],"collection":[{"href":"https:\/\/elektrosystemy.pl\/index.php?rest_route=\/wp\/v2\/pages"}],"about":[{"href":"https:\/\/elektrosystemy.pl\/index.php?rest_route=\/wp\/v2\/types\/page"}],"author":[{"embeddable":true,"href":"https:\/\/elektrosystemy.pl\/index.php?rest_route=\/wp\/v2\/users\/3"}],"replies":[{"embeddable":true,"href":"https:\/\/elektrosystemy.pl\/index.php?rest_route=%2Fwp%2Fv2%2Fcomments&post=5856"}],"version-history":[{"count":8,"href":"https:\/\/elektrosystemy.pl\/index.php?rest_route=\/wp\/v2\/pages\/5856\/revisions"}],"predecessor-version":[{"id":8336,"href":"https:\/\/elektrosystemy.pl\/index.php?rest_route=\/wp\/v2\/pages\/5856\/revisions\/8336"}],"up":[{"embeddable":true,"href":"https:\/\/elektrosystemy.pl\/index.php?rest_route=\/wp\/v2\/pages\/5810"}],"wp:attachment":[{"href":"https:\/\/elektrosystemy.pl\/index.php?rest_route=%2Fwp%2Fv2%2Fmedia&parent=5856"}],"curies":[{"name":"wp","href":"https:\/\/api.w.org\/{rel}","templated":true}]}}