{"id":5858,"date":"2013-04-01T16:45:01","date_gmt":"2013-04-01T15:45:01","guid":{"rendered":"http:\/\/www.wp.elektrosystemy.pl\/?page_id=5858"},"modified":"2015-08-14T22:34:33","modified_gmt":"2015-08-14T21:34:33","slug":"kwiecien-2013","status":"publish","type":"page","link":"https:\/\/elektrosystemy.pl\/?page_id=5858","title":{"rendered":"Kwiecie\u0144 2013"},"content":{"rendered":"<p><a href=\"http:\/\/www.wp.elektrosystemy.pl\/wp-content\/uploads\/2015\/02\/09\/kwiecien-2013\/ES_2013_04_spis.jpg\"><img loading=\"lazy\" class=\"alignnone wp-image-5907\" src=\"http:\/\/www.wp.elektrosystemy.pl\/wp-content\/uploads\/2015\/02\/09\/kwiecien-2013\/ES_2013_04_spis.jpg\" alt=\"\" width=\"700\" height=\"521\" srcset=\"https:\/\/elektrosystemy.pl\/wp-content\/uploads\/2015\/02\/09\/kwiecien-2013\/ES_2013_04_spis.jpg 2457w, https:\/\/elektrosystemy.pl\/wp-content\/uploads\/2015\/02\/09\/kwiecien-2013\/ES_2013_04_spis-600x447.jpg 600w, https:\/\/elektrosystemy.pl\/wp-content\/uploads\/2015\/02\/09\/kwiecien-2013\/ES_2013_04_spis-300x223.jpg 300w, https:\/\/elektrosystemy.pl\/wp-content\/uploads\/2015\/02\/09\/kwiecien-2013\/ES_2013_04_spis-1024x762.jpg 1024w\" sizes=\"(max-width: 700px) 100vw, 700px\" \/><\/a><a href=\"http:\/\/www.wp.elektrosystemy.pl\/wp-content\/uploads\/2015\/01\/08\/czerwiec-2014-2\/ES_05_2014.jpg\"><br \/>\n<\/a><\/p>\n<p><a href=\"http:\/\/www.wp.elektrosystemy.pl\/wp-content\/uploads\/2015\/02\/09\/kwiecien-2013\/OkladkaES_04_2013_B.jpg\"><img loading=\"lazy\" class=\"  wp-image-5935 size-medium alignleft\" src=\"http:\/\/www.wp.elektrosystemy.pl\/wp-content\/uploads\/2015\/02\/09\/kwiecien-2013\/OkladkaES_04_2013_B-208x300.jpg\" alt=\"\" width=\"208\" height=\"300\" srcset=\"https:\/\/elektrosystemy.pl\/wp-content\/uploads\/2015\/02\/09\/kwiecien-2013\/OkladkaES_04_2013_B-208x300.jpg 208w, https:\/\/elektrosystemy.pl\/wp-content\/uploads\/2015\/02\/09\/kwiecien-2013\/OkladkaES_04_2013_B.jpg 500w\" sizes=\"(max-width: 208px) 100vw, 208px\" \/><\/a><\/p>\n<p class=\"line220\"><strong><span style=\"font-size: medium; color: #ffffff; background-color: #ff0000;\"><span style=\"font-size: 12pt;\">\u00a0AKTUALNO\u015aCI\u00a0<\/span><\/span><\/strong><span style=\"text-decoration: underline; font-size: medium; background-color: #ff0000; color: #ffffff;\"><em><strong><br \/>\n<\/strong><\/em><\/span><span style=\"font-size: 12pt;\"><strong>16 Indeks koniunktury ELEKTROSYSTEM\u00d3W<\/strong><\/span><br \/>\n<span style=\"font-size: 12pt;\">\u00a0Spadek w lutym mniejszy ni\u017c w styczniu<\/span><br \/>\n<span style=\"font-size: 12pt;\"><strong> 18<\/strong> <strong>Gie\u0142dowy Indeks ELEKTROSYSTEM\u00d3W<\/strong><\/span><br \/>\n<span style=\"font-size: 12pt;\">\u00a0Tempo wzrostu GIE znacznie wyhamowa\u0142o<\/span><br \/>\n<span style=\"font-size: 12pt;\"><strong> 20<\/strong> Produkcja wybranych artyku\u0142\u00f3w elektrotechnicznych \u2013 I 2013<\/span><br \/>\n<span style=\"font-size: 12pt;\"><strong> 22<\/strong> Jean Mueller Polska zosta\u0142 dystrybutorem firmy Citel<\/span><br \/>\n<span style=\"font-size: 12pt;\"><strong> 23<\/strong> PGE i Energa przejmuj\u0105 farmy wiatrowe za 1,8 mld z\u0142<\/span><br \/>\n<span style=\"font-size: 12pt;\"><strong> 24<\/strong> Relpol zako\u0144czy\u0142 rok rekordowymi wynikami<\/span><br \/>\n<span style=\"font-size: 12pt;\"><strong> 26<\/strong> Apator zapowiada kolejne wzrosty<\/span><br \/>\n<span style=\"font-size: 12pt;\"><strong> 27<\/strong> Ampli chce otwiera\u0107 oddzia\u0142y we franczyzie <\/span><br \/>\n<span style=\"font-size: 12pt;\"><strong> 28<\/strong> Onninen zosta\u0142 partnerem Green Power<\/span><br \/>\n<span style=\"font-size: 12pt;\"><strong> 29<\/strong> Kaczmarek Electric zaprasza na cykl rajd\u00f3w rowerowych<\/span><br \/>\n<span style=\"font-size: 12pt;\"><strong> 30<\/strong> Zbli\u017ca si\u0119 fina\u0142 Elektryzuj\u0105cej Pasji<\/span><br \/>\n<span style=\"font-size: 12pt;\"><strong> 30<\/strong> Promotech dostarczy automat MCM do Danii<\/span><br \/>\n<span style=\"font-size: 12pt;\"><strong>31<\/strong> Phoenix Contact uruchamia now\u0105 stron\u0119 internetow\u0105&#8230;<br \/>\n<span style=\"font-size: 12pt;\"><strong>31<\/strong> &#8230;i nawi\u0105zuje wsp\u00f3\u0142prac\u0119 z Politechnik\u0105 Pozna\u0144sk\u0105<\/span> <\/span><br \/>\n<span style=\"font-size: 12pt;\"><strong> 32<\/strong> Energa zwi\u0119ksza obroty ale notuje ni\u017cszy zysk netto<\/span><br \/>\n<span style=\"font-size: 12pt;\"><strong> 32<\/strong> Radpol chce podwoi\u0107 sprzeda\u017c do 2015 roku<\/span><\/p>\n<p><span style=\"font-size: 12pt;\"> <span style=\"color: #ffffff; background-color: #339966;\"><strong><span style=\"font-size: 12pt;\">\u00a0OSPRZ\u0118T INSTALACYJNY\u00a0<\/span><\/strong><\/span> <\/span><br \/>\n<span style=\"font-size: 12pt;\"><strong> 34<\/strong> Ramiona no\u015bne Rittal dla stanowisk cz\u0142owiek-maszyna<\/span><br \/>\n<span style=\"font-size: 12pt;\"><strong> 36<\/strong> Korzy\u015bci z zastosowania systemu SmartWire-DT firmy Eaton<\/span><br \/>\n<span style=\"font-size: 12pt;\"><strong> 38<\/strong> Z\u0142\u0105czki firmy Phoenix Contact dla przewod\u00f3w aluminiowych<\/span><\/p>\n<p><span style=\"font-size: 12pt;\"> <span style=\"background-color: #33cccc;\"><strong><span style=\"font-size: 12pt;\">\u00a0<span style=\"color: #ffffff;\">AUTOMATYKA<\/span>\u00a0<\/span><\/strong><\/span> \u00a0<\/span><br \/>\n<span style=\"font-size: 12pt;\"><strong> 41<\/strong> Przeka\u017aniki miniaturowe bistabilne RMB841 i RMB851 firmy Relpol<\/span><\/p>\n<p><span style=\"font-size: 12pt;\"> <strong><span style=\"font-size: 12pt; font-weight: bold; background-color: #f47a63;\"><span style=\"color: #ffffff;\">\u00a0OCHRONA PRZECIWPRZEPI\u0118CIOWA\u00a0<\/span><\/span><\/strong> <\/span><br \/>\n<span style=\"font-size: 12pt;\"><strong> 42<\/strong> Nowe ograniczniki przepi\u0119\u0107 firmy Leutron do system\u00f3w nn<\/span><br \/>\n<span style=\"font-size: 12pt;\"><strong> 46<\/strong> Po\u0142\u0105czenia egzotermiczne \u2013 rozwi\u0105zania Cadweld firmy Erico<\/span><br \/>\n<span style=\"font-size: 12pt;\"><strong> 50<\/strong> Ograniczniki przepi\u0119\u0107 firmy Schneider Electric<\/span><br \/>\n<span style=\"font-size: 12pt;\"><strong> 52<\/strong> Ogranicznik przepi\u0119\u0107 B+C+D z 10-letni\u0105 gwarancj\u0105<\/span><br \/>\n<span style=\"font-size: 12pt;\"><strong> 54<\/strong> Instalacje odgromowe \u2013 sytuacja prawna, narz\u0119dzia projektowe Elko-Bis<\/span><\/p>\n<p><span style=\"font-size: 12pt;\"> <span style=\"color: #ffffff;\"><strong><span style=\"font-size: 12pt; background-color: #ff6600;\">\u00a0MIERNICTWO\u00a0<\/span><\/strong><\/span> <\/span><br \/>\n<span style=\"font-size: 12pt;\"><strong> 57<\/strong> Termografia w diagnostyce budowlanej<\/span><\/p>\n<p><span style=\"font-size: 12pt;\"> <span style=\"font-size: 12pt;\"><strong><span style=\"color: #ffffff; background-color: #cc0066;\"><strong><span style=\"font-size: 12pt;\">\u00a0NAP\u0118DY I STEROWNIA\u00a0<\/span><\/strong><\/span><\/strong><\/span> <\/span><br \/>\n<span style=\"font-size: 12pt;\"><strong> 60<\/strong> Modu\u0142 CMD \u00a0firmy Eaton Electric do kontroli stycznik\u00f3w<\/span><\/p>\n<p><span style=\"font-size: 12pt;\"> <span style=\"color: #ffffff; background-color: #993300;\"><strong><span style=\"font-size: 12pt;\">\u00a0APARATY ZABEZPIECZAJ\u0104CE\u00a0<\/span><\/strong><\/span> <\/span><br \/>\n<span style=\"font-size: 12pt;\"> 62 Przeciwpo\u017carowy detektor iskrzenia 5SM6 firmy Siemens<\/span><br \/>\n<span style=\"font-size: 12pt;\"> 66 Listwowe roz\u0142\u0105czniki typu SlimLine XR \u00a0z bezpiecznikami<\/span><\/p>\n<p><span style=\"font-size: 12pt;\"> <span style=\"color: #ffffff; background-color: #007dc5;\"><strong><span style=\"font-size: 12pt;\">\u00a0ZASILANIE\u00a0<\/span><\/strong><\/span> <\/span><br \/>\n<span style=\"font-size: 12pt;\"> 70 Zasilacze UPS firmy Ever<\/span><\/p>\n<p><span style=\"font-size: 12pt;\"> <span style=\"color: #ffffff; background-color: #e7c68c;\"><strong><span style=\"font-size: 12pt;\">\u00a0INTELIGENTNY BUDYNEK\u00a0<\/span><\/strong><\/span> <\/span><br \/>\n<span style=\"font-size: 12pt;\"> 72 System automatyki domowej by-Me<\/span><\/p>\n<p><span style=\"font-size: 12pt;\"> <span style=\"font-size: 12pt; color: #ffffff; background-color: #cc3333;\"><strong>\u00a0KABLE I PRZEWODY\u00a0<\/strong><\/span> <\/span><br \/>\n<span style=\"font-size: 12pt;\"> 74 Produkty Lapp Kabel dla automatyki przemys\u0142owej<\/span><br \/>\n<span style=\"font-size: 12pt;\">\u00a076 Kable sterownicze BiT 500 firmy Bitner<\/span><br \/>\n<span style=\"font-size: 12pt;\"><span style=\"background-color: #996699;\"><br \/>\n<strong><span style=\"color: #ffffff;\">\u00a0PRZETARGI I INWESTYCJE <\/span><\/strong><\/span><br \/>\n<strong>82<\/strong> Planowane inwestycje<\/span><br \/>\n<span style=\"font-size: 12pt;\"><strong>86<\/strong> Przetargi w bran\u017cy elektrotechnicznej i energetycznej<\/span><\/p>\n<p><span style=\"font-size: 12pt;\"><span style=\"background-color: #ff0000; color: #ffffff;\"><strong>\u00a0WYDARZENIA\u00a0<\/strong><br \/>\n<\/span><strong>94<\/strong> Relacje z targ\u00f3w, wydarze\u0144, spotka\u0144 bran\u017cowych<\/span><\/p>\n<p><span style=\"font-size: 12pt;\"><strong>Dodatek:\u00a0&#8220;OCHRONA PRZECIWPRZEPI\u0118CIOWA I ODGROMOWA&#8221;<\/strong><\/span><\/p>\n<p style=\"text-align: center;\"><span style=\"font-size: 12pt;\"><a href=\"http:\/\/www.wp.elektrosystemy.pl\/wp-content\/uploads\/2015\/02\/09\/kwiecien-2013\/Dod_04_2013_okladka.jpg\"><img loading=\"lazy\" class=\" wp-image-5936 size-medium alignleft\" src=\"http:\/\/www.wp.elektrosystemy.pl\/wp-content\/uploads\/2015\/02\/09\/kwiecien-2013\/Dod_04_2013_okladka-200x300.jpg\" alt=\"\" width=\"200\" height=\"300\" srcset=\"https:\/\/elektrosystemy.pl\/wp-content\/uploads\/2015\/02\/09\/kwiecien-2013\/Dod_04_2013_okladka-200x300.jpg 200w, https:\/\/elektrosystemy.pl\/wp-content\/uploads\/2015\/02\/09\/kwiecien-2013\/Dod_04_2013_okladka.jpg 500w\" sizes=\"(max-width: 200px) 100vw, 200px\" \/><\/a><\/span><\/p>\n<p class=\"line220\"><span style=\"font-size: 12pt;\"><strong>4<\/strong> Bran\u017c\u0119 nap\u0119dza\u0142y inwestycje na Euro 2012<\/span><br \/>\n<span style=\"font-size: 12pt;\"> <strong>12 <\/strong>Ochrona odgromowa i przeciwprzepi\u0119ciowa<br \/>\nsystem\u00f3w fotowoltaicznych<\/span><br \/>\n<span style=\"font-size: 12pt;\"> <strong>18 <\/strong>Ograniczniki przepi\u0119\u0107 nn \u2013 przegl\u0105d oferty rynkowej<\/span><br \/>\n<span style=\"font-size: 12pt;\"> <strong>32 <\/strong>Osprz\u0119t odgromowy<\/span><\/p>\n","protected":false},"excerpt":{"rendered":"<p>\u00a0AKTUALNO\u015aCI\u00a0 16 Indeks koniunktury ELEKTROSYSTEM\u00d3W \u00a0Spadek w lutym mniejszy ni\u017c w styczniu 18 Gie\u0142dowy Indeks ELEKTROSYSTEM\u00d3W \u00a0Tempo wzrostu GIE znacznie wyhamowa\u0142o 20 Produkcja wybranych artyku\u0142\u00f3w elektrotechnicznych \u2013 I 2013 22 Jean Mueller Polska zosta\u0142 dystrybutorem firmy Citel 23 PGE i Energa przejmuj\u0105 farmy wiatrowe za 1,8 mld z\u0142 24 Relpol zako\u0144czy\u0142 rok rekordowymi wynikami 26&hellip;<\/p>\n","protected":false},"author":3,"featured_media":0,"parent":5810,"menu_order":4,"comment_status":"closed","ping_status":"closed","template":"","meta":[],"_links":{"self":[{"href":"https:\/\/elektrosystemy.pl\/index.php?rest_route=\/wp\/v2\/pages\/5858"}],"collection":[{"href":"https:\/\/elektrosystemy.pl\/index.php?rest_route=\/wp\/v2\/pages"}],"about":[{"href":"https:\/\/elektrosystemy.pl\/index.php?rest_route=\/wp\/v2\/types\/page"}],"author":[{"embeddable":true,"href":"https:\/\/elektrosystemy.pl\/index.php?rest_route=\/wp\/v2\/users\/3"}],"replies":[{"embeddable":true,"href":"https:\/\/elektrosystemy.pl\/index.php?rest_route=%2Fwp%2Fv2%2Fcomments&post=5858"}],"version-history":[{"count":9,"href":"https:\/\/elektrosystemy.pl\/index.php?rest_route=\/wp\/v2\/pages\/5858\/revisions"}],"predecessor-version":[{"id":8340,"href":"https:\/\/elektrosystemy.pl\/index.php?rest_route=\/wp\/v2\/pages\/5858\/revisions\/8340"}],"up":[{"embeddable":true,"href":"https:\/\/elektrosystemy.pl\/index.php?rest_route=\/wp\/v2\/pages\/5810"}],"wp:attachment":[{"href":"https:\/\/elektrosystemy.pl\/index.php?rest_route=%2Fwp%2Fv2%2Fmedia&parent=5858"}],"curies":[{"name":"wp","href":"https:\/\/api.w.org\/{rel}","templated":true}]}}