{"id":5862,"date":"2013-07-01T16:45:58","date_gmt":"2013-07-01T15:45:58","guid":{"rendered":"http:\/\/www.wp.elektrosystemy.pl\/?page_id=5862"},"modified":"2015-08-14T22:34:50","modified_gmt":"2015-08-14T21:34:50","slug":"lipiec-2013","status":"publish","type":"page","link":"https:\/\/elektrosystemy.pl\/?page_id=5862","title":{"rendered":"Lipiec 2013"},"content":{"rendered":"<p><a href=\"http:\/\/www.wp.elektrosystemy.pl\/wp-content\/uploads\/2015\/02\/09\/lipiec-2013\/ES_2013_07_spis.jpg\"><img loading=\"lazy\" class=\"alignnone wp-image-5901\" src=\"http:\/\/www.wp.elektrosystemy.pl\/wp-content\/uploads\/2015\/02\/09\/lipiec-2013\/ES_2013_07_spis.jpg\" alt=\"\" width=\"700\" height=\"504\" srcset=\"https:\/\/elektrosystemy.pl\/wp-content\/uploads\/2015\/02\/09\/lipiec-2013\/ES_2013_07_spis.jpg 2457w, https:\/\/elektrosystemy.pl\/wp-content\/uploads\/2015\/02\/09\/lipiec-2013\/ES_2013_07_spis-600x432.jpg 600w, https:\/\/elektrosystemy.pl\/wp-content\/uploads\/2015\/02\/09\/lipiec-2013\/ES_2013_07_spis-300x216.jpg 300w, https:\/\/elektrosystemy.pl\/wp-content\/uploads\/2015\/02\/09\/lipiec-2013\/ES_2013_07_spis-1024x738.jpg 1024w\" sizes=\"(max-width: 700px) 100vw, 700px\" \/><\/a><\/p>\n<p style=\"text-align: center;\"><a href=\"http:\/\/www.wp.elektrosystemy.pl\/wp-content\/uploads\/2015\/02\/09\/lipiec-2013\/OkladkaES_07_2013.jpg\"><img loading=\"lazy\" class=\"  alignleft wp-image-5951 size-medium\" src=\"http:\/\/www.wp.elektrosystemy.pl\/wp-content\/uploads\/2015\/02\/09\/lipiec-2013\/OkladkaES_07_2013-208x300.jpg\" alt=\"\" width=\"208\" height=\"300\" srcset=\"https:\/\/elektrosystemy.pl\/wp-content\/uploads\/2015\/02\/09\/lipiec-2013\/OkladkaES_07_2013-208x300.jpg 208w, https:\/\/elektrosystemy.pl\/wp-content\/uploads\/2015\/02\/09\/lipiec-2013\/OkladkaES_07_2013.jpg 500w\" sizes=\"(max-width: 208px) 100vw, 208px\" \/><\/a><\/p>\n<p><span style=\"font-size: 12pt;\"><span style=\"color: #ffffff; background-color: #ff0000;\"><strong>\u00a0AKTUALNO\u015aCI <\/strong><\/span><br \/>\n<strong>14<\/strong> <strong>Indeks koniunktury ELEKTROSYSTEM\u00d3W<\/strong><\/span><br \/>\n<span style=\"font-size: 12pt;\"> Symboliczny spadek koniunktury w maju<\/span><br \/>\n<span style=\"font-size: 12pt;\"> <strong>16<\/strong> <strong>Gie\u0142dowy Indeks ELEKTROSYSTEM\u00d3W<\/strong><\/span><br \/>\n<span style=\"font-size: 12pt;\"> Indeks sp\u00f3\u0142ek z bran\u017cy wystrzeli\u0142 w g\u00f3r\u0119 o 6,4%<\/span><br \/>\n<span style=\"font-size: 12pt;\"> <strong>18<\/strong> Produkcja wybranych artyku\u0142\u00f3w elektrotechnicznych \u2013 IV 2013<\/span><br \/>\n<span style=\"font-size: 12pt;\"> <strong>19<\/strong> Tele-Fonika podpisa\u0142a umow\u0119 z FEGIME Europe<\/span><br \/>\n<span style=\"font-size: 12pt;\"> <strong>20<\/strong> Bosch Rexroth notuje rekordowe przychody<\/span><br \/>\n<span style=\"font-size: 12pt;\"> <strong>21<\/strong> IBT wprowadza do Polski mikroturbiny Capstone<\/span><br \/>\n<span style=\"font-size: 12pt;\"> <strong>24<\/strong> Siemens wykona projekt \u201eSystem ITS Pozna\u0144\u201d<\/span><br \/>\n<span style=\"font-size: 12pt;\"> <strong>24<\/strong> Schneider Electric g\u0142\u00f3wnym dostawc\u0105 falownik\u00f3w PV<\/span><br \/>\n<span style=\"font-size: 12pt;\"> <strong>25<\/strong> Hala IT w Data Center IBM powsta\u0142a w systemie Rittal<\/span><br \/>\n<span style=\"font-size: 12pt;\"> <strong>25<\/strong> W Po\u0142a\u0144cu oficjalnie otwarto Zielony Blok<\/span><br \/>\n<span style=\"font-size: 12pt;\"> <strong>26<\/strong> Philips i Skanska testowa\u0142y sprawno\u015b\u0107 LED w biurach<\/span><br \/>\n<span style=\"font-size: 12pt;\"> <strong>26<\/strong> Dorbud zbuduje centrum badawcze OZE<\/span><br \/>\n<span style=\"font-size: 12pt;\"> <strong>27<\/strong> Contrast przebuduje stacje za 25,6 mln z\u0142<\/span><br \/>\n<span style=\"font-size: 12pt;\"> <strong>27<\/strong> Alstom Grid wykona rozdzielnice w SE Kopanina<\/span><br \/>\n<span style=\"font-size: 12pt;\"> <strong>28<\/strong> Tar Heel Capital naby\u0142 \u00a060% udzia\u0142\u00f3w w Rockfin<\/span><br \/>\n<span style=\"font-size: 12pt;\"> <strong>28<\/strong> ABB podpisa\u0142o umow\u0119 na serwis prewencyjny<\/span><\/p>\n<p><span style=\"font-size: 12pt;\"><strong><span style=\"background-color: #ff0000; color: #ffffff;\">\u00a0ELEKTROPRODUKT\u00a02013\u00a0<\/span><\/strong><\/span><br \/>\n<span style=\"font-size: 12pt;\"> <strong>30<\/strong> <strong>ELEKTROPRODUKT 2013 roku: <\/strong>lista zg\u0142oszonych produkt\u00f3w<\/span><\/p>\n<p><span style=\"font-size: 12pt;\"><span style=\"background-color: #33cccc;\"><strong>\u00a0<span style=\"color: #ffffff;\">AUTOMATYKA\u00a0<\/span><br \/>\n<\/strong><\/span><strong>50<\/strong> Programowalny przeka\u017anik czasowy MPC-TPA-U240-208 \u2013 wykorzystanie praktyczne<\/span><\/p>\n<p><span style=\"font-size: 12pt;\"><span style=\"color: #ffffff; background-color: #339966;\"><strong>\u00a0OSPRZ\u0118T INSTALACYJNY<br \/>\n<\/strong><\/span><strong>54<\/strong> Puszki wielopolowe Multiwall firmy Simet<\/span><br \/>\n<span style=\"font-size: 12pt;\"> <strong>57<\/strong> Seria klimatyzator\u00f3w Rittal TopTherm z certyfikatem TUV<\/span><br \/>\n<span style=\"font-size: 12pt;\"> <strong>58<\/strong> Osprz\u0119t natynkowy Forix IP20 i IP44 firmy Legrand<\/span><br \/>\n<span style=\"font-size: 12pt;\"> <strong>60<\/strong> Osprz\u0119t elektroinstalacyjny firmy Vimar w ofercie Astat<\/span><br \/>\n<span style=\"font-size: 12pt;\"> <strong>62<\/strong> Z\u0142\u0105czki gwintowe jednotorowe ZUG firmy Pok\u00f3j<\/span><\/p>\n<p><span style=\"font-size: 12pt;\"><strong><span style=\"font-weight: bold; background-color: #f47a63;\"><span style=\"color: #ffffff;\">\u00a0OCHRONA PRZECIWPRZEPI\u0118CIOWA <\/span><br \/>\n<\/span>64<\/strong> Budownictwo mieszkaniowe \u2013 dob\u00f3r ogranicznik\u00f3w firmy Eaton<\/span><\/p>\n<p><span style=\"font-size: 12pt;\"><strong><span style=\"background-color: #ff6600;\">\u00a0<span style=\"color: #ffffff;\"> MIERNICTWO\u00a0<\/span><\/span><\/strong><\/span><br \/>\n<span style=\"font-size: 12pt;\"> <strong> 67<\/strong> Zestaw bezprzewodowych przyrz\u0105d\u00f3w Fluke CNX z kamer\u0105 termowizyjn\u0105<\/span><\/p>\n<p><span style=\"font-size: 12pt;\"><strong><span style=\"font-weight: bold; background-color: #990066;\"><span style=\"color: #ffffff;\">\u00a0ROZDZIA\u0141 ENERGII\u00a0<\/span><\/span><\/strong><\/span><br \/>\n<span style=\"font-size: 12pt;\"> <strong> 70<\/strong> Zautomatyzowana rozdzielnica Xiria ze sterownikiem (RTU)<\/span><br \/>\n<span style=\"font-size: 12pt;\"> <strong> 74<\/strong> Rozdzielnica typu Okken firmy Schneider Electric<\/span><\/p>\n<p><span style=\"font-size: 12pt;\"><span style=\"color: #ffffff; background-color: #993300;\"><strong>\u00a0APARATY ZABEZPIECZAJ\u0104CE <\/strong><\/span><br \/>\n<strong>76<\/strong> Nowe podstawki bezpiecznikowe Rittal<\/span><br \/>\n<span style=\"font-size: 12pt;\"> <strong>78<\/strong> Wy\u0142\u0105czniki i roz\u0142\u0105czniki kompaktowe Ex9M.. Noark Electric<\/span><\/p>\n<p><span style=\"font-size: 12pt;\"><strong><span style=\"font-weight: bold; background-color: #034ea2;\"><span style=\"color: #ffffff;\">\u00a0OPROGRAMOWANIE\u00a0<\/span><\/span><\/strong><\/span><br \/>\n<span style=\"font-size: 12pt;\"> <strong> 82<\/strong> Klasyfikacja ETIM \u2013 wsp\u00f3\u0142dzia\u0142anie Megacennika i aplikacji ETIM-Mapper<\/span><\/p>\n<p><span style=\"font-size: 12pt;\"><span style=\"color: #ffffff; background-color: #cc3333;\"><strong>\u00a0KABLE I PRZEWODY <\/strong><\/span><br \/>\n<strong>84<\/strong> Nowe przewody Servo do aplikacji ruchomych w ofercie Lapp Kabel<\/span><br \/>\n<span style=\"font-size: 12pt;\"> <strong>86<\/strong> Osprz\u0119t kablowy WN firmy 3M<\/span><\/p>\n<p><span style=\"font-size: 12pt;\"><strong><span style=\"color: #ffffff; background-color: #996699;\">\u00a0PRZETARGI I INWESTYCJE <\/span><br \/>\n<\/strong><strong>94<\/strong>\u00a0Planowane inwestycje<\/span><br \/>\n<span style=\"font-size: 12pt;\"> <strong>98<\/strong>\u00a0Przetargi w bran\u017cy elektrotechnicznej i energetycznej<\/span><\/p>\n<p><span style=\"font-size: 12pt;\"><strong><span style=\"background-color: #ff0000; color: #ffffff;\">\u00a0WYDARZENIA <\/span><br \/>\n107<\/strong>\u00a0Relacje z targ\u00f3w, wydarze\u0144, spotka\u0144 bran\u017cowych<\/span><\/p>\n<p style=\"text-align: left;\"><span style=\"font-size: 12pt;\"><strong>Dodatek:\u00a0&#8220;OSPRZ\u0118T INSTALACYJNY&#8221;<\/strong><\/span><\/p>\n<p><span style=\"font-size: 12pt;\"><a href=\"http:\/\/www.wp.elektrosystemy.pl\/wp-content\/uploads\/2015\/02\/09\/lipiec-2013\/Dod_07_2013_oklad.jpg\"><img loading=\"lazy\" class=\"alignleft wp-image-5952 size-medium\" src=\"http:\/\/www.wp.elektrosystemy.pl\/wp-content\/uploads\/2015\/02\/09\/lipiec-2013\/Dod_07_2013_oklad-200x300.jpg\" alt=\"\" width=\"200\" height=\"300\" srcset=\"https:\/\/elektrosystemy.pl\/wp-content\/uploads\/2015\/02\/09\/lipiec-2013\/Dod_07_2013_oklad-200x300.jpg 200w, https:\/\/elektrosystemy.pl\/wp-content\/uploads\/2015\/02\/09\/lipiec-2013\/Dod_07_2013_oklad.jpg 500w\" sizes=\"(max-width: 200px) 100vw, 200px\" \/><\/a><\/span><\/p>\n<p class=\"line220\"><span style=\"font-size: 12pt;\"><strong style=\"font-size: 12pt;\">4<\/strong>\u00a0Cena nie jest najwa\u017cniejszym kryterium wyboru osprz\u0119tu<\/span><br \/>\n<span style=\"font-size: 12pt;\"> <b>16<\/b>\u00a0Puszki elektroinstalacyjne<\/span><br \/>\n<span style=\"font-size: 12pt;\"> <strong>18<\/strong>\u00a0Puszki elektroinstalacyjne do instalacji przemys\u0142owych \u2013 przegl\u0105d oferty rynkowej<\/span><br \/>\n<span style=\"font-size: 12pt;\"> <strong>24<\/strong>\u00a0Rozdzielnice nn i ich obudowy<\/span><br \/>\n<span style=\"font-size: 12pt;\"> <strong>30<\/strong>\u00a0Obudowy rozdzielnic nn \u2013 przegl\u0105d oferty rynkowej <\/span><\/p>\n","protected":false},"excerpt":{"rendered":"<p>\u00a0AKTUALNO\u015aCI 14 Indeks koniunktury ELEKTROSYSTEM\u00d3W Symboliczny spadek koniunktury w maju 16 Gie\u0142dowy Indeks ELEKTROSYSTEM\u00d3W Indeks sp\u00f3\u0142ek z bran\u017cy wystrzeli\u0142 w g\u00f3r\u0119 o 6,4% 18 Produkcja wybranych artyku\u0142\u00f3w elektrotechnicznych \u2013 IV 2013 19 Tele-Fonika podpisa\u0142a umow\u0119 z FEGIME Europe 20 Bosch Rexroth notuje rekordowe przychody 21 IBT wprowadza do Polski mikroturbiny Capstone 24 Siemens wykona projekt&hellip;<\/p>\n","protected":false},"author":3,"featured_media":0,"parent":5810,"menu_order":7,"comment_status":"closed","ping_status":"closed","template":"","meta":[],"_links":{"self":[{"href":"https:\/\/elektrosystemy.pl\/index.php?rest_route=\/wp\/v2\/pages\/5862"}],"collection":[{"href":"https:\/\/elektrosystemy.pl\/index.php?rest_route=\/wp\/v2\/pages"}],"about":[{"href":"https:\/\/elektrosystemy.pl\/index.php?rest_route=\/wp\/v2\/types\/page"}],"author":[{"embeddable":true,"href":"https:\/\/elektrosystemy.pl\/index.php?rest_route=\/wp\/v2\/users\/3"}],"replies":[{"embeddable":true,"href":"https:\/\/elektrosystemy.pl\/index.php?rest_route=%2Fwp%2Fv2%2Fcomments&post=5862"}],"version-history":[{"count":13,"href":"https:\/\/elektrosystemy.pl\/index.php?rest_route=\/wp\/v2\/pages\/5862\/revisions"}],"predecessor-version":[{"id":8363,"href":"https:\/\/elektrosystemy.pl\/index.php?rest_route=\/wp\/v2\/pages\/5862\/revisions\/8363"}],"up":[{"embeddable":true,"href":"https:\/\/elektrosystemy.pl\/index.php?rest_route=\/wp\/v2\/pages\/5810"}],"wp:attachment":[{"href":"https:\/\/elektrosystemy.pl\/index.php?rest_route=%2Fwp%2Fv2%2Fmedia&parent=5862"}],"curies":[{"name":"wp","href":"https:\/\/api.w.org\/{rel}","templated":true}]}}