{"id":5866,"date":"2013-09-01T16:47:22","date_gmt":"2013-09-01T15:47:22","guid":{"rendered":"http:\/\/www.wp.elektrosystemy.pl\/?page_id=5866"},"modified":"2015-08-14T22:34:06","modified_gmt":"2015-08-14T21:34:06","slug":"wrzesien-2013","status":"publish","type":"page","link":"https:\/\/elektrosystemy.pl\/?page_id=5866","title":{"rendered":"Wrzesie\u0144 2013"},"content":{"rendered":"<p><a href=\"http:\/\/www.wp.elektrosystemy.pl\/wp-content\/uploads\/2015\/02\/09\/wrzesien-2013\/ES_2013_09_spis.jpg\"><img loading=\"lazy\" class=\"alignnone wp-image-5897\" src=\"http:\/\/www.wp.elektrosystemy.pl\/wp-content\/uploads\/2015\/02\/09\/wrzesien-2013\/ES_2013_09_spis.jpg\" alt=\"\" width=\"700\" height=\"504\" srcset=\"https:\/\/elektrosystemy.pl\/wp-content\/uploads\/2015\/02\/09\/wrzesien-2013\/ES_2013_09_spis.jpg 2457w, https:\/\/elektrosystemy.pl\/wp-content\/uploads\/2015\/02\/09\/wrzesien-2013\/ES_2013_09_spis-600x432.jpg 600w, https:\/\/elektrosystemy.pl\/wp-content\/uploads\/2015\/02\/09\/wrzesien-2013\/ES_2013_09_spis-300x216.jpg 300w, https:\/\/elektrosystemy.pl\/wp-content\/uploads\/2015\/02\/09\/wrzesien-2013\/ES_2013_09_spis-1024x738.jpg 1024w\" sizes=\"(max-width: 700px) 100vw, 700px\" \/><\/a><a href=\"http:\/\/www.wp.elektrosystemy.pl\/wp-content\/uploads\/2015\/01\/07\/pazdziernik-2014\/ES_10_2014.jpg\"><br \/>\n<\/a><\/p>\n<p style=\"text-align: center;\"><a href=\"http:\/\/www.wp.elektrosystemy.pl\/wp-content\/uploads\/2015\/02\/09\/wrzesien-2013\/OkladkaES_09_2013.jpg\"><img loading=\"lazy\" class=\"alignleft wp-image-5962 size-medium\" src=\"http:\/\/www.wp.elektrosystemy.pl\/wp-content\/uploads\/2015\/02\/09\/wrzesien-2013\/OkladkaES_09_2013-209x300.jpg\" alt=\"\" width=\"209\" height=\"300\" srcset=\"https:\/\/elektrosystemy.pl\/wp-content\/uploads\/2015\/02\/09\/wrzesien-2013\/OkladkaES_09_2013-209x300.jpg 209w, https:\/\/elektrosystemy.pl\/wp-content\/uploads\/2015\/02\/09\/wrzesien-2013\/OkladkaES_09_2013.jpg 500w\" sizes=\"(max-width: 209px) 100vw, 209px\" \/><\/a><\/p>\n<p class=\"line220\"><span style=\"font-size: 12pt;\"><span style=\"color: #ffffff; background-color: #ff0000;\"><strong>\u00a0AKTUALNO\u015aCI\u00a0<\/strong><\/span><span style=\"text-decoration: underline; color: #ffffff; background-color: #ff0000;\"><em><strong><br \/>\n<\/strong><\/em><\/span><strong>28 <\/strong><strong>Indeks koniunktury ELEKTROSYSTEM\u00d3W<\/strong><\/span><br \/>\n<span style=\"font-size: 12pt;\"> Wszystkie indeksy zanotowa\u0142y du\u017ce wzrosty<\/span><br \/>\n<span style=\"font-size: 12pt;\"> <strong>30<\/strong> <strong>Gie\u0142dowy Indeks ELEKTROSYSTEM\u00d3W<\/strong><\/span><br \/>\n<span style=\"font-size: 12pt;\"> Sp\u00f3\u0142ki z bran\u017cy uros\u0142y a\u017c o 9,4%<\/span><br \/>\n<span style=\"font-size: 12pt;\"> <strong>32<\/strong> Produkcja wybranych artyku\u0142\u00f3w elektrotechnicznych \u2013 VI 2013<\/span><br \/>\n<span style=\"font-size: 12pt;\"> <strong>34<\/strong> SB-Electric rozpoczyna dzia\u0142alno\u015b\u0107 na rynku<\/span><br \/>\n<span style=\"font-size: 12pt;\"> <strong>35<\/strong> APS Energia zadebiutowa\u0142a na gie\u0142dzie<\/span><br \/>\n<span style=\"font-size: 12pt;\"> <strong>36<\/strong> Nowa France przenosi siedzib\u0119<\/span><br \/>\n<span style=\"font-size: 12pt;\"> <strong>38<\/strong> Energomonta\u017c-Po\u0142udnie jest coraz bli\u017cej likwidacji<\/span><br \/>\n<span style=\"font-size: 12pt;\"> <strong>39<\/strong> Amber Energia rozpoczyna budow\u0119 elektrowni PV<\/span><br \/>\n<span style=\"font-size: 12pt;\"> <strong>40<\/strong> ETIM Polska pracuje nad usprawnieniem systemu<\/span><br \/>\n<span style=\"font-size: 12pt;\"> <strong>42<\/strong>\u00a0<strong>Sonda ELEKTROSYSTEM\u00d3W:<\/strong> Polski przemys\u0142 potrzebuje inwestycji w robotyzacj\u0119<\/span><br \/>\n<span style=\"font-size: 12pt;\"> <strong>46<\/strong> SSI i Agis negocjuj\u0105 warunki wsp\u00f3\u0142pracy<\/span><br \/>\n<span style=\"font-size: 12pt;\"> <strong>46<\/strong> PSE, RWE i PGE zacie\u015bniaj\u0105 wsp\u00f3\u0142prac\u0119<\/span><br \/>\n<span style=\"font-size: 12pt;\"> <strong>48<\/strong> Hummel rozwija ofert\u0119 dla przemys\u0142u<\/span><br \/>\n<span style=\"font-size: 12pt;\"> <strong>48<\/strong> Elektromont zwi\u0119ksza \u00a0obroty i podwaja zysk<\/span><br \/>\n<span style=\"font-size: 12pt;\"> <strong>49<\/strong> Eaton buduje zaplecze badawcze w Czechach&#8230;<\/span><br \/>\n<span style=\"font-size: 12pt;\"> <strong>49<\/strong> &#8230;i wykona system \u00a0zasilania dla firmy Previder<\/span><br \/>\n<span style=\"font-size: 12pt;\"> <strong>50<\/strong> Energa i PGE przej\u0119\u0142y farmy wiatrowe Iberdroli<\/span><br \/>\n<span style=\"font-size: 12pt;\"> <strong>50<\/strong> ABB zako\u0144czy\u0142o przej\u0119cie Power-One<\/span><\/p>\n<p><span style=\"font-size: 12pt;\"><span style=\"background-color: #33cccc;\"><strong>\u00a0<span style=\"color: #ffffff;\"> AUTOMATYKA <\/span><\/strong><\/span><br \/>\n<strong>52<\/strong> Nowe przeka\u017aniki R2N, R3N, R4N firmy Relpol<\/span><br \/>\n<span style=\"font-size: 12pt;\"> <strong>54<\/strong> Inklinometry w ofercie Wobit<\/span><\/p>\n<p><span style=\"font-size: 12pt;\"><span style=\"color: #ffffff; background-color: #339966;\"><strong>\u00a0OSPRZ\u0118T INSTALACYJNY <\/strong><\/span><br \/>\n<strong>56<\/strong> Konstrukcje PUK-Solarline dla modu\u0142\u00f3w fotowoltaicznych<\/span><br \/>\n<span style=\"font-size: 12pt;\"> <strong>60<\/strong> Rozdzielnice instalacyjne Enystar do 250 A firmy Hensel<\/span><br \/>\n<span style=\"font-size: 12pt;\"> <strong>63<\/strong> Osprz\u0119t \u0142\u0105czeniowy firmy Elektro<\/span><br \/>\n<span style=\"font-size: 12pt;\"> <strong>66<\/strong> Klimatyzatory Blue e 66 w SHW Werkzeugmaschinen<\/span><br \/>\n<span style=\"font-size: 12pt;\"> <strong>68<\/strong> Systemy uszczelnie\u0144 Filoform<\/span><br \/>\n<span style=\"font-size: 12pt;\"> <strong>70<\/strong> Osprz\u0119t Delta Iris i Delta Mega firmy Siemens<\/span><\/p>\n<p><span style=\"font-size: 12pt;\"><strong><span style=\"font-weight: bold; background-color: #f47a63;\"><span style=\"color: #ffffff;\">\u00a0OCHRONA PRZECIWPRZEPI\u0118CIOWA\u00a0<\/span><\/span><br \/>\n74<\/strong> Po\u0142\u0105czenia elektryczne w systemach PV \u2013 oferta firmy ASE<\/span><br \/>\n<span style=\"font-size: 12pt;\"> <strong>76<\/strong> Zastosowanie zwod\u00f3w podwy\u017cszonych \u2013 wspornik DEHNiso-DLH<\/span><br \/>\n<span style=\"font-size: 12pt;\"> <strong>80<\/strong> Ochrona przeciwprzepi\u0119ciowa urz\u0105dze\u0144 domowych \u2013 rozwi\u0105zania Phoenix Contact<\/span><br \/>\n<span style=\"font-size: 12pt;\"> <strong>84<\/strong> Ochrona przeciwprzepi\u0119ciowa system\u00f3w fotowoltaicznych \u2013 ograniczniki firmy Saltek<\/span><\/p>\n<p><span style=\"font-size: 12pt;\"><strong><span style=\"font-weight: bold; background-color: #990066;\"><span style=\"color: #ffffff;\">\u00a0ROZDZIA\u0141 ENERGII\u00a0<\/span><\/span><\/strong><\/span><br \/>\n<span style=\"font-size: 12pt;\"> <strong> 88<\/strong> TwinLine \u2013 na\u015bcienne i wolnostoj\u0105ce szafy rozdzielcze ABB <\/span><br \/>\n<span style=\"font-size: 12pt;\"> <strong> 92<\/strong> Automatyzacja proces\u00f3w utrzymania ci\u0105g\u0142o\u015bci pracy sieci \u2013 rozwi\u0105zania ZPUE <\/span><br \/>\n<span style=\"font-size: 12pt;\"> <strong> 100<\/strong> Zabezpieczenia Micrologic E firmy Schneider Electric<\/span><\/p>\n<p><span style=\"color: #ffffff; font-size: 12pt;\"><strong><span style=\"background-color: #ea802c;\">\u00a0APARATURA \u0141\u0104CZENIOWA\u00a0<\/span><\/strong><\/span><br \/>\n<span style=\"font-size: 12pt;\"> <strong> 102<\/strong> Modu\u0142owe roz\u0142\u0105czniki izolacyjne LAS 16A \u2013 160A<\/span><\/p>\n<p><span style=\"font-size: 12pt;\"><strong><span style=\"color: #ffffff; background-color: #cc0066;\">\u00a0NAP\u0118DY I STEROWANIA\u00a0<\/span>\u00a0<\/strong><\/span><br \/>\n<span style=\"font-size: 12pt;\"> <strong> 104<\/strong> System SEW-Eurodrive: CDM \u2013 Zarz\u0105dzanie konserwacj\u0105<\/span><\/p>\n<p><span style=\"font-size: 12pt;\"><span style=\"color: #ffffff; background-color: #993300;\"><strong>\u00a0APARATY ZABEZPIECZAJ\u0104CE\u00a0<\/strong><\/span><br \/>\n<strong>106<\/strong> Wy\u0142\u0105czniki i roz\u0142\u0105czniki Noark Electric dla instalacji PV<\/span><\/p>\n<p><span style=\"font-size: 12pt;\"><strong><span style=\"font-weight: bold; background-color: #034ea2;\"><span style=\"color: #ffffff;\">OPROGRAMOWANIE\u00a0<\/span><\/span><\/strong><\/span><br \/>\n<span style=\"font-size: 12pt;\"> <strong> 110<\/strong> Program Simaris Project 3.0 firmy Siemens<\/span><\/p>\n<p><span style=\"font-size: 12pt;\"><span style=\"color: #ffffff; background-color: #cc3333;\"><strong>\u00a0KABLE I PRZEWODY <\/strong><\/span><br \/>\n<strong>114<\/strong> Przewody elektroenergetyczne do zastosowa\u0144 szczeg\u00f3lnych firmy Manex<\/span><br \/>\n<span style=\"font-size: 12pt;\"> <strong>118<\/strong> Systemy prowadzenia kabli firmy Kopos<\/span><br \/>\n<span style=\"font-size: 12pt;\"> <strong>120<\/strong> Przewody i kable bezhalogenowe Toxfree ZH firmy Top Cable<\/span><br \/>\n<span style=\"font-size: 12pt;\"> <strong>124<\/strong> Produkty Lapp Kabel w Cementowni \u201eOdra\u201d w Opolu<\/span><br \/>\n<span style=\"font-size: 12pt;\"> <strong>129<\/strong> \u0141\u0105czenie i zaka\u0144czanie przewod\u00f3w miedzianych 129 \u2013 produkty Radpol<\/span><br \/>\n<span style=\"font-size: 12pt;\"> <strong>132<\/strong> Kable firmy Bitner do przemys\u0142owej transmisji danych<\/span><br \/>\n<span style=\"font-size: 12pt;\"> <strong>134<\/strong> \u015arubowe \u0142\u0105czniki kablowe firmy Hummel<\/span><\/p>\n<p><span style=\"font-size: 12pt;\"><span style=\"color: #ffffff; background-color: #007dc5;\"><strong>\u00a0ZASILANIE\u00a0<\/strong><\/span><br \/>\n<strong>138<\/strong> Akumulatory Europower \u2013 eksploatacja i recykling<\/span><\/p>\n<p><span style=\"font-size: 12pt;\"><strong><span style=\"color: #ffffff; background-color: #ffcc66;\">\u00a0TECHNIKA \u015aWIETLNA\u00a0<\/span><br \/>\n<\/strong><strong>141<\/strong> Czujniki ruchu i obecno\u015bci firmy Zublin Elektro<\/span><br \/>\n<span style=\"font-size: 12pt;\"> <strong>144<\/strong> \u015aciemnialne lampy LED firmy Ecoenergy<\/span><br \/>\n<span style=\"font-size: 12pt;\"> <strong>146<\/strong> Oprawy firmy Pawbol \u00a0z tworzyw sztucznych<\/span><br \/>\n<span style=\"font-size: 12pt;\"> <strong>148<\/strong> Nowy katalog opraw firmy ATM Lighting<\/span><br \/>\n<span style=\"font-size: 12pt;\"> <strong>150<\/strong> Oprawy Ledix z funkcj\u0105 podtrzymania akumulatorowego<\/span><\/p>\n<p><span style=\"font-size: 12pt;\"><strong><span style=\"font-weight: bold; background-color: #004a80;\"><span style=\"color: #ffffff;\">\u00a0NARZ\u0118DZIA\u00a0<\/span><\/span><\/strong><\/span><br \/>\n<span style=\"font-size: 12pt;\"> <strong> 152<\/strong> Bezmatrycowe narz\u0119dzia hydrauliczne Ergom <\/span><br \/>\n<span style=\"font-size: 12pt;\"> <strong> 156<\/strong> Nowe narz\u0119dzia firmy Erko<\/span><\/p>\n<p><span style=\"font-size: 12pt;\"><strong><span style=\"background-color: #7db2b0; color: #ffffff;\">\u00a0NORMY I PRZEPISY\u00a0<\/span><\/strong><\/span><br \/>\n<span style=\"font-size: 12pt;\"> <strong> 158<\/strong> Bezpiecze\u0144stwo i higiena pracy przy urz\u0105dzeniach energetycznych<\/span><\/p>\n<p><span style=\"font-size: 12pt;\"><strong><span style=\"background-color: #ff6600;\">\u00a0<span style=\"color: #ffffff;\">MIERNICTWO\u00a0<\/span><\/span><\/strong><\/span><br \/>\n<span style=\"font-size: 12pt;\"> <strong> 160<\/strong> Tablicowe mierniki cyfrowe \u00a0serii NEF30MC<\/span><\/p>\n<p><span style=\"font-size: 12pt;\"><strong><span style=\"color: #ffffff; background-color: #de6328;\">\u00a0ENERGETYKA\u00a0<\/span><\/strong><\/span><br \/>\n<span style=\"font-size: 12pt;\"> <strong> 163<\/strong> S\u0142upy pe\u0142no\u015bcienne WN \u2013 ochrona \u015brodowiska przed polem elektromagnetycznym <\/span><br \/>\n<span style=\"font-size: 12pt;\"> \u00a0<\/span><br \/>\n<span style=\"font-size: 12pt;\"> <strong><span style=\"color: #ffffff; background-color: #996699;\">\u00a0PRZETARGI I INWESTYCJE <\/span><\/strong><br \/>\n<strong>169\u00a0<\/strong>Planowane inwestycje<\/span><br \/>\n<span style=\"font-size: 12pt;\"> <strong>174\u00a0<\/strong>Przetargi w bran\u017cy elektrotechnicznej i energetycznej<\/span><\/p>\n<p><span style=\"font-size: 12pt;\">\u00a0<\/span><\/p>\n","protected":false},"excerpt":{"rendered":"<p>\u00a0AKTUALNO\u015aCI\u00a0 28 Indeks koniunktury ELEKTROSYSTEM\u00d3W Wszystkie indeksy zanotowa\u0142y du\u017ce wzrosty 30 Gie\u0142dowy Indeks ELEKTROSYSTEM\u00d3W Sp\u00f3\u0142ki z bran\u017cy uros\u0142y a\u017c o 9,4% 32 Produkcja wybranych artyku\u0142\u00f3w elektrotechnicznych \u2013 VI 2013 34 SB-Electric rozpoczyna dzia\u0142alno\u015b\u0107 na rynku 35 APS Energia zadebiutowa\u0142a na gie\u0142dzie 36 Nowa France przenosi siedzib\u0119 38 Energomonta\u017c-Po\u0142udnie jest coraz bli\u017cej likwidacji 39 Amber Energia&hellip;<\/p>\n","protected":false},"author":3,"featured_media":0,"parent":5810,"menu_order":9,"comment_status":"closed","ping_status":"closed","template":"","meta":[],"_links":{"self":[{"href":"https:\/\/elektrosystemy.pl\/index.php?rest_route=\/wp\/v2\/pages\/5866"}],"collection":[{"href":"https:\/\/elektrosystemy.pl\/index.php?rest_route=\/wp\/v2\/pages"}],"about":[{"href":"https:\/\/elektrosystemy.pl\/index.php?rest_route=\/wp\/v2\/types\/page"}],"author":[{"embeddable":true,"href":"https:\/\/elektrosystemy.pl\/index.php?rest_route=\/wp\/v2\/users\/3"}],"replies":[{"embeddable":true,"href":"https:\/\/elektrosystemy.pl\/index.php?rest_route=%2Fwp%2Fv2%2Fcomments&post=5866"}],"version-history":[{"count":14,"href":"https:\/\/elektrosystemy.pl\/index.php?rest_route=\/wp\/v2\/pages\/5866\/revisions"}],"predecessor-version":[{"id":8399,"href":"https:\/\/elektrosystemy.pl\/index.php?rest_route=\/wp\/v2\/pages\/5866\/revisions\/8399"}],"up":[{"embeddable":true,"href":"https:\/\/elektrosystemy.pl\/index.php?rest_route=\/wp\/v2\/pages\/5810"}],"wp:attachment":[{"href":"https:\/\/elektrosystemy.pl\/index.php?rest_route=%2Fwp%2Fv2%2Fmedia&parent=5866"}],"curies":[{"name":"wp","href":"https:\/\/api.w.org\/{rel}","templated":true}]}}