{"id":5868,"date":"2013-10-01T16:48:03","date_gmt":"2013-10-01T15:48:03","guid":{"rendered":"http:\/\/www.wp.elektrosystemy.pl\/?page_id=5868"},"modified":"2015-08-14T22:32:43","modified_gmt":"2015-08-14T21:32:43","slug":"pazdziernik-2013","status":"publish","type":"page","link":"https:\/\/elektrosystemy.pl\/?page_id=5868","title":{"rendered":"Pa\u017adziernik 2013"},"content":{"rendered":"<p><span style=\"font-size: 12pt;\"><a href=\"http:\/\/www.wp.elektrosystemy.pl\/wp-content\/uploads\/2015\/02\/09\/pazdziernik-2013\/ES_2013_10_spis.jpg\"><img loading=\"lazy\" class=\"alignnone wp-image-5893\" src=\"http:\/\/www.wp.elektrosystemy.pl\/wp-content\/uploads\/2015\/02\/09\/pazdziernik-2013\/ES_2013_10_spis.jpg\" alt=\"\" width=\"700\" height=\"504\" srcset=\"https:\/\/elektrosystemy.pl\/wp-content\/uploads\/2015\/02\/09\/pazdziernik-2013\/ES_2013_10_spis.jpg 2457w, https:\/\/elektrosystemy.pl\/wp-content\/uploads\/2015\/02\/09\/pazdziernik-2013\/ES_2013_10_spis-600x432.jpg 600w, https:\/\/elektrosystemy.pl\/wp-content\/uploads\/2015\/02\/09\/pazdziernik-2013\/ES_2013_10_spis-300x216.jpg 300w, https:\/\/elektrosystemy.pl\/wp-content\/uploads\/2015\/02\/09\/pazdziernik-2013\/ES_2013_10_spis-1024x738.jpg 1024w\" sizes=\"(max-width: 700px) 100vw, 700px\" \/><\/a><a href=\"http:\/\/www.wp.elektrosystemy.pl\/wp-content\/uploads\/2015\/01\/07\/copy-of-grudzien-2014\/ES_11_2014.jpg\"><br \/>\n<\/a><\/span><\/p>\n<p><span style=\"font-size: 12pt;\"><a href=\"http:\/\/www.wp.elektrosystemy.pl\/wp-content\/uploads\/2015\/02\/09\/pazdziernik-2013\/OkladkaES_10_2013.jpg\"><img loading=\"lazy\" class=\"alignleft wp-image-5969 size-medium\" src=\"http:\/\/www.wp.elektrosystemy.pl\/wp-content\/uploads\/2015\/02\/09\/pazdziernik-2013\/OkladkaES_10_2013-210x300.jpg\" alt=\"\" width=\"210\" height=\"300\" srcset=\"https:\/\/elektrosystemy.pl\/wp-content\/uploads\/2015\/02\/09\/pazdziernik-2013\/OkladkaES_10_2013-210x300.jpg 210w, https:\/\/elektrosystemy.pl\/wp-content\/uploads\/2015\/02\/09\/pazdziernik-2013\/OkladkaES_10_2013.jpg 500w\" sizes=\"(max-width: 210px) 100vw, 210px\" \/><\/a><\/span><\/p>\n<p class=\"line220\"><span style=\"font-size: 12pt; color: #ffffff; background-color: #ff0000;\"><strong>\u00a0AKTUALNO\u015aCI\u00a0<\/strong><\/span><br \/>\n<span style=\"font-size: 12pt;\"> <strong>18\u00a0Indeks koniunktury ELEKTROSYSTEM\u00d3W<\/strong><\/span><br \/>\n<span style=\"font-size: 12pt;\"> Sierpie\u0144 pod znakiem niewielkiego wzrostu<\/span><br \/>\n<span style=\"font-size: 12pt;\"> <strong>20<\/strong> <strong>Gie\u0142dowy Indeks ELEKTROSYSTEM\u00d3W<\/strong><\/span><br \/>\n<span style=\"font-size: 12pt;\"> Minimalne spadki gie\u0142dowych firm<\/span><br \/>\n<span style=\"font-size: 12pt;\"> <strong>22<\/strong> Produkcja wybranych artyku\u0142\u00f3w elektrotechnicznych \u2013 VII 2013<\/span><br \/>\n<span style=\"font-size: 12pt;\"> <strong>24<\/strong> Przychody Elektrobudowy nie przekrocz\u0105 1 mld z\u0142<\/span><br \/>\n<span style=\"font-size: 12pt;\"> <strong>26<\/strong> Portfel zam\u00f3wie\u0144 Atremu 26 ur\u00f3s\u0142 do 175 mln z\u0142<\/span><br \/>\n<span style=\"font-size: 12pt;\"> <strong>27<\/strong> Polimex stawia 27 na energetyk\u0119<\/span><br \/>\n<span style=\"font-size: 12pt;\"> <strong>28<\/strong> APS Energia nie widzi zagro\u017ce\u0144 dla swoich prognoz<\/span><br \/>\n<span style=\"font-size: 12pt;\"> <strong>29<\/strong> Coraz wi\u0119cej firm wdra\u017ca system zarz\u0105dzania energi\u0105<\/span><br \/>\n<span style=\"font-size: 12pt;\"> <strong>30<\/strong> Grupy energetyczne mia\u0142y 35,2 mld z\u0142 obrot\u00f3w<\/span><br \/>\n<span style=\"font-size: 12pt;\"> <strong>31<\/strong> Areva i EDF wzmacniaj\u0105 wsp\u00f3\u0142prac\u0119 z przemys\u0142em<\/span><br \/>\n<span style=\"font-size: 12pt;\"> <strong>31<\/strong> \u0141\u00f3dzki zak\u0142ad ABB \u00a0dostarczy transformatory<\/span><br \/>\n<span style=\"font-size: 12pt;\"> <strong>32<\/strong> Biurowiec Orange b\u0119dzie zu\u017cywa\u0142 30% mniej energii<\/span><br \/>\n<span style=\"font-size: 12pt;\"> <strong>32<\/strong> PSE dosta\u0142o kolejne \u015brodki na po\u0142\u0105czenie Polska-Litwa<\/span><br \/>\n<span style=\"font-size: 12pt;\"> <strong>33<\/strong> Warszawa zmodernizuje o\u015bwietlenie w formule PPP<\/span><br \/>\n<span style=\"font-size: 12pt;\"> <strong>33<\/strong> Sprzeda\u017c Sonela spad\u0142a o 9,4%<\/span><br \/>\n<span style=\"font-size: 12pt;\"> <strong>34<\/strong> S\u0105d w P\u0142ocku og\u0142osi\u0142 upad\u0142o\u015b\u0107 uk\u0142adow\u0105 Elgo<\/span><br \/>\n<span style=\"font-size: 12pt;\"> <strong>34<\/strong> Kaczmarek Electric \u00a0otwiera kolejne hurtownie<\/span><\/p>\n<p><span style=\"font-size: 12pt;\"><strong><span style=\"background-color: #ff0000; color: #ffffff;\">\u00a0ELEKTROPRODUKT 2013\u00a0<\/span><\/strong><\/span><br \/>\n<span style=\"font-size: 12pt;\"> <strong>36\u00a0ELEKTROPRODUKT 2013 roku: <\/strong><\/span><br \/>\n<span style=\"font-size: 12pt;\"> lista zg\u0142oszonych produkt\u00f3w<\/span><\/p>\n<p><span style=\"font-size: 12pt;\"><strong><span style=\"color: #ffffff; background-color: #ffcc66;\">\u00a0TECHNIKA \u015aWIETLNA\u00a0<\/span>\u00a0<\/strong><\/span><br \/>\n<span style=\"font-size: 12pt;\"> <strong> 56<\/strong> Oprawy ewakuacyjne LED firmy Hybryd<\/span><br \/>\n<span style=\"font-size: 12pt;\"> <strong> 60<\/strong> Zastosowanie ta\u015bm LED we wn\u0119trzach \u2013 produkty EcoEnergy<\/span><br \/>\n<span style=\"font-size: 12pt;\"> <strong> 62<\/strong> Sterowniki o\u015bwietlenia z korekcj\u0105 temperaturow\u0105<\/span><br \/>\n<span style=\"font-size: 12pt;\"> <strong> 64<\/strong> Lampy LED firmy Kanlux w o\u015bwietleniu og\u00f3lnym i dekoracyjnym<\/span><\/p>\n<p><span style=\"color: #ffffff; font-size: 12pt;\"><strong><span style=\"background-color: #ea802c;\">\u00a0APARATURA \u0141\u0104CZENIOWA\u00a0<\/span><\/strong><\/span><br \/>\n<span style=\"font-size: 12pt;\"> <strong> 68<\/strong> Roz\u0142\u0105czniki izolacyjne OT firmy ABB<\/span><\/p>\n<p><span style=\"font-size: 12pt;\"><strong><span style=\"font-weight: bold; background-color: #990066;\"><span style=\"color: #ffffff;\">\u00a0ROZDZIA\u0141 ENERGII\u00a0<\/span><\/span><\/strong><\/span><br \/>\n<span style=\"font-size: 12pt;\"> <strong> 72<\/strong> Szyny zbiorcze Linergy Evolution dla rozdzielnic Prisma Plus<\/span><br \/>\n<span style=\"font-size: 12pt;\"> <strong> 74<\/strong> Rodzina rozdzielnic Xiria firmy Eaton<\/span><\/p>\n<p><span style=\"font-size: 12pt; color: #ffffff; background-color: #cc3333;\"><strong>\u00a0KABLE I PRZEWODY\u00a0<\/strong><\/span><br \/>\n<span style=\"font-size: 12pt;\"> <strong>78<\/strong> Produkty Lapp Kabel w maszynach spo\u017cywczych firmy FDPm<\/span><br \/>\n<span style=\"font-size: 12pt;\"> MR<\/span><br \/>\n<span style=\"font-size: 12pt;\"> <strong>81<\/strong> System monitorowania CMC III firmy Rittal z certyfikatem UL<\/span><\/p>\n<p><span style=\"font-size: 12pt; color: #ffffff; background-color: #b07249;\">\u00a0<strong>OGRZEWANIE ELEKTRYCZNE<\/strong>\u00a0<\/span><br \/>\n<span style=\"font-size: 12pt;\"> <strong> 82<\/strong> Elektryczne systemy antyoblodzeniowe Matec<\/span><\/p>\n<p><span style=\"font-size: 12pt; color: #ffffff; background-color: #f04e63;\"><strong>\u00a0OCHRONA PRZECIWWYBUCHOWA<\/strong> <\/span><br \/>\n<span style=\"font-size: 12pt;\"> <strong> 86<\/strong> Wyroby przeciwwybuchowe firmy Belma<\/span><\/p>\n<p><span style=\"font-size: 12pt;\"><strong><span style=\"color: #ffffff; background-color: #cc0066;\">\u00a0NAP\u0118DY I STEROWNIA\u00a0<\/span><br \/>\n<\/strong><strong>88<\/strong> Sterowniki silnik\u00f3w pr\u0105du sta\u0142ego w ofercie Wobit<\/span><\/p>\n<p><span style=\"font-size: 12pt;\"><strong><span style=\"color: #ffffff; background-color: #996699;\">\u00a0PRZETARGI I INWESTYCJE\u00a0<\/span><\/strong><\/span><\/p>\n<p><span style=\"font-size: 12pt;\"><strong>93\u00a0<\/strong>Planowane inwestycje<\/span><br \/>\n<span style=\"font-size: 12pt;\"> <strong>98\u00a0<\/strong>Przetargi w bran\u017cy elektrotechnicznej i energetycznej<\/span><\/p>\n<p><span style=\"font-size: 12pt;\"><span style=\"text-decoration: underline;\"><span style=\"background-color: #ff0000; color: #ffffff;\"><strong>\u00a0WYDARZENIA <\/strong><br \/>\n<\/span><\/span><strong>106\u00a0<\/strong>Relacje z targ\u00f3w, wydarze\u0144, spotka\u0144 bran\u017cowych<\/span><br \/>\n<span style=\"font-size: 12pt;\"> <strong>Dodatek: &#8220;TECHNIKA \u015aWIETLNA&#8221;<\/strong><\/span><\/p>\n<p><span style=\"font-size: 12pt;\"><a href=\"http:\/\/www.wp.elektrosystemy.pl\/wp-content\/uploads\/2015\/02\/09\/pazdziernik-2013\/Dod_10_2013_okladka.jpg\"><img loading=\"lazy\" class=\"alignleft wp-image-5970 size-medium\" src=\"http:\/\/www.wp.elektrosystemy.pl\/wp-content\/uploads\/2015\/02\/09\/pazdziernik-2013\/Dod_10_2013_okladka-200x300.jpg\" alt=\"\" width=\"200\" height=\"300\" srcset=\"https:\/\/elektrosystemy.pl\/wp-content\/uploads\/2015\/02\/09\/pazdziernik-2013\/Dod_10_2013_okladka-200x300.jpg 200w, https:\/\/elektrosystemy.pl\/wp-content\/uploads\/2015\/02\/09\/pazdziernik-2013\/Dod_10_2013_okladka.jpg 500w\" sizes=\"(max-width: 200px) 100vw, 200px\" \/><\/a><strong>4<\/strong>\u00a0Rynek b\u0119dzie kszta\u0142towa\u0107 technologia LED<\/span><br \/>\n<span style=\"font-size: 12pt;\"> <strong>16<\/strong>\u00a0Sterowanie o\u015bwietleniem drogowym<\/span><br \/>\n<span style=\"font-size: 12pt;\"> <strong>22<\/strong>\u00a0Zasilanie i sterowanie diod \u015bwiec\u0105cych<br \/>\n<strong>28<\/strong>\u00a0Oprawy o\u015bwietlenia awaryjnego (ewakuacyjnego) \u2013 przegl\u0105d oferty rynkowej<br \/>\n<strong>32<\/strong>\u00a0Oprawy o\u015bwietleniowe w wykonaniu przeciwwybuchowym<br \/>\n<strong>38<\/strong>\u00a0S\u0142upy do o\u015bwietlenia drogowego<\/span><\/p>\n<p>&nbsp;<\/p>\n","protected":false},"excerpt":{"rendered":"<p>\u00a0AKTUALNO\u015aCI\u00a0 18\u00a0Indeks koniunktury ELEKTROSYSTEM\u00d3W Sierpie\u0144 pod znakiem niewielkiego wzrostu 20 Gie\u0142dowy Indeks ELEKTROSYSTEM\u00d3W Minimalne spadki gie\u0142dowych firm 22 Produkcja wybranych artyku\u0142\u00f3w elektrotechnicznych \u2013 VII 2013 24 Przychody Elektrobudowy nie przekrocz\u0105 1 mld z\u0142 26 Portfel zam\u00f3wie\u0144 Atremu 26 ur\u00f3s\u0142 do 175 mln z\u0142 27 Polimex stawia 27 na energetyk\u0119 28 APS Energia nie widzi zagro\u017ce\u0144&hellip;<\/p>\n","protected":false},"author":3,"featured_media":0,"parent":5810,"menu_order":10,"comment_status":"closed","ping_status":"closed","template":"","meta":[],"_links":{"self":[{"href":"https:\/\/elektrosystemy.pl\/index.php?rest_route=\/wp\/v2\/pages\/5868"}],"collection":[{"href":"https:\/\/elektrosystemy.pl\/index.php?rest_route=\/wp\/v2\/pages"}],"about":[{"href":"https:\/\/elektrosystemy.pl\/index.php?rest_route=\/wp\/v2\/types\/page"}],"author":[{"embeddable":true,"href":"https:\/\/elektrosystemy.pl\/index.php?rest_route=\/wp\/v2\/users\/3"}],"replies":[{"embeddable":true,"href":"https:\/\/elektrosystemy.pl\/index.php?rest_route=%2Fwp%2Fv2%2Fcomments&post=5868"}],"version-history":[{"count":8,"href":"https:\/\/elektrosystemy.pl\/index.php?rest_route=\/wp\/v2\/pages\/5868\/revisions"}],"predecessor-version":[{"id":8402,"href":"https:\/\/elektrosystemy.pl\/index.php?rest_route=\/wp\/v2\/pages\/5868\/revisions\/8402"}],"up":[{"embeddable":true,"href":"https:\/\/elektrosystemy.pl\/index.php?rest_route=\/wp\/v2\/pages\/5810"}],"wp:attachment":[{"href":"https:\/\/elektrosystemy.pl\/index.php?rest_route=%2Fwp%2Fv2%2Fmedia&parent=5868"}],"curies":[{"name":"wp","href":"https:\/\/api.w.org\/{rel}","templated":true}]}}