{"id":5870,"date":"2013-11-01T16:48:38","date_gmt":"2013-11-01T15:48:38","guid":{"rendered":"http:\/\/www.wp.elektrosystemy.pl\/?page_id=5870"},"modified":"2015-08-14T22:31:39","modified_gmt":"2015-08-14T21:31:39","slug":"listopad-2013","status":"publish","type":"page","link":"https:\/\/elektrosystemy.pl\/?page_id=5870","title":{"rendered":"Listopad 2013"},"content":{"rendered":"<p><a href=\"http:\/\/www.wp.elektrosystemy.pl\/wp-content\/uploads\/2015\/02\/09\/listopad-2013\/ES_2013_11_spis.jpg\"><img loading=\"lazy\" class=\"aligncenter wp-image-5978\" src=\"http:\/\/www.wp.elektrosystemy.pl\/wp-content\/uploads\/2015\/02\/09\/listopad-2013\/ES_2013_11_spis.jpg\" alt=\"ES_2013_11_spis\" width=\"700\" height=\"511\" srcset=\"https:\/\/elektrosystemy.pl\/wp-content\/uploads\/2015\/02\/09\/listopad-2013\/ES_2013_11_spis.jpg 2475w, https:\/\/elektrosystemy.pl\/wp-content\/uploads\/2015\/02\/09\/listopad-2013\/ES_2013_11_spis-600x438.jpg 600w, https:\/\/elektrosystemy.pl\/wp-content\/uploads\/2015\/02\/09\/listopad-2013\/ES_2013_11_spis-300x219.jpg 300w, https:\/\/elektrosystemy.pl\/wp-content\/uploads\/2015\/02\/09\/listopad-2013\/ES_2013_11_spis-1024x748.jpg 1024w\" sizes=\"(max-width: 700px) 100vw, 700px\" \/><\/a><a href=\"http:\/\/www.wp.elektrosystemy.pl\/wp-content\/uploads\/2015\/01\/07\/gstyczen-2015\/ES_12_2014.jpg\"><br \/>\n<\/a><\/p>\n<p><a href=\"http:\/\/www.wp.elektrosystemy.pl\/wp-content\/uploads\/2015\/02\/09\/listopad-2013\/OkladkaES_11_2013.jpg\"><img loading=\"lazy\" class=\"alignleft wp-image-5976 size-medium\" src=\"http:\/\/www.wp.elektrosystemy.pl\/wp-content\/uploads\/2015\/02\/09\/listopad-2013\/OkladkaES_11_2013-210x300.jpg\" alt=\"\" width=\"210\" height=\"300\" srcset=\"https:\/\/elektrosystemy.pl\/wp-content\/uploads\/2015\/02\/09\/listopad-2013\/OkladkaES_11_2013-210x300.jpg 210w, https:\/\/elektrosystemy.pl\/wp-content\/uploads\/2015\/02\/09\/listopad-2013\/OkladkaES_11_2013.jpg 500w\" sizes=\"(max-width: 210px) 100vw, 210px\" \/><\/a><\/p>\n<p class=\"line220\"><span style=\"font-size: 12pt;\"><span style=\"color: #ffffff; background-color: #ff0000;\"><strong>\u00a0AKTUALNO\u015aCI<br \/>\n<\/strong><\/span><strong>18<\/strong>\u00a0Indeks koniunktury ELEKTROSYSTEM\u00d3W<\/span><br \/>\n<span style=\"font-size: 12pt;\"> Znacz\u0105cy wzrost wszystkich wska\u017anik\u00f3w<\/span><br \/>\n<span style=\"font-size: 12pt;\"> <strong>20<\/strong> Gie\u0142dowy Indeks ELEKTROSYSTEM\u00d3W<\/span><br \/>\n<span style=\"font-size: 12pt;\"> Gie\u0142dowe sp\u00f3\u0142ki da\u0142y sporo zarobi\u0107<\/span><br \/>\n<span style=\"font-size: 12pt;\"> <strong>22<\/strong> Produkcja wybranych artyku\u0142\u00f3w elektrotechnicznych \u2013 VIII 2013<\/span><br \/>\n<span style=\"font-size: 12pt;\"> <strong>24<\/strong> Powstaje nowa grupa zakupowa<\/span><br \/>\n<span style=\"font-size: 12pt;\"> <strong>25<\/strong> Klauke otwiera przedstawicielstwo w Polsce<\/span><br \/>\n<span style=\"font-size: 12pt;\"> <strong>26<\/strong> Dalkia zawiera sojusz ze Schneider Electric<\/span><br \/>\n<span style=\"font-size: 12pt;\"> <strong>27<\/strong> Calesco b\u0119dzie oferowa\u0107 samowystarczalne budynki<\/span><br \/>\n<span style=\"font-size: 12pt;\"> <strong>28<\/strong> Rynek generator\u00f3w czeka dalszy rozw\u00f3j<\/span><br \/>\n<span style=\"font-size: 12pt;\"> <strong>29<\/strong> NCBJ koordynuje prace nad kogeneracj\u0105 j\u0105drow\u0105<\/span><br \/>\n<span style=\"font-size: 12pt;\"> <strong>30<\/strong> Organizacje chc\u0105 lepszej kontroli nad ZSEE<\/span><br \/>\n<span style=\"font-size: 12pt;\"> <strong>31<\/strong> SSI z\u0142o\u017cy\u0142o wniosek o upad\u0142o\u015b\u0107 uk\u0142adow\u0105<\/span><br \/>\n<span style=\"font-size: 12pt;\"> <strong>32<\/strong> Z systemu ETIM korzysta w Polsce coraz wi\u0119cej firm<\/span><br \/>\n<span style=\"font-size: 12pt;\"> <strong>32<\/strong> Siemens zbuduje blok za 562 mln z\u0142<\/span><br \/>\n<span style=\"font-size: 12pt;\"> <strong>33<\/strong> Bilfinger Crist Offshore zainwestuje 326 mln z\u0142<\/span><br \/>\n<span style=\"font-size: 12pt;\"> <strong>33<\/strong> AMB Energia ko\u0144czy budow\u0119 elektrowni PV<\/span><br \/>\n<span style=\"font-size: 12pt;\"> <strong>34<\/strong> Grupa Rittal przejmuje Cideon<\/span><br \/>\n<span style=\"font-size: 12pt;\"> <strong>34<\/strong> PGNiG Termika zmodernizuje EC \u017bera\u0144 i EC Pruszk\u00f3w<\/span><br \/>\n<span style=\"font-size: 12pt;\"> <strong>36<\/strong> Modu\u0142y liniowe MLA w pomiarach wibroakustyki<\/span><\/p>\n<p><span style=\"font-size: 12pt;\"><span style=\"background-color: #33cccc;\"><strong>\u00a0<span style=\"color: #ffffff;\">AUTOMATYKA<\/span><br \/>\n<\/strong><\/span><strong>38<\/strong> System modu\u0142owy Modul firmy TEM<\/span><\/p>\n<p><span style=\"font-size: 12pt;\"><span style=\"color: #ffffff; background-color: #339966;\"><strong>\u00a0OSPRZ\u0118T INSTALACYJNY<br \/>\n<\/strong><\/span><strong>40<\/strong> Z\u0142\u0105czki serii ZUG firmy Pok\u00f3j<\/span><br \/>\n<span style=\"font-size: 12pt;\"> <strong>42<\/strong> Nowa seria osprz\u0119tu Schneider Electric dost\u0119pna na rynku<\/span><\/p>\n<p><span style=\"font-size: 12pt;\"><strong><span style=\"font-weight: bold; background-color: #f47a63;\"><span style=\"color: #ffffff;\">\u00a0OCHRONA PRZECIWPRZEPI\u0118CIOWA\u00a0<\/span><\/span><\/strong><\/span><br \/>\n<span style=\"font-size: 12pt;\"> <strong> 44<\/strong> Drut miedziany z rdzeniem stalowym z oferty FHU Partner<\/span><br \/>\n<span style=\"font-size: 12pt;\"> <strong> 46<\/strong> Ograniczniki przepi\u0119\u0107 firmy Iskra Zascite w ofercie Aniro<\/span><br \/>\n<span style=\"font-size: 12pt;\"> <strong> 49<\/strong> Ochrona przeciwprzepi\u0119ciowa dom\u00f3w jednorodzinnych \u2013 rozwi\u0105zania firmy Saltek<\/span><\/p>\n<p><span style=\"font-size: 12pt;\"><span style=\"color: #ffffff; background-color: #993300;\"><strong>\u00a0APARATY ZABEZPIECZAJ\u0104CE<br \/>\n<\/strong><\/span><strong>52<\/strong> Wy\u0142\u0105czniki r\u00f3\u017cnicowopr\u0105dowe typu U firmy Eaton<\/span><\/p>\n<p><span style=\"font-size: 12pt;\"><span style=\"color: #ffffff; background-color: #e7c68c;\"><strong>\u00a0INTELIGENTNY BUDYNEK<br \/>\n<\/strong><\/span><strong>54<\/strong> Rodzina produkt\u00f3w KNXecoBMS firmy Schneider Electric<\/span><br \/>\n<span style=\"font-size: 12pt;\"> <strong>56<\/strong> System automatyki domowej by-Me<\/span><\/p>\n<p><span style=\"font-size: 12pt;\"><strong><span style=\"color: #ffffff; background-color: #ffcc66;\">\u00a0TECHNIKA \u015aWIETLNA\u00a0<\/span><br \/>\n<\/strong><strong>58<\/strong> Czujnik Swiss Garde 4000 ignoruj\u0105cy ruch zwierz\u0105t<\/span><br \/>\n<span style=\"font-size: 12pt;\"> <strong>61<\/strong> Wymiana \u015bwietl\u00f3wek T8 na liniowe \u017ar\u00f3d\u0142a T8 LED<\/span><\/p>\n<p><span style=\"font-size: 12pt;\"><span style=\"color: #ffffff; background-color: #cc3333;\"><strong>\u00a0KABLE I PRZEWODY<br \/>\n<\/strong><\/span><strong>64<\/strong> Dob\u00f3r przewod\u00f3w do aplikacji przemys\u0142owych, produkty Lapp Kabel<\/span><\/p>\n<p><span style=\"font-size: 12pt;\"><span style=\"color: #ffffff; background-color: #f04e63;\"><strong>\u00a0OCHRONA PRZECIWWYBUCHOWA<br \/>\n<\/strong><\/span><strong>69<\/strong> Przy\u0142\u0105cza Phoenix Contact do pracy w \u015brodowiskach zagro\u017conych wybuchem<\/span><\/p>\n<p><span style=\"font-size: 12pt;\"><span style=\"color: #ffffff;\"><strong><span style=\"background-color: #ff6600;\">\u00a0MIERNICTWO<br \/>\n<\/span><\/strong><\/span><strong>72<\/strong> Pirometr graficzny Fluke VT04<\/span><\/p>\n<p><span style=\"font-size: 12pt;\"><span style=\"color: #ffffff; background-color: #ba853e;\"><strong>\u00a0MASZYNY ELEKTRYCZNE<br \/>\n<\/strong><\/span><strong>74<\/strong> Transformatory niskiego napi\u0119cia firmy ETI Polam<\/span><\/p>\n<p><span style=\"font-size: 12pt;\"><strong><span style=\"color: #ffffff; background-color: #cc0066;\">\u00a0NAP\u0118DY I STEROWNIA\u00a0<\/span>\u00a0<\/strong><\/span><br \/>\n<span style=\"font-size: 12pt;\"> <strong> 78<\/strong> Ocena jako\u015bci wyrob\u00f3w elektrotechnicznych w Polsce<\/span><\/p>\n<p><span style=\"font-size: 12pt;\"><strong><span style=\"color: #ffffff; background-color: #996699;\">\u00a0PRZETARGI I INWESTYCJE<br \/>\n<\/span><\/strong><strong>85\u00a0<\/strong>Planowane inwestycje<\/span><br \/>\n<span style=\"font-size: 12pt;\"> <strong>92\u00a0<\/strong>Przetargi w bran\u017cy elektrotechnicznej i energetycznej<\/span><\/p>\n<p><span style=\"font-size: 12pt;\"><span style=\"background-color: #ff0000; color: #ffffff;\"><strong>\u00a0WYDARZENIA\u00a0<\/strong><em><strong><br \/>\n<\/strong><\/em><\/span><strong>100\u00a0<\/strong>Relacje z targ\u00f3w, wydarze\u0144, spotka\u0144 bran\u017cowych<\/span><\/p>\n<p><span style=\"font-size: 12pt;\"><strong>Dodatek: &#8220;HURTOWNIE ELEKTROTECHNICZNE&#8221;<\/strong><\/span><\/p>\n<p><span style=\"font-size: 12pt;\"><a href=\"http:\/\/www.wp.elektrosystemy.pl\/wp-content\/uploads\/2015\/02\/09\/listopad-2013\/Dod_11_2013_okl.jpg\"><img loading=\"lazy\" class=\"alignleft wp-image-5979 size-medium\" src=\"http:\/\/www.wp.elektrosystemy.pl\/wp-content\/uploads\/2015\/02\/09\/listopad-2013\/Dod_11_2013_okl-200x300.jpg\" alt=\"\" width=\"200\" height=\"300\" srcset=\"https:\/\/elektrosystemy.pl\/wp-content\/uploads\/2015\/02\/09\/listopad-2013\/Dod_11_2013_okl-200x300.jpg 200w, https:\/\/elektrosystemy.pl\/wp-content\/uploads\/2015\/02\/09\/listopad-2013\/Dod_11_2013_okl.jpg 500w\" sizes=\"(max-width: 200px) 100vw, 200px\" \/><\/a><\/span><span style=\"font-size: 12pt;\"><strong>4<\/strong>\u00a0Hurtownie spodziewaj\u0105 si\u0119 dalszego spadku obrot\u00f3w<\/span><br \/>\n<span style=\"font-size: 12pt;\"><strong>22<\/strong>\u00a0Fotowoltaika w hurtowniach elektrotechnicznych<\/span><br \/>\n<span style=\"font-size: 12pt;\"> <strong>26<\/strong>\u00a0Udzia\u0142 osprz\u0119tu w obrotach hurtowni powinien rosn\u0105\u0107<\/span><\/p>\n<p>&nbsp;<\/p>\n","protected":false},"excerpt":{"rendered":"<p>\u00a0AKTUALNO\u015aCI 18\u00a0Indeks koniunktury ELEKTROSYSTEM\u00d3W Znacz\u0105cy wzrost wszystkich wska\u017anik\u00f3w 20 Gie\u0142dowy Indeks ELEKTROSYSTEM\u00d3W Gie\u0142dowe sp\u00f3\u0142ki da\u0142y sporo zarobi\u0107 22 Produkcja wybranych artyku\u0142\u00f3w elektrotechnicznych \u2013 VIII 2013 24 Powstaje nowa grupa zakupowa 25 Klauke otwiera przedstawicielstwo w Polsce 26 Dalkia zawiera sojusz ze Schneider Electric 27 Calesco b\u0119dzie oferowa\u0107 samowystarczalne budynki 28 Rynek generator\u00f3w czeka dalszy rozw\u00f3j&hellip;<\/p>\n","protected":false},"author":3,"featured_media":0,"parent":5810,"menu_order":11,"comment_status":"closed","ping_status":"closed","template":"","meta":[],"_links":{"self":[{"href":"https:\/\/elektrosystemy.pl\/index.php?rest_route=\/wp\/v2\/pages\/5870"}],"collection":[{"href":"https:\/\/elektrosystemy.pl\/index.php?rest_route=\/wp\/v2\/pages"}],"about":[{"href":"https:\/\/elektrosystemy.pl\/index.php?rest_route=\/wp\/v2\/types\/page"}],"author":[{"embeddable":true,"href":"https:\/\/elektrosystemy.pl\/index.php?rest_route=\/wp\/v2\/users\/3"}],"replies":[{"embeddable":true,"href":"https:\/\/elektrosystemy.pl\/index.php?rest_route=%2Fwp%2Fv2%2Fcomments&post=5870"}],"version-history":[{"count":6,"href":"https:\/\/elektrosystemy.pl\/index.php?rest_route=\/wp\/v2\/pages\/5870\/revisions"}],"predecessor-version":[{"id":5990,"href":"https:\/\/elektrosystemy.pl\/index.php?rest_route=\/wp\/v2\/pages\/5870\/revisions\/5990"}],"up":[{"embeddable":true,"href":"https:\/\/elektrosystemy.pl\/index.php?rest_route=\/wp\/v2\/pages\/5810"}],"wp:attachment":[{"href":"https:\/\/elektrosystemy.pl\/index.php?rest_route=%2Fwp%2Fv2%2Fmedia&parent=5870"}],"curies":[{"name":"wp","href":"https:\/\/api.w.org\/{rel}","templated":true}]}}