{"id":5872,"date":"2013-12-01T16:49:04","date_gmt":"2013-12-01T15:49:04","guid":{"rendered":"http:\/\/www.wp.elektrosystemy.pl\/?page_id=5872"},"modified":"2015-08-14T22:31:18","modified_gmt":"2015-08-14T21:31:18","slug":"grudzien-2013-2","status":"publish","type":"page","link":"https:\/\/elektrosystemy.pl\/?page_id=5872","title":{"rendered":"Grudzie\u0144 2013"},"content":{"rendered":"<p><a href=\"http:\/\/www.wp.elektrosystemy.pl\/wp-content\/uploads\/2015\/02\/09\/grudzien-2013\/ES_2013_12_spis.jpg\"><img loading=\"lazy\" class=\"alignnone wp-image-5983 size-full\" src=\"http:\/\/www.wp.elektrosystemy.pl\/wp-content\/uploads\/2015\/02\/09\/grudzien-2013\/ES_2013_12_spis.jpg\" alt=\"\" width=\"2475\" height=\"1799\" srcset=\"https:\/\/elektrosystemy.pl\/wp-content\/uploads\/2015\/02\/09\/grudzien-2013\/ES_2013_12_spis.jpg 2475w, https:\/\/elektrosystemy.pl\/wp-content\/uploads\/2015\/02\/09\/grudzien-2013\/ES_2013_12_spis-600x436.jpg 600w, https:\/\/elektrosystemy.pl\/wp-content\/uploads\/2015\/02\/09\/grudzien-2013\/ES_2013_12_spis-300x218.jpg 300w, https:\/\/elektrosystemy.pl\/wp-content\/uploads\/2015\/02\/09\/grudzien-2013\/ES_2013_12_spis-1024x744.jpg 1024w\" sizes=\"(max-width: 2475px) 100vw, 2475px\" \/><\/a><\/p>\n<p><a href=\"http:\/\/www.wp.elektrosystemy.pl\/wp-content\/uploads\/2015\/02\/09\/grudzien-2013\/OkladkaES_12_2013.jpg\"><img loading=\"lazy\" class=\"alignleft wp-image-5984 size-medium\" src=\"http:\/\/www.wp.elektrosystemy.pl\/wp-content\/uploads\/2015\/02\/09\/grudzien-2013\/OkladkaES_12_2013-209x300.jpg\" alt=\"\" width=\"209\" height=\"300\" srcset=\"https:\/\/elektrosystemy.pl\/wp-content\/uploads\/2015\/02\/09\/grudzien-2013\/OkladkaES_12_2013-209x300.jpg 209w, https:\/\/elektrosystemy.pl\/wp-content\/uploads\/2015\/02\/09\/grudzien-2013\/OkladkaES_12_2013.jpg 500w\" sizes=\"(max-width: 209px) 100vw, 209px\" \/><\/a><\/p>\n<p class=\"line220\"><span style=\"font-size: 12pt;\"><span style=\"color: #ffffff; background-color: #ff0000;\"><em><strong>\u00a0<\/strong><\/em><\/span><span style=\"color: #ffffff; background-color: #ff0000;\"><strong>AKTUALNO\u015aCI\u00a0<\/strong><br \/>\n<\/span><strong>1<\/strong><strong>8<\/strong> Indeks koniunktury ELEKTROSYSTEM\u00d3W<\/span><br \/>\n<span style=\"font-size: 12pt;\">Koniunktura ro\u015bnie w coraz szybszym tempie<\/span><br \/>\n<span style=\"font-size: 12pt;\"><strong> 20<\/strong> Gie\u0142dowy Indeks ELEKTROSYSTEM\u00d3W<\/span><br \/>\n<span style=\"font-size: 12pt;\"> Bran\u017ca na gie\u0142dzie radzi sobie coraz lepiej<\/span><br \/>\n<span style=\"font-size: 12pt;\"><strong> 22<\/strong> Produkcja wybranych artyku\u0142\u00f3w elektrotechnicznych \u2013 IX 2013<\/span><br \/>\n<span style=\"font-size: 12pt;\"><strong> 24<\/strong> Kaczmarek Electric inwestuje w logistyk\u0119<\/span><br \/>\n<span style=\"font-size: 12pt;\"><strong> 26<\/strong> Pinggao zbuduje dla PSE sie\u0107 za 350 mln z\u0142<\/span><br \/>\n<span style=\"font-size: 12pt;\"><strong> 27<\/strong> Energa planuje debiut na GPW jeszcze w tym roku<\/span><br \/>\n<span style=\"font-size: 12pt;\"><strong> 28<\/strong> Elektrotim liczy na powt\u00f3rk\u0119 ubieg\u0142orocznych wynik\u00f3w<\/span><br \/>\n<span style=\"font-size: 12pt;\"><strong> 29<\/strong> ES-System porz\u0105dkuje grup\u0119 kapita\u0142ow\u0105<\/span><br \/>\n<span style=\"font-size: 12pt;\"><strong> 30<\/strong> Rafako rezygnuje ze wsp\u00f3\u0142pracy z Chi\u0144czykami<\/span><br \/>\n<span style=\"font-size: 12pt;\"><strong>30<\/strong> Grupa Radpol mia\u0142a dobry trzeci kwarta\u0142<\/span><br \/>\n<span style=\"font-size: 12pt;\"><strong> 31<\/strong> WI EEC zainwestuje w zielone technologie<\/span><br \/>\n<span style=\"font-size: 12pt;\"><strong> 31<\/strong> ABB zasili laboratorium aerodynamiki Polonia Aero<\/span><br \/>\n<span style=\"font-size: 12pt;\"><strong> 32<\/strong> Energa-Operator rozwija system smart metering<\/span><br \/>\n<span style=\"font-size: 12pt;\"><strong> 32<\/strong> Schneider Electric rozpocz\u0105\u0142 wsp\u00f3\u0142prac\u0119 z Igdas<\/span><br \/>\n<span style=\"font-size: 12pt;\"><strong> 33<\/strong> Eltel zamontowa\u0142 600 tys. inteligentnych licznik\u00f3w<\/span><br \/>\n<span style=\"font-size: 12pt;\"><strong> 33<\/strong> Rozdzielnice Eaton zostan\u0105 zainstalowane w tunelu<\/span><br \/>\n<span style=\"font-size: 12pt;\"><strong> 34<\/strong> Energizer zadba o portfele kierowc\u00f3w<\/span><br \/>\n<span style=\"font-size: 12pt;\"><strong> 34<\/strong> Rittal otwiera now\u0105 central\u0119 w USA<\/span><\/p>\n<p><span style=\"font-size: 12pt;\"><strong><span style=\"color: #ffffff; background-color: #e62b0e;\">ELEKTROPRODUKT 2013<br \/>\n<\/span><\/strong><strong>36<\/strong> <strong>ELEKTROPRODUKT 2013 roku:<\/strong> lista zg\u0142oszonych produkt\u00f3w<\/span><\/p>\n<p><span style=\"font-size: 12pt;\"><span style=\"background-color: #33cccc;\"><strong>\u00a0<span style=\"color: #ffffff;\">AUTOMATYKA<\/span><br \/>\n<\/strong><\/span><strong>56<\/strong> Nowe przeka\u017aniki firmy Relpol<\/span><\/p>\n<p><span style=\"font-size: 12pt;\"><span style=\"color: #ffffff; background-color: #339966;\"><strong>\u00a0OSPRZ\u0118T INSTALACYJNY<br \/>\n<\/strong><\/span><strong>60<\/strong> Seria osprz\u0119tu lumina 2 firmy Hager<\/span><br \/>\n<span style=\"font-size: 12pt;\"> <strong>62<\/strong> Puszki podtynkowe Smartbox firmy SB-Electric<\/span><\/p>\n<p><span style=\"font-size: 12pt;\"><span style=\"color: #ffffff; background-color: #993300;\"><strong>\u00a0APARATY ZABEZPIECZAJ\u0104CE<br \/>\n<\/strong><\/span><strong>66<\/strong> Miniaturowe wy\u0142\u0105czniki i roz\u0142\u0105czniki mocy firmy ETI Polam<\/span><\/p>\n<p><span style=\"font-size: 12pt;\"><strong><span style=\"font-weight: bold; background-color: #caa082;\"><span style=\"color: #ffffff;\">\u00a0APARATURA MODU\u0141OWA<br \/>\n<\/span><\/span>70<\/strong> Aparaty modu\u0142owe firmy Kanlux<\/span><\/p>\n<p><span style=\"font-size: 12pt;\"><span style=\"color: #ffffff; background-color: #e7c68c;\"><strong>\u00a0INTELIGENTNY BUDYNEK<br \/>\n<\/strong><\/span><strong>74<\/strong> Dupline firmy Doepke \u2013 prosty i ekonomiczny system BMS<\/span><\/p>\n<p><span style=\"font-size: 12pt;\"><strong><span style=\"color: #ffffff; background-color: #ffcc66;\">\u00a0TECHNIKA \u015aWIETLNA\u00a0<\/span><br \/>\n76<\/strong> Kryteria oceny system\u00f3w sterowania o\u015bwietleniem ulicznym<\/span><br \/>\n<span style=\"font-size: 12pt;\"><strong> 80<\/strong> Smart \u2013 system sterowania o\u015bwietleniem z oferty<\/span><br \/>\n<span style=\"font-size: 12pt;\"><strong> 80<\/strong> Twelve Technika \u015awietlna<\/span><br \/>\n<span style=\"font-size: 12pt;\"><strong> 83<\/strong> Produkcja inteligentnego o\u015bwietlenia LED Ledix<\/span><\/p>\n<p><span style=\"font-size: 12pt;\"><span style=\"color: #ffffff; background-color: #007dc5;\"><strong>\u00a0ZASILANIE<br \/>\n<\/strong><\/span><strong>86<\/strong> Modu\u0142owe zasilacze UPS firmy Legrand<\/span><br \/>\n<span style=\"font-size: 12pt;\"><strong> 90<\/strong> Nowe serie akumulator\u00f3w i ogniw Europower<\/span><br \/>\n<span style=\"font-size: 12pt;\"><strong> 93<\/strong> Ekologiczne systemy zasilania UPS firmy Eaton<\/span><br \/>\n<span style=\"font-size: 12pt;\"><strong> 96<\/strong> Stabilizatory napi\u0119cia \u2013 oferta firmy Astat<\/span><br \/>\n<span style=\"font-size: 12pt;\"><strong> 98<\/strong> Zasilacz awaryjny Master HP z oferty firmy CES<\/span><br \/>\n<span style=\"font-size: 12pt;\"><strong> 101<\/strong> UPS Trinergy firmy Emerson Network Power<\/span><br \/>\n<span style=\"font-size: 12pt;\"><strong> 104<\/strong> Enertronic modular \u2013 modu\u0142owy, tr\u00f3jfazowy system zasilaczy UPS<\/span><\/p>\n<p><strong><span style=\"color: #ffffff; font-size: 12pt; background-color: #ba853e;\"> KOMPONENTY ELEKTROTECHNICZNE <\/span><\/strong><br \/>\n<span style=\"font-size: 12pt;\"><strong> 107<\/strong> Marka Onnline firmy Onninen<\/span><\/p>\n<p><span style=\"font-size: 12pt; color: #ffffff; background-color: #cc3333;\"><strong>\u00a0KABLE I PRZEWODY<br \/>\n<\/strong><\/span><strong>110<\/strong> Z\u0142\u0105cza marki Epic firmy Lapp Kabel<\/p>\n<p><strong><span style=\"font-size: 12pt; font-weight: bold; background-color: #004a80;\"><span style=\"color: #ffffff;\">NARZ\u0118DZIA\u00a0<\/span><\/span><\/strong><br \/>\n<span style=\"font-size: 12pt;\"><strong> 114<\/strong> Stanowisko SH 800PLC do obr\u00f3bki szyn pr\u0105dowych<\/span><\/p>\n<p><span style=\"font-size: 12pt;\"><span style=\"color: #ffffff; background-color: #996699;\"><strong>\u00a0PRZETARGI I INWESTYCJE\u00a0<\/strong><\/span><span style=\"color: #ffffff; text-decoration: underline; background-color: #996699;\"><strong><br \/>\n<\/strong><\/span><strong>119\u00a0<\/strong>Planowane inwestycje<\/span><br \/>\n<span style=\"font-size: 12pt;\"><strong>124\u00a0<\/strong>Przetargi w bran\u017cy elektrotechnicznej i energetycznej<\/span><\/p>\n<p><span style=\"font-size: 12pt;\"><strong><span style=\"background-color: #ff0000; color: #ffffff;\">\u00a0WYDARZENIA<br \/>\n<\/span><\/strong><strong>132\u00a0<\/strong>Relacje z targ\u00f3w, wydarze\u0144, spotka\u0144 bran\u017cowych<\/span><\/p>\n<p><span style=\"font-size: 12pt;\"><strong>Dodatek tematyczny \u2013 ZASILANIE<\/strong><\/span><\/p>\n<p><span style=\"font-size: 12pt;\"><a href=\"http:\/\/www.wp.elektrosystemy.pl\/wp-content\/uploads\/2014\/12\/03\/copy-of-najnowsze-wydanie-nr-12-179-grudzien-2014\/Dod_12_2014_okl.jpg\"><br \/>\n<\/a><a href=\"http:\/\/www.wp.elektrosystemy.pl\/wp-content\/uploads\/2015\/02\/09\/grudzien-2013\/Dod_12_2013_okl.jpg\"><img loading=\"lazy\" class=\"alignleft wp-image-5985 size-medium\" src=\"http:\/\/www.wp.elektrosystemy.pl\/wp-content\/uploads\/2015\/02\/09\/grudzien-2013\/Dod_12_2013_okl-200x300.jpg\" alt=\"\" width=\"200\" height=\"300\" srcset=\"https:\/\/elektrosystemy.pl\/wp-content\/uploads\/2015\/02\/09\/grudzien-2013\/Dod_12_2013_okl-200x300.jpg 200w, https:\/\/elektrosystemy.pl\/wp-content\/uploads\/2015\/02\/09\/grudzien-2013\/Dod_12_2013_okl.jpg 500w\" sizes=\"(max-width: 200px) 100vw, 200px\" \/><\/a><\/span><br \/>\n<span style=\"font-size: 12pt;\"> <strong>4<\/strong> Rynek zasilania ma dobre perspektywy rozwoju<\/span><br \/>\n<span style=\"font-size: 12pt;\"><strong>22<\/strong>\u00a0Zespo\u0142y pr\u0105dotw\u00f3rcze<\/span><br \/>\n<span style=\"font-size: 12pt;\"> <strong>26<\/strong>\u00a0Zespo\u0142y pr\u0105dotw\u00f3rcze &#8211; przegl\u0105d oferty rynkowej<\/span><br \/>\n<span style=\"font-size: 12pt;\"> <strong>32<\/strong>\u00a0Zasilanie rezerwowe z zasilaczy UPS<br \/>\n<strong>36\u00a0<\/strong>Zasilacze UPS \u2013 przegl\u0105d oferty rynkowej<br \/>\n<\/span><\/p>\n","protected":false},"excerpt":{"rendered":"<p>\u00a0AKTUALNO\u015aCI\u00a0 18 Indeks koniunktury ELEKTROSYSTEM\u00d3W Koniunktura ro\u015bnie w coraz szybszym tempie 20 Gie\u0142dowy Indeks ELEKTROSYSTEM\u00d3W Bran\u017ca na gie\u0142dzie radzi sobie coraz lepiej 22 Produkcja wybranych artyku\u0142\u00f3w elektrotechnicznych \u2013 IX 2013 24 Kaczmarek Electric inwestuje w logistyk\u0119 26 Pinggao zbuduje dla PSE sie\u0107 za 350 mln z\u0142 27 Energa planuje debiut na GPW jeszcze w tym&hellip;<\/p>\n","protected":false},"author":3,"featured_media":0,"parent":5810,"menu_order":12,"comment_status":"closed","ping_status":"closed","template":"","meta":[],"_links":{"self":[{"href":"https:\/\/elektrosystemy.pl\/index.php?rest_route=\/wp\/v2\/pages\/5872"}],"collection":[{"href":"https:\/\/elektrosystemy.pl\/index.php?rest_route=\/wp\/v2\/pages"}],"about":[{"href":"https:\/\/elektrosystemy.pl\/index.php?rest_route=\/wp\/v2\/types\/page"}],"author":[{"embeddable":true,"href":"https:\/\/elektrosystemy.pl\/index.php?rest_route=\/wp\/v2\/users\/3"}],"replies":[{"embeddable":true,"href":"https:\/\/elektrosystemy.pl\/index.php?rest_route=%2Fwp%2Fv2%2Fcomments&post=5872"}],"version-history":[{"count":3,"href":"https:\/\/elektrosystemy.pl\/index.php?rest_route=\/wp\/v2\/pages\/5872\/revisions"}],"predecessor-version":[{"id":5988,"href":"https:\/\/elektrosystemy.pl\/index.php?rest_route=\/wp\/v2\/pages\/5872\/revisions\/5988"}],"up":[{"embeddable":true,"href":"https:\/\/elektrosystemy.pl\/index.php?rest_route=\/wp\/v2\/pages\/5810"}],"wp:attachment":[{"href":"https:\/\/elektrosystemy.pl\/index.php?rest_route=%2Fwp%2Fv2%2Fmedia&parent=5872"}],"curies":[{"name":"wp","href":"https:\/\/api.w.org\/{rel}","templated":true}]}}