{"id":6090,"date":"2015-02-15T22:27:34","date_gmt":"2015-02-15T21:27:34","guid":{"rendered":"http:\/\/www.wp.elektrosystemy.pl\/?page_id=6090"},"modified":"2015-05-15T12:31:38","modified_gmt":"2015-05-15T11:31:38","slug":"o-nas","status":"publish","type":"page","link":"https:\/\/elektrosystemy.pl\/?page_id=6090","title":{"rendered":"O nas"},"content":{"rendered":"<p><span style=\"font-size: 12pt;\"><span style=\"font-size: 14pt;\">E<\/span>lektrosystemy to platforma komunikacji w ca\u0142o\u015bci po\u015bwi\u0119cona bran\u017cy elektrotechniki.<br \/>\n<\/span><span style=\"font-size: 12pt;\">Dwa podstawowe filary, na kt\u00f3rych si\u0119 opieramy to:<\/span><\/p>\n<p><span style=\"font-size: 12pt;\"><span style=\"color: #bf0000;\"><strong>Magazyn Elektrosystemy<\/strong><\/span> \u2013 miesi\u0119cznik obecny na rynku wydawniczym od 1999 roku<\/span><br \/>\n<span style=\"font-size: 12pt;\"><span style=\"color: #bf0000;\"><strong> Elektrosystemy.pl<\/strong><\/span> \u2013 interaktywny portal internetowy<\/span><\/p>\n<p><span style=\"font-size: 12pt;\"><span style=\"font-size: 14pt;\">N<\/span>aszym celem jest budowanie miejsca wymiany informacji<br \/>\npomi\u0119dzy wszystkimi uczestnikami rynku bran\u017cy elektrotechniki.<br \/>\nPopularyzujemy wiedz\u0119 techniczn\u0105, przekazujemy wiadomo\u015bci<br \/>\no najnowszych rozwi\u0105zaniach technologicznych.<br \/>\nNa bie\u017c\u0105co \u015bledzimy sytuacj\u0119 ekonomiczn\u0105 w bran\u017cy<br \/>\noraz dostarczamy informacje o najnowszych wydarzeniach,<br \/>\nprzedsi\u0119wzi\u0119ciach i zmianach w firmach oraz poszczeg\u00f3lnych segmentach sektora.<\/span><\/p>\n<p><span style=\"font-size: 12pt;\"><span style=\"font-size: 14pt;\">A<\/span>nalizujemy trendy, zbieramy i udost\u0119pniamy informacje rynkowe<br \/>\ndotycz\u0105ce zjawisk zachodz\u0105cych w bran\u017cy.<br \/>\nTworzymy kontekst poprzez monitorowanie i publikacj\u0119 wiadomo\u015bci zagranicznych.<\/span><\/p>\n<p><span style=\"font-size: 12pt;\"><span style=\"font-size: 14pt;\">I<\/span>ntegrujemy i docieramy do szerokiego grona odbiorc\u00f3w:<br \/>\nkadry in\u017cynierskiej, menad\u017cer\u00f3w, dystrybutor\u00f3w, elektroinstalator\u00f3w<br \/>\noraz ko\u0144cowych odbiorc\u00f3w produkt\u00f3w \u2013 inwestor\u00f3w instytucjonalnych, przemys\u0142owych i indywidualnych.<\/span><\/p>\n<p><span style=\"font-size: 12pt;\"><span style=\"font-size: 14pt;\">C<\/span>o miesi\u0105c do g\u0142\u00f3wnego wydania magazynu Elektrosystemy<br \/>\ndo\u0142\u0105czane s\u0105 specjalne dodatki tematyczne,<br \/>\npo\u015bwi\u0119cone poszczeg\u00f3lnym segmentom elektrotechniki:<\/span><\/p>\n<ul data-style=\"style4\">\n<li>automatyka<\/li>\n<li>firmy elektroinstalacyjne<\/li>\n<li>hurtownie elektrotechniczne<\/li>\n<li>inteligentny budynek<\/li>\n<li>kable i przewody<\/li>\n<li>miernictwo<\/li>\n<li>nap\u0119dy i sterowanie<\/li>\n<li>ochrona przeciwprzepi\u0119ciowa i odgromowa<\/li>\n<li>osprz\u0119t elektroinstalacyjny<\/li>\n<li>technika \u015bwietlna<\/li>\n<li>zasilanie<\/li>\n\n<\/ul>\n<p>&nbsp;<\/p>\n","protected":false},"excerpt":{"rendered":"<p>Elektrosystemy to platforma komunikacji w ca\u0142o\u015bci po\u015bwi\u0119cona bran\u017cy elektrotechniki. Dwa podstawowe filary, na kt\u00f3rych si\u0119 opieramy to: Magazyn Elektrosystemy \u2013 miesi\u0119cznik obecny na rynku wydawniczym od 1999 roku Elektrosystemy.pl \u2013 interaktywny portal internetowy Naszym celem jest budowanie miejsca wymiany informacji pomi\u0119dzy wszystkimi uczestnikami rynku bran\u017cy elektrotechniki. Popularyzujemy wiedz\u0119 techniczn\u0105, przekazujemy wiadomo\u015bci o najnowszych rozwi\u0105zaniach technologicznych.&hellip;<\/p>\n","protected":false},"author":3,"featured_media":0,"parent":0,"menu_order":0,"comment_status":"closed","ping_status":"open","template":"","meta":[],"_links":{"self":[{"href":"https:\/\/elektrosystemy.pl\/index.php?rest_route=\/wp\/v2\/pages\/6090"}],"collection":[{"href":"https:\/\/elektrosystemy.pl\/index.php?rest_route=\/wp\/v2\/pages"}],"about":[{"href":"https:\/\/elektrosystemy.pl\/index.php?rest_route=\/wp\/v2\/types\/page"}],"author":[{"embeddable":true,"href":"https:\/\/elektrosystemy.pl\/index.php?rest_route=\/wp\/v2\/users\/3"}],"replies":[{"embeddable":true,"href":"https:\/\/elektrosystemy.pl\/index.php?rest_route=%2Fwp%2Fv2%2Fcomments&post=6090"}],"version-history":[{"count":82,"href":"https:\/\/elektrosystemy.pl\/index.php?rest_route=\/wp\/v2\/pages\/6090\/revisions"}],"predecessor-version":[{"id":8682,"href":"https:\/\/elektrosystemy.pl\/index.php?rest_route=\/wp\/v2\/pages\/6090\/revisions\/8682"}],"wp:attachment":[{"href":"https:\/\/elektrosystemy.pl\/index.php?rest_route=%2Fwp%2Fv2%2Fmedia&parent=6090"}],"curies":[{"name":"wp","href":"https:\/\/api.w.org\/{rel}","templated":true}]}}